{"id":355798,"date":"2024-12-10T08:49:13","date_gmt":"2024-12-10T08:49:13","guid":{"rendered":"https:\/\/www.purejewels.com\/?post_type=product&#038;p=355798"},"modified":"2026-01-07T06:32:04","modified_gmt":"2026-01-07T06:32:04","slug":"22-karat-goldring-grose-o-46768","status":"publish","type":"product","link":"https:\/\/www.purejewels.com\/de\/product\/22-carat-gold-ring-size-o-46768\/","title":{"rendered":"22 Karat Gold Ring | Gr\u00f6\u00dfe O"},"content":{"rendered":"<p>Dieser exquisite Ring aus 22 Karat Gold ist ein echtes Highlight f\u00fcr die Schmucksammlung einer jeden Frau. Der mit Pr\u00e4zision und Sorgfalt gefertigte Ring aus massivem Gold strahlt Luxus und Eleganz aus. Das zeitlose Design dieses Rings macht ihn perfekt f\u00fcr das t\u00e4gliche Tragen oder besondere Anl\u00e4sse.<\/p>\n<p>Das 22-kar\u00e4tige Gold garantiert ein hohes Ma\u00df an Reinheit und Qualit\u00e4t und macht diesen Ring zu einer wertvollen Investition, die ein Leben lang h\u00e4lt. Die Gr\u00f6\u00dfe O dieses Rings ist f\u00fcr die meisten Frauenfinger geeignet und bietet einen bequemen und perfekten Sitz.<\/p>\n<p>Ob Sie sich selbst verw\u00f6hnen oder ein besonderes Geschenk f\u00fcr einen geliebten Menschen suchen, dieser Ring aus 22 Karat Gold wird Sie sicher beeindrucken. Mit kostenloser verfolgter Lieferung, sichere Online-Zahlungen.<\/p>\n<p>Verpassen Sie nicht die Gelegenheit, dieses atemberaubende Schmuckst\u00fcck zu besitzen. Bestellen Sie jetzt und verleihen Sie Ihrer Sammlung mit diesem Ring aus 22 Karat Gold einen Hauch von Luxus.<\/p>","protected":false},"excerpt":{"rendered":"<div class=\"woocommerce-product-details__short-description\">\n<table class=\"sh_desc\">\n<tbody>\n<tr>\n<td>Typ des Rings<\/td>\n<td>Damenring<\/td>\n<\/tr>\n<tr>\n<td>SKU<\/td>\n<td>46768<\/td>\n<\/tr>\n<tr>\n<td>Gewicht<\/td>\n<td>3.1 Gms<\/td>\n<\/tr>\n<tr>\n<td>H\u00f6he<\/td>\n<td>4mm<\/td>\n<\/tr>\n<tr>\n<td>Metall<\/td>\n<td>22ct Gold<\/td>\n<\/tr>\n<tr>\n<td>Entgelte<\/td>\n<td>Lieferung und Mehrwertsteuer inbegriffen<\/td>\n<\/tr>\n<tr>\n<td>Verpackung<\/td>\n<td>Mit Pr\u00e4sentationsbox<\/td>\n<\/tr>\n<tr>\n<td>Mehr Informationen<\/td>\n<td>Live-Chat mit uns f\u00fcr Verf\u00fcgbarkeit und mehr Bilder<\/td>\n<\/tr>\n<\/tbody>\n<\/table>\n<\/div>\n<div class=\"btn-atc atc-slide\"><\/div>\n<div class=\"product_meta\"><\/div>","protected":false},"featured_media":355802,"comment_status":"closed","ping_status":"closed","template":"","meta":{"_eb_attr":"","_crsspst_to_jayantr4sg-hostcom":true},"product_brand":[],"product_cat":[1559,1785,1792,1229,1235,1783,1786,1569],"product_tag":[64],"class_list":{"0":"post-355798","1":"product","2":"type-product","3":"status-publish","4":"has-post-thumbnail","6":"product_cat-birthday-gifts","7":"product_cat-daily-wear-rings","8":"product_cat-festival-gifts","9":"product_cat-22ct-gold-jewellery","10":"product_cat-gold-rings","11":"product_cat-ladies-rings","12":"product_cat-occasional-wear-rings","13":"product_cat-valentine-day-gifts","14":"product_tag-rings","16":"first","17":"outofstock","18":"taxable","19":"shipping-taxable","20":"product-type-simple","21":"add-to-wishlist-before_image"},"yoast_head":"<!-- This site is optimized with the Yoast SEO plugin v27.6 - https:\/\/yoast.com\/product\/yoast-seo-wordpress\/ -->\n<title>22ct Solid Gold ladies ring | PureJewels UK<\/title>\n<meta name=\"description\" content=\"Shop our 22 carat Gold fancy Ring collection at Purejewels UK, available for purchase online. Free and fast delivery across the UK. purejewels.com\" \/>\n<meta name=\"robots\" content=\"index, follow, max-snippet:-1, max-image-preview:large, max-video-preview:-1\" \/>\n<link rel=\"canonical\" href=\"https:\/\/www.purejewels.com\/de\/produkt-2\/22-karat-goldring-grose-o-46768\/\" \/>\n<meta property=\"og:locale\" content=\"de_DE\" \/>\n<meta property=\"og:type\" content=\"article\" \/>\n<meta property=\"og:title\" content=\"22ct Solid Gold ladies ring | PureJewels UK\" \/>\n<meta property=\"og:description\" content=\"Shop our 22 carat Gold fancy Ring collection at Purejewels UK, available for purchase online. Free and fast delivery across the UK. purejewels.com\" \/>\n<meta property=\"og:url\" content=\"https:\/\/www.purejewels.com\/de\/produkt-2\/22-karat-goldring-grose-o-46768\/\" \/>\n<meta property=\"og:site_name\" content=\"PureJewels UK\" \/>\n<meta property=\"article:modified_time\" content=\"2026-01-07T06:32:04+00:00\" \/>\n<meta property=\"og:image\" content=\"https:\/\/www.purejewels.com\/wp-content\/uploads\/2024\/01\/46768_1.jpg\" \/>\n\t<meta property=\"og:image:width\" content=\"1000\" \/>\n\t<meta property=\"og:image:height\" content=\"1000\" \/>\n\t<meta property=\"og:image:type\" content=\"image\/jpeg\" \/>\n<meta name=\"twitter:card\" content=\"summary_large_image\" \/>\n<meta name=\"twitter:label1\" content=\"Gesch\u00e4tzte Lesezeit\" \/>\n\t<meta name=\"twitter:data1\" content=\"1\u00a0Minute\" \/>\n<script type=\"application\/ld+json\" class=\"yoast-schema-graph\">{\"@context\":\"https:\\\/\\\/schema.org\",\"@graph\":[{\"@type\":[\"WebPage\",\"ItemPage\"],\"@id\":\"https:\\\/\\\/www.purejewels.com\\\/product\\\/22-carat-gold-ring-size-o-46768\\\/\",\"url\":\"https:\\\/\\\/www.purejewels.com\\\/product\\\/22-carat-gold-ring-size-o-46768\\\/\",\"name\":\"22ct Solid Gold ladies ring | PureJewels UK\",\"isPartOf\":{\"@id\":\"https:\\\/\\\/www.purejewels.com\\\/#website\"},\"primaryImageOfPage\":{\"@id\":\"https:\\\/\\\/www.purejewels.com\\\/product\\\/22-carat-gold-ring-size-o-46768\\\/#primaryimage\"},\"image\":{\"@id\":\"https:\\\/\\\/www.purejewels.com\\\/product\\\/22-carat-gold-ring-size-o-46768\\\/#primaryimage\"},\"thumbnailUrl\":\"https:\\\/\\\/static.purejewels.com\\\/wp-content\\\/uploads\\\/2024\\\/01\\\/46768_1.jpg\",\"datePublished\":\"2024-12-10T08:49:13+00:00\",\"dateModified\":\"2026-01-07T06:32:04+00:00\",\"description\":\"Shop our 22 carat Gold fancy Ring collection at Purejewels UK, available for purchase online. Free and fast delivery across the UK. purejewels.com\",\"breadcrumb\":{\"@id\":\"https:\\\/\\\/www.purejewels.com\\\/product\\\/22-carat-gold-ring-size-o-46768\\\/#breadcrumb\"},\"inLanguage\":\"de\",\"potentialAction\":[{\"@type\":\"ReadAction\",\"target\":[\"https:\\\/\\\/www.purejewels.com\\\/product\\\/22-carat-gold-ring-size-o-46768\\\/\"]}]},{\"@type\":\"ImageObject\",\"inLanguage\":\"de\",\"@id\":\"https:\\\/\\\/www.purejewels.com\\\/product\\\/22-carat-gold-ring-size-o-46768\\\/#primaryimage\",\"url\":\"https:\\\/\\\/static.purejewels.com\\\/wp-content\\\/uploads\\\/2024\\\/01\\\/46768_1.jpg\",\"contentUrl\":\"https:\\\/\\\/static.purejewels.com\\\/wp-content\\\/uploads\\\/2024\\\/01\\\/46768_1.jpg\",\"width\":1000,\"height\":1000,\"caption\":\"22ct Gold Ring\"},{\"@type\":\"BreadcrumbList\",\"@id\":\"https:\\\/\\\/www.purejewels.com\\\/product\\\/22-carat-gold-ring-size-o-46768\\\/#breadcrumb\",\"itemListElement\":[{\"@type\":\"ListItem\",\"position\":1,\"name\":\"Home\",\"item\":\"https:\\\/\\\/www.purejewels.com\\\/\"},{\"@type\":\"ListItem\",\"position\":2,\"name\":\"Shop\",\"item\":\"https:\\\/\\\/www.purejewels.com\\\/shop\\\/\"},{\"@type\":\"ListItem\",\"position\":3,\"name\":\"22 carat Gold Ring | Size O\"}]},{\"@type\":\"WebSite\",\"@id\":\"https:\\\/\\\/www.purejewels.com\\\/#website\",\"url\":\"https:\\\/\\\/www.purejewels.com\\\/\",\"name\":\"PureJewels UK\",\"description\":\"Share the Love\",\"publisher\":{\"@id\":\"https:\\\/\\\/www.purejewels.com\\\/#organization\"},\"potentialAction\":[{\"@type\":\"SearchAction\",\"target\":{\"@type\":\"EntryPoint\",\"urlTemplate\":\"https:\\\/\\\/www.purejewels.com\\\/?s={search_term_string}\"},\"query-input\":{\"@type\":\"PropertyValueSpecification\",\"valueRequired\":true,\"valueName\":\"search_term_string\"}}],\"inLanguage\":\"de\"},{\"@type\":\"Organization\",\"@id\":\"https:\\\/\\\/www.purejewels.com\\\/#organization\",\"name\":\"PureJewels UK\",\"url\":\"https:\\\/\\\/www.purejewels.com\\\/\",\"logo\":{\"@type\":\"ImageObject\",\"inLanguage\":\"de\",\"@id\":\"https:\\\/\\\/www.purejewels.com\\\/#\\\/schema\\\/logo\\\/image\\\/\",\"url\":\"https:\\\/\\\/static.purejewels.com\\\/wp-content\\\/uploads\\\/2020\\\/11\\\/Logo-PJ-New-1.png\",\"contentUrl\":\"https:\\\/\\\/static.purejewels.com\\\/wp-content\\\/uploads\\\/2020\\\/11\\\/Logo-PJ-New-1.png\",\"width\":150,\"height\":80,\"caption\":\"PureJewels UK\"},\"image\":{\"@id\":\"https:\\\/\\\/www.purejewels.com\\\/#\\\/schema\\\/logo\\\/image\\\/\"}}]}<\/script>\n<!-- \/ Yoast SEO plugin. -->","yoast_head_json":{"title":"22ct Solid Gold Damenring | PureJewels UK","description":"Shoppen Sie unsere 22 Karat Gold ausgefallene Ring-Kollektion bei Purejewels UK, die Sie online kaufen k\u00f6nnen. Kostenlose und schnelle Lieferung in ganz Gro\u00dfbritannien. purejewels.com","robots":{"index":"index","follow":"follow","max-snippet":"max-snippet:-1","max-image-preview":"max-image-preview:large","max-video-preview":"max-video-preview:-1"},"canonical":"https:\/\/www.purejewels.com\/de\/produkt-2\/22-karat-goldring-grose-o-46768\/","og_locale":"de_DE","og_type":"article","og_title":"22ct Solid Gold ladies ring | PureJewels UK","og_description":"Shop our 22 carat Gold fancy Ring collection at Purejewels UK, available for purchase online. Free and fast delivery across the UK. purejewels.com","og_url":"https:\/\/www.purejewels.com\/de\/produkt-2\/22-karat-goldring-grose-o-46768\/","og_site_name":"PureJewels UK","article_modified_time":"2026-01-07T06:32:04+00:00","og_image":[{"width":1000,"height":1000,"url":"https:\/\/www.purejewels.com\/wp-content\/uploads\/2024\/01\/46768_1.jpg","type":"image\/jpeg"}],"twitter_card":"summary_large_image","twitter_misc":{"Gesch\u00e4tzte Lesezeit":"1\u00a0Minute"},"schema":{"@context":"https:\/\/schema.org","@graph":[{"@type":["WebPage","ItemPage"],"@id":"https:\/\/www.purejewels.com\/product\/22-carat-gold-ring-size-o-46768\/","url":"https:\/\/www.purejewels.com\/product\/22-carat-gold-ring-size-o-46768\/","name":"22ct Solid Gold Damenring | PureJewels UK","isPartOf":{"@id":"https:\/\/www.purejewels.com\/#website"},"primaryImageOfPage":{"@id":"https:\/\/www.purejewels.com\/product\/22-carat-gold-ring-size-o-46768\/#primaryimage"},"image":{"@id":"https:\/\/www.purejewels.com\/product\/22-carat-gold-ring-size-o-46768\/#primaryimage"},"thumbnailUrl":"https:\/\/static.purejewels.com\/wp-content\/uploads\/2024\/01\/46768_1.jpg","datePublished":"2024-12-10T08:49:13+00:00","dateModified":"2026-01-07T06:32:04+00:00","description":"Shoppen Sie unsere 22 Karat Gold ausgefallene Ring-Kollektion bei Purejewels UK, die Sie online kaufen k\u00f6nnen. Kostenlose und schnelle Lieferung in ganz Gro\u00dfbritannien. purejewels.com","breadcrumb":{"@id":"https:\/\/www.purejewels.com\/product\/22-carat-gold-ring-size-o-46768\/#breadcrumb"},"inLanguage":"de","potentialAction":[{"@type":"ReadAction","target":["https:\/\/www.purejewels.com\/product\/22-carat-gold-ring-size-o-46768\/"]}]},{"@type":"ImageObject","inLanguage":"de","@id":"https:\/\/www.purejewels.com\/product\/22-carat-gold-ring-size-o-46768\/#primaryimage","url":"https:\/\/static.purejewels.com\/wp-content\/uploads\/2024\/01\/46768_1.jpg","contentUrl":"https:\/\/static.purejewels.com\/wp-content\/uploads\/2024\/01\/46768_1.jpg","width":1000,"height":1000,"caption":"22ct Gold Ring"},{"@type":"BreadcrumbList","@id":"https:\/\/www.purejewels.com\/product\/22-carat-gold-ring-size-o-46768\/#breadcrumb","itemListElement":[{"@type":"ListItem","position":1,"name":"Home","item":"https:\/\/www.purejewels.com\/"},{"@type":"ListItem","position":2,"name":"Shop","item":"https:\/\/www.purejewels.com\/shop\/"},{"@type":"ListItem","position":3,"name":"22 carat Gold Ring | Size O"}]},{"@type":"WebSite","@id":"https:\/\/www.purejewels.com\/#website","url":"https:\/\/www.purejewels.com\/","name":"PureJewels UK","description":"Teile die Liebe","publisher":{"@id":"https:\/\/www.purejewels.com\/#organization"},"potentialAction":[{"@type":"SearchAction","target":{"@type":"EntryPoint","urlTemplate":"https:\/\/www.purejewels.com\/?s={search_term_string}"},"query-input":{"@type":"PropertyValueSpecification","valueRequired":true,"valueName":"search_term_string"}}],"inLanguage":"de"},{"@type":"Organization","@id":"https:\/\/www.purejewels.com\/#organization","name":"PureJewels UK","url":"https:\/\/www.purejewels.com\/","logo":{"@type":"ImageObject","inLanguage":"de","@id":"https:\/\/www.purejewels.com\/#\/schema\/logo\/image\/","url":"https:\/\/static.purejewels.com\/wp-content\/uploads\/2020\/11\/Logo-PJ-New-1.png","contentUrl":"https:\/\/static.purejewels.com\/wp-content\/uploads\/2020\/11\/Logo-PJ-New-1.png","width":150,"height":80,"caption":"PureJewels UK"},"image":{"@id":"https:\/\/www.purejewels.com\/#\/schema\/logo\/image\/"}}]}},"_links":{"self":[{"href":"https:\/\/www.purejewels.com\/de\/wp-json\/wp\/v2\/product\/355798","targetHints":{"allow":["GET"]}}],"collection":[{"href":"https:\/\/www.purejewels.com\/de\/wp-json\/wp\/v2\/product"}],"about":[{"href":"https:\/\/www.purejewels.com\/de\/wp-json\/wp\/v2\/types\/product"}],"replies":[{"embeddable":true,"href":"https:\/\/www.purejewels.com\/de\/wp-json\/wp\/v2\/comments?post=355798"}],"version-history":[{"count":3,"href":"https:\/\/www.purejewels.com\/de\/wp-json\/wp\/v2\/product\/355798\/revisions"}],"predecessor-version":[{"id":420936,"href":"https:\/\/www.purejewels.com\/de\/wp-json\/wp\/v2\/product\/355798\/revisions\/420936"}],"wp:featuredmedia":[{"embeddable":true,"href":"https:\/\/www.purejewels.com\/de\/wp-json\/wp\/v2\/media\/355802"}],"wp:attachment":[{"href":"https:\/\/www.purejewels.com\/de\/wp-json\/wp\/v2\/media?parent=355798"}],"wp:term":[{"taxonomy":"product_brand","embeddable":true,"href":"https:\/\/www.purejewels.com\/de\/wp-json\/wp\/v2\/product_brand?post=355798"},{"taxonomy":"product_cat","embeddable":true,"href":"https:\/\/www.purejewels.com\/de\/wp-json\/wp\/v2\/product_cat?post=355798"},{"taxonomy":"product_tag","embeddable":true,"href":"https:\/\/www.purejewels.com\/de\/wp-json\/wp\/v2\/product_tag?post=355798"}],"curies":[{"name":"wp","href":"https:\/\/api.w.org\/{rel}","templated":true}]}}