{"id":355942,"date":"2024-01-15T10:02:16","date_gmt":"2024-01-15T10:02:16","guid":{"rendered":"https:\/\/www.purejewels.com\/?post_type=product&#038;p=355942"},"modified":"2026-02-02T10:43:30","modified_gmt":"2026-02-02T10:43:30","slug":"22ct-gold-mangalsutra-rosette-sammlung-21-zoll-45710","status":"publish","type":"product","link":"https:\/\/www.purejewels.com\/de\/product\/22ct-gold-mangalsutra-rosette-collection-21-inches-45710\/","title":{"rendered":"22ct Sunrise Gold Mangalsutra | Rosette Sammlung | 21 Zoll"},"content":{"rendered":"<p data-start=\"0\" data-end=\"432\"><strong data-start=\"0\" data-end=\"18\">Designkonzept<\/strong><br data-start=\"18\" data-end=\"21\" \/>Diese Mangalsutra aus 22-kar\u00e4tigem Sunrise Gold aus der Rosette-Kollektion ist eine Neuinterpretation einer gesch\u00e4tzten Tradition mit einem sanft geformten Rosettenmotiv als Herzst\u00fcck. Der warme Goldton wird durch klassische schwarze Perlen wundersch\u00f6n ausbalanciert, so dass eine Silhouette entsteht, die sowohl in der Tradition verwurzelt als auch zeitgem\u00e4\u00df ist. Mit ihren 21 Zentimetern sitzt sie anmutig am Dekollet\u00e9 und eignet sich sowohl f\u00fcr den t\u00e4glichen Gebrauch als auch f\u00fcr besondere Anl\u00e4sse.<\/p>\n<p data-start=\"434\" data-end=\"903\"><strong data-start=\"434\" data-end=\"451\"><a href=\"https:\/\/www.purejewels.com\/de\/a-guide-to-die-stamping\/\">Handwerkliches K\u00f6nnen<\/a><\/strong><br data-start=\"451\" data-end=\"454\" \/>Der Anh\u00e4nger und die Kette sind aus dem f\u00fcr PureJewels typischen 22-kar\u00e4tigen Sunrise Gold gefertigt und fein verarbeitet, um die zarten Rosetten-Details hervorzuheben. Jede Perle ist sorgf\u00e4ltig aufgereiht, um eine flie\u00dfende Bewegung und langanhaltende St\u00e4rke zu gew\u00e4hrleisten, w\u00e4hrend das Gesamtgewicht von 11,7 Gramm das Schmuckst\u00fcck leicht und komfortabel macht. Der im Vereinigten K\u00f6nigreich gepunzte Anh\u00e4nger spiegelt die sorgf\u00e4ltige Beachtung von Struktur und Verarbeitung wider und ist so konzipiert, dass er jeden Tag getragen und gesch\u00e4tzt werden kann.<\/p>\n<p data-start=\"905\" data-end=\"1354\" data-is-last-node=\"\" data-is-only-node=\"\"><strong data-start=\"905\" data-end=\"922\">Styling-Ideen<\/strong><br data-start=\"922\" data-end=\"925\" \/>Tragen Sie diese Mangalsutra im Alltag zu einer schlichten Kurta, einem Saree oder einer Bluse, um die Rosette in den Mittelpunkt zu stellen. F\u00fcr Anl\u00e4sse k\u00f6nnen Sie sie mit einer schmalen 22-kar\u00e4tigen Kette oder einer zarten Diamantkette kombinieren, um ein ausdrucksstarkes Dekollet\u00e9 zu kreieren. Dank ihrer raffinierten Proportionen passt sie gleicherma\u00dfen zu Brautkleidern, festlichen Saris und modernen, ma\u00dfgeschneiderten Looks und verleiht jedem Kleidungsst\u00fcck eine leise Note von Liebe und Hingabe.<\/p>","protected":false},"excerpt":{"rendered":"<table class=\"sh_desc\">\n<tbody>\n<tr>\n<td>Art der Mangalsutra<\/td>\n<td>Rosette Mangalsutra<\/td>\n<\/tr>\n<tr>\n<td>SKU<\/td>\n<td>48866<\/td>\n<\/tr>\n<tr>\n<td>Gewicht<\/td>\n<td>11.7 Gms<\/td>\n<\/tr>\n<tr>\n<td>Sammlung<\/td>\n<td>Kollektion Rosette<\/td>\n<\/tr>\n<tr>\n<td>L\u00e4nge<\/td>\n<td>21 Zoll<\/td>\n<\/tr>\n<tr>\n<td>Metall<\/td>\n<td>22ct Gold<\/td>\n<\/tr>\n<tr>\n<td>Entgelte<\/td>\n<td>Lieferung und Mehrwertsteuer inbegriffen<\/td>\n<\/tr>\n<tr>\n<td>Verpackung<\/td>\n<td>Mit Pr\u00e4sentationsbox<\/td>\n<\/tr>\n<tr>\n<td>Mehr Informationen<\/td>\n<td>Live-Chat mit uns f\u00fcr Verf\u00fcgbarkeit und mehr Bilder<\/td>\n<\/tr>\n<\/tbody>\n<\/table>","protected":false},"featured_media":425517,"comment_status":"closed","ping_status":"closed","template":"","meta":{"_eb_attr":"","_crsspst_to_jayantr4sg-hostcom":false},"product_brand":[],"product_cat":[1791,236,1775,1790,1229,1284,1776,5666,1656,1573,5349],"product_tag":[1430],"class_list":{"0":"post-355942","1":"product","2":"type-product","3":"status-publish","4":"has-post-thumbnail","6":"product_cat-anniversary-gifts","7":"product_cat-collections","8":"product_cat-daily-wear-mangalsutras","9":"product_cat-for-whom-when","10":"product_cat-22ct-gold-jewellery","11":"product_cat-gold-mangalsutras","12":"product_cat-occasional-wear-mangalsutras","13":"product_cat-rosette-mangalsutra","14":"product_cat-rosettes-collections","15":"product_cat-wedding-gifts","16":"product_cat-yellow-gold-jewellery","17":"product_tag-diwali-gift","19":"first","20":"onbackorder","21":"taxable","22":"shipping-taxable","23":"purchasable","24":"product-type-simple","25":"add-to-wishlist-before_image"},"yoast_head":"<!-- This site is optimized with the Yoast SEO plugin v27.5 - https:\/\/yoast.com\/product\/yoast-seo-wordpress\/ -->\n<title>Buy 22ct Gold Mangalsutra At PureJewels UK Online<\/title>\n<meta name=\"description\" content=\"Browse 22ct Gold Rosette Collection Mangalsutra for Women with free delivery across the UK. Hallmarked by the London Assay Office. Available in all lengths.\" \/>\n<meta name=\"robots\" content=\"index, follow, max-snippet:-1, max-image-preview:large, max-video-preview:-1\" \/>\n<link rel=\"canonical\" href=\"https:\/\/www.purejewels.com\/de\/produkt-2\/22ct-gold-mangalsutra-rosette-sammlung-21-zoll-45710\/\" \/>\n<meta property=\"og:locale\" content=\"de_DE\" \/>\n<meta property=\"og:type\" content=\"article\" \/>\n<meta property=\"og:title\" content=\"Buy 22ct Gold Mangalsutra At PureJewels UK Online\" \/>\n<meta property=\"og:description\" content=\"Browse 22ct Gold Rosette Collection Mangalsutra for Women with free delivery across the UK. Hallmarked by the London Assay Office. Available in all lengths.\" \/>\n<meta property=\"og:url\" content=\"https:\/\/www.purejewels.com\/de\/produkt-2\/22ct-gold-mangalsutra-rosette-sammlung-21-zoll-45710\/\" \/>\n<meta property=\"og:site_name\" content=\"PureJewels UK\" \/>\n<meta property=\"article:modified_time\" content=\"2026-02-02T10:43:30+00:00\" \/>\n<meta property=\"og:image\" content=\"https:\/\/static.purejewels.com\/wp-content\/uploads\/2024\/01\/45710-1.jpg\" \/>\n\t<meta property=\"og:image:width\" content=\"1000\" \/>\n\t<meta property=\"og:image:height\" content=\"1000\" \/>\n\t<meta property=\"og:image:type\" content=\"image\/jpeg\" \/>\n<meta name=\"twitter:card\" content=\"summary_large_image\" \/>\n<meta name=\"twitter:label1\" content=\"Gesch\u00e4tzte Lesezeit\" \/>\n\t<meta name=\"twitter:data1\" content=\"2\u00a0Minuten\" \/>\n<script type=\"application\/ld+json\" class=\"yoast-schema-graph\">{\"@context\":\"https:\\\/\\\/schema.org\",\"@graph\":[{\"@type\":[\"WebPage\",\"ItemPage\"],\"@id\":\"https:\\\/\\\/www.purejewels.com\\\/product\\\/22ct-gold-mangalsutra-rosette-collection-21-inches-45710\\\/\",\"url\":\"https:\\\/\\\/www.purejewels.com\\\/product\\\/22ct-gold-mangalsutra-rosette-collection-21-inches-45710\\\/\",\"name\":\"Buy 22ct Gold Mangalsutra At PureJewels UK Online\",\"isPartOf\":{\"@id\":\"https:\\\/\\\/www.purejewels.com\\\/#website\"},\"primaryImageOfPage\":{\"@id\":\"https:\\\/\\\/www.purejewels.com\\\/product\\\/22ct-gold-mangalsutra-rosette-collection-21-inches-45710\\\/#primaryimage\"},\"image\":{\"@id\":\"https:\\\/\\\/www.purejewels.com\\\/product\\\/22ct-gold-mangalsutra-rosette-collection-21-inches-45710\\\/#primaryimage\"},\"thumbnailUrl\":\"https:\\\/\\\/static.purejewels.com\\\/wp-content\\\/uploads\\\/2024\\\/01\\\/45710-1.jpg\",\"datePublished\":\"2024-01-15T10:02:16+00:00\",\"dateModified\":\"2026-02-02T10:43:30+00:00\",\"description\":\"Browse 22ct Gold Rosette Collection Mangalsutra for Women with free delivery across the UK. Hallmarked by the London Assay Office. Available in all lengths.\",\"breadcrumb\":{\"@id\":\"https:\\\/\\\/www.purejewels.com\\\/product\\\/22ct-gold-mangalsutra-rosette-collection-21-inches-45710\\\/#breadcrumb\"},\"inLanguage\":\"de\",\"potentialAction\":[{\"@type\":\"ReadAction\",\"target\":[\"https:\\\/\\\/www.purejewels.com\\\/product\\\/22ct-gold-mangalsutra-rosette-collection-21-inches-45710\\\/\"]}]},{\"@type\":\"ImageObject\",\"inLanguage\":\"de\",\"@id\":\"https:\\\/\\\/www.purejewels.com\\\/product\\\/22ct-gold-mangalsutra-rosette-collection-21-inches-45710\\\/#primaryimage\",\"url\":\"https:\\\/\\\/static.purejewels.com\\\/wp-content\\\/uploads\\\/2024\\\/01\\\/45710-1.jpg\",\"contentUrl\":\"https:\\\/\\\/static.purejewels.com\\\/wp-content\\\/uploads\\\/2024\\\/01\\\/45710-1.jpg\",\"width\":1000,\"height\":1000,\"caption\":\"22ct Gold Mangalsutra\"},{\"@type\":\"BreadcrumbList\",\"@id\":\"https:\\\/\\\/www.purejewels.com\\\/product\\\/22ct-gold-mangalsutra-rosette-collection-21-inches-45710\\\/#breadcrumb\",\"itemListElement\":[{\"@type\":\"ListItem\",\"position\":1,\"name\":\"Home\",\"item\":\"https:\\\/\\\/www.purejewels.com\\\/\"},{\"@type\":\"ListItem\",\"position\":2,\"name\":\"Shop\",\"item\":\"https:\\\/\\\/www.purejewels.com\\\/shop\\\/\"},{\"@type\":\"ListItem\",\"position\":3,\"name\":\"22ct Sunrise Gold Mangalsutra | Rosette Collection | 21 Inches\"}]},{\"@type\":\"WebSite\",\"@id\":\"https:\\\/\\\/www.purejewels.com\\\/#website\",\"url\":\"https:\\\/\\\/www.purejewels.com\\\/\",\"name\":\"PureJewels UK\",\"description\":\"Share the Love\",\"publisher\":{\"@id\":\"https:\\\/\\\/www.purejewels.com\\\/#organization\"},\"potentialAction\":[{\"@type\":\"SearchAction\",\"target\":{\"@type\":\"EntryPoint\",\"urlTemplate\":\"https:\\\/\\\/www.purejewels.com\\\/?s={search_term_string}\"},\"query-input\":{\"@type\":\"PropertyValueSpecification\",\"valueRequired\":true,\"valueName\":\"search_term_string\"}}],\"inLanguage\":\"de\"},{\"@type\":\"Organization\",\"@id\":\"https:\\\/\\\/www.purejewels.com\\\/#organization\",\"name\":\"PureJewels UK\",\"url\":\"https:\\\/\\\/www.purejewels.com\\\/\",\"logo\":{\"@type\":\"ImageObject\",\"inLanguage\":\"de\",\"@id\":\"https:\\\/\\\/www.purejewels.com\\\/#\\\/schema\\\/logo\\\/image\\\/\",\"url\":\"https:\\\/\\\/static.purejewels.com\\\/wp-content\\\/uploads\\\/2020\\\/11\\\/Logo-PJ-New-1.png\",\"contentUrl\":\"https:\\\/\\\/static.purejewels.com\\\/wp-content\\\/uploads\\\/2020\\\/11\\\/Logo-PJ-New-1.png\",\"width\":150,\"height\":80,\"caption\":\"PureJewels UK\"},\"image\":{\"@id\":\"https:\\\/\\\/www.purejewels.com\\\/#\\\/schema\\\/logo\\\/image\\\/\"}}]}<\/script>\n<!-- \/ Yoast SEO plugin. -->","yoast_head_json":{"title":"Kaufen 22ct Gold Mangalsutra bei PureJewels UK Online","description":"Durchsuchen Sie 22ct Gold Rosette Collection Mangalsutra f\u00fcr Frauen mit kostenloser Lieferung in ganz Gro\u00dfbritannien. Gepunzt durch das London Assay Office. Erh\u00e4ltlich in allen L\u00e4ngen.","robots":{"index":"index","follow":"follow","max-snippet":"max-snippet:-1","max-image-preview":"max-image-preview:large","max-video-preview":"max-video-preview:-1"},"canonical":"https:\/\/www.purejewels.com\/de\/produkt-2\/22ct-gold-mangalsutra-rosette-sammlung-21-zoll-45710\/","og_locale":"de_DE","og_type":"article","og_title":"Buy 22ct Gold Mangalsutra At PureJewels UK Online","og_description":"Browse 22ct Gold Rosette Collection Mangalsutra for Women with free delivery across the UK. Hallmarked by the London Assay Office. Available in all lengths.","og_url":"https:\/\/www.purejewels.com\/de\/produkt-2\/22ct-gold-mangalsutra-rosette-sammlung-21-zoll-45710\/","og_site_name":"PureJewels UK","article_modified_time":"2026-02-02T10:43:30+00:00","og_image":[{"width":1000,"height":1000,"url":"https:\/\/static.purejewels.com\/wp-content\/uploads\/2024\/01\/45710-1.jpg","type":"image\/jpeg"}],"twitter_card":"summary_large_image","twitter_misc":{"Gesch\u00e4tzte Lesezeit":"2\u00a0Minuten"},"schema":{"@context":"https:\/\/schema.org","@graph":[{"@type":["WebPage","ItemPage"],"@id":"https:\/\/www.purejewels.com\/product\/22ct-gold-mangalsutra-rosette-collection-21-inches-45710\/","url":"https:\/\/www.purejewels.com\/product\/22ct-gold-mangalsutra-rosette-collection-21-inches-45710\/","name":"Kaufen 22ct Gold Mangalsutra bei PureJewels UK Online","isPartOf":{"@id":"https:\/\/www.purejewels.com\/#website"},"primaryImageOfPage":{"@id":"https:\/\/www.purejewels.com\/product\/22ct-gold-mangalsutra-rosette-collection-21-inches-45710\/#primaryimage"},"image":{"@id":"https:\/\/www.purejewels.com\/product\/22ct-gold-mangalsutra-rosette-collection-21-inches-45710\/#primaryimage"},"thumbnailUrl":"https:\/\/static.purejewels.com\/wp-content\/uploads\/2024\/01\/45710-1.jpg","datePublished":"2024-01-15T10:02:16+00:00","dateModified":"2026-02-02T10:43:30+00:00","description":"Durchsuchen Sie 22ct Gold Rosette Collection Mangalsutra f\u00fcr Frauen mit kostenloser Lieferung in ganz Gro\u00dfbritannien. Gepunzt durch das London Assay Office. Erh\u00e4ltlich in allen L\u00e4ngen.","breadcrumb":{"@id":"https:\/\/www.purejewels.com\/product\/22ct-gold-mangalsutra-rosette-collection-21-inches-45710\/#breadcrumb"},"inLanguage":"de","potentialAction":[{"@type":"ReadAction","target":["https:\/\/www.purejewels.com\/product\/22ct-gold-mangalsutra-rosette-collection-21-inches-45710\/"]}]},{"@type":"ImageObject","inLanguage":"de","@id":"https:\/\/www.purejewels.com\/product\/22ct-gold-mangalsutra-rosette-collection-21-inches-45710\/#primaryimage","url":"https:\/\/static.purejewels.com\/wp-content\/uploads\/2024\/01\/45710-1.jpg","contentUrl":"https:\/\/static.purejewels.com\/wp-content\/uploads\/2024\/01\/45710-1.jpg","width":1000,"height":1000,"caption":"22ct Gold Mangalsutra"},{"@type":"BreadcrumbList","@id":"https:\/\/www.purejewels.com\/product\/22ct-gold-mangalsutra-rosette-collection-21-inches-45710\/#breadcrumb","itemListElement":[{"@type":"ListItem","position":1,"name":"Home","item":"https:\/\/www.purejewels.com\/"},{"@type":"ListItem","position":2,"name":"Shop","item":"https:\/\/www.purejewels.com\/shop\/"},{"@type":"ListItem","position":3,"name":"22ct Sunrise Gold Mangalsutra | Rosette Collection | 21 Inches"}]},{"@type":"WebSite","@id":"https:\/\/www.purejewels.com\/#website","url":"https:\/\/www.purejewels.com\/","name":"PureJewels UK","description":"Teile die Liebe","publisher":{"@id":"https:\/\/www.purejewels.com\/#organization"},"potentialAction":[{"@type":"SearchAction","target":{"@type":"EntryPoint","urlTemplate":"https:\/\/www.purejewels.com\/?s={search_term_string}"},"query-input":{"@type":"PropertyValueSpecification","valueRequired":true,"valueName":"search_term_string"}}],"inLanguage":"de"},{"@type":"Organization","@id":"https:\/\/www.purejewels.com\/#organization","name":"PureJewels UK","url":"https:\/\/www.purejewels.com\/","logo":{"@type":"ImageObject","inLanguage":"de","@id":"https:\/\/www.purejewels.com\/#\/schema\/logo\/image\/","url":"https:\/\/static.purejewels.com\/wp-content\/uploads\/2020\/11\/Logo-PJ-New-1.png","contentUrl":"https:\/\/static.purejewels.com\/wp-content\/uploads\/2020\/11\/Logo-PJ-New-1.png","width":150,"height":80,"caption":"PureJewels UK"},"image":{"@id":"https:\/\/www.purejewels.com\/#\/schema\/logo\/image\/"}}]}},"_links":{"self":[{"href":"https:\/\/www.purejewels.com\/de\/wp-json\/wp\/v2\/product\/355942","targetHints":{"allow":["GET"]}}],"collection":[{"href":"https:\/\/www.purejewels.com\/de\/wp-json\/wp\/v2\/product"}],"about":[{"href":"https:\/\/www.purejewels.com\/de\/wp-json\/wp\/v2\/types\/product"}],"replies":[{"embeddable":true,"href":"https:\/\/www.purejewels.com\/de\/wp-json\/wp\/v2\/comments?post=355942"}],"version-history":[{"count":3,"href":"https:\/\/www.purejewels.com\/de\/wp-json\/wp\/v2\/product\/355942\/revisions"}],"predecessor-version":[{"id":420962,"href":"https:\/\/www.purejewels.com\/de\/wp-json\/wp\/v2\/product\/355942\/revisions\/420962"}],"wp:featuredmedia":[{"embeddable":true,"href":"https:\/\/www.purejewels.com\/de\/wp-json\/wp\/v2\/media\/425517"}],"wp:attachment":[{"href":"https:\/\/www.purejewels.com\/de\/wp-json\/wp\/v2\/media?parent=355942"}],"wp:term":[{"taxonomy":"product_brand","embeddable":true,"href":"https:\/\/www.purejewels.com\/de\/wp-json\/wp\/v2\/product_brand?post=355942"},{"taxonomy":"product_cat","embeddable":true,"href":"https:\/\/www.purejewels.com\/de\/wp-json\/wp\/v2\/product_cat?post=355942"},{"taxonomy":"product_tag","embeddable":true,"href":"https:\/\/www.purejewels.com\/de\/wp-json\/wp\/v2\/product_tag?post=355942"}],"curies":[{"name":"wp","href":"https:\/\/api.w.org\/{rel}","templated":true}]}}