{"id":356102,"date":"2024-01-17T08:03:08","date_gmt":"2024-01-17T08:03:08","guid":{"rendered":"https:\/\/www.purejewels.com\/?post_type=product&#038;p=356102"},"modified":"2026-03-03T05:14:31","modified_gmt":"2026-03-03T05:14:31","slug":"wendbarer-anhanger-mit-blumenmuster-aus-22-karat-gold-47088","status":"publish","type":"product","link":"https:\/\/www.purejewels.com\/de\/product\/reversible-floral-designed-pendant-in-22ct-gold-47088\/","title":{"rendered":"Reversibler Anh\u00e4nger mit Blumenmuster aus 22 Karat Gold"},"content":{"rendered":"<p data-start=\"315\" data-end=\"645\">Dieses exquisit gefertigte <strong data-start=\"340\" data-end=\"362\">reversibler Anh\u00e4nger<\/strong> aus 22 Karat Gelbgold ist ein wahres Fest der Vielseitigkeit und Kunstfertigkeit. Das bezaubernde Blumenmotiv auf beiden Seiten zeigt auf der einen Seite ein lebhaftes, von einem Mosaik inspiriertes Blumenmuster in sattem Violett, w\u00e4hrend die R\u00fcckseite ein heiteres, wabenartiges Blumenmuster in zartem Blau zeigt.<\/p>\n<p data-start=\"647\" data-end=\"957\">Dieser Anh\u00e4nger, der sich m\u00fchelos von festlichen Anl\u00e4ssen in den Alltag integrieren l\u00e4sst, bietet zwei unterschiedliche Looks in einem einzigen St\u00fcck - so k\u00f6nnen Sie Ihren Stil auf mehr als nur eine Weise zum Ausdruck bringen. Er ist leicht, elegant und voller Pers\u00f6nlichkeit. Er ist perfekt f\u00fcr Frauen, die bei ihrem Schmuck sowohl Sch\u00f6nheit als auch Anpassungsf\u00e4higkeit sch\u00e4tzen.<\/p>\n<p data-start=\"959\" data-end=\"1146\">Dieser Anh\u00e4nger in der charakteristischen Verpackung von PureJewels ist eine durchdachte und strahlende Wahl f\u00fcr <strong data-start=\"1060\" data-end=\"1076\">Diwali-Geschenke<\/strong>-Sie symbolisieren Verwandlung, Licht und Freude in der Weihnachtszeit.<\/p>","protected":false},"excerpt":{"rendered":"<table class=\"sh_desc\" style=\"width: 109.499%;\">\n<tbody>\n<tr>\n<td style=\"width: 23.8333%;\">Typ des Anh\u00e4ngers<\/td>\n<td style=\"width: 85.5%;\">22ct Gold Anh\u00e4nger mit Meenakari<\/td>\n<\/tr>\n<tr>\n<td style=\"width: 23.8333%;\">SKU<\/td>\n<td style=\"width: 85.5%;\">47088<\/td>\n<\/tr>\n<tr>\n<td style=\"width: 23.8333%;\">Gewicht<\/td>\n<td style=\"width: 85.5%;\">3.1 Gms<\/td>\n<\/tr>\n<tr>\n<td style=\"width: 23.8333%;\">Metall<\/td>\n<td style=\"width: 85.5%;\">22ct Gold<\/td>\n<\/tr>\n<tr>\n<td style=\"width: 23.8333%;\">Breite<\/td>\n<td style=\"width: 85.5%;\">17,5 mm<\/td>\n<\/tr>\n<tr>\n<td style=\"width: 23.8333%;\">Wahrzeichen<\/td>\n<td style=\"width: 85.5%;\">22ct Gold gestempelt von London Assay Office<\/td>\n<\/tr>\n<tr>\n<td style=\"width: 23.8333%;\">Entgelte<\/td>\n<td style=\"width: 85.5%;\">Lieferung und Mehrwertsteuer inbegriffen<\/td>\n<\/tr>\n<tr>\n<td style=\"width: 23.8333%;\">Verpackung<\/td>\n<td style=\"width: 85.5%;\">Mit Pr\u00e4sentationsbox<\/td>\n<\/tr>\n<tr>\n<td style=\"width: 23.8333%;\">Mehr Informationen<\/td>\n<td style=\"width: 85.5%;\">\n<ul>\n<li>Live-Chat mit uns f\u00fcr die Verf\u00fcgbarkeit und mehr Bilder f\u00fcr Diwali-Schmuck<\/li>\n<li>Sehen Sie sich unsere Sammlung von <strong>Ketten<\/strong><\/li>\n<li>Kette ist nicht enthalten<\/li>\n<\/ul>\n<\/td>\n<\/tr>\n<\/tbody>\n<\/table>","protected":false},"featured_media":356104,"comment_status":"closed","ping_status":"closed","template":"","meta":{"_eb_attr":"","_crsspst_to_jayantr4sg-hostcom":false},"product_brand":[],"product_cat":[1791,1559,236,1793,6190,1770,1792,1229,1255,5344,1767,5449,5668,1570,1569,1573,1574,5349],"product_tag":[1430],"class_list":{"0":"post-356102","1":"product","2":"type-product","3":"status-publish","4":"has-post-thumbnail","6":"product_cat-anniversary-gifts","7":"product_cat-birthday-gifts","8":"product_cat-collections","9":"product_cat-diwali-gifts","10":"product_cat-easter-jewellery","11":"product_cat-fancy-pendants","12":"product_cat-festival-gifts","13":"product_cat-22ct-gold-jewellery","14":"product_cat-gold-pendants","15":"product_cat-jewellery-under-750","16":"product_cat-ladies-pendants","17":"product_cat-meenakari-collection","18":"product_cat-meenakari-pendant","19":"product_cat-mothers-day-gifts","20":"product_cat-valentine-day-gifts","21":"product_cat-wedding-gifts","22":"product_cat-womens-jewellery","23":"product_cat-yellow-gold-jewellery","24":"product_tag-diwali-gift","26":"first","27":"instock","28":"taxable","29":"shipping-taxable","30":"purchasable","31":"product-type-simple","32":"add-to-wishlist-before_image"},"yoast_head":"<!-- This site is optimized with the Yoast SEO plugin v27.4 - https:\/\/yoast.com\/product\/yoast-seo-wordpress\/ -->\n<title>Reversible Floral Designed Pendant in 22ct Gold | PureJewels UK<\/title>\n<meta name=\"description\" content=\"Make a statement with this unique Reversible Floral Pendant in 22ct Gold. Two enchanting designs in one. Shop Jewelery at PureJewels UK.\" \/>\n<meta name=\"robots\" content=\"index, follow, max-snippet:-1, max-image-preview:large, max-video-preview:-1\" \/>\n<link rel=\"canonical\" href=\"https:\/\/www.purejewels.com\/de\/produkt-2\/wendbarer-anhanger-mit-blumenmuster-aus-22-karat-gold-47088\/\" \/>\n<meta property=\"og:locale\" content=\"de_DE\" \/>\n<meta property=\"og:type\" content=\"article\" \/>\n<meta property=\"og:title\" content=\"Reversible Floral Designed Pendant in 22ct Gold | PureJewels UK\" \/>\n<meta property=\"og:description\" content=\"Make a statement with this unique Reversible Floral Pendant in 22ct Gold. Two enchanting designs in one. Shop Jewelery at PureJewels UK.\" \/>\n<meta property=\"og:url\" content=\"https:\/\/www.purejewels.com\/de\/produkt-2\/wendbarer-anhanger-mit-blumenmuster-aus-22-karat-gold-47088\/\" \/>\n<meta property=\"og:site_name\" content=\"PureJewels UK\" \/>\n<meta property=\"article:modified_time\" content=\"2026-03-03T05:14:31+00:00\" \/>\n<meta property=\"og:image\" content=\"https:\/\/static.purejewels.com\/wp-content\/uploads\/2024\/01\/47088_2.jpg\" \/>\n\t<meta property=\"og:image:width\" content=\"1\" \/>\n\t<meta property=\"og:image:height\" content=\"1\" \/>\n\t<meta property=\"og:image:type\" content=\"image\/jpeg\" \/>\n<meta name=\"twitter:card\" content=\"summary_large_image\" \/>\n<meta name=\"twitter:label1\" content=\"Gesch\u00e4tzte Lesezeit\" \/>\n\t<meta name=\"twitter:data1\" content=\"1\u00a0Minute\" \/>\n<script type=\"application\/ld+json\" class=\"yoast-schema-graph\">{\"@context\":\"https:\\\/\\\/schema.org\",\"@graph\":[{\"@type\":[\"WebPage\",\"ItemPage\"],\"@id\":\"https:\\\/\\\/www.purejewels.com\\\/product\\\/reversible-floral-designed-pendant-in-22ct-gold-47088\\\/\",\"url\":\"https:\\\/\\\/www.purejewels.com\\\/product\\\/reversible-floral-designed-pendant-in-22ct-gold-47088\\\/\",\"name\":\"Reversible Floral Designed Pendant in 22ct Gold | PureJewels UK\",\"isPartOf\":{\"@id\":\"https:\\\/\\\/www.purejewels.com\\\/#website\"},\"primaryImageOfPage\":{\"@id\":\"https:\\\/\\\/www.purejewels.com\\\/product\\\/reversible-floral-designed-pendant-in-22ct-gold-47088\\\/#primaryimage\"},\"image\":{\"@id\":\"https:\\\/\\\/www.purejewels.com\\\/product\\\/reversible-floral-designed-pendant-in-22ct-gold-47088\\\/#primaryimage\"},\"thumbnailUrl\":\"https:\\\/\\\/static.purejewels.com\\\/wp-content\\\/uploads\\\/2024\\\/01\\\/47088_2.jpg\",\"datePublished\":\"2024-01-17T08:03:08+00:00\",\"dateModified\":\"2026-03-03T05:14:31+00:00\",\"description\":\"Make a statement with this unique Reversible Floral Pendant in 22ct Gold. Two enchanting designs in one. Shop Jewelery at PureJewels UK.\",\"breadcrumb\":{\"@id\":\"https:\\\/\\\/www.purejewels.com\\\/product\\\/reversible-floral-designed-pendant-in-22ct-gold-47088\\\/#breadcrumb\"},\"inLanguage\":\"de\",\"potentialAction\":[{\"@type\":\"ReadAction\",\"target\":[\"https:\\\/\\\/www.purejewels.com\\\/product\\\/reversible-floral-designed-pendant-in-22ct-gold-47088\\\/\"]}]},{\"@type\":\"ImageObject\",\"inLanguage\":\"de\",\"@id\":\"https:\\\/\\\/www.purejewels.com\\\/product\\\/reversible-floral-designed-pendant-in-22ct-gold-47088\\\/#primaryimage\",\"url\":\"https:\\\/\\\/static.purejewels.com\\\/wp-content\\\/uploads\\\/2024\\\/01\\\/47088_2.jpg\",\"contentUrl\":\"https:\\\/\\\/static.purejewels.com\\\/wp-content\\\/uploads\\\/2024\\\/01\\\/47088_2.jpg\",\"caption\":\"22ct Gold Pendant\"},{\"@type\":\"BreadcrumbList\",\"@id\":\"https:\\\/\\\/www.purejewels.com\\\/product\\\/reversible-floral-designed-pendant-in-22ct-gold-47088\\\/#breadcrumb\",\"itemListElement\":[{\"@type\":\"ListItem\",\"position\":1,\"name\":\"Home\",\"item\":\"https:\\\/\\\/www.purejewels.com\\\/\"},{\"@type\":\"ListItem\",\"position\":2,\"name\":\"Shop\",\"item\":\"https:\\\/\\\/www.purejewels.com\\\/shop\\\/\"},{\"@type\":\"ListItem\",\"position\":3,\"name\":\"Reversible Floral Designed Pendant in 22ct Gold\"}]},{\"@type\":\"WebSite\",\"@id\":\"https:\\\/\\\/www.purejewels.com\\\/#website\",\"url\":\"https:\\\/\\\/www.purejewels.com\\\/\",\"name\":\"PureJewels UK\",\"description\":\"Share the Love\",\"publisher\":{\"@id\":\"https:\\\/\\\/www.purejewels.com\\\/#organization\"},\"potentialAction\":[{\"@type\":\"SearchAction\",\"target\":{\"@type\":\"EntryPoint\",\"urlTemplate\":\"https:\\\/\\\/www.purejewels.com\\\/?s={search_term_string}\"},\"query-input\":{\"@type\":\"PropertyValueSpecification\",\"valueRequired\":true,\"valueName\":\"search_term_string\"}}],\"inLanguage\":\"de\"},{\"@type\":\"Organization\",\"@id\":\"https:\\\/\\\/www.purejewels.com\\\/#organization\",\"name\":\"PureJewels UK\",\"url\":\"https:\\\/\\\/www.purejewels.com\\\/\",\"logo\":{\"@type\":\"ImageObject\",\"inLanguage\":\"de\",\"@id\":\"https:\\\/\\\/www.purejewels.com\\\/#\\\/schema\\\/logo\\\/image\\\/\",\"url\":\"https:\\\/\\\/static.purejewels.com\\\/wp-content\\\/uploads\\\/2020\\\/11\\\/Logo-PJ-New-1.png\",\"contentUrl\":\"https:\\\/\\\/static.purejewels.com\\\/wp-content\\\/uploads\\\/2020\\\/11\\\/Logo-PJ-New-1.png\",\"width\":150,\"height\":80,\"caption\":\"PureJewels UK\"},\"image\":{\"@id\":\"https:\\\/\\\/www.purejewels.com\\\/#\\\/schema\\\/logo\\\/image\\\/\"}}]}<\/script>\n<!-- \/ Yoast SEO plugin. -->","yoast_head_json":{"title":"Reversible Floral Designed Anh\u00e4nger in 22ct Gold | PureJewels UK","description":"Setzen Sie ein Zeichen mit diesem einzigartigen Reversible Floral-Anh\u00e4nger aus 22 Karat Gold. Zwei bezaubernde Designs in einem. Kaufen Sie Schmuck bei PureJewels UK.","robots":{"index":"index","follow":"follow","max-snippet":"max-snippet:-1","max-image-preview":"max-image-preview:large","max-video-preview":"max-video-preview:-1"},"canonical":"https:\/\/www.purejewels.com\/de\/produkt-2\/wendbarer-anhanger-mit-blumenmuster-aus-22-karat-gold-47088\/","og_locale":"de_DE","og_type":"article","og_title":"Reversible Floral Designed Pendant in 22ct Gold | PureJewels UK","og_description":"Make a statement with this unique Reversible Floral Pendant in 22ct Gold. Two enchanting designs in one. Shop Jewelery at PureJewels UK.","og_url":"https:\/\/www.purejewels.com\/de\/produkt-2\/wendbarer-anhanger-mit-blumenmuster-aus-22-karat-gold-47088\/","og_site_name":"PureJewels UK","article_modified_time":"2026-03-03T05:14:31+00:00","og_image":[{"url":"https:\/\/static.purejewels.com\/wp-content\/uploads\/2024\/01\/47088_2.jpg","width":1,"height":1,"type":"image\/jpeg"}],"twitter_card":"summary_large_image","twitter_misc":{"Gesch\u00e4tzte Lesezeit":"1\u00a0Minute"},"schema":{"@context":"https:\/\/schema.org","@graph":[{"@type":["WebPage","ItemPage"],"@id":"https:\/\/www.purejewels.com\/product\/reversible-floral-designed-pendant-in-22ct-gold-47088\/","url":"https:\/\/www.purejewels.com\/product\/reversible-floral-designed-pendant-in-22ct-gold-47088\/","name":"Reversible Floral Designed Anh\u00e4nger in 22ct Gold | PureJewels UK","isPartOf":{"@id":"https:\/\/www.purejewels.com\/#website"},"primaryImageOfPage":{"@id":"https:\/\/www.purejewels.com\/product\/reversible-floral-designed-pendant-in-22ct-gold-47088\/#primaryimage"},"image":{"@id":"https:\/\/www.purejewels.com\/product\/reversible-floral-designed-pendant-in-22ct-gold-47088\/#primaryimage"},"thumbnailUrl":"https:\/\/static.purejewels.com\/wp-content\/uploads\/2024\/01\/47088_2.jpg","datePublished":"2024-01-17T08:03:08+00:00","dateModified":"2026-03-03T05:14:31+00:00","description":"Setzen Sie ein Zeichen mit diesem einzigartigen Reversible Floral-Anh\u00e4nger aus 22 Karat Gold. Zwei bezaubernde Designs in einem. Kaufen Sie Schmuck bei PureJewels UK.","breadcrumb":{"@id":"https:\/\/www.purejewels.com\/product\/reversible-floral-designed-pendant-in-22ct-gold-47088\/#breadcrumb"},"inLanguage":"de","potentialAction":[{"@type":"ReadAction","target":["https:\/\/www.purejewels.com\/product\/reversible-floral-designed-pendant-in-22ct-gold-47088\/"]}]},{"@type":"ImageObject","inLanguage":"de","@id":"https:\/\/www.purejewels.com\/product\/reversible-floral-designed-pendant-in-22ct-gold-47088\/#primaryimage","url":"https:\/\/static.purejewels.com\/wp-content\/uploads\/2024\/01\/47088_2.jpg","contentUrl":"https:\/\/static.purejewels.com\/wp-content\/uploads\/2024\/01\/47088_2.jpg","caption":"22ct Gold Pendant"},{"@type":"BreadcrumbList","@id":"https:\/\/www.purejewels.com\/product\/reversible-floral-designed-pendant-in-22ct-gold-47088\/#breadcrumb","itemListElement":[{"@type":"ListItem","position":1,"name":"Home","item":"https:\/\/www.purejewels.com\/"},{"@type":"ListItem","position":2,"name":"Shop","item":"https:\/\/www.purejewels.com\/shop\/"},{"@type":"ListItem","position":3,"name":"Reversible Floral Designed Pendant in 22ct Gold"}]},{"@type":"WebSite","@id":"https:\/\/www.purejewels.com\/#website","url":"https:\/\/www.purejewels.com\/","name":"PureJewels UK","description":"Teile die Liebe","publisher":{"@id":"https:\/\/www.purejewels.com\/#organization"},"potentialAction":[{"@type":"SearchAction","target":{"@type":"EntryPoint","urlTemplate":"https:\/\/www.purejewels.com\/?s={search_term_string}"},"query-input":{"@type":"PropertyValueSpecification","valueRequired":true,"valueName":"search_term_string"}}],"inLanguage":"de"},{"@type":"Organization","@id":"https:\/\/www.purejewels.com\/#organization","name":"PureJewels UK","url":"https:\/\/www.purejewels.com\/","logo":{"@type":"ImageObject","inLanguage":"de","@id":"https:\/\/www.purejewels.com\/#\/schema\/logo\/image\/","url":"https:\/\/static.purejewels.com\/wp-content\/uploads\/2020\/11\/Logo-PJ-New-1.png","contentUrl":"https:\/\/static.purejewels.com\/wp-content\/uploads\/2020\/11\/Logo-PJ-New-1.png","width":150,"height":80,"caption":"PureJewels UK"},"image":{"@id":"https:\/\/www.purejewels.com\/#\/schema\/logo\/image\/"}}]}},"_links":{"self":[{"href":"https:\/\/www.purejewels.com\/de\/wp-json\/wp\/v2\/product\/356102","targetHints":{"allow":["GET"]}}],"collection":[{"href":"https:\/\/www.purejewels.com\/de\/wp-json\/wp\/v2\/product"}],"about":[{"href":"https:\/\/www.purejewels.com\/de\/wp-json\/wp\/v2\/types\/product"}],"replies":[{"embeddable":true,"href":"https:\/\/www.purejewels.com\/de\/wp-json\/wp\/v2\/comments?post=356102"}],"version-history":[{"count":4,"href":"https:\/\/www.purejewels.com\/de\/wp-json\/wp\/v2\/product\/356102\/revisions"}],"predecessor-version":[{"id":415726,"href":"https:\/\/www.purejewels.com\/de\/wp-json\/wp\/v2\/product\/356102\/revisions\/415726"}],"wp:featuredmedia":[{"embeddable":true,"href":"https:\/\/www.purejewels.com\/de\/wp-json\/wp\/v2\/media\/356104"}],"wp:attachment":[{"href":"https:\/\/www.purejewels.com\/de\/wp-json\/wp\/v2\/media?parent=356102"}],"wp:term":[{"taxonomy":"product_brand","embeddable":true,"href":"https:\/\/www.purejewels.com\/de\/wp-json\/wp\/v2\/product_brand?post=356102"},{"taxonomy":"product_cat","embeddable":true,"href":"https:\/\/www.purejewels.com\/de\/wp-json\/wp\/v2\/product_cat?post=356102"},{"taxonomy":"product_tag","embeddable":true,"href":"https:\/\/www.purejewels.com\/de\/wp-json\/wp\/v2\/product_tag?post=356102"}],"curies":[{"name":"wp","href":"https:\/\/api.w.org\/{rel}","templated":true}]}}