{"id":356124,"date":"2024-01-17T10:26:33","date_gmt":"2024-01-17T10:26:33","guid":{"rendered":"https:\/\/www.purejewels.com\/?post_type=product&#038;p=356124"},"modified":"2026-04-14T07:24:11","modified_gmt":"2026-04-14T06:24:11","slug":"22ct-gold-rosette-schwarze-perle-mangalsura-armband-7-zoll-47438","status":"publish","type":"product","link":"https:\/\/www.purejewels.com\/de\/product\/22ct-gold-rosette-black-bead-mangalsura-bracelet-7-inches-47438\/","title":{"rendered":"22ct Gold Rosette schwarze Perle Mangalsura Armband | 7 Zoll"},"content":{"rendered":"<p><strong>Designkonzept<\/strong><br \/>\nDieses Mangalsutra-Armband aus 22-kar\u00e4tigem Gold mit Rosettenmotiven und schwarzen Perlen ist eine raffinierte Interpretation einer zeitlosen Tradition, die ihre Wurzeln in der Symbolik und im Geschichtenerz\u00e4hlen hat. Die Rosettenmotive, die von den zarten Bl\u00fcten der Natur inspiriert sind, stehen f\u00fcr die sich entfaltende Reise des Lebens - jedes Bl\u00fctenblatt ein Moment, jedes Detail eine Erinnerung. Das Design, das mit klassischen schwarzen Perlen verwoben ist, ehrt das kulturelle Erbe und pr\u00e4sentiert gleichzeitig eine weichere, modernere Silhouette, die sowohl bedeutungsvoll als auch m\u00fchelos elegant wirkt.<\/p>\n<p><strong><a href=\"https:\/\/www.purejewels.com\/de\/a-guide-to-die-stamping\/\">Handwerkliches K\u00f6nnen<\/a><\/strong><br \/>\nDieses aus strahlendem 22-kar\u00e4tigem Gold gefertigte Armband spiegelt PureJewels\u2019 Hingabe an Reinheit und Pr\u00e4zision wider. Jede Rosette ist fein geformt und mit einer subtilen Textur versehen, die dem Schmuckst\u00fcck Tiefe und Charakter verleiht, w\u00e4hrend die schwarzen Perlen sorgf\u00e4ltig gefasst sind, um eine flie\u00dfende und ausgewogene Bewegung am Handgelenk zu gew\u00e4hrleisten. Unsere Kunsthandwerker bringen Generationen von Fachkenntnissen in jedes Element ein und sorgen f\u00fcr ein Finish, das sowohl raffiniert als auch best\u00e4ndig ist - entworfen, um getragen, gesch\u00e4tzt und weitergegeben zu werden.<\/p>\n<p><strong>Styling-Ideen<\/strong><br \/>\nDieses anmutige, vielseitige 7-Zoll-Armband eignet sich hervorragend f\u00fcr den eleganten Alltag und besondere Anl\u00e4sse. Tragen Sie es allein f\u00fcr ein zartes, bedeutungsvolles Statement oder kombinieren Sie es mit goldenen Armreifen und feinen Ketten f\u00fcr einen ausdrucksstarken, modernen Look. Es l\u00e4sst sich m\u00fchelos sowohl mit traditioneller Kleidung als auch mit modernen Ensembles kombinieren und ist ein durchdachtes Schmuckst\u00fcck, das nahtlos in den Tag \u00fcbergeht - eine intime Reflexion von Stil, Gef\u00fchlen und den Reisen, die Sie feiern.<\/p>","protected":false},"excerpt":{"rendered":"<table class=\"sh_desc\">\n<tbody>\n<tr>\n<td>Typ des Armbands<\/td>\n<td>Frauen-Armband<\/td>\n<\/tr>\n<tr>\n<td>SKU<\/td>\n<td>55475, 55474<\/td>\n<\/tr>\n<tr>\n<td>Bruttogewicht<\/td>\n<td>3,72 Gramm<\/td>\n<\/tr>\n<tr>\n<td>Nettogewicht<\/td>\n<td>3,42 Gramm<\/td>\n<\/tr>\n<tr>\n<td>L\u00e4nge<\/td>\n<td>7 Zoll<\/td>\n<\/tr>\n<tr>\n<td>Breite<\/td>\n<td>5 mm<\/td>\n<\/tr>\n<tr>\n<td>Sammlung<\/td>\n<td><strong>Kollektion Rosette<\/strong><\/td>\n<\/tr>\n<tr>\n<td>Wahrzeichen<\/td>\n<td>22ct Gold gestempelt von London Assay Office<\/td>\n<\/tr>\n<tr>\n<td>Entgelte<\/td>\n<td>Lieferung und Mehrwertsteuer inbegriffen<\/td>\n<\/tr>\n<tr>\n<td>Verpackung<\/td>\n<td>Mit Pr\u00e4sentationsbox<\/td>\n<\/tr>\n<tr>\n<td>Mehr Informationen<\/td>\n<td>Live-Chat mit uns f\u00fcr die Verf\u00fcgbarkeit und mehr Bilder von Gold Bracelet<\/td>\n<\/tr>\n<\/tbody>\n<\/table>","protected":false},"featured_media":356129,"comment_status":"closed","ping_status":"closed","template":"","meta":{"_eb_attr":"","_crsspst_to_jayantr4sg-hostcom":false},"product_brand":[],"product_cat":[1791,5441,1559,6059,1790,1324,1229,5586,1656,1573,1574],"product_tag":[],"class_list":{"0":"post-356124","1":"product","2":"type-product","3":"status-publish","4":"has-post-thumbnail","6":"product_cat-anniversary-gifts","7":"product_cat-gold-bead-bracelets","8":"product_cat-birthday-gifts","9":"product_cat-fancy-bracelet","10":"product_cat-for-whom-when","11":"product_cat-gold-bracelet","12":"product_cat-22ct-gold-jewellery","13":"product_cat-rosette-bracelet","14":"product_cat-rosettes-collections","15":"product_cat-wedding-gifts","16":"product_cat-womens-jewellery","18":"first","19":"instock","20":"taxable","21":"shipping-taxable","22":"purchasable","23":"product-type-simple","24":"add-to-wishlist-before_image"},"yoast_head":"<!-- This site is optimized with the Yoast SEO plugin v27.5 - https:\/\/yoast.com\/product\/yoast-seo-wordpress\/ -->\n<title>22ct Gold Rosette Black Bead Mangalsura Bracelet online at UK<\/title>\n<meta name=\"description\" content=\"Elevate your style with the exquisite 22ct Gold Black Bead women Mangalsura Bracelet from the Rosette Collection, now available at purejewels UK.\" \/>\n<meta name=\"robots\" content=\"index, follow, max-snippet:-1, max-image-preview:large, max-video-preview:-1\" \/>\n<link rel=\"canonical\" href=\"https:\/\/www.purejewels.com\/de\/produkt-2\/22ct-gold-rosette-schwarze-perle-mangalsura-armband-7-zoll-47438\/\" \/>\n<meta property=\"og:locale\" content=\"de_DE\" \/>\n<meta property=\"og:type\" content=\"article\" \/>\n<meta property=\"og:title\" content=\"22ct Gold Rosette Black Bead Mangalsura Bracelet online at UK\" \/>\n<meta property=\"og:description\" content=\"Elevate your style with the exquisite 22ct Gold Black Bead women Mangalsura Bracelet from the Rosette Collection, now available at purejewels UK.\" \/>\n<meta property=\"og:url\" content=\"https:\/\/www.purejewels.com\/de\/produkt-2\/22ct-gold-rosette-schwarze-perle-mangalsura-armband-7-zoll-47438\/\" \/>\n<meta property=\"og:site_name\" content=\"PureJewels UK\" \/>\n<meta property=\"article:modified_time\" content=\"2026-04-14T06:24:11+00:00\" \/>\n<meta property=\"og:image\" content=\"https:\/\/static.purejewels.com\/wp-content\/uploads\/2024\/01\/47438.jpg\" \/>\n\t<meta property=\"og:image:width\" content=\"1\" \/>\n\t<meta property=\"og:image:height\" content=\"1\" \/>\n\t<meta property=\"og:image:type\" content=\"image\/jpeg\" \/>\n<meta name=\"twitter:card\" content=\"summary_large_image\" \/>\n<meta name=\"twitter:label1\" content=\"Gesch\u00e4tzte Lesezeit\" \/>\n\t<meta name=\"twitter:data1\" content=\"2\u00a0Minuten\" \/>\n<script type=\"application\/ld+json\" class=\"yoast-schema-graph\">{\"@context\":\"https:\\\/\\\/schema.org\",\"@graph\":[{\"@type\":[\"WebPage\",\"ItemPage\"],\"@id\":\"https:\\\/\\\/www.purejewels.com\\\/product\\\/22ct-gold-rosette-black-bead-mangalsura-bracelet-7-inches-47438\\\/\",\"url\":\"https:\\\/\\\/www.purejewels.com\\\/product\\\/22ct-gold-rosette-black-bead-mangalsura-bracelet-7-inches-47438\\\/\",\"name\":\"22ct Gold Rosette Black Bead Mangalsura Bracelet online at UK\",\"isPartOf\":{\"@id\":\"https:\\\/\\\/www.purejewels.com\\\/#website\"},\"primaryImageOfPage\":{\"@id\":\"https:\\\/\\\/www.purejewels.com\\\/product\\\/22ct-gold-rosette-black-bead-mangalsura-bracelet-7-inches-47438\\\/#primaryimage\"},\"image\":{\"@id\":\"https:\\\/\\\/www.purejewels.com\\\/product\\\/22ct-gold-rosette-black-bead-mangalsura-bracelet-7-inches-47438\\\/#primaryimage\"},\"thumbnailUrl\":\"https:\\\/\\\/static.purejewels.com\\\/wp-content\\\/uploads\\\/2024\\\/01\\\/47438.jpg\",\"datePublished\":\"2024-01-17T10:26:33+00:00\",\"dateModified\":\"2026-04-14T06:24:11+00:00\",\"description\":\"Elevate your style with the exquisite 22ct Gold Black Bead women Mangalsura Bracelet from the Rosette Collection, now available at purejewels UK.\",\"breadcrumb\":{\"@id\":\"https:\\\/\\\/www.purejewels.com\\\/product\\\/22ct-gold-rosette-black-bead-mangalsura-bracelet-7-inches-47438\\\/#breadcrumb\"},\"inLanguage\":\"de\",\"potentialAction\":[{\"@type\":\"ReadAction\",\"target\":[\"https:\\\/\\\/www.purejewels.com\\\/product\\\/22ct-gold-rosette-black-bead-mangalsura-bracelet-7-inches-47438\\\/\"]}]},{\"@type\":\"ImageObject\",\"inLanguage\":\"de\",\"@id\":\"https:\\\/\\\/www.purejewels.com\\\/product\\\/22ct-gold-rosette-black-bead-mangalsura-bracelet-7-inches-47438\\\/#primaryimage\",\"url\":\"https:\\\/\\\/static.purejewels.com\\\/wp-content\\\/uploads\\\/2024\\\/01\\\/47438.jpg\",\"contentUrl\":\"https:\\\/\\\/static.purejewels.com\\\/wp-content\\\/uploads\\\/2024\\\/01\\\/47438.jpg\",\"caption\":\"22ct Gold Rosette Black Bead Mangalsura Bracelet | 7 Inches 47438\"},{\"@type\":\"BreadcrumbList\",\"@id\":\"https:\\\/\\\/www.purejewels.com\\\/product\\\/22ct-gold-rosette-black-bead-mangalsura-bracelet-7-inches-47438\\\/#breadcrumb\",\"itemListElement\":[{\"@type\":\"ListItem\",\"position\":1,\"name\":\"Home\",\"item\":\"https:\\\/\\\/www.purejewels.com\\\/\"},{\"@type\":\"ListItem\",\"position\":2,\"name\":\"Shop\",\"item\":\"https:\\\/\\\/www.purejewels.com\\\/shop\\\/\"},{\"@type\":\"ListItem\",\"position\":3,\"name\":\"22ct Gold Rosette Black Bead Mangalsura Bracelet | 7 Inches\"}]},{\"@type\":\"WebSite\",\"@id\":\"https:\\\/\\\/www.purejewels.com\\\/#website\",\"url\":\"https:\\\/\\\/www.purejewels.com\\\/\",\"name\":\"PureJewels UK\",\"description\":\"Share the Love\",\"publisher\":{\"@id\":\"https:\\\/\\\/www.purejewels.com\\\/#organization\"},\"potentialAction\":[{\"@type\":\"SearchAction\",\"target\":{\"@type\":\"EntryPoint\",\"urlTemplate\":\"https:\\\/\\\/www.purejewels.com\\\/?s={search_term_string}\"},\"query-input\":{\"@type\":\"PropertyValueSpecification\",\"valueRequired\":true,\"valueName\":\"search_term_string\"}}],\"inLanguage\":\"de\"},{\"@type\":\"Organization\",\"@id\":\"https:\\\/\\\/www.purejewels.com\\\/#organization\",\"name\":\"PureJewels UK\",\"url\":\"https:\\\/\\\/www.purejewels.com\\\/\",\"logo\":{\"@type\":\"ImageObject\",\"inLanguage\":\"de\",\"@id\":\"https:\\\/\\\/www.purejewels.com\\\/#\\\/schema\\\/logo\\\/image\\\/\",\"url\":\"https:\\\/\\\/static.purejewels.com\\\/wp-content\\\/uploads\\\/2020\\\/11\\\/Logo-PJ-New-1.png\",\"contentUrl\":\"https:\\\/\\\/static.purejewels.com\\\/wp-content\\\/uploads\\\/2020\\\/11\\\/Logo-PJ-New-1.png\",\"width\":150,\"height\":80,\"caption\":\"PureJewels UK\"},\"image\":{\"@id\":\"https:\\\/\\\/www.purejewels.com\\\/#\\\/schema\\\/logo\\\/image\\\/\"}}]}<\/script>\n<!-- \/ Yoast SEO plugin. -->","yoast_head_json":{"title":"22ct Gold Rosette Schwarz Perle Mangalsura Armband online bei UK","description":"Erh\u00f6hen Sie Ihren Stil mit dem exquisiten 22ct Gold Black Bead Damen Mangalsura Armband aus der Rosette Kollektion, jetzt erh\u00e4ltlich bei purejewels UK.","robots":{"index":"index","follow":"follow","max-snippet":"max-snippet:-1","max-image-preview":"max-image-preview:large","max-video-preview":"max-video-preview:-1"},"canonical":"https:\/\/www.purejewels.com\/de\/produkt-2\/22ct-gold-rosette-schwarze-perle-mangalsura-armband-7-zoll-47438\/","og_locale":"de_DE","og_type":"article","og_title":"22ct Gold Rosette Black Bead Mangalsura Bracelet online at UK","og_description":"Elevate your style with the exquisite 22ct Gold Black Bead women Mangalsura Bracelet from the Rosette Collection, now available at purejewels UK.","og_url":"https:\/\/www.purejewels.com\/de\/produkt-2\/22ct-gold-rosette-schwarze-perle-mangalsura-armband-7-zoll-47438\/","og_site_name":"PureJewels UK","article_modified_time":"2026-04-14T06:24:11+00:00","og_image":[{"url":"https:\/\/static.purejewels.com\/wp-content\/uploads\/2024\/01\/47438.jpg","width":1,"height":1,"type":"image\/jpeg"}],"twitter_card":"summary_large_image","twitter_misc":{"Gesch\u00e4tzte Lesezeit":"2\u00a0Minuten"},"schema":{"@context":"https:\/\/schema.org","@graph":[{"@type":["WebPage","ItemPage"],"@id":"https:\/\/www.purejewels.com\/product\/22ct-gold-rosette-black-bead-mangalsura-bracelet-7-inches-47438\/","url":"https:\/\/www.purejewels.com\/product\/22ct-gold-rosette-black-bead-mangalsura-bracelet-7-inches-47438\/","name":"22ct Gold Rosette Schwarz Perle Mangalsura Armband online bei UK","isPartOf":{"@id":"https:\/\/www.purejewels.com\/#website"},"primaryImageOfPage":{"@id":"https:\/\/www.purejewels.com\/product\/22ct-gold-rosette-black-bead-mangalsura-bracelet-7-inches-47438\/#primaryimage"},"image":{"@id":"https:\/\/www.purejewels.com\/product\/22ct-gold-rosette-black-bead-mangalsura-bracelet-7-inches-47438\/#primaryimage"},"thumbnailUrl":"https:\/\/static.purejewels.com\/wp-content\/uploads\/2024\/01\/47438.jpg","datePublished":"2024-01-17T10:26:33+00:00","dateModified":"2026-04-14T06:24:11+00:00","description":"Erh\u00f6hen Sie Ihren Stil mit dem exquisiten 22ct Gold Black Bead Damen Mangalsura Armband aus der Rosette Kollektion, jetzt erh\u00e4ltlich bei purejewels UK.","breadcrumb":{"@id":"https:\/\/www.purejewels.com\/product\/22ct-gold-rosette-black-bead-mangalsura-bracelet-7-inches-47438\/#breadcrumb"},"inLanguage":"de","potentialAction":[{"@type":"ReadAction","target":["https:\/\/www.purejewels.com\/product\/22ct-gold-rosette-black-bead-mangalsura-bracelet-7-inches-47438\/"]}]},{"@type":"ImageObject","inLanguage":"de","@id":"https:\/\/www.purejewels.com\/product\/22ct-gold-rosette-black-bead-mangalsura-bracelet-7-inches-47438\/#primaryimage","url":"https:\/\/static.purejewels.com\/wp-content\/uploads\/2024\/01\/47438.jpg","contentUrl":"https:\/\/static.purejewels.com\/wp-content\/uploads\/2024\/01\/47438.jpg","caption":"22ct Gold Rosette Black Bead Mangalsura Bracelet | 7 Inches 47438"},{"@type":"BreadcrumbList","@id":"https:\/\/www.purejewels.com\/product\/22ct-gold-rosette-black-bead-mangalsura-bracelet-7-inches-47438\/#breadcrumb","itemListElement":[{"@type":"ListItem","position":1,"name":"Home","item":"https:\/\/www.purejewels.com\/"},{"@type":"ListItem","position":2,"name":"Shop","item":"https:\/\/www.purejewels.com\/shop\/"},{"@type":"ListItem","position":3,"name":"22ct Gold Rosette Black Bead Mangalsura Bracelet | 7 Inches"}]},{"@type":"WebSite","@id":"https:\/\/www.purejewels.com\/#website","url":"https:\/\/www.purejewels.com\/","name":"PureJewels UK","description":"Teile die Liebe","publisher":{"@id":"https:\/\/www.purejewels.com\/#organization"},"potentialAction":[{"@type":"SearchAction","target":{"@type":"EntryPoint","urlTemplate":"https:\/\/www.purejewels.com\/?s={search_term_string}"},"query-input":{"@type":"PropertyValueSpecification","valueRequired":true,"valueName":"search_term_string"}}],"inLanguage":"de"},{"@type":"Organization","@id":"https:\/\/www.purejewels.com\/#organization","name":"PureJewels UK","url":"https:\/\/www.purejewels.com\/","logo":{"@type":"ImageObject","inLanguage":"de","@id":"https:\/\/www.purejewels.com\/#\/schema\/logo\/image\/","url":"https:\/\/static.purejewels.com\/wp-content\/uploads\/2020\/11\/Logo-PJ-New-1.png","contentUrl":"https:\/\/static.purejewels.com\/wp-content\/uploads\/2020\/11\/Logo-PJ-New-1.png","width":150,"height":80,"caption":"PureJewels UK"},"image":{"@id":"https:\/\/www.purejewels.com\/#\/schema\/logo\/image\/"}}]}},"_links":{"self":[{"href":"https:\/\/www.purejewels.com\/de\/wp-json\/wp\/v2\/product\/356124","targetHints":{"allow":["GET"]}}],"collection":[{"href":"https:\/\/www.purejewels.com\/de\/wp-json\/wp\/v2\/product"}],"about":[{"href":"https:\/\/www.purejewels.com\/de\/wp-json\/wp\/v2\/types\/product"}],"replies":[{"embeddable":true,"href":"https:\/\/www.purejewels.com\/de\/wp-json\/wp\/v2\/comments?post=356124"}],"version-history":[{"count":3,"href":"https:\/\/www.purejewels.com\/de\/wp-json\/wp\/v2\/product\/356124\/revisions"}],"predecessor-version":[{"id":428402,"href":"https:\/\/www.purejewels.com\/de\/wp-json\/wp\/v2\/product\/356124\/revisions\/428402"}],"wp:featuredmedia":[{"embeddable":true,"href":"https:\/\/www.purejewels.com\/de\/wp-json\/wp\/v2\/media\/356129"}],"wp:attachment":[{"href":"https:\/\/www.purejewels.com\/de\/wp-json\/wp\/v2\/media?parent=356124"}],"wp:term":[{"taxonomy":"product_brand","embeddable":true,"href":"https:\/\/www.purejewels.com\/de\/wp-json\/wp\/v2\/product_brand?post=356124"},{"taxonomy":"product_cat","embeddable":true,"href":"https:\/\/www.purejewels.com\/de\/wp-json\/wp\/v2\/product_cat?post=356124"},{"taxonomy":"product_tag","embeddable":true,"href":"https:\/\/www.purejewels.com\/de\/wp-json\/wp\/v2\/product_tag?post=356124"}],"curies":[{"name":"wp","href":"https:\/\/api.w.org\/{rel}","templated":true}]}}