{"id":357461,"date":"2025-05-13T18:19:31","date_gmt":"2025-05-13T17:19:31","guid":{"rendered":"https:\/\/www.purejewels.com\/?post_type=product&#038;p=357461"},"modified":"2026-02-04T09:47:08","modified_gmt":"2026-02-04T09:47:08","slug":"ehering-aus-22-karat-gold-fur-herren-48685","status":"publish","type":"product","link":"https:\/\/www.purejewels.com\/de\/product\/mens-22ct-gold-wedding-ring-48685\/","title":{"rendered":"Herren 22ct Gold Ehering | Gr\u00f6\u00dfe U 1\/2"},"content":{"rendered":"<p data-sourcepos=\"3:1-3:64\"><strong>F\u00fcr ein ganzes Leben voller Liebe gemacht: M\u00e4nner <a href=\"https:\/\/www.purejewels.com\/de\/product\/22ct-indian-gold-wedding-band-916\/\">22ct Gold Ehering<\/a><\/strong><\/p>\n<p data-sourcepos=\"5:1-5:17\">Diese luxuri\u00f6se <a href=\"https:\/\/www.purejewels.com\/de\/product\/22ct-gold-jali-filigree-ring-jali-collection-31926\/\">22ct<\/a> Gelbgold-Hochzeitsring wurde f\u00fcr den modernen Mann entworfen, der ein zeitloses Symbol f\u00fcr sein Engagement sucht. Das klassische und elegante Design hat eine glatte, polierte Oberfl\u00e4che, die nie aus der Mode kommen wird.<\/p>\n<p data-sourcepos=\"7:1-7:118\"><strong>Punziert vom London Assay Office f\u00fcr Qualit\u00e4t<\/strong>k\u00f6nnen Sie sicher sein, dass Sie ein echtes Produkt erhalten. <a href=\"https:\/\/www.purejewels.com\/de\/product\/22ct-yellow-gold-cz-ring-51205\/\">22-kar\u00e4tiger Goldring<\/a>. Diese vertrauensw\u00fcrdige <a href=\"https:\/\/www.purejewels.com\/de\/a-guide-to-hallmarking-and-dealers-notice\/\">Punzierung<\/a> Institution gew\u00e4hrleistet, dass der Ring den h\u00f6chsten Reinheitsstandards entspricht.<\/p>\n<p data-sourcepos=\"7:1-7:118\"><span data-sheets-root=\"1\">Dieser luxuri\u00f6se Ehering aus 22 Karat Gold f\u00fcr ihn ist das perfekte Symbol f\u00fcr Liebe und Engagement. Mit Pr\u00e4zision und Liebe zum Detail gefertigt, ist dieser goldene Ehering f\u00fcr M\u00e4nner ein zeitloses St\u00fcck, das ein Leben lang halten wird. Die Ringgr\u00f6\u00dfe ist U 1\/2, mit einer Dicke von 5,5 mm und einem Gewicht von 5,8 g, so dass es eine erhebliche und robuste Ring f\u00fcr den t\u00e4glichen Gebrauch.<\/span><\/p>\n<p>Jeder Ring ist vom London Assay Office gepunzt, was die Qualit\u00e4t und Echtheit des Goldes gew\u00e4hrleistet. Er wird in einer sch\u00f6nen Pr\u00e4sentationsbox geliefert und ist somit ein ideales Geschenk f\u00fcr einen besonderen Anlass. Ob Sie nun einen traditionellen indischen Ehering oder ein modernes Statement suchen, dieser Ehering aus 22 Karat Gold ist eine vielseitige Wahl.<\/p>\n<p data-sourcepos=\"18:1-18:152\"><strong>Dieses au\u00dfergew\u00f6hnliche St\u00fcck ist ein perfektes Symbol f\u00fcr Ihre Liebe und Hingabe. Feiern Sie Ihr Engagement mit diesem luxuri\u00f6sen Ehering aus 22 Karat Gold mit Stil.<\/strong><\/p>","protected":false},"excerpt":{"rendered":"<ul>\n<li>22ct Gold Band Ring<\/li>\n<li>Gewicht des Rings 5,8 g.<\/li>\n<li>Band Gr\u00f6\u00dfe.U 1\/2<\/li>\n<li>Dicke. 5,5 mm<\/li>\n<li>SKU. 48685<\/li>\n<li>Geschlecht: M\u00e4nnlich<\/li>\n<li>Diese Preise sind f\u00fcr Lagerringe, diese Ringe k\u00f6nnen auf Bestellung in allen Gr\u00f6\u00dfen hergestellt werden, die Preise k\u00f6nnen je nach Ringgr\u00f6\u00dfe variieren<\/li>\n<li>Alle unsere Produkte sind vom London Assay Office gepunzt.<\/li>\n<li>Mit einer Pr\u00e4sentationsbox<\/li>\n<li>Lieferung inbegriffen<\/li>\n<li>Alle Preise inklusive Mehrwertsteuer<\/li>\n<li>Kontaktieren Sie uns \/ chatten Sie mit uns, um unsere gesamte Kollektion an indischen Hochzeitsb\u00e4ndern zu entdecken<\/li>\n<\/ul>","protected":false},"featured_media":364494,"comment_status":"closed","ping_status":"closed","template":"","meta":{"_eb_attr":"","_crsspst_to_jayantr4sg-hostcom":true},"product_brand":[],"product_cat":[1640,1571,1784,1229,1235,1572,229,226],"product_tag":[],"class_list":{"0":"post-357461","1":"product","2":"type-product","3":"status-publish","4":"has-post-thumbnail","6":"product_cat-22ct-gold-bands","7":"product_cat-fathers-day-gifts","8":"product_cat-gents-rings","9":"product_cat-22ct-gold-jewellery","10":"product_cat-gold-rings","11":"product_cat-mens-jewellery","12":"product_cat-wedding-bands","13":"product_cat-wedding-rings-bands","15":"first","16":"instock","17":"taxable","18":"shipping-taxable","19":"purchasable","20":"product-type-simple","21":"add-to-wishlist-before_image"},"yoast_head":"<!-- This site is optimized with the Yoast SEO plugin v27.5 - https:\/\/yoast.com\/product\/yoast-seo-wordpress\/ -->\n<title>Luxurious 22ct Gold Wedding Ring for Men | PureJewels UK<\/title>\n<meta name=\"description\" content=\"Celebrate forever with a luxurious 22ct gold wedding ring for him. PureJewels offers timeless elegance he&#039;ll cherish. Free Shipping across UK!\" \/>\n<meta name=\"robots\" content=\"index, follow, max-snippet:-1, max-image-preview:large, max-video-preview:-1\" \/>\n<link rel=\"canonical\" href=\"https:\/\/www.purejewels.com\/de\/produkt-2\/ehering-aus-22-karat-gold-fur-herren-48685\/\" \/>\n<meta property=\"og:locale\" content=\"de_DE\" \/>\n<meta property=\"og:type\" content=\"article\" \/>\n<meta property=\"og:title\" content=\"Luxurious 22ct Gold Wedding Ring for Men | PureJewels UK\" \/>\n<meta property=\"og:description\" content=\"Celebrate forever with a luxurious 22ct gold wedding ring for him. PureJewels offers timeless elegance he&#039;ll cherish. Free Shipping across UK!\" \/>\n<meta property=\"og:url\" content=\"https:\/\/www.purejewels.com\/de\/produkt-2\/ehering-aus-22-karat-gold-fur-herren-48685\/\" \/>\n<meta property=\"og:site_name\" content=\"PureJewels UK\" \/>\n<meta property=\"article:modified_time\" content=\"2026-02-04T09:47:08+00:00\" \/>\n<meta property=\"og:image\" content=\"https:\/\/static.purejewels.com\/wp-content\/uploads\/2024\/02\/48685.png\" \/>\n\t<meta property=\"og:image:width\" content=\"1000\" \/>\n\t<meta property=\"og:image:height\" content=\"1000\" \/>\n\t<meta property=\"og:image:type\" content=\"image\/png\" \/>\n<meta name=\"twitter:card\" content=\"summary_large_image\" \/>\n<meta name=\"twitter:label1\" content=\"Gesch\u00e4tzte Lesezeit\" \/>\n\t<meta name=\"twitter:data1\" content=\"2\u00a0Minuten\" \/>\n<script type=\"application\/ld+json\" class=\"yoast-schema-graph\">{\"@context\":\"https:\\\/\\\/schema.org\",\"@graph\":[{\"@type\":[\"WebPage\",\"ItemPage\"],\"@id\":\"https:\\\/\\\/www.purejewels.com\\\/product\\\/mens-22ct-gold-wedding-ring-48685\\\/\",\"url\":\"https:\\\/\\\/www.purejewels.com\\\/product\\\/mens-22ct-gold-wedding-ring-48685\\\/\",\"name\":\"Luxurious 22ct Gold Wedding Ring for Men | PureJewels UK\",\"isPartOf\":{\"@id\":\"https:\\\/\\\/www.purejewels.com\\\/#website\"},\"primaryImageOfPage\":{\"@id\":\"https:\\\/\\\/www.purejewels.com\\\/product\\\/mens-22ct-gold-wedding-ring-48685\\\/#primaryimage\"},\"image\":{\"@id\":\"https:\\\/\\\/www.purejewels.com\\\/product\\\/mens-22ct-gold-wedding-ring-48685\\\/#primaryimage\"},\"thumbnailUrl\":\"https:\\\/\\\/static.purejewels.com\\\/wp-content\\\/uploads\\\/2024\\\/02\\\/48685.png\",\"datePublished\":\"2025-05-13T17:19:31+00:00\",\"dateModified\":\"2026-02-04T09:47:08+00:00\",\"description\":\"Celebrate forever with a luxurious 22ct gold wedding ring for him. PureJewels offers timeless elegance he'll cherish. Free Shipping across UK!\",\"breadcrumb\":{\"@id\":\"https:\\\/\\\/www.purejewels.com\\\/product\\\/mens-22ct-gold-wedding-ring-48685\\\/#breadcrumb\"},\"inLanguage\":\"de\",\"potentialAction\":[{\"@type\":\"ReadAction\",\"target\":[\"https:\\\/\\\/www.purejewels.com\\\/product\\\/mens-22ct-gold-wedding-ring-48685\\\/\"]}]},{\"@type\":\"ImageObject\",\"inLanguage\":\"de\",\"@id\":\"https:\\\/\\\/www.purejewels.com\\\/product\\\/mens-22ct-gold-wedding-ring-48685\\\/#primaryimage\",\"url\":\"https:\\\/\\\/static.purejewels.com\\\/wp-content\\\/uploads\\\/2024\\\/02\\\/48685.png\",\"contentUrl\":\"https:\\\/\\\/static.purejewels.com\\\/wp-content\\\/uploads\\\/2024\\\/02\\\/48685.png\",\"width\":1000,\"height\":1000,\"caption\":\"22ct Gold Band\"},{\"@type\":\"BreadcrumbList\",\"@id\":\"https:\\\/\\\/www.purejewels.com\\\/product\\\/mens-22ct-gold-wedding-ring-48685\\\/#breadcrumb\",\"itemListElement\":[{\"@type\":\"ListItem\",\"position\":1,\"name\":\"Home\",\"item\":\"https:\\\/\\\/www.purejewels.com\\\/\"},{\"@type\":\"ListItem\",\"position\":2,\"name\":\"Shop\",\"item\":\"https:\\\/\\\/www.purejewels.com\\\/shop\\\/\"},{\"@type\":\"ListItem\",\"position\":3,\"name\":\"Men&#8217;s 22ct Gold Wedding Ring | Size U 1\\\/2\"}]},{\"@type\":\"WebSite\",\"@id\":\"https:\\\/\\\/www.purejewels.com\\\/#website\",\"url\":\"https:\\\/\\\/www.purejewels.com\\\/\",\"name\":\"PureJewels UK\",\"description\":\"Share the Love\",\"publisher\":{\"@id\":\"https:\\\/\\\/www.purejewels.com\\\/#organization\"},\"potentialAction\":[{\"@type\":\"SearchAction\",\"target\":{\"@type\":\"EntryPoint\",\"urlTemplate\":\"https:\\\/\\\/www.purejewels.com\\\/?s={search_term_string}\"},\"query-input\":{\"@type\":\"PropertyValueSpecification\",\"valueRequired\":true,\"valueName\":\"search_term_string\"}}],\"inLanguage\":\"de\"},{\"@type\":\"Organization\",\"@id\":\"https:\\\/\\\/www.purejewels.com\\\/#organization\",\"name\":\"PureJewels UK\",\"url\":\"https:\\\/\\\/www.purejewels.com\\\/\",\"logo\":{\"@type\":\"ImageObject\",\"inLanguage\":\"de\",\"@id\":\"https:\\\/\\\/www.purejewels.com\\\/#\\\/schema\\\/logo\\\/image\\\/\",\"url\":\"https:\\\/\\\/static.purejewels.com\\\/wp-content\\\/uploads\\\/2020\\\/11\\\/Logo-PJ-New-1.png\",\"contentUrl\":\"https:\\\/\\\/static.purejewels.com\\\/wp-content\\\/uploads\\\/2020\\\/11\\\/Logo-PJ-New-1.png\",\"width\":150,\"height\":80,\"caption\":\"PureJewels UK\"},\"image\":{\"@id\":\"https:\\\/\\\/www.purejewels.com\\\/#\\\/schema\\\/logo\\\/image\\\/\"}}]}<\/script>\n<!-- \/ Yoast SEO plugin. -->","yoast_head_json":{"title":"Luxuri\u00f6ser 22ct Gold Ehering f\u00fcr M\u00e4nner | PureJewels UK","description":"Feiern Sie die Ewigkeit mit einem luxuri\u00f6sen Ehering aus 22 Karat Gold f\u00fcr ihn. PureJewels bietet zeitlose Eleganz, die er zu sch\u00e4tzen wissen wird. Kostenloser Versand in ganz Gro\u00dfbritannien!","robots":{"index":"index","follow":"follow","max-snippet":"max-snippet:-1","max-image-preview":"max-image-preview:large","max-video-preview":"max-video-preview:-1"},"canonical":"https:\/\/www.purejewels.com\/de\/produkt-2\/ehering-aus-22-karat-gold-fur-herren-48685\/","og_locale":"de_DE","og_type":"article","og_title":"Luxurious 22ct Gold Wedding Ring for Men | PureJewels UK","og_description":"Celebrate forever with a luxurious 22ct gold wedding ring for him. PureJewels offers timeless elegance he'll cherish. Free Shipping across UK!","og_url":"https:\/\/www.purejewels.com\/de\/produkt-2\/ehering-aus-22-karat-gold-fur-herren-48685\/","og_site_name":"PureJewels UK","article_modified_time":"2026-02-04T09:47:08+00:00","og_image":[{"width":1000,"height":1000,"url":"https:\/\/static.purejewels.com\/wp-content\/uploads\/2024\/02\/48685.png","type":"image\/png"}],"twitter_card":"summary_large_image","twitter_misc":{"Gesch\u00e4tzte Lesezeit":"2\u00a0Minuten"},"schema":{"@context":"https:\/\/schema.org","@graph":[{"@type":["WebPage","ItemPage"],"@id":"https:\/\/www.purejewels.com\/product\/mens-22ct-gold-wedding-ring-48685\/","url":"https:\/\/www.purejewels.com\/product\/mens-22ct-gold-wedding-ring-48685\/","name":"Luxuri\u00f6ser 22ct Gold Ehering f\u00fcr M\u00e4nner | PureJewels UK","isPartOf":{"@id":"https:\/\/www.purejewels.com\/#website"},"primaryImageOfPage":{"@id":"https:\/\/www.purejewels.com\/product\/mens-22ct-gold-wedding-ring-48685\/#primaryimage"},"image":{"@id":"https:\/\/www.purejewels.com\/product\/mens-22ct-gold-wedding-ring-48685\/#primaryimage"},"thumbnailUrl":"https:\/\/static.purejewels.com\/wp-content\/uploads\/2024\/02\/48685.png","datePublished":"2025-05-13T17:19:31+00:00","dateModified":"2026-02-04T09:47:08+00:00","description":"Feiern Sie die Ewigkeit mit einem luxuri\u00f6sen Ehering aus 22 Karat Gold f\u00fcr ihn. PureJewels bietet zeitlose Eleganz, die er zu sch\u00e4tzen wissen wird. Kostenloser Versand in ganz Gro\u00dfbritannien!","breadcrumb":{"@id":"https:\/\/www.purejewels.com\/product\/mens-22ct-gold-wedding-ring-48685\/#breadcrumb"},"inLanguage":"de","potentialAction":[{"@type":"ReadAction","target":["https:\/\/www.purejewels.com\/product\/mens-22ct-gold-wedding-ring-48685\/"]}]},{"@type":"ImageObject","inLanguage":"de","@id":"https:\/\/www.purejewels.com\/product\/mens-22ct-gold-wedding-ring-48685\/#primaryimage","url":"https:\/\/static.purejewels.com\/wp-content\/uploads\/2024\/02\/48685.png","contentUrl":"https:\/\/static.purejewels.com\/wp-content\/uploads\/2024\/02\/48685.png","width":1000,"height":1000,"caption":"22ct Gold Band"},{"@type":"BreadcrumbList","@id":"https:\/\/www.purejewels.com\/product\/mens-22ct-gold-wedding-ring-48685\/#breadcrumb","itemListElement":[{"@type":"ListItem","position":1,"name":"Home","item":"https:\/\/www.purejewels.com\/"},{"@type":"ListItem","position":2,"name":"Shop","item":"https:\/\/www.purejewels.com\/shop\/"},{"@type":"ListItem","position":3,"name":"Men&#8217;s 22ct Gold Wedding Ring | Size U 1\/2"}]},{"@type":"WebSite","@id":"https:\/\/www.purejewels.com\/#website","url":"https:\/\/www.purejewels.com\/","name":"PureJewels UK","description":"Teile die Liebe","publisher":{"@id":"https:\/\/www.purejewels.com\/#organization"},"potentialAction":[{"@type":"SearchAction","target":{"@type":"EntryPoint","urlTemplate":"https:\/\/www.purejewels.com\/?s={search_term_string}"},"query-input":{"@type":"PropertyValueSpecification","valueRequired":true,"valueName":"search_term_string"}}],"inLanguage":"de"},{"@type":"Organization","@id":"https:\/\/www.purejewels.com\/#organization","name":"PureJewels UK","url":"https:\/\/www.purejewels.com\/","logo":{"@type":"ImageObject","inLanguage":"de","@id":"https:\/\/www.purejewels.com\/#\/schema\/logo\/image\/","url":"https:\/\/static.purejewels.com\/wp-content\/uploads\/2020\/11\/Logo-PJ-New-1.png","contentUrl":"https:\/\/static.purejewels.com\/wp-content\/uploads\/2020\/11\/Logo-PJ-New-1.png","width":150,"height":80,"caption":"PureJewels UK"},"image":{"@id":"https:\/\/www.purejewels.com\/#\/schema\/logo\/image\/"}}]}},"_links":{"self":[{"href":"https:\/\/www.purejewels.com\/de\/wp-json\/wp\/v2\/product\/357461","targetHints":{"allow":["GET"]}}],"collection":[{"href":"https:\/\/www.purejewels.com\/de\/wp-json\/wp\/v2\/product"}],"about":[{"href":"https:\/\/www.purejewels.com\/de\/wp-json\/wp\/v2\/types\/product"}],"replies":[{"embeddable":true,"href":"https:\/\/www.purejewels.com\/de\/wp-json\/wp\/v2\/comments?post=357461"}],"version-history":[{"count":4,"href":"https:\/\/www.purejewels.com\/de\/wp-json\/wp\/v2\/product\/357461\/revisions"}],"predecessor-version":[{"id":425665,"href":"https:\/\/www.purejewels.com\/de\/wp-json\/wp\/v2\/product\/357461\/revisions\/425665"}],"wp:featuredmedia":[{"embeddable":true,"href":"https:\/\/www.purejewels.com\/de\/wp-json\/wp\/v2\/media\/364494"}],"wp:attachment":[{"href":"https:\/\/www.purejewels.com\/de\/wp-json\/wp\/v2\/media?parent=357461"}],"wp:term":[{"taxonomy":"product_brand","embeddable":true,"href":"https:\/\/www.purejewels.com\/de\/wp-json\/wp\/v2\/product_brand?post=357461"},{"taxonomy":"product_cat","embeddable":true,"href":"https:\/\/www.purejewels.com\/de\/wp-json\/wp\/v2\/product_cat?post=357461"},{"taxonomy":"product_tag","embeddable":true,"href":"https:\/\/www.purejewels.com\/de\/wp-json\/wp\/v2\/product_tag?post=357461"}],"curies":[{"name":"wp","href":"https:\/\/api.w.org\/{rel}","templated":true}]}}