{"id":357513,"date":"2024-03-15T10:10:36","date_gmt":"2024-03-15T10:10:36","guid":{"rendered":"https:\/\/www.purejewels.com\/?post_type=product&#038;p=357513"},"modified":"2026-04-24T17:43:14","modified_gmt":"2026-04-24T16:43:14","slug":"22-kt-gold-antik-finish-band-47500","status":"publish","type":"product","link":"https:\/\/www.purejewels.com\/de\/product\/22ct-gold-antique-finish-band-47500\/","title":{"rendered":"22ct Gold Antik Finish Band | 9mm"},"content":{"rendered":"<p>Inspiriert von den kunstvollen Verzierungen der traditionellen indischen Goldschmiedekunst, besticht das Ringband der Armari-Kollektion durch zeitlose Sch\u00f6nheit und akribische Handwerkskunst. Die Oberfl\u00e4che erbl\u00fcht mit zarten floralen Formen, die von gedrehten Golddr\u00e4hten umrahmt werden und eine f\u00fchlbare Textur erzeugen, die in jedem Licht schimmert. Der aus reinem 22-kar\u00e4tigem Gold gegossene Ring strahlt Opulenz aus und ist dennoch alltagstauglich und elegant. Sein skulpturales 9-mm-Profil verleiht ihm Substanz und St\u00e4rke und macht ihn so best\u00e4ndig wie die Geschichten, die er symbolisieren wird.<\/p>\n<h3>Designkonzept<\/h3>\n<p>Das Design sch\u00f6pft aus dem Erbe der indischen Ornamentik, \u00fcbersetzt in ein modernes Band. Jedes Bl\u00fctenblatt und jede Windung aus Gold ist von komplizierten Stickereimustern inspiriert und spiegelt die Einheit von Sch\u00f6nheit und Pr\u00e4zision moderner Handwerkskunst wider.<\/p>\n<h3>Handwerkliches K\u00f6nnen<\/h3>\n<p>Der Ring wird in Handarbeit aus 22-kar\u00e4tigem Gold mit traditionellen Pr\u00e4ge- und Handarbeitstechniken hergestellt und zeichnet sich durch pr\u00e4zise Drahtdetails aus, die seine dreidimensionale Textur unterstreichen. Jedes St\u00fcck wird sorgf\u00e4ltig poliert, um einen weichen, strahlenden Glanz zu erzielen, der f\u00fcr die Handwerkskunst von PureJewels charakteristisch ist.<\/p>\n<h3>Styling &amp; Geschenkartikel<\/h3>\n<p>Ein Statement-Band, das sowohl zu ethnischen als auch zu modernen Ensembles passt. Seine zeitlose Textur erg\u00e4nzt mehrlagigen Goldschmuck oder steht als Einzelst\u00fcck f\u00fcr sich. Perfekt f\u00fcr Jubil\u00e4en, Jahrestage oder als luxuri\u00f6ses Geschenk f\u00fcr sich selbst, das St\u00e4rke und Anmut symbolisiert.<\/p>","protected":false},"excerpt":{"rendered":"<p data-start=\"624\" data-end=\"849\">Dieser Ring aus 22-kar\u00e4tigem Gold aus der Armari-Kollektion verk\u00f6rpert mit seinen handgravierten floralen Motiven und den gedrehten Drahtdetails feine Handwerkskunst. Ein k\u00fchner Ring, der W\u00e4rme und Luxus ausstrahlt - ideal, um ihn zu tragen oder zu verschenken.<\/p>\n<p><strong>Material:<\/strong> 22ct Gold (91,6% reines Gold)<br \/>\n<strong>Wahrzeichen:<\/strong>\u00a0Britisches G\u00fctesiegel<br \/>\n<strong>Bruttogewichtsbereich:<\/strong> 5,2 Gramm - 6,04 Gramm<br \/>\n<strong>Ringgr\u00f6\u00dfe:<\/strong>\u00a0Erh\u00e4ltlich in verschiedenen Gr\u00f6\u00dfen<br \/>\n<strong>Breite:<\/strong> 9mm<br \/>\n<strong>SKU: <\/strong>47500, 48057, 48058<\/p>\n<p><strong>Preis und Lieferung<\/strong>: Inklusive Mehrwertsteuer und Lieferkosten<br \/>\n<a href=\"https:\/\/www.purejewels.com\/de\/ruckgabepolitik\/\">R\u00fcckgabepolitik<\/a><\/p>","protected":false},"featured_media":359512,"comment_status":"closed","ping_status":"closed","template":"","meta":{"_eb_attr":"","_crsspst_to_jayantr4sg-hostcom":false},"product_brand":[],"product_cat":[1791,245,5642,1559,236,1235,1783,1786,1573,1574,5349],"product_tag":[1430],"class_list":{"0":"post-357513","1":"product","2":"type-product","3":"status-publish","4":"has-post-thumbnail","6":"product_cat-anniversary-gifts","7":"product_cat-armari-collections","8":"product_cat-armari-ring","9":"product_cat-birthday-gifts","10":"product_cat-collections","11":"product_cat-gold-rings","12":"product_cat-ladies-rings","13":"product_cat-occasional-wear-rings","14":"product_cat-wedding-gifts","15":"product_cat-womens-jewellery","16":"product_cat-yellow-gold-jewellery","17":"product_tag-diwali-gift","19":"first","20":"outofstock","21":"taxable","22":"shipping-taxable","23":"product-type-variable","24":"add-to-wishlist-before_image"},"yoast_head":"<!-- This site is optimized with the Yoast SEO plugin v27.5 - https:\/\/yoast.com\/product\/yoast-seo-wordpress\/ -->\n<title>Armari Collection 22ct Gold Antique Finish Band<\/title>\n<meta name=\"description\" content=\"Find your perfect fit! The Armari Collection 22ct Gold Antique Finish Band is now available in size I online. Free delivery across UK.\" \/>\n<meta name=\"robots\" content=\"index, follow, max-snippet:-1, max-image-preview:large, max-video-preview:-1\" \/>\n<link rel=\"canonical\" href=\"https:\/\/www.purejewels.com\/de\/produkt-2\/22-kt-gold-antik-finish-band-47500\/\" \/>\n<meta property=\"og:locale\" content=\"de_DE\" \/>\n<meta property=\"og:type\" content=\"article\" \/>\n<meta property=\"og:title\" content=\"Armari Collection 22ct Gold Antique Finish Band\" \/>\n<meta property=\"og:description\" content=\"Find your perfect fit! The Armari Collection 22ct Gold Antique Finish Band is now available in size I online. Free delivery across UK.\" \/>\n<meta property=\"og:url\" content=\"https:\/\/www.purejewels.com\/de\/produkt-2\/22-kt-gold-antik-finish-band-47500\/\" \/>\n<meta property=\"og:site_name\" content=\"PureJewels UK\" \/>\n<meta property=\"article:modified_time\" content=\"2026-04-24T16:43:14+00:00\" \/>\n<meta property=\"og:image\" content=\"https:\/\/static.purejewels.com\/wp-content\/uploads\/2024\/02\/46359.png\" \/>\n\t<meta property=\"og:image:width\" content=\"1000\" \/>\n\t<meta property=\"og:image:height\" content=\"1000\" \/>\n\t<meta property=\"og:image:type\" content=\"image\/png\" \/>\n<meta name=\"twitter:card\" content=\"summary_large_image\" \/>\n<meta name=\"twitter:label1\" content=\"Gesch\u00e4tzte Lesezeit\" \/>\n\t<meta name=\"twitter:data1\" content=\"2\u00a0Minuten\" \/>\n<script type=\"application\/ld+json\" class=\"yoast-schema-graph\">{\"@context\":\"https:\\\/\\\/schema.org\",\"@graph\":[{\"@type\":[\"WebPage\",\"ItemPage\"],\"@id\":\"https:\\\/\\\/www.purejewels.com\\\/product\\\/22ct-gold-antique-finish-band-47500\\\/\",\"url\":\"https:\\\/\\\/www.purejewels.com\\\/product\\\/22ct-gold-antique-finish-band-47500\\\/\",\"name\":\"Armari Collection 22ct Gold Antique Finish Band\",\"isPartOf\":{\"@id\":\"https:\\\/\\\/www.purejewels.com\\\/#website\"},\"primaryImageOfPage\":{\"@id\":\"https:\\\/\\\/www.purejewels.com\\\/product\\\/22ct-gold-antique-finish-band-47500\\\/#primaryimage\"},\"image\":{\"@id\":\"https:\\\/\\\/www.purejewels.com\\\/product\\\/22ct-gold-antique-finish-band-47500\\\/#primaryimage\"},\"thumbnailUrl\":\"https:\\\/\\\/static.purejewels.com\\\/wp-content\\\/uploads\\\/2024\\\/02\\\/46359.png\",\"datePublished\":\"2024-03-15T10:10:36+00:00\",\"dateModified\":\"2026-04-24T16:43:14+00:00\",\"description\":\"Find your perfect fit! The Armari Collection 22ct Gold Antique Finish Band is now available in size I online. Free delivery across UK.\",\"breadcrumb\":{\"@id\":\"https:\\\/\\\/www.purejewels.com\\\/product\\\/22ct-gold-antique-finish-band-47500\\\/#breadcrumb\"},\"inLanguage\":\"de\",\"potentialAction\":[{\"@type\":\"ReadAction\",\"target\":[\"https:\\\/\\\/www.purejewels.com\\\/product\\\/22ct-gold-antique-finish-band-47500\\\/\"]}]},{\"@type\":\"ImageObject\",\"inLanguage\":\"de\",\"@id\":\"https:\\\/\\\/www.purejewels.com\\\/product\\\/22ct-gold-antique-finish-band-47500\\\/#primaryimage\",\"url\":\"https:\\\/\\\/static.purejewels.com\\\/wp-content\\\/uploads\\\/2024\\\/02\\\/46359.png\",\"contentUrl\":\"https:\\\/\\\/static.purejewels.com\\\/wp-content\\\/uploads\\\/2024\\\/02\\\/46359.png\",\"width\":1000,\"height\":1000,\"caption\":\"22ct Gold Band Ring\"},{\"@type\":\"BreadcrumbList\",\"@id\":\"https:\\\/\\\/www.purejewels.com\\\/product\\\/22ct-gold-antique-finish-band-47500\\\/#breadcrumb\",\"itemListElement\":[{\"@type\":\"ListItem\",\"position\":1,\"name\":\"Home\",\"item\":\"https:\\\/\\\/www.purejewels.com\\\/\"},{\"@type\":\"ListItem\",\"position\":2,\"name\":\"Shop\",\"item\":\"https:\\\/\\\/www.purejewels.com\\\/shop\\\/\"},{\"@type\":\"ListItem\",\"position\":3,\"name\":\"22ct Gold Antique Finish Band | 9mm\"}]},{\"@type\":\"WebSite\",\"@id\":\"https:\\\/\\\/www.purejewels.com\\\/#website\",\"url\":\"https:\\\/\\\/www.purejewels.com\\\/\",\"name\":\"PureJewels UK\",\"description\":\"Share the Love\",\"publisher\":{\"@id\":\"https:\\\/\\\/www.purejewels.com\\\/#organization\"},\"potentialAction\":[{\"@type\":\"SearchAction\",\"target\":{\"@type\":\"EntryPoint\",\"urlTemplate\":\"https:\\\/\\\/www.purejewels.com\\\/?s={search_term_string}\"},\"query-input\":{\"@type\":\"PropertyValueSpecification\",\"valueRequired\":true,\"valueName\":\"search_term_string\"}}],\"inLanguage\":\"de\"},{\"@type\":\"Organization\",\"@id\":\"https:\\\/\\\/www.purejewels.com\\\/#organization\",\"name\":\"PureJewels UK\",\"url\":\"https:\\\/\\\/www.purejewels.com\\\/\",\"logo\":{\"@type\":\"ImageObject\",\"inLanguage\":\"de\",\"@id\":\"https:\\\/\\\/www.purejewels.com\\\/#\\\/schema\\\/logo\\\/image\\\/\",\"url\":\"https:\\\/\\\/static.purejewels.com\\\/wp-content\\\/uploads\\\/2020\\\/11\\\/Logo-PJ-New-1.png\",\"contentUrl\":\"https:\\\/\\\/static.purejewels.com\\\/wp-content\\\/uploads\\\/2020\\\/11\\\/Logo-PJ-New-1.png\",\"width\":150,\"height\":80,\"caption\":\"PureJewels UK\"},\"image\":{\"@id\":\"https:\\\/\\\/www.purejewels.com\\\/#\\\/schema\\\/logo\\\/image\\\/\"}}]}<\/script>\n<!-- \/ Yoast SEO plugin. -->","yoast_head_json":{"title":"Armari Sammlung 22ct Gold Antik Finish Band","description":"Finden Sie Ihre perfekte Passform! Das Armari Collection 22ct Gold Antique Finish Band ist jetzt in Gr\u00f6\u00dfe I online erh\u00e4ltlich. Kostenlose Lieferung in ganz Gro\u00dfbritannien.","robots":{"index":"index","follow":"follow","max-snippet":"max-snippet:-1","max-image-preview":"max-image-preview:large","max-video-preview":"max-video-preview:-1"},"canonical":"https:\/\/www.purejewels.com\/de\/produkt-2\/22-kt-gold-antik-finish-band-47500\/","og_locale":"de_DE","og_type":"article","og_title":"Armari Collection 22ct Gold Antique Finish Band","og_description":"Find your perfect fit! The Armari Collection 22ct Gold Antique Finish Band is now available in size I online. Free delivery across UK.","og_url":"https:\/\/www.purejewels.com\/de\/produkt-2\/22-kt-gold-antik-finish-band-47500\/","og_site_name":"PureJewels UK","article_modified_time":"2026-04-24T16:43:14+00:00","og_image":[{"width":1000,"height":1000,"url":"https:\/\/static.purejewels.com\/wp-content\/uploads\/2024\/02\/46359.png","type":"image\/png"}],"twitter_card":"summary_large_image","twitter_misc":{"Gesch\u00e4tzte Lesezeit":"2\u00a0Minuten"},"schema":{"@context":"https:\/\/schema.org","@graph":[{"@type":["WebPage","ItemPage"],"@id":"https:\/\/www.purejewels.com\/product\/22ct-gold-antique-finish-band-47500\/","url":"https:\/\/www.purejewels.com\/product\/22ct-gold-antique-finish-band-47500\/","name":"Armari Sammlung 22ct Gold Antik Finish Band","isPartOf":{"@id":"https:\/\/www.purejewels.com\/#website"},"primaryImageOfPage":{"@id":"https:\/\/www.purejewels.com\/product\/22ct-gold-antique-finish-band-47500\/#primaryimage"},"image":{"@id":"https:\/\/www.purejewels.com\/product\/22ct-gold-antique-finish-band-47500\/#primaryimage"},"thumbnailUrl":"https:\/\/static.purejewels.com\/wp-content\/uploads\/2024\/02\/46359.png","datePublished":"2024-03-15T10:10:36+00:00","dateModified":"2026-04-24T16:43:14+00:00","description":"Finden Sie Ihre perfekte Passform! Das Armari Collection 22ct Gold Antique Finish Band ist jetzt in Gr\u00f6\u00dfe I online erh\u00e4ltlich. Kostenlose Lieferung in ganz Gro\u00dfbritannien.","breadcrumb":{"@id":"https:\/\/www.purejewels.com\/product\/22ct-gold-antique-finish-band-47500\/#breadcrumb"},"inLanguage":"de","potentialAction":[{"@type":"ReadAction","target":["https:\/\/www.purejewels.com\/product\/22ct-gold-antique-finish-band-47500\/"]}]},{"@type":"ImageObject","inLanguage":"de","@id":"https:\/\/www.purejewels.com\/product\/22ct-gold-antique-finish-band-47500\/#primaryimage","url":"https:\/\/static.purejewels.com\/wp-content\/uploads\/2024\/02\/46359.png","contentUrl":"https:\/\/static.purejewels.com\/wp-content\/uploads\/2024\/02\/46359.png","width":1000,"height":1000,"caption":"22ct Gold Band Ring"},{"@type":"BreadcrumbList","@id":"https:\/\/www.purejewels.com\/product\/22ct-gold-antique-finish-band-47500\/#breadcrumb","itemListElement":[{"@type":"ListItem","position":1,"name":"Home","item":"https:\/\/www.purejewels.com\/"},{"@type":"ListItem","position":2,"name":"Shop","item":"https:\/\/www.purejewels.com\/shop\/"},{"@type":"ListItem","position":3,"name":"22ct Gold Antique Finish Band | 9mm"}]},{"@type":"WebSite","@id":"https:\/\/www.purejewels.com\/#website","url":"https:\/\/www.purejewels.com\/","name":"PureJewels UK","description":"Teile die Liebe","publisher":{"@id":"https:\/\/www.purejewels.com\/#organization"},"potentialAction":[{"@type":"SearchAction","target":{"@type":"EntryPoint","urlTemplate":"https:\/\/www.purejewels.com\/?s={search_term_string}"},"query-input":{"@type":"PropertyValueSpecification","valueRequired":true,"valueName":"search_term_string"}}],"inLanguage":"de"},{"@type":"Organization","@id":"https:\/\/www.purejewels.com\/#organization","name":"PureJewels UK","url":"https:\/\/www.purejewels.com\/","logo":{"@type":"ImageObject","inLanguage":"de","@id":"https:\/\/www.purejewels.com\/#\/schema\/logo\/image\/","url":"https:\/\/static.purejewels.com\/wp-content\/uploads\/2020\/11\/Logo-PJ-New-1.png","contentUrl":"https:\/\/static.purejewels.com\/wp-content\/uploads\/2020\/11\/Logo-PJ-New-1.png","width":150,"height":80,"caption":"PureJewels UK"},"image":{"@id":"https:\/\/www.purejewels.com\/#\/schema\/logo\/image\/"}}]}},"_links":{"self":[{"href":"https:\/\/www.purejewels.com\/de\/wp-json\/wp\/v2\/product\/357513","targetHints":{"allow":["GET"]}}],"collection":[{"href":"https:\/\/www.purejewels.com\/de\/wp-json\/wp\/v2\/product"}],"about":[{"href":"https:\/\/www.purejewels.com\/de\/wp-json\/wp\/v2\/types\/product"}],"replies":[{"embeddable":true,"href":"https:\/\/www.purejewels.com\/de\/wp-json\/wp\/v2\/comments?post=357513"}],"version-history":[{"count":3,"href":"https:\/\/www.purejewels.com\/de\/wp-json\/wp\/v2\/product\/357513\/revisions"}],"predecessor-version":[{"id":419863,"href":"https:\/\/www.purejewels.com\/de\/wp-json\/wp\/v2\/product\/357513\/revisions\/419863"}],"wp:featuredmedia":[{"embeddable":true,"href":"https:\/\/www.purejewels.com\/de\/wp-json\/wp\/v2\/media\/359512"}],"wp:attachment":[{"href":"https:\/\/www.purejewels.com\/de\/wp-json\/wp\/v2\/media?parent=357513"}],"wp:term":[{"taxonomy":"product_brand","embeddable":true,"href":"https:\/\/www.purejewels.com\/de\/wp-json\/wp\/v2\/product_brand?post=357513"},{"taxonomy":"product_cat","embeddable":true,"href":"https:\/\/www.purejewels.com\/de\/wp-json\/wp\/v2\/product_cat?post=357513"},{"taxonomy":"product_tag","embeddable":true,"href":"https:\/\/www.purejewels.com\/de\/wp-json\/wp\/v2\/product_tag?post=357513"}],"curies":[{"name":"wp","href":"https:\/\/api.w.org\/{rel}","templated":true}]}}