{"id":357670,"date":"2024-11-12T04:29:39","date_gmt":"2024-11-12T04:29:39","guid":{"rendered":"https:\/\/www.purejewels.com\/?post_type=product&#038;p=357670"},"modified":"2025-11-07T08:28:07","modified_gmt":"2025-11-07T08:28:07","slug":"ohrstecker-aus-22-karat-gold-mit-perle-46161","status":"publish","type":"product","link":"https:\/\/www.purejewels.com\/de\/product\/22ct-gold-ear-dropper-with-pearl-46161\/","title":{"rendered":"22ct Gold Ohrentropfer mit Perle | 1,75 Zentimeter"},"content":{"rendered":"<p>Wir pr\u00e4sentieren unseren exquisiten Ohrh\u00e4nger mit Perle aus 22-kar\u00e4tigem Gold, ein atemberaubendes Schmuckst\u00fcck, das Eleganz und Raffinesse ausstrahlt. Dieser wundersch\u00f6ne Ohrh\u00e4nger verf\u00fcgt \u00fcber eine gl\u00e4nzende 3mm Perle, die an einer zarten Goldkette h\u00e4ngt und einen zeitlosen und klassischen Look kreiert. Mit einer L\u00e4nge von 1,75 Zoll sind diese Ohrh\u00e4nger das perfekte Accessoire, um jedes Outfit aufzuwerten.<\/p>\n<p>Die aus hochwertigem 22-kar\u00e4tigem Gold gefertigten Ohrh\u00e4nger sind nicht nur stilvoll, sondern auch haltbar und langlebig. Die Kombination aus dem strahlenden Gold und der schimmernden Perle macht sie zu einem echten Hingucker, der alle Blicke auf sich zieht.<\/p>\n<p>Jedes Paar Ohrentropfer wird sch\u00f6n verpackt in einer Pr\u00e4sentationsbox geliefert und ist somit das perfekte Geschenk f\u00fcr einen lieben Menschen oder eine besondere Freude f\u00fcr Sie selbst. Und mit unserer schnellen und sicheren Lieferung k\u00f6nnen Sie Ihre neuen Ohrentropfer im Handumdrehen genie\u00dfen.<\/p>\n<p>Verpassen Sie nicht die Gelegenheit, diese atemberaubenden goldenen Ohrstecker mit Perle zu besitzen. Bestellen Sie jetzt und verleihen Sie Ihrer Schmucksammlung einen Hauch von Luxus.<\/p>","protected":false},"excerpt":{"rendered":"<div class=\"woocommerce-product-details__short-description\">\n<table class=\"sh_desc\" style=\"width: 100%; height: 294px;\">\n<tbody>\n<tr style=\"height: 28px;\">\n<td style=\"height: 28px;\">Typ des Tropfers<\/td>\n<td style=\"height: 28px;\">Perlentropfen<\/td>\n<\/tr>\n<tr style=\"height: 28px;\">\n<td style=\"height: 28px;\">SKU<\/td>\n<td style=\"height: 28px;\">46161<\/td>\n<\/tr>\n<tr style=\"height: 28px;\">\n<td style=\"height: 28px;\">Gewicht<\/td>\n<td style=\"height: 28px;\">1 Gramm<\/td>\n<\/tr>\n<tr style=\"height: 28px;\">\n<td style=\"height: 28px;\">Metall<\/td>\n<td style=\"height: 28px;\">22ct Gold<\/td>\n<\/tr>\n<tr style=\"height: 70px;\">\n<td style=\"height: 70px;\">Abmessungen<\/td>\n<td style=\"height: 70px;\">\n<ul>\n<li>Perle 3 mm<\/li>\n<li>L\u00e4nge 1,75 Zoll<\/li>\n<\/ul>\n<\/td>\n<\/tr>\n<tr style=\"height: 28px;\">\n<td style=\"height: 28px;\">Entgelte<\/td>\n<td style=\"height: 28px;\">Lieferung und Mehrwertsteuer inbegriffen<\/td>\n<\/tr>\n<tr style=\"height: 28px;\">\n<td style=\"height: 28px;\">Verpackung<\/td>\n<td style=\"height: 28px;\">Mit Pr\u00e4sentationsbox<\/td>\n<\/tr>\n<tr style=\"height: 56px;\">\n<td style=\"height: 56px;\">Mehr Informationen<\/td>\n<td style=\"height: 56px;\">\n<ul>\n<li>Live-Chat mit uns f\u00fcr Verf\u00fcgbarkeit und mehr Bilder<\/li>\n<\/ul>\n<\/td>\n<\/tr>\n<\/tbody>\n<\/table>\n<\/div>\n<div class=\"btn-atc atc-slide\"><\/div>\n<div class=\"product_meta\"><\/div>","protected":false},"featured_media":352040,"comment_status":"closed","ping_status":"closed","template":"","meta":{"_eb_attr":"","_crsspst_to_jayantr4sg-hostcom":false},"product_brand":[],"product_cat":[1791,5651,1254,5342,1574,5349],"product_tag":[66],"class_list":{"0":"post-357670","1":"product","2":"type-product","3":"status-publish","4":"has-post-thumbnail","6":"product_cat-anniversary-gifts","7":"product_cat-ear-droppers","8":"product_cat-gold-earrings","9":"product_cat-jewellery-under-250","10":"product_cat-womens-jewellery","11":"product_cat-yellow-gold-jewellery","12":"product_tag-earrings","14":"first","15":"outofstock","16":"sale","17":"taxable","18":"shipping-taxable","19":"product-type-simple","20":"add-to-wishlist-before_image"},"yoast_head":"<!-- This site is optimized with the Yoast SEO plugin v27.5 - https:\/\/yoast.com\/product\/yoast-seo-wordpress\/ -->\n<title>22ct Gold Ear Dropper with Pearl | 3mm Pearl | 1.75 Inches<\/title>\n<meta name=\"description\" content=\"Elevate your style with our stunning 22ct Gold Ear Droppers featuring a delicate pearl. Shop online now and enjoy free shipping!\" \/>\n<meta name=\"robots\" content=\"index, follow, max-snippet:-1, max-image-preview:large, max-video-preview:-1\" \/>\n<link rel=\"canonical\" href=\"https:\/\/www.purejewels.com\/de\/produkt-2\/ohrstecker-aus-22-karat-gold-mit-perle-46161\/\" \/>\n<meta property=\"og:locale\" content=\"de_DE\" \/>\n<meta property=\"og:type\" content=\"article\" \/>\n<meta property=\"og:title\" content=\"22ct Gold Ear Dropper with Pearl | 3mm Pearl | 1.75 Inches\" \/>\n<meta property=\"og:description\" content=\"Elevate your style with our stunning 22ct Gold Ear Droppers featuring a delicate pearl. Shop online now and enjoy free shipping!\" \/>\n<meta property=\"og:url\" content=\"https:\/\/www.purejewels.com\/de\/produkt-2\/ohrstecker-aus-22-karat-gold-mit-perle-46161\/\" \/>\n<meta property=\"og:site_name\" content=\"PureJewels UK\" \/>\n<meta property=\"article:modified_time\" content=\"2025-11-07T08:28:07+00:00\" \/>\n<meta property=\"og:image\" content=\"https:\/\/www.purejewels.com\/wp-content\/uploads\/2023\/10\/46157.png\" \/>\n\t<meta property=\"og:image:width\" content=\"1000\" \/>\n\t<meta property=\"og:image:height\" content=\"1000\" \/>\n\t<meta property=\"og:image:type\" content=\"image\/png\" \/>\n<meta name=\"twitter:card\" content=\"summary_large_image\" \/>\n<meta name=\"twitter:label1\" content=\"Gesch\u00e4tzte Lesezeit\" \/>\n\t<meta name=\"twitter:data1\" content=\"1\u00a0Minute\" \/>\n<script type=\"application\/ld+json\" class=\"yoast-schema-graph\">{\"@context\":\"https:\\\/\\\/schema.org\",\"@graph\":[{\"@type\":[\"WebPage\",\"ItemPage\"],\"@id\":\"https:\\\/\\\/www.purejewels.com\\\/product\\\/22ct-gold-ear-dropper-with-pearl-46161\\\/\",\"url\":\"https:\\\/\\\/www.purejewels.com\\\/product\\\/22ct-gold-ear-dropper-with-pearl-46161\\\/\",\"name\":\"22ct Gold Ear Dropper with Pearl | 3mm Pearl | 1.75 Inches\",\"isPartOf\":{\"@id\":\"https:\\\/\\\/www.purejewels.com\\\/#website\"},\"primaryImageOfPage\":{\"@id\":\"https:\\\/\\\/www.purejewels.com\\\/product\\\/22ct-gold-ear-dropper-with-pearl-46161\\\/#primaryimage\"},\"image\":{\"@id\":\"https:\\\/\\\/www.purejewels.com\\\/product\\\/22ct-gold-ear-dropper-with-pearl-46161\\\/#primaryimage\"},\"thumbnailUrl\":\"https:\\\/\\\/static.purejewels.com\\\/wp-content\\\/uploads\\\/2023\\\/10\\\/46157.png\",\"datePublished\":\"2024-11-12T04:29:39+00:00\",\"dateModified\":\"2025-11-07T08:28:07+00:00\",\"description\":\"Elevate your style with our stunning 22ct Gold Ear Droppers featuring a delicate pearl. Shop online now and enjoy free shipping!\",\"breadcrumb\":{\"@id\":\"https:\\\/\\\/www.purejewels.com\\\/product\\\/22ct-gold-ear-dropper-with-pearl-46161\\\/#breadcrumb\"},\"inLanguage\":\"de\",\"potentialAction\":[{\"@type\":\"ReadAction\",\"target\":[\"https:\\\/\\\/www.purejewels.com\\\/product\\\/22ct-gold-ear-dropper-with-pearl-46161\\\/\"]}]},{\"@type\":\"ImageObject\",\"inLanguage\":\"de\",\"@id\":\"https:\\\/\\\/www.purejewels.com\\\/product\\\/22ct-gold-ear-dropper-with-pearl-46161\\\/#primaryimage\",\"url\":\"https:\\\/\\\/static.purejewels.com\\\/wp-content\\\/uploads\\\/2023\\\/10\\\/46157.png\",\"contentUrl\":\"https:\\\/\\\/static.purejewels.com\\\/wp-content\\\/uploads\\\/2023\\\/10\\\/46157.png\",\"width\":1000,\"height\":1000,\"caption\":\"22ct Gold Ear Dropper with Pearl\"},{\"@type\":\"BreadcrumbList\",\"@id\":\"https:\\\/\\\/www.purejewels.com\\\/product\\\/22ct-gold-ear-dropper-with-pearl-46161\\\/#breadcrumb\",\"itemListElement\":[{\"@type\":\"ListItem\",\"position\":1,\"name\":\"Home\",\"item\":\"https:\\\/\\\/www.purejewels.com\\\/\"},{\"@type\":\"ListItem\",\"position\":2,\"name\":\"Shop\",\"item\":\"https:\\\/\\\/www.purejewels.com\\\/shop\\\/\"},{\"@type\":\"ListItem\",\"position\":3,\"name\":\"22ct Gold Ear Dropper with Pearl | 1.75 Inches\"}]},{\"@type\":\"WebSite\",\"@id\":\"https:\\\/\\\/www.purejewels.com\\\/#website\",\"url\":\"https:\\\/\\\/www.purejewels.com\\\/\",\"name\":\"PureJewels UK\",\"description\":\"Share the Love\",\"publisher\":{\"@id\":\"https:\\\/\\\/www.purejewels.com\\\/#organization\"},\"potentialAction\":[{\"@type\":\"SearchAction\",\"target\":{\"@type\":\"EntryPoint\",\"urlTemplate\":\"https:\\\/\\\/www.purejewels.com\\\/?s={search_term_string}\"},\"query-input\":{\"@type\":\"PropertyValueSpecification\",\"valueRequired\":true,\"valueName\":\"search_term_string\"}}],\"inLanguage\":\"de\"},{\"@type\":\"Organization\",\"@id\":\"https:\\\/\\\/www.purejewels.com\\\/#organization\",\"name\":\"PureJewels UK\",\"url\":\"https:\\\/\\\/www.purejewels.com\\\/\",\"logo\":{\"@type\":\"ImageObject\",\"inLanguage\":\"de\",\"@id\":\"https:\\\/\\\/www.purejewels.com\\\/#\\\/schema\\\/logo\\\/image\\\/\",\"url\":\"https:\\\/\\\/static.purejewels.com\\\/wp-content\\\/uploads\\\/2020\\\/11\\\/Logo-PJ-New-1.png\",\"contentUrl\":\"https:\\\/\\\/static.purejewels.com\\\/wp-content\\\/uploads\\\/2020\\\/11\\\/Logo-PJ-New-1.png\",\"width\":150,\"height\":80,\"caption\":\"PureJewels UK\"},\"image\":{\"@id\":\"https:\\\/\\\/www.purejewels.com\\\/#\\\/schema\\\/logo\\\/image\\\/\"}}]}<\/script>\n<!-- \/ Yoast SEO plugin. -->","yoast_head_json":{"title":"22ct Gold Ohrentropfer mit Perle | 3mm Perle | 1,75 Zentimeter","description":"Erh\u00f6hen Sie Ihren Stil mit unseren atemberaubenden Ohrh\u00e4ngern aus 22 Karat Gold mit einer zarten Perle. Kaufen Sie jetzt online und genie\u00dfen Sie kostenlosen Versand!","robots":{"index":"index","follow":"follow","max-snippet":"max-snippet:-1","max-image-preview":"max-image-preview:large","max-video-preview":"max-video-preview:-1"},"canonical":"https:\/\/www.purejewels.com\/de\/produkt-2\/ohrstecker-aus-22-karat-gold-mit-perle-46161\/","og_locale":"de_DE","og_type":"article","og_title":"22ct Gold Ear Dropper with Pearl | 3mm Pearl | 1.75 Inches","og_description":"Elevate your style with our stunning 22ct Gold Ear Droppers featuring a delicate pearl. Shop online now and enjoy free shipping!","og_url":"https:\/\/www.purejewels.com\/de\/produkt-2\/ohrstecker-aus-22-karat-gold-mit-perle-46161\/","og_site_name":"PureJewels UK","article_modified_time":"2025-11-07T08:28:07+00:00","og_image":[{"width":1000,"height":1000,"url":"https:\/\/www.purejewels.com\/wp-content\/uploads\/2023\/10\/46157.png","type":"image\/png"}],"twitter_card":"summary_large_image","twitter_misc":{"Gesch\u00e4tzte Lesezeit":"1\u00a0Minute"},"schema":{"@context":"https:\/\/schema.org","@graph":[{"@type":["WebPage","ItemPage"],"@id":"https:\/\/www.purejewels.com\/product\/22ct-gold-ear-dropper-with-pearl-46161\/","url":"https:\/\/www.purejewels.com\/product\/22ct-gold-ear-dropper-with-pearl-46161\/","name":"22ct Gold Ohrentropfer mit Perle | 3mm Perle | 1,75 Zentimeter","isPartOf":{"@id":"https:\/\/www.purejewels.com\/#website"},"primaryImageOfPage":{"@id":"https:\/\/www.purejewels.com\/product\/22ct-gold-ear-dropper-with-pearl-46161\/#primaryimage"},"image":{"@id":"https:\/\/www.purejewels.com\/product\/22ct-gold-ear-dropper-with-pearl-46161\/#primaryimage"},"thumbnailUrl":"https:\/\/static.purejewels.com\/wp-content\/uploads\/2023\/10\/46157.png","datePublished":"2024-11-12T04:29:39+00:00","dateModified":"2025-11-07T08:28:07+00:00","description":"Erh\u00f6hen Sie Ihren Stil mit unseren atemberaubenden Ohrh\u00e4ngern aus 22 Karat Gold mit einer zarten Perle. Kaufen Sie jetzt online und genie\u00dfen Sie kostenlosen Versand!","breadcrumb":{"@id":"https:\/\/www.purejewels.com\/product\/22ct-gold-ear-dropper-with-pearl-46161\/#breadcrumb"},"inLanguage":"de","potentialAction":[{"@type":"ReadAction","target":["https:\/\/www.purejewels.com\/product\/22ct-gold-ear-dropper-with-pearl-46161\/"]}]},{"@type":"ImageObject","inLanguage":"de","@id":"https:\/\/www.purejewels.com\/product\/22ct-gold-ear-dropper-with-pearl-46161\/#primaryimage","url":"https:\/\/static.purejewels.com\/wp-content\/uploads\/2023\/10\/46157.png","contentUrl":"https:\/\/static.purejewels.com\/wp-content\/uploads\/2023\/10\/46157.png","width":1000,"height":1000,"caption":"22ct Gold Ear Dropper with Pearl"},{"@type":"BreadcrumbList","@id":"https:\/\/www.purejewels.com\/product\/22ct-gold-ear-dropper-with-pearl-46161\/#breadcrumb","itemListElement":[{"@type":"ListItem","position":1,"name":"Home","item":"https:\/\/www.purejewels.com\/"},{"@type":"ListItem","position":2,"name":"Shop","item":"https:\/\/www.purejewels.com\/shop\/"},{"@type":"ListItem","position":3,"name":"22ct Gold Ear Dropper with Pearl | 1.75 Inches"}]},{"@type":"WebSite","@id":"https:\/\/www.purejewels.com\/#website","url":"https:\/\/www.purejewels.com\/","name":"PureJewels UK","description":"Teile die Liebe","publisher":{"@id":"https:\/\/www.purejewels.com\/#organization"},"potentialAction":[{"@type":"SearchAction","target":{"@type":"EntryPoint","urlTemplate":"https:\/\/www.purejewels.com\/?s={search_term_string}"},"query-input":{"@type":"PropertyValueSpecification","valueRequired":true,"valueName":"search_term_string"}}],"inLanguage":"de"},{"@type":"Organization","@id":"https:\/\/www.purejewels.com\/#organization","name":"PureJewels UK","url":"https:\/\/www.purejewels.com\/","logo":{"@type":"ImageObject","inLanguage":"de","@id":"https:\/\/www.purejewels.com\/#\/schema\/logo\/image\/","url":"https:\/\/static.purejewels.com\/wp-content\/uploads\/2020\/11\/Logo-PJ-New-1.png","contentUrl":"https:\/\/static.purejewels.com\/wp-content\/uploads\/2020\/11\/Logo-PJ-New-1.png","width":150,"height":80,"caption":"PureJewels UK"},"image":{"@id":"https:\/\/www.purejewels.com\/#\/schema\/logo\/image\/"}}]}},"_links":{"self":[{"href":"https:\/\/www.purejewels.com\/de\/wp-json\/wp\/v2\/product\/357670","targetHints":{"allow":["GET"]}}],"collection":[{"href":"https:\/\/www.purejewels.com\/de\/wp-json\/wp\/v2\/product"}],"about":[{"href":"https:\/\/www.purejewels.com\/de\/wp-json\/wp\/v2\/types\/product"}],"replies":[{"embeddable":true,"href":"https:\/\/www.purejewels.com\/de\/wp-json\/wp\/v2\/comments?post=357670"}],"version-history":[{"count":2,"href":"https:\/\/www.purejewels.com\/de\/wp-json\/wp\/v2\/product\/357670\/revisions"}],"predecessor-version":[{"id":420462,"href":"https:\/\/www.purejewels.com\/de\/wp-json\/wp\/v2\/product\/357670\/revisions\/420462"}],"wp:featuredmedia":[{"embeddable":true,"href":"https:\/\/www.purejewels.com\/de\/wp-json\/wp\/v2\/media\/352040"}],"wp:attachment":[{"href":"https:\/\/www.purejewels.com\/de\/wp-json\/wp\/v2\/media?parent=357670"}],"wp:term":[{"taxonomy":"product_brand","embeddable":true,"href":"https:\/\/www.purejewels.com\/de\/wp-json\/wp\/v2\/product_brand?post=357670"},{"taxonomy":"product_cat","embeddable":true,"href":"https:\/\/www.purejewels.com\/de\/wp-json\/wp\/v2\/product_cat?post=357670"},{"taxonomy":"product_tag","embeddable":true,"href":"https:\/\/www.purejewels.com\/de\/wp-json\/wp\/v2\/product_tag?post=357670"}],"curies":[{"name":"wp","href":"https:\/\/api.w.org\/{rel}","templated":true}]}}