{"id":357801,"date":"2024-09-01T10:04:34","date_gmt":"2024-09-01T09:04:34","guid":{"rendered":"https:\/\/www.purejewels.com\/?post_type=product&#038;p=357801"},"modified":"2026-02-02T09:06:44","modified_gmt":"2026-02-02T09:06:44","slug":"22ct-gold-halskette-rosetten-sammlung-44828","status":"publish","type":"product","link":"https:\/\/www.purejewels.com\/de\/product\/22ct-gold-necklace-rosettes-collection-44828\/","title":{"rendered":"22ct Gold Anh\u00e4nger Halskette | Rosetten Kollektion"},"content":{"rendered":"<p>Verleihen Sie Ihrer Schmucksammlung einen Hauch von Eleganz mit diesem exquisiten <strong><a href=\"https:\/\/www.purejewels.com\/de\/product\/22carat-gold-pearl-pendant-42484\/\">22ct Gold Anh\u00e4nger<\/a> Halskette<\/strong> von unserer bezaubernden <strong>Kollektion Rosetten<\/strong>. Diese Halskette mit ihren komplizierten, von Blumen inspirierten Details verk\u00f6rpert zeitlose Sch\u00f6nheit und Raffinesse.<\/p>\n<ul>\n<li><strong>Thema der Kollektion:<\/strong> Teil der Rosetten-Kollektion, inspiriert von der zarten Anmut der Rosen, die Anmut und unverg\u00e4nglichen Charme symbolisieren.<\/li>\n<li><strong>Design des Anh\u00e4ngers:<\/strong> Ein fein gearbeiteter Anh\u00e4nger mit komplizierten Rosettenmustern, der akribische Kunstfertigkeit demonstriert.<\/li>\n<li><strong>Material:<\/strong> Hergestellt aus reinem 22-Karat-Gold, das h\u00f6chste Qualit\u00e4t, Langlebigkeit und eine gl\u00e4nzende Oberfl\u00e4che garantiert.<\/li>\n<li><strong>L\u00e4nge:<\/strong> Die Halskette ist 18 Zoll lang und bietet die perfekte Balance zwischen Eleganz und Komfort.<\/li>\n<li><strong>Anlass:<\/strong> Ideal f\u00fcr festliche Anl\u00e4sse, Hochzeiten oder als allt\u00e4gliches Accessoire, das Ihren Stil aufwertet.<\/li>\n<li><strong>Vielseitige Eleganz:<\/strong> Kombiniert klassische und moderne Designelemente und ist damit eine vielseitige Erg\u00e4nzung f\u00fcr jedes Outfit.<\/li>\n<\/ul>\n<p>Feiern Sie die besonderen Momente des Lebens mit diesem strahlenden <strong><a href=\"https:\/\/www.purejewels.com\/de\/product\/22ct-gold-jali-filigree-ring-jali-collection-31926\/\">22ct<\/a> <a href=\"https:\/\/www.purejewels.com\/de\/product\/22ct-real-gold-shoe-pendant-43097\/\">Gold-Anh\u00e4nger<\/a> Halskette<\/strong>-ein zeitloser Schatz aus der <strong>Kollektion Rosetten<\/strong> die Ihrem einzigartigen Sinn f\u00fcr Stil entspricht.<\/p>","protected":false},"excerpt":{"rendered":"<table>\n<tbody>\n<tr>\n<td>Art der Halskette<\/td>\n<td>Rosetten-Halskette<\/td>\n<\/tr>\n<tr>\n<td>Gewicht<\/td>\n<td>9,4 Gramm<\/td>\n<\/tr>\n<tr>\n<td>SKU<\/td>\n<td>44828<\/td>\n<\/tr>\n<tr>\n<td>L\u00e4nge<\/td>\n<td>18 Zoll<\/td>\n<\/tr>\n<tr>\n<td>Metall<\/td>\n<td>22ct Gold<\/td>\n<\/tr>\n<tr>\n<td>Oberfl\u00e4che<\/td>\n<td>Antike_Matte<\/td>\n<\/tr>\n<tr>\n<td>Sammlung<\/td>\n<td>Kollektion Rosette<\/td>\n<\/tr>\n<tr>\n<td>Geschlecht<\/td>\n<td>Damen<\/td>\n<\/tr>\n<tr>\n<td>KatalogID<\/td>\n<td>R1011<\/td>\n<\/tr>\n<tr>\n<td>Entgelte<\/td>\n<td>Lieferung und Mehrwertsteuer inbegriffen<\/td>\n<\/tr>\n<tr>\n<td>Verpackung<\/td>\n<td>Mit Pr\u00e4sentationsbox<\/td>\n<\/tr>\n<tr>\n<td>Mehr Informationen<\/td>\n<td>\n<ul>\n<li>Vervollst\u00e4ndigen Sie Ihren Look mit passenden <strong>Ohrring<\/strong><\/li>\n<li>Kombinieren Sie Ihre Anh\u00e4nger-Halskette mit <strong>Armb\u00e4nder<\/strong><\/li>\n<li>Elegant <strong>22-kar\u00e4tiger Goldring<\/strong> zur Vervollst\u00e4ndigung des Looks<\/li>\n<li>Siehe unser <strong>Rosetten-Katalog<\/strong><\/li>\n<li>Live-Chat mit uns f\u00fcr Verf\u00fcgbarkeit und mehr Bilder<\/li>\n<\/ul>\n<\/td>\n<\/tr>\n<\/tbody>\n<\/table>\n<p>&nbsp;<\/p>","protected":false},"featured_media":370776,"comment_status":"closed","ping_status":"closed","template":"","meta":{"_eb_attr":"","_crsspst_to_jayantr4sg-hostcom":false},"product_brand":[],"product_cat":[1791,236,1229,1253,1656,5275,1573,1574,5349],"product_tag":[],"class_list":{"0":"post-357801","1":"product","2":"type-product","3":"status-publish","4":"has-post-thumbnail","6":"product_cat-anniversary-gifts","7":"product_cat-collections","8":"product_cat-22ct-gold-jewellery","9":"product_cat-gold-necklaces","10":"product_cat-rosettes-collections","11":"product_cat-rosettes-necklace","12":"product_cat-wedding-gifts","13":"product_cat-womens-jewellery","14":"product_cat-yellow-gold-jewellery","16":"first","17":"onbackorder","18":"taxable","19":"shipping-taxable","20":"purchasable","21":"product-type-simple","22":"add-to-wishlist-before_image"},"yoast_head":"<!-- This site is optimized with the Yoast SEO plugin v27.5 - https:\/\/yoast.com\/product\/yoast-seo-wordpress\/ -->\n<title>22ct Gold Pendant Necklace | 18 Inches | PureJewels UK<\/title>\n<meta name=\"description\" content=\"Immerse yourself in elegance with our captivating 22ct gold pendant necklace from our Rosette collection. Perfect for everyday.\" \/>\n<meta name=\"robots\" content=\"index, follow, max-snippet:-1, max-image-preview:large, max-video-preview:-1\" \/>\n<link rel=\"canonical\" href=\"https:\/\/www.purejewels.com\/de\/produkt-2\/22ct-gold-halskette-rosetten-sammlung-44828\/\" \/>\n<meta property=\"og:locale\" content=\"de_DE\" \/>\n<meta property=\"og:type\" content=\"article\" \/>\n<meta property=\"og:title\" content=\"22ct Gold Pendant Necklace | 18 Inches | PureJewels UK\" \/>\n<meta property=\"og:description\" content=\"Immerse yourself in elegance with our captivating 22ct gold pendant necklace from our Rosette collection. Perfect for everyday.\" \/>\n<meta property=\"og:url\" content=\"https:\/\/www.purejewels.com\/de\/produkt-2\/22ct-gold-halskette-rosetten-sammlung-44828\/\" \/>\n<meta property=\"og:site_name\" content=\"PureJewels UK\" \/>\n<meta property=\"article:modified_time\" content=\"2026-02-02T09:06:44+00:00\" \/>\n<meta property=\"og:image\" content=\"https:\/\/static.purejewels.com\/wp-content\/uploads\/2024\/01\/44828-1.png\" \/>\n\t<meta property=\"og:image:width\" content=\"1000\" \/>\n\t<meta property=\"og:image:height\" content=\"1000\" \/>\n\t<meta property=\"og:image:type\" content=\"image\/png\" \/>\n<meta name=\"twitter:card\" content=\"summary_large_image\" \/>\n<meta name=\"twitter:label1\" content=\"Gesch\u00e4tzte Lesezeit\" \/>\n\t<meta name=\"twitter:data1\" content=\"1\u00a0Minute\" \/>\n<script type=\"application\/ld+json\" class=\"yoast-schema-graph\">{\"@context\":\"https:\\\/\\\/schema.org\",\"@graph\":[{\"@type\":[\"WebPage\",\"ItemPage\"],\"@id\":\"https:\\\/\\\/www.purejewels.com\\\/product\\\/22ct-gold-necklace-rosettes-collection-44828\\\/\",\"url\":\"https:\\\/\\\/www.purejewels.com\\\/product\\\/22ct-gold-necklace-rosettes-collection-44828\\\/\",\"name\":\"22ct Gold Pendant Necklace | 18 Inches | PureJewels UK\",\"isPartOf\":{\"@id\":\"https:\\\/\\\/www.purejewels.com\\\/#website\"},\"primaryImageOfPage\":{\"@id\":\"https:\\\/\\\/www.purejewels.com\\\/product\\\/22ct-gold-necklace-rosettes-collection-44828\\\/#primaryimage\"},\"image\":{\"@id\":\"https:\\\/\\\/www.purejewels.com\\\/product\\\/22ct-gold-necklace-rosettes-collection-44828\\\/#primaryimage\"},\"thumbnailUrl\":\"https:\\\/\\\/static.purejewels.com\\\/wp-content\\\/uploads\\\/2024\\\/01\\\/44828-1.png\",\"datePublished\":\"2024-09-01T09:04:34+00:00\",\"dateModified\":\"2026-02-02T09:06:44+00:00\",\"description\":\"Immerse yourself in elegance with our captivating 22ct gold pendant necklace from our Rosette collection. Perfect for everyday.\",\"breadcrumb\":{\"@id\":\"https:\\\/\\\/www.purejewels.com\\\/product\\\/22ct-gold-necklace-rosettes-collection-44828\\\/#breadcrumb\"},\"inLanguage\":\"de\",\"potentialAction\":[{\"@type\":\"ReadAction\",\"target\":[\"https:\\\/\\\/www.purejewels.com\\\/product\\\/22ct-gold-necklace-rosettes-collection-44828\\\/\"]}]},{\"@type\":\"ImageObject\",\"inLanguage\":\"de\",\"@id\":\"https:\\\/\\\/www.purejewels.com\\\/product\\\/22ct-gold-necklace-rosettes-collection-44828\\\/#primaryimage\",\"url\":\"https:\\\/\\\/static.purejewels.com\\\/wp-content\\\/uploads\\\/2024\\\/01\\\/44828-1.png\",\"contentUrl\":\"https:\\\/\\\/static.purejewels.com\\\/wp-content\\\/uploads\\\/2024\\\/01\\\/44828-1.png\",\"width\":1000,\"height\":1000,\"caption\":\"22ct Gold Necklace\"},{\"@type\":\"BreadcrumbList\",\"@id\":\"https:\\\/\\\/www.purejewels.com\\\/product\\\/22ct-gold-necklace-rosettes-collection-44828\\\/#breadcrumb\",\"itemListElement\":[{\"@type\":\"ListItem\",\"position\":1,\"name\":\"Home\",\"item\":\"https:\\\/\\\/www.purejewels.com\\\/\"},{\"@type\":\"ListItem\",\"position\":2,\"name\":\"Shop\",\"item\":\"https:\\\/\\\/www.purejewels.com\\\/shop\\\/\"},{\"@type\":\"ListItem\",\"position\":3,\"name\":\"22ct Gold Pendant Necklace | Rosettes Collection\"}]},{\"@type\":\"WebSite\",\"@id\":\"https:\\\/\\\/www.purejewels.com\\\/#website\",\"url\":\"https:\\\/\\\/www.purejewels.com\\\/\",\"name\":\"PureJewels UK\",\"description\":\"Share the Love\",\"publisher\":{\"@id\":\"https:\\\/\\\/www.purejewels.com\\\/#organization\"},\"potentialAction\":[{\"@type\":\"SearchAction\",\"target\":{\"@type\":\"EntryPoint\",\"urlTemplate\":\"https:\\\/\\\/www.purejewels.com\\\/?s={search_term_string}\"},\"query-input\":{\"@type\":\"PropertyValueSpecification\",\"valueRequired\":true,\"valueName\":\"search_term_string\"}}],\"inLanguage\":\"de\"},{\"@type\":\"Organization\",\"@id\":\"https:\\\/\\\/www.purejewels.com\\\/#organization\",\"name\":\"PureJewels UK\",\"url\":\"https:\\\/\\\/www.purejewels.com\\\/\",\"logo\":{\"@type\":\"ImageObject\",\"inLanguage\":\"de\",\"@id\":\"https:\\\/\\\/www.purejewels.com\\\/#\\\/schema\\\/logo\\\/image\\\/\",\"url\":\"https:\\\/\\\/static.purejewels.com\\\/wp-content\\\/uploads\\\/2020\\\/11\\\/Logo-PJ-New-1.png\",\"contentUrl\":\"https:\\\/\\\/static.purejewels.com\\\/wp-content\\\/uploads\\\/2020\\\/11\\\/Logo-PJ-New-1.png\",\"width\":150,\"height\":80,\"caption\":\"PureJewels UK\"},\"image\":{\"@id\":\"https:\\\/\\\/www.purejewels.com\\\/#\\\/schema\\\/logo\\\/image\\\/\"}}]}<\/script>\n<!-- \/ Yoast SEO plugin. -->","yoast_head_json":{"title":"22ct Gold-Anh\u00e4nger Halskette | 18 Zoll | PureJewels UK","description":"Tauchen Sie ein in die Eleganz unserer bezaubernden 22-kar\u00e4tigen Goldanh\u00e4nger-Halskette aus der Rosette-Kollektion. Perfekt f\u00fcr jeden Tag.","robots":{"index":"index","follow":"follow","max-snippet":"max-snippet:-1","max-image-preview":"max-image-preview:large","max-video-preview":"max-video-preview:-1"},"canonical":"https:\/\/www.purejewels.com\/de\/produkt-2\/22ct-gold-halskette-rosetten-sammlung-44828\/","og_locale":"de_DE","og_type":"article","og_title":"22ct Gold Pendant Necklace | 18 Inches | PureJewels UK","og_description":"Immerse yourself in elegance with our captivating 22ct gold pendant necklace from our Rosette collection. Perfect for everyday.","og_url":"https:\/\/www.purejewels.com\/de\/produkt-2\/22ct-gold-halskette-rosetten-sammlung-44828\/","og_site_name":"PureJewels UK","article_modified_time":"2026-02-02T09:06:44+00:00","og_image":[{"width":1000,"height":1000,"url":"https:\/\/static.purejewels.com\/wp-content\/uploads\/2024\/01\/44828-1.png","type":"image\/png"}],"twitter_card":"summary_large_image","twitter_misc":{"Gesch\u00e4tzte Lesezeit":"1\u00a0Minute"},"schema":{"@context":"https:\/\/schema.org","@graph":[{"@type":["WebPage","ItemPage"],"@id":"https:\/\/www.purejewels.com\/product\/22ct-gold-necklace-rosettes-collection-44828\/","url":"https:\/\/www.purejewels.com\/product\/22ct-gold-necklace-rosettes-collection-44828\/","name":"22ct Gold-Anh\u00e4nger Halskette | 18 Zoll | PureJewels UK","isPartOf":{"@id":"https:\/\/www.purejewels.com\/#website"},"primaryImageOfPage":{"@id":"https:\/\/www.purejewels.com\/product\/22ct-gold-necklace-rosettes-collection-44828\/#primaryimage"},"image":{"@id":"https:\/\/www.purejewels.com\/product\/22ct-gold-necklace-rosettes-collection-44828\/#primaryimage"},"thumbnailUrl":"https:\/\/static.purejewels.com\/wp-content\/uploads\/2024\/01\/44828-1.png","datePublished":"2024-09-01T09:04:34+00:00","dateModified":"2026-02-02T09:06:44+00:00","description":"Tauchen Sie ein in die Eleganz unserer bezaubernden 22-kar\u00e4tigen Goldanh\u00e4nger-Halskette aus der Rosette-Kollektion. Perfekt f\u00fcr jeden Tag.","breadcrumb":{"@id":"https:\/\/www.purejewels.com\/product\/22ct-gold-necklace-rosettes-collection-44828\/#breadcrumb"},"inLanguage":"de","potentialAction":[{"@type":"ReadAction","target":["https:\/\/www.purejewels.com\/product\/22ct-gold-necklace-rosettes-collection-44828\/"]}]},{"@type":"ImageObject","inLanguage":"de","@id":"https:\/\/www.purejewels.com\/product\/22ct-gold-necklace-rosettes-collection-44828\/#primaryimage","url":"https:\/\/static.purejewels.com\/wp-content\/uploads\/2024\/01\/44828-1.png","contentUrl":"https:\/\/static.purejewels.com\/wp-content\/uploads\/2024\/01\/44828-1.png","width":1000,"height":1000,"caption":"22ct Gold Necklace"},{"@type":"BreadcrumbList","@id":"https:\/\/www.purejewels.com\/product\/22ct-gold-necklace-rosettes-collection-44828\/#breadcrumb","itemListElement":[{"@type":"ListItem","position":1,"name":"Home","item":"https:\/\/www.purejewels.com\/"},{"@type":"ListItem","position":2,"name":"Shop","item":"https:\/\/www.purejewels.com\/shop\/"},{"@type":"ListItem","position":3,"name":"22ct Gold Pendant Necklace | Rosettes Collection"}]},{"@type":"WebSite","@id":"https:\/\/www.purejewels.com\/#website","url":"https:\/\/www.purejewels.com\/","name":"PureJewels UK","description":"Teile die Liebe","publisher":{"@id":"https:\/\/www.purejewels.com\/#organization"},"potentialAction":[{"@type":"SearchAction","target":{"@type":"EntryPoint","urlTemplate":"https:\/\/www.purejewels.com\/?s={search_term_string}"},"query-input":{"@type":"PropertyValueSpecification","valueRequired":true,"valueName":"search_term_string"}}],"inLanguage":"de"},{"@type":"Organization","@id":"https:\/\/www.purejewels.com\/#organization","name":"PureJewels UK","url":"https:\/\/www.purejewels.com\/","logo":{"@type":"ImageObject","inLanguage":"de","@id":"https:\/\/www.purejewels.com\/#\/schema\/logo\/image\/","url":"https:\/\/static.purejewels.com\/wp-content\/uploads\/2020\/11\/Logo-PJ-New-1.png","contentUrl":"https:\/\/static.purejewels.com\/wp-content\/uploads\/2020\/11\/Logo-PJ-New-1.png","width":150,"height":80,"caption":"PureJewels UK"},"image":{"@id":"https:\/\/www.purejewels.com\/#\/schema\/logo\/image\/"}}]}},"_links":{"self":[{"href":"https:\/\/www.purejewels.com\/de\/wp-json\/wp\/v2\/product\/357801","targetHints":{"allow":["GET"]}}],"collection":[{"href":"https:\/\/www.purejewels.com\/de\/wp-json\/wp\/v2\/product"}],"about":[{"href":"https:\/\/www.purejewels.com\/de\/wp-json\/wp\/v2\/types\/product"}],"replies":[{"embeddable":true,"href":"https:\/\/www.purejewels.com\/de\/wp-json\/wp\/v2\/comments?post=357801"}],"version-history":[{"count":4,"href":"https:\/\/www.purejewels.com\/de\/wp-json\/wp\/v2\/product\/357801\/revisions"}],"predecessor-version":[{"id":417271,"href":"https:\/\/www.purejewels.com\/de\/wp-json\/wp\/v2\/product\/357801\/revisions\/417271"}],"wp:featuredmedia":[{"embeddable":true,"href":"https:\/\/www.purejewels.com\/de\/wp-json\/wp\/v2\/media\/370776"}],"wp:attachment":[{"href":"https:\/\/www.purejewels.com\/de\/wp-json\/wp\/v2\/media?parent=357801"}],"wp:term":[{"taxonomy":"product_brand","embeddable":true,"href":"https:\/\/www.purejewels.com\/de\/wp-json\/wp\/v2\/product_brand?post=357801"},{"taxonomy":"product_cat","embeddable":true,"href":"https:\/\/www.purejewels.com\/de\/wp-json\/wp\/v2\/product_cat?post=357801"},{"taxonomy":"product_tag","embeddable":true,"href":"https:\/\/www.purejewels.com\/de\/wp-json\/wp\/v2\/product_tag?post=357801"}],"curies":[{"name":"wp","href":"https:\/\/api.w.org\/{rel}","templated":true}]}}