{"id":358603,"date":"2024-06-06T07:02:18","date_gmt":"2024-06-06T06:02:18","guid":{"rendered":"https:\/\/www.purejewels.com\/?post_type=product&#038;p=358603"},"modified":"2025-09-20T13:54:59","modified_gmt":"2025-09-20T12:54:59","slug":"22ct-gold-perlenkette-halskette-21-zoll-47103","status":"publish","type":"product","link":"https:\/\/www.purejewels.com\/de\/product\/22ct-gold-pearl-chain-necklace-21-inches-47103\/","title":{"rendered":"22ct Gold Perlenkette Halskette | 21 Zentimeter"},"content":{"rendered":"<p data-start=\"224\" data-end=\"478\"><strong data-start=\"224\" data-end=\"234\">Gestaltung<\/strong><br data-start=\"234\" data-end=\"237\" \/>Eine anmutige Harmonie aus S\u00fc\u00dfwasserperlen und <a href=\"https:\/\/www.purejewels.com\/de\/product\/22ct-gold-jali-filigree-ring-jali-collection-31926\/\">22ct<\/a> Gelbgold, spiegelt diese 21-Zoll-Mala zeitlose Raffinesse wider. Ihre einlagige Silhouette hebt den ruhigen Glanz der Perlen hervor, der elegant durch die strahlende W\u00e4rme der Goldglieder kontrastiert wird.<\/p>\n<p data-start=\"480\" data-end=\"786\"><strong data-start=\"480\" data-end=\"489\">Handwerk<\/strong><br data-start=\"489\" data-end=\"492\" \/>Jede Perle wird sorgf\u00e4ltig von Hand nach ihrer glatten Oberfl\u00e4che und ihrem nat\u00fcrlichen Glanz ausgew\u00e4hlt und dann mit Pr\u00e4zision in Goldglieder eingef\u00fcgt, die f\u00fcr St\u00e4rke und Brillanz geschmiedet wurden. Erfahrene Kunsthandwerker platzieren jedes Element sorgf\u00e4ltig, um Ausgewogenheit, Langlebigkeit und ein nahtloses Finish zu gew\u00e4hrleisten, das hohe Kunstfertigkeit verk\u00f6rpert.<\/p>\n<p data-start=\"788\" data-end=\"1092\"><strong data-start=\"788\" data-end=\"797\">Stil<\/strong><br data-start=\"797\" data-end=\"800\" \/>Diese klassische und vielseitige Mala l\u00e4sst sich m\u00fchelos von festlichen Anl\u00e4ssen bis hin zur Eleganz im Alltag tragen. Egal, ob sie zu traditioneller Kleidung oder modernen Ensembles getragen wird, sie verleiht Raffinesse und Eleganz. Sie ist ein sinnvolles Geschenk f\u00fcr Hochzeiten, Jahrestage oder Meilensteine und hat einen dauerhaften Charme und Sch\u00f6nheit.<\/p>","protected":false},"excerpt":{"rendered":"<table class=\"sh_desc\">\n<tbody>\n<tr>\n<td>Art der Mala<\/td>\n<td>Perlenmala<\/td>\n<\/tr>\n<tr>\n<td>SKU<\/td>\n<td>47103<\/td>\n<\/tr>\n<tr>\n<td>Gewicht<\/td>\n<td>9,60 Gramm<\/td>\n<\/tr>\n<tr>\n<td>L\u00e4nge<\/td>\n<td>21 Zoll<\/td>\n<\/tr>\n<tr>\n<td>Metall<\/td>\n<td>22ct Gold<\/td>\n<\/tr>\n<tr>\n<td>Perlengr\u00f6\u00dfe<\/td>\n<td>3,5 mm<\/td>\n<\/tr>\n<tr>\n<td>Wahrzeichen<\/td>\n<td>22ct Gold gestempelt von London Assay Office<\/td>\n<\/tr>\n<tr>\n<td>Entgelte<\/td>\n<td>Lieferung und Mehrwertsteuer inbegriffen<\/td>\n<\/tr>\n<tr>\n<td>Verpackung<\/td>\n<td>Mit Pr\u00e4sentationsbox<\/td>\n<\/tr>\n<tr>\n<td>Mehr Informationen<\/td>\n<td>\n<ul>\n<li>Live-Chat mit uns f\u00fcr Verf\u00fcgbarkeit und mehr Bilder<\/li>\n<li>Erkunden Sie unser\u00a0<strong>Halsketten<\/strong><\/li>\n<\/ul>\n<\/td>\n<\/tr>\n<\/tbody>\n<\/table>","protected":false},"featured_media":340172,"comment_status":"closed","ping_status":"closed","template":"","meta":{"_eb_attr":"","_crsspst_to_jayantr4sg-hostcom":false},"product_brand":[],"product_cat":[1791,1617,1559,6049,1792,1475,1570,5456,1573,5349],"product_tag":[],"class_list":{"0":"post-358603","1":"product","2":"type-product","3":"status-publish","4":"has-post-thumbnail","6":"product_cat-anniversary-gifts","7":"product_cat-fancy-mala-chains","8":"product_cat-birthday-gifts","9":"product_cat-fancy-chain","10":"product_cat-festival-gifts","11":"product_cat-gold-chains","12":"product_cat-mothers-day-gifts","13":"product_cat-pearl-collection","14":"product_cat-wedding-gifts","15":"product_cat-yellow-gold-jewellery","17":"first","18":"outofstock","19":"taxable","20":"shipping-taxable","21":"product-type-simple","22":"add-to-wishlist-before_image"},"yoast_head":"<!-- This site is optimized with the Yoast SEO plugin v27.6 - https:\/\/yoast.com\/product\/yoast-seo-wordpress\/ -->\n<title>Shop 22ct Real Gold Pearl Chain for women at PureJewels UK<\/title>\n<meta name=\"description\" content=\"Shop the 22ct Gold Pearl Mala. Handcrafted with freshwater pearls, this necklace is a timeless choice for weddings, milestones, or everyday elegance.\" \/>\n<meta name=\"robots\" content=\"index, follow, max-snippet:-1, max-image-preview:large, max-video-preview:-1\" \/>\n<link rel=\"canonical\" href=\"https:\/\/www.purejewels.com\/de\/produkt-2\/22ct-gold-perlenkette-halskette-21-zoll-47103\/\" \/>\n<meta property=\"og:locale\" content=\"de_DE\" \/>\n<meta property=\"og:type\" content=\"article\" \/>\n<meta property=\"og:title\" content=\"Shop 22ct Real Gold Pearl Chain for women at PureJewels UK\" \/>\n<meta property=\"og:description\" content=\"Shop the 22ct Gold Pearl Mala. Handcrafted with freshwater pearls, this necklace is a timeless choice for weddings, milestones, or everyday elegance.\" \/>\n<meta property=\"og:url\" content=\"https:\/\/www.purejewels.com\/de\/produkt-2\/22ct-gold-perlenkette-halskette-21-zoll-47103\/\" \/>\n<meta property=\"og:site_name\" content=\"PureJewels UK\" \/>\n<meta property=\"article:modified_time\" content=\"2025-09-20T12:54:59+00:00\" \/>\n<meta property=\"og:image\" content=\"https:\/\/www.purejewels.com\/wp-content\/uploads\/2022\/10\/43597-43596-2-1.jpg\" \/>\n\t<meta property=\"og:image:width\" content=\"1000\" \/>\n\t<meta property=\"og:image:height\" content=\"1000\" \/>\n\t<meta property=\"og:image:type\" content=\"image\/jpeg\" \/>\n<meta name=\"twitter:card\" content=\"summary_large_image\" \/>\n<meta name=\"twitter:label1\" content=\"Gesch\u00e4tzte Lesezeit\" \/>\n\t<meta name=\"twitter:data1\" content=\"1\u00a0Minute\" \/>\n<script type=\"application\/ld+json\" class=\"yoast-schema-graph\">{\"@context\":\"https:\\\/\\\/schema.org\",\"@graph\":[{\"@type\":[\"WebPage\",\"ItemPage\"],\"@id\":\"https:\\\/\\\/www.purejewels.com\\\/product\\\/22ct-gold-pearl-chain-necklace-21-inches-47103\\\/\",\"url\":\"https:\\\/\\\/www.purejewels.com\\\/product\\\/22ct-gold-pearl-chain-necklace-21-inches-47103\\\/\",\"name\":\"Shop 22ct Real Gold Pearl Chain for women at PureJewels UK\",\"isPartOf\":{\"@id\":\"https:\\\/\\\/www.purejewels.com\\\/#website\"},\"primaryImageOfPage\":{\"@id\":\"https:\\\/\\\/www.purejewels.com\\\/product\\\/22ct-gold-pearl-chain-necklace-21-inches-47103\\\/#primaryimage\"},\"image\":{\"@id\":\"https:\\\/\\\/www.purejewels.com\\\/product\\\/22ct-gold-pearl-chain-necklace-21-inches-47103\\\/#primaryimage\"},\"thumbnailUrl\":\"https:\\\/\\\/static.purejewels.com\\\/wp-content\\\/uploads\\\/2022\\\/10\\\/43597-43596-2-1.jpg\",\"datePublished\":\"2024-06-06T06:02:18+00:00\",\"dateModified\":\"2025-09-20T12:54:59+00:00\",\"description\":\"Shop the 22ct Gold Pearl Mala. Handcrafted with freshwater pearls, this necklace is a timeless choice for weddings, milestones, or everyday elegance.\",\"breadcrumb\":{\"@id\":\"https:\\\/\\\/www.purejewels.com\\\/product\\\/22ct-gold-pearl-chain-necklace-21-inches-47103\\\/#breadcrumb\"},\"inLanguage\":\"de\",\"potentialAction\":[{\"@type\":\"ReadAction\",\"target\":[\"https:\\\/\\\/www.purejewels.com\\\/product\\\/22ct-gold-pearl-chain-necklace-21-inches-47103\\\/\"]}]},{\"@type\":\"ImageObject\",\"inLanguage\":\"de\",\"@id\":\"https:\\\/\\\/www.purejewels.com\\\/product\\\/22ct-gold-pearl-chain-necklace-21-inches-47103\\\/#primaryimage\",\"url\":\"https:\\\/\\\/static.purejewels.com\\\/wp-content\\\/uploads\\\/2022\\\/10\\\/43597-43596-2-1.jpg\",\"contentUrl\":\"https:\\\/\\\/static.purejewels.com\\\/wp-content\\\/uploads\\\/2022\\\/10\\\/43597-43596-2-1.jpg\",\"width\":1000,\"height\":1000,\"caption\":\"Pearl Jewellery\"},{\"@type\":\"BreadcrumbList\",\"@id\":\"https:\\\/\\\/www.purejewels.com\\\/product\\\/22ct-gold-pearl-chain-necklace-21-inches-47103\\\/#breadcrumb\",\"itemListElement\":[{\"@type\":\"ListItem\",\"position\":1,\"name\":\"Home\",\"item\":\"https:\\\/\\\/www.purejewels.com\\\/\"},{\"@type\":\"ListItem\",\"position\":2,\"name\":\"Shop\",\"item\":\"https:\\\/\\\/www.purejewels.com\\\/shop\\\/\"},{\"@type\":\"ListItem\",\"position\":3,\"name\":\"22ct Gold Pearl Chain Necklace | 21 Inches\"}]},{\"@type\":\"WebSite\",\"@id\":\"https:\\\/\\\/www.purejewels.com\\\/#website\",\"url\":\"https:\\\/\\\/www.purejewels.com\\\/\",\"name\":\"PureJewels UK\",\"description\":\"Share the Love\",\"publisher\":{\"@id\":\"https:\\\/\\\/www.purejewels.com\\\/#organization\"},\"potentialAction\":[{\"@type\":\"SearchAction\",\"target\":{\"@type\":\"EntryPoint\",\"urlTemplate\":\"https:\\\/\\\/www.purejewels.com\\\/?s={search_term_string}\"},\"query-input\":{\"@type\":\"PropertyValueSpecification\",\"valueRequired\":true,\"valueName\":\"search_term_string\"}}],\"inLanguage\":\"de\"},{\"@type\":\"Organization\",\"@id\":\"https:\\\/\\\/www.purejewels.com\\\/#organization\",\"name\":\"PureJewels UK\",\"url\":\"https:\\\/\\\/www.purejewels.com\\\/\",\"logo\":{\"@type\":\"ImageObject\",\"inLanguage\":\"de\",\"@id\":\"https:\\\/\\\/www.purejewels.com\\\/#\\\/schema\\\/logo\\\/image\\\/\",\"url\":\"https:\\\/\\\/static.purejewels.com\\\/wp-content\\\/uploads\\\/2020\\\/11\\\/Logo-PJ-New-1.png\",\"contentUrl\":\"https:\\\/\\\/static.purejewels.com\\\/wp-content\\\/uploads\\\/2020\\\/11\\\/Logo-PJ-New-1.png\",\"width\":150,\"height\":80,\"caption\":\"PureJewels UK\"},\"image\":{\"@id\":\"https:\\\/\\\/www.purejewels.com\\\/#\\\/schema\\\/logo\\\/image\\\/\"}}]}<\/script>\n<!-- \/ Yoast SEO plugin. -->","yoast_head_json":{"title":"Shop 22ct Echtgold Perlenkette f\u00fcr Frauen bei PureJewels UK","description":"Kaufen Sie die 22ct Gold Pearl Mala. Diese handgefertigte Halskette mit S\u00fc\u00dfwasserperlen ist eine zeitlose Wahl f\u00fcr Hochzeiten, Meilensteine oder die Eleganz des Alltags.","robots":{"index":"index","follow":"follow","max-snippet":"max-snippet:-1","max-image-preview":"max-image-preview:large","max-video-preview":"max-video-preview:-1"},"canonical":"https:\/\/www.purejewels.com\/de\/produkt-2\/22ct-gold-perlenkette-halskette-21-zoll-47103\/","og_locale":"de_DE","og_type":"article","og_title":"Shop 22ct Real Gold Pearl Chain for women at PureJewels UK","og_description":"Shop the 22ct Gold Pearl Mala. Handcrafted with freshwater pearls, this necklace is a timeless choice for weddings, milestones, or everyday elegance.","og_url":"https:\/\/www.purejewels.com\/de\/produkt-2\/22ct-gold-perlenkette-halskette-21-zoll-47103\/","og_site_name":"PureJewels UK","article_modified_time":"2025-09-20T12:54:59+00:00","og_image":[{"width":1000,"height":1000,"url":"https:\/\/www.purejewels.com\/wp-content\/uploads\/2022\/10\/43597-43596-2-1.jpg","type":"image\/jpeg"}],"twitter_card":"summary_large_image","twitter_misc":{"Gesch\u00e4tzte Lesezeit":"1\u00a0Minute"},"schema":{"@context":"https:\/\/schema.org","@graph":[{"@type":["WebPage","ItemPage"],"@id":"https:\/\/www.purejewels.com\/product\/22ct-gold-pearl-chain-necklace-21-inches-47103\/","url":"https:\/\/www.purejewels.com\/product\/22ct-gold-pearl-chain-necklace-21-inches-47103\/","name":"Shop 22ct Echtgold Perlenkette f\u00fcr Frauen bei PureJewels UK","isPartOf":{"@id":"https:\/\/www.purejewels.com\/#website"},"primaryImageOfPage":{"@id":"https:\/\/www.purejewels.com\/product\/22ct-gold-pearl-chain-necklace-21-inches-47103\/#primaryimage"},"image":{"@id":"https:\/\/www.purejewels.com\/product\/22ct-gold-pearl-chain-necklace-21-inches-47103\/#primaryimage"},"thumbnailUrl":"https:\/\/static.purejewels.com\/wp-content\/uploads\/2022\/10\/43597-43596-2-1.jpg","datePublished":"2024-06-06T06:02:18+00:00","dateModified":"2025-09-20T12:54:59+00:00","description":"Kaufen Sie die 22ct Gold Pearl Mala. Diese handgefertigte Halskette mit S\u00fc\u00dfwasserperlen ist eine zeitlose Wahl f\u00fcr Hochzeiten, Meilensteine oder die Eleganz des Alltags.","breadcrumb":{"@id":"https:\/\/www.purejewels.com\/product\/22ct-gold-pearl-chain-necklace-21-inches-47103\/#breadcrumb"},"inLanguage":"de","potentialAction":[{"@type":"ReadAction","target":["https:\/\/www.purejewels.com\/product\/22ct-gold-pearl-chain-necklace-21-inches-47103\/"]}]},{"@type":"ImageObject","inLanguage":"de","@id":"https:\/\/www.purejewels.com\/product\/22ct-gold-pearl-chain-necklace-21-inches-47103\/#primaryimage","url":"https:\/\/static.purejewels.com\/wp-content\/uploads\/2022\/10\/43597-43596-2-1.jpg","contentUrl":"https:\/\/static.purejewels.com\/wp-content\/uploads\/2022\/10\/43597-43596-2-1.jpg","width":1000,"height":1000,"caption":"Pearl Jewellery"},{"@type":"BreadcrumbList","@id":"https:\/\/www.purejewels.com\/product\/22ct-gold-pearl-chain-necklace-21-inches-47103\/#breadcrumb","itemListElement":[{"@type":"ListItem","position":1,"name":"Home","item":"https:\/\/www.purejewels.com\/"},{"@type":"ListItem","position":2,"name":"Shop","item":"https:\/\/www.purejewels.com\/shop\/"},{"@type":"ListItem","position":3,"name":"22ct Gold Pearl Chain Necklace | 21 Inches"}]},{"@type":"WebSite","@id":"https:\/\/www.purejewels.com\/#website","url":"https:\/\/www.purejewels.com\/","name":"PureJewels UK","description":"Teile die Liebe","publisher":{"@id":"https:\/\/www.purejewels.com\/#organization"},"potentialAction":[{"@type":"SearchAction","target":{"@type":"EntryPoint","urlTemplate":"https:\/\/www.purejewels.com\/?s={search_term_string}"},"query-input":{"@type":"PropertyValueSpecification","valueRequired":true,"valueName":"search_term_string"}}],"inLanguage":"de"},{"@type":"Organization","@id":"https:\/\/www.purejewels.com\/#organization","name":"PureJewels UK","url":"https:\/\/www.purejewels.com\/","logo":{"@type":"ImageObject","inLanguage":"de","@id":"https:\/\/www.purejewels.com\/#\/schema\/logo\/image\/","url":"https:\/\/static.purejewels.com\/wp-content\/uploads\/2020\/11\/Logo-PJ-New-1.png","contentUrl":"https:\/\/static.purejewels.com\/wp-content\/uploads\/2020\/11\/Logo-PJ-New-1.png","width":150,"height":80,"caption":"PureJewels UK"},"image":{"@id":"https:\/\/www.purejewels.com\/#\/schema\/logo\/image\/"}}]}},"_links":{"self":[{"href":"https:\/\/www.purejewels.com\/de\/wp-json\/wp\/v2\/product\/358603","targetHints":{"allow":["GET"]}}],"collection":[{"href":"https:\/\/www.purejewels.com\/de\/wp-json\/wp\/v2\/product"}],"about":[{"href":"https:\/\/www.purejewels.com\/de\/wp-json\/wp\/v2\/types\/product"}],"replies":[{"embeddable":true,"href":"https:\/\/www.purejewels.com\/de\/wp-json\/wp\/v2\/comments?post=358603"}],"version-history":[{"count":5,"href":"https:\/\/www.purejewels.com\/de\/wp-json\/wp\/v2\/product\/358603\/revisions"}],"predecessor-version":[{"id":416047,"href":"https:\/\/www.purejewels.com\/de\/wp-json\/wp\/v2\/product\/358603\/revisions\/416047"}],"wp:featuredmedia":[{"embeddable":true,"href":"https:\/\/www.purejewels.com\/de\/wp-json\/wp\/v2\/media\/340172"}],"wp:attachment":[{"href":"https:\/\/www.purejewels.com\/de\/wp-json\/wp\/v2\/media?parent=358603"}],"wp:term":[{"taxonomy":"product_brand","embeddable":true,"href":"https:\/\/www.purejewels.com\/de\/wp-json\/wp\/v2\/product_brand?post=358603"},{"taxonomy":"product_cat","embeddable":true,"href":"https:\/\/www.purejewels.com\/de\/wp-json\/wp\/v2\/product_cat?post=358603"},{"taxonomy":"product_tag","embeddable":true,"href":"https:\/\/www.purejewels.com\/de\/wp-json\/wp\/v2\/product_tag?post=358603"}],"curies":[{"name":"wp","href":"https:\/\/api.w.org\/{rel}","templated":true}]}}