{"id":358659,"date":"2024-02-12T05:11:45","date_gmt":"2024-02-12T05:11:45","guid":{"rendered":"https:\/\/www.purejewels.com\/?post_type=product&#038;p=358659"},"modified":"2026-02-09T09:14:33","modified_gmt":"2026-02-09T09:14:33","slug":"22ct-gold-rosette-wasserfall-halskette-22-5-zoll-6mm","status":"publish","type":"product","link":"https:\/\/www.purejewels.com\/de\/product\/22ct-gold-rosette-waterfall-necklace-22-5-inches-6mm\/","title":{"rendered":"22ct gold Rosette Wasserfall Halskette | 22,5 Zoll | 6mm"},"content":{"rendered":"<ul>\n<li>SKU: 47843<\/li>\n<\/ul>","protected":false},"excerpt":{"rendered":"<table class=\"sh_desc\" style=\"width: 100%; height: 259px;\">\n<tbody>\n<tr style=\"height: 28px;\">\n<td style=\"height: 28px;\">Art der Halskette<\/td>\n<td style=\"height: 28px;\">Mala Style Wasserfall-Halsketten<\/td>\n<\/tr>\n<tr style=\"height: 28px;\">\n<td style=\"height: 28px;\">SKU<\/td>\n<td style=\"height: 28px;\">47843<\/td>\n<\/tr>\n<tr style=\"height: 28px;\">\n<td style=\"height: 28px;\">Gewicht<\/td>\n<td style=\"height: 28px;\">13.1 Gms<\/td>\n<\/tr>\n<tr style=\"height: 28px;\">\n<td style=\"height: 28px;\">Metall<\/td>\n<td style=\"height: 28px;\">22ct Gold<\/td>\n<\/tr>\n<tr style=\"height: 28px;\">\n<td style=\"height: 28px;\">L\u00e4nge<\/td>\n<td style=\"height: 28px;\">22,5 Zoll<\/td>\n<\/tr>\n<tr style=\"height: 28px;\">\n<td style=\"height: 28px;\">Sammlung<\/td>\n<td style=\"height: 28px;\"><strong>Kollektion Rosetten<\/strong><\/td>\n<\/tr>\n<tr style=\"height: 28px;\">\n<td style=\"height: 28px;\">Entgelte<\/td>\n<td style=\"height: 28px;\">Lieferung und Mehrwertsteuer inbegriffen<\/td>\n<\/tr>\n<tr style=\"height: 28px;\">\n<td style=\"height: 28px;\">Verpackung<\/td>\n<td style=\"height: 28px;\">Mit Pr\u00e4sentationsbox<\/td>\n<\/tr>\n<tr style=\"height: 112px;\">\n<td style=\"height: 35px;\">Mehr Informationen<\/td>\n<td style=\"height: 35px;\">Live-Chat mit uns f\u00fcr Verf\u00fcgbarkeit und mehr Bilder<\/td>\n<\/tr>\n<\/tbody>\n<\/table>","protected":false},"featured_media":350020,"comment_status":"closed","ping_status":"closed","template":"","meta":{"_eb_attr":"","_crsspst_to_jayantr4sg-hostcom":false},"product_brand":[],"product_cat":[5016,1791,1793,1790,1229,1253,1779,1656,5275,1573,1574,5349],"product_tag":[],"class_list":{"0":"post-358659","1":"product","2":"type-product","3":"status-publish","4":"has-post-thumbnail","6":"product_cat-22-inch-ladies-chain","7":"product_cat-anniversary-gifts","8":"product_cat-diwali-gifts","9":"product_cat-for-whom-when","10":"product_cat-22ct-gold-jewellery","11":"product_cat-gold-necklaces","12":"product_cat-mala-style-necklaces","13":"product_cat-rosettes-collections","14":"product_cat-rosettes-necklace","15":"product_cat-wedding-gifts","16":"product_cat-womens-jewellery","17":"product_cat-yellow-gold-jewellery","19":"first","20":"instock","21":"taxable","22":"shipping-taxable","23":"purchasable","24":"product-type-simple","25":"add-to-wishlist-before_image"},"yoast_head":"<!-- This site is optimized with the Yoast SEO plugin v27.3 - https:\/\/yoast.com\/product\/yoast-seo-wordpress\/ -->\n<title>22ct gold Rosette Double Layer Waterfall Necklace | 22.5 Inches<\/title>\n<meta name=\"description\" content=\"Shop online for the 22ct gold Rosette Double Layer Waterfall Necklace. This stunning necklace features a double layer design and is crafted from 22ct gold.\" \/>\n<meta name=\"robots\" content=\"index, follow, max-snippet:-1, max-image-preview:large, max-video-preview:-1\" \/>\n<link rel=\"canonical\" href=\"https:\/\/www.purejewels.com\/de\/produkt-2\/22ct-gold-rosette-wasserfall-halskette-22-5-zoll-6mm\/\" \/>\n<meta property=\"og:locale\" content=\"de_DE\" \/>\n<meta property=\"og:type\" content=\"article\" \/>\n<meta property=\"og:title\" content=\"22ct gold Rosette Double Layer Waterfall Necklace | 22.5 Inches\" \/>\n<meta property=\"og:description\" content=\"Shop online for the 22ct gold Rosette Double Layer Waterfall Necklace. This stunning necklace features a double layer design and is crafted from 22ct gold.\" \/>\n<meta property=\"og:url\" content=\"https:\/\/www.purejewels.com\/de\/produkt-2\/22ct-gold-rosette-wasserfall-halskette-22-5-zoll-6mm\/\" \/>\n<meta property=\"og:site_name\" content=\"PureJewels UK\" \/>\n<meta property=\"article:modified_time\" content=\"2026-02-09T09:14:33+00:00\" \/>\n<meta property=\"og:image\" content=\"https:\/\/static.purejewels.com\/wp-content\/uploads\/2023\/08\/WhatsApp-Image-2023-08-18-at-14.57.07.jpeg\" \/>\n\t<meta property=\"og:image:width\" content=\"1000\" \/>\n\t<meta property=\"og:image:height\" content=\"1000\" \/>\n\t<meta property=\"og:image:type\" content=\"image\/jpeg\" \/>\n<meta name=\"twitter:card\" content=\"summary_large_image\" \/>\n<meta name=\"twitter:label1\" content=\"Gesch\u00e4tzte Lesezeit\" \/>\n\t<meta name=\"twitter:data1\" content=\"1\u00a0Minute\" \/>\n<script type=\"application\/ld+json\" class=\"yoast-schema-graph\">{\"@context\":\"https:\\\/\\\/schema.org\",\"@graph\":[{\"@type\":[\"WebPage\",\"ItemPage\"],\"@id\":\"https:\\\/\\\/www.purejewels.com\\\/product\\\/22ct-gold-rosette-waterfall-necklace-22-5-inches-6mm\\\/\",\"url\":\"https:\\\/\\\/www.purejewels.com\\\/product\\\/22ct-gold-rosette-waterfall-necklace-22-5-inches-6mm\\\/\",\"name\":\"22ct gold Rosette Double Layer Waterfall Necklace | 22.5 Inches\",\"isPartOf\":{\"@id\":\"https:\\\/\\\/www.purejewels.com\\\/#website\"},\"primaryImageOfPage\":{\"@id\":\"https:\\\/\\\/www.purejewels.com\\\/product\\\/22ct-gold-rosette-waterfall-necklace-22-5-inches-6mm\\\/#primaryimage\"},\"image\":{\"@id\":\"https:\\\/\\\/www.purejewels.com\\\/product\\\/22ct-gold-rosette-waterfall-necklace-22-5-inches-6mm\\\/#primaryimage\"},\"thumbnailUrl\":\"https:\\\/\\\/static.purejewels.com\\\/wp-content\\\/uploads\\\/2023\\\/08\\\/WhatsApp-Image-2023-08-18-at-14.57.07.jpeg\",\"datePublished\":\"2024-02-12T05:11:45+00:00\",\"dateModified\":\"2026-02-09T09:14:33+00:00\",\"description\":\"Shop online for the 22ct gold Rosette Double Layer Waterfall Necklace. This stunning necklace features a double layer design and is crafted from 22ct gold.\",\"breadcrumb\":{\"@id\":\"https:\\\/\\\/www.purejewels.com\\\/product\\\/22ct-gold-rosette-waterfall-necklace-22-5-inches-6mm\\\/#breadcrumb\"},\"inLanguage\":\"de\",\"potentialAction\":[{\"@type\":\"ReadAction\",\"target\":[\"https:\\\/\\\/www.purejewels.com\\\/product\\\/22ct-gold-rosette-waterfall-necklace-22-5-inches-6mm\\\/\"]}]},{\"@type\":\"ImageObject\",\"inLanguage\":\"de\",\"@id\":\"https:\\\/\\\/www.purejewels.com\\\/product\\\/22ct-gold-rosette-waterfall-necklace-22-5-inches-6mm\\\/#primaryimage\",\"url\":\"https:\\\/\\\/static.purejewels.com\\\/wp-content\\\/uploads\\\/2023\\\/08\\\/WhatsApp-Image-2023-08-18-at-14.57.07.jpeg\",\"contentUrl\":\"https:\\\/\\\/static.purejewels.com\\\/wp-content\\\/uploads\\\/2023\\\/08\\\/WhatsApp-Image-2023-08-18-at-14.57.07.jpeg\",\"width\":1000,\"height\":1000,\"caption\":\"22ct gold Rosette Waterfall Necklace\"},{\"@type\":\"BreadcrumbList\",\"@id\":\"https:\\\/\\\/www.purejewels.com\\\/product\\\/22ct-gold-rosette-waterfall-necklace-22-5-inches-6mm\\\/#breadcrumb\",\"itemListElement\":[{\"@type\":\"ListItem\",\"position\":1,\"name\":\"Home\",\"item\":\"https:\\\/\\\/www.purejewels.com\\\/\"},{\"@type\":\"ListItem\",\"position\":2,\"name\":\"Shop\",\"item\":\"https:\\\/\\\/www.purejewels.com\\\/shop\\\/\"},{\"@type\":\"ListItem\",\"position\":3,\"name\":\"22ct gold Rosette Waterfall Necklace | 22.5 Inches | 6mm\"}]},{\"@type\":\"WebSite\",\"@id\":\"https:\\\/\\\/www.purejewels.com\\\/#website\",\"url\":\"https:\\\/\\\/www.purejewels.com\\\/\",\"name\":\"PureJewels UK\",\"description\":\"Share the Love\",\"publisher\":{\"@id\":\"https:\\\/\\\/www.purejewels.com\\\/#organization\"},\"potentialAction\":[{\"@type\":\"SearchAction\",\"target\":{\"@type\":\"EntryPoint\",\"urlTemplate\":\"https:\\\/\\\/www.purejewels.com\\\/?s={search_term_string}\"},\"query-input\":{\"@type\":\"PropertyValueSpecification\",\"valueRequired\":true,\"valueName\":\"search_term_string\"}}],\"inLanguage\":\"de\"},{\"@type\":\"Organization\",\"@id\":\"https:\\\/\\\/www.purejewels.com\\\/#organization\",\"name\":\"PureJewels UK\",\"url\":\"https:\\\/\\\/www.purejewels.com\\\/\",\"logo\":{\"@type\":\"ImageObject\",\"inLanguage\":\"de\",\"@id\":\"https:\\\/\\\/www.purejewels.com\\\/#\\\/schema\\\/logo\\\/image\\\/\",\"url\":\"https:\\\/\\\/static.purejewels.com\\\/wp-content\\\/uploads\\\/2020\\\/11\\\/Logo-PJ-New-1.png\",\"contentUrl\":\"https:\\\/\\\/static.purejewels.com\\\/wp-content\\\/uploads\\\/2020\\\/11\\\/Logo-PJ-New-1.png\",\"width\":150,\"height\":80,\"caption\":\"PureJewels UK\"},\"image\":{\"@id\":\"https:\\\/\\\/www.purejewels.com\\\/#\\\/schema\\\/logo\\\/image\\\/\"}}]}<\/script>\n<!-- \/ Yoast SEO plugin. -->","yoast_head_json":{"title":"22ct gold Rosette Double Layer Wasserfall Halskette | 22,5 Zoll","description":"Shoppen Sie online f\u00fcr die 22ct gold Rosette Double Layer Waterfall Halskette. Diese atemberaubende Halskette verf\u00fcgt \u00fcber ein doppellagiges Design und ist aus 22 Karat Gold gefertigt.","robots":{"index":"index","follow":"follow","max-snippet":"max-snippet:-1","max-image-preview":"max-image-preview:large","max-video-preview":"max-video-preview:-1"},"canonical":"https:\/\/www.purejewels.com\/de\/produkt-2\/22ct-gold-rosette-wasserfall-halskette-22-5-zoll-6mm\/","og_locale":"de_DE","og_type":"article","og_title":"22ct gold Rosette Double Layer Waterfall Necklace | 22.5 Inches","og_description":"Shop online for the 22ct gold Rosette Double Layer Waterfall Necklace. This stunning necklace features a double layer design and is crafted from 22ct gold.","og_url":"https:\/\/www.purejewels.com\/de\/produkt-2\/22ct-gold-rosette-wasserfall-halskette-22-5-zoll-6mm\/","og_site_name":"PureJewels UK","article_modified_time":"2026-02-09T09:14:33+00:00","og_image":[{"width":1000,"height":1000,"url":"https:\/\/static.purejewels.com\/wp-content\/uploads\/2023\/08\/WhatsApp-Image-2023-08-18-at-14.57.07.jpeg","type":"image\/jpeg"}],"twitter_card":"summary_large_image","twitter_misc":{"Gesch\u00e4tzte Lesezeit":"1\u00a0Minute"},"schema":{"@context":"https:\/\/schema.org","@graph":[{"@type":["WebPage","ItemPage"],"@id":"https:\/\/www.purejewels.com\/product\/22ct-gold-rosette-waterfall-necklace-22-5-inches-6mm\/","url":"https:\/\/www.purejewels.com\/product\/22ct-gold-rosette-waterfall-necklace-22-5-inches-6mm\/","name":"22ct gold Rosette Double Layer Wasserfall Halskette | 22,5 Zoll","isPartOf":{"@id":"https:\/\/www.purejewels.com\/#website"},"primaryImageOfPage":{"@id":"https:\/\/www.purejewels.com\/product\/22ct-gold-rosette-waterfall-necklace-22-5-inches-6mm\/#primaryimage"},"image":{"@id":"https:\/\/www.purejewels.com\/product\/22ct-gold-rosette-waterfall-necklace-22-5-inches-6mm\/#primaryimage"},"thumbnailUrl":"https:\/\/static.purejewels.com\/wp-content\/uploads\/2023\/08\/WhatsApp-Image-2023-08-18-at-14.57.07.jpeg","datePublished":"2024-02-12T05:11:45+00:00","dateModified":"2026-02-09T09:14:33+00:00","description":"Shoppen Sie online f\u00fcr die 22ct gold Rosette Double Layer Waterfall Halskette. Diese atemberaubende Halskette verf\u00fcgt \u00fcber ein doppellagiges Design und ist aus 22 Karat Gold gefertigt.","breadcrumb":{"@id":"https:\/\/www.purejewels.com\/product\/22ct-gold-rosette-waterfall-necklace-22-5-inches-6mm\/#breadcrumb"},"inLanguage":"de","potentialAction":[{"@type":"ReadAction","target":["https:\/\/www.purejewels.com\/product\/22ct-gold-rosette-waterfall-necklace-22-5-inches-6mm\/"]}]},{"@type":"ImageObject","inLanguage":"de","@id":"https:\/\/www.purejewels.com\/product\/22ct-gold-rosette-waterfall-necklace-22-5-inches-6mm\/#primaryimage","url":"https:\/\/static.purejewels.com\/wp-content\/uploads\/2023\/08\/WhatsApp-Image-2023-08-18-at-14.57.07.jpeg","contentUrl":"https:\/\/static.purejewels.com\/wp-content\/uploads\/2023\/08\/WhatsApp-Image-2023-08-18-at-14.57.07.jpeg","width":1000,"height":1000,"caption":"22ct gold Rosette Waterfall Necklace"},{"@type":"BreadcrumbList","@id":"https:\/\/www.purejewels.com\/product\/22ct-gold-rosette-waterfall-necklace-22-5-inches-6mm\/#breadcrumb","itemListElement":[{"@type":"ListItem","position":1,"name":"Home","item":"https:\/\/www.purejewels.com\/"},{"@type":"ListItem","position":2,"name":"Shop","item":"https:\/\/www.purejewels.com\/shop\/"},{"@type":"ListItem","position":3,"name":"22ct gold Rosette Waterfall Necklace | 22.5 Inches | 6mm"}]},{"@type":"WebSite","@id":"https:\/\/www.purejewels.com\/#website","url":"https:\/\/www.purejewels.com\/","name":"PureJewels UK","description":"Teile die Liebe","publisher":{"@id":"https:\/\/www.purejewels.com\/#organization"},"potentialAction":[{"@type":"SearchAction","target":{"@type":"EntryPoint","urlTemplate":"https:\/\/www.purejewels.com\/?s={search_term_string}"},"query-input":{"@type":"PropertyValueSpecification","valueRequired":true,"valueName":"search_term_string"}}],"inLanguage":"de"},{"@type":"Organization","@id":"https:\/\/www.purejewels.com\/#organization","name":"PureJewels UK","url":"https:\/\/www.purejewels.com\/","logo":{"@type":"ImageObject","inLanguage":"de","@id":"https:\/\/www.purejewels.com\/#\/schema\/logo\/image\/","url":"https:\/\/static.purejewels.com\/wp-content\/uploads\/2020\/11\/Logo-PJ-New-1.png","contentUrl":"https:\/\/static.purejewels.com\/wp-content\/uploads\/2020\/11\/Logo-PJ-New-1.png","width":150,"height":80,"caption":"PureJewels UK"},"image":{"@id":"https:\/\/www.purejewels.com\/#\/schema\/logo\/image\/"}}]}},"_links":{"self":[{"href":"https:\/\/www.purejewels.com\/de\/wp-json\/wp\/v2\/product\/358659","targetHints":{"allow":["GET"]}}],"collection":[{"href":"https:\/\/www.purejewels.com\/de\/wp-json\/wp\/v2\/product"}],"about":[{"href":"https:\/\/www.purejewels.com\/de\/wp-json\/wp\/v2\/types\/product"}],"replies":[{"embeddable":true,"href":"https:\/\/www.purejewels.com\/de\/wp-json\/wp\/v2\/comments?post=358659"}],"version-history":[{"count":5,"href":"https:\/\/www.purejewels.com\/de\/wp-json\/wp\/v2\/product\/358659\/revisions"}],"predecessor-version":[{"id":425613,"href":"https:\/\/www.purejewels.com\/de\/wp-json\/wp\/v2\/product\/358659\/revisions\/425613"}],"wp:featuredmedia":[{"embeddable":true,"href":"https:\/\/www.purejewels.com\/de\/wp-json\/wp\/v2\/media\/350020"}],"wp:attachment":[{"href":"https:\/\/www.purejewels.com\/de\/wp-json\/wp\/v2\/media?parent=358659"}],"wp:term":[{"taxonomy":"product_brand","embeddable":true,"href":"https:\/\/www.purejewels.com\/de\/wp-json\/wp\/v2\/product_brand?post=358659"},{"taxonomy":"product_cat","embeddable":true,"href":"https:\/\/www.purejewels.com\/de\/wp-json\/wp\/v2\/product_cat?post=358659"},{"taxonomy":"product_tag","embeddable":true,"href":"https:\/\/www.purejewels.com\/de\/wp-json\/wp\/v2\/product_tag?post=358659"}],"curies":[{"name":"wp","href":"https:\/\/api.w.org\/{rel}","templated":true}]}}