{"id":358919,"date":"2024-01-15T06:33:22","date_gmt":"2024-01-15T06:33:22","guid":{"rendered":"https:\/\/www.purejewels.com\/?post_type=product&#038;p=358919"},"modified":"2026-05-07T09:20:06","modified_gmt":"2026-05-07T08:20:06","slug":"luxus-22ct-gold-antiker-ring-grose-p-51448","status":"publish","type":"product","link":"https:\/\/www.purejewels.com\/de\/product\/luxury-22ct-gold-antique-ring-size-p-51448\/","title":{"rendered":"Luxus 22ct Gold Antiker Ring | Gr\u00f6\u00dfe P"},"content":{"rendered":"<p><strong>Gestaltung<\/strong><\/p>\n<p>Der Armari Shield Band Ring steht f\u00fcr Schutz, Widerstandsf\u00e4higkeit und innere St\u00e4rke. Sein facettiertes Muster \u00e4hnelt ineinandergreifenden Panzerplatten, die einen k\u00fchnen geometrischen Rhythmus um das Band herum bilden. Erhabene Goldperlen unterstreichen das Design wie Nieten auf zeremoniellen Metallarbeiten, w\u00e4hrend die sanft gealterte Oberfl\u00e4che dem Ring Tiefe und Charakter verleiht. Stark in der Form, aber raffiniert in den Proportionen, strahlt das St\u00fcck eine ruhige Zuversicht aus.<\/p>","protected":false},"excerpt":{"rendered":"<p>Der Armari Shield Band Ring ist von der Struktur einer R\u00fcstung inspiriert und vereint St\u00e4rke, Struktur und handwerkliche Details in strahlendem 22-kar\u00e4tigem Gold.<\/p>\n<p><strong>Material:<\/strong>\u00a022ct Gold (91,6% reines Gold)<br \/>\n<strong>Wahrzeichen:<\/strong>\u00a0Britisches G\u00fctesiegel<br \/>\n<strong>Gewichtsbereich:<\/strong> 4.4Gms<br \/>\n<strong>Ringgr\u00f6\u00dfe:<\/strong> P<br \/>\n<strong>Breite:<\/strong> 6,9 mm<br \/>\n<strong>SKU:<\/strong>51448<\/p>\n<p><strong>Preis und Lieferung<\/strong>: Inklusive Mehrwertsteuer und Lieferkosten<br \/>\nInternationaler Versand auf Anfrage m\u00f6glich<br \/>\n<a href=\"https:\/\/www.purejewels.com\/de\/ruckgabepolitik\/\">R\u00fcckgabepolitik<\/a><\/p>","protected":false},"featured_media":351280,"comment_status":"closed","ping_status":"closed","template":"","meta":{"_eb_attr":"","_crsspst_to_jayantr4sg-hostcom":false},"product_brand":[],"product_cat":[1791,6158,245,5642,1559,236,1235,1783,1786,1569,1573,1574,5349],"product_tag":[1430],"class_list":{"0":"post-358919","1":"product","2":"type-product","3":"status-publish","4":"has-post-thumbnail","6":"product_cat-anniversary-gifts","7":"product_cat-armari-band","8":"product_cat-armari-collections","9":"product_cat-armari-ring","10":"product_cat-birthday-gifts","11":"product_cat-collections","12":"product_cat-gold-rings","13":"product_cat-ladies-rings","14":"product_cat-occasional-wear-rings","15":"product_cat-valentine-day-gifts","16":"product_cat-wedding-gifts","17":"product_cat-womens-jewellery","18":"product_cat-yellow-gold-jewellery","19":"product_tag-diwali-gift","21":"first","22":"instock","23":"taxable","24":"shipping-taxable","25":"purchasable","26":"product-type-simple","27":"add-to-wishlist-before_image"},"yoast_head":"<!-- This site is optimized with the Yoast SEO plugin v27.5 - https:\/\/yoast.com\/product\/yoast-seo-wordpress\/ -->\n<title>22ct Gold Armari Shield Band Ring | Size P | PureJewels UK<\/title>\n<meta name=\"description\" content=\"Discover the 22ct Gold Armari Shield Band Ring by PureJewels UK. A hallmarked gold ring with sculpted armour inspired textures and a rich antique finish.\" \/>\n<meta name=\"robots\" content=\"index, follow, max-snippet:-1, max-image-preview:large, max-video-preview:-1\" \/>\n<link rel=\"canonical\" href=\"https:\/\/www.purejewels.com\/de\/produkt-2\/luxus-22ct-gold-antiker-ring-grose-p-51448\/\" \/>\n<meta property=\"og:locale\" content=\"de_DE\" \/>\n<meta property=\"og:type\" content=\"article\" \/>\n<meta property=\"og:title\" content=\"22ct Gold Armari Shield Band Ring | Size P | PureJewels UK\" \/>\n<meta property=\"og:description\" content=\"Discover the 22ct Gold Armari Shield Band Ring by PureJewels UK. A hallmarked gold ring with sculpted armour inspired textures and a rich antique finish.\" \/>\n<meta property=\"og:url\" content=\"https:\/\/www.purejewels.com\/de\/produkt-2\/luxus-22ct-gold-antiker-ring-grose-p-51448\/\" \/>\n<meta property=\"og:site_name\" content=\"PureJewels UK\" \/>\n<meta property=\"article:modified_time\" content=\"2026-05-07T08:20:06+00:00\" \/>\n<meta property=\"og:image\" content=\"https:\/\/static.purejewels.com\/wp-content\/uploads\/2023\/09\/SKU-46360.png\" \/>\n\t<meta property=\"og:image:width\" content=\"1000\" \/>\n\t<meta property=\"og:image:height\" content=\"1000\" \/>\n\t<meta property=\"og:image:type\" content=\"image\/png\" \/>\n<meta name=\"twitter:card\" content=\"summary_large_image\" \/>\n<meta name=\"twitter:label1\" content=\"Gesch\u00e4tzte Lesezeit\" \/>\n\t<meta name=\"twitter:data1\" content=\"1\u00a0Minute\" \/>\n<script type=\"application\/ld+json\" class=\"yoast-schema-graph\">{\"@context\":\"https:\\\/\\\/schema.org\",\"@graph\":[{\"@type\":[\"WebPage\",\"ItemPage\"],\"@id\":\"https:\\\/\\\/www.purejewels.com\\\/product\\\/luxury-22ct-gold-antique-ring-size-p-51448\\\/\",\"url\":\"https:\\\/\\\/www.purejewels.com\\\/product\\\/luxury-22ct-gold-antique-ring-size-p-51448\\\/\",\"name\":\"22ct Gold Armari Shield Band Ring | Size P | PureJewels UK\",\"isPartOf\":{\"@id\":\"https:\\\/\\\/www.purejewels.com\\\/#website\"},\"primaryImageOfPage\":{\"@id\":\"https:\\\/\\\/www.purejewels.com\\\/product\\\/luxury-22ct-gold-antique-ring-size-p-51448\\\/#primaryimage\"},\"image\":{\"@id\":\"https:\\\/\\\/www.purejewels.com\\\/product\\\/luxury-22ct-gold-antique-ring-size-p-51448\\\/#primaryimage\"},\"thumbnailUrl\":\"https:\\\/\\\/static.purejewels.com\\\/wp-content\\\/uploads\\\/2023\\\/09\\\/SKU-46360.png\",\"datePublished\":\"2024-01-15T06:33:22+00:00\",\"dateModified\":\"2026-05-07T08:20:06+00:00\",\"description\":\"Discover the 22ct Gold Armari Shield Band Ring by PureJewels UK. A hallmarked gold ring with sculpted armour inspired textures and a rich antique finish.\",\"breadcrumb\":{\"@id\":\"https:\\\/\\\/www.purejewels.com\\\/product\\\/luxury-22ct-gold-antique-ring-size-p-51448\\\/#breadcrumb\"},\"inLanguage\":\"de\",\"potentialAction\":[{\"@type\":\"ReadAction\",\"target\":[\"https:\\\/\\\/www.purejewels.com\\\/product\\\/luxury-22ct-gold-antique-ring-size-p-51448\\\/\"]}]},{\"@type\":\"ImageObject\",\"inLanguage\":\"de\",\"@id\":\"https:\\\/\\\/www.purejewels.com\\\/product\\\/luxury-22ct-gold-antique-ring-size-p-51448\\\/#primaryimage\",\"url\":\"https:\\\/\\\/static.purejewels.com\\\/wp-content\\\/uploads\\\/2023\\\/09\\\/SKU-46360.png\",\"contentUrl\":\"https:\\\/\\\/static.purejewels.com\\\/wp-content\\\/uploads\\\/2023\\\/09\\\/SKU-46360.png\",\"width\":1000,\"height\":1000,\"caption\":\"22ct Gold Ring Band with Antique Finish\"},{\"@type\":\"BreadcrumbList\",\"@id\":\"https:\\\/\\\/www.purejewels.com\\\/product\\\/luxury-22ct-gold-antique-ring-size-p-51448\\\/#breadcrumb\",\"itemListElement\":[{\"@type\":\"ListItem\",\"position\":1,\"name\":\"Home\",\"item\":\"https:\\\/\\\/www.purejewels.com\\\/\"},{\"@type\":\"ListItem\",\"position\":2,\"name\":\"Shop\",\"item\":\"https:\\\/\\\/www.purejewels.com\\\/shop\\\/\"},{\"@type\":\"ListItem\",\"position\":3,\"name\":\"Luxury 22ct Gold Antique Ring | Size P\"}]},{\"@type\":\"WebSite\",\"@id\":\"https:\\\/\\\/www.purejewels.com\\\/#website\",\"url\":\"https:\\\/\\\/www.purejewels.com\\\/\",\"name\":\"PureJewels UK\",\"description\":\"Share the Love\",\"publisher\":{\"@id\":\"https:\\\/\\\/www.purejewels.com\\\/#organization\"},\"potentialAction\":[{\"@type\":\"SearchAction\",\"target\":{\"@type\":\"EntryPoint\",\"urlTemplate\":\"https:\\\/\\\/www.purejewels.com\\\/?s={search_term_string}\"},\"query-input\":{\"@type\":\"PropertyValueSpecification\",\"valueRequired\":true,\"valueName\":\"search_term_string\"}}],\"inLanguage\":\"de\"},{\"@type\":\"Organization\",\"@id\":\"https:\\\/\\\/www.purejewels.com\\\/#organization\",\"name\":\"PureJewels UK\",\"url\":\"https:\\\/\\\/www.purejewels.com\\\/\",\"logo\":{\"@type\":\"ImageObject\",\"inLanguage\":\"de\",\"@id\":\"https:\\\/\\\/www.purejewels.com\\\/#\\\/schema\\\/logo\\\/image\\\/\",\"url\":\"https:\\\/\\\/static.purejewels.com\\\/wp-content\\\/uploads\\\/2020\\\/11\\\/Logo-PJ-New-1.png\",\"contentUrl\":\"https:\\\/\\\/static.purejewels.com\\\/wp-content\\\/uploads\\\/2020\\\/11\\\/Logo-PJ-New-1.png\",\"width\":150,\"height\":80,\"caption\":\"PureJewels UK\"},\"image\":{\"@id\":\"https:\\\/\\\/www.purejewels.com\\\/#\\\/schema\\\/logo\\\/image\\\/\"}}]}<\/script>\n<!-- \/ Yoast SEO plugin. -->","yoast_head_json":{"title":"22ct Gold Armari Schild Band Ring | Gr\u00f6\u00dfe P | PureJewels UK","description":"Entdecken Sie den 22ct Gold Armari Shield Band Ring von PureJewels UK. Ein gepunzter Goldring mit gemei\u00dfelten R\u00fcstung inspirierte Texturen und eine reiche antike Oberfl\u00e4che.","robots":{"index":"index","follow":"follow","max-snippet":"max-snippet:-1","max-image-preview":"max-image-preview:large","max-video-preview":"max-video-preview:-1"},"canonical":"https:\/\/www.purejewels.com\/de\/produkt-2\/luxus-22ct-gold-antiker-ring-grose-p-51448\/","og_locale":"de_DE","og_type":"article","og_title":"22ct Gold Armari Shield Band Ring | Size P | PureJewels UK","og_description":"Discover the 22ct Gold Armari Shield Band Ring by PureJewels UK. A hallmarked gold ring with sculpted armour inspired textures and a rich antique finish.","og_url":"https:\/\/www.purejewels.com\/de\/produkt-2\/luxus-22ct-gold-antiker-ring-grose-p-51448\/","og_site_name":"PureJewels UK","article_modified_time":"2026-05-07T08:20:06+00:00","og_image":[{"width":1000,"height":1000,"url":"https:\/\/static.purejewels.com\/wp-content\/uploads\/2023\/09\/SKU-46360.png","type":"image\/png"}],"twitter_card":"summary_large_image","twitter_misc":{"Gesch\u00e4tzte Lesezeit":"1\u00a0Minute"},"schema":{"@context":"https:\/\/schema.org","@graph":[{"@type":["WebPage","ItemPage"],"@id":"https:\/\/www.purejewels.com\/product\/luxury-22ct-gold-antique-ring-size-p-51448\/","url":"https:\/\/www.purejewels.com\/product\/luxury-22ct-gold-antique-ring-size-p-51448\/","name":"22ct Gold Armari Schild Band Ring | Gr\u00f6\u00dfe P | PureJewels UK","isPartOf":{"@id":"https:\/\/www.purejewels.com\/#website"},"primaryImageOfPage":{"@id":"https:\/\/www.purejewels.com\/product\/luxury-22ct-gold-antique-ring-size-p-51448\/#primaryimage"},"image":{"@id":"https:\/\/www.purejewels.com\/product\/luxury-22ct-gold-antique-ring-size-p-51448\/#primaryimage"},"thumbnailUrl":"https:\/\/static.purejewels.com\/wp-content\/uploads\/2023\/09\/SKU-46360.png","datePublished":"2024-01-15T06:33:22+00:00","dateModified":"2026-05-07T08:20:06+00:00","description":"Entdecken Sie den 22ct Gold Armari Shield Band Ring von PureJewels UK. Ein gepunzter Goldring mit gemei\u00dfelten R\u00fcstung inspirierte Texturen und eine reiche antike Oberfl\u00e4che.","breadcrumb":{"@id":"https:\/\/www.purejewels.com\/product\/luxury-22ct-gold-antique-ring-size-p-51448\/#breadcrumb"},"inLanguage":"de","potentialAction":[{"@type":"ReadAction","target":["https:\/\/www.purejewels.com\/product\/luxury-22ct-gold-antique-ring-size-p-51448\/"]}]},{"@type":"ImageObject","inLanguage":"de","@id":"https:\/\/www.purejewels.com\/product\/luxury-22ct-gold-antique-ring-size-p-51448\/#primaryimage","url":"https:\/\/static.purejewels.com\/wp-content\/uploads\/2023\/09\/SKU-46360.png","contentUrl":"https:\/\/static.purejewels.com\/wp-content\/uploads\/2023\/09\/SKU-46360.png","width":1000,"height":1000,"caption":"22ct Gold Ring Band with Antique Finish"},{"@type":"BreadcrumbList","@id":"https:\/\/www.purejewels.com\/product\/luxury-22ct-gold-antique-ring-size-p-51448\/#breadcrumb","itemListElement":[{"@type":"ListItem","position":1,"name":"Home","item":"https:\/\/www.purejewels.com\/"},{"@type":"ListItem","position":2,"name":"Shop","item":"https:\/\/www.purejewels.com\/shop\/"},{"@type":"ListItem","position":3,"name":"Luxury 22ct Gold Antique Ring | Size P"}]},{"@type":"WebSite","@id":"https:\/\/www.purejewels.com\/#website","url":"https:\/\/www.purejewels.com\/","name":"PureJewels UK","description":"Teile die Liebe","publisher":{"@id":"https:\/\/www.purejewels.com\/#organization"},"potentialAction":[{"@type":"SearchAction","target":{"@type":"EntryPoint","urlTemplate":"https:\/\/www.purejewels.com\/?s={search_term_string}"},"query-input":{"@type":"PropertyValueSpecification","valueRequired":true,"valueName":"search_term_string"}}],"inLanguage":"de"},{"@type":"Organization","@id":"https:\/\/www.purejewels.com\/#organization","name":"PureJewels UK","url":"https:\/\/www.purejewels.com\/","logo":{"@type":"ImageObject","inLanguage":"de","@id":"https:\/\/www.purejewels.com\/#\/schema\/logo\/image\/","url":"https:\/\/static.purejewels.com\/wp-content\/uploads\/2020\/11\/Logo-PJ-New-1.png","contentUrl":"https:\/\/static.purejewels.com\/wp-content\/uploads\/2020\/11\/Logo-PJ-New-1.png","width":150,"height":80,"caption":"PureJewels UK"},"image":{"@id":"https:\/\/www.purejewels.com\/#\/schema\/logo\/image\/"}}]}},"_links":{"self":[{"href":"https:\/\/www.purejewels.com\/de\/wp-json\/wp\/v2\/product\/358919","targetHints":{"allow":["GET"]}}],"collection":[{"href":"https:\/\/www.purejewels.com\/de\/wp-json\/wp\/v2\/product"}],"about":[{"href":"https:\/\/www.purejewels.com\/de\/wp-json\/wp\/v2\/types\/product"}],"replies":[{"embeddable":true,"href":"https:\/\/www.purejewels.com\/de\/wp-json\/wp\/v2\/comments?post=358919"}],"version-history":[{"count":3,"href":"https:\/\/www.purejewels.com\/de\/wp-json\/wp\/v2\/product\/358919\/revisions"}],"predecessor-version":[{"id":429551,"href":"https:\/\/www.purejewels.com\/de\/wp-json\/wp\/v2\/product\/358919\/revisions\/429551"}],"wp:featuredmedia":[{"embeddable":true,"href":"https:\/\/www.purejewels.com\/de\/wp-json\/wp\/v2\/media\/351280"}],"wp:attachment":[{"href":"https:\/\/www.purejewels.com\/de\/wp-json\/wp\/v2\/media?parent=358919"}],"wp:term":[{"taxonomy":"product_brand","embeddable":true,"href":"https:\/\/www.purejewels.com\/de\/wp-json\/wp\/v2\/product_brand?post=358919"},{"taxonomy":"product_cat","embeddable":true,"href":"https:\/\/www.purejewels.com\/de\/wp-json\/wp\/v2\/product_cat?post=358919"},{"taxonomy":"product_tag","embeddable":true,"href":"https:\/\/www.purejewels.com\/de\/wp-json\/wp\/v2\/product_tag?post=358919"}],"curies":[{"name":"wp","href":"https:\/\/api.w.org\/{rel}","templated":true}]}}