{"id":359489,"date":"2024-03-28T07:41:30","date_gmt":"2024-03-28T07:41:30","guid":{"rendered":"https:\/\/www.purejewels.com\/?post_type=product&#038;p=359489"},"modified":"2026-01-07T06:32:05","modified_gmt":"2026-01-07T06:32:05","slug":"verstellbarer-runder-cocktailring-aus-22-karat-gold-47961","status":"publish","type":"product","link":"https:\/\/www.purejewels.com\/de\/product\/adjustable-22ct-gold-round-shaped-cocktail-ring-47961\/","title":{"rendered":"Verstellbarer runder Cocktailring aus 22 Karat Gold"},"content":{"rendered":"<ul>\n<li><b>SKU:<\/b>\u00a047961<\/li>\n<li><b>Bereich ID KZLR007<\/b><\/li>\n<\/ul>\n<p>&nbsp;<\/p>","protected":false},"excerpt":{"rendered":"<table style=\"border-collapse: collapse; width: 100%; height: 196px;\">\n<tbody>\n<tr style=\"height: 28px;\">\n<td style=\"width: 28.1667%; height: 28px;\">Typ des Rings<\/td>\n<td style=\"width: 71.8333%; height: 28px;\">22ct Gold Damenring<\/td>\n<\/tr>\n<tr style=\"height: 28px;\">\n<td style=\"width: 28.1667%; height: 28px;\">SKU<\/td>\n<td style=\"width: 71.8333%; height: 28px;\">47961<\/td>\n<\/tr>\n<tr style=\"height: 28px;\">\n<td style=\"width: 28.1667%; height: 28px;\">Gewicht<\/td>\n<td style=\"width: 71.8333%; height: 28px;\">4,2 Gramm<\/td>\n<\/tr>\n<tr style=\"height: 28px;\">\n<td style=\"width: 28.1667%; height: 28px;\">Breite<\/td>\n<td style=\"width: 71.8333%; height: 28px;\">22mm<\/td>\n<\/tr>\n<tr style=\"height: 28px;\">\n<td style=\"width: 28.1667%; height: 28px;\">Ringgr\u00f6\u00dfe<\/td>\n<td style=\"width: 71.8333%; height: 28px;\">Einstellbar<\/td>\n<\/tr>\n<tr style=\"height: 28px;\">\n<td style=\"width: 28.1667%; height: 28px;\">Entgelte<\/td>\n<td style=\"width: 71.8333%; height: 28px;\">Lieferung und Mehrwertsteuer inbegriffen<\/td>\n<\/tr>\n<tr style=\"height: 28px;\">\n<td style=\"width: 28.1667%; height: 28px;\">Verpackung<\/td>\n<td style=\"width: 71.8333%; height: 28px;\">Mit Pr\u00e4sentationsbox<\/td>\n<\/tr>\n<tr>\n<td style=\"width: 28.1667%;\">Mehr Informationen<\/td>\n<td style=\"width: 71.8333%;\">\n<ul>\n<li>Live-Chat mit uns f\u00fcr die Verf\u00fcgbarkeit und mehr Bilder f\u00fcr diwali Geschenkideen f\u00fcr Schmuck<\/li>\n<li>Klicken Sie hier zur \u00dcberpr\u00fcfung Ihrer\u00a0<strong>Ringgr\u00f6\u00dfe<\/strong><\/li>\n<\/ul>\n<\/td>\n<\/tr>\n<\/tbody>\n<\/table>\n<p>&nbsp;<\/p>","protected":false},"featured_media":359490,"comment_status":"closed","ping_status":"closed","template":"","meta":{"_eb_attr":"","_crsspst_to_jayantr4sg-hostcom":false},"product_brand":[],"product_cat":[1791,1793,5370,1229,1235,5344,1783,1570,1786,5338,1573,1574,5349],"product_tag":[1430,64],"class_list":{"0":"post-359489","1":"product","2":"type-product","3":"status-publish","4":"has-post-thumbnail","6":"product_cat-anniversary-gifts","7":"product_cat-diwali-gifts","8":"product_cat-ethnic-jewellery","9":"product_cat-22ct-gold-jewellery","10":"product_cat-gold-rings","11":"product_cat-jewellery-under-750","12":"product_cat-ladies-rings","13":"product_cat-mothers-day-gifts","14":"product_cat-occasional-wear-rings","15":"product_cat-shop-by-price","16":"product_cat-wedding-gifts","17":"product_cat-womens-jewellery","18":"product_cat-yellow-gold-jewellery","19":"product_tag-diwali-gift","20":"product_tag-rings","22":"first","23":"outofstock","24":"taxable","25":"shipping-taxable","26":"product-type-simple","27":"add-to-wishlist-before_image"},"yoast_head":"<!-- This site is optimized with the Yoast SEO plugin v27.5 - https:\/\/yoast.com\/product\/yoast-seo-wordpress\/ -->\n<title>Adjustable 22ct Gold Round Shaped Cocktail Ring | PureJewels UK<\/title>\n<meta name=\"description\" content=\"Make a statement with our luxurious 22ct gold cocktail ring. This adjustable round beauty ensures a comfortable fit and adds timeless elegance to any outfit.\" \/>\n<meta name=\"robots\" content=\"index, follow, max-snippet:-1, max-image-preview:large, max-video-preview:-1\" \/>\n<link rel=\"canonical\" href=\"https:\/\/www.purejewels.com\/de\/produkt-2\/verstellbarer-runder-cocktailring-aus-22-karat-gold-47961\/\" \/>\n<meta property=\"og:locale\" content=\"de_DE\" \/>\n<meta property=\"og:type\" content=\"article\" \/>\n<meta property=\"og:title\" content=\"Adjustable 22ct Gold Round Shaped Cocktail Ring | PureJewels UK\" \/>\n<meta property=\"og:description\" content=\"Make a statement with our luxurious 22ct gold cocktail ring. This adjustable round beauty ensures a comfortable fit and adds timeless elegance to any outfit.\" \/>\n<meta property=\"og:url\" content=\"https:\/\/www.purejewels.com\/de\/produkt-2\/verstellbarer-runder-cocktailring-aus-22-karat-gold-47961\/\" \/>\n<meta property=\"og:site_name\" content=\"PureJewels UK\" \/>\n<meta property=\"article:modified_time\" content=\"2026-01-07T06:32:05+00:00\" \/>\n<meta property=\"og:image\" content=\"https:\/\/www.purejewels.com\/wp-content\/uploads\/2024\/03\/IMG_3514.jpg\" \/>\n\t<meta property=\"og:image:width\" content=\"1\" \/>\n\t<meta property=\"og:image:height\" content=\"1\" \/>\n\t<meta property=\"og:image:type\" content=\"image\/jpeg\" \/>\n<meta name=\"twitter:card\" content=\"summary_large_image\" \/>\n<meta name=\"twitter:label1\" content=\"Gesch\u00e4tzte Lesezeit\" \/>\n\t<meta name=\"twitter:data1\" content=\"1\u00a0Minute\" \/>\n<script type=\"application\/ld+json\" class=\"yoast-schema-graph\">{\"@context\":\"https:\\\/\\\/schema.org\",\"@graph\":[{\"@type\":[\"WebPage\",\"ItemPage\"],\"@id\":\"https:\\\/\\\/www.purejewels.com\\\/product\\\/adjustable-22ct-gold-round-shaped-cocktail-ring-47961\\\/\",\"url\":\"https:\\\/\\\/www.purejewels.com\\\/product\\\/adjustable-22ct-gold-round-shaped-cocktail-ring-47961\\\/\",\"name\":\"Adjustable 22ct Gold Round Shaped Cocktail Ring | PureJewels UK\",\"isPartOf\":{\"@id\":\"https:\\\/\\\/www.purejewels.com\\\/#website\"},\"primaryImageOfPage\":{\"@id\":\"https:\\\/\\\/www.purejewels.com\\\/product\\\/adjustable-22ct-gold-round-shaped-cocktail-ring-47961\\\/#primaryimage\"},\"image\":{\"@id\":\"https:\\\/\\\/www.purejewels.com\\\/product\\\/adjustable-22ct-gold-round-shaped-cocktail-ring-47961\\\/#primaryimage\"},\"thumbnailUrl\":\"https:\\\/\\\/static.purejewels.com\\\/wp-content\\\/uploads\\\/2024\\\/03\\\/IMG_3514.jpg\",\"datePublished\":\"2024-03-28T07:41:30+00:00\",\"dateModified\":\"2026-01-07T06:32:05+00:00\",\"description\":\"Make a statement with our luxurious 22ct gold cocktail ring. This adjustable round beauty ensures a comfortable fit and adds timeless elegance to any outfit.\",\"breadcrumb\":{\"@id\":\"https:\\\/\\\/www.purejewels.com\\\/product\\\/adjustable-22ct-gold-round-shaped-cocktail-ring-47961\\\/#breadcrumb\"},\"inLanguage\":\"de\",\"potentialAction\":[{\"@type\":\"ReadAction\",\"target\":[\"https:\\\/\\\/www.purejewels.com\\\/product\\\/adjustable-22ct-gold-round-shaped-cocktail-ring-47961\\\/\"]}]},{\"@type\":\"ImageObject\",\"inLanguage\":\"de\",\"@id\":\"https:\\\/\\\/www.purejewels.com\\\/product\\\/adjustable-22ct-gold-round-shaped-cocktail-ring-47961\\\/#primaryimage\",\"url\":\"https:\\\/\\\/static.purejewels.com\\\/wp-content\\\/uploads\\\/2024\\\/03\\\/IMG_3514.jpg\",\"contentUrl\":\"https:\\\/\\\/static.purejewels.com\\\/wp-content\\\/uploads\\\/2024\\\/03\\\/IMG_3514.jpg\",\"caption\":\"22ct Gold Ring\"},{\"@type\":\"BreadcrumbList\",\"@id\":\"https:\\\/\\\/www.purejewels.com\\\/product\\\/adjustable-22ct-gold-round-shaped-cocktail-ring-47961\\\/#breadcrumb\",\"itemListElement\":[{\"@type\":\"ListItem\",\"position\":1,\"name\":\"Home\",\"item\":\"https:\\\/\\\/www.purejewels.com\\\/\"},{\"@type\":\"ListItem\",\"position\":2,\"name\":\"Shop\",\"item\":\"https:\\\/\\\/www.purejewels.com\\\/shop\\\/\"},{\"@type\":\"ListItem\",\"position\":3,\"name\":\"Adjustable 22ct Gold Round Shaped Cocktail Ring\"}]},{\"@type\":\"WebSite\",\"@id\":\"https:\\\/\\\/www.purejewels.com\\\/#website\",\"url\":\"https:\\\/\\\/www.purejewels.com\\\/\",\"name\":\"PureJewels UK\",\"description\":\"Share the Love\",\"publisher\":{\"@id\":\"https:\\\/\\\/www.purejewels.com\\\/#organization\"},\"potentialAction\":[{\"@type\":\"SearchAction\",\"target\":{\"@type\":\"EntryPoint\",\"urlTemplate\":\"https:\\\/\\\/www.purejewels.com\\\/?s={search_term_string}\"},\"query-input\":{\"@type\":\"PropertyValueSpecification\",\"valueRequired\":true,\"valueName\":\"search_term_string\"}}],\"inLanguage\":\"de\"},{\"@type\":\"Organization\",\"@id\":\"https:\\\/\\\/www.purejewels.com\\\/#organization\",\"name\":\"PureJewels UK\",\"url\":\"https:\\\/\\\/www.purejewels.com\\\/\",\"logo\":{\"@type\":\"ImageObject\",\"inLanguage\":\"de\",\"@id\":\"https:\\\/\\\/www.purejewels.com\\\/#\\\/schema\\\/logo\\\/image\\\/\",\"url\":\"https:\\\/\\\/static.purejewels.com\\\/wp-content\\\/uploads\\\/2020\\\/11\\\/Logo-PJ-New-1.png\",\"contentUrl\":\"https:\\\/\\\/static.purejewels.com\\\/wp-content\\\/uploads\\\/2020\\\/11\\\/Logo-PJ-New-1.png\",\"width\":150,\"height\":80,\"caption\":\"PureJewels UK\"},\"image\":{\"@id\":\"https:\\\/\\\/www.purejewels.com\\\/#\\\/schema\\\/logo\\\/image\\\/\"}}]}<\/script>\n<!-- \/ Yoast SEO plugin. -->","yoast_head_json":{"title":"Einstellbare 22ct Gold Runde geformte Cocktail-Ring | PureJewels UK","description":"Setzen Sie ein Zeichen mit unserem luxuri\u00f6sen Cocktailring aus 22 Karat Gold. Diese verstellbare runde Sch\u00f6nheit sorgt f\u00fcr einen bequemen Sitz und verleiht jedem Outfit zeitlose Eleganz.","robots":{"index":"index","follow":"follow","max-snippet":"max-snippet:-1","max-image-preview":"max-image-preview:large","max-video-preview":"max-video-preview:-1"},"canonical":"https:\/\/www.purejewels.com\/de\/produkt-2\/verstellbarer-runder-cocktailring-aus-22-karat-gold-47961\/","og_locale":"de_DE","og_type":"article","og_title":"Adjustable 22ct Gold Round Shaped Cocktail Ring | PureJewels UK","og_description":"Make a statement with our luxurious 22ct gold cocktail ring. This adjustable round beauty ensures a comfortable fit and adds timeless elegance to any outfit.","og_url":"https:\/\/www.purejewels.com\/de\/produkt-2\/verstellbarer-runder-cocktailring-aus-22-karat-gold-47961\/","og_site_name":"PureJewels UK","article_modified_time":"2026-01-07T06:32:05+00:00","og_image":[{"url":"https:\/\/www.purejewels.com\/wp-content\/uploads\/2024\/03\/IMG_3514.jpg","width":1,"height":1,"type":"image\/jpeg"}],"twitter_card":"summary_large_image","twitter_misc":{"Gesch\u00e4tzte Lesezeit":"1\u00a0Minute"},"schema":{"@context":"https:\/\/schema.org","@graph":[{"@type":["WebPage","ItemPage"],"@id":"https:\/\/www.purejewels.com\/product\/adjustable-22ct-gold-round-shaped-cocktail-ring-47961\/","url":"https:\/\/www.purejewels.com\/product\/adjustable-22ct-gold-round-shaped-cocktail-ring-47961\/","name":"Einstellbare 22ct Gold Runde geformte Cocktail-Ring | PureJewels UK","isPartOf":{"@id":"https:\/\/www.purejewels.com\/#website"},"primaryImageOfPage":{"@id":"https:\/\/www.purejewels.com\/product\/adjustable-22ct-gold-round-shaped-cocktail-ring-47961\/#primaryimage"},"image":{"@id":"https:\/\/www.purejewels.com\/product\/adjustable-22ct-gold-round-shaped-cocktail-ring-47961\/#primaryimage"},"thumbnailUrl":"https:\/\/static.purejewels.com\/wp-content\/uploads\/2024\/03\/IMG_3514.jpg","datePublished":"2024-03-28T07:41:30+00:00","dateModified":"2026-01-07T06:32:05+00:00","description":"Setzen Sie ein Zeichen mit unserem luxuri\u00f6sen Cocktailring aus 22 Karat Gold. Diese verstellbare runde Sch\u00f6nheit sorgt f\u00fcr einen bequemen Sitz und verleiht jedem Outfit zeitlose Eleganz.","breadcrumb":{"@id":"https:\/\/www.purejewels.com\/product\/adjustable-22ct-gold-round-shaped-cocktail-ring-47961\/#breadcrumb"},"inLanguage":"de","potentialAction":[{"@type":"ReadAction","target":["https:\/\/www.purejewels.com\/product\/adjustable-22ct-gold-round-shaped-cocktail-ring-47961\/"]}]},{"@type":"ImageObject","inLanguage":"de","@id":"https:\/\/www.purejewels.com\/product\/adjustable-22ct-gold-round-shaped-cocktail-ring-47961\/#primaryimage","url":"https:\/\/static.purejewels.com\/wp-content\/uploads\/2024\/03\/IMG_3514.jpg","contentUrl":"https:\/\/static.purejewels.com\/wp-content\/uploads\/2024\/03\/IMG_3514.jpg","caption":"22ct Gold Ring"},{"@type":"BreadcrumbList","@id":"https:\/\/www.purejewels.com\/product\/adjustable-22ct-gold-round-shaped-cocktail-ring-47961\/#breadcrumb","itemListElement":[{"@type":"ListItem","position":1,"name":"Home","item":"https:\/\/www.purejewels.com\/"},{"@type":"ListItem","position":2,"name":"Shop","item":"https:\/\/www.purejewels.com\/shop\/"},{"@type":"ListItem","position":3,"name":"Adjustable 22ct Gold Round Shaped Cocktail Ring"}]},{"@type":"WebSite","@id":"https:\/\/www.purejewels.com\/#website","url":"https:\/\/www.purejewels.com\/","name":"PureJewels UK","description":"Teile die Liebe","publisher":{"@id":"https:\/\/www.purejewels.com\/#organization"},"potentialAction":[{"@type":"SearchAction","target":{"@type":"EntryPoint","urlTemplate":"https:\/\/www.purejewels.com\/?s={search_term_string}"},"query-input":{"@type":"PropertyValueSpecification","valueRequired":true,"valueName":"search_term_string"}}],"inLanguage":"de"},{"@type":"Organization","@id":"https:\/\/www.purejewels.com\/#organization","name":"PureJewels UK","url":"https:\/\/www.purejewels.com\/","logo":{"@type":"ImageObject","inLanguage":"de","@id":"https:\/\/www.purejewels.com\/#\/schema\/logo\/image\/","url":"https:\/\/static.purejewels.com\/wp-content\/uploads\/2020\/11\/Logo-PJ-New-1.png","contentUrl":"https:\/\/static.purejewels.com\/wp-content\/uploads\/2020\/11\/Logo-PJ-New-1.png","width":150,"height":80,"caption":"PureJewels UK"},"image":{"@id":"https:\/\/www.purejewels.com\/#\/schema\/logo\/image\/"}}]}},"_links":{"self":[{"href":"https:\/\/www.purejewels.com\/de\/wp-json\/wp\/v2\/product\/359489","targetHints":{"allow":["GET"]}}],"collection":[{"href":"https:\/\/www.purejewels.com\/de\/wp-json\/wp\/v2\/product"}],"about":[{"href":"https:\/\/www.purejewels.com\/de\/wp-json\/wp\/v2\/types\/product"}],"replies":[{"embeddable":true,"href":"https:\/\/www.purejewels.com\/de\/wp-json\/wp\/v2\/comments?post=359489"}],"version-history":[{"count":1,"href":"https:\/\/www.purejewels.com\/de\/wp-json\/wp\/v2\/product\/359489\/revisions"}],"predecessor-version":[{"id":363015,"href":"https:\/\/www.purejewels.com\/de\/wp-json\/wp\/v2\/product\/359489\/revisions\/363015"}],"wp:featuredmedia":[{"embeddable":true,"href":"https:\/\/www.purejewels.com\/de\/wp-json\/wp\/v2\/media\/359490"}],"wp:attachment":[{"href":"https:\/\/www.purejewels.com\/de\/wp-json\/wp\/v2\/media?parent=359489"}],"wp:term":[{"taxonomy":"product_brand","embeddable":true,"href":"https:\/\/www.purejewels.com\/de\/wp-json\/wp\/v2\/product_brand?post=359489"},{"taxonomy":"product_cat","embeddable":true,"href":"https:\/\/www.purejewels.com\/de\/wp-json\/wp\/v2\/product_cat?post=359489"},{"taxonomy":"product_tag","embeddable":true,"href":"https:\/\/www.purejewels.com\/de\/wp-json\/wp\/v2\/product_tag?post=359489"}],"curies":[{"name":"wp","href":"https:\/\/api.w.org\/{rel}","templated":true}]}}