{"id":359810,"date":"2024-02-05T06:49:36","date_gmt":"2024-02-05T06:49:36","guid":{"rendered":"https:\/\/www.purejewels.com\/?post_type=product&#038;p=359810"},"modified":"2026-02-15T02:31:18","modified_gmt":"2026-02-15T02:31:18","slug":"22ct-gold-anhanger-fur-damen-48163","status":"publish","type":"product","link":"https:\/\/www.purejewels.com\/de\/product\/22ct-gold-pendant-for-ladies-48163\/","title":{"rendered":"22ct Gold Anh\u00e4nger f\u00fcr Damen | Durchmesser 4mm"},"content":{"rendered":"<p>Dieser zarte, aus 22-kar\u00e4tigem Gold handgefertigte Rosetten-Anh\u00e4nger greift auf die Symbolsprache der Blumen zur\u00fcck - eine Hommage an stille St\u00e4rke, Sch\u00f6nheit und Wachstum. Mit einer Gr\u00f6\u00dfe von nur 4 mm spiegelt seine fein modellierte Form die Design-Inspiration der Rosetten-Kollektion wider: eine Hommage an die gro\u00dfen und kleinen Meilensteine des Lebens. Ob in Kombination mit anderen Anh\u00e4ngern oder allein an einer feinen Kette getragen, dieser Anh\u00e4nger ist ein unaufdringlicher Ausdruck pers\u00f6nlicher Bedeutung. Ein bedeutungsvolles Geschenk oder Andenken, das Sie jeden Tag begleitet.<\/p>","protected":false},"excerpt":{"rendered":"<p>Dieser 4 mm gro\u00dfe Rosetten-Anh\u00e4nger aus 22-kar\u00e4tigem Gold ist zierlich und doch voller Charme und f\u00e4ngt die Sch\u00f6nheit einer einzelnen Bl\u00fcte ein. Inspiriert durch das afrikanische Veilchen und die englische Rose, soll er kleine Siege und allt\u00e4gliche Momente feiern.<\/p>\n<p><strong>Material:<\/strong> 22ct Gold<br \/>\n<strong>Reinheit:<\/strong>\u00a091.6% reines Gold<br \/>\n<strong>Wahrzeichen:<\/strong>\u00a0Britisches G\u00fctesiegel<br \/>\n<strong>SKU:<\/strong> 48163<br \/>\n<strong>Gewicht:<\/strong> 0,2 Gms<br \/>\n<strong>Abmessungen:<\/strong> 4mm<\/p>\n<p><strong>Preis und Lieferung:<\/strong>\u00a0Inklusive Mehrwertsteuer und Lieferkosten<br \/>\n<a href=\"https:\/\/www.purejewels.com\/de\/ruckgabepolitik\/\"><strong>R\u00fcckgabepolitik<\/strong><\/a><\/p>","protected":false},"featured_media":349108,"comment_status":"closed","ping_status":"closed","template":"","meta":{"_eb_attr":"","_crsspst_to_jayantr4sg-hostcom":false},"product_brand":[],"product_cat":[1791,1559,236,1793,1255,1769,1767,1570,5585,1656,1573,1574],"product_tag":[1430],"class_list":{"0":"post-359810","1":"product","2":"type-product","3":"status-publish","4":"has-post-thumbnail","6":"product_cat-anniversary-gifts","7":"product_cat-birthday-gifts","8":"product_cat-collections","9":"product_cat-diwali-gifts","10":"product_cat-gold-pendants","11":"product_cat-kids-pendants","12":"product_cat-ladies-pendants","13":"product_cat-mothers-day-gifts","14":"product_cat-rosette-pendant","15":"product_cat-rosettes-collections","16":"product_cat-wedding-gifts","17":"product_cat-womens-jewellery","18":"product_tag-diwali-gift","20":"first","21":"instock","22":"taxable","23":"shipping-taxable","24":"purchasable","25":"product-type-simple","26":"add-to-wishlist-before_image"},"yoast_head":"<!-- This site is optimized with the Yoast SEO plugin v27.5 - https:\/\/yoast.com\/product\/yoast-seo-wordpress\/ -->\n<title>22ct Gold Pendant for Ladies | Diameter 4mm | PureJewels UK<\/title>\n<meta name=\"description\" content=\"Shop for a delicate 22ct gold pendant, perfect for ladies. This 4mm pendant is a timeless piece that will add elegance to any outfit.\" \/>\n<meta name=\"robots\" content=\"index, follow, max-snippet:-1, max-image-preview:large, max-video-preview:-1\" \/>\n<link rel=\"canonical\" href=\"https:\/\/www.purejewels.com\/de\/produkt-2\/22ct-gold-anhanger-fur-damen-48163\/\" \/>\n<meta property=\"og:locale\" content=\"de_DE\" \/>\n<meta property=\"og:type\" content=\"article\" \/>\n<meta property=\"og:title\" content=\"22ct Gold Pendant for Ladies | Diameter 4mm | PureJewels UK\" \/>\n<meta property=\"og:description\" content=\"Shop for a delicate 22ct gold pendant, perfect for ladies. This 4mm pendant is a timeless piece that will add elegance to any outfit.\" \/>\n<meta property=\"og:url\" content=\"https:\/\/www.purejewels.com\/de\/produkt-2\/22ct-gold-anhanger-fur-damen-48163\/\" \/>\n<meta property=\"og:site_name\" content=\"PureJewels UK\" \/>\n<meta property=\"article:modified_time\" content=\"2026-02-15T02:31:18+00:00\" \/>\n<meta property=\"og:image\" content=\"https:\/\/static.purejewels.com\/wp-content\/uploads\/2021\/11\/44841.jpg\" \/>\n\t<meta property=\"og:image:width\" content=\"1000\" \/>\n\t<meta property=\"og:image:height\" content=\"1000\" \/>\n\t<meta property=\"og:image:type\" content=\"image\/jpeg\" \/>\n<meta name=\"twitter:card\" content=\"summary_large_image\" \/>\n<meta name=\"twitter:label1\" content=\"Gesch\u00e4tzte Lesezeit\" \/>\n\t<meta name=\"twitter:data1\" content=\"1\u00a0Minute\" \/>\n<script type=\"application\/ld+json\" class=\"yoast-schema-graph\">{\"@context\":\"https:\\\/\\\/schema.org\",\"@graph\":[{\"@type\":[\"WebPage\",\"ItemPage\"],\"@id\":\"https:\\\/\\\/www.purejewels.com\\\/product\\\/22ct-gold-pendant-for-ladies-48163\\\/\",\"url\":\"https:\\\/\\\/www.purejewels.com\\\/product\\\/22ct-gold-pendant-for-ladies-48163\\\/\",\"name\":\"22ct Gold Pendant for Ladies | Diameter 4mm | PureJewels UK\",\"isPartOf\":{\"@id\":\"https:\\\/\\\/www.purejewels.com\\\/#website\"},\"primaryImageOfPage\":{\"@id\":\"https:\\\/\\\/www.purejewels.com\\\/product\\\/22ct-gold-pendant-for-ladies-48163\\\/#primaryimage\"},\"image\":{\"@id\":\"https:\\\/\\\/www.purejewels.com\\\/product\\\/22ct-gold-pendant-for-ladies-48163\\\/#primaryimage\"},\"thumbnailUrl\":\"https:\\\/\\\/static.purejewels.com\\\/wp-content\\\/uploads\\\/2021\\\/11\\\/44841.jpg\",\"datePublished\":\"2024-02-05T06:49:36+00:00\",\"dateModified\":\"2026-02-15T02:31:18+00:00\",\"description\":\"Shop for a delicate 22ct gold pendant, perfect for ladies. This 4mm pendant is a timeless piece that will add elegance to any outfit.\",\"breadcrumb\":{\"@id\":\"https:\\\/\\\/www.purejewels.com\\\/product\\\/22ct-gold-pendant-for-ladies-48163\\\/#breadcrumb\"},\"inLanguage\":\"de\",\"potentialAction\":[{\"@type\":\"ReadAction\",\"target\":[\"https:\\\/\\\/www.purejewels.com\\\/product\\\/22ct-gold-pendant-for-ladies-48163\\\/\"]}]},{\"@type\":\"ImageObject\",\"inLanguage\":\"de\",\"@id\":\"https:\\\/\\\/www.purejewels.com\\\/product\\\/22ct-gold-pendant-for-ladies-48163\\\/#primaryimage\",\"url\":\"https:\\\/\\\/static.purejewels.com\\\/wp-content\\\/uploads\\\/2021\\\/11\\\/44841.jpg\",\"contentUrl\":\"https:\\\/\\\/static.purejewels.com\\\/wp-content\\\/uploads\\\/2021\\\/11\\\/44841.jpg\",\"width\":1000,\"height\":1000,\"caption\":\"Gold Pendant for Ladies\"},{\"@type\":\"BreadcrumbList\",\"@id\":\"https:\\\/\\\/www.purejewels.com\\\/product\\\/22ct-gold-pendant-for-ladies-48163\\\/#breadcrumb\",\"itemListElement\":[{\"@type\":\"ListItem\",\"position\":1,\"name\":\"Home\",\"item\":\"https:\\\/\\\/www.purejewels.com\\\/\"},{\"@type\":\"ListItem\",\"position\":2,\"name\":\"Shop\",\"item\":\"https:\\\/\\\/www.purejewels.com\\\/shop\\\/\"},{\"@type\":\"ListItem\",\"position\":3,\"name\":\"22ct Gold Pendant for Ladies | Diameter 4mm\"}]},{\"@type\":\"WebSite\",\"@id\":\"https:\\\/\\\/www.purejewels.com\\\/#website\",\"url\":\"https:\\\/\\\/www.purejewels.com\\\/\",\"name\":\"PureJewels UK\",\"description\":\"Share the Love\",\"publisher\":{\"@id\":\"https:\\\/\\\/www.purejewels.com\\\/#organization\"},\"potentialAction\":[{\"@type\":\"SearchAction\",\"target\":{\"@type\":\"EntryPoint\",\"urlTemplate\":\"https:\\\/\\\/www.purejewels.com\\\/?s={search_term_string}\"},\"query-input\":{\"@type\":\"PropertyValueSpecification\",\"valueRequired\":true,\"valueName\":\"search_term_string\"}}],\"inLanguage\":\"de\"},{\"@type\":\"Organization\",\"@id\":\"https:\\\/\\\/www.purejewels.com\\\/#organization\",\"name\":\"PureJewels UK\",\"url\":\"https:\\\/\\\/www.purejewels.com\\\/\",\"logo\":{\"@type\":\"ImageObject\",\"inLanguage\":\"de\",\"@id\":\"https:\\\/\\\/www.purejewels.com\\\/#\\\/schema\\\/logo\\\/image\\\/\",\"url\":\"https:\\\/\\\/static.purejewels.com\\\/wp-content\\\/uploads\\\/2020\\\/11\\\/Logo-PJ-New-1.png\",\"contentUrl\":\"https:\\\/\\\/static.purejewels.com\\\/wp-content\\\/uploads\\\/2020\\\/11\\\/Logo-PJ-New-1.png\",\"width\":150,\"height\":80,\"caption\":\"PureJewels UK\"},\"image\":{\"@id\":\"https:\\\/\\\/www.purejewels.com\\\/#\\\/schema\\\/logo\\\/image\\\/\"}}]}<\/script>\n<!-- \/ Yoast SEO plugin. -->","yoast_head_json":{"title":"22ct Gold Anh\u00e4nger f\u00fcr Damen | Durchmesser 4mm | PureJewels UK","description":"Kaufen Sie einen zarten Anh\u00e4nger aus 22 Karat Gold, perfekt f\u00fcr Damen. Dieser 4 mm gro\u00dfe Anh\u00e4nger ist ein zeitloses St\u00fcck, das jedem Outfit Eleganz verleiht.","robots":{"index":"index","follow":"follow","max-snippet":"max-snippet:-1","max-image-preview":"max-image-preview:large","max-video-preview":"max-video-preview:-1"},"canonical":"https:\/\/www.purejewels.com\/de\/produkt-2\/22ct-gold-anhanger-fur-damen-48163\/","og_locale":"de_DE","og_type":"article","og_title":"22ct Gold Pendant for Ladies | Diameter 4mm | PureJewels UK","og_description":"Shop for a delicate 22ct gold pendant, perfect for ladies. This 4mm pendant is a timeless piece that will add elegance to any outfit.","og_url":"https:\/\/www.purejewels.com\/de\/produkt-2\/22ct-gold-anhanger-fur-damen-48163\/","og_site_name":"PureJewels UK","article_modified_time":"2026-02-15T02:31:18+00:00","og_image":[{"width":1000,"height":1000,"url":"https:\/\/static.purejewels.com\/wp-content\/uploads\/2021\/11\/44841.jpg","type":"image\/jpeg"}],"twitter_card":"summary_large_image","twitter_misc":{"Gesch\u00e4tzte Lesezeit":"1\u00a0Minute"},"schema":{"@context":"https:\/\/schema.org","@graph":[{"@type":["WebPage","ItemPage"],"@id":"https:\/\/www.purejewels.com\/product\/22ct-gold-pendant-for-ladies-48163\/","url":"https:\/\/www.purejewels.com\/product\/22ct-gold-pendant-for-ladies-48163\/","name":"22ct Gold Anh\u00e4nger f\u00fcr Damen | Durchmesser 4mm | PureJewels UK","isPartOf":{"@id":"https:\/\/www.purejewels.com\/#website"},"primaryImageOfPage":{"@id":"https:\/\/www.purejewels.com\/product\/22ct-gold-pendant-for-ladies-48163\/#primaryimage"},"image":{"@id":"https:\/\/www.purejewels.com\/product\/22ct-gold-pendant-for-ladies-48163\/#primaryimage"},"thumbnailUrl":"https:\/\/static.purejewels.com\/wp-content\/uploads\/2021\/11\/44841.jpg","datePublished":"2024-02-05T06:49:36+00:00","dateModified":"2026-02-15T02:31:18+00:00","description":"Kaufen Sie einen zarten Anh\u00e4nger aus 22 Karat Gold, perfekt f\u00fcr Damen. Dieser 4 mm gro\u00dfe Anh\u00e4nger ist ein zeitloses St\u00fcck, das jedem Outfit Eleganz verleiht.","breadcrumb":{"@id":"https:\/\/www.purejewels.com\/product\/22ct-gold-pendant-for-ladies-48163\/#breadcrumb"},"inLanguage":"de","potentialAction":[{"@type":"ReadAction","target":["https:\/\/www.purejewels.com\/product\/22ct-gold-pendant-for-ladies-48163\/"]}]},{"@type":"ImageObject","inLanguage":"de","@id":"https:\/\/www.purejewels.com\/product\/22ct-gold-pendant-for-ladies-48163\/#primaryimage","url":"https:\/\/static.purejewels.com\/wp-content\/uploads\/2021\/11\/44841.jpg","contentUrl":"https:\/\/static.purejewels.com\/wp-content\/uploads\/2021\/11\/44841.jpg","width":1000,"height":1000,"caption":"Gold Pendant for Ladies"},{"@type":"BreadcrumbList","@id":"https:\/\/www.purejewels.com\/product\/22ct-gold-pendant-for-ladies-48163\/#breadcrumb","itemListElement":[{"@type":"ListItem","position":1,"name":"Home","item":"https:\/\/www.purejewels.com\/"},{"@type":"ListItem","position":2,"name":"Shop","item":"https:\/\/www.purejewels.com\/shop\/"},{"@type":"ListItem","position":3,"name":"22ct Gold Pendant for Ladies | Diameter 4mm"}]},{"@type":"WebSite","@id":"https:\/\/www.purejewels.com\/#website","url":"https:\/\/www.purejewels.com\/","name":"PureJewels UK","description":"Teile die Liebe","publisher":{"@id":"https:\/\/www.purejewels.com\/#organization"},"potentialAction":[{"@type":"SearchAction","target":{"@type":"EntryPoint","urlTemplate":"https:\/\/www.purejewels.com\/?s={search_term_string}"},"query-input":{"@type":"PropertyValueSpecification","valueRequired":true,"valueName":"search_term_string"}}],"inLanguage":"de"},{"@type":"Organization","@id":"https:\/\/www.purejewels.com\/#organization","name":"PureJewels UK","url":"https:\/\/www.purejewels.com\/","logo":{"@type":"ImageObject","inLanguage":"de","@id":"https:\/\/www.purejewels.com\/#\/schema\/logo\/image\/","url":"https:\/\/static.purejewels.com\/wp-content\/uploads\/2020\/11\/Logo-PJ-New-1.png","contentUrl":"https:\/\/static.purejewels.com\/wp-content\/uploads\/2020\/11\/Logo-PJ-New-1.png","width":150,"height":80,"caption":"PureJewels UK"},"image":{"@id":"https:\/\/www.purejewels.com\/#\/schema\/logo\/image\/"}}]}},"_links":{"self":[{"href":"https:\/\/www.purejewels.com\/de\/wp-json\/wp\/v2\/product\/359810","targetHints":{"allow":["GET"]}}],"collection":[{"href":"https:\/\/www.purejewels.com\/de\/wp-json\/wp\/v2\/product"}],"about":[{"href":"https:\/\/www.purejewels.com\/de\/wp-json\/wp\/v2\/types\/product"}],"replies":[{"embeddable":true,"href":"https:\/\/www.purejewels.com\/de\/wp-json\/wp\/v2\/comments?post=359810"}],"version-history":[{"count":2,"href":"https:\/\/www.purejewels.com\/de\/wp-json\/wp\/v2\/product\/359810\/revisions"}],"predecessor-version":[{"id":410172,"href":"https:\/\/www.purejewels.com\/de\/wp-json\/wp\/v2\/product\/359810\/revisions\/410172"}],"wp:featuredmedia":[{"embeddable":true,"href":"https:\/\/www.purejewels.com\/de\/wp-json\/wp\/v2\/media\/349108"}],"wp:attachment":[{"href":"https:\/\/www.purejewels.com\/de\/wp-json\/wp\/v2\/media?parent=359810"}],"wp:term":[{"taxonomy":"product_brand","embeddable":true,"href":"https:\/\/www.purejewels.com\/de\/wp-json\/wp\/v2\/product_brand?post=359810"},{"taxonomy":"product_cat","embeddable":true,"href":"https:\/\/www.purejewels.com\/de\/wp-json\/wp\/v2\/product_cat?post=359810"},{"taxonomy":"product_tag","embeddable":true,"href":"https:\/\/www.purejewels.com\/de\/wp-json\/wp\/v2\/product_tag?post=359810"}],"curies":[{"name":"wp","href":"https:\/\/api.w.org\/{rel}","templated":true}]}}