{"id":360151,"date":"2024-01-12T11:54:39","date_gmt":"2024-01-12T11:54:39","guid":{"rendered":"https:\/\/www.purejewels.com\/?post_type=product&#038;p=360151"},"modified":"2026-03-12T10:25:10","modified_gmt":"2026-03-12T10:25:10","slug":"damen-22-kt-gold-reif-ohrringe-46666","status":"publish","type":"product","link":"https:\/\/www.purejewels.com\/de\/product\/ladies-22ct-gold-hoop-earrings-46666\/","title":{"rendered":"Reif-Ohrringe aus 22 Karat Gold"},"content":{"rendered":"<div>Diese Oval Hoops sind zeitlos und verbinden klare Linien mit durchdachten Details. Sie sind aus robustem, aber leichtem Goldrohr gefertigt und bieten ein k\u00fchnes Profil, das f\u00fcr den t\u00e4glichen Gebrauch geeignet ist. Ein massiver goldener Drahtstift sichert die Reifen mit Leichtigkeit und verleiht ihnen einen subtilen Kontrast in der Textur und einen beruhigend sicheren Sitz.<\/div>\n<div><\/div>\n<div>Die elegante ovale Form wirkt modern und schmeichelhaft und bietet eine raffinierte Alternative zum klassischen runden Reif. Ob einzeln oder in Kombination mit anderen Schmuckst\u00fccken getragen, diese Reifchen verleihen jedem Look ein gl\u00e4nzendes Finish.<\/div>\n<div><\/div>\n<div>Einzelheiten:<\/div>\n<div>-Metall: 22 Karat Gold, gepunzt<\/div>\n<div>-Design: Hohle Goldr\u00f6hre mit massivem Golddrahtstift<\/div>\n<div>-Verschluss: Sichere Drahtschlie\u00dfe<\/div>\n<div>-Oberfl\u00e4che: Hochglanzpoliert<\/div>\n<div><\/div>\n<div>Diese Ohrringe geh\u00f6ren zu unseren allt\u00e4glichen Essentials - unaufdringlich, vielseitig und best\u00e4ndig.<\/div>","protected":false},"excerpt":{"rendered":"<p>Diese leichten, aber dennoch gewagten 22-kar\u00e4tigen Goldreifen sind f\u00fcr mehr Komfort aus Hohlrohr gefertigt und mit einem massiven Golddrahtstift versehen, der f\u00fcr einen sicheren Sitz sorgt. Ihre ovale Form bietet einen modernen Twist auf einen Klassiker, perfekt f\u00fcr m\u00fchelose Eleganz im Alltag<\/p>\n<p><strong>Material:<\/strong>\u00a022ct Gold<br \/>\n<strong>Wahrzeichen:<\/strong>\u00a0Britisches G\u00fctesiegel<br \/>\n<strong>Bruttogewicht:<\/strong> 3,75 Gramm<br \/>\n<strong>SKU: <\/strong>51872 , 52203 , 52204 ,52205, 52206<br \/>\n<strong>Innendurchmesser: <\/strong>16mm<br \/>\n<strong>Passen:<\/strong> Leichtes Gewicht mit sicherem Verschluss<br \/>\n<strong>Preis und Lieferung: <\/strong>Inklusive Mehrwertsteuer und Lieferkosten<\/p>\n<p><a href=\"https:\/\/www.purejewels.com\/de\/ruckgabepolitik\/\">R\u00fcckgabepolitik<\/a><\/p>","protected":false},"featured_media":401398,"comment_status":"closed","ping_status":"closed","template":"","meta":{"_eb_attr":"","_crsspst_to_jayantr4sg-hostcom":true},"product_brand":[],"product_cat":[1791,1559,1254,1229,1579,5344,5338,1569,1574],"product_tag":[66,5702],"class_list":{"0":"post-360151","1":"product","2":"type-product","3":"status-publish","4":"has-post-thumbnail","6":"product_cat-anniversary-gifts","7":"product_cat-birthday-gifts","8":"product_cat-gold-earrings","9":"product_cat-22ct-gold-jewellery","10":"product_cat-hoop-earrings","11":"product_cat-jewellery-under-750","12":"product_cat-shop-by-price","13":"product_cat-valentine-day-gifts","14":"product_cat-womens-jewellery","15":"product_tag-earrings","16":"product_tag-hoop-earring","18":"first","19":"instock","20":"taxable","21":"shipping-taxable","22":"purchasable","23":"product-type-simple","24":"add-to-wishlist-before_image"},"yoast_head":"<!-- This site is optimized with the Yoast SEO plugin v27.4 - https:\/\/yoast.com\/product\/yoast-seo-wordpress\/ -->\n<title>Ladies 22ct Gold Hoop Earrings at purejewels UK online.<\/title>\n<meta name=\"description\" content=\"Shop 22ct gold shine with these stunning gold hoop earrings available now at PureJewels UK online. Free delivery across UK.\" \/>\n<meta name=\"robots\" content=\"index, follow, max-snippet:-1, max-image-preview:large, max-video-preview:-1\" \/>\n<link rel=\"canonical\" href=\"https:\/\/www.purejewels.com\/de\/produkt-2\/damen-22-kt-gold-reif-ohrringe-46666\/\" \/>\n<meta property=\"og:locale\" content=\"de_DE\" \/>\n<meta property=\"og:type\" content=\"article\" \/>\n<meta property=\"og:title\" content=\"Ladies 22ct Gold Hoop Earrings at purejewels UK online.\" \/>\n<meta property=\"og:description\" content=\"Shop 22ct gold shine with these stunning gold hoop earrings available now at PureJewels UK online. Free delivery across UK.\" \/>\n<meta property=\"og:url\" content=\"https:\/\/www.purejewels.com\/de\/produkt-2\/damen-22-kt-gold-reif-ohrringe-46666\/\" \/>\n<meta property=\"og:site_name\" content=\"PureJewels UK\" \/>\n<meta property=\"article:modified_time\" content=\"2026-03-12T10:25:10+00:00\" \/>\n<meta property=\"og:image\" content=\"https:\/\/static.purejewels.com\/wp-content\/uploads\/2024\/01\/SKU-51872.png\" \/>\n\t<meta property=\"og:image:width\" content=\"1000\" \/>\n\t<meta property=\"og:image:height\" content=\"1000\" \/>\n\t<meta property=\"og:image:type\" content=\"image\/png\" \/>\n<meta name=\"twitter:card\" content=\"summary_large_image\" \/>\n<meta name=\"twitter:label1\" content=\"Gesch\u00e4tzte Lesezeit\" \/>\n\t<meta name=\"twitter:data1\" content=\"1\u00a0Minute\" \/>\n<script type=\"application\/ld+json\" class=\"yoast-schema-graph\">{\"@context\":\"https:\\\/\\\/schema.org\",\"@graph\":[{\"@type\":[\"WebPage\",\"ItemPage\"],\"@id\":\"https:\\\/\\\/www.purejewels.com\\\/product\\\/ladies-22ct-gold-hoop-earrings-46666\\\/\",\"url\":\"https:\\\/\\\/www.purejewels.com\\\/product\\\/ladies-22ct-gold-hoop-earrings-46666\\\/\",\"name\":\"Ladies 22ct Gold Hoop Earrings at purejewels UK online.\",\"isPartOf\":{\"@id\":\"https:\\\/\\\/www.purejewels.com\\\/#website\"},\"primaryImageOfPage\":{\"@id\":\"https:\\\/\\\/www.purejewels.com\\\/product\\\/ladies-22ct-gold-hoop-earrings-46666\\\/#primaryimage\"},\"image\":{\"@id\":\"https:\\\/\\\/www.purejewels.com\\\/product\\\/ladies-22ct-gold-hoop-earrings-46666\\\/#primaryimage\"},\"thumbnailUrl\":\"https:\\\/\\\/static.purejewels.com\\\/wp-content\\\/uploads\\\/2024\\\/01\\\/SKU-51872.png\",\"datePublished\":\"2024-01-12T11:54:39+00:00\",\"dateModified\":\"2026-03-12T10:25:10+00:00\",\"description\":\"Shop 22ct gold shine with these stunning gold hoop earrings available now at PureJewels UK online. Free delivery across UK.\",\"breadcrumb\":{\"@id\":\"https:\\\/\\\/www.purejewels.com\\\/product\\\/ladies-22ct-gold-hoop-earrings-46666\\\/#breadcrumb\"},\"inLanguage\":\"de\",\"potentialAction\":[{\"@type\":\"ReadAction\",\"target\":[\"https:\\\/\\\/www.purejewels.com\\\/product\\\/ladies-22ct-gold-hoop-earrings-46666\\\/\"]}]},{\"@type\":\"ImageObject\",\"inLanguage\":\"de\",\"@id\":\"https:\\\/\\\/www.purejewels.com\\\/product\\\/ladies-22ct-gold-hoop-earrings-46666\\\/#primaryimage\",\"url\":\"https:\\\/\\\/static.purejewels.com\\\/wp-content\\\/uploads\\\/2024\\\/01\\\/SKU-51872.png\",\"contentUrl\":\"https:\\\/\\\/static.purejewels.com\\\/wp-content\\\/uploads\\\/2024\\\/01\\\/SKU-51872.png\",\"width\":1000,\"height\":1000,\"caption\":\"Ladies 22ct Gold Hoop Earrings\"},{\"@type\":\"BreadcrumbList\",\"@id\":\"https:\\\/\\\/www.purejewels.com\\\/product\\\/ladies-22ct-gold-hoop-earrings-46666\\\/#breadcrumb\",\"itemListElement\":[{\"@type\":\"ListItem\",\"position\":1,\"name\":\"Home\",\"item\":\"https:\\\/\\\/www.purejewels.com\\\/\"},{\"@type\":\"ListItem\",\"position\":2,\"name\":\"Shop\",\"item\":\"https:\\\/\\\/www.purejewels.com\\\/shop\\\/\"},{\"@type\":\"ListItem\",\"position\":3,\"name\":\"Hoop Earrings in 22ct Gold\"}]},{\"@type\":\"WebSite\",\"@id\":\"https:\\\/\\\/www.purejewels.com\\\/#website\",\"url\":\"https:\\\/\\\/www.purejewels.com\\\/\",\"name\":\"PureJewels UK\",\"description\":\"Share the Love\",\"publisher\":{\"@id\":\"https:\\\/\\\/www.purejewels.com\\\/#organization\"},\"potentialAction\":[{\"@type\":\"SearchAction\",\"target\":{\"@type\":\"EntryPoint\",\"urlTemplate\":\"https:\\\/\\\/www.purejewels.com\\\/?s={search_term_string}\"},\"query-input\":{\"@type\":\"PropertyValueSpecification\",\"valueRequired\":true,\"valueName\":\"search_term_string\"}}],\"inLanguage\":\"de\"},{\"@type\":\"Organization\",\"@id\":\"https:\\\/\\\/www.purejewels.com\\\/#organization\",\"name\":\"PureJewels UK\",\"url\":\"https:\\\/\\\/www.purejewels.com\\\/\",\"logo\":{\"@type\":\"ImageObject\",\"inLanguage\":\"de\",\"@id\":\"https:\\\/\\\/www.purejewels.com\\\/#\\\/schema\\\/logo\\\/image\\\/\",\"url\":\"https:\\\/\\\/static.purejewels.com\\\/wp-content\\\/uploads\\\/2020\\\/11\\\/Logo-PJ-New-1.png\",\"contentUrl\":\"https:\\\/\\\/static.purejewels.com\\\/wp-content\\\/uploads\\\/2020\\\/11\\\/Logo-PJ-New-1.png\",\"width\":150,\"height\":80,\"caption\":\"PureJewels UK\"},\"image\":{\"@id\":\"https:\\\/\\\/www.purejewels.com\\\/#\\\/schema\\\/logo\\\/image\\\/\"}}]}<\/script>\n<!-- \/ Yoast SEO plugin. -->","yoast_head_json":{"title":"Damen 22ct Gold Hoop Earrings bei purejewels UK online.","description":"Shoppen Sie 22ct Gold Glanz mit diesen atemberaubenden goldenen Ohrringen, die jetzt bei PureJewels UK online erh\u00e4ltlich sind. Kostenlose Lieferung in ganz Gro\u00dfbritannien.","robots":{"index":"index","follow":"follow","max-snippet":"max-snippet:-1","max-image-preview":"max-image-preview:large","max-video-preview":"max-video-preview:-1"},"canonical":"https:\/\/www.purejewels.com\/de\/produkt-2\/damen-22-kt-gold-reif-ohrringe-46666\/","og_locale":"de_DE","og_type":"article","og_title":"Ladies 22ct Gold Hoop Earrings at purejewels UK online.","og_description":"Shop 22ct gold shine with these stunning gold hoop earrings available now at PureJewels UK online. Free delivery across UK.","og_url":"https:\/\/www.purejewels.com\/de\/produkt-2\/damen-22-kt-gold-reif-ohrringe-46666\/","og_site_name":"PureJewels UK","article_modified_time":"2026-03-12T10:25:10+00:00","og_image":[{"width":1000,"height":1000,"url":"https:\/\/static.purejewels.com\/wp-content\/uploads\/2024\/01\/SKU-51872.png","type":"image\/png"}],"twitter_card":"summary_large_image","twitter_misc":{"Gesch\u00e4tzte Lesezeit":"1\u00a0Minute"},"schema":{"@context":"https:\/\/schema.org","@graph":[{"@type":["WebPage","ItemPage"],"@id":"https:\/\/www.purejewels.com\/product\/ladies-22ct-gold-hoop-earrings-46666\/","url":"https:\/\/www.purejewels.com\/product\/ladies-22ct-gold-hoop-earrings-46666\/","name":"Damen 22ct Gold Hoop Earrings bei purejewels UK online.","isPartOf":{"@id":"https:\/\/www.purejewels.com\/#website"},"primaryImageOfPage":{"@id":"https:\/\/www.purejewels.com\/product\/ladies-22ct-gold-hoop-earrings-46666\/#primaryimage"},"image":{"@id":"https:\/\/www.purejewels.com\/product\/ladies-22ct-gold-hoop-earrings-46666\/#primaryimage"},"thumbnailUrl":"https:\/\/static.purejewels.com\/wp-content\/uploads\/2024\/01\/SKU-51872.png","datePublished":"2024-01-12T11:54:39+00:00","dateModified":"2026-03-12T10:25:10+00:00","description":"Shoppen Sie 22ct Gold Glanz mit diesen atemberaubenden goldenen Ohrringen, die jetzt bei PureJewels UK online erh\u00e4ltlich sind. Kostenlose Lieferung in ganz Gro\u00dfbritannien.","breadcrumb":{"@id":"https:\/\/www.purejewels.com\/product\/ladies-22ct-gold-hoop-earrings-46666\/#breadcrumb"},"inLanguage":"de","potentialAction":[{"@type":"ReadAction","target":["https:\/\/www.purejewels.com\/product\/ladies-22ct-gold-hoop-earrings-46666\/"]}]},{"@type":"ImageObject","inLanguage":"de","@id":"https:\/\/www.purejewels.com\/product\/ladies-22ct-gold-hoop-earrings-46666\/#primaryimage","url":"https:\/\/static.purejewels.com\/wp-content\/uploads\/2024\/01\/SKU-51872.png","contentUrl":"https:\/\/static.purejewels.com\/wp-content\/uploads\/2024\/01\/SKU-51872.png","width":1000,"height":1000,"caption":"Ladies 22ct Gold Hoop Earrings"},{"@type":"BreadcrumbList","@id":"https:\/\/www.purejewels.com\/product\/ladies-22ct-gold-hoop-earrings-46666\/#breadcrumb","itemListElement":[{"@type":"ListItem","position":1,"name":"Home","item":"https:\/\/www.purejewels.com\/"},{"@type":"ListItem","position":2,"name":"Shop","item":"https:\/\/www.purejewels.com\/shop\/"},{"@type":"ListItem","position":3,"name":"Hoop Earrings in 22ct Gold"}]},{"@type":"WebSite","@id":"https:\/\/www.purejewels.com\/#website","url":"https:\/\/www.purejewels.com\/","name":"PureJewels UK","description":"Teile die Liebe","publisher":{"@id":"https:\/\/www.purejewels.com\/#organization"},"potentialAction":[{"@type":"SearchAction","target":{"@type":"EntryPoint","urlTemplate":"https:\/\/www.purejewels.com\/?s={search_term_string}"},"query-input":{"@type":"PropertyValueSpecification","valueRequired":true,"valueName":"search_term_string"}}],"inLanguage":"de"},{"@type":"Organization","@id":"https:\/\/www.purejewels.com\/#organization","name":"PureJewels UK","url":"https:\/\/www.purejewels.com\/","logo":{"@type":"ImageObject","inLanguage":"de","@id":"https:\/\/www.purejewels.com\/#\/schema\/logo\/image\/","url":"https:\/\/static.purejewels.com\/wp-content\/uploads\/2020\/11\/Logo-PJ-New-1.png","contentUrl":"https:\/\/static.purejewels.com\/wp-content\/uploads\/2020\/11\/Logo-PJ-New-1.png","width":150,"height":80,"caption":"PureJewels UK"},"image":{"@id":"https:\/\/www.purejewels.com\/#\/schema\/logo\/image\/"}}]}},"_links":{"self":[{"href":"https:\/\/www.purejewels.com\/de\/wp-json\/wp\/v2\/product\/360151","targetHints":{"allow":["GET"]}}],"collection":[{"href":"https:\/\/www.purejewels.com\/de\/wp-json\/wp\/v2\/product"}],"about":[{"href":"https:\/\/www.purejewels.com\/de\/wp-json\/wp\/v2\/types\/product"}],"replies":[{"embeddable":true,"href":"https:\/\/www.purejewels.com\/de\/wp-json\/wp\/v2\/comments?post=360151"}],"version-history":[{"count":6,"href":"https:\/\/www.purejewels.com\/de\/wp-json\/wp\/v2\/product\/360151\/revisions"}],"predecessor-version":[{"id":426988,"href":"https:\/\/www.purejewels.com\/de\/wp-json\/wp\/v2\/product\/360151\/revisions\/426988"}],"wp:featuredmedia":[{"embeddable":true,"href":"https:\/\/www.purejewels.com\/de\/wp-json\/wp\/v2\/media\/401398"}],"wp:attachment":[{"href":"https:\/\/www.purejewels.com\/de\/wp-json\/wp\/v2\/media?parent=360151"}],"wp:term":[{"taxonomy":"product_brand","embeddable":true,"href":"https:\/\/www.purejewels.com\/de\/wp-json\/wp\/v2\/product_brand?post=360151"},{"taxonomy":"product_cat","embeddable":true,"href":"https:\/\/www.purejewels.com\/de\/wp-json\/wp\/v2\/product_cat?post=360151"},{"taxonomy":"product_tag","embeddable":true,"href":"https:\/\/www.purejewels.com\/de\/wp-json\/wp\/v2\/product_tag?post=360151"}],"curies":[{"name":"wp","href":"https:\/\/api.w.org\/{rel}","templated":true}]}}