{"id":360527,"date":"2024-04-19T13:11:04","date_gmt":"2024-04-19T12:11:04","guid":{"rendered":"https:\/\/www.purejewels.com\/?post_type=product&#038;p=360527"},"modified":"2026-03-02T07:24:55","modified_gmt":"2026-03-02T07:24:55","slug":"22ct-gold-tun-lada-haar-47964","status":"publish","type":"product","link":"https:\/\/www.purejewels.com\/de\/product\/22ct-gold-do-lada-haar-47964\/","title":{"rendered":"22ct Gold Do Lada Haar"},"content":{"rendered":"<p>Schwelgen Sie in <a href=\"https:\/\/www.purejewels.com\/de\/product-category\/coloured-gemstone-jewellery\/\">zeitlose Eleganz<\/a> mit unserem fesselnden <a href=\"https:\/\/www.purejewels.com\/de\/product\/22ct-gold-jali-filigree-ring-jali-collection-31926\/\">22ct<\/a> Gold Do Lada <a href=\"https:\/\/www.purejewels.com\/de\/product\/rani-haar-necklace\/\">Haar-Halskette<\/a>. Dieses exquisite St\u00fcck, das sorgf\u00e4ltig aus reinem 22-kar\u00e4tigem Gold gefertigt wurde, verk\u00f6rpert die Essenz des traditionellen indischen Schmucks.<\/p>\n<p>Das Do Lada Haar ist mehr als nur eine Zierde; es ist ein Erbst\u00fcck, das \u00fcber Generationen hinweg gesch\u00e4tzt wird. Die unvergleichliche Qualit\u00e4t und <a href=\"https:\/\/www.purejewels.com\/de\/a-guide-to-die-stamping\/\">Handwerkskunst<\/a> dieses St\u00fccks gew\u00e4hrleisten, dass es die Zeit \u00fcberdauert und zu einem gesch\u00e4tzten Teil Ihrer Familiengeschichte wird.<\/p>\n<p>Der Besitz einer Do Lada Haar aus 22 Karat Gold ist eine Investition in unvergleichliche Qualit\u00e4t und zeitloses Design. Es ist ein St\u00fcck, das B\u00e4nde \u00fcber Ihre Wertsch\u00e4tzung f\u00fcr Erbe und feine Handwerkskunst spricht.<\/p>\n<ul>\n<li>\u00c4hnliche Halsketten erkunden<\/li>\n<\/ul>","protected":false},"excerpt":{"rendered":"<table class=\"sh_desc\">\n<tbody>\n<tr>\n<td>Art der Halskette<\/td>\n<td>Do Lada Halskette<\/td>\n<\/tr>\n<tr>\n<td>SKU<\/td>\n<td>47964<\/td>\n<\/tr>\n<tr>\n<td>Gewicht<\/td>\n<td>57,6 Gms<\/td>\n<\/tr>\n<tr>\n<td>L\u00e4nge<\/td>\n<td>24 Zoll<\/td>\n<\/tr>\n<tr>\n<td>Metall<\/td>\n<td>22ct Gold<\/td>\n<\/tr>\n<tr>\n<td>Entgelte<\/td>\n<td>Lieferung und Mehrwertsteuer inbegriffen<\/td>\n<\/tr>\n<tr>\n<td>Verpackung<\/td>\n<td>Mit Pr\u00e4sentationsbox<\/td>\n<\/tr>\n<tr>\n<td>Mehr Informationen<\/td>\n<td>\n<ul>\n<li>Live-Chat mit uns f\u00fcr Verf\u00fcgbarkeit und mehr Bilder<\/li>\n<li>Erkunden Sie unser\u00a0<strong>Goldschmuck-Set<\/strong><\/li>\n<\/ul>\n<\/td>\n<\/tr>\n<\/tbody>\n<\/table>","protected":false},"featured_media":360528,"comment_status":"closed","ping_status":"closed","template":"","meta":{"_eb_attr":"","_crsspst_to_jayantr4sg-hostcom":false},"product_brand":[],"product_cat":[1625,236,1253,1777,5945,1573,1574],"product_tag":[],"class_list":{"0":"post-360527","1":"product","2":"type-product","3":"status-publish","4":"has-post-thumbnail","6":"product_cat-bridal-set","7":"product_cat-collections","8":"product_cat-gold-necklaces","9":"product_cat-long-necklaces","10":"product_cat-rani-haar","11":"product_cat-wedding-gifts","12":"product_cat-womens-jewellery","14":"first","15":"instock","16":"taxable","17":"shipping-taxable","18":"purchasable","19":"product-type-simple","20":"add-to-wishlist-before_image"},"yoast_head":"<!-- This site is optimized with the Yoast SEO plugin v27.5 - https:\/\/yoast.com\/product\/yoast-seo-wordpress\/ -->\n<title>Luxurious 22K Gold Do Lada Haar Necklace | PureJewels UK<\/title>\n<meta name=\"description\" content=\"Add a touch of timeless elegance to your look with our stunning 22ct Gold Do Lada Haar necklace. Visit PureJewels today to view our Necklace Collection.\" \/>\n<meta name=\"robots\" content=\"index, follow, max-snippet:-1, max-image-preview:large, max-video-preview:-1\" \/>\n<link rel=\"canonical\" href=\"https:\/\/www.purejewels.com\/de\/produkt-2\/22ct-gold-tun-lada-haar-47964\/\" \/>\n<meta property=\"og:locale\" content=\"de_DE\" \/>\n<meta property=\"og:type\" content=\"article\" \/>\n<meta property=\"og:title\" content=\"Luxurious 22K Gold Do Lada Haar Necklace | PureJewels UK\" \/>\n<meta property=\"og:description\" content=\"Add a touch of timeless elegance to your look with our stunning 22ct Gold Do Lada Haar necklace. Visit PureJewels today to view our Necklace Collection.\" \/>\n<meta property=\"og:url\" content=\"https:\/\/www.purejewels.com\/de\/produkt-2\/22ct-gold-tun-lada-haar-47964\/\" \/>\n<meta property=\"og:site_name\" content=\"PureJewels UK\" \/>\n<meta property=\"article:modified_time\" content=\"2026-03-02T07:24:55+00:00\" \/>\n<meta property=\"og:image\" content=\"https:\/\/static.purejewels.com\/wp-content\/uploads\/2024\/04\/47964.png\" \/>\n\t<meta property=\"og:image:width\" content=\"1000\" \/>\n\t<meta property=\"og:image:height\" content=\"1000\" \/>\n\t<meta property=\"og:image:type\" content=\"image\/png\" \/>\n<meta name=\"twitter:card\" content=\"summary_large_image\" \/>\n<meta name=\"twitter:label1\" content=\"Gesch\u00e4tzte Lesezeit\" \/>\n\t<meta name=\"twitter:data1\" content=\"1\u00a0Minute\" \/>\n<script type=\"application\/ld+json\" class=\"yoast-schema-graph\">{\"@context\":\"https:\\\/\\\/schema.org\",\"@graph\":[{\"@type\":[\"WebPage\",\"ItemPage\"],\"@id\":\"https:\\\/\\\/www.purejewels.com\\\/product\\\/22ct-gold-do-lada-haar-47964\\\/\",\"url\":\"https:\\\/\\\/www.purejewels.com\\\/product\\\/22ct-gold-do-lada-haar-47964\\\/\",\"name\":\"Luxurious 22K Gold Do Lada Haar Necklace | PureJewels UK\",\"isPartOf\":{\"@id\":\"https:\\\/\\\/www.purejewels.com\\\/#website\"},\"primaryImageOfPage\":{\"@id\":\"https:\\\/\\\/www.purejewels.com\\\/product\\\/22ct-gold-do-lada-haar-47964\\\/#primaryimage\"},\"image\":{\"@id\":\"https:\\\/\\\/www.purejewels.com\\\/product\\\/22ct-gold-do-lada-haar-47964\\\/#primaryimage\"},\"thumbnailUrl\":\"https:\\\/\\\/static.purejewels.com\\\/wp-content\\\/uploads\\\/2024\\\/04\\\/47964.png\",\"datePublished\":\"2024-04-19T12:11:04+00:00\",\"dateModified\":\"2026-03-02T07:24:55+00:00\",\"description\":\"Add a touch of timeless elegance to your look with our stunning 22ct Gold Do Lada Haar necklace. Visit PureJewels today to view our Necklace Collection.\",\"breadcrumb\":{\"@id\":\"https:\\\/\\\/www.purejewels.com\\\/product\\\/22ct-gold-do-lada-haar-47964\\\/#breadcrumb\"},\"inLanguage\":\"de\",\"potentialAction\":[{\"@type\":\"ReadAction\",\"target\":[\"https:\\\/\\\/www.purejewels.com\\\/product\\\/22ct-gold-do-lada-haar-47964\\\/\"]}]},{\"@type\":\"ImageObject\",\"inLanguage\":\"de\",\"@id\":\"https:\\\/\\\/www.purejewels.com\\\/product\\\/22ct-gold-do-lada-haar-47964\\\/#primaryimage\",\"url\":\"https:\\\/\\\/static.purejewels.com\\\/wp-content\\\/uploads\\\/2024\\\/04\\\/47964.png\",\"contentUrl\":\"https:\\\/\\\/static.purejewels.com\\\/wp-content\\\/uploads\\\/2024\\\/04\\\/47964.png\",\"width\":1000,\"height\":1000,\"caption\":\"22ct Gold Do Lada Haar\"},{\"@type\":\"BreadcrumbList\",\"@id\":\"https:\\\/\\\/www.purejewels.com\\\/product\\\/22ct-gold-do-lada-haar-47964\\\/#breadcrumb\",\"itemListElement\":[{\"@type\":\"ListItem\",\"position\":1,\"name\":\"Home\",\"item\":\"https:\\\/\\\/www.purejewels.com\\\/\"},{\"@type\":\"ListItem\",\"position\":2,\"name\":\"Shop\",\"item\":\"https:\\\/\\\/www.purejewels.com\\\/shop\\\/\"},{\"@type\":\"ListItem\",\"position\":3,\"name\":\"22ct Gold Do Lada Haar\"}]},{\"@type\":\"WebSite\",\"@id\":\"https:\\\/\\\/www.purejewels.com\\\/#website\",\"url\":\"https:\\\/\\\/www.purejewels.com\\\/\",\"name\":\"PureJewels UK\",\"description\":\"Share the Love\",\"publisher\":{\"@id\":\"https:\\\/\\\/www.purejewels.com\\\/#organization\"},\"potentialAction\":[{\"@type\":\"SearchAction\",\"target\":{\"@type\":\"EntryPoint\",\"urlTemplate\":\"https:\\\/\\\/www.purejewels.com\\\/?s={search_term_string}\"},\"query-input\":{\"@type\":\"PropertyValueSpecification\",\"valueRequired\":true,\"valueName\":\"search_term_string\"}}],\"inLanguage\":\"de\"},{\"@type\":\"Organization\",\"@id\":\"https:\\\/\\\/www.purejewels.com\\\/#organization\",\"name\":\"PureJewels UK\",\"url\":\"https:\\\/\\\/www.purejewels.com\\\/\",\"logo\":{\"@type\":\"ImageObject\",\"inLanguage\":\"de\",\"@id\":\"https:\\\/\\\/www.purejewels.com\\\/#\\\/schema\\\/logo\\\/image\\\/\",\"url\":\"https:\\\/\\\/static.purejewels.com\\\/wp-content\\\/uploads\\\/2020\\\/11\\\/Logo-PJ-New-1.png\",\"contentUrl\":\"https:\\\/\\\/static.purejewels.com\\\/wp-content\\\/uploads\\\/2020\\\/11\\\/Logo-PJ-New-1.png\",\"width\":150,\"height\":80,\"caption\":\"PureJewels UK\"},\"image\":{\"@id\":\"https:\\\/\\\/www.purejewels.com\\\/#\\\/schema\\\/logo\\\/image\\\/\"}}]}<\/script>\n<!-- \/ Yoast SEO plugin. -->","yoast_head_json":{"title":"Luxuri\u00f6se 22K Gold Do Lada Haar Halskette | PureJewels UK","description":"F\u00fcgen Sie einen Hauch von zeitloser Eleganz zu Ihrem Look mit unserer atemberaubenden 22ct Gold Do Lada Haar Halskette. Besuchen Sie PureJewels heute, um unsere Halsketten-Kollektion zu sehen.","robots":{"index":"index","follow":"follow","max-snippet":"max-snippet:-1","max-image-preview":"max-image-preview:large","max-video-preview":"max-video-preview:-1"},"canonical":"https:\/\/www.purejewels.com\/de\/produkt-2\/22ct-gold-tun-lada-haar-47964\/","og_locale":"de_DE","og_type":"article","og_title":"Luxurious 22K Gold Do Lada Haar Necklace | PureJewels UK","og_description":"Add a touch of timeless elegance to your look with our stunning 22ct Gold Do Lada Haar necklace. Visit PureJewels today to view our Necklace Collection.","og_url":"https:\/\/www.purejewels.com\/de\/produkt-2\/22ct-gold-tun-lada-haar-47964\/","og_site_name":"PureJewels UK","article_modified_time":"2026-03-02T07:24:55+00:00","og_image":[{"width":1000,"height":1000,"url":"https:\/\/static.purejewels.com\/wp-content\/uploads\/2024\/04\/47964.png","type":"image\/png"}],"twitter_card":"summary_large_image","twitter_misc":{"Gesch\u00e4tzte Lesezeit":"1\u00a0Minute"},"schema":{"@context":"https:\/\/schema.org","@graph":[{"@type":["WebPage","ItemPage"],"@id":"https:\/\/www.purejewels.com\/product\/22ct-gold-do-lada-haar-47964\/","url":"https:\/\/www.purejewels.com\/product\/22ct-gold-do-lada-haar-47964\/","name":"Luxuri\u00f6se 22K Gold Do Lada Haar Halskette | PureJewels UK","isPartOf":{"@id":"https:\/\/www.purejewels.com\/#website"},"primaryImageOfPage":{"@id":"https:\/\/www.purejewels.com\/product\/22ct-gold-do-lada-haar-47964\/#primaryimage"},"image":{"@id":"https:\/\/www.purejewels.com\/product\/22ct-gold-do-lada-haar-47964\/#primaryimage"},"thumbnailUrl":"https:\/\/static.purejewels.com\/wp-content\/uploads\/2024\/04\/47964.png","datePublished":"2024-04-19T12:11:04+00:00","dateModified":"2026-03-02T07:24:55+00:00","description":"F\u00fcgen Sie einen Hauch von zeitloser Eleganz zu Ihrem Look mit unserer atemberaubenden 22ct Gold Do Lada Haar Halskette. Besuchen Sie PureJewels heute, um unsere Halsketten-Kollektion zu sehen.","breadcrumb":{"@id":"https:\/\/www.purejewels.com\/product\/22ct-gold-do-lada-haar-47964\/#breadcrumb"},"inLanguage":"de","potentialAction":[{"@type":"ReadAction","target":["https:\/\/www.purejewels.com\/product\/22ct-gold-do-lada-haar-47964\/"]}]},{"@type":"ImageObject","inLanguage":"de","@id":"https:\/\/www.purejewels.com\/product\/22ct-gold-do-lada-haar-47964\/#primaryimage","url":"https:\/\/static.purejewels.com\/wp-content\/uploads\/2024\/04\/47964.png","contentUrl":"https:\/\/static.purejewels.com\/wp-content\/uploads\/2024\/04\/47964.png","width":1000,"height":1000,"caption":"22ct Gold Do Lada Haar"},{"@type":"BreadcrumbList","@id":"https:\/\/www.purejewels.com\/product\/22ct-gold-do-lada-haar-47964\/#breadcrumb","itemListElement":[{"@type":"ListItem","position":1,"name":"Home","item":"https:\/\/www.purejewels.com\/"},{"@type":"ListItem","position":2,"name":"Shop","item":"https:\/\/www.purejewels.com\/shop\/"},{"@type":"ListItem","position":3,"name":"22ct Gold Do Lada Haar"}]},{"@type":"WebSite","@id":"https:\/\/www.purejewels.com\/#website","url":"https:\/\/www.purejewels.com\/","name":"PureJewels UK","description":"Teile die Liebe","publisher":{"@id":"https:\/\/www.purejewels.com\/#organization"},"potentialAction":[{"@type":"SearchAction","target":{"@type":"EntryPoint","urlTemplate":"https:\/\/www.purejewels.com\/?s={search_term_string}"},"query-input":{"@type":"PropertyValueSpecification","valueRequired":true,"valueName":"search_term_string"}}],"inLanguage":"de"},{"@type":"Organization","@id":"https:\/\/www.purejewels.com\/#organization","name":"PureJewels UK","url":"https:\/\/www.purejewels.com\/","logo":{"@type":"ImageObject","inLanguage":"de","@id":"https:\/\/www.purejewels.com\/#\/schema\/logo\/image\/","url":"https:\/\/static.purejewels.com\/wp-content\/uploads\/2020\/11\/Logo-PJ-New-1.png","contentUrl":"https:\/\/static.purejewels.com\/wp-content\/uploads\/2020\/11\/Logo-PJ-New-1.png","width":150,"height":80,"caption":"PureJewels UK"},"image":{"@id":"https:\/\/www.purejewels.com\/#\/schema\/logo\/image\/"}}]}},"_links":{"self":[{"href":"https:\/\/www.purejewels.com\/de\/wp-json\/wp\/v2\/product\/360527","targetHints":{"allow":["GET"]}}],"collection":[{"href":"https:\/\/www.purejewels.com\/de\/wp-json\/wp\/v2\/product"}],"about":[{"href":"https:\/\/www.purejewels.com\/de\/wp-json\/wp\/v2\/types\/product"}],"replies":[{"embeddable":true,"href":"https:\/\/www.purejewels.com\/de\/wp-json\/wp\/v2\/comments?post=360527"}],"version-history":[{"count":3,"href":"https:\/\/www.purejewels.com\/de\/wp-json\/wp\/v2\/product\/360527\/revisions"}],"predecessor-version":[{"id":388267,"href":"https:\/\/www.purejewels.com\/de\/wp-json\/wp\/v2\/product\/360527\/revisions\/388267"}],"wp:featuredmedia":[{"embeddable":true,"href":"https:\/\/www.purejewels.com\/de\/wp-json\/wp\/v2\/media\/360528"}],"wp:attachment":[{"href":"https:\/\/www.purejewels.com\/de\/wp-json\/wp\/v2\/media?parent=360527"}],"wp:term":[{"taxonomy":"product_brand","embeddable":true,"href":"https:\/\/www.purejewels.com\/de\/wp-json\/wp\/v2\/product_brand?post=360527"},{"taxonomy":"product_cat","embeddable":true,"href":"https:\/\/www.purejewels.com\/de\/wp-json\/wp\/v2\/product_cat?post=360527"},{"taxonomy":"product_tag","embeddable":true,"href":"https:\/\/www.purejewels.com\/de\/wp-json\/wp\/v2\/product_tag?post=360527"}],"curies":[{"name":"wp","href":"https:\/\/api.w.org\/{rel}","templated":true}]}}