{"id":360581,"date":"2024-04-22T06:25:40","date_gmt":"2024-04-22T05:25:40","guid":{"rendered":"https:\/\/www.purejewels.com\/?post_type=product&#038;p=360581"},"modified":"2026-03-11T06:09:35","modified_gmt":"2026-03-11T06:09:35","slug":"22-kt-gold-pfau-cz-anhanger-51115","status":"publish","type":"product","link":"https:\/\/www.purejewels.com\/de\/product\/22ct-gold-peacock-cz-pendant-51115\/","title":{"rendered":"22ct Gold Schwan CZ Anh\u00e4nger"},"content":{"rendered":"<p data-sourcepos=\"3:1-3:210\">Lassen Sie sich von der atemberaubenden Sch\u00f6nheit des Schwanenanh\u00e4ngers aus 22 Karat Gold verzaubern. Gefertigt aus reinem 22 Karat Gold, f\u00e4ngt dieser exquisite Anh\u00e4nger die Eleganz und Lebendigkeit des Schwans ein, ein Symbol der K\u00f6niglichkeit und Anmut.<\/p>\n<div class=\"container\"><\/div>","protected":false},"excerpt":{"rendered":"<p>22ct Gold Schwan Anh\u00e4nger mit CZ Stein verziert.<br data-start=\"767\" data-end=\"770\" \/>Ein majest\u00e4tisches Symbol f\u00fcr Sch\u00f6nheit und Tradition, handgefertigt aus reinem Gold.<\/p>\n<p><strong>Material:<\/strong>\u00a022ct Gold<strong><br \/>\nWahrzeichen:\u00a0<\/strong>Britisches G\u00fctesiegel<strong><br \/>\n<\/strong><strong>Bruttogewicht:\u00a0<\/strong>5,73 Gramm<br \/>\n<strong>SKU:<\/strong> 51115<\/p>\n<p><strong>Preis und Lieferung<\/strong>:Inklusive Mehrwertsteuer und Lieferkosten<\/p>\n<p><a href=\"https:\/\/www.purejewels.com\/de\/ruckgabepolitik\/\">R\u00fcckgabepolitik<\/a><\/p>","protected":false},"featured_media":402497,"comment_status":"closed","ping_status":"closed","template":"","meta":{"_eb_attr":"","_crsspst_to_jayantr4sg-hostcom":true},"product_brand":[],"product_cat":[1791,236,1793,6190,1770,1792,1790,1229,1255,1767,1570,1573,1574,5349],"product_tag":[],"class_list":{"0":"post-360581","1":"product","2":"type-product","3":"status-publish","4":"has-post-thumbnail","6":"product_cat-anniversary-gifts","7":"product_cat-collections","8":"product_cat-diwali-gifts","9":"product_cat-easter-jewellery","10":"product_cat-fancy-pendants","11":"product_cat-festival-gifts","12":"product_cat-for-whom-when","13":"product_cat-22ct-gold-jewellery","14":"product_cat-gold-pendants","15":"product_cat-ladies-pendants","16":"product_cat-mothers-day-gifts","17":"product_cat-wedding-gifts","18":"product_cat-womens-jewellery","19":"product_cat-yellow-gold-jewellery","21":"first","22":"outofstock","23":"taxable","24":"shipping-taxable","25":"product-type-simple","26":"add-to-wishlist-before_image"},"yoast_head":"<!-- This site is optimized with the Yoast SEO plugin v27.3 - https:\/\/yoast.com\/product\/yoast-seo-wordpress\/ -->\n<title>22ct Gold Antique Style Swan Pendant | PureJewels UK<\/title>\n<meta name=\"description\" content=\"Experience the heritage of luxury. 22ct Gold Antique Swan Pendant by PureJewels. Shop this Pendant online today! Free delivery across UK.\" \/>\n<meta name=\"robots\" content=\"index, follow, max-snippet:-1, max-image-preview:large, max-video-preview:-1\" \/>\n<link rel=\"canonical\" href=\"https:\/\/www.purejewels.com\/de\/produkt-2\/22-kt-gold-pfau-cz-anhanger-51115\/\" \/>\n<meta property=\"og:locale\" content=\"de_DE\" \/>\n<meta property=\"og:type\" content=\"article\" \/>\n<meta property=\"og:title\" content=\"22ct Gold Antique Style Swan Pendant | PureJewels UK\" \/>\n<meta property=\"og:description\" content=\"Experience the heritage of luxury. 22ct Gold Antique Swan Pendant by PureJewels. Shop this Pendant online today! Free delivery across UK.\" \/>\n<meta property=\"og:url\" content=\"https:\/\/www.purejewels.com\/de\/produkt-2\/22-kt-gold-pfau-cz-anhanger-51115\/\" \/>\n<meta property=\"og:site_name\" content=\"PureJewels UK\" \/>\n<meta property=\"article:modified_time\" content=\"2026-03-11T06:09:35+00:00\" \/>\n<meta property=\"og:image\" content=\"https:\/\/static.purejewels.com\/wp-content\/uploads\/2024\/04\/51107.png\" \/>\n\t<meta property=\"og:image:width\" content=\"1000\" \/>\n\t<meta property=\"og:image:height\" content=\"1000\" \/>\n\t<meta property=\"og:image:type\" content=\"image\/png\" \/>\n<meta name=\"twitter:card\" content=\"summary_large_image\" \/>\n<meta name=\"twitter:label1\" content=\"Gesch\u00e4tzte Lesezeit\" \/>\n\t<meta name=\"twitter:data1\" content=\"1\u00a0Minute\" \/>\n<script type=\"application\/ld+json\" class=\"yoast-schema-graph\">{\"@context\":\"https:\\\/\\\/schema.org\",\"@graph\":[{\"@type\":[\"WebPage\",\"ItemPage\"],\"@id\":\"https:\\\/\\\/www.purejewels.com\\\/product\\\/22ct-gold-peacock-cz-pendant-51115\\\/\",\"url\":\"https:\\\/\\\/www.purejewels.com\\\/product\\\/22ct-gold-peacock-cz-pendant-51115\\\/\",\"name\":\"22ct Gold Antique Style Swan Pendant | PureJewels UK\",\"isPartOf\":{\"@id\":\"https:\\\/\\\/www.purejewels.com\\\/#website\"},\"primaryImageOfPage\":{\"@id\":\"https:\\\/\\\/www.purejewels.com\\\/product\\\/22ct-gold-peacock-cz-pendant-51115\\\/#primaryimage\"},\"image\":{\"@id\":\"https:\\\/\\\/www.purejewels.com\\\/product\\\/22ct-gold-peacock-cz-pendant-51115\\\/#primaryimage\"},\"thumbnailUrl\":\"https:\\\/\\\/static.purejewels.com\\\/wp-content\\\/uploads\\\/2024\\\/04\\\/51107.png\",\"datePublished\":\"2024-04-22T05:25:40+00:00\",\"dateModified\":\"2026-03-11T06:09:35+00:00\",\"description\":\"Experience the heritage of luxury. 22ct Gold Antique Swan Pendant by PureJewels. Shop this Pendant online today! Free delivery across UK.\",\"breadcrumb\":{\"@id\":\"https:\\\/\\\/www.purejewels.com\\\/product\\\/22ct-gold-peacock-cz-pendant-51115\\\/#breadcrumb\"},\"inLanguage\":\"de\",\"potentialAction\":[{\"@type\":\"ReadAction\",\"target\":[\"https:\\\/\\\/www.purejewels.com\\\/product\\\/22ct-gold-peacock-cz-pendant-51115\\\/\"]}]},{\"@type\":\"ImageObject\",\"inLanguage\":\"de\",\"@id\":\"https:\\\/\\\/www.purejewels.com\\\/product\\\/22ct-gold-peacock-cz-pendant-51115\\\/#primaryimage\",\"url\":\"https:\\\/\\\/static.purejewels.com\\\/wp-content\\\/uploads\\\/2024\\\/04\\\/51107.png\",\"contentUrl\":\"https:\\\/\\\/static.purejewels.com\\\/wp-content\\\/uploads\\\/2024\\\/04\\\/51107.png\",\"width\":1000,\"height\":1000,\"caption\":\"22ct Gold Peacock CZ Pendant\"},{\"@type\":\"BreadcrumbList\",\"@id\":\"https:\\\/\\\/www.purejewels.com\\\/product\\\/22ct-gold-peacock-cz-pendant-51115\\\/#breadcrumb\",\"itemListElement\":[{\"@type\":\"ListItem\",\"position\":1,\"name\":\"Home\",\"item\":\"https:\\\/\\\/www.purejewels.com\\\/\"},{\"@type\":\"ListItem\",\"position\":2,\"name\":\"Shop\",\"item\":\"https:\\\/\\\/www.purejewels.com\\\/shop\\\/\"},{\"@type\":\"ListItem\",\"position\":3,\"name\":\"22ct Gold Swan CZ Pendant\"}]},{\"@type\":\"WebSite\",\"@id\":\"https:\\\/\\\/www.purejewels.com\\\/#website\",\"url\":\"https:\\\/\\\/www.purejewels.com\\\/\",\"name\":\"PureJewels UK\",\"description\":\"Share the Love\",\"publisher\":{\"@id\":\"https:\\\/\\\/www.purejewels.com\\\/#organization\"},\"potentialAction\":[{\"@type\":\"SearchAction\",\"target\":{\"@type\":\"EntryPoint\",\"urlTemplate\":\"https:\\\/\\\/www.purejewels.com\\\/?s={search_term_string}\"},\"query-input\":{\"@type\":\"PropertyValueSpecification\",\"valueRequired\":true,\"valueName\":\"search_term_string\"}}],\"inLanguage\":\"de\"},{\"@type\":\"Organization\",\"@id\":\"https:\\\/\\\/www.purejewels.com\\\/#organization\",\"name\":\"PureJewels UK\",\"url\":\"https:\\\/\\\/www.purejewels.com\\\/\",\"logo\":{\"@type\":\"ImageObject\",\"inLanguage\":\"de\",\"@id\":\"https:\\\/\\\/www.purejewels.com\\\/#\\\/schema\\\/logo\\\/image\\\/\",\"url\":\"https:\\\/\\\/static.purejewels.com\\\/wp-content\\\/uploads\\\/2020\\\/11\\\/Logo-PJ-New-1.png\",\"contentUrl\":\"https:\\\/\\\/static.purejewels.com\\\/wp-content\\\/uploads\\\/2020\\\/11\\\/Logo-PJ-New-1.png\",\"width\":150,\"height\":80,\"caption\":\"PureJewels UK\"},\"image\":{\"@id\":\"https:\\\/\\\/www.purejewels.com\\\/#\\\/schema\\\/logo\\\/image\\\/\"}}]}<\/script>\n<!-- \/ Yoast SEO plugin. -->","yoast_head_json":{"title":"22ct Gold Antique Style Schwan Anh\u00e4nger | PureJewels UK","description":"Erleben Sie das Erbe des Luxus. 22ct Gold Antique Swan Anh\u00e4nger von PureJewels. Kaufen Sie diesen Anh\u00e4nger noch heute online! Kostenlose Lieferung in ganz Gro\u00dfbritannien.","robots":{"index":"index","follow":"follow","max-snippet":"max-snippet:-1","max-image-preview":"max-image-preview:large","max-video-preview":"max-video-preview:-1"},"canonical":"https:\/\/www.purejewels.com\/de\/produkt-2\/22-kt-gold-pfau-cz-anhanger-51115\/","og_locale":"de_DE","og_type":"article","og_title":"22ct Gold Antique Style Swan Pendant | PureJewels UK","og_description":"Experience the heritage of luxury. 22ct Gold Antique Swan Pendant by PureJewels. Shop this Pendant online today! Free delivery across UK.","og_url":"https:\/\/www.purejewels.com\/de\/produkt-2\/22-kt-gold-pfau-cz-anhanger-51115\/","og_site_name":"PureJewels UK","article_modified_time":"2026-03-11T06:09:35+00:00","og_image":[{"width":1000,"height":1000,"url":"https:\/\/static.purejewels.com\/wp-content\/uploads\/2024\/04\/51107.png","type":"image\/png"}],"twitter_card":"summary_large_image","twitter_misc":{"Gesch\u00e4tzte Lesezeit":"1\u00a0Minute"},"schema":{"@context":"https:\/\/schema.org","@graph":[{"@type":["WebPage","ItemPage"],"@id":"https:\/\/www.purejewels.com\/product\/22ct-gold-peacock-cz-pendant-51115\/","url":"https:\/\/www.purejewels.com\/product\/22ct-gold-peacock-cz-pendant-51115\/","name":"22ct Gold Antique Style Schwan Anh\u00e4nger | PureJewels UK","isPartOf":{"@id":"https:\/\/www.purejewels.com\/#website"},"primaryImageOfPage":{"@id":"https:\/\/www.purejewels.com\/product\/22ct-gold-peacock-cz-pendant-51115\/#primaryimage"},"image":{"@id":"https:\/\/www.purejewels.com\/product\/22ct-gold-peacock-cz-pendant-51115\/#primaryimage"},"thumbnailUrl":"https:\/\/static.purejewels.com\/wp-content\/uploads\/2024\/04\/51107.png","datePublished":"2024-04-22T05:25:40+00:00","dateModified":"2026-03-11T06:09:35+00:00","description":"Erleben Sie das Erbe des Luxus. 22ct Gold Antique Swan Anh\u00e4nger von PureJewels. Kaufen Sie diesen Anh\u00e4nger noch heute online! Kostenlose Lieferung in ganz Gro\u00dfbritannien.","breadcrumb":{"@id":"https:\/\/www.purejewels.com\/product\/22ct-gold-peacock-cz-pendant-51115\/#breadcrumb"},"inLanguage":"de","potentialAction":[{"@type":"ReadAction","target":["https:\/\/www.purejewels.com\/product\/22ct-gold-peacock-cz-pendant-51115\/"]}]},{"@type":"ImageObject","inLanguage":"de","@id":"https:\/\/www.purejewels.com\/product\/22ct-gold-peacock-cz-pendant-51115\/#primaryimage","url":"https:\/\/static.purejewels.com\/wp-content\/uploads\/2024\/04\/51107.png","contentUrl":"https:\/\/static.purejewels.com\/wp-content\/uploads\/2024\/04\/51107.png","width":1000,"height":1000,"caption":"22ct Gold Peacock CZ Pendant"},{"@type":"BreadcrumbList","@id":"https:\/\/www.purejewels.com\/product\/22ct-gold-peacock-cz-pendant-51115\/#breadcrumb","itemListElement":[{"@type":"ListItem","position":1,"name":"Home","item":"https:\/\/www.purejewels.com\/"},{"@type":"ListItem","position":2,"name":"Shop","item":"https:\/\/www.purejewels.com\/shop\/"},{"@type":"ListItem","position":3,"name":"22ct Gold Swan CZ Pendant"}]},{"@type":"WebSite","@id":"https:\/\/www.purejewels.com\/#website","url":"https:\/\/www.purejewels.com\/","name":"PureJewels UK","description":"Teile die Liebe","publisher":{"@id":"https:\/\/www.purejewels.com\/#organization"},"potentialAction":[{"@type":"SearchAction","target":{"@type":"EntryPoint","urlTemplate":"https:\/\/www.purejewels.com\/?s={search_term_string}"},"query-input":{"@type":"PropertyValueSpecification","valueRequired":true,"valueName":"search_term_string"}}],"inLanguage":"de"},{"@type":"Organization","@id":"https:\/\/www.purejewels.com\/#organization","name":"PureJewels UK","url":"https:\/\/www.purejewels.com\/","logo":{"@type":"ImageObject","inLanguage":"de","@id":"https:\/\/www.purejewels.com\/#\/schema\/logo\/image\/","url":"https:\/\/static.purejewels.com\/wp-content\/uploads\/2020\/11\/Logo-PJ-New-1.png","contentUrl":"https:\/\/static.purejewels.com\/wp-content\/uploads\/2020\/11\/Logo-PJ-New-1.png","width":150,"height":80,"caption":"PureJewels UK"},"image":{"@id":"https:\/\/www.purejewels.com\/#\/schema\/logo\/image\/"}}]}},"_links":{"self":[{"href":"https:\/\/www.purejewels.com\/de\/wp-json\/wp\/v2\/product\/360581","targetHints":{"allow":["GET"]}}],"collection":[{"href":"https:\/\/www.purejewels.com\/de\/wp-json\/wp\/v2\/product"}],"about":[{"href":"https:\/\/www.purejewels.com\/de\/wp-json\/wp\/v2\/types\/product"}],"replies":[{"embeddable":true,"href":"https:\/\/www.purejewels.com\/de\/wp-json\/wp\/v2\/comments?post=360581"}],"version-history":[{"count":4,"href":"https:\/\/www.purejewels.com\/de\/wp-json\/wp\/v2\/product\/360581\/revisions"}],"predecessor-version":[{"id":426934,"href":"https:\/\/www.purejewels.com\/de\/wp-json\/wp\/v2\/product\/360581\/revisions\/426934"}],"wp:featuredmedia":[{"embeddable":true,"href":"https:\/\/www.purejewels.com\/de\/wp-json\/wp\/v2\/media\/402497"}],"wp:attachment":[{"href":"https:\/\/www.purejewels.com\/de\/wp-json\/wp\/v2\/media?parent=360581"}],"wp:term":[{"taxonomy":"product_brand","embeddable":true,"href":"https:\/\/www.purejewels.com\/de\/wp-json\/wp\/v2\/product_brand?post=360581"},{"taxonomy":"product_cat","embeddable":true,"href":"https:\/\/www.purejewels.com\/de\/wp-json\/wp\/v2\/product_cat?post=360581"},{"taxonomy":"product_tag","embeddable":true,"href":"https:\/\/www.purejewels.com\/de\/wp-json\/wp\/v2\/product_tag?post=360581"}],"curies":[{"name":"wp","href":"https:\/\/api.w.org\/{rel}","templated":true}]}}