{"id":3614,"date":"2017-07-19T13:16:25","date_gmt":"2017-07-19T12:16:25","guid":{"rendered":"http:\/\/new.purejewels.com\/product\/christian-bauer-wedding-ring-246737\/"},"modified":"2020-12-21T17:54:21","modified_gmt":"2020-12-21T17:54:21","slug":"christian-bauer-trauring-246737","status":"publish","type":"product","link":"https:\/\/www.purejewels.com\/de\/product\/christian-bauer-wedding-ring-246737\/","title":{"rendered":"Christian Bauer Ehering Ring"},"content":{"rendered":"<p>Dieser luxuri\u00f6se Ehering f\u00fcr Verliebte besticht durch eine g\u00f6ttliche Doppelreihe aus Diamanten.  Sie funkeln vor einem Hintergrund aus sanft geb\u00fcrstetem Gold.  Ihr Ring ist f\u00fcr das ganze Leben, also w\u00e4hlen Sie mit dem Herzen - dieser Ring ist f\u00fcr einen ganz besonderen Menschen bestimmt.  Mit 0,43 Karat Diamanten im Brillantschliff f\u00e4ngt er das Licht in jedem Winkel ein.  Er wurde in der hochmodernen Produktionsst\u00e4tte in Welzheim von den erfahrenen Schmuckmachern von Christian Bauer handgefertigt.  PureJewels ist stolz darauf, ein autorisierter H\u00e4ndler zu sein von <a href=\"https:\/\/www.purejewels.com\/de\/product-category\/wedding-rings-bands\/wedding-bands\/christian-bauer-brands\/\">Christian Bauer<\/a> Hochzeit <a href=\"https:\/\/www.purejewels.com\/de\/product-category\/22ct-gold-jewellery\/gold-rings\/\">Ringe<\/a> in London.  *Ihr Ring wird bestellt, es sei denn, wir haben Ihre Gr\u00f6\u00dfe auf Lager.  Um Ihre Gr\u00f6\u00dfe auszuw\u00e4hlen - oder ein anderes Metall anzufordern - \u00f6ffnen Sie einfach den Live-Chat.*<\/p>\n<p><\/br><\/p>\n<ul><\/br><\/p>\n<li>Christian Bauer Diamant-Trauring<\/li>\n<p><\/br><\/p>\n<li>Metall: <a href=\"https:\/\/www.purejewels.com\/de\/product\/18ct-white-gold-khanda-sikh-religious-pendant-6226\/\">18ct<\/a> Gelbgold<\/li>\n<p><\/br><\/p>\n<li>Breite: 7,5 mm<\/li>\n<p><\/br><\/p>\n<li>Steine: 59 Diamanten im Brillantschliff<\/li>\n<p><\/br><\/p>\n<li>Gewicht des Diamanten: 0,43 Karat<\/li>\n<p><\/br><\/ul>\n<p><\/br><\/p>\n<h2><strong>W\u00e4hlen Sie das Finish f\u00fcr Ihren Christian Bauer Trauring<\/strong><\/h2>\n<p><\/br><\/p>\n<p>Da Ihr Christian Bauer Ehering in der Werkstatt in Deutschland bestellt wird, k\u00f6nnen Sie ihn ganz nach Ihrem Geschmack gestalten.  W\u00e4hlen Sie, ob Sie diesen Ehering mit zwei Diamanten in Ros\u00e9gold oder reinem Platin haben m\u00f6chten.   \u00d6ffnen Sie den Live-Chat, um herauszufinden, was m\u00f6glich ist, und geben Sie die Gr\u00f6\u00dfe Ihres Rings an.  Oder kommen Sie in unseren Ausstellungsraum und wir zeigen Ihnen die neuesten Trauringe von Christian Bauer.<\/p>\n<p><\/br><\/p>\n<p>&nbsp;<\/p>\n<p><\/br><\/p>","protected":false},"excerpt":{"rendered":"<ul>\n<li>Christian Bauer Diamant-Trauring<\/li>\n<li>Metall: 18 Karat Gelbgold<\/li>\n<li>Breite: 7,5 mm<\/li>\n<li>Steine: 59 Diamanten im Brillantschliff<\/li>\n<li>Gewicht des Diamanten: 0,43 Karat<\/li>\n<\/ul>","protected":false},"featured_media":315590,"comment_status":"open","ping_status":"closed","template":"","meta":{"_eb_attr":"","_crsspst_to_jayantr4sg-hostcom":false},"product_brand":[],"product_cat":[238,229,1574],"product_tag":[],"class_list":{"0":"post-3614","1":"product","2":"type-product","3":"status-publish","4":"has-post-thumbnail","6":"product_cat-christian-bauer-brands","7":"product_cat-wedding-bands","8":"product_cat-womens-jewellery","10":"first","11":"outofstock","12":"taxable","13":"shipping-taxable","14":"product-type-simple","15":"add-to-wishlist-before_image"},"yoast_head":"<!-- This site is optimized with the Yoast SEO plugin v27.3 - https:\/\/yoast.com\/product\/yoast-seo-wordpress\/ -->\n<title>Christian Bauer Wedding Ring 246737 (246737)<\/title>\n<meta name=\"robots\" content=\"index, follow, max-snippet:-1, max-image-preview:large, max-video-preview:-1\" \/>\n<link rel=\"canonical\" href=\"https:\/\/www.purejewels.com\/de\/produkt-2\/christian-bauer-trauring-246737\/\" \/>\n<meta property=\"og:locale\" content=\"de_DE\" \/>\n<meta property=\"og:type\" content=\"article\" \/>\n<meta property=\"og:title\" content=\"Christian Bauer Wedding Ring 246737 (246737)\" \/>\n<meta property=\"og:description\" content=\"Christian Bauer diamond wedding ringMetal: 18ct Yellow GoldWidth: 7.5 mmStones: 59 Brilliant cut diamondsDiamond weight:&nbsp; 0.43 ct\" \/>\n<meta property=\"og:url\" content=\"https:\/\/www.purejewels.com\/de\/produkt-2\/christian-bauer-trauring-246737\/\" \/>\n<meta property=\"og:site_name\" content=\"PureJewels UK\" \/>\n<meta property=\"article:modified_time\" content=\"2020-12-21T17:54:21+00:00\" \/>\n<meta property=\"og:image\" content=\"https:\/\/www.purejewels.com\/wp-content\/uploads\/2020\/07\/137217132.jpg\" \/>\n\t<meta property=\"og:image:width\" content=\"960\" \/>\n\t<meta property=\"og:image:height\" content=\"960\" \/>\n\t<meta property=\"og:image:type\" content=\"image\/jpeg\" \/>\n<meta name=\"twitter:card\" content=\"summary_large_image\" \/>\n<meta name=\"twitter:label1\" content=\"Gesch\u00e4tzte Lesezeit\" \/>\n\t<meta name=\"twitter:data1\" content=\"1\u00a0Minute\" \/>\n<script type=\"application\/ld+json\" class=\"yoast-schema-graph\">{\"@context\":\"https:\\\/\\\/schema.org\",\"@graph\":[{\"@type\":[\"WebPage\",\"ItemPage\"],\"@id\":\"https:\\\/\\\/www.purejewels.com\\\/product\\\/christian-bauer-wedding-ring-246737\\\/\",\"url\":\"https:\\\/\\\/www.purejewels.com\\\/product\\\/christian-bauer-wedding-ring-246737\\\/\",\"name\":\"Christian Bauer Wedding Ring 246737 (246737)\",\"isPartOf\":{\"@id\":\"https:\\\/\\\/www.purejewels.com\\\/#website\"},\"primaryImageOfPage\":{\"@id\":\"https:\\\/\\\/www.purejewels.com\\\/product\\\/christian-bauer-wedding-ring-246737\\\/#primaryimage\"},\"image\":{\"@id\":\"https:\\\/\\\/www.purejewels.com\\\/product\\\/christian-bauer-wedding-ring-246737\\\/#primaryimage\"},\"thumbnailUrl\":\"https:\\\/\\\/static.purejewels.com\\\/wp-content\\\/uploads\\\/2020\\\/07\\\/137217132.jpg\",\"datePublished\":\"2017-07-19T12:16:25+00:00\",\"dateModified\":\"2020-12-21T17:54:21+00:00\",\"breadcrumb\":{\"@id\":\"https:\\\/\\\/www.purejewels.com\\\/product\\\/christian-bauer-wedding-ring-246737\\\/#breadcrumb\"},\"inLanguage\":\"de\",\"potentialAction\":[{\"@type\":\"ReadAction\",\"target\":[\"https:\\\/\\\/www.purejewels.com\\\/product\\\/christian-bauer-wedding-ring-246737\\\/\"]}]},{\"@type\":\"ImageObject\",\"inLanguage\":\"de\",\"@id\":\"https:\\\/\\\/www.purejewels.com\\\/product\\\/christian-bauer-wedding-ring-246737\\\/#primaryimage\",\"url\":\"https:\\\/\\\/static.purejewels.com\\\/wp-content\\\/uploads\\\/2020\\\/07\\\/137217132.jpg\",\"contentUrl\":\"https:\\\/\\\/static.purejewels.com\\\/wp-content\\\/uploads\\\/2020\\\/07\\\/137217132.jpg\",\"width\":960,\"height\":960,\"caption\":\"For the truly beloved, this luxurious wedding ring features a divine double row of diamonds.\u00a0 They sparkle against a backdrop of softly brushed gold.\u00a0 Your ring is for life, so choose with your heart \u2013 this one\u2019s destined for someone extremely special.\u00a0 With 0.43 carat of brilliant cut diamonds, it will catch the light at any angle.\u00a0 It has been handcrafted at the state-of-the-art production facility in Welzheim by Christian Bauer\u2019s team of experienced jewellery-makers.\u00a0 PureJewels is proud to be an authorised stockist of Christian Bauer wedding rings in London.\u00a0 *Your ring will be ordered, unless we have your size in stock.\u00a0 To choose your size \u2013 or request a different metal \u2013 just open Live Chat.*Christian Bauer diamond wedding ringMetal: 18ct Yellow GoldWidth: 7.5 mmStones: 59 Brilliant cut diamondsDiamond weight:\u00a0 0.43 ctChoosing the finish for your Christian Bauer wedding ringSince your Christian Bauer wedding ring is ordered from the workshop in Germany, you may personalise it to suit your style.\u00a0 Choose to have this double diamond wedding ring finished with rose gold or pure platinum. \u00a0\u00a0Open Live Chat to find out what\u2019s possible and specify the size for your ring.\u00a0 Or come into the show room and we can show you all the latest Christian Bauer wedding rings.&nbsp;\"},{\"@type\":\"BreadcrumbList\",\"@id\":\"https:\\\/\\\/www.purejewels.com\\\/product\\\/christian-bauer-wedding-ring-246737\\\/#breadcrumb\",\"itemListElement\":[{\"@type\":\"ListItem\",\"position\":1,\"name\":\"Home\",\"item\":\"https:\\\/\\\/www.purejewels.com\\\/\"},{\"@type\":\"ListItem\",\"position\":2,\"name\":\"Shop\",\"item\":\"https:\\\/\\\/www.purejewels.com\\\/shop\\\/\"},{\"@type\":\"ListItem\",\"position\":3,\"name\":\"Christian Bauer Wedding Band Ring\"}]},{\"@type\":\"WebSite\",\"@id\":\"https:\\\/\\\/www.purejewels.com\\\/#website\",\"url\":\"https:\\\/\\\/www.purejewels.com\\\/\",\"name\":\"PureJewels UK\",\"description\":\"Share the Love\",\"publisher\":{\"@id\":\"https:\\\/\\\/www.purejewels.com\\\/#organization\"},\"potentialAction\":[{\"@type\":\"SearchAction\",\"target\":{\"@type\":\"EntryPoint\",\"urlTemplate\":\"https:\\\/\\\/www.purejewels.com\\\/?s={search_term_string}\"},\"query-input\":{\"@type\":\"PropertyValueSpecification\",\"valueRequired\":true,\"valueName\":\"search_term_string\"}}],\"inLanguage\":\"de\"},{\"@type\":\"Organization\",\"@id\":\"https:\\\/\\\/www.purejewels.com\\\/#organization\",\"name\":\"PureJewels UK\",\"url\":\"https:\\\/\\\/www.purejewels.com\\\/\",\"logo\":{\"@type\":\"ImageObject\",\"inLanguage\":\"de\",\"@id\":\"https:\\\/\\\/www.purejewels.com\\\/#\\\/schema\\\/logo\\\/image\\\/\",\"url\":\"https:\\\/\\\/static.purejewels.com\\\/wp-content\\\/uploads\\\/2020\\\/11\\\/Logo-PJ-New-1.png\",\"contentUrl\":\"https:\\\/\\\/static.purejewels.com\\\/wp-content\\\/uploads\\\/2020\\\/11\\\/Logo-PJ-New-1.png\",\"width\":150,\"height\":80,\"caption\":\"PureJewels UK\"},\"image\":{\"@id\":\"https:\\\/\\\/www.purejewels.com\\\/#\\\/schema\\\/logo\\\/image\\\/\"}}]}<\/script>\n<!-- \/ Yoast SEO plugin. -->","yoast_head_json":{"title":"Christian Bauer Ehering 246737 (246737)","robots":{"index":"index","follow":"follow","max-snippet":"max-snippet:-1","max-image-preview":"max-image-preview:large","max-video-preview":"max-video-preview:-1"},"canonical":"https:\/\/www.purejewels.com\/de\/produkt-2\/christian-bauer-trauring-246737\/","og_locale":"de_DE","og_type":"article","og_title":"Christian Bauer Wedding Ring 246737 (246737)","og_description":"Christian Bauer diamond wedding ringMetal: 18ct Yellow GoldWidth: 7.5 mmStones: 59 Brilliant cut diamondsDiamond weight:&nbsp; 0.43 ct","og_url":"https:\/\/www.purejewels.com\/de\/produkt-2\/christian-bauer-trauring-246737\/","og_site_name":"PureJewels UK","article_modified_time":"2020-12-21T17:54:21+00:00","og_image":[{"width":960,"height":960,"url":"https:\/\/www.purejewels.com\/wp-content\/uploads\/2020\/07\/137217132.jpg","type":"image\/jpeg"}],"twitter_card":"summary_large_image","twitter_misc":{"Gesch\u00e4tzte Lesezeit":"1\u00a0Minute"},"schema":{"@context":"https:\/\/schema.org","@graph":[{"@type":["WebPage","ItemPage"],"@id":"https:\/\/www.purejewels.com\/product\/christian-bauer-wedding-ring-246737\/","url":"https:\/\/www.purejewels.com\/product\/christian-bauer-wedding-ring-246737\/","name":"Christian Bauer Ehering 246737 (246737)","isPartOf":{"@id":"https:\/\/www.purejewels.com\/#website"},"primaryImageOfPage":{"@id":"https:\/\/www.purejewels.com\/product\/christian-bauer-wedding-ring-246737\/#primaryimage"},"image":{"@id":"https:\/\/www.purejewels.com\/product\/christian-bauer-wedding-ring-246737\/#primaryimage"},"thumbnailUrl":"https:\/\/static.purejewels.com\/wp-content\/uploads\/2020\/07\/137217132.jpg","datePublished":"2017-07-19T12:16:25+00:00","dateModified":"2020-12-21T17:54:21+00:00","breadcrumb":{"@id":"https:\/\/www.purejewels.com\/product\/christian-bauer-wedding-ring-246737\/#breadcrumb"},"inLanguage":"de","potentialAction":[{"@type":"ReadAction","target":["https:\/\/www.purejewels.com\/product\/christian-bauer-wedding-ring-246737\/"]}]},{"@type":"ImageObject","inLanguage":"de","@id":"https:\/\/www.purejewels.com\/product\/christian-bauer-wedding-ring-246737\/#primaryimage","url":"https:\/\/static.purejewels.com\/wp-content\/uploads\/2020\/07\/137217132.jpg","contentUrl":"https:\/\/static.purejewels.com\/wp-content\/uploads\/2020\/07\/137217132.jpg","width":960,"height":960,"caption":"For the truly beloved, this luxurious wedding ring features a divine double row of diamonds.\u00a0 They sparkle against a backdrop of softly brushed gold.\u00a0 Your ring is for life, so choose with your heart \u2013 this one\u2019s destined for someone extremely special.\u00a0 With 0.43 carat of brilliant cut diamonds, it will catch the light at any angle.\u00a0 It has been handcrafted at the state-of-the-art production facility in Welzheim by Christian Bauer\u2019s team of experienced jewellery-makers.\u00a0 PureJewels is proud to be an authorised stockist of Christian Bauer wedding rings in London.\u00a0 *Your ring will be ordered, unless we have your size in stock.\u00a0 To choose your size \u2013 or request a different metal \u2013 just open Live Chat.*Christian Bauer diamond wedding ringMetal: 18ct Yellow GoldWidth: 7.5 mmStones: 59 Brilliant cut diamondsDiamond weight:\u00a0 0.43 ctChoosing the finish for your Christian Bauer wedding ringSince your Christian Bauer wedding ring is ordered from the workshop in Germany, you may personalise it to suit your style.\u00a0 Choose to have this double diamond wedding ring finished with rose gold or pure platinum. \u00a0\u00a0Open Live Chat to find out what\u2019s possible and specify the size for your ring.\u00a0 Or come into the show room and we can show you all the latest Christian Bauer wedding rings.&nbsp;"},{"@type":"BreadcrumbList","@id":"https:\/\/www.purejewels.com\/product\/christian-bauer-wedding-ring-246737\/#breadcrumb","itemListElement":[{"@type":"ListItem","position":1,"name":"Home","item":"https:\/\/www.purejewels.com\/"},{"@type":"ListItem","position":2,"name":"Shop","item":"https:\/\/www.purejewels.com\/shop\/"},{"@type":"ListItem","position":3,"name":"Christian Bauer Wedding Band Ring"}]},{"@type":"WebSite","@id":"https:\/\/www.purejewels.com\/#website","url":"https:\/\/www.purejewels.com\/","name":"PureJewels UK","description":"Teile die Liebe","publisher":{"@id":"https:\/\/www.purejewels.com\/#organization"},"potentialAction":[{"@type":"SearchAction","target":{"@type":"EntryPoint","urlTemplate":"https:\/\/www.purejewels.com\/?s={search_term_string}"},"query-input":{"@type":"PropertyValueSpecification","valueRequired":true,"valueName":"search_term_string"}}],"inLanguage":"de"},{"@type":"Organization","@id":"https:\/\/www.purejewels.com\/#organization","name":"PureJewels UK","url":"https:\/\/www.purejewels.com\/","logo":{"@type":"ImageObject","inLanguage":"de","@id":"https:\/\/www.purejewels.com\/#\/schema\/logo\/image\/","url":"https:\/\/static.purejewels.com\/wp-content\/uploads\/2020\/11\/Logo-PJ-New-1.png","contentUrl":"https:\/\/static.purejewels.com\/wp-content\/uploads\/2020\/11\/Logo-PJ-New-1.png","width":150,"height":80,"caption":"PureJewels UK"},"image":{"@id":"https:\/\/www.purejewels.com\/#\/schema\/logo\/image\/"}}]}},"_links":{"self":[{"href":"https:\/\/www.purejewels.com\/de\/wp-json\/wp\/v2\/product\/3614","targetHints":{"allow":["GET"]}}],"collection":[{"href":"https:\/\/www.purejewels.com\/de\/wp-json\/wp\/v2\/product"}],"about":[{"href":"https:\/\/www.purejewels.com\/de\/wp-json\/wp\/v2\/types\/product"}],"replies":[{"embeddable":true,"href":"https:\/\/www.purejewels.com\/de\/wp-json\/wp\/v2\/comments?post=3614"}],"version-history":[{"count":0,"href":"https:\/\/www.purejewels.com\/de\/wp-json\/wp\/v2\/product\/3614\/revisions"}],"wp:featuredmedia":[{"embeddable":true,"href":"https:\/\/www.purejewels.com\/de\/wp-json\/wp\/v2\/media\/315590"}],"wp:attachment":[{"href":"https:\/\/www.purejewels.com\/de\/wp-json\/wp\/v2\/media?parent=3614"}],"wp:term":[{"taxonomy":"product_brand","embeddable":true,"href":"https:\/\/www.purejewels.com\/de\/wp-json\/wp\/v2\/product_brand?post=3614"},{"taxonomy":"product_cat","embeddable":true,"href":"https:\/\/www.purejewels.com\/de\/wp-json\/wp\/v2\/product_cat?post=3614"},{"taxonomy":"product_tag","embeddable":true,"href":"https:\/\/www.purejewels.com\/de\/wp-json\/wp\/v2\/product_tag?post=3614"}],"curies":[{"name":"wp","href":"https:\/\/api.w.org\/{rel}","templated":true}]}}