{"id":362695,"date":"2024-05-16T11:53:40","date_gmt":"2024-05-16T10:53:40","guid":{"rendered":"https:\/\/www.purejewels.com\/?post_type=product&#038;p=362695"},"modified":"2026-02-03T09:56:10","modified_gmt":"2026-02-03T09:56:10","slug":"22ct-echtgold-elefant-anhanger-47742","status":"publish","type":"product","link":"https:\/\/www.purejewels.com\/de\/product\/22ct-real-gold-elephant-pendant-47742\/","title":{"rendered":"22ct Sunrise Gold Elefanten-Anh\u00e4nger"},"content":{"rendered":"<p data-start=\"120\" data-end=\"198\"><strong data-start=\"120\" data-end=\"198\"><a href=\"https:\/\/www.purejewels.com\/de\/product\/22ct-gold-jali-filigree-ring-jali-collection-31926\/\">22ct<\/a> Sunrise Gold Anh\u00e4nger mit Elefantenmotiv - eine Hommage an Einheit und Erbe<\/strong><\/p>\n<p data-start=\"200\" data-end=\"517\">Zelebrieren Sie die Sch\u00f6nheit der Verbundenheit und die St\u00e4rke des Verm\u00e4chtnisses mit unserem 22 Karat Sunrise Gold Elefantenmotiv-Anh\u00e4nger. Dieses bemerkenswerte St\u00fcck wurde in sorgf\u00e4ltiger Handarbeit aus unverwechselbarem 22-kar\u00e4tigem Gold in Sonnenaufgangst\u00f6nen gefertigt und ist vom edlen Geist der Elefanten inspiriert - Symbole f\u00fcr Weisheit, Loyalit\u00e4t und unzerst\u00f6rbare Familienbande.<\/p>\n<p data-start=\"519\" data-end=\"843\">Jedes der fein gearbeiteten Motive erz\u00e4hlt eine Geschichte von Zusammengeh\u00f6rigkeit und Widerstandsf\u00e4higkeit und macht diesen Anh\u00e4nger zu einem anmutigen Emblem der Liebe, die Bestand hat. Sein Design spiegelt die Reise von PureJewels wider - von den belebten Stra\u00dfen des Nairobi der 1950er Jahre bis zu unserem modernen Atelier in London - und ehrt ein Verm\u00e4chtnis von <a href=\"https:\/\/www.purejewels.com\/de\/a-guide-to-die-stamping\/\">Handwerkskunst<\/a> die \u00fcber Generationen weitergegeben werden.<\/p>\n<p data-start=\"845\" data-end=\"1169\">Der warme Schimmer unserer Sunrise Gold-Legierung - zarter als herk\u00f6mmliches Gelbgold, aber ebenso strahlend - passt zu einer Vielzahl von Hautt\u00f6nen und ist daher eine allgemein gesch\u00e4tzte Wahl. Ob Sie einen bedeutenden Anlass feiern oder die stille Kraft der Verwandtschaft, dieser Anh\u00e4nger ist mehr als nur ein Schmuckst\u00fcck - er ist ein Symbol f\u00fcr Ihre Geschichte.<\/p>\n<p data-start=\"1171\" data-end=\"1184\"><strong data-start=\"1171\" data-end=\"1184\">Merkmale:<\/strong><\/p>\n<ul data-start=\"1185\" data-end=\"1626\">\n<li data-start=\"1185\" data-end=\"1267\">\n<p data-start=\"1187\" data-end=\"1267\"><strong data-start=\"1187\" data-end=\"1197\">Metall:<\/strong> 22ct Sunrise Gold - ein raffiniertes Gold <a href=\"https:\/\/www.purejewels.com\/de\/precious-metals-in-jewelry-making\/\">Legierung<\/a> mit einem weichen, leuchtenden Ton<\/p>\n<\/li>\n<li data-start=\"1268\" data-end=\"1336\">\n<p data-start=\"1270\" data-end=\"1336\"><strong data-start=\"1270\" data-end=\"1281\">Farbe:<\/strong> Inspiriert durch das erste Licht der Morgend\u00e4mmerung, sanft und doch reich<\/p>\n<\/li>\n<li data-start=\"1337\" data-end=\"1401\">\n<p data-start=\"1339\" data-end=\"1401\"><strong data-start=\"1339\" data-end=\"1349\">Motiv:<\/strong> Elefant - steht f\u00fcr St\u00e4rke, Einigkeit und Liebe<\/p>\n<\/li>\n<li data-start=\"1402\" data-end=\"1476\">\n<p data-start=\"1404\" data-end=\"1476\"><strong data-start=\"1404\" data-end=\"1420\">Inspiration:<\/strong> Eine Erz\u00e4hlung \u00fcber Migration, Erbe und Handwerkskunst<\/p>\n<\/li>\n<li data-start=\"1477\" data-end=\"1550\">\n<p data-start=\"1479\" data-end=\"1550\"><strong data-start=\"1479\" data-end=\"1497\">Handwerkliches K\u00f6nnen:<\/strong> <a href=\"https:\/\/www.purejewels.com\/de\/handmade-gold-jewellery\/\">Handgefertigt<\/a> von Meisterhand gefertigt, f\u00fcr Reinheit gepunzt<\/p>\n<\/li>\n<li data-start=\"1551\" data-end=\"1626\">\n<p data-start=\"1553\" data-end=\"1626\"><strong data-start=\"1553\" data-end=\"1566\">Anlass:<\/strong> Eine exquisite Wahl f\u00fcr die Markierung von Meilensteinen und Familienbanden<\/p>\n<\/li>\n<\/ul>\n<p data-start=\"1628\" data-end=\"1727\"><strong data-start=\"1628\" data-end=\"1727\">Ein zeitloses Erbst\u00fcck, das so gestaltet ist, dass es im Herzen getragen wird, heute und \u00fcber Generationen hinweg.<\/strong><\/p>","protected":false},"excerpt":{"rendered":"<p>Feiern Sie St\u00e4rke und Verbundenheit mit unserem Elefanten-Anh\u00e4nger aus 22 Karat Sunrise Gold - ein elegantes Symbol der Einheit, des Erbes und der dauerhaften Liebe. Inspiriert von der Reise von PureJewels, ist er ein zeitloses St\u00fcck, das mit der Kunstfertigkeit einer ganzen Generation gefertigt wird.<br \/>\n<strong>Details zum Produkt<\/strong><br \/>\nSKU: 47742<br \/>\nGewicht: 1 Gramm<br \/>\nMetall: 22ct Sunrise Gold<br \/>\nPunze: Britisches G\u00fctesiegel<br \/>\nKosten: Lieferung und MwSt. inbegriffen<br \/>\nVerpackung mit Pr\u00e4sentationsbox<br \/>\n<strong>Mehr Informationen<\/strong><br \/>\nKette ist nicht enthalten<br \/>\nSiehe unser\u00a0<a href=\"https:\/\/www.purejewels.com\/de\/produkt-kategorie\/22-karatiger-goldschmuck\/goldketten\/gliederkette\/\">Kollektion Goldketten<\/a><br \/>\nLive-Chat mit uns f\u00fcr Verf\u00fcgbarkeit und mehr Bilder<\/p>","protected":false},"featured_media":362831,"comment_status":"closed","ping_status":"closed","template":"","meta":{"_eb_attr":"","_crsspst_to_jayantr4sg-hostcom":false},"product_brand":[],"product_cat":[1559,1576,1794,1793,1770,1229,1255,5342,5943,1769,1767,1575,5763,1569],"product_tag":[],"class_list":{"0":"post-362695","1":"product","2":"type-product","3":"status-publish","4":"has-post-thumbnail","6":"product_cat-birthday-gifts","7":"product_cat-childrens-jewellery","8":"product_cat-christmas-gifts","9":"product_cat-diwali-gifts","10":"product_cat-fancy-pendants","11":"product_cat-22ct-gold-jewellery","12":"product_cat-gold-pendants","13":"product_cat-jewellery-under-250","14":"product_cat-kids-jewellery","15":"product_cat-kids-pendants","16":"product_cat-ladies-pendants","17":"product_cat-teenage-jewellery","18":"product_cat-tembo-collection","19":"product_cat-valentine-day-gifts","21":"first","22":"instock","23":"taxable","24":"shipping-taxable","25":"purchasable","26":"product-type-simple","27":"add-to-wishlist-before_image"},"yoast_head":"<!-- This site is optimized with the Yoast SEO plugin v27.5 - https:\/\/yoast.com\/product\/yoast-seo-wordpress\/ -->\n<title>Shop 22ct Solid Gold Elephant Pendant | PureJewels UK<\/title>\n<meta name=\"description\" content=\"Wear this Elephant Motif Pendant as a reminder of your inner strength or gift it to someone embarking on a new adventure. Free UK delivery.\" \/>\n<meta name=\"robots\" content=\"index, follow, max-snippet:-1, max-image-preview:large, max-video-preview:-1\" \/>\n<link rel=\"canonical\" href=\"https:\/\/www.purejewels.com\/de\/produkt-2\/22ct-echtgold-elefant-anhanger-47742\/\" \/>\n<meta property=\"og:locale\" content=\"de_DE\" \/>\n<meta property=\"og:type\" content=\"article\" \/>\n<meta property=\"og:title\" content=\"Shop 22ct Solid Gold Elephant Pendant | PureJewels UK\" \/>\n<meta property=\"og:description\" content=\"Wear this Elephant Motif Pendant as a reminder of your inner strength or gift it to someone embarking on a new adventure. Free UK delivery.\" \/>\n<meta property=\"og:url\" content=\"https:\/\/www.purejewels.com\/de\/produkt-2\/22ct-echtgold-elefant-anhanger-47742\/\" \/>\n<meta property=\"og:site_name\" content=\"PureJewels UK\" \/>\n<meta property=\"article:modified_time\" content=\"2026-02-03T09:56:10+00:00\" \/>\n<meta property=\"og:image\" content=\"https:\/\/static.purejewels.com\/wp-content\/uploads\/2024\/05\/47742.png\" \/>\n\t<meta property=\"og:image:width\" content=\"1000\" \/>\n\t<meta property=\"og:image:height\" content=\"1000\" \/>\n\t<meta property=\"og:image:type\" content=\"image\/png\" \/>\n<meta name=\"twitter:card\" content=\"summary_large_image\" \/>\n<meta name=\"twitter:label1\" content=\"Gesch\u00e4tzte Lesezeit\" \/>\n\t<meta name=\"twitter:data1\" content=\"2\u00a0Minuten\" \/>\n<script type=\"application\/ld+json\" class=\"yoast-schema-graph\">{\"@context\":\"https:\\\/\\\/schema.org\",\"@graph\":[{\"@type\":[\"WebPage\",\"ItemPage\"],\"@id\":\"https:\\\/\\\/www.purejewels.com\\\/product\\\/22ct-real-gold-elephant-pendant-47742\\\/\",\"url\":\"https:\\\/\\\/www.purejewels.com\\\/product\\\/22ct-real-gold-elephant-pendant-47742\\\/\",\"name\":\"Shop 22ct Solid Gold Elephant Pendant | PureJewels UK\",\"isPartOf\":{\"@id\":\"https:\\\/\\\/www.purejewels.com\\\/#website\"},\"primaryImageOfPage\":{\"@id\":\"https:\\\/\\\/www.purejewels.com\\\/product\\\/22ct-real-gold-elephant-pendant-47742\\\/#primaryimage\"},\"image\":{\"@id\":\"https:\\\/\\\/www.purejewels.com\\\/product\\\/22ct-real-gold-elephant-pendant-47742\\\/#primaryimage\"},\"thumbnailUrl\":\"https:\\\/\\\/static.purejewels.com\\\/wp-content\\\/uploads\\\/2024\\\/05\\\/47742.png\",\"datePublished\":\"2024-05-16T10:53:40+00:00\",\"dateModified\":\"2026-02-03T09:56:10+00:00\",\"description\":\"Wear this Elephant Motif Pendant as a reminder of your inner strength or gift it to someone embarking on a new adventure. Free UK delivery.\",\"breadcrumb\":{\"@id\":\"https:\\\/\\\/www.purejewels.com\\\/product\\\/22ct-real-gold-elephant-pendant-47742\\\/#breadcrumb\"},\"inLanguage\":\"de\",\"potentialAction\":[{\"@type\":\"ReadAction\",\"target\":[\"https:\\\/\\\/www.purejewels.com\\\/product\\\/22ct-real-gold-elephant-pendant-47742\\\/\"]}]},{\"@type\":\"ImageObject\",\"inLanguage\":\"de\",\"@id\":\"https:\\\/\\\/www.purejewels.com\\\/product\\\/22ct-real-gold-elephant-pendant-47742\\\/#primaryimage\",\"url\":\"https:\\\/\\\/static.purejewels.com\\\/wp-content\\\/uploads\\\/2024\\\/05\\\/47742.png\",\"contentUrl\":\"https:\\\/\\\/static.purejewels.com\\\/wp-content\\\/uploads\\\/2024\\\/05\\\/47742.png\",\"width\":1000,\"height\":1000,\"caption\":\"22ct Gold Elephant Motif Pendant\"},{\"@type\":\"BreadcrumbList\",\"@id\":\"https:\\\/\\\/www.purejewels.com\\\/product\\\/22ct-real-gold-elephant-pendant-47742\\\/#breadcrumb\",\"itemListElement\":[{\"@type\":\"ListItem\",\"position\":1,\"name\":\"Home\",\"item\":\"https:\\\/\\\/www.purejewels.com\\\/\"},{\"@type\":\"ListItem\",\"position\":2,\"name\":\"Shop\",\"item\":\"https:\\\/\\\/www.purejewels.com\\\/shop\\\/\"},{\"@type\":\"ListItem\",\"position\":3,\"name\":\"22ct Sunrise Gold Elephant Pendant\"}]},{\"@type\":\"WebSite\",\"@id\":\"https:\\\/\\\/www.purejewels.com\\\/#website\",\"url\":\"https:\\\/\\\/www.purejewels.com\\\/\",\"name\":\"PureJewels UK\",\"description\":\"Share the Love\",\"publisher\":{\"@id\":\"https:\\\/\\\/www.purejewels.com\\\/#organization\"},\"potentialAction\":[{\"@type\":\"SearchAction\",\"target\":{\"@type\":\"EntryPoint\",\"urlTemplate\":\"https:\\\/\\\/www.purejewels.com\\\/?s={search_term_string}\"},\"query-input\":{\"@type\":\"PropertyValueSpecification\",\"valueRequired\":true,\"valueName\":\"search_term_string\"}}],\"inLanguage\":\"de\"},{\"@type\":\"Organization\",\"@id\":\"https:\\\/\\\/www.purejewels.com\\\/#organization\",\"name\":\"PureJewels UK\",\"url\":\"https:\\\/\\\/www.purejewels.com\\\/\",\"logo\":{\"@type\":\"ImageObject\",\"inLanguage\":\"de\",\"@id\":\"https:\\\/\\\/www.purejewels.com\\\/#\\\/schema\\\/logo\\\/image\\\/\",\"url\":\"https:\\\/\\\/static.purejewels.com\\\/wp-content\\\/uploads\\\/2020\\\/11\\\/Logo-PJ-New-1.png\",\"contentUrl\":\"https:\\\/\\\/static.purejewels.com\\\/wp-content\\\/uploads\\\/2020\\\/11\\\/Logo-PJ-New-1.png\",\"width\":150,\"height\":80,\"caption\":\"PureJewels UK\"},\"image\":{\"@id\":\"https:\\\/\\\/www.purejewels.com\\\/#\\\/schema\\\/logo\\\/image\\\/\"}}]}<\/script>\n<!-- \/ Yoast SEO plugin. -->","yoast_head_json":{"title":"Shop 22ct Solid Gold Elefant Anh\u00e4nger | PureJewels UK","description":"Tragen Sie diesen Anh\u00e4nger mit Elefantenmotiv als Erinnerung an Ihre innere St\u00e4rke oder verschenken Sie ihn an jemanden, der sich in ein neues Abenteuer st\u00fcrzt. Kostenlose Lieferung nach Gro\u00dfbritannien.","robots":{"index":"index","follow":"follow","max-snippet":"max-snippet:-1","max-image-preview":"max-image-preview:large","max-video-preview":"max-video-preview:-1"},"canonical":"https:\/\/www.purejewels.com\/de\/produkt-2\/22ct-echtgold-elefant-anhanger-47742\/","og_locale":"de_DE","og_type":"article","og_title":"Shop 22ct Solid Gold Elephant Pendant | PureJewels UK","og_description":"Wear this Elephant Motif Pendant as a reminder of your inner strength or gift it to someone embarking on a new adventure. Free UK delivery.","og_url":"https:\/\/www.purejewels.com\/de\/produkt-2\/22ct-echtgold-elefant-anhanger-47742\/","og_site_name":"PureJewels UK","article_modified_time":"2026-02-03T09:56:10+00:00","og_image":[{"width":1000,"height":1000,"url":"https:\/\/static.purejewels.com\/wp-content\/uploads\/2024\/05\/47742.png","type":"image\/png"}],"twitter_card":"summary_large_image","twitter_misc":{"Gesch\u00e4tzte Lesezeit":"2\u00a0Minuten"},"schema":{"@context":"https:\/\/schema.org","@graph":[{"@type":["WebPage","ItemPage"],"@id":"https:\/\/www.purejewels.com\/product\/22ct-real-gold-elephant-pendant-47742\/","url":"https:\/\/www.purejewels.com\/product\/22ct-real-gold-elephant-pendant-47742\/","name":"Shop 22ct Solid Gold Elefant Anh\u00e4nger | PureJewels UK","isPartOf":{"@id":"https:\/\/www.purejewels.com\/#website"},"primaryImageOfPage":{"@id":"https:\/\/www.purejewels.com\/product\/22ct-real-gold-elephant-pendant-47742\/#primaryimage"},"image":{"@id":"https:\/\/www.purejewels.com\/product\/22ct-real-gold-elephant-pendant-47742\/#primaryimage"},"thumbnailUrl":"https:\/\/static.purejewels.com\/wp-content\/uploads\/2024\/05\/47742.png","datePublished":"2024-05-16T10:53:40+00:00","dateModified":"2026-02-03T09:56:10+00:00","description":"Tragen Sie diesen Anh\u00e4nger mit Elefantenmotiv als Erinnerung an Ihre innere St\u00e4rke oder verschenken Sie ihn an jemanden, der sich in ein neues Abenteuer st\u00fcrzt. Kostenlose Lieferung nach Gro\u00dfbritannien.","breadcrumb":{"@id":"https:\/\/www.purejewels.com\/product\/22ct-real-gold-elephant-pendant-47742\/#breadcrumb"},"inLanguage":"de","potentialAction":[{"@type":"ReadAction","target":["https:\/\/www.purejewels.com\/product\/22ct-real-gold-elephant-pendant-47742\/"]}]},{"@type":"ImageObject","inLanguage":"de","@id":"https:\/\/www.purejewels.com\/product\/22ct-real-gold-elephant-pendant-47742\/#primaryimage","url":"https:\/\/static.purejewels.com\/wp-content\/uploads\/2024\/05\/47742.png","contentUrl":"https:\/\/static.purejewels.com\/wp-content\/uploads\/2024\/05\/47742.png","width":1000,"height":1000,"caption":"22ct Gold Elephant Motif Pendant"},{"@type":"BreadcrumbList","@id":"https:\/\/www.purejewels.com\/product\/22ct-real-gold-elephant-pendant-47742\/#breadcrumb","itemListElement":[{"@type":"ListItem","position":1,"name":"Home","item":"https:\/\/www.purejewels.com\/"},{"@type":"ListItem","position":2,"name":"Shop","item":"https:\/\/www.purejewels.com\/shop\/"},{"@type":"ListItem","position":3,"name":"22ct Sunrise Gold Elephant Pendant"}]},{"@type":"WebSite","@id":"https:\/\/www.purejewels.com\/#website","url":"https:\/\/www.purejewels.com\/","name":"PureJewels UK","description":"Teile die Liebe","publisher":{"@id":"https:\/\/www.purejewels.com\/#organization"},"potentialAction":[{"@type":"SearchAction","target":{"@type":"EntryPoint","urlTemplate":"https:\/\/www.purejewels.com\/?s={search_term_string}"},"query-input":{"@type":"PropertyValueSpecification","valueRequired":true,"valueName":"search_term_string"}}],"inLanguage":"de"},{"@type":"Organization","@id":"https:\/\/www.purejewels.com\/#organization","name":"PureJewels UK","url":"https:\/\/www.purejewels.com\/","logo":{"@type":"ImageObject","inLanguage":"de","@id":"https:\/\/www.purejewels.com\/#\/schema\/logo\/image\/","url":"https:\/\/static.purejewels.com\/wp-content\/uploads\/2020\/11\/Logo-PJ-New-1.png","contentUrl":"https:\/\/static.purejewels.com\/wp-content\/uploads\/2020\/11\/Logo-PJ-New-1.png","width":150,"height":80,"caption":"PureJewels UK"},"image":{"@id":"https:\/\/www.purejewels.com\/#\/schema\/logo\/image\/"}}]}},"_links":{"self":[{"href":"https:\/\/www.purejewels.com\/de\/wp-json\/wp\/v2\/product\/362695","targetHints":{"allow":["GET"]}}],"collection":[{"href":"https:\/\/www.purejewels.com\/de\/wp-json\/wp\/v2\/product"}],"about":[{"href":"https:\/\/www.purejewels.com\/de\/wp-json\/wp\/v2\/types\/product"}],"replies":[{"embeddable":true,"href":"https:\/\/www.purejewels.com\/de\/wp-json\/wp\/v2\/comments?post=362695"}],"version-history":[{"count":5,"href":"https:\/\/www.purejewels.com\/de\/wp-json\/wp\/v2\/product\/362695\/revisions"}],"predecessor-version":[{"id":406849,"href":"https:\/\/www.purejewels.com\/de\/wp-json\/wp\/v2\/product\/362695\/revisions\/406849"}],"wp:featuredmedia":[{"embeddable":true,"href":"https:\/\/www.purejewels.com\/de\/wp-json\/wp\/v2\/media\/362831"}],"wp:attachment":[{"href":"https:\/\/www.purejewels.com\/de\/wp-json\/wp\/v2\/media?parent=362695"}],"wp:term":[{"taxonomy":"product_brand","embeddable":true,"href":"https:\/\/www.purejewels.com\/de\/wp-json\/wp\/v2\/product_brand?post=362695"},{"taxonomy":"product_cat","embeddable":true,"href":"https:\/\/www.purejewels.com\/de\/wp-json\/wp\/v2\/product_cat?post=362695"},{"taxonomy":"product_tag","embeddable":true,"href":"https:\/\/www.purejewels.com\/de\/wp-json\/wp\/v2\/product_tag?post=362695"}],"curies":[{"name":"wp","href":"https:\/\/api.w.org\/{rel}","templated":true}]}}