{"id":362703,"date":"2026-01-15T12:22:11","date_gmt":"2026-01-15T12:22:11","guid":{"rendered":"https:\/\/www.purejewels.com\/?post_type=product&#038;p=362703"},"modified":"2026-01-29T00:35:18","modified_gmt":"2026-01-29T00:35:18","slug":"22ct-sunrise-gold-herz-schlussel-anhanger-47753","status":"publish","type":"product","link":"https:\/\/www.purejewels.com\/de\/product\/22ct-sunrise-gold-heart-key-pendant-47753\/","title":{"rendered":"22ct Sunrise Gold Herz-Schl\u00fcssel-Anh\u00e4nger | Fine Jewellery"},"content":{"rendered":"<p data-start=\"383\" data-end=\"716\"><strong data-start=\"383\" data-end=\"401\">Designkonzept<\/strong><br data-start=\"401\" data-end=\"404\" \/>Diese Pendelleuchte verbindet die Sanftheit eines Herzens mit der Symbolik eines Schl\u00fcssels und steht f\u00fcr die Liebe, die etwas Tieferes und Dauerhaftes er\u00f6ffnet. Die flie\u00dfenden Kurven und die offene Form verleihen dem Design ein leichtes, modernes Flair und bewahren gleichzeitig seine emotionale Bedeutung. Ein subtiles und doch ausdrucksstarkes St\u00fcck f\u00fcr die t\u00e4gliche Intimit\u00e4t.<\/p>\n<p data-start=\"718\" data-end=\"997\"><strong data-start=\"718\" data-end=\"735\"><a href=\"https:\/\/www.purejewels.com\/de\/a-guide-to-die-stamping\/\">Handwerkliches K\u00f6nnen<\/a><\/strong><br data-start=\"735\" data-end=\"738\" \/>Der aus Feingold gefertigte und glatt polierte Anh\u00e4nger ist sorgf\u00e4ltig geformt und sorgt f\u00fcr Ausgewogenheit und Komfort beim Tragen. Jedes St\u00fcck ist im Vereinigten K\u00f6nigreich gepunzt, was die Reinheit und Qualit\u00e4t des Goldes bescheinigt, und mit einem sicheren B\u00fcgel versehen, der ordentlich an der Kette befestigt werden kann.<\/p>\n<p data-start=\"999\" data-end=\"1290\" data-is-last-node=\"\" data-is-only-node=\"\"><strong data-start=\"999\" data-end=\"1016\">Styling-Ideen<\/strong><br data-start=\"1016\" data-end=\"1019\" \/>Tragen Sie ihn allein an einer feinen Goldkette f\u00fcr einen dezenten Alltagslook oder kombinieren Sie ihn mit zarten Halsketten f\u00fcr mehr Tiefe. Ideal als Goldschmuck f\u00fcr den Valentinstag, aber auch als Geschenk f\u00fcr Jahrestage, Geburtstage oder Momente, die Verbundenheit und Vertrauen feiern.<\/p>","protected":false},"excerpt":{"rendered":"<p>Ein anmutiger Herzschl\u00fcsselanh\u00e4nger aus Sunrise-Gold, der Liebe, Vertrauen und Verbundenheit symbolisiert. Dieses Schmuckst\u00fcck ist ein bedeutungsvolles Geschenk zum Valentinstag, das man am Herzen tr\u00e4gt und das lange in Erinnerung bleibt.<\/p>\n<p><strong>Material:\u00a0<\/strong>22 Karat Sunrise Gold (91,61 TP5T Feingold)<br \/>\n<strong>Wahrzeichen:\u00a0<\/strong>Britisches G\u00fctesiegel<br \/>\n<strong>Bruttogewicht: <\/strong>2.3 Gms<br \/>\n<strong>SKU:<\/strong> 47753<\/p>\n<p><strong>Preis und Lieferung:\u00a0<\/strong>Inklusive Mehrwertsteuer und Lieferkosten<br \/>\nKette nicht enthalten.<br \/>\n<strong><a href=\"https:\/\/www.purejewels.com\/de\/ruckgabepolitik\/\">R\u00fcckgabepolitik<\/a><\/strong><\/p>","protected":false},"featured_media":362844,"comment_status":"closed","ping_status":"closed","template":"","meta":{"_eb_attr":"","_crsspst_to_jayantr4sg-hostcom":false},"product_brand":[],"product_cat":[1559,1770,1229,1255,5683,5343,1575,1569,1574],"product_tag":[],"class_list":{"0":"post-362703","1":"product","2":"type-product","3":"status-publish","4":"has-post-thumbnail","6":"product_cat-birthday-gifts","7":"product_cat-fancy-pendants","8":"product_cat-22ct-gold-jewellery","9":"product_cat-gold-pendants","10":"product_cat-heart-pendant","11":"product_cat-jewellery-under-550","12":"product_cat-teenage-jewellery","13":"product_cat-valentine-day-gifts","14":"product_cat-womens-jewellery","16":"first","17":"outofstock","18":"taxable","19":"shipping-taxable","20":"product-type-simple","21":"add-to-wishlist-before_image"},"yoast_head":"<!-- This site is optimized with the Yoast SEO plugin v27.5 - https:\/\/yoast.com\/product\/yoast-seo-wordpress\/ -->\n<title>22ct Sunrise Gold Heart Key Pendant | PureJewels UK<\/title>\n<meta name=\"description\" content=\"Unlock your heart&#039;s desires with the 22ct Sunrise Gold Heart Key Pendant. Wear this pendant as a reminder to follow your heart and chase your dreams.\" \/>\n<meta name=\"robots\" content=\"index, follow, max-snippet:-1, max-image-preview:large, max-video-preview:-1\" \/>\n<link rel=\"canonical\" href=\"https:\/\/www.purejewels.com\/de\/produkt-2\/22ct-sunrise-gold-herz-schlussel-anhanger-47753\/\" \/>\n<meta property=\"og:locale\" content=\"de_DE\" \/>\n<meta property=\"og:type\" content=\"article\" \/>\n<meta property=\"og:title\" content=\"22ct Sunrise Gold Heart Key Pendant | PureJewels UK\" \/>\n<meta property=\"og:description\" content=\"Unlock your heart&#039;s desires with the 22ct Sunrise Gold Heart Key Pendant. Wear this pendant as a reminder to follow your heart and chase your dreams.\" \/>\n<meta property=\"og:url\" content=\"https:\/\/www.purejewels.com\/de\/produkt-2\/22ct-sunrise-gold-herz-schlussel-anhanger-47753\/\" \/>\n<meta property=\"og:site_name\" content=\"PureJewels UK\" \/>\n<meta property=\"article:modified_time\" content=\"2026-01-29T00:35:18+00:00\" \/>\n<meta property=\"og:image\" content=\"https:\/\/static.purejewels.com\/wp-content\/uploads\/2024\/05\/47753.png\" \/>\n\t<meta property=\"og:image:width\" content=\"1000\" \/>\n\t<meta property=\"og:image:height\" content=\"1000\" \/>\n\t<meta property=\"og:image:type\" content=\"image\/png\" \/>\n<meta name=\"twitter:card\" content=\"summary_large_image\" \/>\n<meta name=\"twitter:label1\" content=\"Gesch\u00e4tzte Lesezeit\" \/>\n\t<meta name=\"twitter:data1\" content=\"1\u00a0Minute\" \/>\n<script type=\"application\/ld+json\" class=\"yoast-schema-graph\">{\"@context\":\"https:\\\/\\\/schema.org\",\"@graph\":[{\"@type\":[\"WebPage\",\"ItemPage\"],\"@id\":\"https:\\\/\\\/www.purejewels.com\\\/product\\\/22ct-sunrise-gold-heart-key-pendant-47753\\\/\",\"url\":\"https:\\\/\\\/www.purejewels.com\\\/product\\\/22ct-sunrise-gold-heart-key-pendant-47753\\\/\",\"name\":\"22ct Sunrise Gold Heart Key Pendant | PureJewels UK\",\"isPartOf\":{\"@id\":\"https:\\\/\\\/www.purejewels.com\\\/#website\"},\"primaryImageOfPage\":{\"@id\":\"https:\\\/\\\/www.purejewels.com\\\/product\\\/22ct-sunrise-gold-heart-key-pendant-47753\\\/#primaryimage\"},\"image\":{\"@id\":\"https:\\\/\\\/www.purejewels.com\\\/product\\\/22ct-sunrise-gold-heart-key-pendant-47753\\\/#primaryimage\"},\"thumbnailUrl\":\"https:\\\/\\\/static.purejewels.com\\\/wp-content\\\/uploads\\\/2024\\\/05\\\/47753.png\",\"datePublished\":\"2026-01-15T12:22:11+00:00\",\"dateModified\":\"2026-01-29T00:35:18+00:00\",\"description\":\"Unlock your heart's desires with the 22ct Sunrise Gold Heart Key Pendant. Wear this pendant as a reminder to follow your heart and chase your dreams.\",\"breadcrumb\":{\"@id\":\"https:\\\/\\\/www.purejewels.com\\\/product\\\/22ct-sunrise-gold-heart-key-pendant-47753\\\/#breadcrumb\"},\"inLanguage\":\"de\",\"potentialAction\":[{\"@type\":\"ReadAction\",\"target\":[\"https:\\\/\\\/www.purejewels.com\\\/product\\\/22ct-sunrise-gold-heart-key-pendant-47753\\\/\"]}]},{\"@type\":\"ImageObject\",\"inLanguage\":\"de\",\"@id\":\"https:\\\/\\\/www.purejewels.com\\\/product\\\/22ct-sunrise-gold-heart-key-pendant-47753\\\/#primaryimage\",\"url\":\"https:\\\/\\\/static.purejewels.com\\\/wp-content\\\/uploads\\\/2024\\\/05\\\/47753.png\",\"contentUrl\":\"https:\\\/\\\/static.purejewels.com\\\/wp-content\\\/uploads\\\/2024\\\/05\\\/47753.png\",\"width\":1000,\"height\":1000,\"caption\":\"22ct Gold Key Heart Pendant\"},{\"@type\":\"BreadcrumbList\",\"@id\":\"https:\\\/\\\/www.purejewels.com\\\/product\\\/22ct-sunrise-gold-heart-key-pendant-47753\\\/#breadcrumb\",\"itemListElement\":[{\"@type\":\"ListItem\",\"position\":1,\"name\":\"Home\",\"item\":\"https:\\\/\\\/www.purejewels.com\\\/\"},{\"@type\":\"ListItem\",\"position\":2,\"name\":\"Shop\",\"item\":\"https:\\\/\\\/www.purejewels.com\\\/shop\\\/\"},{\"@type\":\"ListItem\",\"position\":3,\"name\":\"22ct Sunrise Gold Heart Key Pendant | Fine Jewellery\"}]},{\"@type\":\"WebSite\",\"@id\":\"https:\\\/\\\/www.purejewels.com\\\/#website\",\"url\":\"https:\\\/\\\/www.purejewels.com\\\/\",\"name\":\"PureJewels UK\",\"description\":\"Share the Love\",\"publisher\":{\"@id\":\"https:\\\/\\\/www.purejewels.com\\\/#organization\"},\"potentialAction\":[{\"@type\":\"SearchAction\",\"target\":{\"@type\":\"EntryPoint\",\"urlTemplate\":\"https:\\\/\\\/www.purejewels.com\\\/?s={search_term_string}\"},\"query-input\":{\"@type\":\"PropertyValueSpecification\",\"valueRequired\":true,\"valueName\":\"search_term_string\"}}],\"inLanguage\":\"de\"},{\"@type\":\"Organization\",\"@id\":\"https:\\\/\\\/www.purejewels.com\\\/#organization\",\"name\":\"PureJewels UK\",\"url\":\"https:\\\/\\\/www.purejewels.com\\\/\",\"logo\":{\"@type\":\"ImageObject\",\"inLanguage\":\"de\",\"@id\":\"https:\\\/\\\/www.purejewels.com\\\/#\\\/schema\\\/logo\\\/image\\\/\",\"url\":\"https:\\\/\\\/static.purejewels.com\\\/wp-content\\\/uploads\\\/2020\\\/11\\\/Logo-PJ-New-1.png\",\"contentUrl\":\"https:\\\/\\\/static.purejewels.com\\\/wp-content\\\/uploads\\\/2020\\\/11\\\/Logo-PJ-New-1.png\",\"width\":150,\"height\":80,\"caption\":\"PureJewels UK\"},\"image\":{\"@id\":\"https:\\\/\\\/www.purejewels.com\\\/#\\\/schema\\\/logo\\\/image\\\/\"}}]}<\/script>\n<!-- \/ Yoast SEO plugin. -->","yoast_head_json":{"title":"22ct Sunrise Gold Herz-Schl\u00fcssel-Anh\u00e4nger | PureJewels UK","description":"Erf\u00fcllen Sie sich Ihre Herzensw\u00fcnsche mit dem 22ct Sunrise Gold Heart Key Anh\u00e4nger. Tragen Sie diesen Anh\u00e4nger als Erinnerung daran, Ihrem Herzen zu folgen und Ihre Tr\u00e4ume zu verfolgen.","robots":{"index":"index","follow":"follow","max-snippet":"max-snippet:-1","max-image-preview":"max-image-preview:large","max-video-preview":"max-video-preview:-1"},"canonical":"https:\/\/www.purejewels.com\/de\/produkt-2\/22ct-sunrise-gold-herz-schlussel-anhanger-47753\/","og_locale":"de_DE","og_type":"article","og_title":"22ct Sunrise Gold Heart Key Pendant | PureJewels UK","og_description":"Unlock your heart's desires with the 22ct Sunrise Gold Heart Key Pendant. Wear this pendant as a reminder to follow your heart and chase your dreams.","og_url":"https:\/\/www.purejewels.com\/de\/produkt-2\/22ct-sunrise-gold-herz-schlussel-anhanger-47753\/","og_site_name":"PureJewels UK","article_modified_time":"2026-01-29T00:35:18+00:00","og_image":[{"width":1000,"height":1000,"url":"https:\/\/static.purejewels.com\/wp-content\/uploads\/2024\/05\/47753.png","type":"image\/png"}],"twitter_card":"summary_large_image","twitter_misc":{"Gesch\u00e4tzte Lesezeit":"1\u00a0Minute"},"schema":{"@context":"https:\/\/schema.org","@graph":[{"@type":["WebPage","ItemPage"],"@id":"https:\/\/www.purejewels.com\/product\/22ct-sunrise-gold-heart-key-pendant-47753\/","url":"https:\/\/www.purejewels.com\/product\/22ct-sunrise-gold-heart-key-pendant-47753\/","name":"22ct Sunrise Gold Herz-Schl\u00fcssel-Anh\u00e4nger | PureJewels UK","isPartOf":{"@id":"https:\/\/www.purejewels.com\/#website"},"primaryImageOfPage":{"@id":"https:\/\/www.purejewels.com\/product\/22ct-sunrise-gold-heart-key-pendant-47753\/#primaryimage"},"image":{"@id":"https:\/\/www.purejewels.com\/product\/22ct-sunrise-gold-heart-key-pendant-47753\/#primaryimage"},"thumbnailUrl":"https:\/\/static.purejewels.com\/wp-content\/uploads\/2024\/05\/47753.png","datePublished":"2026-01-15T12:22:11+00:00","dateModified":"2026-01-29T00:35:18+00:00","description":"Erf\u00fcllen Sie sich Ihre Herzensw\u00fcnsche mit dem 22ct Sunrise Gold Heart Key Anh\u00e4nger. Tragen Sie diesen Anh\u00e4nger als Erinnerung daran, Ihrem Herzen zu folgen und Ihre Tr\u00e4ume zu verfolgen.","breadcrumb":{"@id":"https:\/\/www.purejewels.com\/product\/22ct-sunrise-gold-heart-key-pendant-47753\/#breadcrumb"},"inLanguage":"de","potentialAction":[{"@type":"ReadAction","target":["https:\/\/www.purejewels.com\/product\/22ct-sunrise-gold-heart-key-pendant-47753\/"]}]},{"@type":"ImageObject","inLanguage":"de","@id":"https:\/\/www.purejewels.com\/product\/22ct-sunrise-gold-heart-key-pendant-47753\/#primaryimage","url":"https:\/\/static.purejewels.com\/wp-content\/uploads\/2024\/05\/47753.png","contentUrl":"https:\/\/static.purejewels.com\/wp-content\/uploads\/2024\/05\/47753.png","width":1000,"height":1000,"caption":"22ct Gold Key Heart Pendant"},{"@type":"BreadcrumbList","@id":"https:\/\/www.purejewels.com\/product\/22ct-sunrise-gold-heart-key-pendant-47753\/#breadcrumb","itemListElement":[{"@type":"ListItem","position":1,"name":"Home","item":"https:\/\/www.purejewels.com\/"},{"@type":"ListItem","position":2,"name":"Shop","item":"https:\/\/www.purejewels.com\/shop\/"},{"@type":"ListItem","position":3,"name":"22ct Sunrise Gold Heart Key Pendant | Fine Jewellery"}]},{"@type":"WebSite","@id":"https:\/\/www.purejewels.com\/#website","url":"https:\/\/www.purejewels.com\/","name":"PureJewels UK","description":"Teile die Liebe","publisher":{"@id":"https:\/\/www.purejewels.com\/#organization"},"potentialAction":[{"@type":"SearchAction","target":{"@type":"EntryPoint","urlTemplate":"https:\/\/www.purejewels.com\/?s={search_term_string}"},"query-input":{"@type":"PropertyValueSpecification","valueRequired":true,"valueName":"search_term_string"}}],"inLanguage":"de"},{"@type":"Organization","@id":"https:\/\/www.purejewels.com\/#organization","name":"PureJewels UK","url":"https:\/\/www.purejewels.com\/","logo":{"@type":"ImageObject","inLanguage":"de","@id":"https:\/\/www.purejewels.com\/#\/schema\/logo\/image\/","url":"https:\/\/static.purejewels.com\/wp-content\/uploads\/2020\/11\/Logo-PJ-New-1.png","contentUrl":"https:\/\/static.purejewels.com\/wp-content\/uploads\/2020\/11\/Logo-PJ-New-1.png","width":150,"height":80,"caption":"PureJewels UK"},"image":{"@id":"https:\/\/www.purejewels.com\/#\/schema\/logo\/image\/"}}]}},"_links":{"self":[{"href":"https:\/\/www.purejewels.com\/de\/wp-json\/wp\/v2\/product\/362703","targetHints":{"allow":["GET"]}}],"collection":[{"href":"https:\/\/www.purejewels.com\/de\/wp-json\/wp\/v2\/product"}],"about":[{"href":"https:\/\/www.purejewels.com\/de\/wp-json\/wp\/v2\/types\/product"}],"replies":[{"embeddable":true,"href":"https:\/\/www.purejewels.com\/de\/wp-json\/wp\/v2\/comments?post=362703"}],"version-history":[{"count":4,"href":"https:\/\/www.purejewels.com\/de\/wp-json\/wp\/v2\/product\/362703\/revisions"}],"predecessor-version":[{"id":424386,"href":"https:\/\/www.purejewels.com\/de\/wp-json\/wp\/v2\/product\/362703\/revisions\/424386"}],"wp:featuredmedia":[{"embeddable":true,"href":"https:\/\/www.purejewels.com\/de\/wp-json\/wp\/v2\/media\/362844"}],"wp:attachment":[{"href":"https:\/\/www.purejewels.com\/de\/wp-json\/wp\/v2\/media?parent=362703"}],"wp:term":[{"taxonomy":"product_brand","embeddable":true,"href":"https:\/\/www.purejewels.com\/de\/wp-json\/wp\/v2\/product_brand?post=362703"},{"taxonomy":"product_cat","embeddable":true,"href":"https:\/\/www.purejewels.com\/de\/wp-json\/wp\/v2\/product_cat?post=362703"},{"taxonomy":"product_tag","embeddable":true,"href":"https:\/\/www.purejewels.com\/de\/wp-json\/wp\/v2\/product_tag?post=362703"}],"curies":[{"name":"wp","href":"https:\/\/api.w.org\/{rel}","templated":true}]}}