{"id":362725,"date":"2024-05-16T08:12:13","date_gmt":"2024-05-16T07:12:13","guid":{"rendered":"https:\/\/www.purejewels.com\/?post_type=product&#038;p=362725"},"modified":"2026-01-30T07:30:03","modified_gmt":"2026-01-30T07:30:03","slug":"22ct-sunrise-gold-pfau-anhanger-47759","status":"publish","type":"product","link":"https:\/\/www.purejewels.com\/de\/product\/22ct-sunrise-gold-peacock-pendant-47759\/","title":{"rendered":"22ct Sunrise Gold Pfau-Anh\u00e4nger"},"content":{"rendered":"<p>Inspiriert von der hypnotisierenden Haltung des Pfaus, ist das <a href=\"https:\/\/www.purejewels.com\/de\/product\/22ct-gold-jali-filigree-ring-jali-collection-31926\/\">22ct<\/a> Sonnenaufgang Gold <a href=\"https:\/\/www.purejewels.com\/de\/product\/22carat-gold-indian-pendant-23635\/\">Pfau-Anh\u00e4nger<\/a> verk\u00f6rpert m\u00fchelose Sch\u00f6nheit und fesselnden Charme. Jedes Design spiegelt die bezaubernde Anziehungskraft von Pfauenfedern wider und l\u00e4dt Sie dazu ein, Ihre Brillanz zu erkennen. Schm\u00fccken Sie sich mit diesem exquisiten St\u00fcck und lassen Sie seine Eleganz und Raffinesse Ihre Anmut und Ihr Selbstbewusstsein unterstreichen und einen bleibenden Eindruck hinterlassen.<\/p>\n<p>Gefertigt aus unserem einzigartigen 22ct Sunrise Gold <a href=\"https:\/\/www.purejewels.com\/de\/precious-metals-in-jewelry-making\/\">Legierung<\/a>r\u00fchmt sich dieser Anh\u00e4nger mit einem nat\u00fcrlichen, <a href=\"https:\/\/www.purejewels.com\/de\/elegance-of-sold-gold\/\">Massivgold<\/a> Farbe, die an die sanften Schattierungen des Sonnenaufgangs erinnert. Im Gegensatz zu traditionellem Gold bietet unser Sunrise Gold einen gedeckteren Farbton, der den Glanz und die Tiefe von 22 Karat Reinheit beibeh\u00e4lt und gleichzeitig wunderbar mit einer Vielzahl von Hautt\u00f6nen harmoniert. Diese Innovation macht es zu einer umfassenden Wahl f\u00fcr einen breiteren Kundenkreis und entspricht dem Bedarf an Gold, das weniger gelb und vielseitiger f\u00fcr das t\u00e4gliche Tragen ist.<\/p>\n<p><strong>Merkmale:<\/strong><\/p>\n<ul>\n<li><strong>Material:<\/strong> 22ct Sunrise Gold, eine einzigartige Legierung, die der Farbe des Sonnenaufgangs \u00e4hnelt<\/li>\n<li><strong>Farbe:<\/strong> Nat\u00fcrlich, unplattiert <a href=\"https:\/\/www.purejewels.com\/de\/product\/holy-cross-gold-pendant-44713\/\">22 Karat Gold<\/a> mit einem ged\u00e4mpften Farbton, der die Kompatibilit\u00e4t mit verschiedenen Hautt\u00f6nen verbessert<\/li>\n<li><strong>Motiv:<\/strong> Pfau, Symbol f\u00fcr Sch\u00f6nheit, Anmut und Vertrauen<\/li>\n<li><strong>Entwurf:<\/strong> Inspiriert von den schillernden Federn des Pfaus und seinem bezaubernden Charme<\/li>\n<li><strong><a href=\"https:\/\/www.purejewels.com\/de\/a-guide-to-die-stamping\/\">Handwerkliches K\u00f6nnen<\/a>:<\/strong> Sorgf\u00e4ltig gefertigt, um das Engagement von PureJewels f\u00fcr Qualit\u00e4t und Kunstfertigkeit widerzuspiegeln<\/li>\n<li><strong>Anlass:<\/strong> Es ist ideal, um jedem Ensemble Eleganz zu verleihen und eignet sich sowohl f\u00fcr besondere Anl\u00e4sse als auch f\u00fcr den Alltag.<\/li>\n<\/ul>","protected":false},"excerpt":{"rendered":"<div class=\"woocommerce-product-details__short-description\">\n<div class=\"woocommerce-product-details__short-description\">\n<table class=\"sh_desc\">\n<tbody>\n<tr>\n<td>Typ des Anh\u00e4ngers<\/td>\n<td>Fancy Anh\u00e4nger<\/td>\n<\/tr>\n<tr>\n<td>SKU<\/td>\n<td>47759<\/td>\n<\/tr>\n<tr>\n<td>Gewicht<\/td>\n<td>1.1 Gms<\/td>\n<\/tr>\n<tr>\n<td>Metall<\/td>\n<td>22ct Sonnenaufgang Gold<\/td>\n<\/tr>\n<tr>\n<td>Entgelte<\/td>\n<td>Lieferung und Mehrwertsteuer inbegriffen<\/td>\n<\/tr>\n<tr>\n<td>Verpackung<\/td>\n<td>Mit Pr\u00e4sentationsbox<\/td>\n<\/tr>\n<tr>\n<td>Mehr Informationen<\/td>\n<td>\n<ul>\n<li>Kette ist nicht enthalten<\/li>\n<li>Siehe unser<strong>\u00a0Gold-Ketten<\/strong>\u00a0Sammlung<\/li>\n<li>Live-Chat mit uns f\u00fcr Verf\u00fcgbarkeit und mehr Bilder<\/li>\n<\/ul>\n<\/td>\n<\/tr>\n<\/tbody>\n<\/table>\n<\/div>\n<div class=\"btn-atc atc-slide\"><\/div>\n<div class=\"product_meta\"><\/div>\n<\/div>","protected":false},"featured_media":362852,"comment_status":"closed","ping_status":"closed","template":"","meta":{"_eb_attr":"","_crsspst_to_jayantr4sg-hostcom":false},"product_brand":[],"product_cat":[1559,1794,236,1793,1770,1229,1255,5343,1767,5761,5338,1575,1569,1574],"product_tag":[],"class_list":{"0":"post-362725","1":"product","2":"type-product","3":"status-publish","4":"has-post-thumbnail","6":"product_cat-birthday-gifts","7":"product_cat-christmas-gifts","8":"product_cat-collections","9":"product_cat-diwali-gifts","10":"product_cat-fancy-pendants","11":"product_cat-22ct-gold-jewellery","12":"product_cat-gold-pendants","13":"product_cat-jewellery-under-550","14":"product_cat-ladies-pendants","15":"product_cat-merak-collection","16":"product_cat-shop-by-price","17":"product_cat-teenage-jewellery","18":"product_cat-valentine-day-gifts","19":"product_cat-womens-jewellery","21":"first","22":"instock","23":"taxable","24":"shipping-taxable","25":"purchasable","26":"product-type-simple","27":"add-to-wishlist-before_image"},"yoast_head":"<!-- This site is optimized with the Yoast SEO plugin v27.3 - https:\/\/yoast.com\/product\/yoast-seo-wordpress\/ -->\n<title>Sunrise Gold Peacock Pendant | Contemporary Jewellery online<\/title>\n<meta name=\"description\" content=\"Celebrate your inner brilliance with the 22ct Gold Peacock Pendant, transcending traditional gold jewellery with its unique hue and timeless design.\" \/>\n<meta name=\"robots\" content=\"index, follow, max-snippet:-1, max-image-preview:large, max-video-preview:-1\" \/>\n<link rel=\"canonical\" href=\"https:\/\/www.purejewels.com\/de\/produkt-2\/22ct-sunrise-gold-pfau-anhanger-47759\/\" \/>\n<meta property=\"og:locale\" content=\"de_DE\" \/>\n<meta property=\"og:type\" content=\"article\" \/>\n<meta property=\"og:title\" content=\"Sunrise Gold Peacock Pendant | Contemporary Jewellery online\" \/>\n<meta property=\"og:description\" content=\"Celebrate your inner brilliance with the 22ct Gold Peacock Pendant, transcending traditional gold jewellery with its unique hue and timeless design.\" \/>\n<meta property=\"og:url\" content=\"https:\/\/www.purejewels.com\/de\/produkt-2\/22ct-sunrise-gold-pfau-anhanger-47759\/\" \/>\n<meta property=\"og:site_name\" content=\"PureJewels UK\" \/>\n<meta property=\"article:modified_time\" content=\"2026-01-30T07:30:03+00:00\" \/>\n<meta property=\"og:image\" content=\"https:\/\/static.purejewels.com\/wp-content\/uploads\/2024\/05\/47759.png\" \/>\n\t<meta property=\"og:image:width\" content=\"1000\" \/>\n\t<meta property=\"og:image:height\" content=\"1000\" \/>\n\t<meta property=\"og:image:type\" content=\"image\/png\" \/>\n<meta name=\"twitter:card\" content=\"summary_large_image\" \/>\n<meta name=\"twitter:label1\" content=\"Gesch\u00e4tzte Lesezeit\" \/>\n\t<meta name=\"twitter:data1\" content=\"2\u00a0Minuten\" \/>\n<script type=\"application\/ld+json\" class=\"yoast-schema-graph\">{\"@context\":\"https:\\\/\\\/schema.org\",\"@graph\":[{\"@type\":[\"WebPage\",\"ItemPage\"],\"@id\":\"https:\\\/\\\/www.purejewels.com\\\/product\\\/22ct-sunrise-gold-peacock-pendant-47759\\\/\",\"url\":\"https:\\\/\\\/www.purejewels.com\\\/product\\\/22ct-sunrise-gold-peacock-pendant-47759\\\/\",\"name\":\"Sunrise Gold Peacock Pendant | Contemporary Jewellery online\",\"isPartOf\":{\"@id\":\"https:\\\/\\\/www.purejewels.com\\\/#website\"},\"primaryImageOfPage\":{\"@id\":\"https:\\\/\\\/www.purejewels.com\\\/product\\\/22ct-sunrise-gold-peacock-pendant-47759\\\/#primaryimage\"},\"image\":{\"@id\":\"https:\\\/\\\/www.purejewels.com\\\/product\\\/22ct-sunrise-gold-peacock-pendant-47759\\\/#primaryimage\"},\"thumbnailUrl\":\"https:\\\/\\\/static.purejewels.com\\\/wp-content\\\/uploads\\\/2024\\\/05\\\/47759.png\",\"datePublished\":\"2024-05-16T07:12:13+00:00\",\"dateModified\":\"2026-01-30T07:30:03+00:00\",\"description\":\"Celebrate your inner brilliance with the 22ct Gold Peacock Pendant, transcending traditional gold jewellery with its unique hue and timeless design.\",\"breadcrumb\":{\"@id\":\"https:\\\/\\\/www.purejewels.com\\\/product\\\/22ct-sunrise-gold-peacock-pendant-47759\\\/#breadcrumb\"},\"inLanguage\":\"de\",\"potentialAction\":[{\"@type\":\"ReadAction\",\"target\":[\"https:\\\/\\\/www.purejewels.com\\\/product\\\/22ct-sunrise-gold-peacock-pendant-47759\\\/\"]}]},{\"@type\":\"ImageObject\",\"inLanguage\":\"de\",\"@id\":\"https:\\\/\\\/www.purejewels.com\\\/product\\\/22ct-sunrise-gold-peacock-pendant-47759\\\/#primaryimage\",\"url\":\"https:\\\/\\\/static.purejewels.com\\\/wp-content\\\/uploads\\\/2024\\\/05\\\/47759.png\",\"contentUrl\":\"https:\\\/\\\/static.purejewels.com\\\/wp-content\\\/uploads\\\/2024\\\/05\\\/47759.png\",\"width\":1000,\"height\":1000,\"caption\":\"22ct Gold Peacock Pendant\"},{\"@type\":\"BreadcrumbList\",\"@id\":\"https:\\\/\\\/www.purejewels.com\\\/product\\\/22ct-sunrise-gold-peacock-pendant-47759\\\/#breadcrumb\",\"itemListElement\":[{\"@type\":\"ListItem\",\"position\":1,\"name\":\"Home\",\"item\":\"https:\\\/\\\/www.purejewels.com\\\/\"},{\"@type\":\"ListItem\",\"position\":2,\"name\":\"Shop\",\"item\":\"https:\\\/\\\/www.purejewels.com\\\/shop\\\/\"},{\"@type\":\"ListItem\",\"position\":3,\"name\":\"22ct Sunrise Gold Peacock Pendant\"}]},{\"@type\":\"WebSite\",\"@id\":\"https:\\\/\\\/www.purejewels.com\\\/#website\",\"url\":\"https:\\\/\\\/www.purejewels.com\\\/\",\"name\":\"PureJewels UK\",\"description\":\"Share the Love\",\"publisher\":{\"@id\":\"https:\\\/\\\/www.purejewels.com\\\/#organization\"},\"potentialAction\":[{\"@type\":\"SearchAction\",\"target\":{\"@type\":\"EntryPoint\",\"urlTemplate\":\"https:\\\/\\\/www.purejewels.com\\\/?s={search_term_string}\"},\"query-input\":{\"@type\":\"PropertyValueSpecification\",\"valueRequired\":true,\"valueName\":\"search_term_string\"}}],\"inLanguage\":\"de\"},{\"@type\":\"Organization\",\"@id\":\"https:\\\/\\\/www.purejewels.com\\\/#organization\",\"name\":\"PureJewels UK\",\"url\":\"https:\\\/\\\/www.purejewels.com\\\/\",\"logo\":{\"@type\":\"ImageObject\",\"inLanguage\":\"de\",\"@id\":\"https:\\\/\\\/www.purejewels.com\\\/#\\\/schema\\\/logo\\\/image\\\/\",\"url\":\"https:\\\/\\\/static.purejewels.com\\\/wp-content\\\/uploads\\\/2020\\\/11\\\/Logo-PJ-New-1.png\",\"contentUrl\":\"https:\\\/\\\/static.purejewels.com\\\/wp-content\\\/uploads\\\/2020\\\/11\\\/Logo-PJ-New-1.png\",\"width\":150,\"height\":80,\"caption\":\"PureJewels UK\"},\"image\":{\"@id\":\"https:\\\/\\\/www.purejewels.com\\\/#\\\/schema\\\/logo\\\/image\\\/\"}}]}<\/script>\n<!-- \/ Yoast SEO plugin. -->","yoast_head_json":{"title":"Sunrise Gold Pfau-Anh\u00e4nger | Zeitgen\u00f6ssischer Schmuck online","description":"Zelebrieren Sie Ihren inneren Glanz mit dem Pfauen-Anh\u00e4nger aus 22 Karat Gold, der mit seinem einzigartigen Farbton und zeitlosen Design \u00fcber den traditionellen Goldschmuck hinausgeht.","robots":{"index":"index","follow":"follow","max-snippet":"max-snippet:-1","max-image-preview":"max-image-preview:large","max-video-preview":"max-video-preview:-1"},"canonical":"https:\/\/www.purejewels.com\/de\/produkt-2\/22ct-sunrise-gold-pfau-anhanger-47759\/","og_locale":"de_DE","og_type":"article","og_title":"Sunrise Gold Peacock Pendant | Contemporary Jewellery online","og_description":"Celebrate your inner brilliance with the 22ct Gold Peacock Pendant, transcending traditional gold jewellery with its unique hue and timeless design.","og_url":"https:\/\/www.purejewels.com\/de\/produkt-2\/22ct-sunrise-gold-pfau-anhanger-47759\/","og_site_name":"PureJewels UK","article_modified_time":"2026-01-30T07:30:03+00:00","og_image":[{"width":1000,"height":1000,"url":"https:\/\/static.purejewels.com\/wp-content\/uploads\/2024\/05\/47759.png","type":"image\/png"}],"twitter_card":"summary_large_image","twitter_misc":{"Gesch\u00e4tzte Lesezeit":"2\u00a0Minuten"},"schema":{"@context":"https:\/\/schema.org","@graph":[{"@type":["WebPage","ItemPage"],"@id":"https:\/\/www.purejewels.com\/product\/22ct-sunrise-gold-peacock-pendant-47759\/","url":"https:\/\/www.purejewels.com\/product\/22ct-sunrise-gold-peacock-pendant-47759\/","name":"Sunrise Gold Pfau-Anh\u00e4nger | Zeitgen\u00f6ssischer Schmuck online","isPartOf":{"@id":"https:\/\/www.purejewels.com\/#website"},"primaryImageOfPage":{"@id":"https:\/\/www.purejewels.com\/product\/22ct-sunrise-gold-peacock-pendant-47759\/#primaryimage"},"image":{"@id":"https:\/\/www.purejewels.com\/product\/22ct-sunrise-gold-peacock-pendant-47759\/#primaryimage"},"thumbnailUrl":"https:\/\/static.purejewels.com\/wp-content\/uploads\/2024\/05\/47759.png","datePublished":"2024-05-16T07:12:13+00:00","dateModified":"2026-01-30T07:30:03+00:00","description":"Zelebrieren Sie Ihren inneren Glanz mit dem Pfauen-Anh\u00e4nger aus 22 Karat Gold, der mit seinem einzigartigen Farbton und zeitlosen Design \u00fcber den traditionellen Goldschmuck hinausgeht.","breadcrumb":{"@id":"https:\/\/www.purejewels.com\/product\/22ct-sunrise-gold-peacock-pendant-47759\/#breadcrumb"},"inLanguage":"de","potentialAction":[{"@type":"ReadAction","target":["https:\/\/www.purejewels.com\/product\/22ct-sunrise-gold-peacock-pendant-47759\/"]}]},{"@type":"ImageObject","inLanguage":"de","@id":"https:\/\/www.purejewels.com\/product\/22ct-sunrise-gold-peacock-pendant-47759\/#primaryimage","url":"https:\/\/static.purejewels.com\/wp-content\/uploads\/2024\/05\/47759.png","contentUrl":"https:\/\/static.purejewels.com\/wp-content\/uploads\/2024\/05\/47759.png","width":1000,"height":1000,"caption":"22ct Gold Peacock Pendant"},{"@type":"BreadcrumbList","@id":"https:\/\/www.purejewels.com\/product\/22ct-sunrise-gold-peacock-pendant-47759\/#breadcrumb","itemListElement":[{"@type":"ListItem","position":1,"name":"Home","item":"https:\/\/www.purejewels.com\/"},{"@type":"ListItem","position":2,"name":"Shop","item":"https:\/\/www.purejewels.com\/shop\/"},{"@type":"ListItem","position":3,"name":"22ct Sunrise Gold Peacock Pendant"}]},{"@type":"WebSite","@id":"https:\/\/www.purejewels.com\/#website","url":"https:\/\/www.purejewels.com\/","name":"PureJewels UK","description":"Teile die Liebe","publisher":{"@id":"https:\/\/www.purejewels.com\/#organization"},"potentialAction":[{"@type":"SearchAction","target":{"@type":"EntryPoint","urlTemplate":"https:\/\/www.purejewels.com\/?s={search_term_string}"},"query-input":{"@type":"PropertyValueSpecification","valueRequired":true,"valueName":"search_term_string"}}],"inLanguage":"de"},{"@type":"Organization","@id":"https:\/\/www.purejewels.com\/#organization","name":"PureJewels UK","url":"https:\/\/www.purejewels.com\/","logo":{"@type":"ImageObject","inLanguage":"de","@id":"https:\/\/www.purejewels.com\/#\/schema\/logo\/image\/","url":"https:\/\/static.purejewels.com\/wp-content\/uploads\/2020\/11\/Logo-PJ-New-1.png","contentUrl":"https:\/\/static.purejewels.com\/wp-content\/uploads\/2020\/11\/Logo-PJ-New-1.png","width":150,"height":80,"caption":"PureJewels UK"},"image":{"@id":"https:\/\/www.purejewels.com\/#\/schema\/logo\/image\/"}}]}},"_links":{"self":[{"href":"https:\/\/www.purejewels.com\/de\/wp-json\/wp\/v2\/product\/362725","targetHints":{"allow":["GET"]}}],"collection":[{"href":"https:\/\/www.purejewels.com\/de\/wp-json\/wp\/v2\/product"}],"about":[{"href":"https:\/\/www.purejewels.com\/de\/wp-json\/wp\/v2\/types\/product"}],"replies":[{"embeddable":true,"href":"https:\/\/www.purejewels.com\/de\/wp-json\/wp\/v2\/comments?post=362725"}],"version-history":[{"count":4,"href":"https:\/\/www.purejewels.com\/de\/wp-json\/wp\/v2\/product\/362725\/revisions"}],"predecessor-version":[{"id":387894,"href":"https:\/\/www.purejewels.com\/de\/wp-json\/wp\/v2\/product\/362725\/revisions\/387894"}],"wp:featuredmedia":[{"embeddable":true,"href":"https:\/\/www.purejewels.com\/de\/wp-json\/wp\/v2\/media\/362852"}],"wp:attachment":[{"href":"https:\/\/www.purejewels.com\/de\/wp-json\/wp\/v2\/media?parent=362725"}],"wp:term":[{"taxonomy":"product_brand","embeddable":true,"href":"https:\/\/www.purejewels.com\/de\/wp-json\/wp\/v2\/product_brand?post=362725"},{"taxonomy":"product_cat","embeddable":true,"href":"https:\/\/www.purejewels.com\/de\/wp-json\/wp\/v2\/product_cat?post=362725"},{"taxonomy":"product_tag","embeddable":true,"href":"https:\/\/www.purejewels.com\/de\/wp-json\/wp\/v2\/product_tag?post=362725"}],"curies":[{"name":"wp","href":"https:\/\/api.w.org\/{rel}","templated":true}]}}