{"id":362740,"date":"2024-05-16T10:43:35","date_gmt":"2024-05-16T09:43:35","guid":{"rendered":"https:\/\/www.purejewels.com\/?post_type=product&#038;p=362740"},"modified":"2026-01-30T07:33:22","modified_gmt":"2026-01-30T07:33:22","slug":"22ct-sunrise-gold-drangonfly-motiv-halskette-48467","status":"publish","type":"product","link":"https:\/\/www.purejewels.com\/de\/product\/22ct-sunrise-gold-drangonfly-motif-necklace-48467\/","title":{"rendered":"22ct Sunrise Gold Drangonfly Motiv Halskette"},"content":{"rendered":"<p>Inspiriert von der schimmernden Sch\u00f6nheit der Libelle und ihrer Gl\u00fcckssymbolik, ist das <a href=\"https:\/\/www.purejewels.com\/de\/product\/22ct-gold-jali-filigree-ring-jali-collection-31926\/\">22ct<\/a> Die Sunrise Gold Dragonfly Motif Necklace ermutigt dazu, mutig zu leben und jede Gelegenheit zu ergreifen. Dieses exquisite St\u00fcck l\u00e4dt Sie dazu ein, die fl\u00fcchtige Pracht des Lebens zu feiern und erinnert Sie daran, dass der wahre Reichtum im gegenw\u00e4rtigen Moment zu finden ist. Lassen Sie sich von der Sch\u00f6nheit des Augenblicks inspirieren und machen Sie diese Halskette zu Ihrem Sinnbild f\u00fcr Lebensfreude und Lebenslust.<\/p>\n<p>Einzelheiten zum Produkt:<\/p>\n<ul>\n<li><strong>L\u00e4nge:<\/strong> 16 Zoll<\/li>\n<li><strong>Metall:<\/strong> 22ct Sunrise Gold, eine neue <a href=\"https:\/\/www.purejewels.com\/de\/precious-metals-in-jewelry-making\/\">Legierung<\/a> erstellt in <a href=\"https:\/\/www.purejewels.com\/de\/product\/holy-cross-gold-pendant-44713\/\">22 Karat Gold<\/a><\/li>\n<li><strong>Farbe:<\/strong> 22ct Sunrise Gold erinnert an die Farbe des Sonnenaufgangs. Diese einzigartige Legierung bietet einen ged\u00e4mpften Farbton, w\u00e4hrend sie gl\u00e4nzend bleibt und ihre Tiefe beibeh\u00e4lt. Seine Farbe harmoniert wunderbar mit verschiedenen Hautt\u00f6nen und macht es zu einer umfassenden Wahl.<\/li>\n<\/ul>\n<p>Kombinieren Sie diese kurze Halskette mit Anh\u00e4nger mit einer Lariat-Halskette f\u00fcr einen mehrschichtigen Look.<\/p>","protected":false},"excerpt":{"rendered":"<table class=\"sh_desc\">\n<tbody>\n<tr>\n<td>Art der Halskette<\/td>\n<td>Ausgefallene Halskette<\/td>\n<\/tr>\n<tr>\n<td>SKU<\/td>\n<td>48467<\/td>\n<\/tr>\n<tr>\n<td>Gewicht<\/td>\n<td>4.6 Gms<\/td>\n<\/tr>\n<tr>\n<td>L\u00e4nge<\/td>\n<td>16 Zoll<\/td>\n<\/tr>\n<tr>\n<td>Metall<\/td>\n<td>22ct Sonnenaufgang Gold<\/td>\n<\/tr>\n<tr>\n<td>Entgelte<\/td>\n<td>Lieferung und Mehrwertsteuer inbegriffen<\/td>\n<\/tr>\n<tr>\n<td>Verpackung<\/td>\n<td>Mit Pr\u00e4sentationsbox<\/td>\n<\/tr>\n<tr>\n<td>Mehr Informationen<\/td>\n<td>Live-Chat mit uns f\u00fcr Verf\u00fcgbarkeit und mehr Bilder<\/td>\n<\/tr>\n<\/tbody>\n<\/table>\n<div class=\"btn-atc atc-slide\"><\/div>\n<div class=\"product_meta\"><\/div>","protected":false},"featured_media":362889,"comment_status":"closed","ping_status":"closed","template":"","meta":{"_eb_attr":"","_crsspst_to_jayantr4sg-hostcom":false},"product_brand":[],"product_cat":[1229,1253,5902,5762,1778,1569],"product_tag":[],"class_list":{"0":"post-362740","1":"product","2":"type-product","3":"status-publish","4":"has-post-thumbnail","6":"product_cat-22ct-gold-jewellery","7":"product_cat-gold-necklaces","8":"product_cat-lariat-necklace","9":"product_cat-samaa-collection","10":"product_cat-short-necklaces","11":"product_cat-valentine-day-gifts","13":"first","14":"instock","15":"taxable","16":"shipping-taxable","17":"purchasable","18":"product-type-simple","19":"add-to-wishlist-before_image"},"yoast_head":"<!-- This site is optimized with the Yoast SEO plugin v27.4 - https:\/\/yoast.com\/product\/yoast-seo-wordpress\/ -->\n<title>22ct Sunrise Gold Drangonfly Motif Necklace | PureJewels UK<\/title>\n<meta name=\"description\" content=\"Browse our 22ct Sunrise Gold Dragonfly Motif Necklace. A symbol of new beginnings, it&#039;s the perfect piece for those seeking self-realization.\" \/>\n<meta name=\"robots\" content=\"index, follow, max-snippet:-1, max-image-preview:large, max-video-preview:-1\" \/>\n<link rel=\"canonical\" href=\"https:\/\/www.purejewels.com\/de\/produkt-2\/22ct-sunrise-gold-drangonfly-motiv-halskette-48467\/\" \/>\n<meta property=\"og:locale\" content=\"de_DE\" \/>\n<meta property=\"og:type\" content=\"article\" \/>\n<meta property=\"og:title\" content=\"22ct Sunrise Gold Drangonfly Motif Necklace | PureJewels UK\" \/>\n<meta property=\"og:description\" content=\"Browse our 22ct Sunrise Gold Dragonfly Motif Necklace. A symbol of new beginnings, it&#039;s the perfect piece for those seeking self-realization.\" \/>\n<meta property=\"og:url\" content=\"https:\/\/www.purejewels.com\/de\/produkt-2\/22ct-sunrise-gold-drangonfly-motiv-halskette-48467\/\" \/>\n<meta property=\"og:site_name\" content=\"PureJewels UK\" \/>\n<meta property=\"article:modified_time\" content=\"2026-01-30T07:33:22+00:00\" \/>\n<meta property=\"og:image\" content=\"https:\/\/static.purejewels.com\/wp-content\/uploads\/2024\/05\/48467.png\" \/>\n\t<meta property=\"og:image:width\" content=\"1000\" \/>\n\t<meta property=\"og:image:height\" content=\"1000\" \/>\n\t<meta property=\"og:image:type\" content=\"image\/png\" \/>\n<meta name=\"twitter:card\" content=\"summary_large_image\" \/>\n<meta name=\"twitter:label1\" content=\"Gesch\u00e4tzte Lesezeit\" \/>\n\t<meta name=\"twitter:data1\" content=\"1\u00a0Minute\" \/>\n<script type=\"application\/ld+json\" class=\"yoast-schema-graph\">{\"@context\":\"https:\\\/\\\/schema.org\",\"@graph\":[{\"@type\":[\"WebPage\",\"ItemPage\"],\"@id\":\"https:\\\/\\\/www.purejewels.com\\\/product\\\/22ct-sunrise-gold-drangonfly-motif-necklace-48467\\\/\",\"url\":\"https:\\\/\\\/www.purejewels.com\\\/product\\\/22ct-sunrise-gold-drangonfly-motif-necklace-48467\\\/\",\"name\":\"22ct Sunrise Gold Drangonfly Motif Necklace | PureJewels UK\",\"isPartOf\":{\"@id\":\"https:\\\/\\\/www.purejewels.com\\\/#website\"},\"primaryImageOfPage\":{\"@id\":\"https:\\\/\\\/www.purejewels.com\\\/product\\\/22ct-sunrise-gold-drangonfly-motif-necklace-48467\\\/#primaryimage\"},\"image\":{\"@id\":\"https:\\\/\\\/www.purejewels.com\\\/product\\\/22ct-sunrise-gold-drangonfly-motif-necklace-48467\\\/#primaryimage\"},\"thumbnailUrl\":\"https:\\\/\\\/static.purejewels.com\\\/wp-content\\\/uploads\\\/2024\\\/05\\\/48467.png\",\"datePublished\":\"2024-05-16T09:43:35+00:00\",\"dateModified\":\"2026-01-30T07:33:22+00:00\",\"description\":\"Browse our 22ct Sunrise Gold Dragonfly Motif Necklace. A symbol of new beginnings, it's the perfect piece for those seeking self-realization.\",\"breadcrumb\":{\"@id\":\"https:\\\/\\\/www.purejewels.com\\\/product\\\/22ct-sunrise-gold-drangonfly-motif-necklace-48467\\\/#breadcrumb\"},\"inLanguage\":\"de\",\"potentialAction\":[{\"@type\":\"ReadAction\",\"target\":[\"https:\\\/\\\/www.purejewels.com\\\/product\\\/22ct-sunrise-gold-drangonfly-motif-necklace-48467\\\/\"]}]},{\"@type\":\"ImageObject\",\"inLanguage\":\"de\",\"@id\":\"https:\\\/\\\/www.purejewels.com\\\/product\\\/22ct-sunrise-gold-drangonfly-motif-necklace-48467\\\/#primaryimage\",\"url\":\"https:\\\/\\\/static.purejewels.com\\\/wp-content\\\/uploads\\\/2024\\\/05\\\/48467.png\",\"contentUrl\":\"https:\\\/\\\/static.purejewels.com\\\/wp-content\\\/uploads\\\/2024\\\/05\\\/48467.png\",\"width\":1000,\"height\":1000,\"caption\":\"22ct Sunrise Gold Drangon fly motif Necklace\"},{\"@type\":\"BreadcrumbList\",\"@id\":\"https:\\\/\\\/www.purejewels.com\\\/product\\\/22ct-sunrise-gold-drangonfly-motif-necklace-48467\\\/#breadcrumb\",\"itemListElement\":[{\"@type\":\"ListItem\",\"position\":1,\"name\":\"Home\",\"item\":\"https:\\\/\\\/www.purejewels.com\\\/\"},{\"@type\":\"ListItem\",\"position\":2,\"name\":\"Shop\",\"item\":\"https:\\\/\\\/www.purejewels.com\\\/shop\\\/\"},{\"@type\":\"ListItem\",\"position\":3,\"name\":\"22ct Sunrise Gold Drangonfly Motif Necklace\"}]},{\"@type\":\"WebSite\",\"@id\":\"https:\\\/\\\/www.purejewels.com\\\/#website\",\"url\":\"https:\\\/\\\/www.purejewels.com\\\/\",\"name\":\"PureJewels UK\",\"description\":\"Share the Love\",\"publisher\":{\"@id\":\"https:\\\/\\\/www.purejewels.com\\\/#organization\"},\"potentialAction\":[{\"@type\":\"SearchAction\",\"target\":{\"@type\":\"EntryPoint\",\"urlTemplate\":\"https:\\\/\\\/www.purejewels.com\\\/?s={search_term_string}\"},\"query-input\":{\"@type\":\"PropertyValueSpecification\",\"valueRequired\":true,\"valueName\":\"search_term_string\"}}],\"inLanguage\":\"de\"},{\"@type\":\"Organization\",\"@id\":\"https:\\\/\\\/www.purejewels.com\\\/#organization\",\"name\":\"PureJewels UK\",\"url\":\"https:\\\/\\\/www.purejewels.com\\\/\",\"logo\":{\"@type\":\"ImageObject\",\"inLanguage\":\"de\",\"@id\":\"https:\\\/\\\/www.purejewels.com\\\/#\\\/schema\\\/logo\\\/image\\\/\",\"url\":\"https:\\\/\\\/static.purejewels.com\\\/wp-content\\\/uploads\\\/2020\\\/11\\\/Logo-PJ-New-1.png\",\"contentUrl\":\"https:\\\/\\\/static.purejewels.com\\\/wp-content\\\/uploads\\\/2020\\\/11\\\/Logo-PJ-New-1.png\",\"width\":150,\"height\":80,\"caption\":\"PureJewels UK\"},\"image\":{\"@id\":\"https:\\\/\\\/www.purejewels.com\\\/#\\\/schema\\\/logo\\\/image\\\/\"}}]}<\/script>\n<!-- \/ Yoast SEO plugin. -->","yoast_head_json":{"title":"22ct Sunrise Gold Drangonfly Motiv Halskette | PureJewels UK","description":"St\u00f6bern Sie in unserer 22ct Sunrise Gold Dragonfly Motif Necklace. Als Symbol des Neubeginns ist es das perfekte St\u00fcck f\u00fcr alle, die nach Selbstverwirklichung suchen.","robots":{"index":"index","follow":"follow","max-snippet":"max-snippet:-1","max-image-preview":"max-image-preview:large","max-video-preview":"max-video-preview:-1"},"canonical":"https:\/\/www.purejewels.com\/de\/produkt-2\/22ct-sunrise-gold-drangonfly-motiv-halskette-48467\/","og_locale":"de_DE","og_type":"article","og_title":"22ct Sunrise Gold Drangonfly Motif Necklace | PureJewels UK","og_description":"Browse our 22ct Sunrise Gold Dragonfly Motif Necklace. A symbol of new beginnings, it's the perfect piece for those seeking self-realization.","og_url":"https:\/\/www.purejewels.com\/de\/produkt-2\/22ct-sunrise-gold-drangonfly-motiv-halskette-48467\/","og_site_name":"PureJewels UK","article_modified_time":"2026-01-30T07:33:22+00:00","og_image":[{"width":1000,"height":1000,"url":"https:\/\/static.purejewels.com\/wp-content\/uploads\/2024\/05\/48467.png","type":"image\/png"}],"twitter_card":"summary_large_image","twitter_misc":{"Gesch\u00e4tzte Lesezeit":"1\u00a0Minute"},"schema":{"@context":"https:\/\/schema.org","@graph":[{"@type":["WebPage","ItemPage"],"@id":"https:\/\/www.purejewels.com\/product\/22ct-sunrise-gold-drangonfly-motif-necklace-48467\/","url":"https:\/\/www.purejewels.com\/product\/22ct-sunrise-gold-drangonfly-motif-necklace-48467\/","name":"22ct Sunrise Gold Drangonfly Motiv Halskette | PureJewels UK","isPartOf":{"@id":"https:\/\/www.purejewels.com\/#website"},"primaryImageOfPage":{"@id":"https:\/\/www.purejewels.com\/product\/22ct-sunrise-gold-drangonfly-motif-necklace-48467\/#primaryimage"},"image":{"@id":"https:\/\/www.purejewels.com\/product\/22ct-sunrise-gold-drangonfly-motif-necklace-48467\/#primaryimage"},"thumbnailUrl":"https:\/\/static.purejewels.com\/wp-content\/uploads\/2024\/05\/48467.png","datePublished":"2024-05-16T09:43:35+00:00","dateModified":"2026-01-30T07:33:22+00:00","description":"St\u00f6bern Sie in unserer 22ct Sunrise Gold Dragonfly Motif Necklace. Als Symbol des Neubeginns ist es das perfekte St\u00fcck f\u00fcr alle, die nach Selbstverwirklichung suchen.","breadcrumb":{"@id":"https:\/\/www.purejewels.com\/product\/22ct-sunrise-gold-drangonfly-motif-necklace-48467\/#breadcrumb"},"inLanguage":"de","potentialAction":[{"@type":"ReadAction","target":["https:\/\/www.purejewels.com\/product\/22ct-sunrise-gold-drangonfly-motif-necklace-48467\/"]}]},{"@type":"ImageObject","inLanguage":"de","@id":"https:\/\/www.purejewels.com\/product\/22ct-sunrise-gold-drangonfly-motif-necklace-48467\/#primaryimage","url":"https:\/\/static.purejewels.com\/wp-content\/uploads\/2024\/05\/48467.png","contentUrl":"https:\/\/static.purejewels.com\/wp-content\/uploads\/2024\/05\/48467.png","width":1000,"height":1000,"caption":"22ct Sunrise Gold Drangon fly motif Necklace"},{"@type":"BreadcrumbList","@id":"https:\/\/www.purejewels.com\/product\/22ct-sunrise-gold-drangonfly-motif-necklace-48467\/#breadcrumb","itemListElement":[{"@type":"ListItem","position":1,"name":"Home","item":"https:\/\/www.purejewels.com\/"},{"@type":"ListItem","position":2,"name":"Shop","item":"https:\/\/www.purejewels.com\/shop\/"},{"@type":"ListItem","position":3,"name":"22ct Sunrise Gold Drangonfly Motif Necklace"}]},{"@type":"WebSite","@id":"https:\/\/www.purejewels.com\/#website","url":"https:\/\/www.purejewels.com\/","name":"PureJewels UK","description":"Teile die Liebe","publisher":{"@id":"https:\/\/www.purejewels.com\/#organization"},"potentialAction":[{"@type":"SearchAction","target":{"@type":"EntryPoint","urlTemplate":"https:\/\/www.purejewels.com\/?s={search_term_string}"},"query-input":{"@type":"PropertyValueSpecification","valueRequired":true,"valueName":"search_term_string"}}],"inLanguage":"de"},{"@type":"Organization","@id":"https:\/\/www.purejewels.com\/#organization","name":"PureJewels UK","url":"https:\/\/www.purejewels.com\/","logo":{"@type":"ImageObject","inLanguage":"de","@id":"https:\/\/www.purejewels.com\/#\/schema\/logo\/image\/","url":"https:\/\/static.purejewels.com\/wp-content\/uploads\/2020\/11\/Logo-PJ-New-1.png","contentUrl":"https:\/\/static.purejewels.com\/wp-content\/uploads\/2020\/11\/Logo-PJ-New-1.png","width":150,"height":80,"caption":"PureJewels UK"},"image":{"@id":"https:\/\/www.purejewels.com\/#\/schema\/logo\/image\/"}}]}},"_links":{"self":[{"href":"https:\/\/www.purejewels.com\/de\/wp-json\/wp\/v2\/product\/362740","targetHints":{"allow":["GET"]}}],"collection":[{"href":"https:\/\/www.purejewels.com\/de\/wp-json\/wp\/v2\/product"}],"about":[{"href":"https:\/\/www.purejewels.com\/de\/wp-json\/wp\/v2\/types\/product"}],"replies":[{"embeddable":true,"href":"https:\/\/www.purejewels.com\/de\/wp-json\/wp\/v2\/comments?post=362740"}],"version-history":[{"count":5,"href":"https:\/\/www.purejewels.com\/de\/wp-json\/wp\/v2\/product\/362740\/revisions"}],"predecessor-version":[{"id":388271,"href":"https:\/\/www.purejewels.com\/de\/wp-json\/wp\/v2\/product\/362740\/revisions\/388271"}],"wp:featuredmedia":[{"embeddable":true,"href":"https:\/\/www.purejewels.com\/de\/wp-json\/wp\/v2\/media\/362889"}],"wp:attachment":[{"href":"https:\/\/www.purejewels.com\/de\/wp-json\/wp\/v2\/media?parent=362740"}],"wp:term":[{"taxonomy":"product_brand","embeddable":true,"href":"https:\/\/www.purejewels.com\/de\/wp-json\/wp\/v2\/product_brand?post=362740"},{"taxonomy":"product_cat","embeddable":true,"href":"https:\/\/www.purejewels.com\/de\/wp-json\/wp\/v2\/product_cat?post=362740"},{"taxonomy":"product_tag","embeddable":true,"href":"https:\/\/www.purejewels.com\/de\/wp-json\/wp\/v2\/product_tag?post=362740"}],"curies":[{"name":"wp","href":"https:\/\/api.w.org\/{rel}","templated":true}]}}