{"id":362748,"date":"2024-05-16T12:03:51","date_gmt":"2024-05-16T11:03:51","guid":{"rendered":"https:\/\/www.purejewels.com\/?post_type=product&#038;p=362748"},"modified":"2026-02-09T09:10:21","modified_gmt":"2026-02-09T09:10:21","slug":"22-kt-sonnenaufgang-gold-halskette-mit-lotos-motiv-48469","status":"publish","type":"product","link":"https:\/\/www.purejewels.com\/de\/product\/22ct-sunrise-gold-necklace-with-lotus-motif-48469\/","title":{"rendered":"22ct Sunrise Gold Halskette mit Lotus-Motiv"},"content":{"rendered":"<p><a href=\"https:\/\/www.purejewels.com\/de\/product\/22ct-gold-jali-filigree-ring-jali-collection-31926\/\">22ct<\/a> Goldene Halskette Sunrise mit Lotus-Motiv. Inspiriert von der eleganten Ruhe des Lotus in voller Bl\u00fcte, ermutigt dieses Design Sie dazu, jede Schicht Ihres Wesens zu enth\u00fcllen. Entdecken Sie die Gelassenheit in Ihnen und lassen Sie sie durch unsere exquisite <a href=\"https:\/\/www.purejewels.com\/de\/a-guide-to-die-stamping\/\">Handwerkskunst<\/a>.<\/p>\n<p><strong>Einzelheiten zum Produkt:<\/strong><\/p>\n<ul>\n<li><strong>L\u00e4nge:<\/strong> 16 Zoll<\/li>\n<li><strong>Metall:<\/strong> 22ct Sunrise Gold, eine einzigartige <a href=\"https:\/\/www.purejewels.com\/de\/precious-metals-in-jewelry-making\/\">Legierung<\/a> erstellt in <a href=\"https:\/\/www.purejewels.com\/de\/product\/holy-cross-gold-pendant-44713\/\">22 Karat Gold<\/a><\/li>\n<li><strong>Farbe:<\/strong> Ein nat\u00fcrlicher Farbton von 22 Karat Gold, der an die Farbe des Sonnenaufgangs erinnert. Diese unverwechselbare Legierung bietet einen weniger gelben, ged\u00e4mpfteren Ton, ohne den Glanz und die Tiefe der Reinheit von 22 Karat zu verlieren. Ihr umfassender Farbton harmoniert wunderbar mit verschiedenen Hautt\u00f6nen und ist damit die perfekte Wahl f\u00fcr einen vielf\u00e4ltigen Kundenkreis.<\/li>\n<li><strong>Entwurf:<\/strong> Das kunstvoll gearbeitete Lotosmotiv symbolisiert Eleganz, Ruhe und die Reise der Selbstfindung.<\/li>\n<\/ul>\n<p>Kombinieren Sie diese kurze Halskette mit Anh\u00e4nger mit einer Lariat-Halskette f\u00fcr einen mehrschichtigen Look.<\/p>","protected":false},"excerpt":{"rendered":"<table class=\"sh_desc\">\n<tbody>\n<tr>\n<td>Art der Halskette<\/td>\n<td>Fancy Anh\u00e4nger Halskette<\/td>\n<\/tr>\n<tr>\n<td>SKU<\/td>\n<td>48469<\/td>\n<\/tr>\n<tr>\n<td>Gewicht<\/td>\n<td>4.7 Gms<\/td>\n<\/tr>\n<tr>\n<td>L\u00e4nge<\/td>\n<td>16 Zoll<\/td>\n<\/tr>\n<tr>\n<td>Metall<\/td>\n<td>22ct Sonnenaufgang Gold<\/td>\n<\/tr>\n<tr>\n<td>Entgelte<\/td>\n<td>Lieferung und Mehrwertsteuer inbegriffen<\/td>\n<\/tr>\n<tr>\n<td>Verpackung<\/td>\n<td>Mit Pr\u00e4sentationsbox<\/td>\n<\/tr>\n<tr>\n<td>Mehr Informationen<\/td>\n<td>\n<ul>\n<li>Live-Chat mit uns f\u00fcr Verf\u00fcgbarkeit und mehr Bilder<\/li>\n<\/ul>\n<\/td>\n<\/tr>\n<\/tbody>\n<\/table>\n<div class=\"btn-atc atc-slide\"><\/div>\n<div class=\"product_meta\"><\/div>","protected":false},"featured_media":366094,"comment_status":"closed","ping_status":"closed","template":"","meta":{"_eb_attr":"","_crsspst_to_jayantr4sg-hostcom":false},"product_brand":[],"product_cat":[1229,1253,5902,5760,1778,1569],"product_tag":[],"class_list":{"0":"post-362748","1":"product","2":"type-product","3":"status-publish","4":"has-post-thumbnail","6":"product_cat-22ct-gold-jewellery","7":"product_cat-gold-necklaces","8":"product_cat-lariat-necklace","9":"product_cat-nirvana-collection","10":"product_cat-short-necklaces","11":"product_cat-valentine-day-gifts","13":"first","14":"instock","15":"taxable","16":"shipping-taxable","17":"purchasable","18":"product-type-simple","19":"add-to-wishlist-before_image"},"yoast_head":"<!-- This site is optimized with the Yoast SEO plugin v27.5 - https:\/\/yoast.com\/product\/yoast-seo-wordpress\/ -->\n<title>22ct Sunrise Gold Necklace with Lotus Motif | PureJewels UK<\/title>\n<meta name=\"description\" content=\"Find peace and beauty with our 22ct Sunrise Gold Lotus Motif Necklace. Symbolizing purity and enlightenment, this radiant necklace is perfect for spiritual journeys.\" \/>\n<meta name=\"robots\" content=\"index, follow, max-snippet:-1, max-image-preview:large, max-video-preview:-1\" \/>\n<link rel=\"canonical\" href=\"https:\/\/www.purejewels.com\/de\/produkt-2\/22-kt-sonnenaufgang-gold-halskette-mit-lotos-motiv-48469\/\" \/>\n<meta property=\"og:locale\" content=\"de_DE\" \/>\n<meta property=\"og:type\" content=\"article\" \/>\n<meta property=\"og:title\" content=\"22ct Sunrise Gold Necklace with Lotus Motif | PureJewels UK\" \/>\n<meta property=\"og:description\" content=\"Find peace and beauty with our 22ct Sunrise Gold Lotus Motif Necklace. Symbolizing purity and enlightenment, this radiant necklace is perfect for spiritual journeys.\" \/>\n<meta property=\"og:url\" content=\"https:\/\/www.purejewels.com\/de\/produkt-2\/22-kt-sonnenaufgang-gold-halskette-mit-lotos-motiv-48469\/\" \/>\n<meta property=\"og:site_name\" content=\"PureJewels UK\" \/>\n<meta property=\"article:modified_time\" content=\"2026-02-09T09:10:21+00:00\" \/>\n<meta property=\"og:image\" content=\"https:\/\/static.purejewels.com\/wp-content\/uploads\/2024\/05\/47738-2-576x576.png\" \/>\n\t<meta property=\"og:image:width\" content=\"576\" \/>\n\t<meta property=\"og:image:height\" content=\"576\" \/>\n\t<meta property=\"og:image:type\" content=\"image\/png\" \/>\n<meta name=\"twitter:card\" content=\"summary_large_image\" \/>\n<meta name=\"twitter:label1\" content=\"Gesch\u00e4tzte Lesezeit\" \/>\n\t<meta name=\"twitter:data1\" content=\"1\u00a0Minute\" \/>\n<script type=\"application\/ld+json\" class=\"yoast-schema-graph\">{\"@context\":\"https:\\\/\\\/schema.org\",\"@graph\":[{\"@type\":[\"WebPage\",\"ItemPage\"],\"@id\":\"https:\\\/\\\/www.purejewels.com\\\/product\\\/22ct-sunrise-gold-necklace-with-lotus-motif-48469\\\/\",\"url\":\"https:\\\/\\\/www.purejewels.com\\\/product\\\/22ct-sunrise-gold-necklace-with-lotus-motif-48469\\\/\",\"name\":\"22ct Sunrise Gold Necklace with Lotus Motif | PureJewels UK\",\"isPartOf\":{\"@id\":\"https:\\\/\\\/www.purejewels.com\\\/#website\"},\"primaryImageOfPage\":{\"@id\":\"https:\\\/\\\/www.purejewels.com\\\/product\\\/22ct-sunrise-gold-necklace-with-lotus-motif-48469\\\/#primaryimage\"},\"image\":{\"@id\":\"https:\\\/\\\/www.purejewels.com\\\/product\\\/22ct-sunrise-gold-necklace-with-lotus-motif-48469\\\/#primaryimage\"},\"thumbnailUrl\":\"https:\\\/\\\/static.purejewels.com\\\/wp-content\\\/uploads\\\/2024\\\/05\\\/47738-2.png\",\"datePublished\":\"2024-05-16T11:03:51+00:00\",\"dateModified\":\"2026-02-09T09:10:21+00:00\",\"description\":\"Find peace and beauty with our 22ct Sunrise Gold Lotus Motif Necklace. Symbolizing purity and enlightenment, this radiant necklace is perfect for spiritual journeys.\",\"breadcrumb\":{\"@id\":\"https:\\\/\\\/www.purejewels.com\\\/product\\\/22ct-sunrise-gold-necklace-with-lotus-motif-48469\\\/#breadcrumb\"},\"inLanguage\":\"de\",\"potentialAction\":[{\"@type\":\"ReadAction\",\"target\":[\"https:\\\/\\\/www.purejewels.com\\\/product\\\/22ct-sunrise-gold-necklace-with-lotus-motif-48469\\\/\"]}]},{\"@type\":\"ImageObject\",\"inLanguage\":\"de\",\"@id\":\"https:\\\/\\\/www.purejewels.com\\\/product\\\/22ct-sunrise-gold-necklace-with-lotus-motif-48469\\\/#primaryimage\",\"url\":\"https:\\\/\\\/static.purejewels.com\\\/wp-content\\\/uploads\\\/2024\\\/05\\\/47738-2.png\",\"contentUrl\":\"https:\\\/\\\/static.purejewels.com\\\/wp-content\\\/uploads\\\/2024\\\/05\\\/47738-2.png\",\"width\":1000,\"height\":1000,\"caption\":\"22ct Gold Necklace\"},{\"@type\":\"BreadcrumbList\",\"@id\":\"https:\\\/\\\/www.purejewels.com\\\/product\\\/22ct-sunrise-gold-necklace-with-lotus-motif-48469\\\/#breadcrumb\",\"itemListElement\":[{\"@type\":\"ListItem\",\"position\":1,\"name\":\"Home\",\"item\":\"https:\\\/\\\/www.purejewels.com\\\/\"},{\"@type\":\"ListItem\",\"position\":2,\"name\":\"Shop\",\"item\":\"https:\\\/\\\/www.purejewels.com\\\/shop\\\/\"},{\"@type\":\"ListItem\",\"position\":3,\"name\":\"22ct Sunrise Gold Necklace with Lotus Motif\"}]},{\"@type\":\"WebSite\",\"@id\":\"https:\\\/\\\/www.purejewels.com\\\/#website\",\"url\":\"https:\\\/\\\/www.purejewels.com\\\/\",\"name\":\"PureJewels UK\",\"description\":\"Share the Love\",\"publisher\":{\"@id\":\"https:\\\/\\\/www.purejewels.com\\\/#organization\"},\"potentialAction\":[{\"@type\":\"SearchAction\",\"target\":{\"@type\":\"EntryPoint\",\"urlTemplate\":\"https:\\\/\\\/www.purejewels.com\\\/?s={search_term_string}\"},\"query-input\":{\"@type\":\"PropertyValueSpecification\",\"valueRequired\":true,\"valueName\":\"search_term_string\"}}],\"inLanguage\":\"de\"},{\"@type\":\"Organization\",\"@id\":\"https:\\\/\\\/www.purejewels.com\\\/#organization\",\"name\":\"PureJewels UK\",\"url\":\"https:\\\/\\\/www.purejewels.com\\\/\",\"logo\":{\"@type\":\"ImageObject\",\"inLanguage\":\"de\",\"@id\":\"https:\\\/\\\/www.purejewels.com\\\/#\\\/schema\\\/logo\\\/image\\\/\",\"url\":\"https:\\\/\\\/static.purejewels.com\\\/wp-content\\\/uploads\\\/2020\\\/11\\\/Logo-PJ-New-1.png\",\"contentUrl\":\"https:\\\/\\\/static.purejewels.com\\\/wp-content\\\/uploads\\\/2020\\\/11\\\/Logo-PJ-New-1.png\",\"width\":150,\"height\":80,\"caption\":\"PureJewels UK\"},\"image\":{\"@id\":\"https:\\\/\\\/www.purejewels.com\\\/#\\\/schema\\\/logo\\\/image\\\/\"}}]}<\/script>\n<!-- \/ Yoast SEO plugin. -->","yoast_head_json":{"title":"22ct Sunrise Gold Halskette mit Lotus-Motiv | PureJewels UK","description":"Finden Sie Frieden und Sch\u00f6nheit mit unserer 22ct Sunrise Gold Lotus Motif Halskette. Diese strahlende Halskette symbolisiert Reinheit und Erleuchtung und ist perfekt f\u00fcr spirituelle Reisen.","robots":{"index":"index","follow":"follow","max-snippet":"max-snippet:-1","max-image-preview":"max-image-preview:large","max-video-preview":"max-video-preview:-1"},"canonical":"https:\/\/www.purejewels.com\/de\/produkt-2\/22-kt-sonnenaufgang-gold-halskette-mit-lotos-motiv-48469\/","og_locale":"de_DE","og_type":"article","og_title":"22ct Sunrise Gold Necklace with Lotus Motif | PureJewels UK","og_description":"Find peace and beauty with our 22ct Sunrise Gold Lotus Motif Necklace. Symbolizing purity and enlightenment, this radiant necklace is perfect for spiritual journeys.","og_url":"https:\/\/www.purejewels.com\/de\/produkt-2\/22-kt-sonnenaufgang-gold-halskette-mit-lotos-motiv-48469\/","og_site_name":"PureJewels UK","article_modified_time":"2026-02-09T09:10:21+00:00","og_image":[{"width":576,"height":576,"url":"https:\/\/static.purejewels.com\/wp-content\/uploads\/2024\/05\/47738-2-576x576.png","type":"image\/png"}],"twitter_card":"summary_large_image","twitter_misc":{"Gesch\u00e4tzte Lesezeit":"1\u00a0Minute"},"schema":{"@context":"https:\/\/schema.org","@graph":[{"@type":["WebPage","ItemPage"],"@id":"https:\/\/www.purejewels.com\/product\/22ct-sunrise-gold-necklace-with-lotus-motif-48469\/","url":"https:\/\/www.purejewels.com\/product\/22ct-sunrise-gold-necklace-with-lotus-motif-48469\/","name":"22ct Sunrise Gold Halskette mit Lotus-Motiv | PureJewels UK","isPartOf":{"@id":"https:\/\/www.purejewels.com\/#website"},"primaryImageOfPage":{"@id":"https:\/\/www.purejewels.com\/product\/22ct-sunrise-gold-necklace-with-lotus-motif-48469\/#primaryimage"},"image":{"@id":"https:\/\/www.purejewels.com\/product\/22ct-sunrise-gold-necklace-with-lotus-motif-48469\/#primaryimage"},"thumbnailUrl":"https:\/\/static.purejewels.com\/wp-content\/uploads\/2024\/05\/47738-2.png","datePublished":"2024-05-16T11:03:51+00:00","dateModified":"2026-02-09T09:10:21+00:00","description":"Finden Sie Frieden und Sch\u00f6nheit mit unserer 22ct Sunrise Gold Lotus Motif Halskette. Diese strahlende Halskette symbolisiert Reinheit und Erleuchtung und ist perfekt f\u00fcr spirituelle Reisen.","breadcrumb":{"@id":"https:\/\/www.purejewels.com\/product\/22ct-sunrise-gold-necklace-with-lotus-motif-48469\/#breadcrumb"},"inLanguage":"de","potentialAction":[{"@type":"ReadAction","target":["https:\/\/www.purejewels.com\/product\/22ct-sunrise-gold-necklace-with-lotus-motif-48469\/"]}]},{"@type":"ImageObject","inLanguage":"de","@id":"https:\/\/www.purejewels.com\/product\/22ct-sunrise-gold-necklace-with-lotus-motif-48469\/#primaryimage","url":"https:\/\/static.purejewels.com\/wp-content\/uploads\/2024\/05\/47738-2.png","contentUrl":"https:\/\/static.purejewels.com\/wp-content\/uploads\/2024\/05\/47738-2.png","width":1000,"height":1000,"caption":"22ct Gold Necklace"},{"@type":"BreadcrumbList","@id":"https:\/\/www.purejewels.com\/product\/22ct-sunrise-gold-necklace-with-lotus-motif-48469\/#breadcrumb","itemListElement":[{"@type":"ListItem","position":1,"name":"Home","item":"https:\/\/www.purejewels.com\/"},{"@type":"ListItem","position":2,"name":"Shop","item":"https:\/\/www.purejewels.com\/shop\/"},{"@type":"ListItem","position":3,"name":"22ct Sunrise Gold Necklace with Lotus Motif"}]},{"@type":"WebSite","@id":"https:\/\/www.purejewels.com\/#website","url":"https:\/\/www.purejewels.com\/","name":"PureJewels UK","description":"Teile die Liebe","publisher":{"@id":"https:\/\/www.purejewels.com\/#organization"},"potentialAction":[{"@type":"SearchAction","target":{"@type":"EntryPoint","urlTemplate":"https:\/\/www.purejewels.com\/?s={search_term_string}"},"query-input":{"@type":"PropertyValueSpecification","valueRequired":true,"valueName":"search_term_string"}}],"inLanguage":"de"},{"@type":"Organization","@id":"https:\/\/www.purejewels.com\/#organization","name":"PureJewels UK","url":"https:\/\/www.purejewels.com\/","logo":{"@type":"ImageObject","inLanguage":"de","@id":"https:\/\/www.purejewels.com\/#\/schema\/logo\/image\/","url":"https:\/\/static.purejewels.com\/wp-content\/uploads\/2020\/11\/Logo-PJ-New-1.png","contentUrl":"https:\/\/static.purejewels.com\/wp-content\/uploads\/2020\/11\/Logo-PJ-New-1.png","width":150,"height":80,"caption":"PureJewels UK"},"image":{"@id":"https:\/\/www.purejewels.com\/#\/schema\/logo\/image\/"}}]}},"_links":{"self":[{"href":"https:\/\/www.purejewels.com\/de\/wp-json\/wp\/v2\/product\/362748","targetHints":{"allow":["GET"]}}],"collection":[{"href":"https:\/\/www.purejewels.com\/de\/wp-json\/wp\/v2\/product"}],"about":[{"href":"https:\/\/www.purejewels.com\/de\/wp-json\/wp\/v2\/types\/product"}],"replies":[{"embeddable":true,"href":"https:\/\/www.purejewels.com\/de\/wp-json\/wp\/v2\/comments?post=362748"}],"version-history":[{"count":4,"href":"https:\/\/www.purejewels.com\/de\/wp-json\/wp\/v2\/product\/362748\/revisions"}],"predecessor-version":[{"id":388270,"href":"https:\/\/www.purejewels.com\/de\/wp-json\/wp\/v2\/product\/362748\/revisions\/388270"}],"wp:featuredmedia":[{"embeddable":true,"href":"https:\/\/www.purejewels.com\/de\/wp-json\/wp\/v2\/media\/366094"}],"wp:attachment":[{"href":"https:\/\/www.purejewels.com\/de\/wp-json\/wp\/v2\/media?parent=362748"}],"wp:term":[{"taxonomy":"product_brand","embeddable":true,"href":"https:\/\/www.purejewels.com\/de\/wp-json\/wp\/v2\/product_brand?post=362748"},{"taxonomy":"product_cat","embeddable":true,"href":"https:\/\/www.purejewels.com\/de\/wp-json\/wp\/v2\/product_cat?post=362748"},{"taxonomy":"product_tag","embeddable":true,"href":"https:\/\/www.purejewels.com\/de\/wp-json\/wp\/v2\/product_tag?post=362748"}],"curies":[{"name":"wp","href":"https:\/\/api.w.org\/{rel}","templated":true}]}}