{"id":362770,"date":"2024-07-24T05:02:50","date_gmt":"2024-07-24T04:02:50","guid":{"rendered":"https:\/\/www.purejewels.com\/?post_type=product&#038;p=362770"},"modified":"2026-02-09T06:30:30","modified_gmt":"2026-02-09T06:30:30","slug":"vinyasa-sammlung-22ct-sonnenaufgang-gold-p-initiale-anhanger-48514","status":"publish","type":"product","link":"https:\/\/www.purejewels.com\/de\/product\/vinyasa-collection-22ct-sunrise-gold-p-initial-pendant-48514\/","title":{"rendered":"Initial P Anh\u00e4nger | Vinyasa Kollektion"},"content":{"rendered":"<p class=\"\" data-start=\"0\" data-end=\"372\">Gefertigt aus strahlendem <a href=\"https:\/\/www.purejewels.com\/de\/product\/22ct-gold-jali-filigree-ring-jali-collection-31926\/\">22ct<\/a> Sunrise Gold, das <strong data-start=\"42\" data-end=\"84\">Vinyasa Kollektion 'P' <a href=\"https:\/\/www.purejewels.com\/de\/product\/22ct-gold-initial-f-pendant-with-cz-0-6-inches-unisex-42281\/\">Initial-Anh\u00e4nger<\/a><\/strong> ist ein zeitloser Ausdruck von pers\u00f6nlichem Stil und raffinierter Eleganz. Als Teil der Vinyasa-Kollektion, die sich von anmutiger Bewegung und harmonischem Fluss inspirieren l\u00e4sst, ist dieser Anh\u00e4nger so gestaltet, dass er mit Ihrem inneren Rhythmus in Einklang steht und Ihrem Alltagsschmuck eine sinnvolle Note verleiht.<\/p>\n<p class=\"\" data-start=\"374\" data-end=\"750\">Der Anh\u00e4nger ist mit einer wundersch\u00f6n gearbeiteten \"P\"-Initiale versehen - zart und doch unverwechselbar. So k\u00f6nnen Sie Ihre eigene Identit\u00e4t feiern oder einen geliebten Menschen ehren, dessen Name mit diesem besonderen Buchstaben beginnt. Ob als Symbol f\u00fcr Ihre eigene Reise oder als Erinnerung an jemanden, der Ihnen am Herzen liegt - dieser Anh\u00e4nger hat eine tiefe pers\u00f6nliche Bedeutung in einem modernen und zugleich klassischen Design.<\/p>\n<p class=\"\" data-start=\"752\" data-end=\"1187\">Das f\u00fcr diesen Anh\u00e4nger verwendete 22-kar\u00e4tige Sunrise Gold hat einen satten, warmen Schimmer, der allen Hautt\u00f6nen schmeichelt und ihn zu einer vielseitigen Erg\u00e4nzung Ihrer Schmuckgarderobe macht. Der Farbton des Sonnenaufgangs f\u00e4ngt die Essenz eines Neuanfangs ein und verleiht dem Schmuckst\u00fcck ein erhebendes und luxuri\u00f6ses Gef\u00fchl. Jede Kurve und Kontur des Anh\u00e4ngers ist fein poliert, um den Glanz des Metalls hervorzuheben und einen sanften Schimmer zu erzeugen, der das Licht bei jeder Bewegung einf\u00e4ngt.<\/p>\n<p class=\"\" data-start=\"1189\" data-end=\"1589\">Der Anh\u00e4nger mit der Initiale \"P\" aus der Vinyasa-Kollektion ist alltagstauglich und dennoch raffiniert genug f\u00fcr besondere Anl\u00e4sse. Er kann einzeln getragen werden, um ein subtiles Statement der Raffinesse zu setzen, oder mit anderen Halsketten kombiniert werden, um einen eleganten, modischen Look zu kreieren. Egal, ob Sie sich f\u00fcr eine Feier herausputzen oder ein legeres Outfit aufwerten m\u00f6chten, dieser Anh\u00e4nger ist eine wundersch\u00f6ne Art, Bedeutung und Eleganz in Ihr Herz zu bringen.<\/p>","protected":false},"excerpt":{"rendered":"<table class=\"sh_desc\">\n<tbody>\n<tr>\n<td>Typ des Anh\u00e4ngers<\/td>\n<td>Fancy Initial-Anh\u00e4nger<\/td>\n<\/tr>\n<tr>\n<td>SKU<\/td>\n<td>48514<\/td>\n<\/tr>\n<tr>\n<td>Gewicht<\/td>\n<td>2.4 Gms<\/td>\n<\/tr>\n<tr>\n<td>Stein<\/td>\n<td>Orange Saphir<\/td>\n<\/tr>\n<tr>\n<td>Metall<\/td>\n<td>22ct SunriseGold<\/td>\n<\/tr>\n<tr>\n<td>Entgelte<\/td>\n<td>Lieferung und Mehrwertsteuer inbegriffen<\/td>\n<\/tr>\n<tr>\n<td>Verpackung<\/td>\n<td>Mit Pr\u00e4sentationsbox<\/td>\n<\/tr>\n<tr>\n<td>Mehr Informationen<\/td>\n<td>\n<ul>\n<li>Kette ist nicht enthalten<\/li>\n<li>Siehe unser<strong>\u00a0Gold-Ketten<\/strong>\u00a0Sammlung<\/li>\n<li>Live-Chat mit uns f\u00fcr Verf\u00fcgbarkeit und mehr Bilder<\/li>\n<\/ul>\n<\/td>\n<\/tr>\n<\/tbody>\n<\/table>","protected":false},"featured_media":362892,"comment_status":"closed","ping_status":"closed","template":"","meta":{"_eb_attr":"","_crsspst_to_jayantr4sg-hostcom":false},"product_brand":[],"product_cat":[1794,5699,1770,1229,1255,6122,5598,5344,1767,5906,5752,6120,1569,1480],"product_tag":[],"class_list":{"0":"post-362770","1":"product","2":"type-product","3":"status-publish","4":"has-post-thumbnail","6":"product_cat-christmas-gifts","7":"product_cat-coloured-gemstone-jewellery","8":"product_cat-fancy-pendants","9":"product_cat-22ct-gold-jewellery","10":"product_cat-gold-pendants","11":"product_cat-initial","12":"product_cat-initial-pendant","13":"product_cat-jewellery-under-750","14":"product_cat-ladies-pendants","15":"product_cat-personalised-jewellery","16":"product_cat-gold-sapphire-jewellery","17":"product_cat-shop-by-style","18":"product_cat-valentine-day-gifts","19":"product_cat-vinyasa-collections","21":"first","22":"instock","23":"taxable","24":"shipping-taxable","25":"purchasable","26":"product-type-simple","27":"add-to-wishlist-before_image"},"yoast_head":"<!-- This site is optimized with the Yoast SEO plugin v27.3 - https:\/\/yoast.com\/product\/yoast-seo-wordpress\/ -->\n<title>Vinyasa Collection 22ct Sunrise Gold P Initial Pendant | PureJewels<\/title>\n<meta name=\"description\" content=\"Elevate your everyday style with the Vinyasa Collection 22ct Sunrise Gold P Initial Pendant. Layer it with other necklaces for a curated look.\" \/>\n<meta name=\"robots\" content=\"index, follow, max-snippet:-1, max-image-preview:large, max-video-preview:-1\" \/>\n<link rel=\"canonical\" href=\"https:\/\/www.purejewels.com\/de\/produkt-2\/vinyasa-sammlung-22ct-sonnenaufgang-gold-p-initiale-anhanger-48514\/\" \/>\n<meta property=\"og:locale\" content=\"de_DE\" \/>\n<meta property=\"og:type\" content=\"article\" \/>\n<meta property=\"og:title\" content=\"Vinyasa Collection 22ct Sunrise Gold P Initial Pendant | PureJewels\" \/>\n<meta property=\"og:description\" content=\"Elevate your everyday style with the Vinyasa Collection 22ct Sunrise Gold P Initial Pendant. Layer it with other necklaces for a curated look.\" \/>\n<meta property=\"og:url\" content=\"https:\/\/www.purejewels.com\/de\/produkt-2\/vinyasa-sammlung-22ct-sonnenaufgang-gold-p-initiale-anhanger-48514\/\" \/>\n<meta property=\"og:site_name\" content=\"PureJewels UK\" \/>\n<meta property=\"article:modified_time\" content=\"2026-02-09T06:30:30+00:00\" \/>\n<meta property=\"og:image\" content=\"https:\/\/static.purejewels.com\/wp-content\/uploads\/2024\/05\/48514.png\" \/>\n\t<meta property=\"og:image:width\" content=\"1000\" \/>\n\t<meta property=\"og:image:height\" content=\"1000\" \/>\n\t<meta property=\"og:image:type\" content=\"image\/png\" \/>\n<meta name=\"twitter:card\" content=\"summary_large_image\" \/>\n<meta name=\"twitter:label1\" content=\"Gesch\u00e4tzte Lesezeit\" \/>\n\t<meta name=\"twitter:data1\" content=\"2\u00a0Minuten\" \/>\n<script type=\"application\/ld+json\" class=\"yoast-schema-graph\">{\"@context\":\"https:\\\/\\\/schema.org\",\"@graph\":[{\"@type\":[\"WebPage\",\"ItemPage\"],\"@id\":\"https:\\\/\\\/www.purejewels.com\\\/product\\\/vinyasa-collection-22ct-sunrise-gold-p-initial-pendant-48514\\\/\",\"url\":\"https:\\\/\\\/www.purejewels.com\\\/product\\\/vinyasa-collection-22ct-sunrise-gold-p-initial-pendant-48514\\\/\",\"name\":\"Vinyasa Collection 22ct Sunrise Gold P Initial Pendant | PureJewels\",\"isPartOf\":{\"@id\":\"https:\\\/\\\/www.purejewels.com\\\/#website\"},\"primaryImageOfPage\":{\"@id\":\"https:\\\/\\\/www.purejewels.com\\\/product\\\/vinyasa-collection-22ct-sunrise-gold-p-initial-pendant-48514\\\/#primaryimage\"},\"image\":{\"@id\":\"https:\\\/\\\/www.purejewels.com\\\/product\\\/vinyasa-collection-22ct-sunrise-gold-p-initial-pendant-48514\\\/#primaryimage\"},\"thumbnailUrl\":\"https:\\\/\\\/static.purejewels.com\\\/wp-content\\\/uploads\\\/2024\\\/05\\\/48514.png\",\"datePublished\":\"2024-07-24T04:02:50+00:00\",\"dateModified\":\"2026-02-09T06:30:30+00:00\",\"description\":\"Elevate your everyday style with the Vinyasa Collection 22ct Sunrise Gold P Initial Pendant. Layer it with other necklaces for a curated look.\",\"breadcrumb\":{\"@id\":\"https:\\\/\\\/www.purejewels.com\\\/product\\\/vinyasa-collection-22ct-sunrise-gold-p-initial-pendant-48514\\\/#breadcrumb\"},\"inLanguage\":\"de\",\"potentialAction\":[{\"@type\":\"ReadAction\",\"target\":[\"https:\\\/\\\/www.purejewels.com\\\/product\\\/vinyasa-collection-22ct-sunrise-gold-p-initial-pendant-48514\\\/\"]}]},{\"@type\":\"ImageObject\",\"inLanguage\":\"de\",\"@id\":\"https:\\\/\\\/www.purejewels.com\\\/product\\\/vinyasa-collection-22ct-sunrise-gold-p-initial-pendant-48514\\\/#primaryimage\",\"url\":\"https:\\\/\\\/static.purejewels.com\\\/wp-content\\\/uploads\\\/2024\\\/05\\\/48514.png\",\"contentUrl\":\"https:\\\/\\\/static.purejewels.com\\\/wp-content\\\/uploads\\\/2024\\\/05\\\/48514.png\",\"width\":1000,\"height\":1000,\"caption\":\"Vinyasa Collection 22ct Sunrise Gold P Initial Pendant\"},{\"@type\":\"BreadcrumbList\",\"@id\":\"https:\\\/\\\/www.purejewels.com\\\/product\\\/vinyasa-collection-22ct-sunrise-gold-p-initial-pendant-48514\\\/#breadcrumb\",\"itemListElement\":[{\"@type\":\"ListItem\",\"position\":1,\"name\":\"Home\",\"item\":\"https:\\\/\\\/www.purejewels.com\\\/\"},{\"@type\":\"ListItem\",\"position\":2,\"name\":\"Shop\",\"item\":\"https:\\\/\\\/www.purejewels.com\\\/shop\\\/\"},{\"@type\":\"ListItem\",\"position\":3,\"name\":\"Initial P Pendant | Vinyasa Collection\"}]},{\"@type\":\"WebSite\",\"@id\":\"https:\\\/\\\/www.purejewels.com\\\/#website\",\"url\":\"https:\\\/\\\/www.purejewels.com\\\/\",\"name\":\"PureJewels UK\",\"description\":\"Share the Love\",\"publisher\":{\"@id\":\"https:\\\/\\\/www.purejewels.com\\\/#organization\"},\"potentialAction\":[{\"@type\":\"SearchAction\",\"target\":{\"@type\":\"EntryPoint\",\"urlTemplate\":\"https:\\\/\\\/www.purejewels.com\\\/?s={search_term_string}\"},\"query-input\":{\"@type\":\"PropertyValueSpecification\",\"valueRequired\":true,\"valueName\":\"search_term_string\"}}],\"inLanguage\":\"de\"},{\"@type\":\"Organization\",\"@id\":\"https:\\\/\\\/www.purejewels.com\\\/#organization\",\"name\":\"PureJewels UK\",\"url\":\"https:\\\/\\\/www.purejewels.com\\\/\",\"logo\":{\"@type\":\"ImageObject\",\"inLanguage\":\"de\",\"@id\":\"https:\\\/\\\/www.purejewels.com\\\/#\\\/schema\\\/logo\\\/image\\\/\",\"url\":\"https:\\\/\\\/static.purejewels.com\\\/wp-content\\\/uploads\\\/2020\\\/11\\\/Logo-PJ-New-1.png\",\"contentUrl\":\"https:\\\/\\\/static.purejewels.com\\\/wp-content\\\/uploads\\\/2020\\\/11\\\/Logo-PJ-New-1.png\",\"width\":150,\"height\":80,\"caption\":\"PureJewels UK\"},\"image\":{\"@id\":\"https:\\\/\\\/www.purejewels.com\\\/#\\\/schema\\\/logo\\\/image\\\/\"}}]}<\/script>\n<!-- \/ Yoast SEO plugin. -->","yoast_head_json":{"title":"Vinyasa Sammlung 22ct Sunrise Gold P Initial Anh\u00e4nger | PureJewels","description":"Peppen Sie Ihren Alltagsstil mit dem Vinyasa Collection 22ct Sunrise Gold P Initial-Anh\u00e4nger auf. Kombinieren Sie ihn mit anderen Halsketten f\u00fcr einen stilvollen Look.","robots":{"index":"index","follow":"follow","max-snippet":"max-snippet:-1","max-image-preview":"max-image-preview:large","max-video-preview":"max-video-preview:-1"},"canonical":"https:\/\/www.purejewels.com\/de\/produkt-2\/vinyasa-sammlung-22ct-sonnenaufgang-gold-p-initiale-anhanger-48514\/","og_locale":"de_DE","og_type":"article","og_title":"Vinyasa Collection 22ct Sunrise Gold P Initial Pendant | PureJewels","og_description":"Elevate your everyday style with the Vinyasa Collection 22ct Sunrise Gold P Initial Pendant. Layer it with other necklaces for a curated look.","og_url":"https:\/\/www.purejewels.com\/de\/produkt-2\/vinyasa-sammlung-22ct-sonnenaufgang-gold-p-initiale-anhanger-48514\/","og_site_name":"PureJewels UK","article_modified_time":"2026-02-09T06:30:30+00:00","og_image":[{"width":1000,"height":1000,"url":"https:\/\/static.purejewels.com\/wp-content\/uploads\/2024\/05\/48514.png","type":"image\/png"}],"twitter_card":"summary_large_image","twitter_misc":{"Gesch\u00e4tzte Lesezeit":"2\u00a0Minuten"},"schema":{"@context":"https:\/\/schema.org","@graph":[{"@type":["WebPage","ItemPage"],"@id":"https:\/\/www.purejewels.com\/product\/vinyasa-collection-22ct-sunrise-gold-p-initial-pendant-48514\/","url":"https:\/\/www.purejewels.com\/product\/vinyasa-collection-22ct-sunrise-gold-p-initial-pendant-48514\/","name":"Vinyasa Sammlung 22ct Sunrise Gold P Initial Anh\u00e4nger | PureJewels","isPartOf":{"@id":"https:\/\/www.purejewels.com\/#website"},"primaryImageOfPage":{"@id":"https:\/\/www.purejewels.com\/product\/vinyasa-collection-22ct-sunrise-gold-p-initial-pendant-48514\/#primaryimage"},"image":{"@id":"https:\/\/www.purejewels.com\/product\/vinyasa-collection-22ct-sunrise-gold-p-initial-pendant-48514\/#primaryimage"},"thumbnailUrl":"https:\/\/static.purejewels.com\/wp-content\/uploads\/2024\/05\/48514.png","datePublished":"2024-07-24T04:02:50+00:00","dateModified":"2026-02-09T06:30:30+00:00","description":"Peppen Sie Ihren Alltagsstil mit dem Vinyasa Collection 22ct Sunrise Gold P Initial-Anh\u00e4nger auf. Kombinieren Sie ihn mit anderen Halsketten f\u00fcr einen stilvollen Look.","breadcrumb":{"@id":"https:\/\/www.purejewels.com\/product\/vinyasa-collection-22ct-sunrise-gold-p-initial-pendant-48514\/#breadcrumb"},"inLanguage":"de","potentialAction":[{"@type":"ReadAction","target":["https:\/\/www.purejewels.com\/product\/vinyasa-collection-22ct-sunrise-gold-p-initial-pendant-48514\/"]}]},{"@type":"ImageObject","inLanguage":"de","@id":"https:\/\/www.purejewels.com\/product\/vinyasa-collection-22ct-sunrise-gold-p-initial-pendant-48514\/#primaryimage","url":"https:\/\/static.purejewels.com\/wp-content\/uploads\/2024\/05\/48514.png","contentUrl":"https:\/\/static.purejewels.com\/wp-content\/uploads\/2024\/05\/48514.png","width":1000,"height":1000,"caption":"Vinyasa Collection 22ct Sunrise Gold P Initial Pendant"},{"@type":"BreadcrumbList","@id":"https:\/\/www.purejewels.com\/product\/vinyasa-collection-22ct-sunrise-gold-p-initial-pendant-48514\/#breadcrumb","itemListElement":[{"@type":"ListItem","position":1,"name":"Home","item":"https:\/\/www.purejewels.com\/"},{"@type":"ListItem","position":2,"name":"Shop","item":"https:\/\/www.purejewels.com\/shop\/"},{"@type":"ListItem","position":3,"name":"Initial P Pendant | Vinyasa Collection"}]},{"@type":"WebSite","@id":"https:\/\/www.purejewels.com\/#website","url":"https:\/\/www.purejewels.com\/","name":"PureJewels UK","description":"Teile die Liebe","publisher":{"@id":"https:\/\/www.purejewels.com\/#organization"},"potentialAction":[{"@type":"SearchAction","target":{"@type":"EntryPoint","urlTemplate":"https:\/\/www.purejewels.com\/?s={search_term_string}"},"query-input":{"@type":"PropertyValueSpecification","valueRequired":true,"valueName":"search_term_string"}}],"inLanguage":"de"},{"@type":"Organization","@id":"https:\/\/www.purejewels.com\/#organization","name":"PureJewels UK","url":"https:\/\/www.purejewels.com\/","logo":{"@type":"ImageObject","inLanguage":"de","@id":"https:\/\/www.purejewels.com\/#\/schema\/logo\/image\/","url":"https:\/\/static.purejewels.com\/wp-content\/uploads\/2020\/11\/Logo-PJ-New-1.png","contentUrl":"https:\/\/static.purejewels.com\/wp-content\/uploads\/2020\/11\/Logo-PJ-New-1.png","width":150,"height":80,"caption":"PureJewels UK"},"image":{"@id":"https:\/\/www.purejewels.com\/#\/schema\/logo\/image\/"}}]}},"_links":{"self":[{"href":"https:\/\/www.purejewels.com\/de\/wp-json\/wp\/v2\/product\/362770","targetHints":{"allow":["GET"]}}],"collection":[{"href":"https:\/\/www.purejewels.com\/de\/wp-json\/wp\/v2\/product"}],"about":[{"href":"https:\/\/www.purejewels.com\/de\/wp-json\/wp\/v2\/types\/product"}],"replies":[{"embeddable":true,"href":"https:\/\/www.purejewels.com\/de\/wp-json\/wp\/v2\/comments?post=362770"}],"version-history":[{"count":5,"href":"https:\/\/www.purejewels.com\/de\/wp-json\/wp\/v2\/product\/362770\/revisions"}],"predecessor-version":[{"id":416460,"href":"https:\/\/www.purejewels.com\/de\/wp-json\/wp\/v2\/product\/362770\/revisions\/416460"}],"wp:featuredmedia":[{"embeddable":true,"href":"https:\/\/www.purejewels.com\/de\/wp-json\/wp\/v2\/media\/362892"}],"wp:attachment":[{"href":"https:\/\/www.purejewels.com\/de\/wp-json\/wp\/v2\/media?parent=362770"}],"wp:term":[{"taxonomy":"product_brand","embeddable":true,"href":"https:\/\/www.purejewels.com\/de\/wp-json\/wp\/v2\/product_brand?post=362770"},{"taxonomy":"product_cat","embeddable":true,"href":"https:\/\/www.purejewels.com\/de\/wp-json\/wp\/v2\/product_cat?post=362770"},{"taxonomy":"product_tag","embeddable":true,"href":"https:\/\/www.purejewels.com\/de\/wp-json\/wp\/v2\/product_tag?post=362770"}],"curies":[{"name":"wp","href":"https:\/\/api.w.org\/{rel}","templated":true}]}}