{"id":364139,"date":"2024-05-05T06:08:19","date_gmt":"2024-05-05T05:08:19","guid":{"rendered":"https:\/\/www.purejewels.com\/?post_type=product&#038;p=364139"},"modified":"2024-06-24T08:03:53","modified_gmt":"2024-06-24T07:03:53","slug":"22-karat-goldkette-mit-perlen-48339","status":"publish","type":"product","link":"https:\/\/www.purejewels.com\/de\/product\/22ct-gold-chain-with-pearls-48339\/","title":{"rendered":"22ct Gold Kette mit Perlen | 16,5 Zoll"},"content":{"rendered":"<ul>\n<li>Bereichs-ID: JWCHCGPL002<\/li>\n<li>\n<h3>22ct Gold Perlenkette | 16,5 Zoll | 3,5mm S\u00fc\u00dfwasserperlen<\/h3>\n<p>Lassen Sie sich von der zeitlosen Eleganz unserer <a href=\"https:\/\/www.purejewels.com\/de\/product\/22ct-gold-jali-filigree-ring-jali-collection-31926\/\">22ct<\/a> Gold <a href=\"https:\/\/www.purejewels.com\/de\/product\/22ct-gold-pearl-chain-necklace-21-inches-47103\/\">Perlenkette<\/a>Dieses Schmuckst\u00fcck wurde fachm\u00e4nnisch mit 3,5 mm gro\u00dfen S\u00fc\u00dfwasserperlen gestaltet. Mit einer L\u00e4nge von 16,5 cm sitzt dieses exquisite St\u00fcck anmutig am Schl\u00fcsselbein und verleiht jedem Kleidungsst\u00fcck einen Hauch von raffiniertem Charme.<\/p>\n<p>Jede Perle, die aufgrund ihres strahlenden Glanzes und ihrer tadellosen Qualit\u00e4t sorgf\u00e4ltig ausgew\u00e4hlt wurde, ist vor dem luxuri\u00f6sen Hintergrund von 22 Karat gefasst. <a href=\"https:\/\/www.purejewels.com\/de\/elegance-of-sold-gold\/\">Echtes Gold<\/a>. Die Kombination dieser hochwertigen Materialien ergibt eine Halskette, die sowohl Raffinesse als auch Opulenz ausstrahlt.<\/p>\n<p>Diese goldene Perlenkette eignet sich perfekt f\u00fcr gelegentliches Tragen und unterstreicht m\u00fchelos Ihren Stil, sei es f\u00fcr eine formelle Veranstaltung, ein intimes Treffen oder eine besondere Feier. Ihr zartes und doch eindrucksvolles Design sorgt daf\u00fcr, dass sie auff\u00e4llt, w\u00e4hrend ihre klassische Eleganz sie zu einer vielseitigen Erg\u00e4nzung jeder Schmucksammlung macht.<\/p>\n<p>Peppen Sie Ihren Look auf mit diesem atemberaubenden <a href=\"https:\/\/www.purejewels.com\/de\/product\/holy-cross-gold-pendant-44713\/\">22ct Gold<\/a> Perlenkette. Ob als pers\u00f6nliches Vergn\u00fcgen oder als Geschenk f\u00fcr einen geliebten Menschen, diese Kette ist der Gipfel der Raffinesse und zeitlosen Sch\u00f6nheit, die \u00fcber Generationen hinweg gesch\u00e4tzt wird.<\/li>\n<\/ul>","protected":false},"excerpt":{"rendered":"<table class=\"sh_desc\">\n<tbody>\n<tr>\n<td>Art der Halsketten<\/td>\n<td>Mala Style Halsketten<\/td>\n<\/tr>\n<tr>\n<td>SKU<\/td>\n<td>48339<\/td>\n<\/tr>\n<tr>\n<td>Gewicht<\/td>\n<td>7,6 Gramm<\/td>\n<\/tr>\n<tr>\n<td>Metall<\/td>\n<td>22ct Gold<\/td>\n<\/tr>\n<tr>\n<td>L\u00e4nge<\/td>\n<td>16,5 Zoll<\/td>\n<\/tr>\n<tr>\n<td>Perlengr\u00f6\u00dfe<\/td>\n<td>3 mm<\/td>\n<\/tr>\n<tr>\n<td>Wahrzeichen<\/td>\n<td>22ct Gold gestempelt von London Assay Office<\/td>\n<\/tr>\n<tr>\n<td>Entgelte<\/td>\n<td>Lieferung und Mehrwertsteuer inbegriffen<\/td>\n<\/tr>\n<tr>\n<td>Verpackung<\/td>\n<td>Mit Pr\u00e4sentationsbox<\/td>\n<\/tr>\n<tr>\n<td>Mehr Informationen<\/td>\n<td>Live-Chat mit uns f\u00fcr Verf\u00fcgbarkeit und mehr Bilder<\/td>\n<\/tr>\n<\/tbody>\n<\/table>","protected":false},"featured_media":340172,"comment_status":"closed","ping_status":"closed","template":"","meta":{"_eb_attr":"","_crsspst_to_jayantr4sg-hostcom":false},"product_brand":[],"product_cat":[5264,1791,1617,1559,1793,1792,1229,1779,1570,5456,1569,1573],"product_tag":[],"class_list":{"0":"post-364139","1":"product","2":"type-product","3":"status-publish","4":"has-post-thumbnail","6":"product_cat-22ct-gold-chain","7":"product_cat-anniversary-gifts","8":"product_cat-fancy-mala-chains","9":"product_cat-birthday-gifts","10":"product_cat-diwali-gifts","11":"product_cat-festival-gifts","12":"product_cat-22ct-gold-jewellery","13":"product_cat-mala-style-necklaces","14":"product_cat-mothers-day-gifts","15":"product_cat-pearl-collection","16":"product_cat-valentine-day-gifts","17":"product_cat-wedding-gifts","19":"first","20":"outofstock","21":"taxable","22":"shipping-taxable","23":"product-type-simple","24":"add-to-wishlist-before_image"},"yoast_head":"<!-- This site is optimized with the Yoast SEO plugin v27.3 - https:\/\/yoast.com\/product\/yoast-seo-wordpress\/ -->\n<title>The Perfect Gift: 16.5 Inch 22ct Gold Pearl Chain | PureJewels UK<\/title>\n<meta name=\"description\" content=\"This 22ct Gold Pearl Chain is expertly designed with 3.5mm freshwater pearls. At 16.5 inches in length, this piece sits gracefully at the collarbone.\" \/>\n<meta name=\"robots\" content=\"index, follow, max-snippet:-1, max-image-preview:large, max-video-preview:-1\" \/>\n<link rel=\"canonical\" href=\"https:\/\/www.purejewels.com\/de\/produkt-2\/22-karat-goldkette-mit-perlen-48339\/\" \/>\n<meta property=\"og:locale\" content=\"de_DE\" \/>\n<meta property=\"og:type\" content=\"article\" \/>\n<meta property=\"og:title\" content=\"The Perfect Gift: 16.5 Inch 22ct Gold Pearl Chain | PureJewels UK\" \/>\n<meta property=\"og:description\" content=\"This 22ct Gold Pearl Chain is expertly designed with 3.5mm freshwater pearls. At 16.5 inches in length, this piece sits gracefully at the collarbone.\" \/>\n<meta property=\"og:url\" content=\"https:\/\/www.purejewels.com\/de\/produkt-2\/22-karat-goldkette-mit-perlen-48339\/\" \/>\n<meta property=\"og:site_name\" content=\"PureJewels UK\" \/>\n<meta property=\"article:modified_time\" content=\"2024-06-24T07:03:53+00:00\" \/>\n<meta property=\"og:image\" content=\"https:\/\/www.purejewels.com\/wp-content\/uploads\/2022\/10\/43597-43596-2-1.jpg\" \/>\n\t<meta property=\"og:image:width\" content=\"1000\" \/>\n\t<meta property=\"og:image:height\" content=\"1000\" \/>\n\t<meta property=\"og:image:type\" content=\"image\/jpeg\" \/>\n<meta name=\"twitter:card\" content=\"summary_large_image\" \/>\n<meta name=\"twitter:label1\" content=\"Gesch\u00e4tzte Lesezeit\" \/>\n\t<meta name=\"twitter:data1\" content=\"1\u00a0Minute\" \/>\n<script type=\"application\/ld+json\" class=\"yoast-schema-graph\">{\"@context\":\"https:\\\/\\\/schema.org\",\"@graph\":[{\"@type\":[\"WebPage\",\"ItemPage\"],\"@id\":\"https:\\\/\\\/www.purejewels.com\\\/product\\\/22ct-gold-chain-with-pearls-48339\\\/\",\"url\":\"https:\\\/\\\/www.purejewels.com\\\/product\\\/22ct-gold-chain-with-pearls-48339\\\/\",\"name\":\"The Perfect Gift: 16.5 Inch 22ct Gold Pearl Chain | PureJewels UK\",\"isPartOf\":{\"@id\":\"https:\\\/\\\/www.purejewels.com\\\/#website\"},\"primaryImageOfPage\":{\"@id\":\"https:\\\/\\\/www.purejewels.com\\\/product\\\/22ct-gold-chain-with-pearls-48339\\\/#primaryimage\"},\"image\":{\"@id\":\"https:\\\/\\\/www.purejewels.com\\\/product\\\/22ct-gold-chain-with-pearls-48339\\\/#primaryimage\"},\"thumbnailUrl\":\"https:\\\/\\\/static.purejewels.com\\\/wp-content\\\/uploads\\\/2022\\\/10\\\/43597-43596-2-1.jpg\",\"datePublished\":\"2024-05-05T05:08:19+00:00\",\"dateModified\":\"2024-06-24T07:03:53+00:00\",\"description\":\"This 22ct Gold Pearl Chain is expertly designed with 3.5mm freshwater pearls. At 16.5 inches in length, this piece sits gracefully at the collarbone.\",\"breadcrumb\":{\"@id\":\"https:\\\/\\\/www.purejewels.com\\\/product\\\/22ct-gold-chain-with-pearls-48339\\\/#breadcrumb\"},\"inLanguage\":\"de\",\"potentialAction\":[{\"@type\":\"ReadAction\",\"target\":[\"https:\\\/\\\/www.purejewels.com\\\/product\\\/22ct-gold-chain-with-pearls-48339\\\/\"]}]},{\"@type\":\"ImageObject\",\"inLanguage\":\"de\",\"@id\":\"https:\\\/\\\/www.purejewels.com\\\/product\\\/22ct-gold-chain-with-pearls-48339\\\/#primaryimage\",\"url\":\"https:\\\/\\\/static.purejewels.com\\\/wp-content\\\/uploads\\\/2022\\\/10\\\/43597-43596-2-1.jpg\",\"contentUrl\":\"https:\\\/\\\/static.purejewels.com\\\/wp-content\\\/uploads\\\/2022\\\/10\\\/43597-43596-2-1.jpg\",\"width\":1000,\"height\":1000,\"caption\":\"Pearl Jewellery\"},{\"@type\":\"BreadcrumbList\",\"@id\":\"https:\\\/\\\/www.purejewels.com\\\/product\\\/22ct-gold-chain-with-pearls-48339\\\/#breadcrumb\",\"itemListElement\":[{\"@type\":\"ListItem\",\"position\":1,\"name\":\"Home\",\"item\":\"https:\\\/\\\/www.purejewels.com\\\/\"},{\"@type\":\"ListItem\",\"position\":2,\"name\":\"Shop\",\"item\":\"https:\\\/\\\/www.purejewels.com\\\/shop\\\/\"},{\"@type\":\"ListItem\",\"position\":3,\"name\":\"22ct Gold Chain with Pearls | 16.5 Inches\"}]},{\"@type\":\"WebSite\",\"@id\":\"https:\\\/\\\/www.purejewels.com\\\/#website\",\"url\":\"https:\\\/\\\/www.purejewels.com\\\/\",\"name\":\"PureJewels UK\",\"description\":\"Share the Love\",\"publisher\":{\"@id\":\"https:\\\/\\\/www.purejewels.com\\\/#organization\"},\"potentialAction\":[{\"@type\":\"SearchAction\",\"target\":{\"@type\":\"EntryPoint\",\"urlTemplate\":\"https:\\\/\\\/www.purejewels.com\\\/?s={search_term_string}\"},\"query-input\":{\"@type\":\"PropertyValueSpecification\",\"valueRequired\":true,\"valueName\":\"search_term_string\"}}],\"inLanguage\":\"de\"},{\"@type\":\"Organization\",\"@id\":\"https:\\\/\\\/www.purejewels.com\\\/#organization\",\"name\":\"PureJewels UK\",\"url\":\"https:\\\/\\\/www.purejewels.com\\\/\",\"logo\":{\"@type\":\"ImageObject\",\"inLanguage\":\"de\",\"@id\":\"https:\\\/\\\/www.purejewels.com\\\/#\\\/schema\\\/logo\\\/image\\\/\",\"url\":\"https:\\\/\\\/static.purejewels.com\\\/wp-content\\\/uploads\\\/2020\\\/11\\\/Logo-PJ-New-1.png\",\"contentUrl\":\"https:\\\/\\\/static.purejewels.com\\\/wp-content\\\/uploads\\\/2020\\\/11\\\/Logo-PJ-New-1.png\",\"width\":150,\"height\":80,\"caption\":\"PureJewels UK\"},\"image\":{\"@id\":\"https:\\\/\\\/www.purejewels.com\\\/#\\\/schema\\\/logo\\\/image\\\/\"}}]}<\/script>\n<!-- \/ Yoast SEO plugin. -->","yoast_head_json":{"title":"Das perfekte Geschenk: 16,5 Zoll 22ct Gold Perlenkette | PureJewels UK","description":"Diese Perlenkette aus 22-kar\u00e4tigem Gold ist fachm\u00e4nnisch mit 3,5 mm gro\u00dfen S\u00fc\u00dfwasserperlen gestaltet. Mit einer L\u00e4nge von 16,5 cm sitzt dieses St\u00fcck anmutig am Schl\u00fcsselbein.","robots":{"index":"index","follow":"follow","max-snippet":"max-snippet:-1","max-image-preview":"max-image-preview:large","max-video-preview":"max-video-preview:-1"},"canonical":"https:\/\/www.purejewels.com\/de\/produkt-2\/22-karat-goldkette-mit-perlen-48339\/","og_locale":"de_DE","og_type":"article","og_title":"The Perfect Gift: 16.5 Inch 22ct Gold Pearl Chain | PureJewels UK","og_description":"This 22ct Gold Pearl Chain is expertly designed with 3.5mm freshwater pearls. At 16.5 inches in length, this piece sits gracefully at the collarbone.","og_url":"https:\/\/www.purejewels.com\/de\/produkt-2\/22-karat-goldkette-mit-perlen-48339\/","og_site_name":"PureJewels UK","article_modified_time":"2024-06-24T07:03:53+00:00","og_image":[{"width":1000,"height":1000,"url":"https:\/\/www.purejewels.com\/wp-content\/uploads\/2022\/10\/43597-43596-2-1.jpg","type":"image\/jpeg"}],"twitter_card":"summary_large_image","twitter_misc":{"Gesch\u00e4tzte Lesezeit":"1\u00a0Minute"},"schema":{"@context":"https:\/\/schema.org","@graph":[{"@type":["WebPage","ItemPage"],"@id":"https:\/\/www.purejewels.com\/product\/22ct-gold-chain-with-pearls-48339\/","url":"https:\/\/www.purejewels.com\/product\/22ct-gold-chain-with-pearls-48339\/","name":"Das perfekte Geschenk: 16,5 Zoll 22ct Gold Perlenkette | PureJewels UK","isPartOf":{"@id":"https:\/\/www.purejewels.com\/#website"},"primaryImageOfPage":{"@id":"https:\/\/www.purejewels.com\/product\/22ct-gold-chain-with-pearls-48339\/#primaryimage"},"image":{"@id":"https:\/\/www.purejewels.com\/product\/22ct-gold-chain-with-pearls-48339\/#primaryimage"},"thumbnailUrl":"https:\/\/static.purejewels.com\/wp-content\/uploads\/2022\/10\/43597-43596-2-1.jpg","datePublished":"2024-05-05T05:08:19+00:00","dateModified":"2024-06-24T07:03:53+00:00","description":"Diese Perlenkette aus 22-kar\u00e4tigem Gold ist fachm\u00e4nnisch mit 3,5 mm gro\u00dfen S\u00fc\u00dfwasserperlen gestaltet. Mit einer L\u00e4nge von 16,5 cm sitzt dieses St\u00fcck anmutig am Schl\u00fcsselbein.","breadcrumb":{"@id":"https:\/\/www.purejewels.com\/product\/22ct-gold-chain-with-pearls-48339\/#breadcrumb"},"inLanguage":"de","potentialAction":[{"@type":"ReadAction","target":["https:\/\/www.purejewels.com\/product\/22ct-gold-chain-with-pearls-48339\/"]}]},{"@type":"ImageObject","inLanguage":"de","@id":"https:\/\/www.purejewels.com\/product\/22ct-gold-chain-with-pearls-48339\/#primaryimage","url":"https:\/\/static.purejewels.com\/wp-content\/uploads\/2022\/10\/43597-43596-2-1.jpg","contentUrl":"https:\/\/static.purejewels.com\/wp-content\/uploads\/2022\/10\/43597-43596-2-1.jpg","width":1000,"height":1000,"caption":"Pearl Jewellery"},{"@type":"BreadcrumbList","@id":"https:\/\/www.purejewels.com\/product\/22ct-gold-chain-with-pearls-48339\/#breadcrumb","itemListElement":[{"@type":"ListItem","position":1,"name":"Home","item":"https:\/\/www.purejewels.com\/"},{"@type":"ListItem","position":2,"name":"Shop","item":"https:\/\/www.purejewels.com\/shop\/"},{"@type":"ListItem","position":3,"name":"22ct Gold Chain with Pearls | 16.5 Inches"}]},{"@type":"WebSite","@id":"https:\/\/www.purejewels.com\/#website","url":"https:\/\/www.purejewels.com\/","name":"PureJewels UK","description":"Teile die Liebe","publisher":{"@id":"https:\/\/www.purejewels.com\/#organization"},"potentialAction":[{"@type":"SearchAction","target":{"@type":"EntryPoint","urlTemplate":"https:\/\/www.purejewels.com\/?s={search_term_string}"},"query-input":{"@type":"PropertyValueSpecification","valueRequired":true,"valueName":"search_term_string"}}],"inLanguage":"de"},{"@type":"Organization","@id":"https:\/\/www.purejewels.com\/#organization","name":"PureJewels UK","url":"https:\/\/www.purejewels.com\/","logo":{"@type":"ImageObject","inLanguage":"de","@id":"https:\/\/www.purejewels.com\/#\/schema\/logo\/image\/","url":"https:\/\/static.purejewels.com\/wp-content\/uploads\/2020\/11\/Logo-PJ-New-1.png","contentUrl":"https:\/\/static.purejewels.com\/wp-content\/uploads\/2020\/11\/Logo-PJ-New-1.png","width":150,"height":80,"caption":"PureJewels UK"},"image":{"@id":"https:\/\/www.purejewels.com\/#\/schema\/logo\/image\/"}}]}},"_links":{"self":[{"href":"https:\/\/www.purejewels.com\/de\/wp-json\/wp\/v2\/product\/364139","targetHints":{"allow":["GET"]}}],"collection":[{"href":"https:\/\/www.purejewels.com\/de\/wp-json\/wp\/v2\/product"}],"about":[{"href":"https:\/\/www.purejewels.com\/de\/wp-json\/wp\/v2\/types\/product"}],"replies":[{"embeddable":true,"href":"https:\/\/www.purejewels.com\/de\/wp-json\/wp\/v2\/comments?post=364139"}],"version-history":[{"count":3,"href":"https:\/\/www.purejewels.com\/de\/wp-json\/wp\/v2\/product\/364139\/revisions"}],"predecessor-version":[{"id":364453,"href":"https:\/\/www.purejewels.com\/de\/wp-json\/wp\/v2\/product\/364139\/revisions\/364453"}],"wp:featuredmedia":[{"embeddable":true,"href":"https:\/\/www.purejewels.com\/de\/wp-json\/wp\/v2\/media\/340172"}],"wp:attachment":[{"href":"https:\/\/www.purejewels.com\/de\/wp-json\/wp\/v2\/media?parent=364139"}],"wp:term":[{"taxonomy":"product_brand","embeddable":true,"href":"https:\/\/www.purejewels.com\/de\/wp-json\/wp\/v2\/product_brand?post=364139"},{"taxonomy":"product_cat","embeddable":true,"href":"https:\/\/www.purejewels.com\/de\/wp-json\/wp\/v2\/product_cat?post=364139"},{"taxonomy":"product_tag","embeddable":true,"href":"https:\/\/www.purejewels.com\/de\/wp-json\/wp\/v2\/product_tag?post=364139"}],"curies":[{"name":"wp","href":"https:\/\/api.w.org\/{rel}","templated":true}]}}