{"id":364141,"date":"2024-12-01T06:18:08","date_gmt":"2024-12-01T06:18:08","guid":{"rendered":"https:\/\/www.purejewels.com\/?post_type=product&#038;p=364141"},"modified":"2025-10-28T10:03:05","modified_gmt":"2025-10-28T10:03:05","slug":"22ct-gold-perlenkette-48341","status":"publish","type":"product","link":"https:\/\/www.purejewels.com\/de\/product\/22ct-gold-pearl-chain-48341\/","title":{"rendered":"22ct Gold Perlenkette | 17 Zentimeter"},"content":{"rendered":"<ul>\n<li>Bereichs-ID: JWCHCGPL002<br \/>\n<h3>22ct Gold Perlenkette | 17 Zoll | 3.5mm S\u00fc\u00dfwasserperlen<\/h3>\n<p>Entdecken Sie den Inbegriff von raffinierter Eleganz mit unserem <a href=\"https:\/\/www.purejewels.com\/de\/product\/22ct-gold-jali-filigree-ring-jali-collection-31926\/\">22ct<\/a> Gold <a href=\"https:\/\/www.purejewels.com\/de\/product\/22ct-gold-pearl-chain-necklace-21-inches-47103\/\">Perlenkette<\/a>Diese Kette wurde sorgf\u00e4ltig mit den feinsten 3,5 mm S\u00fc\u00dfwasserperlen gefertigt. Mit einer L\u00e4nge von 17 Zoll legt sich diese exquisite Kette anmutig um Ihren Hals und verleiht jedem Outfit einen Hauch von Raffinesse.<\/p>\n<p>Jede Perle, die aufgrund ihres au\u00dfergew\u00f6hnlichen Glanzes und ihrer makellosen Qualit\u00e4t sorgf\u00e4ltig ausgew\u00e4hlt wurde, wird durch den satten Glanz von 22 Karat erg\u00e4nzt. <a href=\"https:\/\/www.purejewels.com\/de\/elegance-of-sold-gold\/\">Echtes Gold<\/a>. Die harmonische Mischung aus diesen hochwertigen Materialien schafft ein zeitloses St\u00fcck, das Luxus und Anmut ausstrahlt.<\/p>\n<p>Diese goldene Perlenkette eignet sich sowohl f\u00fcr besondere Anl\u00e4sse als auch f\u00fcr den eleganten Alltag und l\u00e4sst sich nahtlos vom Tag in die Nacht \u00fcbertragen. Ihr zartes und doch auff\u00e4lliges Design macht sie zu einem vielseitigen Accessoire, das jedem Look einen Hauch von Glamour verleiht.<\/p>\n<p>Erweitern Sie Ihre Schmucksammlung mit diesem atemberaubenden <a href=\"https:\/\/www.purejewels.com\/de\/product\/holy-cross-gold-pendant-44713\/\">22ct Gold<\/a> Perlenkette. Ganz gleich, ob Sie sich selbst verw\u00f6hnen oder das perfekte Geschenk suchen, dieses Schmuckst\u00fcck verk\u00f6rpert die Essenz von Raffinesse und zeitloser Sch\u00f6nheit und ist dazu bestimmt, jahrelang in Ehren gehalten zu werden.<\/li>\n<\/ul>","protected":false},"excerpt":{"rendered":"<table class=\"sh_desc\">\n<tbody>\n<tr>\n<td>Art der Halsketten<\/td>\n<td>Mala Style Halsketten<\/td>\n<\/tr>\n<tr>\n<td>SKU<\/td>\n<td>48341<\/td>\n<\/tr>\n<tr>\n<td>Gewicht<\/td>\n<td>7,8 Gramm<\/td>\n<\/tr>\n<tr>\n<td>Metall<\/td>\n<td>22ct Gold<\/td>\n<\/tr>\n<tr>\n<td>L\u00e4nge<\/td>\n<td>17 Zoll<\/td>\n<\/tr>\n<tr>\n<td>Perlengr\u00f6\u00dfe<\/td>\n<td>3,5 mm<\/td>\n<\/tr>\n<tr>\n<td>KatalogID<\/td>\n<td>R1081<\/td>\n<\/tr>\n<tr>\n<td>Wahrzeichen<\/td>\n<td>22ct Gold gestempelt von London Assay Office<\/td>\n<\/tr>\n<tr>\n<td>Entgelte<\/td>\n<td>Lieferung und Mehrwertsteuer inbegriffen<\/td>\n<\/tr>\n<tr>\n<td>Verpackung<\/td>\n<td>Mit Pr\u00e4sentationsbox<\/td>\n<\/tr>\n<tr>\n<td>Mehr Informationen<\/td>\n<td>Live-Chat mit uns f\u00fcr Verf\u00fcgbarkeit und mehr Bilder<\/td>\n<\/tr>\n<\/tbody>\n<\/table>","protected":false},"featured_media":340172,"comment_status":"closed","ping_status":"closed","template":"","meta":{"_eb_attr":"","_crsspst_to_jayantr4sg-hostcom":false},"product_brand":[],"product_cat":[5264,1791,1617,1559,1229,1779,1570,5456,1569,1573],"product_tag":[],"class_list":{"0":"post-364141","1":"product","2":"type-product","3":"status-publish","4":"has-post-thumbnail","6":"product_cat-22ct-gold-chain","7":"product_cat-anniversary-gifts","8":"product_cat-fancy-mala-chains","9":"product_cat-birthday-gifts","10":"product_cat-22ct-gold-jewellery","11":"product_cat-mala-style-necklaces","12":"product_cat-mothers-day-gifts","13":"product_cat-pearl-collection","14":"product_cat-valentine-day-gifts","15":"product_cat-wedding-gifts","17":"first","18":"outofstock","19":"taxable","20":"shipping-taxable","21":"product-type-simple","22":"add-to-wishlist-before_image"},"yoast_head":"<!-- This site is optimized with the Yoast SEO plugin v27.6 - https:\/\/yoast.com\/product\/yoast-seo-wordpress\/ -->\n<title>Timeless Elegance: 17 Inch 22ct Gold Pearl Necklace<\/title>\n<meta name=\"description\" content=\"Elevate your look with timeless elegance. This 17 inch, 22ct gold pearl necklace features lustrous pearls and gleaming gold. Buy this chain necklace today!\" \/>\n<meta name=\"robots\" content=\"index, follow, max-snippet:-1, max-image-preview:large, max-video-preview:-1\" \/>\n<link rel=\"canonical\" href=\"https:\/\/www.purejewels.com\/de\/produkt-2\/22ct-gold-perlenkette-48341\/\" \/>\n<meta property=\"og:locale\" content=\"de_DE\" \/>\n<meta property=\"og:type\" content=\"article\" \/>\n<meta property=\"og:title\" content=\"Timeless Elegance: 17 Inch 22ct Gold Pearl Necklace\" \/>\n<meta property=\"og:description\" content=\"Elevate your look with timeless elegance. This 17 inch, 22ct gold pearl necklace features lustrous pearls and gleaming gold. Buy this chain necklace today!\" \/>\n<meta property=\"og:url\" content=\"https:\/\/www.purejewels.com\/de\/produkt-2\/22ct-gold-perlenkette-48341\/\" \/>\n<meta property=\"og:site_name\" content=\"PureJewels UK\" \/>\n<meta property=\"article:modified_time\" content=\"2025-10-28T10:03:05+00:00\" \/>\n<meta property=\"og:image\" content=\"https:\/\/www.purejewels.com\/wp-content\/uploads\/2022\/10\/43597-43596-2-1.jpg\" \/>\n\t<meta property=\"og:image:width\" content=\"1000\" \/>\n\t<meta property=\"og:image:height\" content=\"1000\" \/>\n\t<meta property=\"og:image:type\" content=\"image\/jpeg\" \/>\n<meta name=\"twitter:card\" content=\"summary_large_image\" \/>\n<meta name=\"twitter:label1\" content=\"Gesch\u00e4tzte Lesezeit\" \/>\n\t<meta name=\"twitter:data1\" content=\"1\u00a0Minute\" \/>\n<script type=\"application\/ld+json\" class=\"yoast-schema-graph\">{\"@context\":\"https:\\\/\\\/schema.org\",\"@graph\":[{\"@type\":[\"WebPage\",\"ItemPage\"],\"@id\":\"https:\\\/\\\/www.purejewels.com\\\/product\\\/22ct-gold-pearl-chain-48341\\\/\",\"url\":\"https:\\\/\\\/www.purejewels.com\\\/product\\\/22ct-gold-pearl-chain-48341\\\/\",\"name\":\"Timeless Elegance: 17 Inch 22ct Gold Pearl Necklace\",\"isPartOf\":{\"@id\":\"https:\\\/\\\/www.purejewels.com\\\/#website\"},\"primaryImageOfPage\":{\"@id\":\"https:\\\/\\\/www.purejewels.com\\\/product\\\/22ct-gold-pearl-chain-48341\\\/#primaryimage\"},\"image\":{\"@id\":\"https:\\\/\\\/www.purejewels.com\\\/product\\\/22ct-gold-pearl-chain-48341\\\/#primaryimage\"},\"thumbnailUrl\":\"https:\\\/\\\/static.purejewels.com\\\/wp-content\\\/uploads\\\/2022\\\/10\\\/43597-43596-2-1.jpg\",\"datePublished\":\"2024-12-01T06:18:08+00:00\",\"dateModified\":\"2025-10-28T10:03:05+00:00\",\"description\":\"Elevate your look with timeless elegance. This 17 inch, 22ct gold pearl necklace features lustrous pearls and gleaming gold. Buy this chain necklace today!\",\"breadcrumb\":{\"@id\":\"https:\\\/\\\/www.purejewels.com\\\/product\\\/22ct-gold-pearl-chain-48341\\\/#breadcrumb\"},\"inLanguage\":\"de\",\"potentialAction\":[{\"@type\":\"ReadAction\",\"target\":[\"https:\\\/\\\/www.purejewels.com\\\/product\\\/22ct-gold-pearl-chain-48341\\\/\"]}]},{\"@type\":\"ImageObject\",\"inLanguage\":\"de\",\"@id\":\"https:\\\/\\\/www.purejewels.com\\\/product\\\/22ct-gold-pearl-chain-48341\\\/#primaryimage\",\"url\":\"https:\\\/\\\/static.purejewels.com\\\/wp-content\\\/uploads\\\/2022\\\/10\\\/43597-43596-2-1.jpg\",\"contentUrl\":\"https:\\\/\\\/static.purejewels.com\\\/wp-content\\\/uploads\\\/2022\\\/10\\\/43597-43596-2-1.jpg\",\"width\":1000,\"height\":1000,\"caption\":\"Pearl Jewellery\"},{\"@type\":\"BreadcrumbList\",\"@id\":\"https:\\\/\\\/www.purejewels.com\\\/product\\\/22ct-gold-pearl-chain-48341\\\/#breadcrumb\",\"itemListElement\":[{\"@type\":\"ListItem\",\"position\":1,\"name\":\"Home\",\"item\":\"https:\\\/\\\/www.purejewels.com\\\/\"},{\"@type\":\"ListItem\",\"position\":2,\"name\":\"Shop\",\"item\":\"https:\\\/\\\/www.purejewels.com\\\/shop\\\/\"},{\"@type\":\"ListItem\",\"position\":3,\"name\":\"22ct Gold Pearl Chain | 17 Inches\"}]},{\"@type\":\"WebSite\",\"@id\":\"https:\\\/\\\/www.purejewels.com\\\/#website\",\"url\":\"https:\\\/\\\/www.purejewels.com\\\/\",\"name\":\"PureJewels UK\",\"description\":\"Share the Love\",\"publisher\":{\"@id\":\"https:\\\/\\\/www.purejewels.com\\\/#organization\"},\"potentialAction\":[{\"@type\":\"SearchAction\",\"target\":{\"@type\":\"EntryPoint\",\"urlTemplate\":\"https:\\\/\\\/www.purejewels.com\\\/?s={search_term_string}\"},\"query-input\":{\"@type\":\"PropertyValueSpecification\",\"valueRequired\":true,\"valueName\":\"search_term_string\"}}],\"inLanguage\":\"de\"},{\"@type\":\"Organization\",\"@id\":\"https:\\\/\\\/www.purejewels.com\\\/#organization\",\"name\":\"PureJewels UK\",\"url\":\"https:\\\/\\\/www.purejewels.com\\\/\",\"logo\":{\"@type\":\"ImageObject\",\"inLanguage\":\"de\",\"@id\":\"https:\\\/\\\/www.purejewels.com\\\/#\\\/schema\\\/logo\\\/image\\\/\",\"url\":\"https:\\\/\\\/static.purejewels.com\\\/wp-content\\\/uploads\\\/2020\\\/11\\\/Logo-PJ-New-1.png\",\"contentUrl\":\"https:\\\/\\\/static.purejewels.com\\\/wp-content\\\/uploads\\\/2020\\\/11\\\/Logo-PJ-New-1.png\",\"width\":150,\"height\":80,\"caption\":\"PureJewels UK\"},\"image\":{\"@id\":\"https:\\\/\\\/www.purejewels.com\\\/#\\\/schema\\\/logo\\\/image\\\/\"}}]}<\/script>\n<!-- \/ Yoast SEO plugin. -->","yoast_head_json":{"title":"Zeitlose Eleganz: 17 Zoll 22ct Gold Perlenkette","description":"Erh\u00f6hen Sie Ihren Look mit zeitloser Eleganz. Diese 17 Zoll lange Perlenkette aus 22 Karat Gold besticht durch gl\u00e4nzende Perlen und schimmerndes Gold. Kaufen Sie diese Halskette noch heute!","robots":{"index":"index","follow":"follow","max-snippet":"max-snippet:-1","max-image-preview":"max-image-preview:large","max-video-preview":"max-video-preview:-1"},"canonical":"https:\/\/www.purejewels.com\/de\/produkt-2\/22ct-gold-perlenkette-48341\/","og_locale":"de_DE","og_type":"article","og_title":"Timeless Elegance: 17 Inch 22ct Gold Pearl Necklace","og_description":"Elevate your look with timeless elegance. This 17 inch, 22ct gold pearl necklace features lustrous pearls and gleaming gold. Buy this chain necklace today!","og_url":"https:\/\/www.purejewels.com\/de\/produkt-2\/22ct-gold-perlenkette-48341\/","og_site_name":"PureJewels UK","article_modified_time":"2025-10-28T10:03:05+00:00","og_image":[{"width":1000,"height":1000,"url":"https:\/\/www.purejewels.com\/wp-content\/uploads\/2022\/10\/43597-43596-2-1.jpg","type":"image\/jpeg"}],"twitter_card":"summary_large_image","twitter_misc":{"Gesch\u00e4tzte Lesezeit":"1\u00a0Minute"},"schema":{"@context":"https:\/\/schema.org","@graph":[{"@type":["WebPage","ItemPage"],"@id":"https:\/\/www.purejewels.com\/product\/22ct-gold-pearl-chain-48341\/","url":"https:\/\/www.purejewels.com\/product\/22ct-gold-pearl-chain-48341\/","name":"Zeitlose Eleganz: 17 Zoll 22ct Gold Perlenkette","isPartOf":{"@id":"https:\/\/www.purejewels.com\/#website"},"primaryImageOfPage":{"@id":"https:\/\/www.purejewels.com\/product\/22ct-gold-pearl-chain-48341\/#primaryimage"},"image":{"@id":"https:\/\/www.purejewels.com\/product\/22ct-gold-pearl-chain-48341\/#primaryimage"},"thumbnailUrl":"https:\/\/static.purejewels.com\/wp-content\/uploads\/2022\/10\/43597-43596-2-1.jpg","datePublished":"2024-12-01T06:18:08+00:00","dateModified":"2025-10-28T10:03:05+00:00","description":"Erh\u00f6hen Sie Ihren Look mit zeitloser Eleganz. Diese 17 Zoll lange Perlenkette aus 22 Karat Gold besticht durch gl\u00e4nzende Perlen und schimmerndes Gold. Kaufen Sie diese Halskette noch heute!","breadcrumb":{"@id":"https:\/\/www.purejewels.com\/product\/22ct-gold-pearl-chain-48341\/#breadcrumb"},"inLanguage":"de","potentialAction":[{"@type":"ReadAction","target":["https:\/\/www.purejewels.com\/product\/22ct-gold-pearl-chain-48341\/"]}]},{"@type":"ImageObject","inLanguage":"de","@id":"https:\/\/www.purejewels.com\/product\/22ct-gold-pearl-chain-48341\/#primaryimage","url":"https:\/\/static.purejewels.com\/wp-content\/uploads\/2022\/10\/43597-43596-2-1.jpg","contentUrl":"https:\/\/static.purejewels.com\/wp-content\/uploads\/2022\/10\/43597-43596-2-1.jpg","width":1000,"height":1000,"caption":"Pearl Jewellery"},{"@type":"BreadcrumbList","@id":"https:\/\/www.purejewels.com\/product\/22ct-gold-pearl-chain-48341\/#breadcrumb","itemListElement":[{"@type":"ListItem","position":1,"name":"Home","item":"https:\/\/www.purejewels.com\/"},{"@type":"ListItem","position":2,"name":"Shop","item":"https:\/\/www.purejewels.com\/shop\/"},{"@type":"ListItem","position":3,"name":"22ct Gold Pearl Chain | 17 Inches"}]},{"@type":"WebSite","@id":"https:\/\/www.purejewels.com\/#website","url":"https:\/\/www.purejewels.com\/","name":"PureJewels UK","description":"Teile die Liebe","publisher":{"@id":"https:\/\/www.purejewels.com\/#organization"},"potentialAction":[{"@type":"SearchAction","target":{"@type":"EntryPoint","urlTemplate":"https:\/\/www.purejewels.com\/?s={search_term_string}"},"query-input":{"@type":"PropertyValueSpecification","valueRequired":true,"valueName":"search_term_string"}}],"inLanguage":"de"},{"@type":"Organization","@id":"https:\/\/www.purejewels.com\/#organization","name":"PureJewels UK","url":"https:\/\/www.purejewels.com\/","logo":{"@type":"ImageObject","inLanguage":"de","@id":"https:\/\/www.purejewels.com\/#\/schema\/logo\/image\/","url":"https:\/\/static.purejewels.com\/wp-content\/uploads\/2020\/11\/Logo-PJ-New-1.png","contentUrl":"https:\/\/static.purejewels.com\/wp-content\/uploads\/2020\/11\/Logo-PJ-New-1.png","width":150,"height":80,"caption":"PureJewels UK"},"image":{"@id":"https:\/\/www.purejewels.com\/#\/schema\/logo\/image\/"}}]}},"_links":{"self":[{"href":"https:\/\/www.purejewels.com\/de\/wp-json\/wp\/v2\/product\/364141","targetHints":{"allow":["GET"]}}],"collection":[{"href":"https:\/\/www.purejewels.com\/de\/wp-json\/wp\/v2\/product"}],"about":[{"href":"https:\/\/www.purejewels.com\/de\/wp-json\/wp\/v2\/types\/product"}],"replies":[{"embeddable":true,"href":"https:\/\/www.purejewels.com\/de\/wp-json\/wp\/v2\/comments?post=364141"}],"version-history":[{"count":4,"href":"https:\/\/www.purejewels.com\/de\/wp-json\/wp\/v2\/product\/364141\/revisions"}],"predecessor-version":[{"id":369744,"href":"https:\/\/www.purejewels.com\/de\/wp-json\/wp\/v2\/product\/364141\/revisions\/369744"}],"wp:featuredmedia":[{"embeddable":true,"href":"https:\/\/www.purejewels.com\/de\/wp-json\/wp\/v2\/media\/340172"}],"wp:attachment":[{"href":"https:\/\/www.purejewels.com\/de\/wp-json\/wp\/v2\/media?parent=364141"}],"wp:term":[{"taxonomy":"product_brand","embeddable":true,"href":"https:\/\/www.purejewels.com\/de\/wp-json\/wp\/v2\/product_brand?post=364141"},{"taxonomy":"product_cat","embeddable":true,"href":"https:\/\/www.purejewels.com\/de\/wp-json\/wp\/v2\/product_cat?post=364141"},{"taxonomy":"product_tag","embeddable":true,"href":"https:\/\/www.purejewels.com\/de\/wp-json\/wp\/v2\/product_tag?post=364141"}],"curies":[{"name":"wp","href":"https:\/\/api.w.org\/{rel}","templated":true}]}}