{"id":364172,"date":"2024-05-05T12:08:18","date_gmt":"2024-05-05T11:08:18","guid":{"rendered":"https:\/\/www.purejewels.com\/?post_type=product&#038;p=364172"},"modified":"2026-01-07T06:32:05","modified_gmt":"2026-01-07T06:32:05","slug":"22-kt-gold-cz-ring-48363","status":"publish","type":"product","link":"https:\/\/www.purejewels.com\/de\/product\/22ct-gold-cz-ring-48363\/","title":{"rendered":"22ct Gold CZ Ring | Gr\u00f6\u00dfe K"},"content":{"rendered":"<p data-sourcepos=\"3:1-3:99\"><strong>Umarmung der dauerhaften Sch\u00f6nheit<\/strong> mit dieser atemberaubenden <a href=\"https:\/\/www.purejewels.com\/de\/product\/22ct-yellow-gold-cz-ring-51205\/\">22-kar\u00e4tiger Goldring<\/a> mit einem funkelnden Zirkonia. <strong>Handgefertigt f\u00fcr Brillanz<\/strong>ist dieser Ring ein zeitloses St\u00fcck, das jedem Outfit einen Hauch von Luxus verleiht.<\/p>\n<ul data-sourcepos=\"7:1-8:13\">\n<li data-sourcepos=\"7:1-7:132\"><strong>Echtes <a href=\"https:\/\/www.purejewels.com\/de\/product\/22ct-gold-jali-filigree-ring-jali-collection-31926\/\">22ct<\/a> Gold:<\/strong> Erleben Sie den unvergleichlichen Reichtum und die W\u00e4rme von <a href=\"https:\/\/www.purejewels.com\/de\/product\/holy-cross-gold-pendant-44713\/\">22 Karat Gold<\/a>So wird dieser Ring zu einem wertvollen Erbst\u00fcck.<\/li>\n<li data-sourcepos=\"8:1-8:13\"><strong>Funkelnde kubische Zirkonia:<\/strong> Ein schillernder Zirkonia f\u00e4ngt das Licht wundersch\u00f6n ein und bietet die Brillanz eines Diamanten zu einem Bruchteil der Kosten.<\/li>\n<li data-sourcepos=\"9:1-9:23\"><strong>Klassisches Design:<\/strong> Das zeitlose Design dieses Rings ist trendunabh\u00e4ngig und macht ihn zu einem vielseitigen Schmuckst\u00fcck, das Sie \u00fcber Jahre hinweg sch\u00e4tzen werden.<\/li>\n<\/ul>\n<p>&nbsp;<\/p>\n<p>&nbsp;<\/p>\n<p><b>Bereich ID JWRNCZCE003<\/b><\/p>\n<p>&nbsp;<\/p>","protected":false},"excerpt":{"rendered":"<table>\n<tbody>\n<tr>\n<td>Typ des Rings<\/td>\n<td>Verlobungsring<\/td>\n<\/tr>\n<tr>\n<td>Gewicht<\/td>\n<td>2,9 Gramm<\/td>\n<\/tr>\n<tr>\n<td>SKU<\/td>\n<td>48363<\/td>\n<\/tr>\n<tr>\n<td>Ringgr\u00f6\u00dfe<\/td>\n<td>K<\/td>\n<\/tr>\n<tr>\n<td>Entgelte<\/td>\n<td>Lieferung und Mehrwertsteuer inbegriffen<\/td>\n<\/tr>\n<tr>\n<td>Verpackung<\/td>\n<td>Mit Pr\u00e4sentationsbox<\/td>\n<\/tr>\n<tr>\n<td>Mehr Informationen<\/td>\n<td>\n<ul>\n<li>Live-Chat mit uns f\u00fcr Verf\u00fcgbarkeit und mehr Bilder<\/li>\n<li>Klicken Sie hier zur \u00dcberpr\u00fcfung Ihrer\u00a0<strong>Ringgr\u00f6\u00dfe<\/strong><\/li>\n<\/ul>\n<\/td>\n<\/tr>\n<\/tbody>\n<\/table>","protected":false},"featured_media":351057,"comment_status":"closed","ping_status":"closed","template":"","meta":{"_eb_attr":"","_crsspst_to_jayantr4sg-hostcom":false},"product_brand":[],"product_cat":[1791,1559,231,1229,1235,5344,1783,1786,1569,5349],"product_tag":[],"class_list":{"0":"post-364172","1":"product","2":"type-product","3":"status-publish","4":"has-post-thumbnail","6":"product_cat-anniversary-gifts","7":"product_cat-birthday-gifts","8":"product_cat-engagement-rings","9":"product_cat-22ct-gold-jewellery","10":"product_cat-gold-rings","11":"product_cat-jewellery-under-750","12":"product_cat-ladies-rings","13":"product_cat-occasional-wear-rings","14":"product_cat-valentine-day-gifts","15":"product_cat-yellow-gold-jewellery","17":"first","18":"outofstock","19":"taxable","20":"shipping-taxable","21":"product-type-simple","22":"add-to-wishlist-before_image"},"yoast_head":"<!-- This site is optimized with the Yoast SEO plugin v27.3 - https:\/\/yoast.com\/product\/yoast-seo-wordpress\/ -->\n<title>Timeless Elegance: 22ct Gold Ring with Cubic Zirconia | Size K<\/title>\n<meta name=\"description\" content=\"Indulge in luxury at its finest. Our 22ct gold ring featuring a sparkling cubic zirconia is a timeless piece that will elevate any outfit. Shop now!\" \/>\n<meta name=\"robots\" content=\"index, follow, max-snippet:-1, max-image-preview:large, max-video-preview:-1\" \/>\n<link rel=\"canonical\" href=\"https:\/\/www.purejewels.com\/de\/produkt-2\/22-kt-gold-cz-ring-48363\/\" \/>\n<meta property=\"og:locale\" content=\"de_DE\" \/>\n<meta property=\"og:type\" content=\"article\" \/>\n<meta property=\"og:title\" content=\"Timeless Elegance: 22ct Gold Ring with Cubic Zirconia | Size K\" \/>\n<meta property=\"og:description\" content=\"Indulge in luxury at its finest. Our 22ct gold ring featuring a sparkling cubic zirconia is a timeless piece that will elevate any outfit. Shop now!\" \/>\n<meta property=\"og:url\" content=\"https:\/\/www.purejewels.com\/de\/produkt-2\/22-kt-gold-cz-ring-48363\/\" \/>\n<meta property=\"og:site_name\" content=\"PureJewels UK\" \/>\n<meta property=\"article:modified_time\" content=\"2026-01-07T06:32:05+00:00\" \/>\n<meta property=\"og:image\" content=\"https:\/\/www.purejewels.com\/wp-content\/uploads\/2023\/07\/SKU-44296.jpg\" \/>\n\t<meta property=\"og:image:width\" content=\"1000\" \/>\n\t<meta property=\"og:image:height\" content=\"1000\" \/>\n\t<meta property=\"og:image:type\" content=\"image\/jpeg\" \/>\n<meta name=\"twitter:card\" content=\"summary_large_image\" \/>\n<meta name=\"twitter:label1\" content=\"Gesch\u00e4tzte Lesezeit\" \/>\n\t<meta name=\"twitter:data1\" content=\"1\u00a0Minute\" \/>\n<script type=\"application\/ld+json\" class=\"yoast-schema-graph\">{\"@context\":\"https:\\\/\\\/schema.org\",\"@graph\":[{\"@type\":[\"WebPage\",\"ItemPage\"],\"@id\":\"https:\\\/\\\/www.purejewels.com\\\/product\\\/22ct-gold-cz-ring-48363\\\/\",\"url\":\"https:\\\/\\\/www.purejewels.com\\\/product\\\/22ct-gold-cz-ring-48363\\\/\",\"name\":\"Timeless Elegance: 22ct Gold Ring with Cubic Zirconia | Size K\",\"isPartOf\":{\"@id\":\"https:\\\/\\\/www.purejewels.com\\\/#website\"},\"primaryImageOfPage\":{\"@id\":\"https:\\\/\\\/www.purejewels.com\\\/product\\\/22ct-gold-cz-ring-48363\\\/#primaryimage\"},\"image\":{\"@id\":\"https:\\\/\\\/www.purejewels.com\\\/product\\\/22ct-gold-cz-ring-48363\\\/#primaryimage\"},\"thumbnailUrl\":\"https:\\\/\\\/static.purejewels.com\\\/wp-content\\\/uploads\\\/2023\\\/07\\\/SKU-44296.jpg\",\"datePublished\":\"2024-05-05T11:08:18+00:00\",\"dateModified\":\"2026-01-07T06:32:05+00:00\",\"description\":\"Indulge in luxury at its finest. Our 22ct gold ring featuring a sparkling cubic zirconia is a timeless piece that will elevate any outfit. Shop now!\",\"breadcrumb\":{\"@id\":\"https:\\\/\\\/www.purejewels.com\\\/product\\\/22ct-gold-cz-ring-48363\\\/#breadcrumb\"},\"inLanguage\":\"de\",\"potentialAction\":[{\"@type\":\"ReadAction\",\"target\":[\"https:\\\/\\\/www.purejewels.com\\\/product\\\/22ct-gold-cz-ring-48363\\\/\"]}]},{\"@type\":\"ImageObject\",\"inLanguage\":\"de\",\"@id\":\"https:\\\/\\\/www.purejewels.com\\\/product\\\/22ct-gold-cz-ring-48363\\\/#primaryimage\",\"url\":\"https:\\\/\\\/static.purejewels.com\\\/wp-content\\\/uploads\\\/2023\\\/07\\\/SKU-44296.jpg\",\"contentUrl\":\"https:\\\/\\\/static.purejewels.com\\\/wp-content\\\/uploads\\\/2023\\\/07\\\/SKU-44296.jpg\",\"width\":1000,\"height\":1000,\"caption\":\"22ct Indian Gold Ring Studded with Cz Stones\"},{\"@type\":\"BreadcrumbList\",\"@id\":\"https:\\\/\\\/www.purejewels.com\\\/product\\\/22ct-gold-cz-ring-48363\\\/#breadcrumb\",\"itemListElement\":[{\"@type\":\"ListItem\",\"position\":1,\"name\":\"Home\",\"item\":\"https:\\\/\\\/www.purejewels.com\\\/\"},{\"@type\":\"ListItem\",\"position\":2,\"name\":\"Shop\",\"item\":\"https:\\\/\\\/www.purejewels.com\\\/shop\\\/\"},{\"@type\":\"ListItem\",\"position\":3,\"name\":\"22ct Gold CZ Ring | Size K\"}]},{\"@type\":\"WebSite\",\"@id\":\"https:\\\/\\\/www.purejewels.com\\\/#website\",\"url\":\"https:\\\/\\\/www.purejewels.com\\\/\",\"name\":\"PureJewels UK\",\"description\":\"Share the Love\",\"publisher\":{\"@id\":\"https:\\\/\\\/www.purejewels.com\\\/#organization\"},\"potentialAction\":[{\"@type\":\"SearchAction\",\"target\":{\"@type\":\"EntryPoint\",\"urlTemplate\":\"https:\\\/\\\/www.purejewels.com\\\/?s={search_term_string}\"},\"query-input\":{\"@type\":\"PropertyValueSpecification\",\"valueRequired\":true,\"valueName\":\"search_term_string\"}}],\"inLanguage\":\"de\"},{\"@type\":\"Organization\",\"@id\":\"https:\\\/\\\/www.purejewels.com\\\/#organization\",\"name\":\"PureJewels UK\",\"url\":\"https:\\\/\\\/www.purejewels.com\\\/\",\"logo\":{\"@type\":\"ImageObject\",\"inLanguage\":\"de\",\"@id\":\"https:\\\/\\\/www.purejewels.com\\\/#\\\/schema\\\/logo\\\/image\\\/\",\"url\":\"https:\\\/\\\/static.purejewels.com\\\/wp-content\\\/uploads\\\/2020\\\/11\\\/Logo-PJ-New-1.png\",\"contentUrl\":\"https:\\\/\\\/static.purejewels.com\\\/wp-content\\\/uploads\\\/2020\\\/11\\\/Logo-PJ-New-1.png\",\"width\":150,\"height\":80,\"caption\":\"PureJewels UK\"},\"image\":{\"@id\":\"https:\\\/\\\/www.purejewels.com\\\/#\\\/schema\\\/logo\\\/image\\\/\"}}]}<\/script>\n<!-- \/ Yoast SEO plugin. -->","yoast_head_json":{"title":"Zeitlose Eleganz: 22ct Gold Ring mit kubischen Zirkonia | Gr\u00f6\u00dfe K","description":"G\u00f6nnen Sie sich Luxus in seiner sch\u00f6nsten Form. Unser Ring aus 22 Karat Gold mit einem funkelnden Zirkonia ist ein zeitloses Schmuckst\u00fcck, das jedes Outfit aufwertet. Jetzt kaufen!","robots":{"index":"index","follow":"follow","max-snippet":"max-snippet:-1","max-image-preview":"max-image-preview:large","max-video-preview":"max-video-preview:-1"},"canonical":"https:\/\/www.purejewels.com\/de\/produkt-2\/22-kt-gold-cz-ring-48363\/","og_locale":"de_DE","og_type":"article","og_title":"Timeless Elegance: 22ct Gold Ring with Cubic Zirconia | Size K","og_description":"Indulge in luxury at its finest. Our 22ct gold ring featuring a sparkling cubic zirconia is a timeless piece that will elevate any outfit. Shop now!","og_url":"https:\/\/www.purejewels.com\/de\/produkt-2\/22-kt-gold-cz-ring-48363\/","og_site_name":"PureJewels UK","article_modified_time":"2026-01-07T06:32:05+00:00","og_image":[{"width":1000,"height":1000,"url":"https:\/\/www.purejewels.com\/wp-content\/uploads\/2023\/07\/SKU-44296.jpg","type":"image\/jpeg"}],"twitter_card":"summary_large_image","twitter_misc":{"Gesch\u00e4tzte Lesezeit":"1\u00a0Minute"},"schema":{"@context":"https:\/\/schema.org","@graph":[{"@type":["WebPage","ItemPage"],"@id":"https:\/\/www.purejewels.com\/product\/22ct-gold-cz-ring-48363\/","url":"https:\/\/www.purejewels.com\/product\/22ct-gold-cz-ring-48363\/","name":"Zeitlose Eleganz: 22ct Gold Ring mit kubischen Zirkonia | Gr\u00f6\u00dfe K","isPartOf":{"@id":"https:\/\/www.purejewels.com\/#website"},"primaryImageOfPage":{"@id":"https:\/\/www.purejewels.com\/product\/22ct-gold-cz-ring-48363\/#primaryimage"},"image":{"@id":"https:\/\/www.purejewels.com\/product\/22ct-gold-cz-ring-48363\/#primaryimage"},"thumbnailUrl":"https:\/\/static.purejewels.com\/wp-content\/uploads\/2023\/07\/SKU-44296.jpg","datePublished":"2024-05-05T11:08:18+00:00","dateModified":"2026-01-07T06:32:05+00:00","description":"G\u00f6nnen Sie sich Luxus in seiner sch\u00f6nsten Form. Unser Ring aus 22 Karat Gold mit einem funkelnden Zirkonia ist ein zeitloses Schmuckst\u00fcck, das jedes Outfit aufwertet. Jetzt kaufen!","breadcrumb":{"@id":"https:\/\/www.purejewels.com\/product\/22ct-gold-cz-ring-48363\/#breadcrumb"},"inLanguage":"de","potentialAction":[{"@type":"ReadAction","target":["https:\/\/www.purejewels.com\/product\/22ct-gold-cz-ring-48363\/"]}]},{"@type":"ImageObject","inLanguage":"de","@id":"https:\/\/www.purejewels.com\/product\/22ct-gold-cz-ring-48363\/#primaryimage","url":"https:\/\/static.purejewels.com\/wp-content\/uploads\/2023\/07\/SKU-44296.jpg","contentUrl":"https:\/\/static.purejewels.com\/wp-content\/uploads\/2023\/07\/SKU-44296.jpg","width":1000,"height":1000,"caption":"22ct Indian Gold Ring Studded with Cz Stones"},{"@type":"BreadcrumbList","@id":"https:\/\/www.purejewels.com\/product\/22ct-gold-cz-ring-48363\/#breadcrumb","itemListElement":[{"@type":"ListItem","position":1,"name":"Home","item":"https:\/\/www.purejewels.com\/"},{"@type":"ListItem","position":2,"name":"Shop","item":"https:\/\/www.purejewels.com\/shop\/"},{"@type":"ListItem","position":3,"name":"22ct Gold CZ Ring | Size K"}]},{"@type":"WebSite","@id":"https:\/\/www.purejewels.com\/#website","url":"https:\/\/www.purejewels.com\/","name":"PureJewels UK","description":"Teile die Liebe","publisher":{"@id":"https:\/\/www.purejewels.com\/#organization"},"potentialAction":[{"@type":"SearchAction","target":{"@type":"EntryPoint","urlTemplate":"https:\/\/www.purejewels.com\/?s={search_term_string}"},"query-input":{"@type":"PropertyValueSpecification","valueRequired":true,"valueName":"search_term_string"}}],"inLanguage":"de"},{"@type":"Organization","@id":"https:\/\/www.purejewels.com\/#organization","name":"PureJewels UK","url":"https:\/\/www.purejewels.com\/","logo":{"@type":"ImageObject","inLanguage":"de","@id":"https:\/\/www.purejewels.com\/#\/schema\/logo\/image\/","url":"https:\/\/static.purejewels.com\/wp-content\/uploads\/2020\/11\/Logo-PJ-New-1.png","contentUrl":"https:\/\/static.purejewels.com\/wp-content\/uploads\/2020\/11\/Logo-PJ-New-1.png","width":150,"height":80,"caption":"PureJewels UK"},"image":{"@id":"https:\/\/www.purejewels.com\/#\/schema\/logo\/image\/"}}]}},"_links":{"self":[{"href":"https:\/\/www.purejewels.com\/de\/wp-json\/wp\/v2\/product\/364172","targetHints":{"allow":["GET"]}}],"collection":[{"href":"https:\/\/www.purejewels.com\/de\/wp-json\/wp\/v2\/product"}],"about":[{"href":"https:\/\/www.purejewels.com\/de\/wp-json\/wp\/v2\/types\/product"}],"replies":[{"embeddable":true,"href":"https:\/\/www.purejewels.com\/de\/wp-json\/wp\/v2\/comments?post=364172"}],"version-history":[{"count":3,"href":"https:\/\/www.purejewels.com\/de\/wp-json\/wp\/v2\/product\/364172\/revisions"}],"predecessor-version":[{"id":372170,"href":"https:\/\/www.purejewels.com\/de\/wp-json\/wp\/v2\/product\/364172\/revisions\/372170"}],"wp:featuredmedia":[{"embeddable":true,"href":"https:\/\/www.purejewels.com\/de\/wp-json\/wp\/v2\/media\/351057"}],"wp:attachment":[{"href":"https:\/\/www.purejewels.com\/de\/wp-json\/wp\/v2\/media?parent=364172"}],"wp:term":[{"taxonomy":"product_brand","embeddable":true,"href":"https:\/\/www.purejewels.com\/de\/wp-json\/wp\/v2\/product_brand?post=364172"},{"taxonomy":"product_cat","embeddable":true,"href":"https:\/\/www.purejewels.com\/de\/wp-json\/wp\/v2\/product_cat?post=364172"},{"taxonomy":"product_tag","embeddable":true,"href":"https:\/\/www.purejewels.com\/de\/wp-json\/wp\/v2\/product_tag?post=364172"}],"curies":[{"name":"wp","href":"https:\/\/api.w.org\/{rel}","templated":true}]}}