{"id":364628,"date":"2024-05-14T09:47:18","date_gmt":"2024-05-14T08:47:18","guid":{"rendered":"https:\/\/www.purejewels.com\/?post_type=product&#038;p=364628"},"modified":"2026-02-04T10:17:58","modified_gmt":"2026-02-04T10:17:58","slug":"22ct-sunrise-gold-unisex-band-48759","status":"publish","type":"product","link":"https:\/\/www.purejewels.com\/de\/product\/22ct-sunrise-gold-unisex-band-48759\/","title":{"rendered":"22ct Sunrise Gold Unisex Band | Gr\u00f6\u00dfe K | 2.5mm"},"content":{"rendered":"<p>Einf\u00fchrung in die Unisex <a href=\"https:\/\/www.purejewels.com\/de\/product\/22ct-gold-jali-filigree-ring-jali-collection-31926\/\">22ct<\/a> Sonnenaufgang <a href=\"https:\/\/www.purejewels.com\/de\/product\/22ct-sunrise-hollow-round-profile-band-48462\/\">Goldband<\/a> von PureJewels UK, eine perfekte Mischung aus zeitloser Eleganz und moderner Vielseitigkeit. Fachm\u00e4nnisch gefertigt aus hochwertigen <a href=\"https:\/\/www.purejewels.com\/de\/product\/holy-cross-gold-pendant-44713\/\">22 Karat Gold<\/a>Dieses Band mit einer Breite von 2,5 mm ist sowohl f\u00fcr M\u00e4nner als auch f\u00fcr Frauen mit anspruchsvollem Stil geeignet. Erh\u00e4ltlich in Gr\u00f6\u00dfe K, bietet es eine bequeme Passform und ist somit ideal f\u00fcr das t\u00e4gliche Tragen oder besondere Anl\u00e4sse.<\/p>\n<p>Der reiche, warme Schimmer des Sunrise Goldes verleiht diesem Band einen Hauch von Luxus und macht es zu einem Symbol f\u00fcr dauerhafte Sch\u00f6nheit und Engagement. Erh\u00f6hen Sie Ihre Schmucksammlung mit diesem exquisiten St\u00fcck von PureJewels UK.<\/p>\n<ul>\n<li><b>SKU:<\/b> 48759<\/li>\n<li><b>Bereich ID:<\/b>SGBDPLCS001K0025<\/li>\n<\/ul>","protected":false},"excerpt":{"rendered":"<table class=\"sh_desc\">\n<tbody>\n<tr>\n<td>Typ des Rings<\/td>\n<td>Hochzeitsband<\/td>\n<\/tr>\n<tr>\n<td>SKU<\/td>\n<td>48759, 50131, 50132,<\/td>\n<\/tr>\n<tr>\n<td>Ringgr\u00f6\u00dfe<\/td>\n<td>K<\/td>\n<\/tr>\n<tr>\n<td>Breite<\/td>\n<td>2,5 mm<\/td>\n<\/tr>\n<tr>\n<td>Gewicht<\/td>\n<td>3.2 Gms<\/td>\n<\/tr>\n<tr>\n<td>Metall<\/td>\n<td>22ct Gold<\/td>\n<\/tr>\n<tr>\n<td>Entgelte<\/td>\n<td>Lieferung und Mehrwertsteuer inbegriffen<\/td>\n<\/tr>\n<tr>\n<td>Verpackung<\/td>\n<td>Mit Pr\u00e4sentationsbox<\/td>\n<\/tr>\n<tr>\n<td>Mehr Informationen<\/td>\n<td>\n<ul>\n<li>Live-Chat mit uns f\u00fcr Verf\u00fcgbarkeit und mehr Bilder<\/li>\n<li>Klicken Sie hier zur \u00dcberpr\u00fcfung Ihrer\u00a0<strong>Ringgr\u00f6\u00dfe<\/strong><\/li>\n<\/ul>\n<\/td>\n<\/tr>\n<\/tbody>\n<\/table>","protected":false},"featured_media":355717,"comment_status":"closed","ping_status":"closed","template":"","meta":{"_eb_attr":"","_crsspst_to_jayantr4sg-hostcom":false},"product_brand":[],"product_cat":[1640,5756,1559,1793,1792,1784,1229,1235,1783,1572,229,1573,226,1574],"product_tag":[64],"class_list":{"0":"post-364628","1":"product","2":"type-product","3":"status-publish","4":"has-post-thumbnail","6":"product_cat-22ct-gold-bands","7":"product_cat-22ct-sunrise-gold-bands","8":"product_cat-birthday-gifts","9":"product_cat-diwali-gifts","10":"product_cat-festival-gifts","11":"product_cat-gents-rings","12":"product_cat-22ct-gold-jewellery","13":"product_cat-gold-rings","14":"product_cat-ladies-rings","15":"product_cat-mens-jewellery","16":"product_cat-wedding-bands","17":"product_cat-wedding-gifts","18":"product_cat-wedding-rings-bands","19":"product_cat-womens-jewellery","20":"product_tag-rings","22":"first","23":"instock","24":"taxable","25":"shipping-taxable","26":"purchasable","27":"product-type-simple","28":"add-to-wishlist-before_image"},"yoast_head":"<!-- This site is optimized with the Yoast SEO plugin v27.5 - https:\/\/yoast.com\/product\/yoast-seo-wordpress\/ -->\n<title>Unisex 22ct Sunrise Gold Band - Size K, 2.5mm | PureJewels UK<\/title>\n<meta name=\"description\" content=\"Elevate your style with our Unisex 22ct Sunrise Gold Band (Size K). Crafted by PureJewels UK, this delicate 2.5mm band is perfect for everyday wear. Shop now!\" \/>\n<meta name=\"robots\" content=\"index, follow, max-snippet:-1, max-image-preview:large, max-video-preview:-1\" \/>\n<link rel=\"canonical\" href=\"https:\/\/www.purejewels.com\/de\/produkt-2\/22ct-sunrise-gold-unisex-band-48759\/\" \/>\n<meta property=\"og:locale\" content=\"de_DE\" \/>\n<meta property=\"og:type\" content=\"article\" \/>\n<meta property=\"og:title\" content=\"Unisex 22ct Sunrise Gold Band - Size K, 2.5mm | PureJewels UK\" \/>\n<meta property=\"og:description\" content=\"Elevate your style with our Unisex 22ct Sunrise Gold Band (Size K). Crafted by PureJewels UK, this delicate 2.5mm band is perfect for everyday wear. Shop now!\" \/>\n<meta property=\"og:url\" content=\"https:\/\/www.purejewels.com\/de\/produkt-2\/22ct-sunrise-gold-unisex-band-48759\/\" \/>\n<meta property=\"og:site_name\" content=\"PureJewels UK\" \/>\n<meta property=\"article:modified_time\" content=\"2026-02-04T10:17:58+00:00\" \/>\n<meta property=\"og:image\" content=\"https:\/\/static.purejewels.com\/wp-content\/uploads\/2024\/01\/46286_2.jpg\" \/>\n\t<meta property=\"og:image:width\" content=\"1000\" \/>\n\t<meta property=\"og:image:height\" content=\"1000\" \/>\n\t<meta property=\"og:image:type\" content=\"image\/jpeg\" \/>\n<meta name=\"twitter:card\" content=\"summary_large_image\" \/>\n<meta name=\"twitter:label1\" content=\"Gesch\u00e4tzte Lesezeit\" \/>\n\t<meta name=\"twitter:data1\" content=\"1\u00a0Minute\" \/>\n<script type=\"application\/ld+json\" class=\"yoast-schema-graph\">{\"@context\":\"https:\\\/\\\/schema.org\",\"@graph\":[{\"@type\":[\"WebPage\",\"ItemPage\"],\"@id\":\"https:\\\/\\\/www.purejewels.com\\\/product\\\/22ct-sunrise-gold-unisex-band-48759\\\/\",\"url\":\"https:\\\/\\\/www.purejewels.com\\\/product\\\/22ct-sunrise-gold-unisex-band-48759\\\/\",\"name\":\"Unisex 22ct Sunrise Gold Band - Size K, 2.5mm | PureJewels UK\",\"isPartOf\":{\"@id\":\"https:\\\/\\\/www.purejewels.com\\\/#website\"},\"primaryImageOfPage\":{\"@id\":\"https:\\\/\\\/www.purejewels.com\\\/product\\\/22ct-sunrise-gold-unisex-band-48759\\\/#primaryimage\"},\"image\":{\"@id\":\"https:\\\/\\\/www.purejewels.com\\\/product\\\/22ct-sunrise-gold-unisex-band-48759\\\/#primaryimage\"},\"thumbnailUrl\":\"https:\\\/\\\/static.purejewels.com\\\/wp-content\\\/uploads\\\/2024\\\/01\\\/46286_2.jpg\",\"datePublished\":\"2024-05-14T08:47:18+00:00\",\"dateModified\":\"2026-02-04T10:17:58+00:00\",\"description\":\"Elevate your style with our Unisex 22ct Sunrise Gold Band (Size K). Crafted by PureJewels UK, this delicate 2.5mm band is perfect for everyday wear. Shop now!\",\"breadcrumb\":{\"@id\":\"https:\\\/\\\/www.purejewels.com\\\/product\\\/22ct-sunrise-gold-unisex-band-48759\\\/#breadcrumb\"},\"inLanguage\":\"de\",\"potentialAction\":[{\"@type\":\"ReadAction\",\"target\":[\"https:\\\/\\\/www.purejewels.com\\\/product\\\/22ct-sunrise-gold-unisex-band-48759\\\/\"]}]},{\"@type\":\"ImageObject\",\"inLanguage\":\"de\",\"@id\":\"https:\\\/\\\/www.purejewels.com\\\/product\\\/22ct-sunrise-gold-unisex-band-48759\\\/#primaryimage\",\"url\":\"https:\\\/\\\/static.purejewels.com\\\/wp-content\\\/uploads\\\/2024\\\/01\\\/46286_2.jpg\",\"contentUrl\":\"https:\\\/\\\/static.purejewels.com\\\/wp-content\\\/uploads\\\/2024\\\/01\\\/46286_2.jpg\",\"width\":1000,\"height\":1000,\"caption\":\"22ct Sunrise Gold Unisex Band\"},{\"@type\":\"BreadcrumbList\",\"@id\":\"https:\\\/\\\/www.purejewels.com\\\/product\\\/22ct-sunrise-gold-unisex-band-48759\\\/#breadcrumb\",\"itemListElement\":[{\"@type\":\"ListItem\",\"position\":1,\"name\":\"Home\",\"item\":\"https:\\\/\\\/www.purejewels.com\\\/\"},{\"@type\":\"ListItem\",\"position\":2,\"name\":\"Shop\",\"item\":\"https:\\\/\\\/www.purejewels.com\\\/shop\\\/\"},{\"@type\":\"ListItem\",\"position\":3,\"name\":\"22ct Sunrise Gold Unisex Band | Size K | 2.5mm\"}]},{\"@type\":\"WebSite\",\"@id\":\"https:\\\/\\\/www.purejewels.com\\\/#website\",\"url\":\"https:\\\/\\\/www.purejewels.com\\\/\",\"name\":\"PureJewels UK\",\"description\":\"Share the Love\",\"publisher\":{\"@id\":\"https:\\\/\\\/www.purejewels.com\\\/#organization\"},\"potentialAction\":[{\"@type\":\"SearchAction\",\"target\":{\"@type\":\"EntryPoint\",\"urlTemplate\":\"https:\\\/\\\/www.purejewels.com\\\/?s={search_term_string}\"},\"query-input\":{\"@type\":\"PropertyValueSpecification\",\"valueRequired\":true,\"valueName\":\"search_term_string\"}}],\"inLanguage\":\"de\"},{\"@type\":\"Organization\",\"@id\":\"https:\\\/\\\/www.purejewels.com\\\/#organization\",\"name\":\"PureJewels UK\",\"url\":\"https:\\\/\\\/www.purejewels.com\\\/\",\"logo\":{\"@type\":\"ImageObject\",\"inLanguage\":\"de\",\"@id\":\"https:\\\/\\\/www.purejewels.com\\\/#\\\/schema\\\/logo\\\/image\\\/\",\"url\":\"https:\\\/\\\/static.purejewels.com\\\/wp-content\\\/uploads\\\/2020\\\/11\\\/Logo-PJ-New-1.png\",\"contentUrl\":\"https:\\\/\\\/static.purejewels.com\\\/wp-content\\\/uploads\\\/2020\\\/11\\\/Logo-PJ-New-1.png\",\"width\":150,\"height\":80,\"caption\":\"PureJewels UK\"},\"image\":{\"@id\":\"https:\\\/\\\/www.purejewels.com\\\/#\\\/schema\\\/logo\\\/image\\\/\"}}]}<\/script>\n<!-- \/ Yoast SEO plugin. -->","yoast_head_json":{"title":"Unisex 22ct Sunrise Gold Band - Gr\u00f6\u00dfe K, 2,5mm | PureJewels UK","description":"Erh\u00f6hen Sie Ihren Stil mit unserem Unisex 22ct Sunrise Gold Band (Gr\u00f6\u00dfe K). Hergestellt von PureJewels UK, ist dieses zarte 2,5 mm Band perfekt f\u00fcr den Alltag. Jetzt einkaufen!","robots":{"index":"index","follow":"follow","max-snippet":"max-snippet:-1","max-image-preview":"max-image-preview:large","max-video-preview":"max-video-preview:-1"},"canonical":"https:\/\/www.purejewels.com\/de\/produkt-2\/22ct-sunrise-gold-unisex-band-48759\/","og_locale":"de_DE","og_type":"article","og_title":"Unisex 22ct Sunrise Gold Band - Size K, 2.5mm | PureJewels UK","og_description":"Elevate your style with our Unisex 22ct Sunrise Gold Band (Size K). Crafted by PureJewels UK, this delicate 2.5mm band is perfect for everyday wear. Shop now!","og_url":"https:\/\/www.purejewels.com\/de\/produkt-2\/22ct-sunrise-gold-unisex-band-48759\/","og_site_name":"PureJewels UK","article_modified_time":"2026-02-04T10:17:58+00:00","og_image":[{"width":1000,"height":1000,"url":"https:\/\/static.purejewels.com\/wp-content\/uploads\/2024\/01\/46286_2.jpg","type":"image\/jpeg"}],"twitter_card":"summary_large_image","twitter_misc":{"Gesch\u00e4tzte Lesezeit":"1\u00a0Minute"},"schema":{"@context":"https:\/\/schema.org","@graph":[{"@type":["WebPage","ItemPage"],"@id":"https:\/\/www.purejewels.com\/product\/22ct-sunrise-gold-unisex-band-48759\/","url":"https:\/\/www.purejewels.com\/product\/22ct-sunrise-gold-unisex-band-48759\/","name":"Unisex 22ct Sunrise Gold Band - Gr\u00f6\u00dfe K, 2,5mm | PureJewels UK","isPartOf":{"@id":"https:\/\/www.purejewels.com\/#website"},"primaryImageOfPage":{"@id":"https:\/\/www.purejewels.com\/product\/22ct-sunrise-gold-unisex-band-48759\/#primaryimage"},"image":{"@id":"https:\/\/www.purejewels.com\/product\/22ct-sunrise-gold-unisex-band-48759\/#primaryimage"},"thumbnailUrl":"https:\/\/static.purejewels.com\/wp-content\/uploads\/2024\/01\/46286_2.jpg","datePublished":"2024-05-14T08:47:18+00:00","dateModified":"2026-02-04T10:17:58+00:00","description":"Erh\u00f6hen Sie Ihren Stil mit unserem Unisex 22ct Sunrise Gold Band (Gr\u00f6\u00dfe K). Hergestellt von PureJewels UK, ist dieses zarte 2,5 mm Band perfekt f\u00fcr den Alltag. Jetzt einkaufen!","breadcrumb":{"@id":"https:\/\/www.purejewels.com\/product\/22ct-sunrise-gold-unisex-band-48759\/#breadcrumb"},"inLanguage":"de","potentialAction":[{"@type":"ReadAction","target":["https:\/\/www.purejewels.com\/product\/22ct-sunrise-gold-unisex-band-48759\/"]}]},{"@type":"ImageObject","inLanguage":"de","@id":"https:\/\/www.purejewels.com\/product\/22ct-sunrise-gold-unisex-band-48759\/#primaryimage","url":"https:\/\/static.purejewels.com\/wp-content\/uploads\/2024\/01\/46286_2.jpg","contentUrl":"https:\/\/static.purejewels.com\/wp-content\/uploads\/2024\/01\/46286_2.jpg","width":1000,"height":1000,"caption":"22ct Sunrise Gold Unisex Band"},{"@type":"BreadcrumbList","@id":"https:\/\/www.purejewels.com\/product\/22ct-sunrise-gold-unisex-band-48759\/#breadcrumb","itemListElement":[{"@type":"ListItem","position":1,"name":"Home","item":"https:\/\/www.purejewels.com\/"},{"@type":"ListItem","position":2,"name":"Shop","item":"https:\/\/www.purejewels.com\/shop\/"},{"@type":"ListItem","position":3,"name":"22ct Sunrise Gold Unisex Band | Size K | 2.5mm"}]},{"@type":"WebSite","@id":"https:\/\/www.purejewels.com\/#website","url":"https:\/\/www.purejewels.com\/","name":"PureJewels UK","description":"Teile die Liebe","publisher":{"@id":"https:\/\/www.purejewels.com\/#organization"},"potentialAction":[{"@type":"SearchAction","target":{"@type":"EntryPoint","urlTemplate":"https:\/\/www.purejewels.com\/?s={search_term_string}"},"query-input":{"@type":"PropertyValueSpecification","valueRequired":true,"valueName":"search_term_string"}}],"inLanguage":"de"},{"@type":"Organization","@id":"https:\/\/www.purejewels.com\/#organization","name":"PureJewels UK","url":"https:\/\/www.purejewels.com\/","logo":{"@type":"ImageObject","inLanguage":"de","@id":"https:\/\/www.purejewels.com\/#\/schema\/logo\/image\/","url":"https:\/\/static.purejewels.com\/wp-content\/uploads\/2020\/11\/Logo-PJ-New-1.png","contentUrl":"https:\/\/static.purejewels.com\/wp-content\/uploads\/2020\/11\/Logo-PJ-New-1.png","width":150,"height":80,"caption":"PureJewels UK"},"image":{"@id":"https:\/\/www.purejewels.com\/#\/schema\/logo\/image\/"}}]}},"_links":{"self":[{"href":"https:\/\/www.purejewels.com\/de\/wp-json\/wp\/v2\/product\/364628","targetHints":{"allow":["GET"]}}],"collection":[{"href":"https:\/\/www.purejewels.com\/de\/wp-json\/wp\/v2\/product"}],"about":[{"href":"https:\/\/www.purejewels.com\/de\/wp-json\/wp\/v2\/types\/product"}],"replies":[{"embeddable":true,"href":"https:\/\/www.purejewels.com\/de\/wp-json\/wp\/v2\/comments?post=364628"}],"version-history":[{"count":3,"href":"https:\/\/www.purejewels.com\/de\/wp-json\/wp\/v2\/product\/364628\/revisions"}],"predecessor-version":[{"id":394289,"href":"https:\/\/www.purejewels.com\/de\/wp-json\/wp\/v2\/product\/364628\/revisions\/394289"}],"wp:featuredmedia":[{"embeddable":true,"href":"https:\/\/www.purejewels.com\/de\/wp-json\/wp\/v2\/media\/355717"}],"wp:attachment":[{"href":"https:\/\/www.purejewels.com\/de\/wp-json\/wp\/v2\/media?parent=364628"}],"wp:term":[{"taxonomy":"product_brand","embeddable":true,"href":"https:\/\/www.purejewels.com\/de\/wp-json\/wp\/v2\/product_brand?post=364628"},{"taxonomy":"product_cat","embeddable":true,"href":"https:\/\/www.purejewels.com\/de\/wp-json\/wp\/v2\/product_cat?post=364628"},{"taxonomy":"product_tag","embeddable":true,"href":"https:\/\/www.purejewels.com\/de\/wp-json\/wp\/v2\/product_tag?post=364628"}],"curies":[{"name":"wp","href":"https:\/\/api.w.org\/{rel}","templated":true}]}}