{"id":364659,"date":"2024-05-14T12:08:52","date_gmt":"2024-05-14T11:08:52","guid":{"rendered":"https:\/\/www.purejewels.com\/?post_type=product&#038;p=364659"},"modified":"2026-02-05T07:18:31","modified_gmt":"2026-02-05T07:18:31","slug":"ehering-aus-22-karat-sunrise-gold-46290","status":"publish","type":"product","link":"https:\/\/www.purejewels.com\/de\/product\/wedding-band-in-22ct-sunrise-gold-46290\/","title":{"rendered":"Ehering aus 22ct Sunrise Gold | Gr\u00f6\u00dfe M"},"content":{"rendered":"<h3><strong><b>Sunrise Gold Band vs Court Form Band in 22ct Gelbgold<\/b><\/strong><\/h3>\n<p>Unser <a href=\"https:\/\/www.purejewels.com\/de\/product\/22ct-gold-jali-filigree-ring-jali-collection-31926\/\">22ct<\/a> Gelbgoldarmb\u00e4nder in Court-Form sind wegen ihrer klassischen Anziehungskraft sehr beliebt und in verschiedenen Gr\u00f6\u00dfen erh\u00e4ltlich, um allen Vorlieben gerecht zu werden. Diese klassischen Armb\u00e4nder werden nach den h\u00f6chsten Standards gefertigt und bieten die traditionelle W\u00e4rme und den satten Farbton von Gelbgold, den viele so sehr sch\u00e4tzen. Unsere Sunrise Gold B\u00e4nder bringen jedoch eine ganz neue Dimension in die Welt der <a href=\"https:\/\/www.purejewels.com\/de\/product\/18ct-yellow-gold-diamond-and-peridot-necklace-18-inches-44229\/\">edler Schmuck<\/a>und setzt damit Ma\u00dfst\u00e4be in Sachen Innovation und Eleganz.<\/p>\n<p>Die Robustheit der Sunrise-Goldlegierung erm\u00f6glicht filigranere Designs in verschiedenen Gr\u00f6\u00dfen, einschlie\u00dflich unserer bemerkenswerten 1,5-mm-B\u00e4nder. Diese Armb\u00e4nder sind nicht nur optisch atemberaubend, sondern auch unglaublich haltbar, was sie perfekt f\u00fcr den Alltag macht. Dieses Bandprofil ist perfekt f\u00fcr diejenigen, die einen subtilen, aber dennoch raffinierten Look bevorzugen, und es bietet die Vielseitigkeit, als Einzelst\u00fcck getragen zu werden oder mit anderen Ringen gestapelt zu werden, um ein pers\u00f6nliches Stil-Statement zu setzen.<\/p>\n<p>Au\u00dferdem ist die St\u00e4rke der <a href=\"https:\/\/www.purejewels.com\/de\/precious-metals-in-jewelry-making\/\">Legierung<\/a> hat es uns au\u00dferdem erm\u00f6glicht, eine bedeutende Leistung zu vollbringen, n\u00e4mlich Diamanten auf <a href=\"https:\/\/www.purejewels.com\/de\/product\/holy-cross-gold-pendant-44713\/\">22ct Gold<\/a> Metall, einschlie\u00dflich unserer 1,5 mm Sunrise Goldb\u00e4nder. Diese Leistung beweist die St\u00e4rke der Legierung und unser Engagement, die Grenzen des Schmuckdesigns mit unseren Produkten zu erweitern. <a href=\"https:\/\/www.purejewels.com\/de\/a-guide-to-die-stamping\/\">Handwerkskunst<\/a>. Die diamantbesetzten Sunrise-Armb\u00e4nder sind ein Zeugnis f\u00fcr Luxus und Innovation und setzen Ma\u00dfst\u00e4be in der Branche.<\/p>\n<p>W\u00e4hrend die 22-Karat-Gelbgoldb\u00e4nder in Court-Form traditionelle Eleganz und Vielfalt bieten, zeichnen sich die Sunrise-Goldb\u00e4nder durch un\u00fcbertroffene St\u00e4rke, einzigartige Farben und innovative Designm\u00f6glichkeiten aus. Sie sind perfekt f\u00fcr diejenigen, die eine Mischung aus Tradition und Moderne suchen, was sie zu einer au\u00dfergew\u00f6hnlichen Wahl f\u00fcr jede Schmuckkollektion macht.<\/p>\n<p><b>Bereich ID JWBDPLCS002<\/b><\/p>","protected":false},"excerpt":{"rendered":"<table class=\"sh_desc\">\n<tbody>\n<tr>\n<td>Typ des Rings<\/td>\n<td>Hochzeitsband<\/td>\n<\/tr>\n<tr>\n<td>SKU<\/td>\n<td>46290<\/td>\n<\/tr>\n<tr>\n<td>Ringgr\u00f6\u00dfe<\/td>\n<td>M<\/td>\n<\/tr>\n<tr>\n<td>Breite<\/td>\n<td>3,5 mm<\/td>\n<\/tr>\n<tr>\n<td>Gewicht<\/td>\n<td>4,5 Gramm<\/td>\n<\/tr>\n<tr>\n<td>Metall<\/td>\n<td>22ct Gold<\/td>\n<\/tr>\n<tr>\n<td>Entgelte<\/td>\n<td>Lieferung und Mehrwertsteuer inbegriffen<\/td>\n<\/tr>\n<tr>\n<td>Verpackung<\/td>\n<td>Mit Pr\u00e4sentationsbox<\/td>\n<\/tr>\n<tr>\n<td>Mehr Informationen<\/td>\n<td>\n<ul>\n<li>Live-Chat mit uns f\u00fcr Verf\u00fcgbarkeit und mehr Bilder<\/li>\n<li>Klicken Sie hier zur \u00dcberpr\u00fcfung Ihrer\u00a0<strong>Ringgr\u00f6\u00dfe<\/strong><\/li>\n<\/ul>\n<\/td>\n<\/tr>\n<\/tbody>\n<\/table>","protected":false},"featured_media":355733,"comment_status":"closed","ping_status":"closed","template":"","meta":{"_eb_attr":"","_crsspst_to_jayantr4sg-hostcom":false},"product_brand":[],"product_cat":[1640,5756,1559,1229,1235,1783,229,1573,226,1574],"product_tag":[64],"class_list":{"0":"post-364659","1":"product","2":"type-product","3":"status-publish","4":"has-post-thumbnail","6":"product_cat-22ct-gold-bands","7":"product_cat-22ct-sunrise-gold-bands","8":"product_cat-birthday-gifts","9":"product_cat-22ct-gold-jewellery","10":"product_cat-gold-rings","11":"product_cat-ladies-rings","12":"product_cat-wedding-bands","13":"product_cat-wedding-gifts","14":"product_cat-wedding-rings-bands","15":"product_cat-womens-jewellery","16":"product_tag-rings","18":"first","19":"instock","20":"taxable","21":"shipping-taxable","22":"purchasable","23":"product-type-simple","24":"add-to-wishlist-before_image"},"yoast_head":"<!-- This site is optimized with the Yoast SEO plugin v27.5 - https:\/\/yoast.com\/product\/yoast-seo-wordpress\/ -->\n<title>3.5 Wedding Band in 22ct Sunrise Gold | Size M | PureJewels UK<\/title>\n<meta name=\"description\" content=\"Explore the timeless beauty of the 3.5mm Wedding Band in 22ct Sunrise Gold. Crafted for elegance and sophistication. Available at PureJewels UK.\" \/>\n<meta name=\"robots\" content=\"index, follow, max-snippet:-1, max-image-preview:large, max-video-preview:-1\" \/>\n<link rel=\"canonical\" href=\"https:\/\/www.purejewels.com\/de\/produkt-2\/ehering-aus-22-karat-sunrise-gold-46290\/\" \/>\n<meta property=\"og:locale\" content=\"de_DE\" \/>\n<meta property=\"og:type\" content=\"article\" \/>\n<meta property=\"og:title\" content=\"3.5 Wedding Band in 22ct Sunrise Gold | Size M | PureJewels UK\" \/>\n<meta property=\"og:description\" content=\"Explore the timeless beauty of the 3.5mm Wedding Band in 22ct Sunrise Gold. Crafted for elegance and sophistication. Available at PureJewels UK.\" \/>\n<meta property=\"og:url\" content=\"https:\/\/www.purejewels.com\/de\/produkt-2\/ehering-aus-22-karat-sunrise-gold-46290\/\" \/>\n<meta property=\"og:site_name\" content=\"PureJewels UK\" \/>\n<meta property=\"article:modified_time\" content=\"2026-02-05T07:18:31+00:00\" \/>\n<meta property=\"og:image\" content=\"https:\/\/static.purejewels.com\/wp-content\/uploads\/2024\/01\/46293_2.jpg\" \/>\n\t<meta property=\"og:image:width\" content=\"1000\" \/>\n\t<meta property=\"og:image:height\" content=\"1000\" \/>\n\t<meta property=\"og:image:type\" content=\"image\/jpeg\" \/>\n<meta name=\"twitter:card\" content=\"summary_large_image\" \/>\n<meta name=\"twitter:label1\" content=\"Gesch\u00e4tzte Lesezeit\" \/>\n\t<meta name=\"twitter:data1\" content=\"2\u00a0Minuten\" \/>\n<script type=\"application\/ld+json\" class=\"yoast-schema-graph\">{\"@context\":\"https:\\\/\\\/schema.org\",\"@graph\":[{\"@type\":[\"WebPage\",\"ItemPage\"],\"@id\":\"https:\\\/\\\/www.purejewels.com\\\/product\\\/wedding-band-in-22ct-sunrise-gold-46290\\\/\",\"url\":\"https:\\\/\\\/www.purejewels.com\\\/product\\\/wedding-band-in-22ct-sunrise-gold-46290\\\/\",\"name\":\"3.5 Wedding Band in 22ct Sunrise Gold | Size M | PureJewels UK\",\"isPartOf\":{\"@id\":\"https:\\\/\\\/www.purejewels.com\\\/#website\"},\"primaryImageOfPage\":{\"@id\":\"https:\\\/\\\/www.purejewels.com\\\/product\\\/wedding-band-in-22ct-sunrise-gold-46290\\\/#primaryimage\"},\"image\":{\"@id\":\"https:\\\/\\\/www.purejewels.com\\\/product\\\/wedding-band-in-22ct-sunrise-gold-46290\\\/#primaryimage\"},\"thumbnailUrl\":\"https:\\\/\\\/static.purejewels.com\\\/wp-content\\\/uploads\\\/2024\\\/01\\\/46293_2.jpg\",\"datePublished\":\"2024-05-14T11:08:52+00:00\",\"dateModified\":\"2026-02-05T07:18:31+00:00\",\"description\":\"Explore the timeless beauty of the 3.5mm Wedding Band in 22ct Sunrise Gold. Crafted for elegance and sophistication. Available at PureJewels UK.\",\"breadcrumb\":{\"@id\":\"https:\\\/\\\/www.purejewels.com\\\/product\\\/wedding-band-in-22ct-sunrise-gold-46290\\\/#breadcrumb\"},\"inLanguage\":\"de\",\"potentialAction\":[{\"@type\":\"ReadAction\",\"target\":[\"https:\\\/\\\/www.purejewels.com\\\/product\\\/wedding-band-in-22ct-sunrise-gold-46290\\\/\"]}]},{\"@type\":\"ImageObject\",\"inLanguage\":\"de\",\"@id\":\"https:\\\/\\\/www.purejewels.com\\\/product\\\/wedding-band-in-22ct-sunrise-gold-46290\\\/#primaryimage\",\"url\":\"https:\\\/\\\/static.purejewels.com\\\/wp-content\\\/uploads\\\/2024\\\/01\\\/46293_2.jpg\",\"contentUrl\":\"https:\\\/\\\/static.purejewels.com\\\/wp-content\\\/uploads\\\/2024\\\/01\\\/46293_2.jpg\",\"width\":1000,\"height\":1000,\"caption\":\"Wedding Band in 22ct Sunrise Gold\"},{\"@type\":\"BreadcrumbList\",\"@id\":\"https:\\\/\\\/www.purejewels.com\\\/product\\\/wedding-band-in-22ct-sunrise-gold-46290\\\/#breadcrumb\",\"itemListElement\":[{\"@type\":\"ListItem\",\"position\":1,\"name\":\"Home\",\"item\":\"https:\\\/\\\/www.purejewels.com\\\/\"},{\"@type\":\"ListItem\",\"position\":2,\"name\":\"Shop\",\"item\":\"https:\\\/\\\/www.purejewels.com\\\/shop\\\/\"},{\"@type\":\"ListItem\",\"position\":3,\"name\":\"Wedding Band in 22ct Sunrise Gold | Size M\"}]},{\"@type\":\"WebSite\",\"@id\":\"https:\\\/\\\/www.purejewels.com\\\/#website\",\"url\":\"https:\\\/\\\/www.purejewels.com\\\/\",\"name\":\"PureJewels UK\",\"description\":\"Share the Love\",\"publisher\":{\"@id\":\"https:\\\/\\\/www.purejewels.com\\\/#organization\"},\"potentialAction\":[{\"@type\":\"SearchAction\",\"target\":{\"@type\":\"EntryPoint\",\"urlTemplate\":\"https:\\\/\\\/www.purejewels.com\\\/?s={search_term_string}\"},\"query-input\":{\"@type\":\"PropertyValueSpecification\",\"valueRequired\":true,\"valueName\":\"search_term_string\"}}],\"inLanguage\":\"de\"},{\"@type\":\"Organization\",\"@id\":\"https:\\\/\\\/www.purejewels.com\\\/#organization\",\"name\":\"PureJewels UK\",\"url\":\"https:\\\/\\\/www.purejewels.com\\\/\",\"logo\":{\"@type\":\"ImageObject\",\"inLanguage\":\"de\",\"@id\":\"https:\\\/\\\/www.purejewels.com\\\/#\\\/schema\\\/logo\\\/image\\\/\",\"url\":\"https:\\\/\\\/static.purejewels.com\\\/wp-content\\\/uploads\\\/2020\\\/11\\\/Logo-PJ-New-1.png\",\"contentUrl\":\"https:\\\/\\\/static.purejewels.com\\\/wp-content\\\/uploads\\\/2020\\\/11\\\/Logo-PJ-New-1.png\",\"width\":150,\"height\":80,\"caption\":\"PureJewels UK\"},\"image\":{\"@id\":\"https:\\\/\\\/www.purejewels.com\\\/#\\\/schema\\\/logo\\\/image\\\/\"}}]}<\/script>\n<!-- \/ Yoast SEO plugin. -->","yoast_head_json":{"title":"3.5 Hochzeit Band in 22ct Sunrise Gold | Gr\u00f6\u00dfe M | PureJewels UK","description":"Entdecken Sie die zeitlose Sch\u00f6nheit des 3,5 mm breiten Eherings aus 22 Karat Sunrise Gold. Gefertigt f\u00fcr Eleganz und Raffinesse. Erh\u00e4ltlich bei PureJewels UK.","robots":{"index":"index","follow":"follow","max-snippet":"max-snippet:-1","max-image-preview":"max-image-preview:large","max-video-preview":"max-video-preview:-1"},"canonical":"https:\/\/www.purejewels.com\/de\/produkt-2\/ehering-aus-22-karat-sunrise-gold-46290\/","og_locale":"de_DE","og_type":"article","og_title":"3.5 Wedding Band in 22ct Sunrise Gold | Size M | PureJewels UK","og_description":"Explore the timeless beauty of the 3.5mm Wedding Band in 22ct Sunrise Gold. Crafted for elegance and sophistication. Available at PureJewels UK.","og_url":"https:\/\/www.purejewels.com\/de\/produkt-2\/ehering-aus-22-karat-sunrise-gold-46290\/","og_site_name":"PureJewels UK","article_modified_time":"2026-02-05T07:18:31+00:00","og_image":[{"width":1000,"height":1000,"url":"https:\/\/static.purejewels.com\/wp-content\/uploads\/2024\/01\/46293_2.jpg","type":"image\/jpeg"}],"twitter_card":"summary_large_image","twitter_misc":{"Gesch\u00e4tzte Lesezeit":"2\u00a0Minuten"},"schema":{"@context":"https:\/\/schema.org","@graph":[{"@type":["WebPage","ItemPage"],"@id":"https:\/\/www.purejewels.com\/product\/wedding-band-in-22ct-sunrise-gold-46290\/","url":"https:\/\/www.purejewels.com\/product\/wedding-band-in-22ct-sunrise-gold-46290\/","name":"3.5 Hochzeit Band in 22ct Sunrise Gold | Gr\u00f6\u00dfe M | PureJewels UK","isPartOf":{"@id":"https:\/\/www.purejewels.com\/#website"},"primaryImageOfPage":{"@id":"https:\/\/www.purejewels.com\/product\/wedding-band-in-22ct-sunrise-gold-46290\/#primaryimage"},"image":{"@id":"https:\/\/www.purejewels.com\/product\/wedding-band-in-22ct-sunrise-gold-46290\/#primaryimage"},"thumbnailUrl":"https:\/\/static.purejewels.com\/wp-content\/uploads\/2024\/01\/46293_2.jpg","datePublished":"2024-05-14T11:08:52+00:00","dateModified":"2026-02-05T07:18:31+00:00","description":"Entdecken Sie die zeitlose Sch\u00f6nheit des 3,5 mm breiten Eherings aus 22 Karat Sunrise Gold. Gefertigt f\u00fcr Eleganz und Raffinesse. Erh\u00e4ltlich bei PureJewels UK.","breadcrumb":{"@id":"https:\/\/www.purejewels.com\/product\/wedding-band-in-22ct-sunrise-gold-46290\/#breadcrumb"},"inLanguage":"de","potentialAction":[{"@type":"ReadAction","target":["https:\/\/www.purejewels.com\/product\/wedding-band-in-22ct-sunrise-gold-46290\/"]}]},{"@type":"ImageObject","inLanguage":"de","@id":"https:\/\/www.purejewels.com\/product\/wedding-band-in-22ct-sunrise-gold-46290\/#primaryimage","url":"https:\/\/static.purejewels.com\/wp-content\/uploads\/2024\/01\/46293_2.jpg","contentUrl":"https:\/\/static.purejewels.com\/wp-content\/uploads\/2024\/01\/46293_2.jpg","width":1000,"height":1000,"caption":"Wedding Band in 22ct Sunrise Gold"},{"@type":"BreadcrumbList","@id":"https:\/\/www.purejewels.com\/product\/wedding-band-in-22ct-sunrise-gold-46290\/#breadcrumb","itemListElement":[{"@type":"ListItem","position":1,"name":"Home","item":"https:\/\/www.purejewels.com\/"},{"@type":"ListItem","position":2,"name":"Shop","item":"https:\/\/www.purejewels.com\/shop\/"},{"@type":"ListItem","position":3,"name":"Wedding Band in 22ct Sunrise Gold | Size M"}]},{"@type":"WebSite","@id":"https:\/\/www.purejewels.com\/#website","url":"https:\/\/www.purejewels.com\/","name":"PureJewels UK","description":"Teile die Liebe","publisher":{"@id":"https:\/\/www.purejewels.com\/#organization"},"potentialAction":[{"@type":"SearchAction","target":{"@type":"EntryPoint","urlTemplate":"https:\/\/www.purejewels.com\/?s={search_term_string}"},"query-input":{"@type":"PropertyValueSpecification","valueRequired":true,"valueName":"search_term_string"}}],"inLanguage":"de"},{"@type":"Organization","@id":"https:\/\/www.purejewels.com\/#organization","name":"PureJewels UK","url":"https:\/\/www.purejewels.com\/","logo":{"@type":"ImageObject","inLanguage":"de","@id":"https:\/\/www.purejewels.com\/#\/schema\/logo\/image\/","url":"https:\/\/static.purejewels.com\/wp-content\/uploads\/2020\/11\/Logo-PJ-New-1.png","contentUrl":"https:\/\/static.purejewels.com\/wp-content\/uploads\/2020\/11\/Logo-PJ-New-1.png","width":150,"height":80,"caption":"PureJewels UK"},"image":{"@id":"https:\/\/www.purejewels.com\/#\/schema\/logo\/image\/"}}]}},"_links":{"self":[{"href":"https:\/\/www.purejewels.com\/de\/wp-json\/wp\/v2\/product\/364659","targetHints":{"allow":["GET"]}}],"collection":[{"href":"https:\/\/www.purejewels.com\/de\/wp-json\/wp\/v2\/product"}],"about":[{"href":"https:\/\/www.purejewels.com\/de\/wp-json\/wp\/v2\/types\/product"}],"replies":[{"embeddable":true,"href":"https:\/\/www.purejewels.com\/de\/wp-json\/wp\/v2\/comments?post=364659"}],"version-history":[{"count":4,"href":"https:\/\/www.purejewels.com\/de\/wp-json\/wp\/v2\/product\/364659\/revisions"}],"predecessor-version":[{"id":412935,"href":"https:\/\/www.purejewels.com\/de\/wp-json\/wp\/v2\/product\/364659\/revisions\/412935"}],"wp:featuredmedia":[{"embeddable":true,"href":"https:\/\/www.purejewels.com\/de\/wp-json\/wp\/v2\/media\/355733"}],"wp:attachment":[{"href":"https:\/\/www.purejewels.com\/de\/wp-json\/wp\/v2\/media?parent=364659"}],"wp:term":[{"taxonomy":"product_brand","embeddable":true,"href":"https:\/\/www.purejewels.com\/de\/wp-json\/wp\/v2\/product_brand?post=364659"},{"taxonomy":"product_cat","embeddable":true,"href":"https:\/\/www.purejewels.com\/de\/wp-json\/wp\/v2\/product_cat?post=364659"},{"taxonomy":"product_tag","embeddable":true,"href":"https:\/\/www.purejewels.com\/de\/wp-json\/wp\/v2\/product_tag?post=364659"}],"curies":[{"name":"wp","href":"https:\/\/api.w.org\/{rel}","templated":true}]}}