{"id":364707,"date":"2024-08-04T05:14:00","date_gmt":"2024-08-04T04:14:00","guid":{"rendered":"https:\/\/www.purejewels.com\/?post_type=product&#038;p=364707"},"modified":"2026-01-30T07:37:07","modified_gmt":"2026-01-30T07:37:07","slug":"zeitlose-tropfenohrringe-aus-22-karat-gold-47949","status":"publish","type":"product","link":"https:\/\/www.purejewels.com\/de\/product\/22ct-gold-timeless-drop-earrings-47949\/","title":{"rendered":"22ct Gold Zeitlose Tropfenohrringe"},"content":{"rendered":"<p data-sourcepos=\"3:1-3:319\">Umfassen Sie dauerhafte Raffinesse mit unserem atemberaubenden <a href=\"https:\/\/www.purejewels.com\/de\/product\/22ct-gold-jali-filigree-ring-jali-collection-31926\/\">22ct<\/a> Gold zeitlos <a href=\"https:\/\/www.purejewels.com\/de\/product\/22ct-gold-oval-drop-earrings-rhodium-finish\/\">Ohrringtropfen<\/a>. Gefertigt aus den feinsten <a href=\"https:\/\/www.purejewels.com\/de\/product\/holy-cross-gold-pendant-44713\/\">22 Karat Gold<\/a>Diese Ohrringe strahlen eine zeitlose Eleganz aus, die \u00fcber fl\u00fcchtige Trends hinausgeht. Das sorgf\u00e4ltig gefertigte Design zeichnet sich durch zarte Tropfen aus, die anmutig herabfallen und jedem Ensemble einen Hauch von Luxus verleihen.<\/p>\n<p data-sourcepos=\"5:1-5:48\"><strong>Tauchen Sie ein in unvergleichliche Brillanz:<\/strong><\/p>\n<ul data-sourcepos=\"7:1-7:64\">\n<li data-sourcepos=\"7:1-7:64\"><strong>22ct Gold:<\/strong>\u00a0Genie\u00dfen Sie den un\u00fcbertroffenen Glanz und die Brillanz von echtem 22-kar\u00e4tigem Gold, ein Zeugnis f\u00fcr dauerhafte Qualit\u00e4t und Raffinesse.<\/li>\n<\/ul>\n<p data-sourcepos=\"9:1-9:32\"><strong>Ein Design f\u00fcr jede Gelegenheit:<\/strong><\/p>\n<ul data-sourcepos=\"11:1-11:42\">\n<li data-sourcepos=\"11:1-11:42\"><strong>M\u00fchelose Vielseitigkeit:<\/strong>\u00a0Das zeitlose Design und die perfekte Tropfenl\u00e4nge machen diese Ohrringe zu einem idealen Begleiter f\u00fcr jeden Tag, der einen Hauch von schlichter Eleganz in Ihr Arbeits- oder Ausgehoutfit bringt.<\/li>\n<li data-sourcepos=\"12:1-13:0\"><strong>Showstopper f\u00fcr besondere Anl\u00e4sse:<\/strong>\u00a0Werten Sie Ihren Abendlook mit dem fesselnden Faltenwurf und dem luxuri\u00f6sen Glanz dieser exquisiten Ohrringe auf. Sie werden mit Sicherheit alle Blicke auf sich ziehen und zu einem beliebten Gespr\u00e4chsanlass werden.<\/li>\n<\/ul>\n<p data-sourcepos=\"14:1-14:25\"><strong>Ein Geschenk, das funkelt:<\/strong><\/p>\n<ul data-sourcepos=\"16:1-16:113\">\n<li data-sourcepos=\"16:1-16:113\"><strong>Gesch\u00e4tztes Andenken:<\/strong>\u00a0In einer sch\u00f6nen Geschenkbox verpackt, sind diese Ohrringe ein durchdachtes und unvergessliches Geschenk f\u00fcr einen besonderen Menschen, f\u00fcr einen besonderen Anlass oder einfach als Ausdruck Ihrer Liebe.<\/li>\n<\/ul>\n<p data-sourcepos=\"18:1-18:20\"><strong>Einzelheiten zum Produkt:<\/strong><\/p>\n<ul data-sourcepos=\"20:1-22:0\">\n<li data-sourcepos=\"20:1-20:21\">Material: 22ct Gold<\/li>\n<li data-sourcepos=\"21:1-22:0\">Stil: Tropfen-Ohrringe<\/li>\n<\/ul>\n<p data-sourcepos=\"23:1-23:122\"><strong>G\u00f6nnen Sie sich ein Schmuckst\u00fcck, das die Zeit \u00fcberdauert. F\u00fcgen Sie Ihrer Schmucksammlung noch heute die Timeless Drop Earrings aus 22 Karat Gold hinzu!<\/strong><\/p>","protected":false},"excerpt":{"rendered":"<table class=\"sh_desc\">\n<tbody>\n<tr>\n<td>Art des Ohrrings<\/td>\n<td>Ohrring Tropfen<\/td>\n<\/tr>\n<tr>\n<td>SKU<\/td>\n<td>47949, 52989, 52988<\/td>\n<\/tr>\n<tr>\n<td>Gewicht<\/td>\n<td>13,5 Gramm<\/td>\n<\/tr>\n<tr>\n<td>Oberfl\u00e4che<\/td>\n<td>Antike_Matte<\/td>\n<\/tr>\n<tr>\n<td>L\u00e4nge<\/td>\n<td>1,75 Zoll<\/td>\n<\/tr>\n<tr>\n<td>Entgelte<\/td>\n<td>Lieferung und Mehrwertsteuer inbegriffen<\/td>\n<\/tr>\n<tr>\n<td>Verpackung<\/td>\n<td>Mit Pr\u00e4sentationsbox<\/td>\n<\/tr>\n<tr>\n<td>Mehr Informationen<\/td>\n<td>Live-Chat mit uns f\u00fcr Verf\u00fcgbarkeit und mehr Bilder<\/td>\n<\/tr>\n<\/tbody>\n<\/table>","protected":false},"featured_media":364708,"comment_status":"closed","ping_status":"closed","template":"","meta":{"_eb_attr":"","_crsspst_to_jayantr4sg-hostcom":false},"product_brand":[],"product_cat":[245,6144,5639,5315,236,1685,5701,1254,1229,1573,1574],"product_tag":[5924],"class_list":{"0":"post-364707","1":"product","2":"type-product","3":"status-publish","4":"has-post-thumbnail","6":"product_cat-armari-collections","7":"product_cat-armari-drop-earrings","8":"product_cat-armari-earring","9":"product_cat-bridal-and-wedding-earrings","10":"product_cat-collections","11":"product_cat-drop-earrings","12":"product_cat-eid-jewellery","13":"product_cat-gold-earrings","14":"product_cat-22ct-gold-jewellery","15":"product_cat-wedding-gifts","16":"product_cat-womens-jewellery","17":"product_tag-22ct-gold-armari-drop-earrings","19":"first","20":"instock","21":"taxable","22":"shipping-taxable","23":"purchasable","24":"product-type-simple","25":"add-to-wishlist-before_image"},"yoast_head":"<!-- This site is optimized with the Yoast SEO plugin v27.5 - https:\/\/yoast.com\/product\/yoast-seo-wordpress\/ -->\n<title>Shop 22ct Gold Timeless Drop Earrings | PureJewels UK<\/title>\n<meta name=\"description\" content=\"&quot;Add elegance to any occasion with our 22ct Gold Timeless Drop Earrings. Crafted from high-quality gold, these stunning earrings feature a classic design that exudes sophistication and style.&quot;This description is concise, highlights the key features, and encourages a sense of elegance.\" \/>\n<meta name=\"robots\" content=\"index, follow, max-snippet:-1, max-image-preview:large, max-video-preview:-1\" \/>\n<link rel=\"canonical\" href=\"https:\/\/www.purejewels.com\/de\/produkt-2\/zeitlose-tropfenohrringe-aus-22-karat-gold-47949\/\" \/>\n<meta property=\"og:locale\" content=\"de_DE\" \/>\n<meta property=\"og:type\" content=\"article\" \/>\n<meta property=\"og:title\" content=\"Shop 22ct Gold Timeless Drop Earrings | PureJewels UK\" \/>\n<meta property=\"og:description\" content=\"&quot;Add elegance to any occasion with our 22ct Gold Timeless Drop Earrings. Crafted from high-quality gold, these stunning earrings feature a classic design that exudes sophistication and style.&quot;This description is concise, highlights the key features, and encourages a sense of elegance.\" \/>\n<meta property=\"og:url\" content=\"https:\/\/www.purejewels.com\/de\/produkt-2\/zeitlose-tropfenohrringe-aus-22-karat-gold-47949\/\" \/>\n<meta property=\"og:site_name\" content=\"PureJewels UK\" \/>\n<meta property=\"article:modified_time\" content=\"2026-01-30T07:37:07+00:00\" \/>\n<meta property=\"og:image\" content=\"https:\/\/static.purejewels.com\/wp-content\/uploads\/2024\/06\/47949.png\" \/>\n\t<meta property=\"og:image:width\" content=\"1000\" \/>\n\t<meta property=\"og:image:height\" content=\"1000\" \/>\n\t<meta property=\"og:image:type\" content=\"image\/png\" \/>\n<meta name=\"twitter:card\" content=\"summary_large_image\" \/>\n<meta name=\"twitter:label1\" content=\"Gesch\u00e4tzte Lesezeit\" \/>\n\t<meta name=\"twitter:data1\" content=\"2\u00a0Minuten\" \/>\n<script type=\"application\/ld+json\" class=\"yoast-schema-graph\">{\"@context\":\"https:\\\/\\\/schema.org\",\"@graph\":[{\"@type\":[\"WebPage\",\"ItemPage\"],\"@id\":\"https:\\\/\\\/www.purejewels.com\\\/product\\\/22ct-gold-timeless-drop-earrings-47949\\\/\",\"url\":\"https:\\\/\\\/www.purejewels.com\\\/product\\\/22ct-gold-timeless-drop-earrings-47949\\\/\",\"name\":\"Shop 22ct Gold Timeless Drop Earrings | PureJewels UK\",\"isPartOf\":{\"@id\":\"https:\\\/\\\/www.purejewels.com\\\/#website\"},\"primaryImageOfPage\":{\"@id\":\"https:\\\/\\\/www.purejewels.com\\\/product\\\/22ct-gold-timeless-drop-earrings-47949\\\/#primaryimage\"},\"image\":{\"@id\":\"https:\\\/\\\/www.purejewels.com\\\/product\\\/22ct-gold-timeless-drop-earrings-47949\\\/#primaryimage\"},\"thumbnailUrl\":\"https:\\\/\\\/static.purejewels.com\\\/wp-content\\\/uploads\\\/2024\\\/06\\\/47949.png\",\"datePublished\":\"2024-08-04T04:14:00+00:00\",\"dateModified\":\"2026-01-30T07:37:07+00:00\",\"description\":\"\\\"Add elegance to any occasion with our 22ct Gold Timeless Drop Earrings. Crafted from high-quality gold, these stunning earrings feature a classic design that exudes sophistication and style.\\\"This description is concise, highlights the key features, and encourages a sense of elegance.\",\"breadcrumb\":{\"@id\":\"https:\\\/\\\/www.purejewels.com\\\/product\\\/22ct-gold-timeless-drop-earrings-47949\\\/#breadcrumb\"},\"inLanguage\":\"de\",\"potentialAction\":[{\"@type\":\"ReadAction\",\"target\":[\"https:\\\/\\\/www.purejewels.com\\\/product\\\/22ct-gold-timeless-drop-earrings-47949\\\/\"]}]},{\"@type\":\"ImageObject\",\"inLanguage\":\"de\",\"@id\":\"https:\\\/\\\/www.purejewels.com\\\/product\\\/22ct-gold-timeless-drop-earrings-47949\\\/#primaryimage\",\"url\":\"https:\\\/\\\/static.purejewels.com\\\/wp-content\\\/uploads\\\/2024\\\/06\\\/47949.png\",\"contentUrl\":\"https:\\\/\\\/static.purejewels.com\\\/wp-content\\\/uploads\\\/2024\\\/06\\\/47949.png\",\"width\":1000,\"height\":1000,\"caption\":\"22ct Gold Drop Earring\"},{\"@type\":\"BreadcrumbList\",\"@id\":\"https:\\\/\\\/www.purejewels.com\\\/product\\\/22ct-gold-timeless-drop-earrings-47949\\\/#breadcrumb\",\"itemListElement\":[{\"@type\":\"ListItem\",\"position\":1,\"name\":\"Home\",\"item\":\"https:\\\/\\\/www.purejewels.com\\\/\"},{\"@type\":\"ListItem\",\"position\":2,\"name\":\"Shop\",\"item\":\"https:\\\/\\\/www.purejewels.com\\\/shop\\\/\"},{\"@type\":\"ListItem\",\"position\":3,\"name\":\"22ct Gold Timeless Drop Earrings\"}]},{\"@type\":\"WebSite\",\"@id\":\"https:\\\/\\\/www.purejewels.com\\\/#website\",\"url\":\"https:\\\/\\\/www.purejewels.com\\\/\",\"name\":\"PureJewels UK\",\"description\":\"Share the Love\",\"publisher\":{\"@id\":\"https:\\\/\\\/www.purejewels.com\\\/#organization\"},\"potentialAction\":[{\"@type\":\"SearchAction\",\"target\":{\"@type\":\"EntryPoint\",\"urlTemplate\":\"https:\\\/\\\/www.purejewels.com\\\/?s={search_term_string}\"},\"query-input\":{\"@type\":\"PropertyValueSpecification\",\"valueRequired\":true,\"valueName\":\"search_term_string\"}}],\"inLanguage\":\"de\"},{\"@type\":\"Organization\",\"@id\":\"https:\\\/\\\/www.purejewels.com\\\/#organization\",\"name\":\"PureJewels UK\",\"url\":\"https:\\\/\\\/www.purejewels.com\\\/\",\"logo\":{\"@type\":\"ImageObject\",\"inLanguage\":\"de\",\"@id\":\"https:\\\/\\\/www.purejewels.com\\\/#\\\/schema\\\/logo\\\/image\\\/\",\"url\":\"https:\\\/\\\/static.purejewels.com\\\/wp-content\\\/uploads\\\/2020\\\/11\\\/Logo-PJ-New-1.png\",\"contentUrl\":\"https:\\\/\\\/static.purejewels.com\\\/wp-content\\\/uploads\\\/2020\\\/11\\\/Logo-PJ-New-1.png\",\"width\":150,\"height\":80,\"caption\":\"PureJewels UK\"},\"image\":{\"@id\":\"https:\\\/\\\/www.purejewels.com\\\/#\\\/schema\\\/logo\\\/image\\\/\"}}]}<\/script>\n<!-- \/ Yoast SEO plugin. -->","yoast_head_json":{"title":"Shop 22ct Gold Timeless Drop Ohrringe | PureJewels UK","description":"\"Mit unseren Timeless Drop Earrings aus 22 Karat Gold verleihen Sie jedem Anlass Eleganz. Diese atemberaubenden Ohrringe sind aus hochwertigem Gold gefertigt und haben ein klassisches Design, das Raffinesse und Stil ausstrahlt. \"Diese Beschreibung ist pr\u00e4gnant, hebt die wichtigsten Merkmale hervor und f\u00f6rdert ein Gef\u00fchl von Eleganz.","robots":{"index":"index","follow":"follow","max-snippet":"max-snippet:-1","max-image-preview":"max-image-preview:large","max-video-preview":"max-video-preview:-1"},"canonical":"https:\/\/www.purejewels.com\/de\/produkt-2\/zeitlose-tropfenohrringe-aus-22-karat-gold-47949\/","og_locale":"de_DE","og_type":"article","og_title":"Shop 22ct Gold Timeless Drop Earrings | PureJewels UK","og_description":"\"Add elegance to any occasion with our 22ct Gold Timeless Drop Earrings. Crafted from high-quality gold, these stunning earrings feature a classic design that exudes sophistication and style.\"This description is concise, highlights the key features, and encourages a sense of elegance.","og_url":"https:\/\/www.purejewels.com\/de\/produkt-2\/zeitlose-tropfenohrringe-aus-22-karat-gold-47949\/","og_site_name":"PureJewels UK","article_modified_time":"2026-01-30T07:37:07+00:00","og_image":[{"width":1000,"height":1000,"url":"https:\/\/static.purejewels.com\/wp-content\/uploads\/2024\/06\/47949.png","type":"image\/png"}],"twitter_card":"summary_large_image","twitter_misc":{"Gesch\u00e4tzte Lesezeit":"2\u00a0Minuten"},"schema":{"@context":"https:\/\/schema.org","@graph":[{"@type":["WebPage","ItemPage"],"@id":"https:\/\/www.purejewels.com\/product\/22ct-gold-timeless-drop-earrings-47949\/","url":"https:\/\/www.purejewels.com\/product\/22ct-gold-timeless-drop-earrings-47949\/","name":"Shop 22ct Gold Timeless Drop Ohrringe | PureJewels UK","isPartOf":{"@id":"https:\/\/www.purejewels.com\/#website"},"primaryImageOfPage":{"@id":"https:\/\/www.purejewels.com\/product\/22ct-gold-timeless-drop-earrings-47949\/#primaryimage"},"image":{"@id":"https:\/\/www.purejewels.com\/product\/22ct-gold-timeless-drop-earrings-47949\/#primaryimage"},"thumbnailUrl":"https:\/\/static.purejewels.com\/wp-content\/uploads\/2024\/06\/47949.png","datePublished":"2024-08-04T04:14:00+00:00","dateModified":"2026-01-30T07:37:07+00:00","description":"\"Mit unseren Timeless Drop Earrings aus 22 Karat Gold verleihen Sie jedem Anlass Eleganz. Diese atemberaubenden Ohrringe sind aus hochwertigem Gold gefertigt und haben ein klassisches Design, das Raffinesse und Stil ausstrahlt. \"Diese Beschreibung ist pr\u00e4gnant, hebt die wichtigsten Merkmale hervor und f\u00f6rdert ein Gef\u00fchl von Eleganz.","breadcrumb":{"@id":"https:\/\/www.purejewels.com\/product\/22ct-gold-timeless-drop-earrings-47949\/#breadcrumb"},"inLanguage":"de","potentialAction":[{"@type":"ReadAction","target":["https:\/\/www.purejewels.com\/product\/22ct-gold-timeless-drop-earrings-47949\/"]}]},{"@type":"ImageObject","inLanguage":"de","@id":"https:\/\/www.purejewels.com\/product\/22ct-gold-timeless-drop-earrings-47949\/#primaryimage","url":"https:\/\/static.purejewels.com\/wp-content\/uploads\/2024\/06\/47949.png","contentUrl":"https:\/\/static.purejewels.com\/wp-content\/uploads\/2024\/06\/47949.png","width":1000,"height":1000,"caption":"22ct Gold Drop Earring"},{"@type":"BreadcrumbList","@id":"https:\/\/www.purejewels.com\/product\/22ct-gold-timeless-drop-earrings-47949\/#breadcrumb","itemListElement":[{"@type":"ListItem","position":1,"name":"Home","item":"https:\/\/www.purejewels.com\/"},{"@type":"ListItem","position":2,"name":"Shop","item":"https:\/\/www.purejewels.com\/shop\/"},{"@type":"ListItem","position":3,"name":"22ct Gold Timeless Drop Earrings"}]},{"@type":"WebSite","@id":"https:\/\/www.purejewels.com\/#website","url":"https:\/\/www.purejewels.com\/","name":"PureJewels UK","description":"Teile die Liebe","publisher":{"@id":"https:\/\/www.purejewels.com\/#organization"},"potentialAction":[{"@type":"SearchAction","target":{"@type":"EntryPoint","urlTemplate":"https:\/\/www.purejewels.com\/?s={search_term_string}"},"query-input":{"@type":"PropertyValueSpecification","valueRequired":true,"valueName":"search_term_string"}}],"inLanguage":"de"},{"@type":"Organization","@id":"https:\/\/www.purejewels.com\/#organization","name":"PureJewels UK","url":"https:\/\/www.purejewels.com\/","logo":{"@type":"ImageObject","inLanguage":"de","@id":"https:\/\/www.purejewels.com\/#\/schema\/logo\/image\/","url":"https:\/\/static.purejewels.com\/wp-content\/uploads\/2020\/11\/Logo-PJ-New-1.png","contentUrl":"https:\/\/static.purejewels.com\/wp-content\/uploads\/2020\/11\/Logo-PJ-New-1.png","width":150,"height":80,"caption":"PureJewels UK"},"image":{"@id":"https:\/\/www.purejewels.com\/#\/schema\/logo\/image\/"}}]}},"_links":{"self":[{"href":"https:\/\/www.purejewels.com\/de\/wp-json\/wp\/v2\/product\/364707","targetHints":{"allow":["GET"]}}],"collection":[{"href":"https:\/\/www.purejewels.com\/de\/wp-json\/wp\/v2\/product"}],"about":[{"href":"https:\/\/www.purejewels.com\/de\/wp-json\/wp\/v2\/types\/product"}],"replies":[{"embeddable":true,"href":"https:\/\/www.purejewels.com\/de\/wp-json\/wp\/v2\/comments?post=364707"}],"version-history":[{"count":2,"href":"https:\/\/www.purejewels.com\/de\/wp-json\/wp\/v2\/product\/364707\/revisions"}],"predecessor-version":[{"id":415956,"href":"https:\/\/www.purejewels.com\/de\/wp-json\/wp\/v2\/product\/364707\/revisions\/415956"}],"wp:featuredmedia":[{"embeddable":true,"href":"https:\/\/www.purejewels.com\/de\/wp-json\/wp\/v2\/media\/364708"}],"wp:attachment":[{"href":"https:\/\/www.purejewels.com\/de\/wp-json\/wp\/v2\/media?parent=364707"}],"wp:term":[{"taxonomy":"product_brand","embeddable":true,"href":"https:\/\/www.purejewels.com\/de\/wp-json\/wp\/v2\/product_brand?post=364707"},{"taxonomy":"product_cat","embeddable":true,"href":"https:\/\/www.purejewels.com\/de\/wp-json\/wp\/v2\/product_cat?post=364707"},{"taxonomy":"product_tag","embeddable":true,"href":"https:\/\/www.purejewels.com\/de\/wp-json\/wp\/v2\/product_tag?post=364707"}],"curies":[{"name":"wp","href":"https:\/\/api.w.org\/{rel}","templated":true}]}}