{"id":364720,"date":"2024-06-17T06:18:28","date_gmt":"2024-06-17T05:18:28","guid":{"rendered":"https:\/\/www.purejewels.com\/?post_type=product&#038;p=364720"},"modified":"2025-01-17T06:46:55","modified_gmt":"2025-01-17T06:46:55","slug":"22-kt-gold-armari-reifen-bali-48029","status":"publish","type":"product","link":"https:\/\/www.purejewels.com\/de\/product\/22ct-gold-armari-hoop-bali-48029\/","title":{"rendered":"22ct Gold Armari Reifen Bali"},"content":{"rendered":"<p>Wir stellen vor: unser exquisites <a href=\"https:\/\/www.purejewels.com\/de\/product\/22ct-gold-jali-filigree-ring-jali-collection-31926\/\">22ct<\/a> Gold Armari Hoop Bali Ohrringe, wo traditionelle <a href=\"https:\/\/www.purejewels.com\/de\/a-guide-to-die-stamping\/\">Handwerkskunst<\/a> trifft auf zeitgen\u00f6ssische Eleganz. Diese atemberaubenden <a href=\"https:\/\/www.purejewels.com\/de\/product\/22kt-gold-daily-wear-hoop-earring-41670\/\">Reif-Ohrringe<\/a> werden sorgf\u00e4ltig aus hochwertigen Materialien hergestellt. <a href=\"https:\/\/www.purejewels.com\/de\/product\/holy-cross-gold-pendant-44713\/\">22 Karat Gold<\/a>Sie garantieren dauerhafte Brillanz und au\u00dfergew\u00f6hnliche Qualit\u00e4t. Das Design von Armari zeigt komplizierte Details, die das reiche Erbe und die Kunstfertigkeit balinesischer Schmuckst\u00fccke widerspiegeln.<\/p>\n<p>Jeder Reif hat eine glatte, polierte Oberfl\u00e4che, die den strahlenden Glanz des Goldes hervorhebt, w\u00e4hrend das einzigartige Armari-Muster einen Hauch von exotischem Charme verleiht. Das leichte Design sorgt f\u00fcr ganzt\u00e4gigen Tragekomfort und eignet sich sowohl f\u00fcr den eleganten Alltag als auch f\u00fcr besondere Anl\u00e4sse.<\/p>\n<p>Unsere 22 Karat Gold Armari Hoop Bali Ohrringe sind vielseitig und zeitlos und lassen sich problemlos von Tag zu Abend tragen. Ganz gleich, ob Sie sich f\u00fcr eine formelle Veranstaltung herausputzen oder Ihrer Freizeitkleidung einen raffinierten Touch verleihen, mit diesen Creolen setzen Sie garantiert ein Statement.<\/p>\n<p>Sie werden in einer eleganten Schmuckschatulle pr\u00e4sentiert und sind ein perfektes Geschenk f\u00fcr eine geliebte Person oder eine luxuri\u00f6se Erg\u00e4nzung Ihrer eigenen Sammlung. Erh\u00f6hen Sie Ihren Stil mit der unvergleichlichen Sch\u00f6nheit und Eleganz dieser 22ct Gold Armari Hoop Bali Ohrringe.<\/p>","protected":false},"excerpt":{"rendered":"<div class=\"woocommerce-product-details__short-description\">\n<table class=\"sh_desc\">\n<tbody>\n<tr>\n<td>Art des Ohrrings<\/td>\n<td>Hoop-Ohrring mit Tr\u00f6pfchen<\/td>\n<\/tr>\n<tr>\n<td>SKU<\/td>\n<td>48029<\/td>\n<\/tr>\n<tr>\n<td>Gewicht<\/td>\n<td>2.9 Gms<\/td>\n<\/tr>\n<tr>\n<td>Abmessung<\/td>\n<td>25 mm Au\u00dfendurchmesser, 1,4 mm Dicke<\/td>\n<\/tr>\n<tr>\n<td>Metall<\/td>\n<td>22ct Gold<\/td>\n<\/tr>\n<tr>\n<td>Geschlecht<\/td>\n<td>Damen<\/td>\n<\/tr>\n<tr>\n<td>Entgelte<\/td>\n<td>Lieferung und Mehrwertsteuer inbegriffen<\/td>\n<\/tr>\n<tr>\n<td>Verpackung<\/td>\n<td>Mit Pr\u00e4sentationsbox<\/td>\n<\/tr>\n<tr>\n<td>Mehr Informationen<\/td>\n<td>Live-Chat mit uns f\u00fcr Verf\u00fcgbarkeit und mehr Bilder<\/td>\n<\/tr>\n<\/tbody>\n<\/table>\n<\/div>\n<div class=\"btn-atc atc-slide\"><\/div>\n<div class=\"product_meta\"><\/div>","protected":false},"featured_media":364730,"comment_status":"closed","ping_status":"closed","template":"","meta":{"_eb_attr":"","_crsspst_to_jayantr4sg-hostcom":false},"product_brand":[],"product_cat":[1791,245,5639,1559,1793,5701,1792,1790,1254,1229,1579,1575,1574],"product_tag":[66],"class_list":{"0":"post-364720","1":"product","2":"type-product","3":"status-publish","4":"has-post-thumbnail","6":"product_cat-anniversary-gifts","7":"product_cat-armari-collections","8":"product_cat-armari-earring","9":"product_cat-birthday-gifts","10":"product_cat-diwali-gifts","11":"product_cat-eid-jewellery","12":"product_cat-festival-gifts","13":"product_cat-for-whom-when","14":"product_cat-gold-earrings","15":"product_cat-22ct-gold-jewellery","16":"product_cat-hoop-earrings","17":"product_cat-teenage-jewellery","18":"product_cat-womens-jewellery","19":"product_tag-earrings","21":"first","22":"outofstock","23":"taxable","24":"shipping-taxable","25":"product-type-simple","26":"add-to-wishlist-before_image"},"yoast_head":"<!-- This site is optimized with the Yoast SEO plugin v27.3 - https:\/\/yoast.com\/product\/yoast-seo-wordpress\/ -->\n<title>Buy 22ct Gold Armari Hoop Bali online | PureJewels UK<\/title>\n<meta name=\"description\" content=\"Our 22ct gold Armari Hoop Bali features a single dangler for captivating movement. Shop statement earrings &amp; elevate your look.\" \/>\n<meta name=\"robots\" content=\"index, follow, max-snippet:-1, max-image-preview:large, max-video-preview:-1\" \/>\n<link rel=\"canonical\" href=\"https:\/\/www.purejewels.com\/de\/produkt-2\/22-kt-gold-armari-reifen-bali-48029\/\" \/>\n<meta property=\"og:locale\" content=\"de_DE\" \/>\n<meta property=\"og:type\" content=\"article\" \/>\n<meta property=\"og:title\" content=\"Buy 22ct Gold Armari Hoop Bali online | PureJewels UK\" \/>\n<meta property=\"og:description\" content=\"Our 22ct gold Armari Hoop Bali features a single dangler for captivating movement. Shop statement earrings &amp; elevate your look.\" \/>\n<meta property=\"og:url\" content=\"https:\/\/www.purejewels.com\/de\/produkt-2\/22-kt-gold-armari-reifen-bali-48029\/\" \/>\n<meta property=\"og:site_name\" content=\"PureJewels UK\" \/>\n<meta property=\"article:modified_time\" content=\"2025-01-17T06:46:55+00:00\" \/>\n<meta property=\"og:image\" content=\"https:\/\/www.purejewels.com\/wp-content\/uploads\/2024\/06\/48029.png\" \/>\n\t<meta property=\"og:image:width\" content=\"1000\" \/>\n\t<meta property=\"og:image:height\" content=\"1000\" \/>\n\t<meta property=\"og:image:type\" content=\"image\/png\" \/>\n<meta name=\"twitter:card\" content=\"summary_large_image\" \/>\n<meta name=\"twitter:label1\" content=\"Gesch\u00e4tzte Lesezeit\" \/>\n\t<meta name=\"twitter:data1\" content=\"1\u00a0Minute\" \/>\n<script type=\"application\/ld+json\" class=\"yoast-schema-graph\">{\"@context\":\"https:\\\/\\\/schema.org\",\"@graph\":[{\"@type\":[\"WebPage\",\"ItemPage\"],\"@id\":\"https:\\\/\\\/www.purejewels.com\\\/product\\\/22ct-gold-armari-hoop-bali-48029\\\/\",\"url\":\"https:\\\/\\\/www.purejewels.com\\\/product\\\/22ct-gold-armari-hoop-bali-48029\\\/\",\"name\":\"Buy 22ct Gold Armari Hoop Bali online | PureJewels UK\",\"isPartOf\":{\"@id\":\"https:\\\/\\\/www.purejewels.com\\\/#website\"},\"primaryImageOfPage\":{\"@id\":\"https:\\\/\\\/www.purejewels.com\\\/product\\\/22ct-gold-armari-hoop-bali-48029\\\/#primaryimage\"},\"image\":{\"@id\":\"https:\\\/\\\/www.purejewels.com\\\/product\\\/22ct-gold-armari-hoop-bali-48029\\\/#primaryimage\"},\"thumbnailUrl\":\"https:\\\/\\\/static.purejewels.com\\\/wp-content\\\/uploads\\\/2024\\\/06\\\/48029.png\",\"datePublished\":\"2024-06-17T05:18:28+00:00\",\"dateModified\":\"2025-01-17T06:46:55+00:00\",\"description\":\"Our 22ct gold Armari Hoop Bali features a single dangler for captivating movement. Shop statement earrings & elevate your look.\",\"breadcrumb\":{\"@id\":\"https:\\\/\\\/www.purejewels.com\\\/product\\\/22ct-gold-armari-hoop-bali-48029\\\/#breadcrumb\"},\"inLanguage\":\"de\",\"potentialAction\":[{\"@type\":\"ReadAction\",\"target\":[\"https:\\\/\\\/www.purejewels.com\\\/product\\\/22ct-gold-armari-hoop-bali-48029\\\/\"]}]},{\"@type\":\"ImageObject\",\"inLanguage\":\"de\",\"@id\":\"https:\\\/\\\/www.purejewels.com\\\/product\\\/22ct-gold-armari-hoop-bali-48029\\\/#primaryimage\",\"url\":\"https:\\\/\\\/static.purejewels.com\\\/wp-content\\\/uploads\\\/2024\\\/06\\\/48029.png\",\"contentUrl\":\"https:\\\/\\\/static.purejewels.com\\\/wp-content\\\/uploads\\\/2024\\\/06\\\/48029.png\",\"width\":1000,\"height\":1000,\"caption\":\"22ct Gold Hoop\"},{\"@type\":\"BreadcrumbList\",\"@id\":\"https:\\\/\\\/www.purejewels.com\\\/product\\\/22ct-gold-armari-hoop-bali-48029\\\/#breadcrumb\",\"itemListElement\":[{\"@type\":\"ListItem\",\"position\":1,\"name\":\"Home\",\"item\":\"https:\\\/\\\/www.purejewels.com\\\/\"},{\"@type\":\"ListItem\",\"position\":2,\"name\":\"Shop\",\"item\":\"https:\\\/\\\/www.purejewels.com\\\/shop\\\/\"},{\"@type\":\"ListItem\",\"position\":3,\"name\":\"22ct Gold Armari Hoop Bali\"}]},{\"@type\":\"WebSite\",\"@id\":\"https:\\\/\\\/www.purejewels.com\\\/#website\",\"url\":\"https:\\\/\\\/www.purejewels.com\\\/\",\"name\":\"PureJewels UK\",\"description\":\"Share the Love\",\"publisher\":{\"@id\":\"https:\\\/\\\/www.purejewels.com\\\/#organization\"},\"potentialAction\":[{\"@type\":\"SearchAction\",\"target\":{\"@type\":\"EntryPoint\",\"urlTemplate\":\"https:\\\/\\\/www.purejewels.com\\\/?s={search_term_string}\"},\"query-input\":{\"@type\":\"PropertyValueSpecification\",\"valueRequired\":true,\"valueName\":\"search_term_string\"}}],\"inLanguage\":\"de\"},{\"@type\":\"Organization\",\"@id\":\"https:\\\/\\\/www.purejewels.com\\\/#organization\",\"name\":\"PureJewels UK\",\"url\":\"https:\\\/\\\/www.purejewels.com\\\/\",\"logo\":{\"@type\":\"ImageObject\",\"inLanguage\":\"de\",\"@id\":\"https:\\\/\\\/www.purejewels.com\\\/#\\\/schema\\\/logo\\\/image\\\/\",\"url\":\"https:\\\/\\\/static.purejewels.com\\\/wp-content\\\/uploads\\\/2020\\\/11\\\/Logo-PJ-New-1.png\",\"contentUrl\":\"https:\\\/\\\/static.purejewels.com\\\/wp-content\\\/uploads\\\/2020\\\/11\\\/Logo-PJ-New-1.png\",\"width\":150,\"height\":80,\"caption\":\"PureJewels UK\"},\"image\":{\"@id\":\"https:\\\/\\\/www.purejewels.com\\\/#\\\/schema\\\/logo\\\/image\\\/\"}}]}<\/script>\n<!-- \/ Yoast SEO plugin. -->","yoast_head_json":{"title":"22ct Gold Armari Hoop Bali online kaufen | PureJewels UK","description":"Unser Armari Hoop Bali aus 22-kar\u00e4tigem Gold verf\u00fcgt \u00fcber einen einzelnen B\u00fcgel f\u00fcr eine fesselnde Bewegung. Kaufen Sie Statement-Ohrringe und werten Sie Ihren Look auf.","robots":{"index":"index","follow":"follow","max-snippet":"max-snippet:-1","max-image-preview":"max-image-preview:large","max-video-preview":"max-video-preview:-1"},"canonical":"https:\/\/www.purejewels.com\/de\/produkt-2\/22-kt-gold-armari-reifen-bali-48029\/","og_locale":"de_DE","og_type":"article","og_title":"Buy 22ct Gold Armari Hoop Bali online | PureJewels UK","og_description":"Our 22ct gold Armari Hoop Bali features a single dangler for captivating movement. Shop statement earrings & elevate your look.","og_url":"https:\/\/www.purejewels.com\/de\/produkt-2\/22-kt-gold-armari-reifen-bali-48029\/","og_site_name":"PureJewels UK","article_modified_time":"2025-01-17T06:46:55+00:00","og_image":[{"width":1000,"height":1000,"url":"https:\/\/www.purejewels.com\/wp-content\/uploads\/2024\/06\/48029.png","type":"image\/png"}],"twitter_card":"summary_large_image","twitter_misc":{"Gesch\u00e4tzte Lesezeit":"1\u00a0Minute"},"schema":{"@context":"https:\/\/schema.org","@graph":[{"@type":["WebPage","ItemPage"],"@id":"https:\/\/www.purejewels.com\/product\/22ct-gold-armari-hoop-bali-48029\/","url":"https:\/\/www.purejewels.com\/product\/22ct-gold-armari-hoop-bali-48029\/","name":"22ct Gold Armari Hoop Bali online kaufen | PureJewels UK","isPartOf":{"@id":"https:\/\/www.purejewels.com\/#website"},"primaryImageOfPage":{"@id":"https:\/\/www.purejewels.com\/product\/22ct-gold-armari-hoop-bali-48029\/#primaryimage"},"image":{"@id":"https:\/\/www.purejewels.com\/product\/22ct-gold-armari-hoop-bali-48029\/#primaryimage"},"thumbnailUrl":"https:\/\/static.purejewels.com\/wp-content\/uploads\/2024\/06\/48029.png","datePublished":"2024-06-17T05:18:28+00:00","dateModified":"2025-01-17T06:46:55+00:00","description":"Unser Armari Hoop Bali aus 22-kar\u00e4tigem Gold verf\u00fcgt \u00fcber einen einzelnen B\u00fcgel f\u00fcr eine fesselnde Bewegung. Kaufen Sie Statement-Ohrringe und werten Sie Ihren Look auf.","breadcrumb":{"@id":"https:\/\/www.purejewels.com\/product\/22ct-gold-armari-hoop-bali-48029\/#breadcrumb"},"inLanguage":"de","potentialAction":[{"@type":"ReadAction","target":["https:\/\/www.purejewels.com\/product\/22ct-gold-armari-hoop-bali-48029\/"]}]},{"@type":"ImageObject","inLanguage":"de","@id":"https:\/\/www.purejewels.com\/product\/22ct-gold-armari-hoop-bali-48029\/#primaryimage","url":"https:\/\/static.purejewels.com\/wp-content\/uploads\/2024\/06\/48029.png","contentUrl":"https:\/\/static.purejewels.com\/wp-content\/uploads\/2024\/06\/48029.png","width":1000,"height":1000,"caption":"22ct Gold Hoop"},{"@type":"BreadcrumbList","@id":"https:\/\/www.purejewels.com\/product\/22ct-gold-armari-hoop-bali-48029\/#breadcrumb","itemListElement":[{"@type":"ListItem","position":1,"name":"Home","item":"https:\/\/www.purejewels.com\/"},{"@type":"ListItem","position":2,"name":"Shop","item":"https:\/\/www.purejewels.com\/shop\/"},{"@type":"ListItem","position":3,"name":"22ct Gold Armari Hoop Bali"}]},{"@type":"WebSite","@id":"https:\/\/www.purejewels.com\/#website","url":"https:\/\/www.purejewels.com\/","name":"PureJewels UK","description":"Teile die Liebe","publisher":{"@id":"https:\/\/www.purejewels.com\/#organization"},"potentialAction":[{"@type":"SearchAction","target":{"@type":"EntryPoint","urlTemplate":"https:\/\/www.purejewels.com\/?s={search_term_string}"},"query-input":{"@type":"PropertyValueSpecification","valueRequired":true,"valueName":"search_term_string"}}],"inLanguage":"de"},{"@type":"Organization","@id":"https:\/\/www.purejewels.com\/#organization","name":"PureJewels UK","url":"https:\/\/www.purejewels.com\/","logo":{"@type":"ImageObject","inLanguage":"de","@id":"https:\/\/www.purejewels.com\/#\/schema\/logo\/image\/","url":"https:\/\/static.purejewels.com\/wp-content\/uploads\/2020\/11\/Logo-PJ-New-1.png","contentUrl":"https:\/\/static.purejewels.com\/wp-content\/uploads\/2020\/11\/Logo-PJ-New-1.png","width":150,"height":80,"caption":"PureJewels UK"},"image":{"@id":"https:\/\/www.purejewels.com\/#\/schema\/logo\/image\/"}}]}},"_links":{"self":[{"href":"https:\/\/www.purejewels.com\/de\/wp-json\/wp\/v2\/product\/364720","targetHints":{"allow":["GET"]}}],"collection":[{"href":"https:\/\/www.purejewels.com\/de\/wp-json\/wp\/v2\/product"}],"about":[{"href":"https:\/\/www.purejewels.com\/de\/wp-json\/wp\/v2\/types\/product"}],"replies":[{"embeddable":true,"href":"https:\/\/www.purejewels.com\/de\/wp-json\/wp\/v2\/comments?post=364720"}],"version-history":[{"count":1,"href":"https:\/\/www.purejewels.com\/de\/wp-json\/wp\/v2\/product\/364720\/revisions"}],"predecessor-version":[{"id":364738,"href":"https:\/\/www.purejewels.com\/de\/wp-json\/wp\/v2\/product\/364720\/revisions\/364738"}],"wp:featuredmedia":[{"embeddable":true,"href":"https:\/\/www.purejewels.com\/de\/wp-json\/wp\/v2\/media\/364730"}],"wp:attachment":[{"href":"https:\/\/www.purejewels.com\/de\/wp-json\/wp\/v2\/media?parent=364720"}],"wp:term":[{"taxonomy":"product_brand","embeddable":true,"href":"https:\/\/www.purejewels.com\/de\/wp-json\/wp\/v2\/product_brand?post=364720"},{"taxonomy":"product_cat","embeddable":true,"href":"https:\/\/www.purejewels.com\/de\/wp-json\/wp\/v2\/product_cat?post=364720"},{"taxonomy":"product_tag","embeddable":true,"href":"https:\/\/www.purejewels.com\/de\/wp-json\/wp\/v2\/product_tag?post=364720"}],"curies":[{"name":"wp","href":"https:\/\/api.w.org\/{rel}","templated":true}]}}