{"id":364746,"date":"2024-06-17T06:38:46","date_gmt":"2024-06-17T05:38:46","guid":{"rendered":"https:\/\/www.purejewels.com\/?post_type=product&#038;p=364746"},"modified":"2025-01-17T06:46:51","modified_gmt":"2025-01-17T06:46:51","slug":"22-karat-goldreifen-bali-mit-blumenanhanger-48031","status":"publish","type":"product","link":"https:\/\/www.purejewels.com\/de\/product\/22ct-gold-hoop-bali-with-flower-dangler-48031\/","title":{"rendered":"22ct Gold Reifen Bali mit Blume Dangler"},"content":{"rendered":"<h2 class=\"\" data-sourcepos=\"1:1-1:67\">Umarmung Insel Eleganz: 22ct Gold Hoop Bali mit Blume Dangler<\/h2>\n<p data-sourcepos=\"3:1-3:87\">Tauchen Sie ein in den Geist des Paradieses mit dem bezaubernden <a href=\"https:\/\/www.purejewels.com\/de\/product\/22ct-gold-jali-filigree-ring-jali-collection-31926\/\">22ct<\/a> Goldener Bali-Reifen mit Blumenanh\u00e4nger. Diese bezaubernden Ohrringe verschmelzen nahtlos den zeitlosen Reiz des balinesischen Designs mit einem Hauch von floralem Charme und schaffen so ein fesselndes St\u00fcck, das Ihren einzigartigen Stil zelebriert.<\/p>\n<p data-sourcepos=\"5:1-5:36\"><strong>Verw\u00f6hnen Sie sich mit luxuri\u00f6ser Raffinesse:<\/strong><\/p>\n<ul data-sourcepos=\"7:1-7:63\">\n<li data-sourcepos=\"7:1-7:63\"><strong><a href=\"https:\/\/www.purejewels.com\/de\/product\/holy-cross-gold-pendant-44713\/\">22ct Gold<\/a>:<\/strong>\u00a0Genie\u00dfen Sie den strahlenden Glanz von echtem 22-kar\u00e4tigem Gold, das f\u00fcr seine hervorragende Qualit\u00e4t und zeitlose Sch\u00f6nheit bekannt ist.<\/li>\n<li data-sourcepos=\"8:1-8:113\"><strong>Hoop Bali Design:<\/strong>\u00a0Die klassische Reifensilhouette, die in Handarbeit gefertigt wird und m\u00fchelose Eleganz ausstrahlt, ist eine Hommage an das reiche kulturelle Erbe von Bali.<\/li>\n<li data-sourcepos=\"9:1-10:0\"><strong>Floral Dangler:<\/strong>\u00a0Ein zarter Blumenanh\u00e4nger sorgt f\u00fcr einen Hauch von skurrilem Charme, bl\u00fcht mit subtiler Bewegung und einem Hauch von Inselflair.<\/li>\n<\/ul>\n<p data-sourcepos=\"11:1-11:46\"><strong>M\u00fchelose Vielseitigkeit f\u00fcr jede Gelegenheit:<\/strong><\/p>\n<ul data-sourcepos=\"13:1-14:105\">\n<li data-sourcepos=\"13:1-13:174\"><strong>Allt\u00e4glicher Reiz:<\/strong>\u00a0Durch ihr geringes Gewicht und ihr fesselndes Design sind diese Ohrringe perfekt f\u00fcr den Alltag geeignet und verleihen Ihrer Freizeitkleidung einen Hauch von b\u00f6hmischer Eleganz.<\/li>\n<li data-sourcepos=\"14:1-14:105\"><strong>Erkl\u00e4rung zum Festival:<\/strong>\u00a0Beeindrucken Sie auf Sommerfesten und bei Veranstaltungen im Freien. Der florale Dangler passt wunderbar zu floralen Prints und unbeschwerten Styles.<\/li>\n<li data-sourcepos=\"15:1-16:0\"><strong>Ein Must-Have f\u00fcr den Urlaub:<\/strong>\u00a0Halten Sie mit diesen Ohrringen die Essenz Ihres Inselurlaubs fest. Sie sind eine sch\u00f6ne Erinnerung an sonnenverw\u00f6hnte Tage und laue N\u00e4chte.<\/li>\n<\/ul>\n<p data-sourcepos=\"17:1-17:25\"><strong>Ein Geschenk, das aufbl\u00fcht:<\/strong><\/p>\n<ul data-sourcepos=\"19:1-20:0\">\n<li data-sourcepos=\"19:1-20:0\"><strong>Durchdachtes Geschenk:<\/strong>\u00a0\u00dcberraschen Sie einen besonderen Menschen mit einem Geschenk, das seinen Abenteuergeist und seine Liebe zu sch\u00f6nen Details unterstreicht. Die <a href=\"https:\/\/www.purejewels.com\/de\/product\/22ct-gold-hoop-earring-51867\/\">22ct Gold Reifen<\/a> Bali mit Flower Dangler ist ein Geschenk, an das man sich noch jahrelang erinnern wird.<\/li>\n<\/ul>\n<p data-sourcepos=\"21:1-21:20\"><strong>Einzelheiten zum Produkt:<\/strong><\/p>\n<ul data-sourcepos=\"23:1-25:0\">\n<li data-sourcepos=\"23:1-23:21\">Material: 22ct Gold<\/li>\n<li data-sourcepos=\"24:1-25:0\">Stil: Hoop Bali mit Blume Dangler<\/li>\n<\/ul>\n<p data-sourcepos=\"26:1-26:130\"><strong>Lassen Sie sich von Ihrem Fernweh anstecken und erbl\u00fchen Sie mit Zuversicht. F\u00fcgen Sie den 22ct Gold Hoop Bali mit Blumenanh\u00e4nger noch heute Ihrer Kollektion hinzu!<\/strong><\/p>","protected":false},"excerpt":{"rendered":"<div class=\"woocommerce-product-details__short-description\">\n<table class=\"sh_desc\">\n<tbody>\n<tr>\n<td>Art des Ohrrings<\/td>\n<td>Hoop-Ohrring mit Tr\u00f6pfchen<\/td>\n<\/tr>\n<tr>\n<td>SKU<\/td>\n<td>48031<\/td>\n<\/tr>\n<tr>\n<td>Gewicht<\/td>\n<td>2,5 Gramm<\/td>\n<\/tr>\n<tr>\n<td>Abmessung<\/td>\n<td>25 mm Au\u00dfendurchmesser, 1,4 mm Dicke<\/td>\n<\/tr>\n<tr>\n<td>Metall<\/td>\n<td>22ct Gold<\/td>\n<\/tr>\n<tr>\n<td>Geschlecht<\/td>\n<td>Damen<\/td>\n<\/tr>\n<tr>\n<td>Entgelte<\/td>\n<td>Lieferung und Mehrwertsteuer inbegriffen<\/td>\n<\/tr>\n<tr>\n<td>Verpackung<\/td>\n<td>Mit Pr\u00e4sentationsbox<\/td>\n<\/tr>\n<tr>\n<td>Mehr Informationen<\/td>\n<td>Live-Chat mit uns f\u00fcr Verf\u00fcgbarkeit und mehr Bilder<\/td>\n<\/tr>\n<\/tbody>\n<\/table>\n<\/div>\n<div class=\"btn-atc atc-slide\"><\/div>\n<div class=\"product_meta\"><\/div>","protected":false},"featured_media":364748,"comment_status":"closed","ping_status":"closed","template":"","meta":{"_eb_attr":"","_crsspst_to_jayantr4sg-hostcom":false},"product_brand":[],"product_cat":[1791,245,5639,1559,1793,5701,1792,1790,1254,1229,1579,5344,1575,1574],"product_tag":[66],"class_list":{"0":"post-364746","1":"product","2":"type-product","3":"status-publish","4":"has-post-thumbnail","6":"product_cat-anniversary-gifts","7":"product_cat-armari-collections","8":"product_cat-armari-earring","9":"product_cat-birthday-gifts","10":"product_cat-diwali-gifts","11":"product_cat-eid-jewellery","12":"product_cat-festival-gifts","13":"product_cat-for-whom-when","14":"product_cat-gold-earrings","15":"product_cat-22ct-gold-jewellery","16":"product_cat-hoop-earrings","17":"product_cat-jewellery-under-750","18":"product_cat-teenage-jewellery","19":"product_cat-womens-jewellery","20":"product_tag-earrings","22":"first","23":"outofstock","24":"taxable","25":"shipping-taxable","26":"product-type-simple","27":"add-to-wishlist-before_image"},"yoast_head":"<!-- This site is optimized with the Yoast SEO plugin v27.3 - https:\/\/yoast.com\/product\/yoast-seo-wordpress\/ -->\n<title>22ct Gold Hoop Bali with Flower Dangler | PureJewels UK<\/title>\n<meta name=\"description\" content=\"Enhance your elegance with our 22ct Gold Hoop Bali Earrings featuring a delicate Flower Dangler. Discover timeless beauty and exceptional craftsmanship.\" \/>\n<meta name=\"robots\" content=\"index, follow, max-snippet:-1, max-image-preview:large, max-video-preview:-1\" \/>\n<link rel=\"canonical\" href=\"https:\/\/www.purejewels.com\/de\/produkt-2\/22-karat-goldreifen-bali-mit-blumenanhanger-48031\/\" \/>\n<meta property=\"og:locale\" content=\"de_DE\" \/>\n<meta property=\"og:type\" content=\"article\" \/>\n<meta property=\"og:title\" content=\"22ct Gold Hoop Bali with Flower Dangler | PureJewels UK\" \/>\n<meta property=\"og:description\" content=\"Enhance your elegance with our 22ct Gold Hoop Bali Earrings featuring a delicate Flower Dangler. Discover timeless beauty and exceptional craftsmanship.\" \/>\n<meta property=\"og:url\" content=\"https:\/\/www.purejewels.com\/de\/produkt-2\/22-karat-goldreifen-bali-mit-blumenanhanger-48031\/\" \/>\n<meta property=\"og:site_name\" content=\"PureJewels UK\" \/>\n<meta property=\"article:modified_time\" content=\"2025-01-17T06:46:51+00:00\" \/>\n<meta property=\"og:image\" content=\"https:\/\/www.purejewels.com\/wp-content\/uploads\/2024\/06\/48031.png\" \/>\n\t<meta property=\"og:image:width\" content=\"1000\" \/>\n\t<meta property=\"og:image:height\" content=\"1000\" \/>\n\t<meta property=\"og:image:type\" content=\"image\/png\" \/>\n<meta name=\"twitter:card\" content=\"summary_large_image\" \/>\n<meta name=\"twitter:label1\" content=\"Gesch\u00e4tzte Lesezeit\" \/>\n\t<meta name=\"twitter:data1\" content=\"1\u00a0Minute\" \/>\n<script type=\"application\/ld+json\" class=\"yoast-schema-graph\">{\"@context\":\"https:\\\/\\\/schema.org\",\"@graph\":[{\"@type\":[\"WebPage\",\"ItemPage\"],\"@id\":\"https:\\\/\\\/www.purejewels.com\\\/product\\\/22ct-gold-hoop-bali-with-flower-dangler-48031\\\/\",\"url\":\"https:\\\/\\\/www.purejewels.com\\\/product\\\/22ct-gold-hoop-bali-with-flower-dangler-48031\\\/\",\"name\":\"22ct Gold Hoop Bali with Flower Dangler | PureJewels UK\",\"isPartOf\":{\"@id\":\"https:\\\/\\\/www.purejewels.com\\\/#website\"},\"primaryImageOfPage\":{\"@id\":\"https:\\\/\\\/www.purejewels.com\\\/product\\\/22ct-gold-hoop-bali-with-flower-dangler-48031\\\/#primaryimage\"},\"image\":{\"@id\":\"https:\\\/\\\/www.purejewels.com\\\/product\\\/22ct-gold-hoop-bali-with-flower-dangler-48031\\\/#primaryimage\"},\"thumbnailUrl\":\"https:\\\/\\\/static.purejewels.com\\\/wp-content\\\/uploads\\\/2024\\\/06\\\/48031.png\",\"datePublished\":\"2024-06-17T05:38:46+00:00\",\"dateModified\":\"2025-01-17T06:46:51+00:00\",\"description\":\"Enhance your elegance with our 22ct Gold Hoop Bali Earrings featuring a delicate Flower Dangler. Discover timeless beauty and exceptional craftsmanship.\",\"breadcrumb\":{\"@id\":\"https:\\\/\\\/www.purejewels.com\\\/product\\\/22ct-gold-hoop-bali-with-flower-dangler-48031\\\/#breadcrumb\"},\"inLanguage\":\"de\",\"potentialAction\":[{\"@type\":\"ReadAction\",\"target\":[\"https:\\\/\\\/www.purejewels.com\\\/product\\\/22ct-gold-hoop-bali-with-flower-dangler-48031\\\/\"]}]},{\"@type\":\"ImageObject\",\"inLanguage\":\"de\",\"@id\":\"https:\\\/\\\/www.purejewels.com\\\/product\\\/22ct-gold-hoop-bali-with-flower-dangler-48031\\\/#primaryimage\",\"url\":\"https:\\\/\\\/static.purejewels.com\\\/wp-content\\\/uploads\\\/2024\\\/06\\\/48031.png\",\"contentUrl\":\"https:\\\/\\\/static.purejewels.com\\\/wp-content\\\/uploads\\\/2024\\\/06\\\/48031.png\",\"width\":1000,\"height\":1000,\"caption\":\"22ct Gold Hoop Earring\"},{\"@type\":\"BreadcrumbList\",\"@id\":\"https:\\\/\\\/www.purejewels.com\\\/product\\\/22ct-gold-hoop-bali-with-flower-dangler-48031\\\/#breadcrumb\",\"itemListElement\":[{\"@type\":\"ListItem\",\"position\":1,\"name\":\"Home\",\"item\":\"https:\\\/\\\/www.purejewels.com\\\/\"},{\"@type\":\"ListItem\",\"position\":2,\"name\":\"Shop\",\"item\":\"https:\\\/\\\/www.purejewels.com\\\/shop\\\/\"},{\"@type\":\"ListItem\",\"position\":3,\"name\":\"22ct Gold Hoop Bali with Flower Dangler\"}]},{\"@type\":\"WebSite\",\"@id\":\"https:\\\/\\\/www.purejewels.com\\\/#website\",\"url\":\"https:\\\/\\\/www.purejewels.com\\\/\",\"name\":\"PureJewels UK\",\"description\":\"Share the Love\",\"publisher\":{\"@id\":\"https:\\\/\\\/www.purejewels.com\\\/#organization\"},\"potentialAction\":[{\"@type\":\"SearchAction\",\"target\":{\"@type\":\"EntryPoint\",\"urlTemplate\":\"https:\\\/\\\/www.purejewels.com\\\/?s={search_term_string}\"},\"query-input\":{\"@type\":\"PropertyValueSpecification\",\"valueRequired\":true,\"valueName\":\"search_term_string\"}}],\"inLanguage\":\"de\"},{\"@type\":\"Organization\",\"@id\":\"https:\\\/\\\/www.purejewels.com\\\/#organization\",\"name\":\"PureJewels UK\",\"url\":\"https:\\\/\\\/www.purejewels.com\\\/\",\"logo\":{\"@type\":\"ImageObject\",\"inLanguage\":\"de\",\"@id\":\"https:\\\/\\\/www.purejewels.com\\\/#\\\/schema\\\/logo\\\/image\\\/\",\"url\":\"https:\\\/\\\/static.purejewels.com\\\/wp-content\\\/uploads\\\/2020\\\/11\\\/Logo-PJ-New-1.png\",\"contentUrl\":\"https:\\\/\\\/static.purejewels.com\\\/wp-content\\\/uploads\\\/2020\\\/11\\\/Logo-PJ-New-1.png\",\"width\":150,\"height\":80,\"caption\":\"PureJewels UK\"},\"image\":{\"@id\":\"https:\\\/\\\/www.purejewels.com\\\/#\\\/schema\\\/logo\\\/image\\\/\"}}]}<\/script>\n<!-- \/ Yoast SEO plugin. -->","yoast_head_json":{"title":"22ct Gold Hoop Bali mit Blume Dangler | PureJewels UK","description":"Unterstreichen Sie Ihre Eleganz mit unseren Bali-Ohrringen aus 22-kar\u00e4tigem Gold, die mit einer zarten Blume verziert sind. Entdecken Sie zeitlose Sch\u00f6nheit und au\u00dfergew\u00f6hnliche Handwerkskunst.","robots":{"index":"index","follow":"follow","max-snippet":"max-snippet:-1","max-image-preview":"max-image-preview:large","max-video-preview":"max-video-preview:-1"},"canonical":"https:\/\/www.purejewels.com\/de\/produkt-2\/22-karat-goldreifen-bali-mit-blumenanhanger-48031\/","og_locale":"de_DE","og_type":"article","og_title":"22ct Gold Hoop Bali with Flower Dangler | PureJewels UK","og_description":"Enhance your elegance with our 22ct Gold Hoop Bali Earrings featuring a delicate Flower Dangler. Discover timeless beauty and exceptional craftsmanship.","og_url":"https:\/\/www.purejewels.com\/de\/produkt-2\/22-karat-goldreifen-bali-mit-blumenanhanger-48031\/","og_site_name":"PureJewels UK","article_modified_time":"2025-01-17T06:46:51+00:00","og_image":[{"width":1000,"height":1000,"url":"https:\/\/www.purejewels.com\/wp-content\/uploads\/2024\/06\/48031.png","type":"image\/png"}],"twitter_card":"summary_large_image","twitter_misc":{"Gesch\u00e4tzte Lesezeit":"1\u00a0Minute"},"schema":{"@context":"https:\/\/schema.org","@graph":[{"@type":["WebPage","ItemPage"],"@id":"https:\/\/www.purejewels.com\/product\/22ct-gold-hoop-bali-with-flower-dangler-48031\/","url":"https:\/\/www.purejewels.com\/product\/22ct-gold-hoop-bali-with-flower-dangler-48031\/","name":"22ct Gold Hoop Bali mit Blume Dangler | PureJewels UK","isPartOf":{"@id":"https:\/\/www.purejewels.com\/#website"},"primaryImageOfPage":{"@id":"https:\/\/www.purejewels.com\/product\/22ct-gold-hoop-bali-with-flower-dangler-48031\/#primaryimage"},"image":{"@id":"https:\/\/www.purejewels.com\/product\/22ct-gold-hoop-bali-with-flower-dangler-48031\/#primaryimage"},"thumbnailUrl":"https:\/\/static.purejewels.com\/wp-content\/uploads\/2024\/06\/48031.png","datePublished":"2024-06-17T05:38:46+00:00","dateModified":"2025-01-17T06:46:51+00:00","description":"Unterstreichen Sie Ihre Eleganz mit unseren Bali-Ohrringen aus 22-kar\u00e4tigem Gold, die mit einer zarten Blume verziert sind. Entdecken Sie zeitlose Sch\u00f6nheit und au\u00dfergew\u00f6hnliche Handwerkskunst.","breadcrumb":{"@id":"https:\/\/www.purejewels.com\/product\/22ct-gold-hoop-bali-with-flower-dangler-48031\/#breadcrumb"},"inLanguage":"de","potentialAction":[{"@type":"ReadAction","target":["https:\/\/www.purejewels.com\/product\/22ct-gold-hoop-bali-with-flower-dangler-48031\/"]}]},{"@type":"ImageObject","inLanguage":"de","@id":"https:\/\/www.purejewels.com\/product\/22ct-gold-hoop-bali-with-flower-dangler-48031\/#primaryimage","url":"https:\/\/static.purejewels.com\/wp-content\/uploads\/2024\/06\/48031.png","contentUrl":"https:\/\/static.purejewels.com\/wp-content\/uploads\/2024\/06\/48031.png","width":1000,"height":1000,"caption":"22ct Gold Hoop Earring"},{"@type":"BreadcrumbList","@id":"https:\/\/www.purejewels.com\/product\/22ct-gold-hoop-bali-with-flower-dangler-48031\/#breadcrumb","itemListElement":[{"@type":"ListItem","position":1,"name":"Home","item":"https:\/\/www.purejewels.com\/"},{"@type":"ListItem","position":2,"name":"Shop","item":"https:\/\/www.purejewels.com\/shop\/"},{"@type":"ListItem","position":3,"name":"22ct Gold Hoop Bali with Flower Dangler"}]},{"@type":"WebSite","@id":"https:\/\/www.purejewels.com\/#website","url":"https:\/\/www.purejewels.com\/","name":"PureJewels UK","description":"Teile die Liebe","publisher":{"@id":"https:\/\/www.purejewels.com\/#organization"},"potentialAction":[{"@type":"SearchAction","target":{"@type":"EntryPoint","urlTemplate":"https:\/\/www.purejewels.com\/?s={search_term_string}"},"query-input":{"@type":"PropertyValueSpecification","valueRequired":true,"valueName":"search_term_string"}}],"inLanguage":"de"},{"@type":"Organization","@id":"https:\/\/www.purejewels.com\/#organization","name":"PureJewels UK","url":"https:\/\/www.purejewels.com\/","logo":{"@type":"ImageObject","inLanguage":"de","@id":"https:\/\/www.purejewels.com\/#\/schema\/logo\/image\/","url":"https:\/\/static.purejewels.com\/wp-content\/uploads\/2020\/11\/Logo-PJ-New-1.png","contentUrl":"https:\/\/static.purejewels.com\/wp-content\/uploads\/2020\/11\/Logo-PJ-New-1.png","width":150,"height":80,"caption":"PureJewels UK"},"image":{"@id":"https:\/\/www.purejewels.com\/#\/schema\/logo\/image\/"}}]}},"_links":{"self":[{"href":"https:\/\/www.purejewels.com\/de\/wp-json\/wp\/v2\/product\/364746","targetHints":{"allow":["GET"]}}],"collection":[{"href":"https:\/\/www.purejewels.com\/de\/wp-json\/wp\/v2\/product"}],"about":[{"href":"https:\/\/www.purejewels.com\/de\/wp-json\/wp\/v2\/types\/product"}],"replies":[{"embeddable":true,"href":"https:\/\/www.purejewels.com\/de\/wp-json\/wp\/v2\/comments?post=364746"}],"version-history":[{"count":1,"href":"https:\/\/www.purejewels.com\/de\/wp-json\/wp\/v2\/product\/364746\/revisions"}],"predecessor-version":[{"id":364753,"href":"https:\/\/www.purejewels.com\/de\/wp-json\/wp\/v2\/product\/364746\/revisions\/364753"}],"wp:featuredmedia":[{"embeddable":true,"href":"https:\/\/www.purejewels.com\/de\/wp-json\/wp\/v2\/media\/364748"}],"wp:attachment":[{"href":"https:\/\/www.purejewels.com\/de\/wp-json\/wp\/v2\/media?parent=364746"}],"wp:term":[{"taxonomy":"product_brand","embeddable":true,"href":"https:\/\/www.purejewels.com\/de\/wp-json\/wp\/v2\/product_brand?post=364746"},{"taxonomy":"product_cat","embeddable":true,"href":"https:\/\/www.purejewels.com\/de\/wp-json\/wp\/v2\/product_cat?post=364746"},{"taxonomy":"product_tag","embeddable":true,"href":"https:\/\/www.purejewels.com\/de\/wp-json\/wp\/v2\/product_tag?post=364746"}],"curies":[{"name":"wp","href":"https:\/\/api.w.org\/{rel}","templated":true}]}}