{"id":364757,"date":"2024-05-17T06:56:40","date_gmt":"2024-05-17T05:56:40","guid":{"rendered":"https:\/\/www.purejewels.com\/?post_type=product&#038;p=364757"},"modified":"2026-03-18T09:12:26","modified_gmt":"2026-03-18T09:12:26","slug":"22-karat-gold-bali-48032","status":"publish","type":"product","link":"https:\/\/www.purejewels.com\/de\/product\/22ct-gold-bali-48032\/","title":{"rendered":"Armari 22ct Gold Ovale Creolen Tropfenohrringe"},"content":{"rendered":"<p><a href=\"https:\/\/www.purejewels.com\/de\/product\/22ct-gold-jali-filigree-ring-jali-collection-31926\/\">22ct<\/a> Gold Armari <a href=\"https:\/\/www.purejewels.com\/de\/product\/22kt-gold-daily-wear-hoop-earring-41670\/\">Reif-Ohrringe<\/a> mit <a href=\"https:\/\/www.purejewels.com\/de\/armari-collection\/\">Pr\u00e4gung<\/a> sind eine atemberaubende Wahl! Die Pr\u00e4getechnik verleiht den Ohrringen eine einzigartige Textur und ein kompliziertes Design, das sie mit ihrem Design hervorhebt. <a href=\"https:\/\/www.purejewels.com\/de\/handmade-gold-jewellery\/\">handgefertigt<\/a> <a href=\"https:\/\/www.purejewels.com\/de\/a-guide-to-die-stamping\/\">Handwerkskunst<\/a>. Im Folgenden erfahren Sie mehr dar\u00fcber, was Sie von einem solchen St\u00fcck erwarten k\u00f6nnen:<\/p>\n<ol>\n<li><strong>Handwerkliches K\u00f6nnen<\/strong>: Handgefertigter Schmuck wie diese Ohrringe zeichnet sich oft durch eine besondere Liebe zum Detail aus. Bei der Pr\u00e4getechnik werden erhabene Muster oder Designs auf der Goldoberfl\u00e4che erzeugt, die dem Schmuck Tiefe und eine taktile Qualit\u00e4t verleihen.<\/li>\n<li><strong>Gestaltung<\/strong>: Das Design kann von klassisch und schlicht bis hin zu aufwendig und verziert reichen, je nach den Vorstellungen des Kunsthandwerkers. Die Pr\u00e4gung kann einen Hauch von Eleganz und Raffinesse verleihen.<\/li>\n<li><strong>Dauerhaftigkeit<\/strong>: W\u00e4hrend <a href=\"https:\/\/www.purejewels.com\/de\/product\/holy-cross-gold-pendant-44713\/\">22 Karat Gold<\/a> im Vergleich zu niedrigkar\u00e4tigem Gold recht weich ist, kann die Pr\u00e4getechnik eine gewisse strukturelle Festigkeit verleihen. Dennoch ist es wichtig, mit ihnen vorsichtig umzugehen, um Kratzer oder Dellen zu vermeiden.<\/li>\n<li><strong>Styling<\/strong>: Diese Ohrringe d\u00fcrften eine vielseitige Erg\u00e4nzung Ihrer Schmucksammlung sein. Sie k\u00f6nnen sowohl formelle als auch legere Outfits aufwerten und ihnen einen Hauch von Luxus und Raffinesse verleihen.<\/li>\n<\/ol>","protected":false},"excerpt":{"rendered":"<div class=\"woocommerce-product-details__short-description\">\n<table class=\"sh_desc\">\n<tbody>\n<tr>\n<td>Art des Ohrrings<\/td>\n<td>Hoop-Ohrring mit Tr\u00f6pfchen<\/td>\n<\/tr>\n<tr>\n<td>SKU<\/td>\n<td>48032<\/td>\n<\/tr>\n<tr>\n<td>Gewicht<\/td>\n<td>2.6 Gms<\/td>\n<\/tr>\n<tr>\n<td>Abmessung<\/td>\n<td>25 mm Au\u00dfendurchmesser, 1,4 mm Dicke<\/td>\n<\/tr>\n<tr>\n<td>Metall<\/td>\n<td>22ct Gold<\/td>\n<\/tr>\n<tr>\n<td>Geschlecht<\/td>\n<td>Damen<\/td>\n<\/tr>\n<tr>\n<td>Entgelte<\/td>\n<td>Lieferung und Mehrwertsteuer inbegriffen<\/td>\n<\/tr>\n<tr>\n<td>Verpackung<\/td>\n<td>Mit Pr\u00e4sentationsbox<\/td>\n<\/tr>\n<tr>\n<td>Mehr Informationen<\/td>\n<td>Live-Chat mit uns f\u00fcr Verf\u00fcgbarkeit und mehr Bilder<\/td>\n<\/tr>\n<\/tbody>\n<\/table>\n<\/div>\n<div class=\"btn-atc atc-slide\"><\/div>\n<div class=\"product_meta\"><\/div>","protected":false},"featured_media":364758,"comment_status":"closed","ping_status":"closed","template":"","meta":{"_eb_attr":"","_crsspst_to_jayantr4sg-hostcom":false},"product_brand":[],"product_cat":[1791,245,5639,6145,1559,5701,1792,1790,1254,1229,1579,1575,1574],"product_tag":[66],"class_list":{"0":"post-364757","1":"product","2":"type-product","3":"status-publish","4":"has-post-thumbnail","6":"product_cat-anniversary-gifts","7":"product_cat-armari-collections","8":"product_cat-armari-earring","9":"product_cat-armari-hoop-earring","10":"product_cat-birthday-gifts","11":"product_cat-eid-jewellery","12":"product_cat-festival-gifts","13":"product_cat-for-whom-when","14":"product_cat-gold-earrings","15":"product_cat-22ct-gold-jewellery","16":"product_cat-hoop-earrings","17":"product_cat-teenage-jewellery","18":"product_cat-womens-jewellery","19":"product_tag-earrings","21":"first","22":"onbackorder","23":"taxable","24":"shipping-taxable","25":"purchasable","26":"product-type-simple","27":"add-to-wishlist-before_image"},"yoast_head":"<!-- This site is optimized with the Yoast SEO plugin v27.5 - https:\/\/yoast.com\/product\/yoast-seo-wordpress\/ -->\n<title>Armari 22ct Gold Oval Hoop Earrings with Drop | PureJewels UK<\/title>\n<meta name=\"description\" content=\"Shop Armari 22ct gold oval hoop earrings with a delicate drop detail. Inspired by strength and protection, handcrafted and UK hallmarked.\" \/>\n<meta name=\"robots\" content=\"index, follow, max-snippet:-1, max-image-preview:large, max-video-preview:-1\" \/>\n<link rel=\"canonical\" href=\"https:\/\/www.purejewels.com\/de\/produkt-2\/22-karat-gold-bali-48032\/\" \/>\n<meta property=\"og:locale\" content=\"de_DE\" \/>\n<meta property=\"og:type\" content=\"article\" \/>\n<meta property=\"og:title\" content=\"Armari 22ct Gold Oval Hoop Earrings with Drop | PureJewels UK\" \/>\n<meta property=\"og:description\" content=\"Shop Armari 22ct gold oval hoop earrings with a delicate drop detail. Inspired by strength and protection, handcrafted and UK hallmarked.\" \/>\n<meta property=\"og:url\" content=\"https:\/\/www.purejewels.com\/de\/produkt-2\/22-karat-gold-bali-48032\/\" \/>\n<meta property=\"og:site_name\" content=\"PureJewels UK\" \/>\n<meta property=\"article:modified_time\" content=\"2026-03-18T09:12:26+00:00\" \/>\n<meta property=\"og:image\" content=\"https:\/\/static.purejewels.com\/wp-content\/uploads\/2024\/06\/48032.png\" \/>\n\t<meta property=\"og:image:width\" content=\"1000\" \/>\n\t<meta property=\"og:image:height\" content=\"1000\" \/>\n\t<meta property=\"og:image:type\" content=\"image\/png\" \/>\n<meta name=\"twitter:card\" content=\"summary_large_image\" \/>\n<meta name=\"twitter:label1\" content=\"Gesch\u00e4tzte Lesezeit\" \/>\n\t<meta name=\"twitter:data1\" content=\"1\u00a0Minute\" \/>\n<script type=\"application\/ld+json\" class=\"yoast-schema-graph\">{\"@context\":\"https:\\\/\\\/schema.org\",\"@graph\":[{\"@type\":[\"WebPage\",\"ItemPage\"],\"@id\":\"https:\\\/\\\/www.purejewels.com\\\/product\\\/22ct-gold-bali-48032\\\/\",\"url\":\"https:\\\/\\\/www.purejewels.com\\\/product\\\/22ct-gold-bali-48032\\\/\",\"name\":\"Armari 22ct Gold Oval Hoop Earrings with Drop | PureJewels UK\",\"isPartOf\":{\"@id\":\"https:\\\/\\\/www.purejewels.com\\\/#website\"},\"primaryImageOfPage\":{\"@id\":\"https:\\\/\\\/www.purejewels.com\\\/product\\\/22ct-gold-bali-48032\\\/#primaryimage\"},\"image\":{\"@id\":\"https:\\\/\\\/www.purejewels.com\\\/product\\\/22ct-gold-bali-48032\\\/#primaryimage\"},\"thumbnailUrl\":\"https:\\\/\\\/static.purejewels.com\\\/wp-content\\\/uploads\\\/2024\\\/06\\\/48032.png\",\"datePublished\":\"2024-05-17T05:56:40+00:00\",\"dateModified\":\"2026-03-18T09:12:26+00:00\",\"description\":\"Shop Armari 22ct gold oval hoop earrings with a delicate drop detail. Inspired by strength and protection, handcrafted and UK hallmarked.\",\"breadcrumb\":{\"@id\":\"https:\\\/\\\/www.purejewels.com\\\/product\\\/22ct-gold-bali-48032\\\/#breadcrumb\"},\"inLanguage\":\"de\",\"potentialAction\":[{\"@type\":\"ReadAction\",\"target\":[\"https:\\\/\\\/www.purejewels.com\\\/product\\\/22ct-gold-bali-48032\\\/\"]}]},{\"@type\":\"ImageObject\",\"inLanguage\":\"de\",\"@id\":\"https:\\\/\\\/www.purejewels.com\\\/product\\\/22ct-gold-bali-48032\\\/#primaryimage\",\"url\":\"https:\\\/\\\/static.purejewels.com\\\/wp-content\\\/uploads\\\/2024\\\/06\\\/48032.png\",\"contentUrl\":\"https:\\\/\\\/static.purejewels.com\\\/wp-content\\\/uploads\\\/2024\\\/06\\\/48032.png\",\"width\":1000,\"height\":1000,\"caption\":\"22ct Gold Bali EArring\"},{\"@type\":\"BreadcrumbList\",\"@id\":\"https:\\\/\\\/www.purejewels.com\\\/product\\\/22ct-gold-bali-48032\\\/#breadcrumb\",\"itemListElement\":[{\"@type\":\"ListItem\",\"position\":1,\"name\":\"Home\",\"item\":\"https:\\\/\\\/www.purejewels.com\\\/\"},{\"@type\":\"ListItem\",\"position\":2,\"name\":\"Shop\",\"item\":\"https:\\\/\\\/www.purejewels.com\\\/shop\\\/\"},{\"@type\":\"ListItem\",\"position\":3,\"name\":\"Armari 22ct Gold Oval Hoop Drop Earrings\"}]},{\"@type\":\"WebSite\",\"@id\":\"https:\\\/\\\/www.purejewels.com\\\/#website\",\"url\":\"https:\\\/\\\/www.purejewels.com\\\/\",\"name\":\"PureJewels UK\",\"description\":\"Share the Love\",\"publisher\":{\"@id\":\"https:\\\/\\\/www.purejewels.com\\\/#organization\"},\"potentialAction\":[{\"@type\":\"SearchAction\",\"target\":{\"@type\":\"EntryPoint\",\"urlTemplate\":\"https:\\\/\\\/www.purejewels.com\\\/?s={search_term_string}\"},\"query-input\":{\"@type\":\"PropertyValueSpecification\",\"valueRequired\":true,\"valueName\":\"search_term_string\"}}],\"inLanguage\":\"de\"},{\"@type\":\"Organization\",\"@id\":\"https:\\\/\\\/www.purejewels.com\\\/#organization\",\"name\":\"PureJewels UK\",\"url\":\"https:\\\/\\\/www.purejewels.com\\\/\",\"logo\":{\"@type\":\"ImageObject\",\"inLanguage\":\"de\",\"@id\":\"https:\\\/\\\/www.purejewels.com\\\/#\\\/schema\\\/logo\\\/image\\\/\",\"url\":\"https:\\\/\\\/static.purejewels.com\\\/wp-content\\\/uploads\\\/2020\\\/11\\\/Logo-PJ-New-1.png\",\"contentUrl\":\"https:\\\/\\\/static.purejewels.com\\\/wp-content\\\/uploads\\\/2020\\\/11\\\/Logo-PJ-New-1.png\",\"width\":150,\"height\":80,\"caption\":\"PureJewels UK\"},\"image\":{\"@id\":\"https:\\\/\\\/www.purejewels.com\\\/#\\\/schema\\\/logo\\\/image\\\/\"}}]}<\/script>\n<!-- \/ Yoast SEO plugin. -->","yoast_head_json":{"title":"Armari 22ct Gold Oval Hoop Ohrringe mit Tropfen | PureJewels UK","description":"Shop Armari 22ct Gold ovale Ohrringe mit einem zarten Tropfen Detail. Inspiriert von St\u00e4rke und Schutz, handgefertigt und mit britischer Punze versehen.","robots":{"index":"index","follow":"follow","max-snippet":"max-snippet:-1","max-image-preview":"max-image-preview:large","max-video-preview":"max-video-preview:-1"},"canonical":"https:\/\/www.purejewels.com\/de\/produkt-2\/22-karat-gold-bali-48032\/","og_locale":"de_DE","og_type":"article","og_title":"Armari 22ct Gold Oval Hoop Earrings with Drop | PureJewels UK","og_description":"Shop Armari 22ct gold oval hoop earrings with a delicate drop detail. Inspired by strength and protection, handcrafted and UK hallmarked.","og_url":"https:\/\/www.purejewels.com\/de\/produkt-2\/22-karat-gold-bali-48032\/","og_site_name":"PureJewels UK","article_modified_time":"2026-03-18T09:12:26+00:00","og_image":[{"width":1000,"height":1000,"url":"https:\/\/static.purejewels.com\/wp-content\/uploads\/2024\/06\/48032.png","type":"image\/png"}],"twitter_card":"summary_large_image","twitter_misc":{"Gesch\u00e4tzte Lesezeit":"1\u00a0Minute"},"schema":{"@context":"https:\/\/schema.org","@graph":[{"@type":["WebPage","ItemPage"],"@id":"https:\/\/www.purejewels.com\/product\/22ct-gold-bali-48032\/","url":"https:\/\/www.purejewels.com\/product\/22ct-gold-bali-48032\/","name":"Armari 22ct Gold Oval Hoop Ohrringe mit Tropfen | PureJewels UK","isPartOf":{"@id":"https:\/\/www.purejewels.com\/#website"},"primaryImageOfPage":{"@id":"https:\/\/www.purejewels.com\/product\/22ct-gold-bali-48032\/#primaryimage"},"image":{"@id":"https:\/\/www.purejewels.com\/product\/22ct-gold-bali-48032\/#primaryimage"},"thumbnailUrl":"https:\/\/static.purejewels.com\/wp-content\/uploads\/2024\/06\/48032.png","datePublished":"2024-05-17T05:56:40+00:00","dateModified":"2026-03-18T09:12:26+00:00","description":"Shop Armari 22ct Gold ovale Ohrringe mit einem zarten Tropfen Detail. Inspiriert von St\u00e4rke und Schutz, handgefertigt und mit britischer Punze versehen.","breadcrumb":{"@id":"https:\/\/www.purejewels.com\/product\/22ct-gold-bali-48032\/#breadcrumb"},"inLanguage":"de","potentialAction":[{"@type":"ReadAction","target":["https:\/\/www.purejewels.com\/product\/22ct-gold-bali-48032\/"]}]},{"@type":"ImageObject","inLanguage":"de","@id":"https:\/\/www.purejewels.com\/product\/22ct-gold-bali-48032\/#primaryimage","url":"https:\/\/static.purejewels.com\/wp-content\/uploads\/2024\/06\/48032.png","contentUrl":"https:\/\/static.purejewels.com\/wp-content\/uploads\/2024\/06\/48032.png","width":1000,"height":1000,"caption":"22ct Gold Bali EArring"},{"@type":"BreadcrumbList","@id":"https:\/\/www.purejewels.com\/product\/22ct-gold-bali-48032\/#breadcrumb","itemListElement":[{"@type":"ListItem","position":1,"name":"Home","item":"https:\/\/www.purejewels.com\/"},{"@type":"ListItem","position":2,"name":"Shop","item":"https:\/\/www.purejewels.com\/shop\/"},{"@type":"ListItem","position":3,"name":"Armari 22ct Gold Oval Hoop Drop Earrings"}]},{"@type":"WebSite","@id":"https:\/\/www.purejewels.com\/#website","url":"https:\/\/www.purejewels.com\/","name":"PureJewels UK","description":"Teile die Liebe","publisher":{"@id":"https:\/\/www.purejewels.com\/#organization"},"potentialAction":[{"@type":"SearchAction","target":{"@type":"EntryPoint","urlTemplate":"https:\/\/www.purejewels.com\/?s={search_term_string}"},"query-input":{"@type":"PropertyValueSpecification","valueRequired":true,"valueName":"search_term_string"}}],"inLanguage":"de"},{"@type":"Organization","@id":"https:\/\/www.purejewels.com\/#organization","name":"PureJewels UK","url":"https:\/\/www.purejewels.com\/","logo":{"@type":"ImageObject","inLanguage":"de","@id":"https:\/\/www.purejewels.com\/#\/schema\/logo\/image\/","url":"https:\/\/static.purejewels.com\/wp-content\/uploads\/2020\/11\/Logo-PJ-New-1.png","contentUrl":"https:\/\/static.purejewels.com\/wp-content\/uploads\/2020\/11\/Logo-PJ-New-1.png","width":150,"height":80,"caption":"PureJewels UK"},"image":{"@id":"https:\/\/www.purejewels.com\/#\/schema\/logo\/image\/"}}]}},"_links":{"self":[{"href":"https:\/\/www.purejewels.com\/de\/wp-json\/wp\/v2\/product\/364757","targetHints":{"allow":["GET"]}}],"collection":[{"href":"https:\/\/www.purejewels.com\/de\/wp-json\/wp\/v2\/product"}],"about":[{"href":"https:\/\/www.purejewels.com\/de\/wp-json\/wp\/v2\/types\/product"}],"replies":[{"embeddable":true,"href":"https:\/\/www.purejewels.com\/de\/wp-json\/wp\/v2\/comments?post=364757"}],"version-history":[{"count":3,"href":"https:\/\/www.purejewels.com\/de\/wp-json\/wp\/v2\/product\/364757\/revisions"}],"predecessor-version":[{"id":427291,"href":"https:\/\/www.purejewels.com\/de\/wp-json\/wp\/v2\/product\/364757\/revisions\/427291"}],"wp:featuredmedia":[{"embeddable":true,"href":"https:\/\/www.purejewels.com\/de\/wp-json\/wp\/v2\/media\/364758"}],"wp:attachment":[{"href":"https:\/\/www.purejewels.com\/de\/wp-json\/wp\/v2\/media?parent=364757"}],"wp:term":[{"taxonomy":"product_brand","embeddable":true,"href":"https:\/\/www.purejewels.com\/de\/wp-json\/wp\/v2\/product_brand?post=364757"},{"taxonomy":"product_cat","embeddable":true,"href":"https:\/\/www.purejewels.com\/de\/wp-json\/wp\/v2\/product_cat?post=364757"},{"taxonomy":"product_tag","embeddable":true,"href":"https:\/\/www.purejewels.com\/de\/wp-json\/wp\/v2\/product_tag?post=364757"}],"curies":[{"name":"wp","href":"https:\/\/api.w.org\/{rel}","templated":true}]}}