{"id":364760,"date":"2024-06-17T07:23:59","date_gmt":"2024-06-17T06:23:59","guid":{"rendered":"https:\/\/www.purejewels.com\/?post_type=product&#038;p=364760"},"modified":"2026-02-10T09:08:30","modified_gmt":"2026-02-10T09:08:30","slug":"22ct-gold-antik-stil-braut-halskette-47948","status":"publish","type":"product","link":"https:\/\/www.purejewels.com\/de\/product\/22ct-gold-antique-style-bridal-necklace-47948\/","title":{"rendered":"22ct Gold Antike Stil Braut Halskette"},"content":{"rendered":"<h2 class=\"\" data-sourcepos=\"1:1-1:97\">Tauchen Sie ein in zeitlose Eleganz: 22-kar\u00e4tiges Gold im antiken Stil Braut-Halskette<\/h2>\n<p data-sourcepos=\"3:1-3:52\">Enth\u00fcllen Sie ein atemberaubendes Symbol Ihrer Liebesgeschichte mit dem exquisiten <a href=\"https:\/\/www.purejewels.com\/de\/product\/22ct-gold-jali-filigree-ring-jali-collection-31926\/\">22ct<\/a> Gold Antiker Stil <a href=\"https:\/\/www.purejewels.com\/de\/product\/22ct-gold-bridal-necklace-46262\/\">Halskette f\u00fcr Br\u00e4ute<\/a> von PureJewels UK. Dieses sorgf\u00e4ltig gefertigte Meisterwerk f\u00e4ngt die Essenz des Vintage-Glamours ein und wird so zu einem gesch\u00e4tzten Erbst\u00fcck, das \u00fcber Generationen weitergegeben werden kann.<\/p>\n<p data-sourcepos=\"5:1-5:40\"><strong>Ein Erbe des Exquisiten <a href=\"https:\/\/www.purejewels.com\/de\/a-guide-to-die-stamping\/\">Handwerkliches K\u00f6nnen<\/a>:<\/strong><\/p>\n<ul data-sourcepos=\"7:1-7:58\">\n<li data-sourcepos=\"7:1-7:58\"><strong>Gepunzt <a href=\"https:\/\/www.purejewels.com\/de\/product\/holy-cross-gold-pendant-44713\/\">22ct Gold<\/a>:<\/strong>\u00a0Genie\u00dfen Sie die un\u00fcbertroffene Qualit\u00e4t und dauerhafte Sch\u00f6nheit von echtem 22-kar\u00e4tigem Gold, das vom London Assay Office f\u00fcr garantierte Echtheit gepunzt wurde.<\/li>\n<li data-sourcepos=\"8:1-8:49\"><strong><a href=\"https:\/\/www.purejewels.com\/de\/armari-collection\/\">Antike Ausf\u00fchrung<\/a>:<\/strong>\u00a0Das sorgf\u00e4ltig aufgetragene Antik-Finish verleiht der Halskette einen Hauch von zeitloser Eleganz und erinnert an vergangene Zeiten.<\/li>\n<li data-sourcepos=\"9:1-10:0\"><strong>Mesmerizing Design:<\/strong> Ein fesselndes Mittelst\u00fcck, wahrscheinlich ein Blumenmotiv, steht im Mittelpunkt, umgeben von einem komplizierten und eingravierten antiken Design, das dem Entwurf Tiefe und reiche Symbolik verleiht.<\/li>\n<\/ul>\n<p data-sourcepos=\"11:1-11:34\"><strong>Eine Vision der Brautperfektion:<\/strong><\/p>\n<ul data-sourcepos=\"13:1-13:89\">\n<li data-sourcepos=\"13:1-13:89\"><strong>M\u00fchelose Brillanz:<\/strong> Diese Statement-Halskette passt m\u00fchelos zu jedem Hochzeitskleid und verleiht Ihrem Brautlook einen Hauch von Vintage-Grandezza.<\/li>\n<li data-sourcepos=\"14:1-15:0\"><strong>Zeitloser Schatz:<\/strong>\u00a0Diese Halskette ist mehr als nur ein Accessoire, sie ist ein wertvolles Erbst\u00fcck, das man ein Leben lang bewahrt. Stellen Sie sich vor, sie als Symbol der Liebe und des Familienerbes weiterzugeben.<\/li>\n<\/ul>\n<p data-sourcepos=\"16:1-16:41\"><strong>Erleben Sie den PureJewels-Unterschied:<\/strong><\/p>\n<ul data-sourcepos=\"18:1-20:0\">\n<li data-sourcepos=\"18:1-18:174\"><strong>Fachm\u00e4nnisch gemacht:<\/strong>\u00a0Bei PureJewels UK verbinden unsere erfahrenen Kunsthandwerker Generationen von Fachwissen mit akribischer Liebe zum Detail, um ein St\u00fcck von au\u00dfergew\u00f6hnlicher Qualit\u00e4t zu gew\u00e4hrleisten.<\/li>\n<\/ul>\n<p data-sourcepos=\"21:1-21:144\"><strong>Umarmen Sie das Verm\u00e4chtnis der Liebe und feiern Sie Ihr Gl\u00fcck bis ans Ende Ihrer Tage. Kaufen Sie noch heute die 22ct Gold Antique Style Bridal Necklace von PureJewels UK!<\/strong><\/p>\n<p>&nbsp;<\/p>","protected":false},"excerpt":{"rendered":"<table class=\"sh_desc\">\n<tbody>\n<tr>\n<td>Art der Halskette<\/td>\n<td>Halskette im antiken Stil<\/td>\n<\/tr>\n<tr>\n<td>SKU<\/td>\n<td>47948<\/td>\n<\/tr>\n<tr>\n<td>Gewicht<\/td>\n<td>63,3 Gms<\/td>\n<\/tr>\n<tr>\n<td>Sammlung<\/td>\n<td>Armari Kollektionen<\/td>\n<\/tr>\n<tr>\n<td>Metall<\/td>\n<td>22ct Gold<\/td>\n<\/tr>\n<tr>\n<td>Entgelte<\/td>\n<td>Lieferung und Mehrwertsteuer inbegriffen<\/td>\n<\/tr>\n<tr>\n<td>Verpackung<\/td>\n<td>Mit Pr\u00e4sentationsbox<\/td>\n<\/tr>\n<tr>\n<td>Mehr Informationen<\/td>\n<td>\n<ul>\n<li>Live-Chat mit uns f\u00fcr Verf\u00fcgbarkeit und mehr Bilder<\/li>\n<li>Erkunden Sie unser\u00a0<strong>Goldschmuck-Set<\/strong><\/li>\n<\/ul>\n<\/td>\n<\/tr>\n<\/tbody>\n<\/table>\n<p>&nbsp;<\/p>","protected":false},"featured_media":364768,"comment_status":"closed","ping_status":"closed","template":"","meta":{"_eb_attr":"","_crsspst_to_jayantr4sg-hostcom":false},"product_brand":[],"product_cat":[1780,245,5643,5950,1625,1782,236,1229,1253,1573],"product_tag":[],"class_list":{"0":"post-364760","1":"product","2":"type-product","3":"status-publish","4":"has-post-thumbnail","6":"product_cat-antique-style-necklaces","7":"product_cat-armari-collections","8":"product_cat-armari-necklace","9":"product_cat-bridal-necklace","10":"product_cat-bridal-set","11":"product_cat-choker-necklaces","12":"product_cat-collections","13":"product_cat-22ct-gold-jewellery","14":"product_cat-gold-necklaces","15":"product_cat-wedding-gifts","17":"first","18":"onbackorder","19":"taxable","20":"shipping-taxable","21":"purchasable","22":"product-type-simple","23":"add-to-wishlist-before_image"},"yoast_head":"<!-- This site is optimized with the Yoast SEO plugin v27.5 - https:\/\/yoast.com\/product\/yoast-seo-wordpress\/ -->\n<title>22ct Gold Antique Style Bridal Necklace | PureJewels UK<\/title>\n<meta name=\"description\" content=\"Discover timeless elegance with our 22ct Gold Antique Style Bridal Necklace. Perfect for weddings, this exquisite necklace features intricate detailing.\" \/>\n<meta name=\"robots\" content=\"index, follow, max-snippet:-1, max-image-preview:large, max-video-preview:-1\" \/>\n<link rel=\"canonical\" href=\"https:\/\/www.purejewels.com\/de\/produkt-2\/22ct-gold-antik-stil-braut-halskette-47948\/\" \/>\n<meta property=\"og:locale\" content=\"de_DE\" \/>\n<meta property=\"og:type\" content=\"article\" \/>\n<meta property=\"og:title\" content=\"22ct Gold Antique Style Bridal Necklace | PureJewels UK\" \/>\n<meta property=\"og:description\" content=\"Discover timeless elegance with our 22ct Gold Antique Style Bridal Necklace. Perfect for weddings, this exquisite necklace features intricate detailing.\" \/>\n<meta property=\"og:url\" content=\"https:\/\/www.purejewels.com\/de\/produkt-2\/22ct-gold-antik-stil-braut-halskette-47948\/\" \/>\n<meta property=\"og:site_name\" content=\"PureJewels UK\" \/>\n<meta property=\"article:modified_time\" content=\"2026-02-10T09:08:30+00:00\" \/>\n<meta property=\"og:image\" content=\"https:\/\/static.purejewels.com\/wp-content\/uploads\/2024\/06\/47948.png\" \/>\n\t<meta property=\"og:image:width\" content=\"1000\" \/>\n\t<meta property=\"og:image:height\" content=\"1000\" \/>\n\t<meta property=\"og:image:type\" content=\"image\/png\" \/>\n<meta name=\"twitter:card\" content=\"summary_large_image\" \/>\n<meta name=\"twitter:label1\" content=\"Gesch\u00e4tzte Lesezeit\" \/>\n\t<meta name=\"twitter:data1\" content=\"2\u00a0Minuten\" \/>\n<script type=\"application\/ld+json\" class=\"yoast-schema-graph\">{\"@context\":\"https:\\\/\\\/schema.org\",\"@graph\":[{\"@type\":[\"WebPage\",\"ItemPage\"],\"@id\":\"https:\\\/\\\/www.purejewels.com\\\/product\\\/22ct-gold-antique-style-bridal-necklace-47948\\\/\",\"url\":\"https:\\\/\\\/www.purejewels.com\\\/product\\\/22ct-gold-antique-style-bridal-necklace-47948\\\/\",\"name\":\"22ct Gold Antique Style Bridal Necklace | PureJewels UK\",\"isPartOf\":{\"@id\":\"https:\\\/\\\/www.purejewels.com\\\/#website\"},\"primaryImageOfPage\":{\"@id\":\"https:\\\/\\\/www.purejewels.com\\\/product\\\/22ct-gold-antique-style-bridal-necklace-47948\\\/#primaryimage\"},\"image\":{\"@id\":\"https:\\\/\\\/www.purejewels.com\\\/product\\\/22ct-gold-antique-style-bridal-necklace-47948\\\/#primaryimage\"},\"thumbnailUrl\":\"https:\\\/\\\/static.purejewels.com\\\/wp-content\\\/uploads\\\/2024\\\/06\\\/47948.png\",\"datePublished\":\"2024-06-17T06:23:59+00:00\",\"dateModified\":\"2026-02-10T09:08:30+00:00\",\"description\":\"Discover timeless elegance with our 22ct Gold Antique Style Bridal Necklace. Perfect for weddings, this exquisite necklace features intricate detailing.\",\"breadcrumb\":{\"@id\":\"https:\\\/\\\/www.purejewels.com\\\/product\\\/22ct-gold-antique-style-bridal-necklace-47948\\\/#breadcrumb\"},\"inLanguage\":\"de\",\"potentialAction\":[{\"@type\":\"ReadAction\",\"target\":[\"https:\\\/\\\/www.purejewels.com\\\/product\\\/22ct-gold-antique-style-bridal-necklace-47948\\\/\"]}]},{\"@type\":\"ImageObject\",\"inLanguage\":\"de\",\"@id\":\"https:\\\/\\\/www.purejewels.com\\\/product\\\/22ct-gold-antique-style-bridal-necklace-47948\\\/#primaryimage\",\"url\":\"https:\\\/\\\/static.purejewels.com\\\/wp-content\\\/uploads\\\/2024\\\/06\\\/47948.png\",\"contentUrl\":\"https:\\\/\\\/static.purejewels.com\\\/wp-content\\\/uploads\\\/2024\\\/06\\\/47948.png\",\"width\":1000,\"height\":1000,\"caption\":\"22ct Gold Bridal Necklace\"},{\"@type\":\"BreadcrumbList\",\"@id\":\"https:\\\/\\\/www.purejewels.com\\\/product\\\/22ct-gold-antique-style-bridal-necklace-47948\\\/#breadcrumb\",\"itemListElement\":[{\"@type\":\"ListItem\",\"position\":1,\"name\":\"Home\",\"item\":\"https:\\\/\\\/www.purejewels.com\\\/\"},{\"@type\":\"ListItem\",\"position\":2,\"name\":\"Shop\",\"item\":\"https:\\\/\\\/www.purejewels.com\\\/shop\\\/\"},{\"@type\":\"ListItem\",\"position\":3,\"name\":\"22ct Gold Antique Style Bridal Necklace\"}]},{\"@type\":\"WebSite\",\"@id\":\"https:\\\/\\\/www.purejewels.com\\\/#website\",\"url\":\"https:\\\/\\\/www.purejewels.com\\\/\",\"name\":\"PureJewels UK\",\"description\":\"Share the Love\",\"publisher\":{\"@id\":\"https:\\\/\\\/www.purejewels.com\\\/#organization\"},\"potentialAction\":[{\"@type\":\"SearchAction\",\"target\":{\"@type\":\"EntryPoint\",\"urlTemplate\":\"https:\\\/\\\/www.purejewels.com\\\/?s={search_term_string}\"},\"query-input\":{\"@type\":\"PropertyValueSpecification\",\"valueRequired\":true,\"valueName\":\"search_term_string\"}}],\"inLanguage\":\"de\"},{\"@type\":\"Organization\",\"@id\":\"https:\\\/\\\/www.purejewels.com\\\/#organization\",\"name\":\"PureJewels UK\",\"url\":\"https:\\\/\\\/www.purejewels.com\\\/\",\"logo\":{\"@type\":\"ImageObject\",\"inLanguage\":\"de\",\"@id\":\"https:\\\/\\\/www.purejewels.com\\\/#\\\/schema\\\/logo\\\/image\\\/\",\"url\":\"https:\\\/\\\/static.purejewels.com\\\/wp-content\\\/uploads\\\/2020\\\/11\\\/Logo-PJ-New-1.png\",\"contentUrl\":\"https:\\\/\\\/static.purejewels.com\\\/wp-content\\\/uploads\\\/2020\\\/11\\\/Logo-PJ-New-1.png\",\"width\":150,\"height\":80,\"caption\":\"PureJewels UK\"},\"image\":{\"@id\":\"https:\\\/\\\/www.purejewels.com\\\/#\\\/schema\\\/logo\\\/image\\\/\"}}]}<\/script>\n<!-- \/ Yoast SEO plugin. -->","yoast_head_json":{"title":"22ct Gold Antike Stil Braut Halskette | PureJewels UK","description":"Entdecken Sie zeitlose Eleganz mit unserer 22ct Gold Antique Style Bridal Necklace. Diese exquisite Halskette ist perfekt f\u00fcr Hochzeiten und verf\u00fcgt \u00fcber komplizierte Details.","robots":{"index":"index","follow":"follow","max-snippet":"max-snippet:-1","max-image-preview":"max-image-preview:large","max-video-preview":"max-video-preview:-1"},"canonical":"https:\/\/www.purejewels.com\/de\/produkt-2\/22ct-gold-antik-stil-braut-halskette-47948\/","og_locale":"de_DE","og_type":"article","og_title":"22ct Gold Antique Style Bridal Necklace | PureJewels UK","og_description":"Discover timeless elegance with our 22ct Gold Antique Style Bridal Necklace. Perfect for weddings, this exquisite necklace features intricate detailing.","og_url":"https:\/\/www.purejewels.com\/de\/produkt-2\/22ct-gold-antik-stil-braut-halskette-47948\/","og_site_name":"PureJewels UK","article_modified_time":"2026-02-10T09:08:30+00:00","og_image":[{"width":1000,"height":1000,"url":"https:\/\/static.purejewels.com\/wp-content\/uploads\/2024\/06\/47948.png","type":"image\/png"}],"twitter_card":"summary_large_image","twitter_misc":{"Gesch\u00e4tzte Lesezeit":"2\u00a0Minuten"},"schema":{"@context":"https:\/\/schema.org","@graph":[{"@type":["WebPage","ItemPage"],"@id":"https:\/\/www.purejewels.com\/product\/22ct-gold-antique-style-bridal-necklace-47948\/","url":"https:\/\/www.purejewels.com\/product\/22ct-gold-antique-style-bridal-necklace-47948\/","name":"22ct Gold Antike Stil Braut Halskette | PureJewels UK","isPartOf":{"@id":"https:\/\/www.purejewels.com\/#website"},"primaryImageOfPage":{"@id":"https:\/\/www.purejewels.com\/product\/22ct-gold-antique-style-bridal-necklace-47948\/#primaryimage"},"image":{"@id":"https:\/\/www.purejewels.com\/product\/22ct-gold-antique-style-bridal-necklace-47948\/#primaryimage"},"thumbnailUrl":"https:\/\/static.purejewels.com\/wp-content\/uploads\/2024\/06\/47948.png","datePublished":"2024-06-17T06:23:59+00:00","dateModified":"2026-02-10T09:08:30+00:00","description":"Entdecken Sie zeitlose Eleganz mit unserer 22ct Gold Antique Style Bridal Necklace. Diese exquisite Halskette ist perfekt f\u00fcr Hochzeiten und verf\u00fcgt \u00fcber komplizierte Details.","breadcrumb":{"@id":"https:\/\/www.purejewels.com\/product\/22ct-gold-antique-style-bridal-necklace-47948\/#breadcrumb"},"inLanguage":"de","potentialAction":[{"@type":"ReadAction","target":["https:\/\/www.purejewels.com\/product\/22ct-gold-antique-style-bridal-necklace-47948\/"]}]},{"@type":"ImageObject","inLanguage":"de","@id":"https:\/\/www.purejewels.com\/product\/22ct-gold-antique-style-bridal-necklace-47948\/#primaryimage","url":"https:\/\/static.purejewels.com\/wp-content\/uploads\/2024\/06\/47948.png","contentUrl":"https:\/\/static.purejewels.com\/wp-content\/uploads\/2024\/06\/47948.png","width":1000,"height":1000,"caption":"22ct Gold Bridal Necklace"},{"@type":"BreadcrumbList","@id":"https:\/\/www.purejewels.com\/product\/22ct-gold-antique-style-bridal-necklace-47948\/#breadcrumb","itemListElement":[{"@type":"ListItem","position":1,"name":"Home","item":"https:\/\/www.purejewels.com\/"},{"@type":"ListItem","position":2,"name":"Shop","item":"https:\/\/www.purejewels.com\/shop\/"},{"@type":"ListItem","position":3,"name":"22ct Gold Antique Style Bridal Necklace"}]},{"@type":"WebSite","@id":"https:\/\/www.purejewels.com\/#website","url":"https:\/\/www.purejewels.com\/","name":"PureJewels UK","description":"Teile die Liebe","publisher":{"@id":"https:\/\/www.purejewels.com\/#organization"},"potentialAction":[{"@type":"SearchAction","target":{"@type":"EntryPoint","urlTemplate":"https:\/\/www.purejewels.com\/?s={search_term_string}"},"query-input":{"@type":"PropertyValueSpecification","valueRequired":true,"valueName":"search_term_string"}}],"inLanguage":"de"},{"@type":"Organization","@id":"https:\/\/www.purejewels.com\/#organization","name":"PureJewels UK","url":"https:\/\/www.purejewels.com\/","logo":{"@type":"ImageObject","inLanguage":"de","@id":"https:\/\/www.purejewels.com\/#\/schema\/logo\/image\/","url":"https:\/\/static.purejewels.com\/wp-content\/uploads\/2020\/11\/Logo-PJ-New-1.png","contentUrl":"https:\/\/static.purejewels.com\/wp-content\/uploads\/2020\/11\/Logo-PJ-New-1.png","width":150,"height":80,"caption":"PureJewels UK"},"image":{"@id":"https:\/\/www.purejewels.com\/#\/schema\/logo\/image\/"}}]}},"_links":{"self":[{"href":"https:\/\/www.purejewels.com\/de\/wp-json\/wp\/v2\/product\/364760","targetHints":{"allow":["GET"]}}],"collection":[{"href":"https:\/\/www.purejewels.com\/de\/wp-json\/wp\/v2\/product"}],"about":[{"href":"https:\/\/www.purejewels.com\/de\/wp-json\/wp\/v2\/types\/product"}],"replies":[{"embeddable":true,"href":"https:\/\/www.purejewels.com\/de\/wp-json\/wp\/v2\/comments?post=364760"}],"version-history":[{"count":3,"href":"https:\/\/www.purejewels.com\/de\/wp-json\/wp\/v2\/product\/364760\/revisions"}],"predecessor-version":[{"id":388264,"href":"https:\/\/www.purejewels.com\/de\/wp-json\/wp\/v2\/product\/364760\/revisions\/388264"}],"wp:featuredmedia":[{"embeddable":true,"href":"https:\/\/www.purejewels.com\/de\/wp-json\/wp\/v2\/media\/364768"}],"wp:attachment":[{"href":"https:\/\/www.purejewels.com\/de\/wp-json\/wp\/v2\/media?parent=364760"}],"wp:term":[{"taxonomy":"product_brand","embeddable":true,"href":"https:\/\/www.purejewels.com\/de\/wp-json\/wp\/v2\/product_brand?post=364760"},{"taxonomy":"product_cat","embeddable":true,"href":"https:\/\/www.purejewels.com\/de\/wp-json\/wp\/v2\/product_cat?post=364760"},{"taxonomy":"product_tag","embeddable":true,"href":"https:\/\/www.purejewels.com\/de\/wp-json\/wp\/v2\/product_tag?post=364760"}],"curies":[{"name":"wp","href":"https:\/\/api.w.org\/{rel}","templated":true}]}}