{"id":364805,"date":"2025-04-01T08:11:06","date_gmt":"2025-04-01T07:11:06","guid":{"rendered":"https:\/\/www.purejewels.com\/?post_type=product&#038;p=364805"},"modified":"2026-02-09T07:56:01","modified_gmt":"2026-02-09T07:56:01","slug":"22ct-gold-mala-halskette-48662","status":"publish","type":"product","link":"https:\/\/www.purejewels.com\/de\/product\/22ct-gold-mala-necklace-48662\/","title":{"rendered":"Armari Sammlung 22ct Gold Mala Halskette | 19 Zoll"},"content":{"rendered":"<h2 class=\"\" data-sourcepos=\"1:1-1:94\">Umarmen Sie die Tradition in luxuri\u00f6sem Stil: Armari Collection 22ct Gold Mala Halskette (19 Zoll)<\/h2>\n<p data-sourcepos=\"3:1-3:37\">G\u00f6nnen Sie sich ein zeitloses Erbe mit dem fesselnden <a href=\"https:\/\/www.purejewels.com\/de\/product\/22ct-gold-armari-collection-stud-antique-finish-49172\/\">Sammlung Armari<\/a> <a href=\"https:\/\/www.purejewels.com\/de\/product\/22ct-gold-jali-filigree-ring-jali-collection-31926\/\">22ct<\/a> <a href=\"https:\/\/www.purejewels.com\/de\/product\/22k-gold-mala-necklace\/\">Gold Mala Halskette<\/a>. Diese exquisite 19-Zoll-Halskette, gefertigt aus reinem <a href=\"https:\/\/www.purejewels.com\/de\/product\/holy-cross-gold-pendant-44713\/\">22 Karat Gold<\/a>ist eine fesselnde Verk\u00f6rperung indischer Kunstfertigkeit und Eleganz.<\/p>\n<p data-sourcepos=\"5:1-5:24\"><strong>Ein Hauch von Opulenz:<\/strong><\/p>\n<ul data-sourcepos=\"7:1-7:61\">\n<li data-sourcepos=\"7:1-7:61\"><strong>22ct Gold:<\/strong>\u00a0Tauchen Sie ein in den unbestreitbaren Luxus von echtem 22-kar\u00e4tigem Gold, das f\u00fcr seine hervorragende Qualit\u00e4t und seinen strahlenden Glanz bekannt ist.<\/li>\n<li data-sourcepos=\"8:1-8:83\"><strong>Traditionelles Mala-Design:<\/strong>\u00a0Erleben Sie das reiche kulturelle Erbe Indiens mit dem klassischen Mala-Design. Die sorgf\u00e4ltig verkn\u00fcpften Perlen drapieren sich wundersch\u00f6n und verleihen jedem Ensemble einen Hauch von zeitloser Eleganz.<\/li>\n<\/ul>\n<p data-sourcepos=\"10:1-10:42\"><strong>Vielseitige Eleganz f\u00fcr jede Gelegenheit:<\/strong><\/p>\n<ul data-sourcepos=\"12:1-13:160\">\n<li data-sourcepos=\"12:1-12:189\"><strong>M\u00fchelose Brillanz:<\/strong>\u00a0Das vielseitige Design und die bequeme L\u00e4nge machen diese Halskette zum idealen Begleiter f\u00fcr den Alltag und verleihen Ihrer Arbeitskleidung oder einem legeren Brunch einen Hauch von Eleganz.<\/li>\n<li data-sourcepos=\"13:1-13:160\"><strong>Showstopper f\u00fcr besondere Anl\u00e4sse:<\/strong>\u00a0Werten Sie Ihren Abendlook mit dem fesselnden Faltenwurf und dem luxuri\u00f6sen Glanz dieser exquisiten Halskette auf. Sie wird mit Sicherheit alle Blicke auf sich ziehen und zu einem beliebten Gespr\u00e4chsanlass werden.<\/li>\n<li data-sourcepos=\"14:1-15:0\"><strong>Majest\u00e4t der Braut:<\/strong> Als Mala-Halskette hat sie eine besondere Bedeutung bei Hochzeiten. Sie wird von der Braut getragen und symbolisiert Wohlstand, Segen und ewige Liebe.<\/li>\n<\/ul>\n<p data-sourcepos=\"16:1-16:32\"><strong>Ein Geschenk mit Tradition:<\/strong><\/p>\n<ul data-sourcepos=\"18:1-19:0\">\n<li data-sourcepos=\"18:1-19:0\"><strong>Durchdachtes Geschenk:<\/strong>\u00a0\u00dcberraschen Sie einen besonderen Menschen mit einem Geschenk, das seine Herkunft w\u00fcrdigt oder seine Liebe f\u00fcr Erlesenes entfacht. <a href=\"https:\/\/www.purejewels.com\/de\/a-guide-to-die-stamping\/\">Handwerkskunst<\/a>. Die Sammlung Armari <a href=\"https:\/\/www.purejewels.com\/de\/product\/22ct-gold-mala-necklace-34715\/\">22ct Gold Mala<\/a> Die Halskette ist ein zeitloser Schatz, den man \u00fcber Generationen hinweg bewahren kann.<\/li>\n<\/ul>\n<p data-sourcepos=\"20:1-20:20\"><strong>Einzelheiten zum Produkt:<\/strong><\/p>\n<ul data-sourcepos=\"22:1-25:0\">\n<li data-sourcepos=\"22:1-22:21\">Material: 22ct Gold<\/li>\n<li data-sourcepos=\"23:1-23:19\">L\u00e4nge: 19 Zoll<\/li>\n<li data-sourcepos=\"24:1-25:0\">Kollektion: Sammlung Armari<\/li>\n<\/ul>\n<p data-sourcepos=\"26:1-26:160\"><strong>Lassen Sie sich vom Erbe der indischen Kunstfertigkeit inspirieren und schm\u00fccken Sie sich mit zeitloser Eleganz. Die Armari Kollektion hinzuf\u00fcgen <a href=\"https:\/\/www.purejewels.com\/de\/product\/22ct-gold-mala-necklace-24-inches-rhodium-finish-43953\/\">22ct Gold Mala Halskette<\/a> noch heute in Ihre Sammlung aufnehmen!<\/strong><\/p>","protected":false},"excerpt":{"rendered":"<div class=\"woocommerce-product-details__short-description\">\n<div class=\"woocommerce-product-details__short-description\">\n<table class=\"sh_desc\">\n<tbody>\n<tr>\n<td>Art der Halskette<\/td>\n<td>Mala-Halskette<\/td>\n<\/tr>\n<tr>\n<td>SKU<\/td>\n<td>48662<\/td>\n<\/tr>\n<tr>\n<td>Gewicht<\/td>\n<td>15.2 Gms<\/td>\n<\/tr>\n<tr>\n<td>L\u00e4nge<\/td>\n<td>19 Zoll<\/td>\n<\/tr>\n<tr>\n<td>Metall<\/td>\n<td>22ct Gold<\/td>\n<\/tr>\n<tr>\n<td>Entgelte<\/td>\n<td>Lieferung und Mehrwertsteuer inbegriffen<\/td>\n<\/tr>\n<tr>\n<td>Verpackung<\/td>\n<td>Mit Pr\u00e4sentationsbox<\/td>\n<\/tr>\n<tr>\n<td>Mehr Informationen<\/td>\n<td>Live-Chat mit uns f\u00fcr Verf\u00fcgbarkeit und mehr Bilder<\/td>\n<\/tr>\n<\/tbody>\n<\/table>\n<\/div>\n<div class=\"btn-atc atc-slide\"><\/div>\n<div class=\"product_meta\"><\/div>\n<\/div>\n<div class=\"btn-atc atc-slide\"><\/div>\n<div class=\"product_meta\"><\/div>","protected":false},"featured_media":364806,"comment_status":"closed","ping_status":"closed","template":"","meta":{"_eb_attr":"","_crsspst_to_jayantr4sg-hostcom":false},"product_brand":[],"product_cat":[245,5643,1617,236,1475,1229,1253,5902,1779,1573,1574],"product_tag":[],"class_list":{"0":"post-364805","1":"product","2":"type-product","3":"status-publish","4":"has-post-thumbnail","6":"product_cat-armari-collections","7":"product_cat-armari-necklace","8":"product_cat-fancy-mala-chains","9":"product_cat-collections","10":"product_cat-gold-chains","11":"product_cat-22ct-gold-jewellery","12":"product_cat-gold-necklaces","13":"product_cat-lariat-necklace","14":"product_cat-mala-style-necklaces","15":"product_cat-wedding-gifts","16":"product_cat-womens-jewellery","18":"first","19":"instock","20":"taxable","21":"shipping-taxable","22":"purchasable","23":"product-type-simple","24":"add-to-wishlist-before_image"},"yoast_head":"<!-- This site is optimized with the Yoast SEO plugin v27.3 - https:\/\/yoast.com\/product\/yoast-seo-wordpress\/ -->\n<title>Armari Collection 22ct Gold Mala Necklace | 19 Inch | PureJewels<\/title>\n<meta name=\"description\" content=\"Explore the Armari Collection&#039;s 22ct Gold Mala Necklace, measuring 19 inches. Ideal for any occasion, it showcases exceptional craftsmanship and timeless beauty.\" \/>\n<meta name=\"robots\" content=\"index, follow, max-snippet:-1, max-image-preview:large, max-video-preview:-1\" \/>\n<link rel=\"canonical\" href=\"https:\/\/www.purejewels.com\/de\/produkt-2\/22ct-gold-mala-halskette-48662\/\" \/>\n<meta property=\"og:locale\" content=\"de_DE\" \/>\n<meta property=\"og:type\" content=\"article\" \/>\n<meta property=\"og:title\" content=\"Armari Collection 22ct Gold Mala Necklace | 19 Inch | PureJewels\" \/>\n<meta property=\"og:description\" content=\"Explore the Armari Collection&#039;s 22ct Gold Mala Necklace, measuring 19 inches. Ideal for any occasion, it showcases exceptional craftsmanship and timeless beauty.\" \/>\n<meta property=\"og:url\" content=\"https:\/\/www.purejewels.com\/de\/produkt-2\/22ct-gold-mala-halskette-48662\/\" \/>\n<meta property=\"og:site_name\" content=\"PureJewels UK\" \/>\n<meta property=\"article:modified_time\" content=\"2026-02-09T07:56:01+00:00\" \/>\n<meta property=\"og:image\" content=\"https:\/\/static.purejewels.com\/wp-content\/uploads\/2024\/06\/48662.png\" \/>\n\t<meta property=\"og:image:width\" content=\"1000\" \/>\n\t<meta property=\"og:image:height\" content=\"1000\" \/>\n\t<meta property=\"og:image:type\" content=\"image\/png\" \/>\n<meta name=\"twitter:card\" content=\"summary_large_image\" \/>\n<meta name=\"twitter:label1\" content=\"Gesch\u00e4tzte Lesezeit\" \/>\n\t<meta name=\"twitter:data1\" content=\"2\u00a0Minuten\" \/>\n<script type=\"application\/ld+json\" class=\"yoast-schema-graph\">{\"@context\":\"https:\\\/\\\/schema.org\",\"@graph\":[{\"@type\":[\"WebPage\",\"ItemPage\"],\"@id\":\"https:\\\/\\\/www.purejewels.com\\\/product\\\/22ct-gold-mala-necklace-48662\\\/\",\"url\":\"https:\\\/\\\/www.purejewels.com\\\/product\\\/22ct-gold-mala-necklace-48662\\\/\",\"name\":\"Armari Collection 22ct Gold Mala Necklace | 19 Inch | PureJewels\",\"isPartOf\":{\"@id\":\"https:\\\/\\\/www.purejewels.com\\\/#website\"},\"primaryImageOfPage\":{\"@id\":\"https:\\\/\\\/www.purejewels.com\\\/product\\\/22ct-gold-mala-necklace-48662\\\/#primaryimage\"},\"image\":{\"@id\":\"https:\\\/\\\/www.purejewels.com\\\/product\\\/22ct-gold-mala-necklace-48662\\\/#primaryimage\"},\"thumbnailUrl\":\"https:\\\/\\\/static.purejewels.com\\\/wp-content\\\/uploads\\\/2024\\\/06\\\/48662.png\",\"datePublished\":\"2025-04-01T07:11:06+00:00\",\"dateModified\":\"2026-02-09T07:56:01+00:00\",\"description\":\"Explore the Armari Collection's 22ct Gold Mala Necklace, measuring 19 inches. Ideal for any occasion, it showcases exceptional craftsmanship and timeless beauty.\",\"breadcrumb\":{\"@id\":\"https:\\\/\\\/www.purejewels.com\\\/product\\\/22ct-gold-mala-necklace-48662\\\/#breadcrumb\"},\"inLanguage\":\"de\",\"potentialAction\":[{\"@type\":\"ReadAction\",\"target\":[\"https:\\\/\\\/www.purejewels.com\\\/product\\\/22ct-gold-mala-necklace-48662\\\/\"]}]},{\"@type\":\"ImageObject\",\"inLanguage\":\"de\",\"@id\":\"https:\\\/\\\/www.purejewels.com\\\/product\\\/22ct-gold-mala-necklace-48662\\\/#primaryimage\",\"url\":\"https:\\\/\\\/static.purejewels.com\\\/wp-content\\\/uploads\\\/2024\\\/06\\\/48662.png\",\"contentUrl\":\"https:\\\/\\\/static.purejewels.com\\\/wp-content\\\/uploads\\\/2024\\\/06\\\/48662.png\",\"width\":1000,\"height\":1000,\"caption\":\"22ct Gold Mala Necklace\"},{\"@type\":\"BreadcrumbList\",\"@id\":\"https:\\\/\\\/www.purejewels.com\\\/product\\\/22ct-gold-mala-necklace-48662\\\/#breadcrumb\",\"itemListElement\":[{\"@type\":\"ListItem\",\"position\":1,\"name\":\"Home\",\"item\":\"https:\\\/\\\/www.purejewels.com\\\/\"},{\"@type\":\"ListItem\",\"position\":2,\"name\":\"Shop\",\"item\":\"https:\\\/\\\/www.purejewels.com\\\/shop\\\/\"},{\"@type\":\"ListItem\",\"position\":3,\"name\":\"Armari Collection 22ct Gold Mala Necklace | 19 Inches\"}]},{\"@type\":\"WebSite\",\"@id\":\"https:\\\/\\\/www.purejewels.com\\\/#website\",\"url\":\"https:\\\/\\\/www.purejewels.com\\\/\",\"name\":\"PureJewels UK\",\"description\":\"Share the Love\",\"publisher\":{\"@id\":\"https:\\\/\\\/www.purejewels.com\\\/#organization\"},\"potentialAction\":[{\"@type\":\"SearchAction\",\"target\":{\"@type\":\"EntryPoint\",\"urlTemplate\":\"https:\\\/\\\/www.purejewels.com\\\/?s={search_term_string}\"},\"query-input\":{\"@type\":\"PropertyValueSpecification\",\"valueRequired\":true,\"valueName\":\"search_term_string\"}}],\"inLanguage\":\"de\"},{\"@type\":\"Organization\",\"@id\":\"https:\\\/\\\/www.purejewels.com\\\/#organization\",\"name\":\"PureJewels UK\",\"url\":\"https:\\\/\\\/www.purejewels.com\\\/\",\"logo\":{\"@type\":\"ImageObject\",\"inLanguage\":\"de\",\"@id\":\"https:\\\/\\\/www.purejewels.com\\\/#\\\/schema\\\/logo\\\/image\\\/\",\"url\":\"https:\\\/\\\/static.purejewels.com\\\/wp-content\\\/uploads\\\/2020\\\/11\\\/Logo-PJ-New-1.png\",\"contentUrl\":\"https:\\\/\\\/static.purejewels.com\\\/wp-content\\\/uploads\\\/2020\\\/11\\\/Logo-PJ-New-1.png\",\"width\":150,\"height\":80,\"caption\":\"PureJewels UK\"},\"image\":{\"@id\":\"https:\\\/\\\/www.purejewels.com\\\/#\\\/schema\\\/logo\\\/image\\\/\"}}]}<\/script>\n<!-- \/ Yoast SEO plugin. -->","yoast_head_json":{"title":"Armari Sammlung 22ct Gold Mala Halskette | 19 Zoll | PureJewels","description":"Entdecken Sie die 22-kar\u00e4tige Mala-Halskette aus Gold der Armari Collection, die 19 Zoll misst. Sie ist ideal f\u00fcr jeden Anlass und zeichnet sich durch au\u00dfergew\u00f6hnliche Handwerkskunst und zeitlose Sch\u00f6nheit aus.","robots":{"index":"index","follow":"follow","max-snippet":"max-snippet:-1","max-image-preview":"max-image-preview:large","max-video-preview":"max-video-preview:-1"},"canonical":"https:\/\/www.purejewels.com\/de\/produkt-2\/22ct-gold-mala-halskette-48662\/","og_locale":"de_DE","og_type":"article","og_title":"Armari Collection 22ct Gold Mala Necklace | 19 Inch | PureJewels","og_description":"Explore the Armari Collection's 22ct Gold Mala Necklace, measuring 19 inches. Ideal for any occasion, it showcases exceptional craftsmanship and timeless beauty.","og_url":"https:\/\/www.purejewels.com\/de\/produkt-2\/22ct-gold-mala-halskette-48662\/","og_site_name":"PureJewels UK","article_modified_time":"2026-02-09T07:56:01+00:00","og_image":[{"width":1000,"height":1000,"url":"https:\/\/static.purejewels.com\/wp-content\/uploads\/2024\/06\/48662.png","type":"image\/png"}],"twitter_card":"summary_large_image","twitter_misc":{"Gesch\u00e4tzte Lesezeit":"2\u00a0Minuten"},"schema":{"@context":"https:\/\/schema.org","@graph":[{"@type":["WebPage","ItemPage"],"@id":"https:\/\/www.purejewels.com\/product\/22ct-gold-mala-necklace-48662\/","url":"https:\/\/www.purejewels.com\/product\/22ct-gold-mala-necklace-48662\/","name":"Armari Sammlung 22ct Gold Mala Halskette | 19 Zoll | PureJewels","isPartOf":{"@id":"https:\/\/www.purejewels.com\/#website"},"primaryImageOfPage":{"@id":"https:\/\/www.purejewels.com\/product\/22ct-gold-mala-necklace-48662\/#primaryimage"},"image":{"@id":"https:\/\/www.purejewels.com\/product\/22ct-gold-mala-necklace-48662\/#primaryimage"},"thumbnailUrl":"https:\/\/static.purejewels.com\/wp-content\/uploads\/2024\/06\/48662.png","datePublished":"2025-04-01T07:11:06+00:00","dateModified":"2026-02-09T07:56:01+00:00","description":"Entdecken Sie die 22-kar\u00e4tige Mala-Halskette aus Gold der Armari Collection, die 19 Zoll misst. Sie ist ideal f\u00fcr jeden Anlass und zeichnet sich durch au\u00dfergew\u00f6hnliche Handwerkskunst und zeitlose Sch\u00f6nheit aus.","breadcrumb":{"@id":"https:\/\/www.purejewels.com\/product\/22ct-gold-mala-necklace-48662\/#breadcrumb"},"inLanguage":"de","potentialAction":[{"@type":"ReadAction","target":["https:\/\/www.purejewels.com\/product\/22ct-gold-mala-necklace-48662\/"]}]},{"@type":"ImageObject","inLanguage":"de","@id":"https:\/\/www.purejewels.com\/product\/22ct-gold-mala-necklace-48662\/#primaryimage","url":"https:\/\/static.purejewels.com\/wp-content\/uploads\/2024\/06\/48662.png","contentUrl":"https:\/\/static.purejewels.com\/wp-content\/uploads\/2024\/06\/48662.png","width":1000,"height":1000,"caption":"22ct Gold Mala Necklace"},{"@type":"BreadcrumbList","@id":"https:\/\/www.purejewels.com\/product\/22ct-gold-mala-necklace-48662\/#breadcrumb","itemListElement":[{"@type":"ListItem","position":1,"name":"Home","item":"https:\/\/www.purejewels.com\/"},{"@type":"ListItem","position":2,"name":"Shop","item":"https:\/\/www.purejewels.com\/shop\/"},{"@type":"ListItem","position":3,"name":"Armari Collection 22ct Gold Mala Necklace | 19 Inches"}]},{"@type":"WebSite","@id":"https:\/\/www.purejewels.com\/#website","url":"https:\/\/www.purejewels.com\/","name":"PureJewels UK","description":"Teile die Liebe","publisher":{"@id":"https:\/\/www.purejewels.com\/#organization"},"potentialAction":[{"@type":"SearchAction","target":{"@type":"EntryPoint","urlTemplate":"https:\/\/www.purejewels.com\/?s={search_term_string}"},"query-input":{"@type":"PropertyValueSpecification","valueRequired":true,"valueName":"search_term_string"}}],"inLanguage":"de"},{"@type":"Organization","@id":"https:\/\/www.purejewels.com\/#organization","name":"PureJewels UK","url":"https:\/\/www.purejewels.com\/","logo":{"@type":"ImageObject","inLanguage":"de","@id":"https:\/\/www.purejewels.com\/#\/schema\/logo\/image\/","url":"https:\/\/static.purejewels.com\/wp-content\/uploads\/2020\/11\/Logo-PJ-New-1.png","contentUrl":"https:\/\/static.purejewels.com\/wp-content\/uploads\/2020\/11\/Logo-PJ-New-1.png","width":150,"height":80,"caption":"PureJewels UK"},"image":{"@id":"https:\/\/www.purejewels.com\/#\/schema\/logo\/image\/"}}]}},"_links":{"self":[{"href":"https:\/\/www.purejewels.com\/de\/wp-json\/wp\/v2\/product\/364805","targetHints":{"allow":["GET"]}}],"collection":[{"href":"https:\/\/www.purejewels.com\/de\/wp-json\/wp\/v2\/product"}],"about":[{"href":"https:\/\/www.purejewels.com\/de\/wp-json\/wp\/v2\/types\/product"}],"replies":[{"embeddable":true,"href":"https:\/\/www.purejewels.com\/de\/wp-json\/wp\/v2\/comments?post=364805"}],"version-history":[{"count":1,"href":"https:\/\/www.purejewels.com\/de\/wp-json\/wp\/v2\/product\/364805\/revisions"}],"predecessor-version":[{"id":364807,"href":"https:\/\/www.purejewels.com\/de\/wp-json\/wp\/v2\/product\/364805\/revisions\/364807"}],"wp:featuredmedia":[{"embeddable":true,"href":"https:\/\/www.purejewels.com\/de\/wp-json\/wp\/v2\/media\/364806"}],"wp:attachment":[{"href":"https:\/\/www.purejewels.com\/de\/wp-json\/wp\/v2\/media?parent=364805"}],"wp:term":[{"taxonomy":"product_brand","embeddable":true,"href":"https:\/\/www.purejewels.com\/de\/wp-json\/wp\/v2\/product_brand?post=364805"},{"taxonomy":"product_cat","embeddable":true,"href":"https:\/\/www.purejewels.com\/de\/wp-json\/wp\/v2\/product_cat?post=364805"},{"taxonomy":"product_tag","embeddable":true,"href":"https:\/\/www.purejewels.com\/de\/wp-json\/wp\/v2\/product_tag?post=364805"}],"curies":[{"name":"wp","href":"https:\/\/api.w.org\/{rel}","templated":true}]}}