{"id":364822,"date":"2024-08-05T10:20:35","date_gmt":"2024-08-05T09:20:35","guid":{"rendered":"https:\/\/www.purejewels.com\/?post_type=product&#038;p=364822"},"modified":"2026-01-30T11:47:39","modified_gmt":"2026-01-30T11:47:39","slug":"22ct-gold-runder-anhanger-48574","status":"publish","type":"product","link":"https:\/\/www.purejewels.com\/de\/product\/22ct-gold-round-shaped-pendant-48574\/","title":{"rendered":"22ct Gold Runde Form Anh\u00e4nger | Armari Collection"},"content":{"rendered":"<p data-sourcepos=\"3:1-3:76\">Genie\u00dfen Sie unaufdringlichen Luxus mit dem fesselnden <a href=\"https:\/\/www.purejewels.com\/de\/product\/22ct-gold-round-pendant-with-cz-stone\/\">22ct Gold Runde Anh\u00e4nger<\/a> von der <a href=\"https:\/\/www.purejewels.com\/de\/product\/22ct-gold-armari-collection-stud-antique-finish-49172\/\">Sammlung Armari<\/a>. Dieses exquisite St\u00fcck zeigt die dauerhafte Sch\u00f6nheit einer einfachen runden Form, gefertigt aus feinstem <a href=\"https:\/\/www.purejewels.com\/de\/product\/22ct-gold-jali-filigree-ring-jali-collection-31926\/\">22ct<\/a> Gold, f\u00fcr einen Hauch von m\u00fcheloser Raffinesse, die jeden Stil erg\u00e4nzt.<\/p>\n<p data-sourcepos=\"5:1-5:33\"><strong>G\u00f6nnen Sie sich un\u00fcbertroffene Qualit\u00e4t:<\/strong><\/p>\n<ul data-sourcepos=\"7:1-7:63\">\n<li data-sourcepos=\"7:1-7:63\"><strong><a href=\"https:\/\/www.purejewels.com\/de\/product\/holy-cross-gold-pendant-44713\/\">22ct Gold<\/a>:<\/strong>\u00a0Genie\u00dfen Sie den unvergleichlichen Glanz und die dauerhafte Qualit\u00e4t von echtem 22-kar\u00e4tigem Gold. Dieses Edelmetall garantiert ein Schmuckst\u00fcck, das \u00fcber Generationen hinweg gesch\u00e4tzt wird.<\/li>\n<\/ul>\n<p data-sourcepos=\"9:1-9:32\"><strong>Ein Design f\u00fcr jede Gelegenheit:<\/strong><\/p>\n<ul data-sourcepos=\"11:1-13:0\">\n<li data-sourcepos=\"11:1-11:246\"><strong>M\u00fchelose Vielseitigkeit:<\/strong>\u00a0Die minimalistische runde Form und das schimmernde Gold schaffen einen zeitlosen Anh\u00e4nger, der sich nahtlos vom Alltag bis zu besonderen Anl\u00e4ssen tragen l\u00e4sst. Ziehen Sie ihn zum Ausgehen an oder verleihen Sie Ihrer Arbeitskleidung einen Hauch von Eleganz.<\/li>\n<li data-sourcepos=\"12:1-13:0\"><strong>Moderner Minimalismus:<\/strong>\u00a0Die klaren Linien und das schlichte Design verk\u00f6rpern die Essenz des modernen Schmucks und machen ihn zur perfekten Wahl f\u00fcr alle, die dezenten Luxus sch\u00e4tzen.<\/li>\n<\/ul>\n<p data-sourcepos=\"14:1-14:27\"><strong>Ein Geschenk, das fesselt:<\/strong><\/p>\n<ul data-sourcepos=\"16:1-16:87\">\n<li data-sourcepos=\"16:1-16:87\"><strong>Zeitloser Schatz:<\/strong> Das klassische Design und die au\u00dfergew\u00f6hnliche Qualit\u00e4t machen diesen Anh\u00e4nger zu einem durchdachten und gesch\u00e4tzten Geschenk f\u00fcr einen besonderen Menschen. Ein vielseitiges St\u00fcck, das in jeder Schmucksammlung \u00fcber Jahre hinweg einen festen Platz haben wird.<\/li>\n<li data-sourcepos=\"17:1-18:0\"><strong>Stapeln von Inspiration:<\/strong>\u00a0Kombinieren Sie diesen Anh\u00e4nger mit anderen zarten Halsketten aus der Armari-Kollektion f\u00fcr einen individuellen und trendigen Look.<\/li>\n<\/ul>\n<p data-sourcepos=\"19:1-19:20\"><strong>Einzelheiten zum Produkt:<\/strong><\/p>\n<ul data-sourcepos=\"21:1-24:0\">\n<li data-sourcepos=\"21:1-21:21\">Material: 22ct Gold<\/li>\n<li data-sourcepos=\"22:1-22:14\">Die Form: Rund<\/li>\n<li data-sourcepos=\"23:1-24:0\">Kollektion: Sammlung Armari<\/li>\n<\/ul>\n<p data-sourcepos=\"25:1-25:155\"><strong>Setzen Sie auf zeitloses Design und unterstreichen Sie Ihren Look mit schlichter Eleganz. Legen Sie den runden Anh\u00e4nger aus 22 Karat Gold der Kollektion Armari noch heute in Ihren Warenkorb!<\/strong><\/p>","protected":false},"excerpt":{"rendered":"<div class=\"woocommerce-product-details__short-description\">\n<table class=\"sh_desc\" style=\"width: 100%; height: 281px;\">\n<tbody>\n<tr style=\"height: 28px;\">\n<td style=\"height: 28px;\">Typ des Anh\u00e4ngers<\/td>\n<td style=\"height: 28px;\">Anh\u00e4nger im antiken Stil<\/td>\n<\/tr>\n<tr style=\"height: 28px;\">\n<td style=\"height: 28px;\">SKU<\/td>\n<td style=\"height: 28px;\">48574, 48014<\/td>\n<\/tr>\n<tr style=\"height: 28px;\">\n<td style=\"height: 29px;\">Gewicht<\/td>\n<td style=\"height: 29px;\">5,4 Gramm<\/td>\n<\/tr>\n<tr style=\"height: 28px;\">\n<td style=\"height: 29px;\">Sammlung<\/td>\n<td style=\"height: 29px;\"><strong>Sammlung Armari<\/strong><\/td>\n<\/tr>\n<tr style=\"height: 28px;\">\n<td style=\"height: 28px;\">Metall<\/td>\n<td style=\"height: 28px;\">22ct Gold<\/td>\n<\/tr>\n<tr style=\"height: 28px;\">\n<td style=\"height: 28px;\">Entgelte<\/td>\n<td style=\"height: 28px;\">Lieferung und Mehrwertsteuer inbegriffen<\/td>\n<\/tr>\n<tr style=\"height: 28px;\">\n<td style=\"height: 28px;\">Verpackung<\/td>\n<td style=\"height: 28px;\">Mit Pr\u00e4sentationsbox<\/td>\n<\/tr>\n<tr style=\"height: 112px;\">\n<td style=\"height: 112px;\">Mehr Informationen<\/td>\n<td style=\"height: 112px;\">\n<ul>\n<li>Kette ist nicht enthalten<\/li>\n<li>Sehen Sie sich unsere Sammlung von\u00a0<strong>Ketten<\/strong><\/li>\n<li>Live-Chat mit uns f\u00fcr Verf\u00fcgbarkeit und mehr Bilder<\/li>\n<\/ul>\n<\/td>\n<\/tr>\n<\/tbody>\n<\/table>\n<\/div>","protected":false},"featured_media":364823,"comment_status":"closed","ping_status":"closed","template":"","meta":{"_eb_attr":"","_crsspst_to_jayantr4sg-hostcom":false},"product_brand":[],"product_cat":[1791,245,5670,236,1770,1790,1229,1255,1767,1570,1573,1574],"product_tag":[],"class_list":{"0":"post-364822","1":"product","2":"type-product","3":"status-publish","4":"has-post-thumbnail","6":"product_cat-anniversary-gifts","7":"product_cat-armari-collections","8":"product_cat-armari-pendant","9":"product_cat-collections","10":"product_cat-fancy-pendants","11":"product_cat-for-whom-when","12":"product_cat-22ct-gold-jewellery","13":"product_cat-gold-pendants","14":"product_cat-ladies-pendants","15":"product_cat-mothers-day-gifts","16":"product_cat-wedding-gifts","17":"product_cat-womens-jewellery","19":"first","20":"onbackorder","21":"taxable","22":"shipping-taxable","23":"purchasable","24":"product-type-simple","25":"add-to-wishlist-before_image"},"yoast_head":"<!-- This site is optimized with the Yoast SEO plugin v27.5 - https:\/\/yoast.com\/product\/yoast-seo-wordpress\/ -->\n<title>22ct Gold Round Shaped Pendant | Armari Collection | PureJewels<\/title>\n<meta name=\"description\" content=\"Discover the Armari Collection&#039;s 22ct Gold Round Shaped Pendant. Perfect for any occasion, it adds a touch of sophistication and luxury to your jewellery collection.\" \/>\n<meta name=\"robots\" content=\"index, follow, max-snippet:-1, max-image-preview:large, max-video-preview:-1\" \/>\n<link rel=\"canonical\" href=\"https:\/\/www.purejewels.com\/de\/produkt-2\/22ct-gold-runder-anhanger-48574\/\" \/>\n<meta property=\"og:locale\" content=\"de_DE\" \/>\n<meta property=\"og:type\" content=\"article\" \/>\n<meta property=\"og:title\" content=\"22ct Gold Round Shaped Pendant | Armari Collection | PureJewels\" \/>\n<meta property=\"og:description\" content=\"Discover the Armari Collection&#039;s 22ct Gold Round Shaped Pendant. Perfect for any occasion, it adds a touch of sophistication and luxury to your jewellery collection.\" \/>\n<meta property=\"og:url\" content=\"https:\/\/www.purejewels.com\/de\/produkt-2\/22ct-gold-runder-anhanger-48574\/\" \/>\n<meta property=\"og:site_name\" content=\"PureJewels UK\" \/>\n<meta property=\"article:modified_time\" content=\"2026-01-30T11:47:39+00:00\" \/>\n<meta property=\"og:image\" content=\"https:\/\/static.purejewels.com\/wp-content\/uploads\/2024\/06\/48574.png\" \/>\n\t<meta property=\"og:image:width\" content=\"1000\" \/>\n\t<meta property=\"og:image:height\" content=\"1000\" \/>\n\t<meta property=\"og:image:type\" content=\"image\/png\" \/>\n<meta name=\"twitter:card\" content=\"summary_large_image\" \/>\n<meta name=\"twitter:label1\" content=\"Gesch\u00e4tzte Lesezeit\" \/>\n\t<meta name=\"twitter:data1\" content=\"2\u00a0Minuten\" \/>\n<script type=\"application\/ld+json\" class=\"yoast-schema-graph\">{\"@context\":\"https:\\\/\\\/schema.org\",\"@graph\":[{\"@type\":[\"WebPage\",\"ItemPage\"],\"@id\":\"https:\\\/\\\/www.purejewels.com\\\/product\\\/22ct-gold-round-shaped-pendant-48574\\\/\",\"url\":\"https:\\\/\\\/www.purejewels.com\\\/product\\\/22ct-gold-round-shaped-pendant-48574\\\/\",\"name\":\"22ct Gold Round Shaped Pendant | Armari Collection | PureJewels\",\"isPartOf\":{\"@id\":\"https:\\\/\\\/www.purejewels.com\\\/#website\"},\"primaryImageOfPage\":{\"@id\":\"https:\\\/\\\/www.purejewels.com\\\/product\\\/22ct-gold-round-shaped-pendant-48574\\\/#primaryimage\"},\"image\":{\"@id\":\"https:\\\/\\\/www.purejewels.com\\\/product\\\/22ct-gold-round-shaped-pendant-48574\\\/#primaryimage\"},\"thumbnailUrl\":\"https:\\\/\\\/static.purejewels.com\\\/wp-content\\\/uploads\\\/2024\\\/06\\\/48574.png\",\"datePublished\":\"2024-08-05T09:20:35+00:00\",\"dateModified\":\"2026-01-30T11:47:39+00:00\",\"description\":\"Discover the Armari Collection's 22ct Gold Round Shaped Pendant. Perfect for any occasion, it adds a touch of sophistication and luxury to your jewellery collection.\",\"breadcrumb\":{\"@id\":\"https:\\\/\\\/www.purejewels.com\\\/product\\\/22ct-gold-round-shaped-pendant-48574\\\/#breadcrumb\"},\"inLanguage\":\"de\",\"potentialAction\":[{\"@type\":\"ReadAction\",\"target\":[\"https:\\\/\\\/www.purejewels.com\\\/product\\\/22ct-gold-round-shaped-pendant-48574\\\/\"]}]},{\"@type\":\"ImageObject\",\"inLanguage\":\"de\",\"@id\":\"https:\\\/\\\/www.purejewels.com\\\/product\\\/22ct-gold-round-shaped-pendant-48574\\\/#primaryimage\",\"url\":\"https:\\\/\\\/static.purejewels.com\\\/wp-content\\\/uploads\\\/2024\\\/06\\\/48574.png\",\"contentUrl\":\"https:\\\/\\\/static.purejewels.com\\\/wp-content\\\/uploads\\\/2024\\\/06\\\/48574.png\",\"width\":1000,\"height\":1000,\"caption\":\"22ct Gold Pendant\"},{\"@type\":\"BreadcrumbList\",\"@id\":\"https:\\\/\\\/www.purejewels.com\\\/product\\\/22ct-gold-round-shaped-pendant-48574\\\/#breadcrumb\",\"itemListElement\":[{\"@type\":\"ListItem\",\"position\":1,\"name\":\"Home\",\"item\":\"https:\\\/\\\/www.purejewels.com\\\/\"},{\"@type\":\"ListItem\",\"position\":2,\"name\":\"Shop\",\"item\":\"https:\\\/\\\/www.purejewels.com\\\/shop\\\/\"},{\"@type\":\"ListItem\",\"position\":3,\"name\":\"22ct Gold Round Shaped Pendant | Armari Collection\"}]},{\"@type\":\"WebSite\",\"@id\":\"https:\\\/\\\/www.purejewels.com\\\/#website\",\"url\":\"https:\\\/\\\/www.purejewels.com\\\/\",\"name\":\"PureJewels UK\",\"description\":\"Share the Love\",\"publisher\":{\"@id\":\"https:\\\/\\\/www.purejewels.com\\\/#organization\"},\"potentialAction\":[{\"@type\":\"SearchAction\",\"target\":{\"@type\":\"EntryPoint\",\"urlTemplate\":\"https:\\\/\\\/www.purejewels.com\\\/?s={search_term_string}\"},\"query-input\":{\"@type\":\"PropertyValueSpecification\",\"valueRequired\":true,\"valueName\":\"search_term_string\"}}],\"inLanguage\":\"de\"},{\"@type\":\"Organization\",\"@id\":\"https:\\\/\\\/www.purejewels.com\\\/#organization\",\"name\":\"PureJewels UK\",\"url\":\"https:\\\/\\\/www.purejewels.com\\\/\",\"logo\":{\"@type\":\"ImageObject\",\"inLanguage\":\"de\",\"@id\":\"https:\\\/\\\/www.purejewels.com\\\/#\\\/schema\\\/logo\\\/image\\\/\",\"url\":\"https:\\\/\\\/static.purejewels.com\\\/wp-content\\\/uploads\\\/2020\\\/11\\\/Logo-PJ-New-1.png\",\"contentUrl\":\"https:\\\/\\\/static.purejewels.com\\\/wp-content\\\/uploads\\\/2020\\\/11\\\/Logo-PJ-New-1.png\",\"width\":150,\"height\":80,\"caption\":\"PureJewels UK\"},\"image\":{\"@id\":\"https:\\\/\\\/www.purejewels.com\\\/#\\\/schema\\\/logo\\\/image\\\/\"}}]}<\/script>\n<!-- \/ Yoast SEO plugin. -->","yoast_head_json":{"title":"22ct Gold runder Anh\u00e4nger | Armari Kollektion | PureJewels","description":"Entdecken Sie den runden Anh\u00e4nger aus 22 Karat Gold der Armari Collection. Er ist perfekt f\u00fcr jede Gelegenheit und verleiht Ihrer Schmucksammlung einen Hauch von Raffinesse und Luxus.","robots":{"index":"index","follow":"follow","max-snippet":"max-snippet:-1","max-image-preview":"max-image-preview:large","max-video-preview":"max-video-preview:-1"},"canonical":"https:\/\/www.purejewels.com\/de\/produkt-2\/22ct-gold-runder-anhanger-48574\/","og_locale":"de_DE","og_type":"article","og_title":"22ct Gold Round Shaped Pendant | Armari Collection | PureJewels","og_description":"Discover the Armari Collection's 22ct Gold Round Shaped Pendant. Perfect for any occasion, it adds a touch of sophistication and luxury to your jewellery collection.","og_url":"https:\/\/www.purejewels.com\/de\/produkt-2\/22ct-gold-runder-anhanger-48574\/","og_site_name":"PureJewels UK","article_modified_time":"2026-01-30T11:47:39+00:00","og_image":[{"width":1000,"height":1000,"url":"https:\/\/static.purejewels.com\/wp-content\/uploads\/2024\/06\/48574.png","type":"image\/png"}],"twitter_card":"summary_large_image","twitter_misc":{"Gesch\u00e4tzte Lesezeit":"2\u00a0Minuten"},"schema":{"@context":"https:\/\/schema.org","@graph":[{"@type":["WebPage","ItemPage"],"@id":"https:\/\/www.purejewels.com\/product\/22ct-gold-round-shaped-pendant-48574\/","url":"https:\/\/www.purejewels.com\/product\/22ct-gold-round-shaped-pendant-48574\/","name":"22ct Gold runder Anh\u00e4nger | Armari Kollektion | PureJewels","isPartOf":{"@id":"https:\/\/www.purejewels.com\/#website"},"primaryImageOfPage":{"@id":"https:\/\/www.purejewels.com\/product\/22ct-gold-round-shaped-pendant-48574\/#primaryimage"},"image":{"@id":"https:\/\/www.purejewels.com\/product\/22ct-gold-round-shaped-pendant-48574\/#primaryimage"},"thumbnailUrl":"https:\/\/static.purejewels.com\/wp-content\/uploads\/2024\/06\/48574.png","datePublished":"2024-08-05T09:20:35+00:00","dateModified":"2026-01-30T11:47:39+00:00","description":"Entdecken Sie den runden Anh\u00e4nger aus 22 Karat Gold der Armari Collection. Er ist perfekt f\u00fcr jede Gelegenheit und verleiht Ihrer Schmucksammlung einen Hauch von Raffinesse und Luxus.","breadcrumb":{"@id":"https:\/\/www.purejewels.com\/product\/22ct-gold-round-shaped-pendant-48574\/#breadcrumb"},"inLanguage":"de","potentialAction":[{"@type":"ReadAction","target":["https:\/\/www.purejewels.com\/product\/22ct-gold-round-shaped-pendant-48574\/"]}]},{"@type":"ImageObject","inLanguage":"de","@id":"https:\/\/www.purejewels.com\/product\/22ct-gold-round-shaped-pendant-48574\/#primaryimage","url":"https:\/\/static.purejewels.com\/wp-content\/uploads\/2024\/06\/48574.png","contentUrl":"https:\/\/static.purejewels.com\/wp-content\/uploads\/2024\/06\/48574.png","width":1000,"height":1000,"caption":"22ct Gold Pendant"},{"@type":"BreadcrumbList","@id":"https:\/\/www.purejewels.com\/product\/22ct-gold-round-shaped-pendant-48574\/#breadcrumb","itemListElement":[{"@type":"ListItem","position":1,"name":"Home","item":"https:\/\/www.purejewels.com\/"},{"@type":"ListItem","position":2,"name":"Shop","item":"https:\/\/www.purejewels.com\/shop\/"},{"@type":"ListItem","position":3,"name":"22ct Gold Round Shaped Pendant | Armari Collection"}]},{"@type":"WebSite","@id":"https:\/\/www.purejewels.com\/#website","url":"https:\/\/www.purejewels.com\/","name":"PureJewels UK","description":"Teile die Liebe","publisher":{"@id":"https:\/\/www.purejewels.com\/#organization"},"potentialAction":[{"@type":"SearchAction","target":{"@type":"EntryPoint","urlTemplate":"https:\/\/www.purejewels.com\/?s={search_term_string}"},"query-input":{"@type":"PropertyValueSpecification","valueRequired":true,"valueName":"search_term_string"}}],"inLanguage":"de"},{"@type":"Organization","@id":"https:\/\/www.purejewels.com\/#organization","name":"PureJewels UK","url":"https:\/\/www.purejewels.com\/","logo":{"@type":"ImageObject","inLanguage":"de","@id":"https:\/\/www.purejewels.com\/#\/schema\/logo\/image\/","url":"https:\/\/static.purejewels.com\/wp-content\/uploads\/2020\/11\/Logo-PJ-New-1.png","contentUrl":"https:\/\/static.purejewels.com\/wp-content\/uploads\/2020\/11\/Logo-PJ-New-1.png","width":150,"height":80,"caption":"PureJewels UK"},"image":{"@id":"https:\/\/www.purejewels.com\/#\/schema\/logo\/image\/"}}]}},"_links":{"self":[{"href":"https:\/\/www.purejewels.com\/de\/wp-json\/wp\/v2\/product\/364822","targetHints":{"allow":["GET"]}}],"collection":[{"href":"https:\/\/www.purejewels.com\/de\/wp-json\/wp\/v2\/product"}],"about":[{"href":"https:\/\/www.purejewels.com\/de\/wp-json\/wp\/v2\/types\/product"}],"replies":[{"embeddable":true,"href":"https:\/\/www.purejewels.com\/de\/wp-json\/wp\/v2\/comments?post=364822"}],"version-history":[{"count":5,"href":"https:\/\/www.purejewels.com\/de\/wp-json\/wp\/v2\/product\/364822\/revisions"}],"predecessor-version":[{"id":425461,"href":"https:\/\/www.purejewels.com\/de\/wp-json\/wp\/v2\/product\/364822\/revisions\/425461"}],"wp:featuredmedia":[{"embeddable":true,"href":"https:\/\/www.purejewels.com\/de\/wp-json\/wp\/v2\/media\/364823"}],"wp:attachment":[{"href":"https:\/\/www.purejewels.com\/de\/wp-json\/wp\/v2\/media?parent=364822"}],"wp:term":[{"taxonomy":"product_brand","embeddable":true,"href":"https:\/\/www.purejewels.com\/de\/wp-json\/wp\/v2\/product_brand?post=364822"},{"taxonomy":"product_cat","embeddable":true,"href":"https:\/\/www.purejewels.com\/de\/wp-json\/wp\/v2\/product_cat?post=364822"},{"taxonomy":"product_tag","embeddable":true,"href":"https:\/\/www.purejewels.com\/de\/wp-json\/wp\/v2\/product_tag?post=364822"}],"curies":[{"name":"wp","href":"https:\/\/api.w.org\/{rel}","templated":true}]}}