{"id":364847,"date":"2025-05-18T12:34:38","date_gmt":"2025-05-18T11:34:38","guid":{"rendered":"https:\/\/www.purejewels.com\/?post_type=product&#038;p=364847"},"modified":"2026-04-14T09:51:33","modified_gmt":"2026-04-14T08:51:33","slug":"22ct-sunrise-gold-rosetten-nasenring-rosette-sammlung-50527","status":"publish","type":"product","link":"https:\/\/www.purejewels.com\/de\/product\/22ct-sunrise-gold-rosettes-nose-ring-rosette-collection-50527\/","title":{"rendered":"22ct Sunrise Gold Nasenring | Rosette Kollektion"},"content":{"rendered":"<p data-start=\"719\" data-end=\"1041\">Diese <strong data-start=\"724\" data-end=\"755\">22ct Sunrise Gold Nasenring<\/strong> aus der Rosette-Kollektion ist eine Verk\u00f6rperung von zarter Kunstfertigkeit und bedeutungsvoller Tradition. Inspiriert von der sanften Eleganz bl\u00fchender Blumen, zeigt sie ein fein gearbeitetes Rosettenmotiv, das mit polierten Goldperlen besetzt ist und die Meilensteine des Lebens und das innere Strahlen der Tr\u00e4gerin symbolisiert.<\/p>\n<p data-start=\"1043\" data-end=\"1348\">Die W\u00e4rme von Sunrise Gold - einer exklusiven Legierung von PureJewels - verleiht dem floralen Design einen sanften goldenen Farbton, der an die Morgend\u00e4mmerung \u00fcber den Bl\u00fctenfeldern erinnert. Jedes Element ist handgefertigt und erinnert an das Erbe der \u00f6stlichen Handwerkskunst, w\u00e4hrend es gleichzeitig eine raffinierte, moderne Silhouette pr\u00e4sentiert.<\/p>\n<p data-start=\"1350\" data-end=\"1639\">Der schlanke und leichte Ring wurde f\u00fcr Komfort und Langlebigkeit gefertigt. Er ist so konzipiert, dass man ihn m\u00fchelos jeden Tag oder zu Anl\u00e4ssen tragen kann, bei denen man eine subtile Tradition sch\u00e4tzt. Das romantische und symbolische Rosettenmotiv zelebriert eine bl\u00fchende Identit\u00e4t, pers\u00f6nliches Wachstum und dauerhafte Sch\u00f6nheit.<\/p>\n<p>Ob im Alltag oder zu besonderen Anl\u00e4ssen, dieser Nasenring ist ein Symbol f\u00fcr Raffinesse und Sch\u00f6nheit. F\u00fcgen Sie Ihrer Schmucksammlung noch heute einen Hauch von floral inspirierter Eleganz hinzu!<\/p>","protected":false},"excerpt":{"rendered":"<p>Zelebrieren Sie die stille Sch\u00f6nheit mit diesem Nasenring aus 22 Karat Sunrise Gold aus unserer Rosette-Kollektion - ein poetischer Ausdruck von Erbe und Weiblichkeit. Er ist mit einer einzelnen handgefertigten Rosette und poliertem Goldgranulat verziert und spiegelt sowohl Zartheit als auch St\u00e4rke wider. Dieses Schmuckst\u00fcck, das anmutig auf der Nase sitzt, ist eine Hommage an die Tradition, die zeitlos ist. Leicht, bedeutungsvoll und ganz und gar exquisit.<\/p>\n<p><strong>Material:<\/strong> 22ct Gold<br \/>\n<strong>Reinheit:<\/strong> 91.6% rein<br \/>\n<strong>Wahrzeichen:<\/strong> Britisches G\u00fctesiegel<br \/>\n<strong>Bruttogewicht:<\/strong> 0,59 Gramm<br \/>\n<strong>Breite der Bl\u00fcte:<\/strong> 5 mm<br \/>\n<strong>Katalog-ID:<\/strong> R1009<br \/>\n<strong>SKU:<\/strong> 55259, 55258, 55257, 55256<\/p>\n<p><strong>Preis und Lieferung:<\/strong> Inklusive Mehrwertsteuer und Lieferkosten<br \/>\n<strong><a href=\"https:\/\/www.purejewels.com\/de\/ruckgabepolitik\/\">R\u00fcckgabepolitik<\/a><\/strong><\/p>","protected":false},"featured_media":364851,"comment_status":"closed","ping_status":"closed","template":"","meta":{"_eb_attr":"","_crsspst_to_jayantr4sg-hostcom":false},"product_brand":[],"product_cat":[236,5701,1792,1229,1712,5342,5338,5593,1656,1574,5349],"product_tag":[],"class_list":{"0":"post-364847","1":"product","2":"type-product","3":"status-publish","4":"has-post-thumbnail","6":"product_cat-collections","7":"product_cat-eid-jewellery","8":"product_cat-festival-gifts","9":"product_cat-22ct-gold-jewellery","10":"product_cat-gold-nose-ring","11":"product_cat-jewellery-under-250","12":"product_cat-shop-by-price","13":"product_cat-rosette-nose-pin","14":"product_cat-rosettes-collections","15":"product_cat-womens-jewellery","16":"product_cat-yellow-gold-jewellery","18":"first","19":"instock","20":"taxable","21":"shipping-taxable","22":"purchasable","23":"product-type-simple","24":"add-to-wishlist-before_image"},"yoast_head":"<!-- This site is optimized with the Yoast SEO plugin v27.5 - https:\/\/yoast.com\/product\/yoast-seo-wordpress\/ -->\n<title>22ct Sunrise Gold Rosettes Nose Ring online at PureJewels UK<\/title>\n<meta name=\"description\" content=\"Shop 22ct Sunrise Gold Rosettes Nose Ring. The wire makes it easy and comfortable to wear. Buy this Nose pin online at PureJewels UK. Free delivery at UK\" \/>\n<meta name=\"robots\" content=\"index, follow, max-snippet:-1, max-image-preview:large, max-video-preview:-1\" \/>\n<link rel=\"canonical\" href=\"https:\/\/www.purejewels.com\/de\/produkt-2\/22ct-sunrise-gold-rosetten-nasenring-rosette-sammlung-50527\/\" \/>\n<meta property=\"og:locale\" content=\"de_DE\" \/>\n<meta property=\"og:type\" content=\"article\" \/>\n<meta property=\"og:title\" content=\"22ct Sunrise Gold Rosettes Nose Ring online at PureJewels UK\" \/>\n<meta property=\"og:description\" content=\"Shop 22ct Sunrise Gold Rosettes Nose Ring. The wire makes it easy and comfortable to wear. Buy this Nose pin online at PureJewels UK. Free delivery at UK\" \/>\n<meta property=\"og:url\" content=\"https:\/\/www.purejewels.com\/de\/produkt-2\/22ct-sunrise-gold-rosetten-nasenring-rosette-sammlung-50527\/\" \/>\n<meta property=\"og:site_name\" content=\"PureJewels UK\" \/>\n<meta property=\"article:modified_time\" content=\"2026-04-14T08:51:33+00:00\" \/>\n<meta property=\"og:image\" content=\"https:\/\/static.purejewels.com\/wp-content\/uploads\/2024\/06\/48329.png\" \/>\n\t<meta property=\"og:image:width\" content=\"1000\" \/>\n\t<meta property=\"og:image:height\" content=\"1000\" \/>\n\t<meta property=\"og:image:type\" content=\"image\/png\" \/>\n<meta name=\"twitter:card\" content=\"summary_large_image\" \/>\n<meta name=\"twitter:label1\" content=\"Gesch\u00e4tzte Lesezeit\" \/>\n\t<meta name=\"twitter:data1\" content=\"1\u00a0Minute\" \/>\n<script type=\"application\/ld+json\" class=\"yoast-schema-graph\">{\"@context\":\"https:\\\/\\\/schema.org\",\"@graph\":[{\"@type\":[\"WebPage\",\"ItemPage\"],\"@id\":\"https:\\\/\\\/www.purejewels.com\\\/product\\\/22ct-sunrise-gold-rosettes-nose-ring-rosette-collection-50527\\\/\",\"url\":\"https:\\\/\\\/www.purejewels.com\\\/product\\\/22ct-sunrise-gold-rosettes-nose-ring-rosette-collection-50527\\\/\",\"name\":\"22ct Sunrise Gold Rosettes Nose Ring online at PureJewels UK\",\"isPartOf\":{\"@id\":\"https:\\\/\\\/www.purejewels.com\\\/#website\"},\"primaryImageOfPage\":{\"@id\":\"https:\\\/\\\/www.purejewels.com\\\/product\\\/22ct-sunrise-gold-rosettes-nose-ring-rosette-collection-50527\\\/#primaryimage\"},\"image\":{\"@id\":\"https:\\\/\\\/www.purejewels.com\\\/product\\\/22ct-sunrise-gold-rosettes-nose-ring-rosette-collection-50527\\\/#primaryimage\"},\"thumbnailUrl\":\"https:\\\/\\\/static.purejewels.com\\\/wp-content\\\/uploads\\\/2024\\\/06\\\/48329.png\",\"datePublished\":\"2025-05-18T11:34:38+00:00\",\"dateModified\":\"2026-04-14T08:51:33+00:00\",\"description\":\"Shop 22ct Sunrise Gold Rosettes Nose Ring. The wire makes it easy and comfortable to wear. Buy this Nose pin online at PureJewels UK. Free delivery at UK\",\"breadcrumb\":{\"@id\":\"https:\\\/\\\/www.purejewels.com\\\/product\\\/22ct-sunrise-gold-rosettes-nose-ring-rosette-collection-50527\\\/#breadcrumb\"},\"inLanguage\":\"de\",\"potentialAction\":[{\"@type\":\"ReadAction\",\"target\":[\"https:\\\/\\\/www.purejewels.com\\\/product\\\/22ct-sunrise-gold-rosettes-nose-ring-rosette-collection-50527\\\/\"]}]},{\"@type\":\"ImageObject\",\"inLanguage\":\"de\",\"@id\":\"https:\\\/\\\/www.purejewels.com\\\/product\\\/22ct-sunrise-gold-rosettes-nose-ring-rosette-collection-50527\\\/#primaryimage\",\"url\":\"https:\\\/\\\/static.purejewels.com\\\/wp-content\\\/uploads\\\/2024\\\/06\\\/48329.png\",\"contentUrl\":\"https:\\\/\\\/static.purejewels.com\\\/wp-content\\\/uploads\\\/2024\\\/06\\\/48329.png\",\"width\":1000,\"height\":1000,\"caption\":\"22ct Sunrise Gold Rosettes Nose Ring | Rosette Collection 48329\"},{\"@type\":\"BreadcrumbList\",\"@id\":\"https:\\\/\\\/www.purejewels.com\\\/product\\\/22ct-sunrise-gold-rosettes-nose-ring-rosette-collection-50527\\\/#breadcrumb\",\"itemListElement\":[{\"@type\":\"ListItem\",\"position\":1,\"name\":\"Home\",\"item\":\"https:\\\/\\\/www.purejewels.com\\\/\"},{\"@type\":\"ListItem\",\"position\":2,\"name\":\"Shop\",\"item\":\"https:\\\/\\\/www.purejewels.com\\\/shop\\\/\"},{\"@type\":\"ListItem\",\"position\":3,\"name\":\"22ct Sunrise Gold Nose Ring | Rosette Collection\"}]},{\"@type\":\"WebSite\",\"@id\":\"https:\\\/\\\/www.purejewels.com\\\/#website\",\"url\":\"https:\\\/\\\/www.purejewels.com\\\/\",\"name\":\"PureJewels UK\",\"description\":\"Share the Love\",\"publisher\":{\"@id\":\"https:\\\/\\\/www.purejewels.com\\\/#organization\"},\"potentialAction\":[{\"@type\":\"SearchAction\",\"target\":{\"@type\":\"EntryPoint\",\"urlTemplate\":\"https:\\\/\\\/www.purejewels.com\\\/?s={search_term_string}\"},\"query-input\":{\"@type\":\"PropertyValueSpecification\",\"valueRequired\":true,\"valueName\":\"search_term_string\"}}],\"inLanguage\":\"de\"},{\"@type\":\"Organization\",\"@id\":\"https:\\\/\\\/www.purejewels.com\\\/#organization\",\"name\":\"PureJewels UK\",\"url\":\"https:\\\/\\\/www.purejewels.com\\\/\",\"logo\":{\"@type\":\"ImageObject\",\"inLanguage\":\"de\",\"@id\":\"https:\\\/\\\/www.purejewels.com\\\/#\\\/schema\\\/logo\\\/image\\\/\",\"url\":\"https:\\\/\\\/static.purejewels.com\\\/wp-content\\\/uploads\\\/2020\\\/11\\\/Logo-PJ-New-1.png\",\"contentUrl\":\"https:\\\/\\\/static.purejewels.com\\\/wp-content\\\/uploads\\\/2020\\\/11\\\/Logo-PJ-New-1.png\",\"width\":150,\"height\":80,\"caption\":\"PureJewels UK\"},\"image\":{\"@id\":\"https:\\\/\\\/www.purejewels.com\\\/#\\\/schema\\\/logo\\\/image\\\/\"}}]}<\/script>\n<!-- \/ Yoast SEO plugin. -->","yoast_head_json":{"title":"22ct Sunrise Gold Rosetten Nasenring online bei PureJewels UK","description":"Shop 22ct Sunrise Gold Rosetten Nasenring. Der Draht macht es einfach und bequem zu tragen. Kaufen Sie diese Anstecknadel online bei PureJewels UK. Kostenlose Lieferung in UK","robots":{"index":"index","follow":"follow","max-snippet":"max-snippet:-1","max-image-preview":"max-image-preview:large","max-video-preview":"max-video-preview:-1"},"canonical":"https:\/\/www.purejewels.com\/de\/produkt-2\/22ct-sunrise-gold-rosetten-nasenring-rosette-sammlung-50527\/","og_locale":"de_DE","og_type":"article","og_title":"22ct Sunrise Gold Rosettes Nose Ring online at PureJewels UK","og_description":"Shop 22ct Sunrise Gold Rosettes Nose Ring. The wire makes it easy and comfortable to wear. Buy this Nose pin online at PureJewels UK. Free delivery at UK","og_url":"https:\/\/www.purejewels.com\/de\/produkt-2\/22ct-sunrise-gold-rosetten-nasenring-rosette-sammlung-50527\/","og_site_name":"PureJewels UK","article_modified_time":"2026-04-14T08:51:33+00:00","og_image":[{"width":1000,"height":1000,"url":"https:\/\/static.purejewels.com\/wp-content\/uploads\/2024\/06\/48329.png","type":"image\/png"}],"twitter_card":"summary_large_image","twitter_misc":{"Gesch\u00e4tzte Lesezeit":"1\u00a0Minute"},"schema":{"@context":"https:\/\/schema.org","@graph":[{"@type":["WebPage","ItemPage"],"@id":"https:\/\/www.purejewels.com\/product\/22ct-sunrise-gold-rosettes-nose-ring-rosette-collection-50527\/","url":"https:\/\/www.purejewels.com\/product\/22ct-sunrise-gold-rosettes-nose-ring-rosette-collection-50527\/","name":"22ct Sunrise Gold Rosetten Nasenring online bei PureJewels UK","isPartOf":{"@id":"https:\/\/www.purejewels.com\/#website"},"primaryImageOfPage":{"@id":"https:\/\/www.purejewels.com\/product\/22ct-sunrise-gold-rosettes-nose-ring-rosette-collection-50527\/#primaryimage"},"image":{"@id":"https:\/\/www.purejewels.com\/product\/22ct-sunrise-gold-rosettes-nose-ring-rosette-collection-50527\/#primaryimage"},"thumbnailUrl":"https:\/\/static.purejewels.com\/wp-content\/uploads\/2024\/06\/48329.png","datePublished":"2025-05-18T11:34:38+00:00","dateModified":"2026-04-14T08:51:33+00:00","description":"Shop 22ct Sunrise Gold Rosetten Nasenring. Der Draht macht es einfach und bequem zu tragen. Kaufen Sie diese Anstecknadel online bei PureJewels UK. Kostenlose Lieferung in UK","breadcrumb":{"@id":"https:\/\/www.purejewels.com\/product\/22ct-sunrise-gold-rosettes-nose-ring-rosette-collection-50527\/#breadcrumb"},"inLanguage":"de","potentialAction":[{"@type":"ReadAction","target":["https:\/\/www.purejewels.com\/product\/22ct-sunrise-gold-rosettes-nose-ring-rosette-collection-50527\/"]}]},{"@type":"ImageObject","inLanguage":"de","@id":"https:\/\/www.purejewels.com\/product\/22ct-sunrise-gold-rosettes-nose-ring-rosette-collection-50527\/#primaryimage","url":"https:\/\/static.purejewels.com\/wp-content\/uploads\/2024\/06\/48329.png","contentUrl":"https:\/\/static.purejewels.com\/wp-content\/uploads\/2024\/06\/48329.png","width":1000,"height":1000,"caption":"22ct Sunrise Gold Rosettes Nose Ring | Rosette Collection 48329"},{"@type":"BreadcrumbList","@id":"https:\/\/www.purejewels.com\/product\/22ct-sunrise-gold-rosettes-nose-ring-rosette-collection-50527\/#breadcrumb","itemListElement":[{"@type":"ListItem","position":1,"name":"Home","item":"https:\/\/www.purejewels.com\/"},{"@type":"ListItem","position":2,"name":"Shop","item":"https:\/\/www.purejewels.com\/shop\/"},{"@type":"ListItem","position":3,"name":"22ct Sunrise Gold Nose Ring | Rosette Collection"}]},{"@type":"WebSite","@id":"https:\/\/www.purejewels.com\/#website","url":"https:\/\/www.purejewels.com\/","name":"PureJewels UK","description":"Teile die Liebe","publisher":{"@id":"https:\/\/www.purejewels.com\/#organization"},"potentialAction":[{"@type":"SearchAction","target":{"@type":"EntryPoint","urlTemplate":"https:\/\/www.purejewels.com\/?s={search_term_string}"},"query-input":{"@type":"PropertyValueSpecification","valueRequired":true,"valueName":"search_term_string"}}],"inLanguage":"de"},{"@type":"Organization","@id":"https:\/\/www.purejewels.com\/#organization","name":"PureJewels UK","url":"https:\/\/www.purejewels.com\/","logo":{"@type":"ImageObject","inLanguage":"de","@id":"https:\/\/www.purejewels.com\/#\/schema\/logo\/image\/","url":"https:\/\/static.purejewels.com\/wp-content\/uploads\/2020\/11\/Logo-PJ-New-1.png","contentUrl":"https:\/\/static.purejewels.com\/wp-content\/uploads\/2020\/11\/Logo-PJ-New-1.png","width":150,"height":80,"caption":"PureJewels UK"},"image":{"@id":"https:\/\/www.purejewels.com\/#\/schema\/logo\/image\/"}}]}},"_links":{"self":[{"href":"https:\/\/www.purejewels.com\/de\/wp-json\/wp\/v2\/product\/364847","targetHints":{"allow":["GET"]}}],"collection":[{"href":"https:\/\/www.purejewels.com\/de\/wp-json\/wp\/v2\/product"}],"about":[{"href":"https:\/\/www.purejewels.com\/de\/wp-json\/wp\/v2\/types\/product"}],"replies":[{"embeddable":true,"href":"https:\/\/www.purejewels.com\/de\/wp-json\/wp\/v2\/comments?post=364847"}],"version-history":[{"count":5,"href":"https:\/\/www.purejewels.com\/de\/wp-json\/wp\/v2\/product\/364847\/revisions"}],"predecessor-version":[{"id":428450,"href":"https:\/\/www.purejewels.com\/de\/wp-json\/wp\/v2\/product\/364847\/revisions\/428450"}],"wp:featuredmedia":[{"embeddable":true,"href":"https:\/\/www.purejewels.com\/de\/wp-json\/wp\/v2\/media\/364851"}],"wp:attachment":[{"href":"https:\/\/www.purejewels.com\/de\/wp-json\/wp\/v2\/media?parent=364847"}],"wp:term":[{"taxonomy":"product_brand","embeddable":true,"href":"https:\/\/www.purejewels.com\/de\/wp-json\/wp\/v2\/product_brand?post=364847"},{"taxonomy":"product_cat","embeddable":true,"href":"https:\/\/www.purejewels.com\/de\/wp-json\/wp\/v2\/product_cat?post=364847"},{"taxonomy":"product_tag","embeddable":true,"href":"https:\/\/www.purejewels.com\/de\/wp-json\/wp\/v2\/product_tag?post=364847"}],"curies":[{"name":"wp","href":"https:\/\/api.w.org\/{rel}","templated":true}]}}