{"id":364971,"date":"2025-05-07T10:49:28","date_gmt":"2025-05-07T09:49:28","guid":{"rendered":"https:\/\/www.purejewels.com\/?post_type=product&#038;p=364971"},"modified":"2026-05-08T06:04:46","modified_gmt":"2026-05-08T05:04:46","slug":"22ct-sunrise-goldring-mit-dhwani-perle-und-orangefarbenem-saphir-48781","status":"publish","type":"product","link":"https:\/\/www.purejewels.com\/de\/product\/22ct-sunrise-gold-ring-with-dhwani-bead-and-orange-sapphire-48781\/","title":{"rendered":"Dhwani Perle &amp; Orange Saphir Ring"},"content":{"rendered":"<p><strong>Verbinden Sie die W\u00e4rme der Morgend\u00e4mmerung mit feuriger Brillanz.<\/strong> Dieser fesselnde Ring zeigt einen faszinierenden orangefarbenen Saphir, der in ein Band aus reichem <a href=\"https:\/\/www.purejewels.com\/de\/product\/22ct-gold-jali-filigree-ring-jali-collection-31926\/\">22ct<\/a> sunrise gold, verziert mit einer zarten Dhwani-Perle.<\/p>\n<p>Eine wundersch\u00f6ne Dhwani-Perle verleiht dem Design einen Hauch von kulturellem Erbe und verschlungenen Details. Die <a href=\"https:\/\/www.purejewels.com\/de\/product\/holy-cross-gold-pendant-44713\/\">22 Karat Gold<\/a> Das Zwirnband schimmert in einem warmen, rosigen Farbton, der die feurige Eleganz des orangefarbenen Saphirs erg\u00e4nzt.<\/p>\n<p>Erkunden Sie die exquisite Sammlung von Sonnenaufg\u00e4ngen <a href=\"https:\/\/www.purejewels.com\/de\/elegance-of-sold-gold\/\">Goldschmuck<\/a> bei PureJewels UK. Finden Sie Ihren perfekten feurigen Schatz noch heute.<\/p>\n<p><strong><b>Sonnenaufgang-Gold: Ein neuer Aufbruch in luxuri\u00f6ser Eleganz<\/b><\/strong><\/p>\n<p>Bei PureJewels treibt uns die Leidenschaft f\u00fcr Innovation an, Schmuck zu schaffen, der \u00fcber das Gew\u00f6hnliche hinausgeht. Als Metallurgen und Kunsthandwerker hat unser unerm\u00fcdliches Streben nach Perfektion in der Schmuckforschung und im Design zur Schaffung von etwas wirklich Au\u00dfergew\u00f6hnlichem gef\u00fchrt - unserer Sunrise Gold Kollektion. Diese exklusive <a href=\"https:\/\/www.purejewels.com\/de\/precious-metals-in-jewelry-making\/\">Legierung<\/a>beh\u00e4lt die Reinheit von 22-kar\u00e4tigem Gold bei und bietet gleichzeitig eine un\u00fcbertroffene Festigkeit und ein fesselndes Farbprofil mit einem Glanz, der das erste Licht der Morgend\u00e4mmerung widerspiegelt.<\/p>\n<p>Das Ergebnis der Z\u00e4higkeit der Legierung ist ein Schmuckst\u00fcck, das sich in zarte, komplizierte Designs formen l\u00e4sst, die sowohl in ihrer Sch\u00f6nheit als auch in ihrer Widerstandsf\u00e4higkeit den Test der Zeit bestehen. Ob als Schmuck f\u00fcr einen besonderen Anlass oder zur Aufwertung eines professionellen Looks, Sunrise Gold gl\u00e4nzt immer mit unaufdringlicher Eleganz. Die Farbe der Legierung, ein warmer, pfirsichfarbener Farbton, der zur Farbe des Jahres gew\u00e4hlt wurde, liegt nicht nur im Trend, sondern ist zeitlos und strahlt W\u00e4rme und Behaglichkeit aus. Ebenso gl\u00e4nzend wie Gelbgold, aber wunderbar dezent, ist Sunrise Gold eine vielseitige Wahl f\u00fcr alle Hautt\u00f6ne und eine raffinierte Erg\u00e4nzung f\u00fcr jede Schmuckkollektion.<\/p>\n<p>Jedes St\u00fcck der Kollektion wird mit gr\u00f6\u00dfter Sorgfalt hergestellt, um hypoallergen und f\u00fcr alle Hauttypen geeignet zu sein. Sie k\u00f6nnen unseren Schmuck mit Zuversicht tragen, weil Sie wissen, dass er ebenso sanft wie sch\u00f6n ist.<\/p>\n<p>Wenn Sie sich f\u00fcr Sunrise Gold entscheiden, entscheiden Sie sich f\u00fcr ein Schmuckst\u00fcck, das ebenso einzigartig wie best\u00e4ndig ist. Wir laden Sie ein, mit unserer Sunrise Gold Kollektion den Beginn einer neuen \u00c4ra des Luxus zu erleben. Lassen Sie sich von der W\u00e4rme und Eleganz von Sunrise Gold verzaubern und feiern Sie Ihre Reise mit PureJewels<\/p>","protected":false},"excerpt":{"rendered":"<p>Die <strong data-start=\"4\" data-end=\"42\">Dhwani Perle &amp; Orange Saphir Ring<\/strong> ist eine lebendige Verschmelzung von Tradition und Eleganz. Mit einem strahlend orangefarbenen Saphir neben einem handgefertigten Perlenmotiv strahlt dieser Ring W\u00e4rme und Individualit\u00e4t aus. Perfekt zum Stapeln oder als Einzelst\u00fcck getragen, ist er ein k\u00fchnes und doch raffiniertes Accessoire f\u00fcr jeden Anlass.<\/p>\n<p><strong>Material:<\/strong>\u00a022ct Sonnenaufgang Gold<strong><br \/>\nWahrzeichen:\u00a0<\/strong>Britisches G\u00fctesiegel<strong><br \/>\n<\/strong><strong>Stein: <\/strong>Sapphire<strong><br \/>\n<\/strong><strong>Bruttogewicht: <\/strong>2.7 Gms<strong><br \/>\nSKU: <\/strong>48781<\/p>\n<p><strong>Preis und Lieferung:<\/strong>Inklusive Mehrwertsteuer und Lieferkosten<strong><br \/>\n<a href=\"https:\/\/www.purejewels.com\/de\/ruckgabepolitik\/\">R\u00fcckgabepolitik<\/a><\/strong><\/p>","protected":false},"featured_media":383693,"comment_status":"closed","ping_status":"closed","template":"","meta":{"_eb_attr":"","_crsspst_to_jayantr4sg-hostcom":false},"product_brand":[],"product_cat":[5699,5633,6184,5752,1229,1235,1783,1786,236,1574,1791],"product_tag":[64],"class_list":{"0":"post-364971","1":"product","2":"type-product","3":"status-publish","4":"has-post-thumbnail","6":"product_cat-coloured-gemstone-jewellery","7":"product_cat-dhwani-collection","8":"product_cat-dhwani-ring","9":"product_cat-gold-sapphire-jewellery","10":"product_cat-22ct-gold-jewellery","11":"product_cat-gold-rings","12":"product_cat-ladies-rings","13":"product_cat-occasional-wear-rings","14":"product_cat-collections","15":"product_cat-womens-jewellery","16":"product_cat-anniversary-gifts","17":"product_tag-rings","19":"first","20":"onbackorder","21":"taxable","22":"shipping-taxable","23":"product-type-simple","24":"add-to-wishlist-before_image"},"yoast_head":"<!-- This site is optimized with the Yoast SEO plugin v27.5 - https:\/\/yoast.com\/product\/yoast-seo-wordpress\/ -->\n<title>22ct Sunrise Gold Ring with Gold Bead and Orange Sapphire<\/title>\n<meta name=\"description\" content=\"Discover the 22ct Sunrise Gold Ring with Dhwani Bead and Orange Sapphire. This exquisite piece combines 22-carat gold with a vibrant orange sapphire.\" \/>\n<meta name=\"robots\" content=\"index, follow, max-snippet:-1, max-image-preview:large, max-video-preview:-1\" \/>\n<link rel=\"canonical\" href=\"https:\/\/www.purejewels.com\/de\/produkt-2\/22ct-sunrise-goldring-mit-dhwani-perle-und-orangefarbenem-saphir-48781\/\" \/>\n<meta property=\"og:locale\" content=\"de_DE\" \/>\n<meta property=\"og:type\" content=\"article\" \/>\n<meta property=\"og:title\" content=\"22ct Sunrise Gold Ring with Gold Bead and Orange Sapphire\" \/>\n<meta property=\"og:description\" content=\"Discover the 22ct Sunrise Gold Ring with Dhwani Bead and Orange Sapphire. This exquisite piece combines 22-carat gold with a vibrant orange sapphire.\" \/>\n<meta property=\"og:url\" content=\"https:\/\/www.purejewels.com\/de\/produkt-2\/22ct-sunrise-goldring-mit-dhwani-perle-und-orangefarbenem-saphir-48781\/\" \/>\n<meta property=\"og:site_name\" content=\"PureJewels UK\" \/>\n<meta property=\"article:modified_time\" content=\"2026-05-08T05:04:46+00:00\" \/>\n<meta property=\"og:image\" content=\"https:\/\/static.purejewels.com\/wp-content\/uploads\/2024\/06\/48781-2.png\" \/>\n\t<meta property=\"og:image:width\" content=\"1000\" \/>\n\t<meta property=\"og:image:height\" content=\"1000\" \/>\n\t<meta property=\"og:image:type\" content=\"image\/png\" \/>\n<meta name=\"twitter:card\" content=\"summary_large_image\" \/>\n<meta name=\"twitter:label1\" content=\"Gesch\u00e4tzte Lesezeit\" \/>\n\t<meta name=\"twitter:data1\" content=\"2\u00a0Minuten\" \/>\n<script type=\"application\/ld+json\" class=\"yoast-schema-graph\">{\"@context\":\"https:\\\/\\\/schema.org\",\"@graph\":[{\"@type\":[\"WebPage\",\"ItemPage\"],\"@id\":\"https:\\\/\\\/www.purejewels.com\\\/product\\\/22ct-sunrise-gold-ring-with-dhwani-bead-and-orange-sapphire-48781\\\/\",\"url\":\"https:\\\/\\\/www.purejewels.com\\\/product\\\/22ct-sunrise-gold-ring-with-dhwani-bead-and-orange-sapphire-48781\\\/\",\"name\":\"22ct Sunrise Gold Ring with Gold Bead and Orange Sapphire\",\"isPartOf\":{\"@id\":\"https:\\\/\\\/www.purejewels.com\\\/#website\"},\"primaryImageOfPage\":{\"@id\":\"https:\\\/\\\/www.purejewels.com\\\/product\\\/22ct-sunrise-gold-ring-with-dhwani-bead-and-orange-sapphire-48781\\\/#primaryimage\"},\"image\":{\"@id\":\"https:\\\/\\\/www.purejewels.com\\\/product\\\/22ct-sunrise-gold-ring-with-dhwani-bead-and-orange-sapphire-48781\\\/#primaryimage\"},\"thumbnailUrl\":\"https:\\\/\\\/static.purejewels.com\\\/wp-content\\\/uploads\\\/2024\\\/06\\\/48781-2.png\",\"datePublished\":\"2025-05-07T09:49:28+00:00\",\"dateModified\":\"2026-05-08T05:04:46+00:00\",\"description\":\"Discover the 22ct Sunrise Gold Ring with Dhwani Bead and Orange Sapphire. This exquisite piece combines 22-carat gold with a vibrant orange sapphire.\",\"breadcrumb\":{\"@id\":\"https:\\\/\\\/www.purejewels.com\\\/product\\\/22ct-sunrise-gold-ring-with-dhwani-bead-and-orange-sapphire-48781\\\/#breadcrumb\"},\"inLanguage\":\"de\",\"potentialAction\":[{\"@type\":\"ReadAction\",\"target\":[\"https:\\\/\\\/www.purejewels.com\\\/product\\\/22ct-sunrise-gold-ring-with-dhwani-bead-and-orange-sapphire-48781\\\/\"]}]},{\"@type\":\"ImageObject\",\"inLanguage\":\"de\",\"@id\":\"https:\\\/\\\/www.purejewels.com\\\/product\\\/22ct-sunrise-gold-ring-with-dhwani-bead-and-orange-sapphire-48781\\\/#primaryimage\",\"url\":\"https:\\\/\\\/static.purejewels.com\\\/wp-content\\\/uploads\\\/2024\\\/06\\\/48781-2.png\",\"contentUrl\":\"https:\\\/\\\/static.purejewels.com\\\/wp-content\\\/uploads\\\/2024\\\/06\\\/48781-2.png\",\"width\":1000,\"height\":1000,\"caption\":\"22ct Sunrise Gold Ring\"},{\"@type\":\"BreadcrumbList\",\"@id\":\"https:\\\/\\\/www.purejewels.com\\\/product\\\/22ct-sunrise-gold-ring-with-dhwani-bead-and-orange-sapphire-48781\\\/#breadcrumb\",\"itemListElement\":[{\"@type\":\"ListItem\",\"position\":1,\"name\":\"Home\",\"item\":\"https:\\\/\\\/www.purejewels.com\\\/\"},{\"@type\":\"ListItem\",\"position\":2,\"name\":\"Shop\",\"item\":\"https:\\\/\\\/www.purejewels.com\\\/shop\\\/\"},{\"@type\":\"ListItem\",\"position\":3,\"name\":\"Dhwani Bead &#038; Orange Sapphire Ring\"}]},{\"@type\":\"WebSite\",\"@id\":\"https:\\\/\\\/www.purejewels.com\\\/#website\",\"url\":\"https:\\\/\\\/www.purejewels.com\\\/\",\"name\":\"PureJewels UK\",\"description\":\"Share the Love\",\"publisher\":{\"@id\":\"https:\\\/\\\/www.purejewels.com\\\/#organization\"},\"potentialAction\":[{\"@type\":\"SearchAction\",\"target\":{\"@type\":\"EntryPoint\",\"urlTemplate\":\"https:\\\/\\\/www.purejewels.com\\\/?s={search_term_string}\"},\"query-input\":{\"@type\":\"PropertyValueSpecification\",\"valueRequired\":true,\"valueName\":\"search_term_string\"}}],\"inLanguage\":\"de\"},{\"@type\":\"Organization\",\"@id\":\"https:\\\/\\\/www.purejewels.com\\\/#organization\",\"name\":\"PureJewels UK\",\"url\":\"https:\\\/\\\/www.purejewels.com\\\/\",\"logo\":{\"@type\":\"ImageObject\",\"inLanguage\":\"de\",\"@id\":\"https:\\\/\\\/www.purejewels.com\\\/#\\\/schema\\\/logo\\\/image\\\/\",\"url\":\"https:\\\/\\\/static.purejewels.com\\\/wp-content\\\/uploads\\\/2020\\\/11\\\/Logo-PJ-New-1.png\",\"contentUrl\":\"https:\\\/\\\/static.purejewels.com\\\/wp-content\\\/uploads\\\/2020\\\/11\\\/Logo-PJ-New-1.png\",\"width\":150,\"height\":80,\"caption\":\"PureJewels UK\"},\"image\":{\"@id\":\"https:\\\/\\\/www.purejewels.com\\\/#\\\/schema\\\/logo\\\/image\\\/\"}}]}<\/script>\n<!-- \/ Yoast SEO plugin. -->","yoast_head_json":{"title":"22ct Sunrise Goldring mit Goldperle und orangem Saphir","description":"Entdecken Sie den 22-Karat-Goldring Sunrise mit Dhwani-Perle und orangefarbenem Saphir. Dieses exquisite St\u00fcck kombiniert 22-kar\u00e4tiges Gold mit einem leuchtend orangen Saphir.","robots":{"index":"index","follow":"follow","max-snippet":"max-snippet:-1","max-image-preview":"max-image-preview:large","max-video-preview":"max-video-preview:-1"},"canonical":"https:\/\/www.purejewels.com\/de\/produkt-2\/22ct-sunrise-goldring-mit-dhwani-perle-und-orangefarbenem-saphir-48781\/","og_locale":"de_DE","og_type":"article","og_title":"22ct Sunrise Gold Ring with Gold Bead and Orange Sapphire","og_description":"Discover the 22ct Sunrise Gold Ring with Dhwani Bead and Orange Sapphire. This exquisite piece combines 22-carat gold with a vibrant orange sapphire.","og_url":"https:\/\/www.purejewels.com\/de\/produkt-2\/22ct-sunrise-goldring-mit-dhwani-perle-und-orangefarbenem-saphir-48781\/","og_site_name":"PureJewels UK","article_modified_time":"2026-05-08T05:04:46+00:00","og_image":[{"width":1000,"height":1000,"url":"https:\/\/static.purejewels.com\/wp-content\/uploads\/2024\/06\/48781-2.png","type":"image\/png"}],"twitter_card":"summary_large_image","twitter_misc":{"Gesch\u00e4tzte Lesezeit":"2\u00a0Minuten"},"schema":{"@context":"https:\/\/schema.org","@graph":[{"@type":["WebPage","ItemPage"],"@id":"https:\/\/www.purejewels.com\/product\/22ct-sunrise-gold-ring-with-dhwani-bead-and-orange-sapphire-48781\/","url":"https:\/\/www.purejewels.com\/product\/22ct-sunrise-gold-ring-with-dhwani-bead-and-orange-sapphire-48781\/","name":"22ct Sunrise Goldring mit Goldperle und orangem Saphir","isPartOf":{"@id":"https:\/\/www.purejewels.com\/#website"},"primaryImageOfPage":{"@id":"https:\/\/www.purejewels.com\/product\/22ct-sunrise-gold-ring-with-dhwani-bead-and-orange-sapphire-48781\/#primaryimage"},"image":{"@id":"https:\/\/www.purejewels.com\/product\/22ct-sunrise-gold-ring-with-dhwani-bead-and-orange-sapphire-48781\/#primaryimage"},"thumbnailUrl":"https:\/\/static.purejewels.com\/wp-content\/uploads\/2024\/06\/48781-2.png","datePublished":"2025-05-07T09:49:28+00:00","dateModified":"2026-05-08T05:04:46+00:00","description":"Entdecken Sie den 22-Karat-Goldring Sunrise mit Dhwani-Perle und orangefarbenem Saphir. Dieses exquisite St\u00fcck kombiniert 22-kar\u00e4tiges Gold mit einem leuchtend orangen Saphir.","breadcrumb":{"@id":"https:\/\/www.purejewels.com\/product\/22ct-sunrise-gold-ring-with-dhwani-bead-and-orange-sapphire-48781\/#breadcrumb"},"inLanguage":"de","potentialAction":[{"@type":"ReadAction","target":["https:\/\/www.purejewels.com\/product\/22ct-sunrise-gold-ring-with-dhwani-bead-and-orange-sapphire-48781\/"]}]},{"@type":"ImageObject","inLanguage":"de","@id":"https:\/\/www.purejewels.com\/product\/22ct-sunrise-gold-ring-with-dhwani-bead-and-orange-sapphire-48781\/#primaryimage","url":"https:\/\/static.purejewels.com\/wp-content\/uploads\/2024\/06\/48781-2.png","contentUrl":"https:\/\/static.purejewels.com\/wp-content\/uploads\/2024\/06\/48781-2.png","width":1000,"height":1000,"caption":"22ct Sunrise Gold Ring"},{"@type":"BreadcrumbList","@id":"https:\/\/www.purejewels.com\/product\/22ct-sunrise-gold-ring-with-dhwani-bead-and-orange-sapphire-48781\/#breadcrumb","itemListElement":[{"@type":"ListItem","position":1,"name":"Home","item":"https:\/\/www.purejewels.com\/"},{"@type":"ListItem","position":2,"name":"Shop","item":"https:\/\/www.purejewels.com\/shop\/"},{"@type":"ListItem","position":3,"name":"Dhwani Bead &#038; Orange Sapphire Ring"}]},{"@type":"WebSite","@id":"https:\/\/www.purejewels.com\/#website","url":"https:\/\/www.purejewels.com\/","name":"PureJewels UK","description":"Teile die Liebe","publisher":{"@id":"https:\/\/www.purejewels.com\/#organization"},"potentialAction":[{"@type":"SearchAction","target":{"@type":"EntryPoint","urlTemplate":"https:\/\/www.purejewels.com\/?s={search_term_string}"},"query-input":{"@type":"PropertyValueSpecification","valueRequired":true,"valueName":"search_term_string"}}],"inLanguage":"de"},{"@type":"Organization","@id":"https:\/\/www.purejewels.com\/#organization","name":"PureJewels UK","url":"https:\/\/www.purejewels.com\/","logo":{"@type":"ImageObject","inLanguage":"de","@id":"https:\/\/www.purejewels.com\/#\/schema\/logo\/image\/","url":"https:\/\/static.purejewels.com\/wp-content\/uploads\/2020\/11\/Logo-PJ-New-1.png","contentUrl":"https:\/\/static.purejewels.com\/wp-content\/uploads\/2020\/11\/Logo-PJ-New-1.png","width":150,"height":80,"caption":"PureJewels UK"},"image":{"@id":"https:\/\/www.purejewels.com\/#\/schema\/logo\/image\/"}}]}},"_links":{"self":[{"href":"https:\/\/www.purejewels.com\/de\/wp-json\/wp\/v2\/product\/364971","targetHints":{"allow":["GET"]}}],"collection":[{"href":"https:\/\/www.purejewels.com\/de\/wp-json\/wp\/v2\/product"}],"about":[{"href":"https:\/\/www.purejewels.com\/de\/wp-json\/wp\/v2\/types\/product"}],"replies":[{"embeddable":true,"href":"https:\/\/www.purejewels.com\/de\/wp-json\/wp\/v2\/comments?post=364971"}],"version-history":[{"count":4,"href":"https:\/\/www.purejewels.com\/de\/wp-json\/wp\/v2\/product\/364971\/revisions"}],"predecessor-version":[{"id":400005,"href":"https:\/\/www.purejewels.com\/de\/wp-json\/wp\/v2\/product\/364971\/revisions\/400005"}],"wp:featuredmedia":[{"embeddable":true,"href":"https:\/\/www.purejewels.com\/de\/wp-json\/wp\/v2\/media\/383693"}],"wp:attachment":[{"href":"https:\/\/www.purejewels.com\/de\/wp-json\/wp\/v2\/media?parent=364971"}],"wp:term":[{"taxonomy":"product_brand","embeddable":true,"href":"https:\/\/www.purejewels.com\/de\/wp-json\/wp\/v2\/product_brand?post=364971"},{"taxonomy":"product_cat","embeddable":true,"href":"https:\/\/www.purejewels.com\/de\/wp-json\/wp\/v2\/product_cat?post=364971"},{"taxonomy":"product_tag","embeddable":true,"href":"https:\/\/www.purejewels.com\/de\/wp-json\/wp\/v2\/product_tag?post=364971"}],"curies":[{"name":"wp","href":"https:\/\/api.w.org\/{rel}","templated":true}]}}