{"id":366166,"date":"2024-06-05T07:14:27","date_gmt":"2024-06-05T06:14:27","guid":{"rendered":"https:\/\/www.purejewels.com\/?post_type=product&#038;p=366166"},"modified":"2026-02-04T06:58:07","modified_gmt":"2026-02-04T06:58:07","slug":"rosette-kollektion-22ct-gold-poncha-48818","status":"publish","type":"product","link":"https:\/\/www.purejewels.com\/de\/product\/rosette-collection-22ct-gold-poncha-48818\/","title":{"rendered":"Rosette Sammlung 22ct Gold Poncha | 6,25 Zoll"},"content":{"rendered":"<p>Wir stellen vor: unser luxuri\u00f6ses <a href=\"https:\/\/www.purejewels.com\/de\/a-guide-to-die-stamping\/\">Kollektion Rosette<\/a> <a href=\"https:\/\/www.purejewels.com\/de\/product\/22ct-gold-jali-filigree-ring-jali-collection-31926\/\">22ct<\/a> <a href=\"https:\/\/www.purejewels.com\/de\/product\/22-carat-gold-poncha-bracelet-34687\/\">Gold Poncha<\/a>ein wahres Zeugnis erlesener indischer Handwerkskunst. Dieses elegante St\u00fcck verf\u00fcgt \u00fcber ein atemberaubendes 6,25-Zoll-Design, das sorgf\u00e4ltig aus echtem Leder gefertigt ist. <a href=\"https:\/\/www.purejewels.com\/de\/product\/holy-cross-gold-pendant-44713\/\">22 Karat Gold<\/a>.<\/p>\n<p>Diese Poncha ist f\u00fcr ihren traditionellen Charme und ihre kunstvollen Details bekannt und verk\u00f6rpert die zeitlose Sch\u00f6nheit der <a href=\"https:\/\/www.purejewels.com\/de\/contact\/\">Indischer Schmuck<\/a>. Erh\u00f6hen Sie Ihren Stil und machen Sie sich den Reichtum des indischen Erbes mit diesem gro\u00dfartigen Accessoire zu eigen.<\/p>","protected":false},"excerpt":{"rendered":"<table class=\"sh_desc\">\n<tbody>\n<tr>\n<td>Art des Armreifs<\/td>\n<td>Poncha<\/td>\n<\/tr>\n<tr>\n<td>SKU<\/td>\n<td>48818<\/td>\n<\/tr>\n<tr>\n<td>Gewicht<\/td>\n<td>14,9 Gramm<\/td>\n<\/tr>\n<tr>\n<td>L\u00e4nge<\/td>\n<td>6,25 Zoll<\/td>\n<\/tr>\n<tr>\n<td>Metall<\/td>\n<td>22ct Gold<\/td>\n<\/tr>\n<tr>\n<td>Entgelte<\/td>\n<td>Lieferung und Mehrwertsteuer inbegriffen<\/td>\n<\/tr>\n<tr>\n<td>Verpackung<\/td>\n<td>Mit Pr\u00e4sentationsbox<\/td>\n<\/tr>\n<tr>\n<td>Mehr Informationen<\/td>\n<td>Live-Chat mit uns f\u00fcr Verf\u00fcgbarkeit und mehr Bilder<\/td>\n<\/tr>\n<\/tbody>\n<\/table>\n<div class=\"btn-atc atc-slide\"><\/div>\n<div class=\"product_meta\"><\/div>","protected":false},"featured_media":342228,"comment_status":"closed","ping_status":"closed","template":"","meta":{"_eb_attr":"","_crsspst_to_jayantr4sg-hostcom":false},"product_brand":[],"product_cat":[6009,1229,1718,5656,1573,1574,5349],"product_tag":[],"class_list":{"0":"post-366166","1":"product","2":"type-product","3":"status-publish","4":"has-post-thumbnail","6":"product_cat-bracelet-poncha","7":"product_cat-22ct-gold-jewellery","8":"product_cat-ladies-poncha","9":"product_cat-rosette-poncha","10":"product_cat-wedding-gifts","11":"product_cat-womens-jewellery","12":"product_cat-yellow-gold-jewellery","14":"first","15":"instock","16":"taxable","17":"shipping-taxable","18":"purchasable","19":"product-type-simple","20":"add-to-wishlist-before_image"},"yoast_head":"<!-- This site is optimized with the Yoast SEO plugin v27.3 - https:\/\/yoast.com\/product\/yoast-seo-wordpress\/ -->\n<title>Rosette Collection 22ct Gold Poncha | Exquisite Indian Jewellery<\/title>\n<meta name=\"description\" content=\"Explore our stunning Rosette Collection 22ct Gold Poncha, exquisitely crafted Indian Jewellery showcasing traditional elegance and fine craftsmanship.\" \/>\n<meta name=\"robots\" content=\"index, follow, max-snippet:-1, max-image-preview:large, max-video-preview:-1\" \/>\n<link rel=\"canonical\" href=\"https:\/\/www.purejewels.com\/de\/produkt-2\/rosette-kollektion-22ct-gold-poncha-48818\/\" \/>\n<meta property=\"og:locale\" content=\"de_DE\" \/>\n<meta property=\"og:type\" content=\"article\" \/>\n<meta property=\"og:title\" content=\"Rosette Collection 22ct Gold Poncha | Exquisite Indian Jewellery\" \/>\n<meta property=\"og:description\" content=\"Explore our stunning Rosette Collection 22ct Gold Poncha, exquisitely crafted Indian Jewellery showcasing traditional elegance and fine craftsmanship.\" \/>\n<meta property=\"og:url\" content=\"https:\/\/www.purejewels.com\/de\/produkt-2\/rosette-kollektion-22ct-gold-poncha-48818\/\" \/>\n<meta property=\"og:site_name\" content=\"PureJewels UK\" \/>\n<meta property=\"article:modified_time\" content=\"2026-02-04T06:58:07+00:00\" \/>\n<meta property=\"og:image\" content=\"https:\/\/static.purejewels.com\/wp-content\/uploads\/2022\/12\/43464-1.jpg\" \/>\n\t<meta property=\"og:image:width\" content=\"1000\" \/>\n\t<meta property=\"og:image:height\" content=\"1000\" \/>\n\t<meta property=\"og:image:type\" content=\"image\/jpeg\" \/>\n<meta name=\"twitter:card\" content=\"summary_large_image\" \/>\n<meta name=\"twitter:label1\" content=\"Gesch\u00e4tzte Lesezeit\" \/>\n\t<meta name=\"twitter:data1\" content=\"1\u00a0Minute\" \/>\n<script type=\"application\/ld+json\" class=\"yoast-schema-graph\">{\"@context\":\"https:\\\/\\\/schema.org\",\"@graph\":[{\"@type\":[\"WebPage\",\"ItemPage\"],\"@id\":\"https:\\\/\\\/www.purejewels.com\\\/product\\\/rosette-collection-22ct-gold-poncha-48818\\\/\",\"url\":\"https:\\\/\\\/www.purejewels.com\\\/product\\\/rosette-collection-22ct-gold-poncha-48818\\\/\",\"name\":\"Rosette Collection 22ct Gold Poncha | Exquisite Indian Jewellery\",\"isPartOf\":{\"@id\":\"https:\\\/\\\/www.purejewels.com\\\/#website\"},\"primaryImageOfPage\":{\"@id\":\"https:\\\/\\\/www.purejewels.com\\\/product\\\/rosette-collection-22ct-gold-poncha-48818\\\/#primaryimage\"},\"image\":{\"@id\":\"https:\\\/\\\/www.purejewels.com\\\/product\\\/rosette-collection-22ct-gold-poncha-48818\\\/#primaryimage\"},\"thumbnailUrl\":\"https:\\\/\\\/static.purejewels.com\\\/wp-content\\\/uploads\\\/2022\\\/12\\\/43464-1.jpg\",\"datePublished\":\"2024-06-05T06:14:27+00:00\",\"dateModified\":\"2026-02-04T06:58:07+00:00\",\"description\":\"Explore our stunning Rosette Collection 22ct Gold Poncha, exquisitely crafted Indian Jewellery showcasing traditional elegance and fine craftsmanship.\",\"breadcrumb\":{\"@id\":\"https:\\\/\\\/www.purejewels.com\\\/product\\\/rosette-collection-22ct-gold-poncha-48818\\\/#breadcrumb\"},\"inLanguage\":\"de\",\"potentialAction\":[{\"@type\":\"ReadAction\",\"target\":[\"https:\\\/\\\/www.purejewels.com\\\/product\\\/rosette-collection-22ct-gold-poncha-48818\\\/\"]}]},{\"@type\":\"ImageObject\",\"inLanguage\":\"de\",\"@id\":\"https:\\\/\\\/www.purejewels.com\\\/product\\\/rosette-collection-22ct-gold-poncha-48818\\\/#primaryimage\",\"url\":\"https:\\\/\\\/static.purejewels.com\\\/wp-content\\\/uploads\\\/2022\\\/12\\\/43464-1.jpg\",\"contentUrl\":\"https:\\\/\\\/static.purejewels.com\\\/wp-content\\\/uploads\\\/2022\\\/12\\\/43464-1.jpg\",\"width\":1000,\"height\":1000,\"caption\":\"22ct Gold Ladies Poncha | Rosettes Collection\"},{\"@type\":\"BreadcrumbList\",\"@id\":\"https:\\\/\\\/www.purejewels.com\\\/product\\\/rosette-collection-22ct-gold-poncha-48818\\\/#breadcrumb\",\"itemListElement\":[{\"@type\":\"ListItem\",\"position\":1,\"name\":\"Home\",\"item\":\"https:\\\/\\\/www.purejewels.com\\\/\"},{\"@type\":\"ListItem\",\"position\":2,\"name\":\"Shop\",\"item\":\"https:\\\/\\\/www.purejewels.com\\\/shop\\\/\"},{\"@type\":\"ListItem\",\"position\":3,\"name\":\"Rosette Collection 22ct Gold Poncha | 6.25 Inches\"}]},{\"@type\":\"WebSite\",\"@id\":\"https:\\\/\\\/www.purejewels.com\\\/#website\",\"url\":\"https:\\\/\\\/www.purejewels.com\\\/\",\"name\":\"PureJewels UK\",\"description\":\"Share the Love\",\"publisher\":{\"@id\":\"https:\\\/\\\/www.purejewels.com\\\/#organization\"},\"potentialAction\":[{\"@type\":\"SearchAction\",\"target\":{\"@type\":\"EntryPoint\",\"urlTemplate\":\"https:\\\/\\\/www.purejewels.com\\\/?s={search_term_string}\"},\"query-input\":{\"@type\":\"PropertyValueSpecification\",\"valueRequired\":true,\"valueName\":\"search_term_string\"}}],\"inLanguage\":\"de\"},{\"@type\":\"Organization\",\"@id\":\"https:\\\/\\\/www.purejewels.com\\\/#organization\",\"name\":\"PureJewels UK\",\"url\":\"https:\\\/\\\/www.purejewels.com\\\/\",\"logo\":{\"@type\":\"ImageObject\",\"inLanguage\":\"de\",\"@id\":\"https:\\\/\\\/www.purejewels.com\\\/#\\\/schema\\\/logo\\\/image\\\/\",\"url\":\"https:\\\/\\\/static.purejewels.com\\\/wp-content\\\/uploads\\\/2020\\\/11\\\/Logo-PJ-New-1.png\",\"contentUrl\":\"https:\\\/\\\/static.purejewels.com\\\/wp-content\\\/uploads\\\/2020\\\/11\\\/Logo-PJ-New-1.png\",\"width\":150,\"height\":80,\"caption\":\"PureJewels UK\"},\"image\":{\"@id\":\"https:\\\/\\\/www.purejewels.com\\\/#\\\/schema\\\/logo\\\/image\\\/\"}}]}<\/script>\n<!-- \/ Yoast SEO plugin. -->","yoast_head_json":{"title":"Rosette Collection 22ct Gold Poncha | Exquisiter indischer Schmuck","description":"Entdecken Sie unsere atemberaubende Rosette Collection 22ct Gold Poncha, exquisit gefertigter indischer Schmuck, der traditionelle Eleganz und feine Handwerkskunst pr\u00e4sentiert.","robots":{"index":"index","follow":"follow","max-snippet":"max-snippet:-1","max-image-preview":"max-image-preview:large","max-video-preview":"max-video-preview:-1"},"canonical":"https:\/\/www.purejewels.com\/de\/produkt-2\/rosette-kollektion-22ct-gold-poncha-48818\/","og_locale":"de_DE","og_type":"article","og_title":"Rosette Collection 22ct Gold Poncha | Exquisite Indian Jewellery","og_description":"Explore our stunning Rosette Collection 22ct Gold Poncha, exquisitely crafted Indian Jewellery showcasing traditional elegance and fine craftsmanship.","og_url":"https:\/\/www.purejewels.com\/de\/produkt-2\/rosette-kollektion-22ct-gold-poncha-48818\/","og_site_name":"PureJewels UK","article_modified_time":"2026-02-04T06:58:07+00:00","og_image":[{"width":1000,"height":1000,"url":"https:\/\/static.purejewels.com\/wp-content\/uploads\/2022\/12\/43464-1.jpg","type":"image\/jpeg"}],"twitter_card":"summary_large_image","twitter_misc":{"Gesch\u00e4tzte Lesezeit":"1\u00a0Minute"},"schema":{"@context":"https:\/\/schema.org","@graph":[{"@type":["WebPage","ItemPage"],"@id":"https:\/\/www.purejewels.com\/product\/rosette-collection-22ct-gold-poncha-48818\/","url":"https:\/\/www.purejewels.com\/product\/rosette-collection-22ct-gold-poncha-48818\/","name":"Rosette Collection 22ct Gold Poncha | Exquisiter indischer Schmuck","isPartOf":{"@id":"https:\/\/www.purejewels.com\/#website"},"primaryImageOfPage":{"@id":"https:\/\/www.purejewels.com\/product\/rosette-collection-22ct-gold-poncha-48818\/#primaryimage"},"image":{"@id":"https:\/\/www.purejewels.com\/product\/rosette-collection-22ct-gold-poncha-48818\/#primaryimage"},"thumbnailUrl":"https:\/\/static.purejewels.com\/wp-content\/uploads\/2022\/12\/43464-1.jpg","datePublished":"2024-06-05T06:14:27+00:00","dateModified":"2026-02-04T06:58:07+00:00","description":"Entdecken Sie unsere atemberaubende Rosette Collection 22ct Gold Poncha, exquisit gefertigter indischer Schmuck, der traditionelle Eleganz und feine Handwerkskunst pr\u00e4sentiert.","breadcrumb":{"@id":"https:\/\/www.purejewels.com\/product\/rosette-collection-22ct-gold-poncha-48818\/#breadcrumb"},"inLanguage":"de","potentialAction":[{"@type":"ReadAction","target":["https:\/\/www.purejewels.com\/product\/rosette-collection-22ct-gold-poncha-48818\/"]}]},{"@type":"ImageObject","inLanguage":"de","@id":"https:\/\/www.purejewels.com\/product\/rosette-collection-22ct-gold-poncha-48818\/#primaryimage","url":"https:\/\/static.purejewels.com\/wp-content\/uploads\/2022\/12\/43464-1.jpg","contentUrl":"https:\/\/static.purejewels.com\/wp-content\/uploads\/2022\/12\/43464-1.jpg","width":1000,"height":1000,"caption":"22ct Gold Ladies Poncha | Rosettes Collection"},{"@type":"BreadcrumbList","@id":"https:\/\/www.purejewels.com\/product\/rosette-collection-22ct-gold-poncha-48818\/#breadcrumb","itemListElement":[{"@type":"ListItem","position":1,"name":"Home","item":"https:\/\/www.purejewels.com\/"},{"@type":"ListItem","position":2,"name":"Shop","item":"https:\/\/www.purejewels.com\/shop\/"},{"@type":"ListItem","position":3,"name":"Rosette Collection 22ct Gold Poncha | 6.25 Inches"}]},{"@type":"WebSite","@id":"https:\/\/www.purejewels.com\/#website","url":"https:\/\/www.purejewels.com\/","name":"PureJewels UK","description":"Teile die Liebe","publisher":{"@id":"https:\/\/www.purejewels.com\/#organization"},"potentialAction":[{"@type":"SearchAction","target":{"@type":"EntryPoint","urlTemplate":"https:\/\/www.purejewels.com\/?s={search_term_string}"},"query-input":{"@type":"PropertyValueSpecification","valueRequired":true,"valueName":"search_term_string"}}],"inLanguage":"de"},{"@type":"Organization","@id":"https:\/\/www.purejewels.com\/#organization","name":"PureJewels UK","url":"https:\/\/www.purejewels.com\/","logo":{"@type":"ImageObject","inLanguage":"de","@id":"https:\/\/www.purejewels.com\/#\/schema\/logo\/image\/","url":"https:\/\/static.purejewels.com\/wp-content\/uploads\/2020\/11\/Logo-PJ-New-1.png","contentUrl":"https:\/\/static.purejewels.com\/wp-content\/uploads\/2020\/11\/Logo-PJ-New-1.png","width":150,"height":80,"caption":"PureJewels UK"},"image":{"@id":"https:\/\/www.purejewels.com\/#\/schema\/logo\/image\/"}}]}},"_links":{"self":[{"href":"https:\/\/www.purejewels.com\/de\/wp-json\/wp\/v2\/product\/366166","targetHints":{"allow":["GET"]}}],"collection":[{"href":"https:\/\/www.purejewels.com\/de\/wp-json\/wp\/v2\/product"}],"about":[{"href":"https:\/\/www.purejewels.com\/de\/wp-json\/wp\/v2\/types\/product"}],"replies":[{"embeddable":true,"href":"https:\/\/www.purejewels.com\/de\/wp-json\/wp\/v2\/comments?post=366166"}],"version-history":[{"count":1,"href":"https:\/\/www.purejewels.com\/de\/wp-json\/wp\/v2\/product\/366166\/revisions"}],"predecessor-version":[{"id":366167,"href":"https:\/\/www.purejewels.com\/de\/wp-json\/wp\/v2\/product\/366166\/revisions\/366167"}],"wp:featuredmedia":[{"embeddable":true,"href":"https:\/\/www.purejewels.com\/de\/wp-json\/wp\/v2\/media\/342228"}],"wp:attachment":[{"href":"https:\/\/www.purejewels.com\/de\/wp-json\/wp\/v2\/media?parent=366166"}],"wp:term":[{"taxonomy":"product_brand","embeddable":true,"href":"https:\/\/www.purejewels.com\/de\/wp-json\/wp\/v2\/product_brand?post=366166"},{"taxonomy":"product_cat","embeddable":true,"href":"https:\/\/www.purejewels.com\/de\/wp-json\/wp\/v2\/product_cat?post=366166"},{"taxonomy":"product_tag","embeddable":true,"href":"https:\/\/www.purejewels.com\/de\/wp-json\/wp\/v2\/product_tag?post=366166"}],"curies":[{"name":"wp","href":"https:\/\/api.w.org\/{rel}","templated":true}]}}