{"id":366216,"date":"2024-06-05T11:57:51","date_gmt":"2024-06-05T10:57:51","guid":{"rendered":"https:\/\/www.purejewels.com\/?post_type=product&#038;p=366216"},"modified":"2026-02-06T06:46:37","modified_gmt":"2026-02-06T06:46:37","slug":"22-kt-gold-floral-armband-51405","status":"publish","type":"product","link":"https:\/\/www.purejewels.com\/de\/product\/22ct-gold-floral-bracelet-51405\/","title":{"rendered":"22ct Gold Floral Armband | 7,5 Zentimeter"},"content":{"rendered":"<p><strong>Setzen Sie auf zeitlose Eleganz<\/strong> mit dem atemberaubenden <a href=\"https:\/\/www.purejewels.com\/de\/product\/22ct-gold-jali-filigree-ring-jali-collection-31926\/\">22ct<\/a> Gold Floral Armband aus unserer renommierten <a href=\"https:\/\/www.purejewels.com\/de\/a-guide-to-die-stamping\/\">Kollektion Rosette<\/a>. Dieses exquisite St\u00fcck zeigt ein zartes Blumenmuster, das sorgf\u00e4ltig aus den feinsten Materialien gefertigt wurde. <a href=\"https:\/\/www.purejewels.com\/de\/product\/holy-cross-gold-pendant-44713\/\">22 Karat Gold<\/a>f\u00fcr ein Erbst\u00fcck, das \u00fcber Generationen hinweg in Ehren gehalten wird.<\/p>\n<p>G\u00f6nnen Sie sich dauerhafte Sch\u00f6nheit und kultivieren Sie einen Hauch von floraler Eleganz. Bestellen Sie noch heute Ihr florales Armband aus 22 Karat Gold aus der Rosette Collection!<\/p>","protected":false},"excerpt":{"rendered":"<table class=\"sh_desc\" style=\"width: 100%;\">\n<tbody>\n<tr>\n<td style=\"width: 23.8333%;\">Typ des Armbands<\/td>\n<td style=\"width: 76%;\">22ct Gold Armband<\/td>\n<\/tr>\n<tr>\n<td style=\"width: 23.8333%;\">SKU<\/td>\n<td style=\"width: 76%;\">51405<\/td>\n<\/tr>\n<tr>\n<td style=\"width: 23.8333%;\">Gewicht<\/td>\n<td style=\"width: 76%;\">8,5 Gramm<\/td>\n<\/tr>\n<tr>\n<td style=\"width: 23.8333%;\">Breite der Blume<\/td>\n<td style=\"width: 76%;\">5 mm<\/td>\n<\/tr>\n<tr>\n<td style=\"width: 23.8333%;\">L\u00e4nge<\/td>\n<td style=\"width: 76%;\">7,5 Zoll<\/td>\n<\/tr>\n<tr>\n<td style=\"width: 23.8333%;\">Wahrzeichen<\/td>\n<td style=\"width: 76%;\">22ct Gold gestempelt von London Assay Office<\/td>\n<\/tr>\n<tr>\n<td style=\"width: 23.8333%;\">Entgelte<\/td>\n<td style=\"width: 76%;\">Lieferung und Mehrwertsteuer inbegriffen<\/td>\n<\/tr>\n<tr>\n<td style=\"width: 23.8333%;\">Verpackung<\/td>\n<td style=\"width: 76%;\">Mit Pr\u00e4sentationsbox<\/td>\n<\/tr>\n<tr>\n<td style=\"width: 23.8333%;\">Mehr Informationen<\/td>\n<td style=\"width: 76%;\">Live-Chat mit uns f\u00fcr die Verf\u00fcgbarkeit und mehr Bilder von Gold Bracelet<\/td>\n<\/tr>\n<\/tbody>\n<\/table>","protected":false},"featured_media":359403,"comment_status":"closed","ping_status":"closed","template":"","meta":{"_eb_attr":"","_crsspst_to_jayantr4sg-hostcom":false},"product_brand":[],"product_cat":[1791,5441,1559,236,1790,1324,1229,1570,5586,1656,1569,1573,1574,5349],"product_tag":[5634],"class_list":{"0":"post-366216","1":"product","2":"type-product","3":"status-publish","4":"has-post-thumbnail","6":"product_cat-anniversary-gifts","7":"product_cat-gold-bead-bracelets","8":"product_cat-birthday-gifts","9":"product_cat-collections","10":"product_cat-for-whom-when","11":"product_cat-gold-bracelet","12":"product_cat-22ct-gold-jewellery","13":"product_cat-mothers-day-gifts","14":"product_cat-rosette-bracelet","15":"product_cat-rosettes-collections","16":"product_cat-valentine-day-gifts","17":"product_cat-wedding-gifts","18":"product_cat-womens-jewellery","19":"product_cat-yellow-gold-jewellery","20":"product_tag-22ct-gold-bracelet-for-ladies","22":"first","23":"onbackorder","24":"taxable","25":"shipping-taxable","26":"purchasable","27":"product-type-simple","28":"add-to-wishlist-before_image"},"yoast_head":"<!-- This site is optimized with the Yoast SEO plugin v27.5 - https:\/\/yoast.com\/product\/yoast-seo-wordpress\/ -->\n<title>Elevate Your Look: 7.5 Inch 22ct Gold Floral Bracelet<\/title>\n<meta name=\"description\" content=\"Indulge in luxury! This 7.5&quot; 22ct gold floral bracelet adds a touch of elegance to any outfit. Shop now for a timeless piece that elevates your style.\" \/>\n<meta name=\"robots\" content=\"index, follow, max-snippet:-1, max-image-preview:large, max-video-preview:-1\" \/>\n<link rel=\"canonical\" href=\"https:\/\/www.purejewels.com\/de\/produkt-2\/22-kt-gold-floral-armband-51405\/\" \/>\n<meta property=\"og:locale\" content=\"de_DE\" \/>\n<meta property=\"og:type\" content=\"article\" \/>\n<meta property=\"og:title\" content=\"Elevate Your Look: 7.5 Inch 22ct Gold Floral Bracelet\" \/>\n<meta property=\"og:description\" content=\"Indulge in luxury! This 7.5&quot; 22ct gold floral bracelet adds a touch of elegance to any outfit. Shop now for a timeless piece that elevates your style.\" \/>\n<meta property=\"og:url\" content=\"https:\/\/www.purejewels.com\/de\/produkt-2\/22-kt-gold-floral-armband-51405\/\" \/>\n<meta property=\"og:site_name\" content=\"PureJewels UK\" \/>\n<meta property=\"article:modified_time\" content=\"2026-02-06T06:46:37+00:00\" \/>\n<meta property=\"og:image\" content=\"https:\/\/static.purejewels.com\/wp-content\/uploads\/2024\/03\/47840.png\" \/>\n\t<meta property=\"og:image:width\" content=\"1000\" \/>\n\t<meta property=\"og:image:height\" content=\"1000\" \/>\n\t<meta property=\"og:image:type\" content=\"image\/png\" \/>\n<meta name=\"twitter:card\" content=\"summary_large_image\" \/>\n<meta name=\"twitter:label1\" content=\"Gesch\u00e4tzte Lesezeit\" \/>\n\t<meta name=\"twitter:data1\" content=\"1\u00a0Minute\" \/>\n<script type=\"application\/ld+json\" class=\"yoast-schema-graph\">{\"@context\":\"https:\\\/\\\/schema.org\",\"@graph\":[{\"@type\":[\"WebPage\",\"ItemPage\"],\"@id\":\"https:\\\/\\\/www.purejewels.com\\\/product\\\/22ct-gold-floral-bracelet-51405\\\/\",\"url\":\"https:\\\/\\\/www.purejewels.com\\\/product\\\/22ct-gold-floral-bracelet-51405\\\/\",\"name\":\"Elevate Your Look: 7.5 Inch 22ct Gold Floral Bracelet\",\"isPartOf\":{\"@id\":\"https:\\\/\\\/www.purejewels.com\\\/#website\"},\"primaryImageOfPage\":{\"@id\":\"https:\\\/\\\/www.purejewels.com\\\/product\\\/22ct-gold-floral-bracelet-51405\\\/#primaryimage\"},\"image\":{\"@id\":\"https:\\\/\\\/www.purejewels.com\\\/product\\\/22ct-gold-floral-bracelet-51405\\\/#primaryimage\"},\"thumbnailUrl\":\"https:\\\/\\\/static.purejewels.com\\\/wp-content\\\/uploads\\\/2024\\\/03\\\/47840.png\",\"datePublished\":\"2024-06-05T10:57:51+00:00\",\"dateModified\":\"2026-02-06T06:46:37+00:00\",\"description\":\"Indulge in luxury! This 7.5\\\" 22ct gold floral bracelet adds a touch of elegance to any outfit. Shop now for a timeless piece that elevates your style.\",\"breadcrumb\":{\"@id\":\"https:\\\/\\\/www.purejewels.com\\\/product\\\/22ct-gold-floral-bracelet-51405\\\/#breadcrumb\"},\"inLanguage\":\"de\",\"potentialAction\":[{\"@type\":\"ReadAction\",\"target\":[\"https:\\\/\\\/www.purejewels.com\\\/product\\\/22ct-gold-floral-bracelet-51405\\\/\"]}]},{\"@type\":\"ImageObject\",\"inLanguage\":\"de\",\"@id\":\"https:\\\/\\\/www.purejewels.com\\\/product\\\/22ct-gold-floral-bracelet-51405\\\/#primaryimage\",\"url\":\"https:\\\/\\\/static.purejewels.com\\\/wp-content\\\/uploads\\\/2024\\\/03\\\/47840.png\",\"contentUrl\":\"https:\\\/\\\/static.purejewels.com\\\/wp-content\\\/uploads\\\/2024\\\/03\\\/47840.png\",\"width\":1000,\"height\":1000,\"caption\":\"22ct Gold Bracelet\"},{\"@type\":\"BreadcrumbList\",\"@id\":\"https:\\\/\\\/www.purejewels.com\\\/product\\\/22ct-gold-floral-bracelet-51405\\\/#breadcrumb\",\"itemListElement\":[{\"@type\":\"ListItem\",\"position\":1,\"name\":\"Home\",\"item\":\"https:\\\/\\\/www.purejewels.com\\\/\"},{\"@type\":\"ListItem\",\"position\":2,\"name\":\"Shop\",\"item\":\"https:\\\/\\\/www.purejewels.com\\\/shop\\\/\"},{\"@type\":\"ListItem\",\"position\":3,\"name\":\"22ct Gold Floral Bracelet | 7.5 Inches\"}]},{\"@type\":\"WebSite\",\"@id\":\"https:\\\/\\\/www.purejewels.com\\\/#website\",\"url\":\"https:\\\/\\\/www.purejewels.com\\\/\",\"name\":\"PureJewels UK\",\"description\":\"Share the Love\",\"publisher\":{\"@id\":\"https:\\\/\\\/www.purejewels.com\\\/#organization\"},\"potentialAction\":[{\"@type\":\"SearchAction\",\"target\":{\"@type\":\"EntryPoint\",\"urlTemplate\":\"https:\\\/\\\/www.purejewels.com\\\/?s={search_term_string}\"},\"query-input\":{\"@type\":\"PropertyValueSpecification\",\"valueRequired\":true,\"valueName\":\"search_term_string\"}}],\"inLanguage\":\"de\"},{\"@type\":\"Organization\",\"@id\":\"https:\\\/\\\/www.purejewels.com\\\/#organization\",\"name\":\"PureJewels UK\",\"url\":\"https:\\\/\\\/www.purejewels.com\\\/\",\"logo\":{\"@type\":\"ImageObject\",\"inLanguage\":\"de\",\"@id\":\"https:\\\/\\\/www.purejewels.com\\\/#\\\/schema\\\/logo\\\/image\\\/\",\"url\":\"https:\\\/\\\/static.purejewels.com\\\/wp-content\\\/uploads\\\/2020\\\/11\\\/Logo-PJ-New-1.png\",\"contentUrl\":\"https:\\\/\\\/static.purejewels.com\\\/wp-content\\\/uploads\\\/2020\\\/11\\\/Logo-PJ-New-1.png\",\"width\":150,\"height\":80,\"caption\":\"PureJewels UK\"},\"image\":{\"@id\":\"https:\\\/\\\/www.purejewels.com\\\/#\\\/schema\\\/logo\\\/image\\\/\"}}]}<\/script>\n<!-- \/ Yoast SEO plugin. -->","yoast_head_json":{"title":"Erh\u00f6hen Sie Ihren Look: 7,5 Zoll 22ct Gold Floral Bracelet","description":"Schwelgen Sie in Luxus! Dieses florale 7,5-Zoll-Armband aus 22-kar\u00e4tigem Gold verleiht jedem Outfit einen Hauch von Eleganz. Kaufen Sie jetzt ein zeitloses St\u00fcck, das Ihren Stil aufwertet.","robots":{"index":"index","follow":"follow","max-snippet":"max-snippet:-1","max-image-preview":"max-image-preview:large","max-video-preview":"max-video-preview:-1"},"canonical":"https:\/\/www.purejewels.com\/de\/produkt-2\/22-kt-gold-floral-armband-51405\/","og_locale":"de_DE","og_type":"article","og_title":"Elevate Your Look: 7.5 Inch 22ct Gold Floral Bracelet","og_description":"Indulge in luxury! This 7.5\" 22ct gold floral bracelet adds a touch of elegance to any outfit. Shop now for a timeless piece that elevates your style.","og_url":"https:\/\/www.purejewels.com\/de\/produkt-2\/22-kt-gold-floral-armband-51405\/","og_site_name":"PureJewels UK","article_modified_time":"2026-02-06T06:46:37+00:00","og_image":[{"width":1000,"height":1000,"url":"https:\/\/static.purejewels.com\/wp-content\/uploads\/2024\/03\/47840.png","type":"image\/png"}],"twitter_card":"summary_large_image","twitter_misc":{"Gesch\u00e4tzte Lesezeit":"1\u00a0Minute"},"schema":{"@context":"https:\/\/schema.org","@graph":[{"@type":["WebPage","ItemPage"],"@id":"https:\/\/www.purejewels.com\/product\/22ct-gold-floral-bracelet-51405\/","url":"https:\/\/www.purejewels.com\/product\/22ct-gold-floral-bracelet-51405\/","name":"Erh\u00f6hen Sie Ihren Look: 7,5 Zoll 22ct Gold Floral Bracelet","isPartOf":{"@id":"https:\/\/www.purejewels.com\/#website"},"primaryImageOfPage":{"@id":"https:\/\/www.purejewels.com\/product\/22ct-gold-floral-bracelet-51405\/#primaryimage"},"image":{"@id":"https:\/\/www.purejewels.com\/product\/22ct-gold-floral-bracelet-51405\/#primaryimage"},"thumbnailUrl":"https:\/\/static.purejewels.com\/wp-content\/uploads\/2024\/03\/47840.png","datePublished":"2024-06-05T10:57:51+00:00","dateModified":"2026-02-06T06:46:37+00:00","description":"Schwelgen Sie in Luxus! Dieses florale 7,5-Zoll-Armband aus 22-kar\u00e4tigem Gold verleiht jedem Outfit einen Hauch von Eleganz. Kaufen Sie jetzt ein zeitloses St\u00fcck, das Ihren Stil aufwertet.","breadcrumb":{"@id":"https:\/\/www.purejewels.com\/product\/22ct-gold-floral-bracelet-51405\/#breadcrumb"},"inLanguage":"de","potentialAction":[{"@type":"ReadAction","target":["https:\/\/www.purejewels.com\/product\/22ct-gold-floral-bracelet-51405\/"]}]},{"@type":"ImageObject","inLanguage":"de","@id":"https:\/\/www.purejewels.com\/product\/22ct-gold-floral-bracelet-51405\/#primaryimage","url":"https:\/\/static.purejewels.com\/wp-content\/uploads\/2024\/03\/47840.png","contentUrl":"https:\/\/static.purejewels.com\/wp-content\/uploads\/2024\/03\/47840.png","width":1000,"height":1000,"caption":"22ct Gold Bracelet"},{"@type":"BreadcrumbList","@id":"https:\/\/www.purejewels.com\/product\/22ct-gold-floral-bracelet-51405\/#breadcrumb","itemListElement":[{"@type":"ListItem","position":1,"name":"Home","item":"https:\/\/www.purejewels.com\/"},{"@type":"ListItem","position":2,"name":"Shop","item":"https:\/\/www.purejewels.com\/shop\/"},{"@type":"ListItem","position":3,"name":"22ct Gold Floral Bracelet | 7.5 Inches"}]},{"@type":"WebSite","@id":"https:\/\/www.purejewels.com\/#website","url":"https:\/\/www.purejewels.com\/","name":"PureJewels UK","description":"Teile die Liebe","publisher":{"@id":"https:\/\/www.purejewels.com\/#organization"},"potentialAction":[{"@type":"SearchAction","target":{"@type":"EntryPoint","urlTemplate":"https:\/\/www.purejewels.com\/?s={search_term_string}"},"query-input":{"@type":"PropertyValueSpecification","valueRequired":true,"valueName":"search_term_string"}}],"inLanguage":"de"},{"@type":"Organization","@id":"https:\/\/www.purejewels.com\/#organization","name":"PureJewels UK","url":"https:\/\/www.purejewels.com\/","logo":{"@type":"ImageObject","inLanguage":"de","@id":"https:\/\/www.purejewels.com\/#\/schema\/logo\/image\/","url":"https:\/\/static.purejewels.com\/wp-content\/uploads\/2020\/11\/Logo-PJ-New-1.png","contentUrl":"https:\/\/static.purejewels.com\/wp-content\/uploads\/2020\/11\/Logo-PJ-New-1.png","width":150,"height":80,"caption":"PureJewels UK"},"image":{"@id":"https:\/\/www.purejewels.com\/#\/schema\/logo\/image\/"}}]}},"_links":{"self":[{"href":"https:\/\/www.purejewels.com\/de\/wp-json\/wp\/v2\/product\/366216","targetHints":{"allow":["GET"]}}],"collection":[{"href":"https:\/\/www.purejewels.com\/de\/wp-json\/wp\/v2\/product"}],"about":[{"href":"https:\/\/www.purejewels.com\/de\/wp-json\/wp\/v2\/types\/product"}],"replies":[{"embeddable":true,"href":"https:\/\/www.purejewels.com\/de\/wp-json\/wp\/v2\/comments?post=366216"}],"version-history":[{"count":4,"href":"https:\/\/www.purejewels.com\/de\/wp-json\/wp\/v2\/product\/366216\/revisions"}],"predecessor-version":[{"id":398809,"href":"https:\/\/www.purejewels.com\/de\/wp-json\/wp\/v2\/product\/366216\/revisions\/398809"}],"wp:featuredmedia":[{"embeddable":true,"href":"https:\/\/www.purejewels.com\/de\/wp-json\/wp\/v2\/media\/359403"}],"wp:attachment":[{"href":"https:\/\/www.purejewels.com\/de\/wp-json\/wp\/v2\/media?parent=366216"}],"wp:term":[{"taxonomy":"product_brand","embeddable":true,"href":"https:\/\/www.purejewels.com\/de\/wp-json\/wp\/v2\/product_brand?post=366216"},{"taxonomy":"product_cat","embeddable":true,"href":"https:\/\/www.purejewels.com\/de\/wp-json\/wp\/v2\/product_cat?post=366216"},{"taxonomy":"product_tag","embeddable":true,"href":"https:\/\/www.purejewels.com\/de\/wp-json\/wp\/v2\/product_tag?post=366216"}],"curies":[{"name":"wp","href":"https:\/\/api.w.org\/{rel}","templated":true}]}}