{"id":366878,"date":"2024-07-11T12:56:58","date_gmt":"2024-07-11T11:56:58","guid":{"rendered":"https:\/\/www.purejewels.com\/?post_type=product&#038;p=366878"},"modified":"2026-05-05T07:56:57","modified_gmt":"2026-05-05T06:56:57","slug":"22-kt-sonnenaufgang-gold-halskette-mit-teal-turmalin-48969","status":"publish","type":"product","link":"https:\/\/www.purejewels.com\/de\/product\/22ct-sunrise-gold-necklace-with-teal-tourmaline-48969\/","title":{"rendered":"22ct Sunrise Gold Halskette mit Teal Turmalin"},"content":{"rendered":"<p><strong>PureJewels UK<\/strong> pr\u00e4sentiert eine bezaubernde Halskette, die sowohl Glanz als auch Gelassenheit verk\u00f6rpert - die 22-kar\u00e4tige Sunrise Gold-Halskette mit <strong>T\u00fcrkisfarbener Turmalin<\/strong>. Dieses exquisite St\u00fcck kombiniert den satten Glanz von 22-kar\u00e4tigem Sunrise-Gold mit der fesselnden Tiefe eines tealfarbenen Turmalin-Edelsteins und schafft so ein wahrhaft faszinierendes Schmuckst\u00fcck.<\/p>\n<p>Der blaugr\u00fcne Turmalin-Edelstein besticht durch seine faszinierende Farbtiefe, die an ruhige Lagunen oder einen beruhigenden D\u00e4mmerungshimmel erinnert. Diese mit viel Liebe zum Detail gefertigte Halskette ist ein Beweis f\u00fcr das Engagement von PureJewels UK f\u00fcr Qualit\u00e4t.<\/p>\n<p>Lassen Sie sich von der W\u00e4rme des Sonnenaufgangsgoldes und der Ruhe des tealfarbenen Turmalins verzaubern. Besuchen Sie PureJewels UK, um mehr \u00fcber diese atemberaubende Halskette zu erfahren und Ihr perfektes St\u00fcck zu finden.<\/p>","protected":false},"excerpt":{"rendered":"<table class=\"sh_desc\">\n<tbody>\n<tr>\n<td>Art der Halskette<\/td>\n<td>Ausgefallene Halskette<\/td>\n<\/tr>\n<tr>\n<td>SKU<\/td>\n<td>48969<\/td>\n<\/tr>\n<tr>\n<td>Stein<\/td>\n<td>T\u00fcrkisfarbener Turmalin<\/td>\n<\/tr>\n<tr>\n<td>Bruttogewicht<\/td>\n<td>5,6 Gramm<\/td>\n<\/tr>\n<tr>\n<td>L\u00e4nge<\/td>\n<td>18 Zoll<\/td>\n<\/tr>\n<tr>\n<td>Teal Turmalin Gew.<\/td>\n<td>1,22ct<\/td>\n<\/tr>\n<tr>\n<td>Metall<\/td>\n<td>22ct Sonnenaufgang Gold<\/td>\n<\/tr>\n<tr>\n<td>Entgelte<\/td>\n<td>Lieferung und Mehrwertsteuer inbegriffen<\/td>\n<\/tr>\n<tr>\n<td>Verpackung<\/td>\n<td>Mit Pr\u00e4sentationsbox<\/td>\n<\/tr>\n<tr>\n<td>Mehr Informationen<\/td>\n<td>Live-Chat mit uns f\u00fcr Verf\u00fcgbarkeit und mehr Bilder<\/td>\n<\/tr>\n<\/tbody>\n<\/table>\n<div class=\"btn-atc atc-slide\"><\/div>\n<div class=\"product_meta\"><\/div>","protected":false},"featured_media":366879,"comment_status":"closed","ping_status":"closed","template":"","meta":{"_eb_attr":"","_crsspst_to_jayantr4sg-hostcom":false},"product_brand":[],"product_cat":[1791,1559,5699,1229,1253,5749,1778,1574,5747],"product_tag":[],"class_list":{"0":"post-366878","1":"product","2":"type-product","3":"status-publish","4":"has-post-thumbnail","6":"product_cat-anniversary-gifts","7":"product_cat-birthday-gifts","8":"product_cat-coloured-gemstone-jewellery","9":"product_cat-22ct-gold-jewellery","10":"product_cat-gold-necklaces","11":"product_cat-khazana-collection","12":"product_cat-short-necklaces","13":"product_cat-womens-jewellery","14":"product_cat-mantra-collection","16":"first","17":"instock","18":"taxable","19":"shipping-taxable","20":"purchasable","21":"product-type-simple","22":"add-to-wishlist-before_image"},"yoast_head":"<!-- This site is optimized with the Yoast SEO plugin v27.5 - https:\/\/yoast.com\/product\/yoast-seo-wordpress\/ -->\n<title>22ct Sunrise Gold Necklace with Teal Tourmaline | PureJewels UK<\/title>\n<meta name=\"description\" content=\"Embrace the warmth of the sunrise gold and the tranquility of the teal tourmaline. Visit PureJewels UK to learn more about this stunning necklace.\" \/>\n<meta name=\"robots\" content=\"index, follow, max-snippet:-1, max-image-preview:large, max-video-preview:-1\" \/>\n<link rel=\"canonical\" href=\"https:\/\/www.purejewels.com\/de\/produkt-2\/22-kt-sonnenaufgang-gold-halskette-mit-teal-turmalin-48969\/\" \/>\n<meta property=\"og:locale\" content=\"de_DE\" \/>\n<meta property=\"og:type\" content=\"article\" \/>\n<meta property=\"og:title\" content=\"22ct Sunrise Gold Necklace with Teal Tourmaline | PureJewels UK\" \/>\n<meta property=\"og:description\" content=\"Embrace the warmth of the sunrise gold and the tranquility of the teal tourmaline. Visit PureJewels UK to learn more about this stunning necklace.\" \/>\n<meta property=\"og:url\" content=\"https:\/\/www.purejewels.com\/de\/produkt-2\/22-kt-sonnenaufgang-gold-halskette-mit-teal-turmalin-48969\/\" \/>\n<meta property=\"og:site_name\" content=\"PureJewels UK\" \/>\n<meta property=\"article:modified_time\" content=\"2026-05-05T06:56:57+00:00\" \/>\n<meta property=\"og:image\" content=\"https:\/\/static.purejewels.com\/wp-content\/uploads\/2024\/07\/48969.png\" \/>\n\t<meta property=\"og:image:width\" content=\"1000\" \/>\n\t<meta property=\"og:image:height\" content=\"1000\" \/>\n\t<meta property=\"og:image:type\" content=\"image\/png\" \/>\n<meta name=\"twitter:card\" content=\"summary_large_image\" \/>\n<meta name=\"twitter:label1\" content=\"Gesch\u00e4tzte Lesezeit\" \/>\n\t<meta name=\"twitter:data1\" content=\"1\u00a0Minute\" \/>\n<script type=\"application\/ld+json\" class=\"yoast-schema-graph\">{\"@context\":\"https:\\\/\\\/schema.org\",\"@graph\":[{\"@type\":[\"WebPage\",\"ItemPage\"],\"@id\":\"https:\\\/\\\/www.purejewels.com\\\/product\\\/22ct-sunrise-gold-necklace-with-teal-tourmaline-48969\\\/\",\"url\":\"https:\\\/\\\/www.purejewels.com\\\/product\\\/22ct-sunrise-gold-necklace-with-teal-tourmaline-48969\\\/\",\"name\":\"22ct Sunrise Gold Necklace with Teal Tourmaline | PureJewels UK\",\"isPartOf\":{\"@id\":\"https:\\\/\\\/www.purejewels.com\\\/#website\"},\"primaryImageOfPage\":{\"@id\":\"https:\\\/\\\/www.purejewels.com\\\/product\\\/22ct-sunrise-gold-necklace-with-teal-tourmaline-48969\\\/#primaryimage\"},\"image\":{\"@id\":\"https:\\\/\\\/www.purejewels.com\\\/product\\\/22ct-sunrise-gold-necklace-with-teal-tourmaline-48969\\\/#primaryimage\"},\"thumbnailUrl\":\"https:\\\/\\\/static.purejewels.com\\\/wp-content\\\/uploads\\\/2024\\\/07\\\/48969.png\",\"datePublished\":\"2024-07-11T11:56:58+00:00\",\"dateModified\":\"2026-05-05T06:56:57+00:00\",\"description\":\"Embrace the warmth of the sunrise gold and the tranquility of the teal tourmaline. Visit PureJewels UK to learn more about this stunning necklace.\",\"breadcrumb\":{\"@id\":\"https:\\\/\\\/www.purejewels.com\\\/product\\\/22ct-sunrise-gold-necklace-with-teal-tourmaline-48969\\\/#breadcrumb\"},\"inLanguage\":\"de\",\"potentialAction\":[{\"@type\":\"ReadAction\",\"target\":[\"https:\\\/\\\/www.purejewels.com\\\/product\\\/22ct-sunrise-gold-necklace-with-teal-tourmaline-48969\\\/\"]}]},{\"@type\":\"ImageObject\",\"inLanguage\":\"de\",\"@id\":\"https:\\\/\\\/www.purejewels.com\\\/product\\\/22ct-sunrise-gold-necklace-with-teal-tourmaline-48969\\\/#primaryimage\",\"url\":\"https:\\\/\\\/static.purejewels.com\\\/wp-content\\\/uploads\\\/2024\\\/07\\\/48969.png\",\"contentUrl\":\"https:\\\/\\\/static.purejewels.com\\\/wp-content\\\/uploads\\\/2024\\\/07\\\/48969.png\",\"width\":1000,\"height\":1000,\"caption\":\"22ct Sunrise Gold Necklace\"},{\"@type\":\"BreadcrumbList\",\"@id\":\"https:\\\/\\\/www.purejewels.com\\\/product\\\/22ct-sunrise-gold-necklace-with-teal-tourmaline-48969\\\/#breadcrumb\",\"itemListElement\":[{\"@type\":\"ListItem\",\"position\":1,\"name\":\"Home\",\"item\":\"https:\\\/\\\/www.purejewels.com\\\/\"},{\"@type\":\"ListItem\",\"position\":2,\"name\":\"Shop\",\"item\":\"https:\\\/\\\/www.purejewels.com\\\/shop\\\/\"},{\"@type\":\"ListItem\",\"position\":3,\"name\":\"22ct Sunrise Gold Necklace with Teal Tourmaline\"}]},{\"@type\":\"WebSite\",\"@id\":\"https:\\\/\\\/www.purejewels.com\\\/#website\",\"url\":\"https:\\\/\\\/www.purejewels.com\\\/\",\"name\":\"PureJewels UK\",\"description\":\"Share the Love\",\"publisher\":{\"@id\":\"https:\\\/\\\/www.purejewels.com\\\/#organization\"},\"potentialAction\":[{\"@type\":\"SearchAction\",\"target\":{\"@type\":\"EntryPoint\",\"urlTemplate\":\"https:\\\/\\\/www.purejewels.com\\\/?s={search_term_string}\"},\"query-input\":{\"@type\":\"PropertyValueSpecification\",\"valueRequired\":true,\"valueName\":\"search_term_string\"}}],\"inLanguage\":\"de\"},{\"@type\":\"Organization\",\"@id\":\"https:\\\/\\\/www.purejewels.com\\\/#organization\",\"name\":\"PureJewels UK\",\"url\":\"https:\\\/\\\/www.purejewels.com\\\/\",\"logo\":{\"@type\":\"ImageObject\",\"inLanguage\":\"de\",\"@id\":\"https:\\\/\\\/www.purejewels.com\\\/#\\\/schema\\\/logo\\\/image\\\/\",\"url\":\"https:\\\/\\\/static.purejewels.com\\\/wp-content\\\/uploads\\\/2020\\\/11\\\/Logo-PJ-New-1.png\",\"contentUrl\":\"https:\\\/\\\/static.purejewels.com\\\/wp-content\\\/uploads\\\/2020\\\/11\\\/Logo-PJ-New-1.png\",\"width\":150,\"height\":80,\"caption\":\"PureJewels UK\"},\"image\":{\"@id\":\"https:\\\/\\\/www.purejewels.com\\\/#\\\/schema\\\/logo\\\/image\\\/\"}}]}<\/script>\n<!-- \/ Yoast SEO plugin. -->","yoast_head_json":{"title":"22ct Sunrise Gold Halskette mit Teal Turmalin | PureJewels UK","description":"Lassen Sie sich von der W\u00e4rme des Sonnenaufgangsgoldes und der Ruhe des tealfarbenen Turmalins verzaubern. Besuchen Sie PureJewels UK, um mehr \u00fcber diese atemberaubende Halskette zu erfahren.","robots":{"index":"index","follow":"follow","max-snippet":"max-snippet:-1","max-image-preview":"max-image-preview:large","max-video-preview":"max-video-preview:-1"},"canonical":"https:\/\/www.purejewels.com\/de\/produkt-2\/22-kt-sonnenaufgang-gold-halskette-mit-teal-turmalin-48969\/","og_locale":"de_DE","og_type":"article","og_title":"22ct Sunrise Gold Necklace with Teal Tourmaline | PureJewels UK","og_description":"Embrace the warmth of the sunrise gold and the tranquility of the teal tourmaline. Visit PureJewels UK to learn more about this stunning necklace.","og_url":"https:\/\/www.purejewels.com\/de\/produkt-2\/22-kt-sonnenaufgang-gold-halskette-mit-teal-turmalin-48969\/","og_site_name":"PureJewels UK","article_modified_time":"2026-05-05T06:56:57+00:00","og_image":[{"width":1000,"height":1000,"url":"https:\/\/static.purejewels.com\/wp-content\/uploads\/2024\/07\/48969.png","type":"image\/png"}],"twitter_card":"summary_large_image","twitter_misc":{"Gesch\u00e4tzte Lesezeit":"1\u00a0Minute"},"schema":{"@context":"https:\/\/schema.org","@graph":[{"@type":["WebPage","ItemPage"],"@id":"https:\/\/www.purejewels.com\/product\/22ct-sunrise-gold-necklace-with-teal-tourmaline-48969\/","url":"https:\/\/www.purejewels.com\/product\/22ct-sunrise-gold-necklace-with-teal-tourmaline-48969\/","name":"22ct Sunrise Gold Halskette mit Teal Turmalin | PureJewels UK","isPartOf":{"@id":"https:\/\/www.purejewels.com\/#website"},"primaryImageOfPage":{"@id":"https:\/\/www.purejewels.com\/product\/22ct-sunrise-gold-necklace-with-teal-tourmaline-48969\/#primaryimage"},"image":{"@id":"https:\/\/www.purejewels.com\/product\/22ct-sunrise-gold-necklace-with-teal-tourmaline-48969\/#primaryimage"},"thumbnailUrl":"https:\/\/static.purejewels.com\/wp-content\/uploads\/2024\/07\/48969.png","datePublished":"2024-07-11T11:56:58+00:00","dateModified":"2026-05-05T06:56:57+00:00","description":"Lassen Sie sich von der W\u00e4rme des Sonnenaufgangsgoldes und der Ruhe des tealfarbenen Turmalins verzaubern. Besuchen Sie PureJewels UK, um mehr \u00fcber diese atemberaubende Halskette zu erfahren.","breadcrumb":{"@id":"https:\/\/www.purejewels.com\/product\/22ct-sunrise-gold-necklace-with-teal-tourmaline-48969\/#breadcrumb"},"inLanguage":"de","potentialAction":[{"@type":"ReadAction","target":["https:\/\/www.purejewels.com\/product\/22ct-sunrise-gold-necklace-with-teal-tourmaline-48969\/"]}]},{"@type":"ImageObject","inLanguage":"de","@id":"https:\/\/www.purejewels.com\/product\/22ct-sunrise-gold-necklace-with-teal-tourmaline-48969\/#primaryimage","url":"https:\/\/static.purejewels.com\/wp-content\/uploads\/2024\/07\/48969.png","contentUrl":"https:\/\/static.purejewels.com\/wp-content\/uploads\/2024\/07\/48969.png","width":1000,"height":1000,"caption":"22ct Sunrise Gold Necklace"},{"@type":"BreadcrumbList","@id":"https:\/\/www.purejewels.com\/product\/22ct-sunrise-gold-necklace-with-teal-tourmaline-48969\/#breadcrumb","itemListElement":[{"@type":"ListItem","position":1,"name":"Home","item":"https:\/\/www.purejewels.com\/"},{"@type":"ListItem","position":2,"name":"Shop","item":"https:\/\/www.purejewels.com\/shop\/"},{"@type":"ListItem","position":3,"name":"22ct Sunrise Gold Necklace with Teal Tourmaline"}]},{"@type":"WebSite","@id":"https:\/\/www.purejewels.com\/#website","url":"https:\/\/www.purejewels.com\/","name":"PureJewels UK","description":"Teile die Liebe","publisher":{"@id":"https:\/\/www.purejewels.com\/#organization"},"potentialAction":[{"@type":"SearchAction","target":{"@type":"EntryPoint","urlTemplate":"https:\/\/www.purejewels.com\/?s={search_term_string}"},"query-input":{"@type":"PropertyValueSpecification","valueRequired":true,"valueName":"search_term_string"}}],"inLanguage":"de"},{"@type":"Organization","@id":"https:\/\/www.purejewels.com\/#organization","name":"PureJewels UK","url":"https:\/\/www.purejewels.com\/","logo":{"@type":"ImageObject","inLanguage":"de","@id":"https:\/\/www.purejewels.com\/#\/schema\/logo\/image\/","url":"https:\/\/static.purejewels.com\/wp-content\/uploads\/2020\/11\/Logo-PJ-New-1.png","contentUrl":"https:\/\/static.purejewels.com\/wp-content\/uploads\/2020\/11\/Logo-PJ-New-1.png","width":150,"height":80,"caption":"PureJewels UK"},"image":{"@id":"https:\/\/www.purejewels.com\/#\/schema\/logo\/image\/"}}]}},"_links":{"self":[{"href":"https:\/\/www.purejewels.com\/de\/wp-json\/wp\/v2\/product\/366878","targetHints":{"allow":["GET"]}}],"collection":[{"href":"https:\/\/www.purejewels.com\/de\/wp-json\/wp\/v2\/product"}],"about":[{"href":"https:\/\/www.purejewels.com\/de\/wp-json\/wp\/v2\/types\/product"}],"replies":[{"embeddable":true,"href":"https:\/\/www.purejewels.com\/de\/wp-json\/wp\/v2\/comments?post=366878"}],"version-history":[{"count":4,"href":"https:\/\/www.purejewels.com\/de\/wp-json\/wp\/v2\/product\/366878\/revisions"}],"predecessor-version":[{"id":429440,"href":"https:\/\/www.purejewels.com\/de\/wp-json\/wp\/v2\/product\/366878\/revisions\/429440"}],"wp:featuredmedia":[{"embeddable":true,"href":"https:\/\/www.purejewels.com\/de\/wp-json\/wp\/v2\/media\/366879"}],"wp:attachment":[{"href":"https:\/\/www.purejewels.com\/de\/wp-json\/wp\/v2\/media?parent=366878"}],"wp:term":[{"taxonomy":"product_brand","embeddable":true,"href":"https:\/\/www.purejewels.com\/de\/wp-json\/wp\/v2\/product_brand?post=366878"},{"taxonomy":"product_cat","embeddable":true,"href":"https:\/\/www.purejewels.com\/de\/wp-json\/wp\/v2\/product_cat?post=366878"},{"taxonomy":"product_tag","embeddable":true,"href":"https:\/\/www.purejewels.com\/de\/wp-json\/wp\/v2\/product_tag?post=366878"}],"curies":[{"name":"wp","href":"https:\/\/api.w.org\/{rel}","templated":true}]}}