{"id":3672,"date":"2017-07-19T13:17:19","date_gmt":"2017-07-19T12:17:19","guid":{"rendered":"http:\/\/new.purejewels.com\/product\/aphrodite-ear-studs\/"},"modified":"2025-09-26T06:29:33","modified_gmt":"2025-09-26T05:29:33","slug":"aphrodite-ohrstecker","status":"publish","type":"product","link":"https:\/\/www.purejewels.com\/de\/product\/aphrodite-ear-studs\/","title":{"rendered":"Aphrodite Ohrstecker"},"content":{"rendered":"<h3>Gestaltung<\/h3>\n<p>Entscheiden Sie sich f\u00fcr unsere Ohrstecker aus Wei\u00dfgold, die mit vertr\u00e4umten kleinen Diamanten besetzt sind und einen strahlend modernen Stil haben. Unsere Kunsthandwerker haben die Diamanten feinf\u00fchlig am Rand des Sterns mit einem Mittelst\u00fcck eingefasst, um eine Illusionsfassung zu schaffen und einen funkelnden und leuchtenden Look zu erzielen.<\/p>\n<h3>Inspiration<\/h3>\n<p>Die elegant gearbeiteten Aphrodite-Ohrstecker sind ein magischer Zauber f\u00fcr Ihre Tr\u00e4ume, der dem Traum \u00e4hnelt, der unsere Gr\u00fcnderin dazu verleitete, einen Fu\u00df in die hellen Lichter von London zu setzen. Inspiriert vom Nordstern, der Reisenden den richtigen Weg weist, werden Sie sich mit diesen Ohrsteckern f\u00fchlen, als w\u00fcrden Sie die Welt beherrschen.<\/p>\n<h3>Stil<\/h3>\n<p>Lassen Sie diese funkelnden Sterne Ihre Momente einfangen und sie in Ihre Erinnerungen einpr\u00e4gen. Kombiniere sie mit deiner Alltagskleidung und steigere so deine funkelnde Sch\u00f6nheit und Gelassenheit, die tausend Blicke wert ist.<\/p>","protected":false},"excerpt":{"rendered":"<ul>\n<li>Aphrodite Ohrstecker aus Platin mit Diamanten<\/li>\n<li>Diamanten. 0,42 ct<\/li>\n<li>SKU 15944<\/li>\n<li>Alle Preise inklusive Mehrwertsteuer<\/li>\n<li>Platin gestempelt von London Assay Office<\/li>\n<li>Mit Pr\u00e4sentationsbox<\/li>\n<li>Lieferung inbegriffen<\/li>\n<li>Live-Chat mit uns f\u00fcr die Verf\u00fcgbarkeit und mehr Bilder von \u00e4hnlichen Designs derzeit auf Lager<\/li>\n<\/ul>","protected":false},"featured_media":3673,"comment_status":"closed","ping_status":"closed","template":"","meta":{"_eb_attr":"","_crsspst_to_jayantr4sg-hostcom":false},"product_brand":[],"product_cat":[1576,236,5458,5457,1254,250,1577],"product_tag":[1455],"class_list":{"0":"post-3672","1":"product","2":"type-product","3":"status-publish","4":"has-post-thumbnail","6":"product_cat-childrens-jewellery","7":"product_cat-collections","8":"product_cat-diamond-earring","9":"product_cat-diamond-jewellery","10":"product_cat-gold-earrings","11":"product_cat-luminous-collections","12":"product_cat-stud-earrings","13":"product_tag-diamond-studs","15":"first","16":"onbackorder","17":"product-type-simple","18":"add-to-wishlist-before_image"},"yoast_head":"<!-- This site is optimized with the Yoast SEO plugin v27.5 - https:\/\/yoast.com\/product\/yoast-seo-wordpress\/ -->\n<title>Platinum Aphrodite Ear Studs With diamonds by PureJewels<\/title>\n<meta name=\"description\" content=\"Choose to shine with our white gold Ear studs encrusted with dreamy little diamonds and a glowing contemporary style.\" \/>\n<meta name=\"robots\" content=\"index, follow, max-snippet:-1, max-image-preview:large, max-video-preview:-1\" \/>\n<link rel=\"canonical\" href=\"https:\/\/www.purejewels.com\/de\/produkt-2\/aphrodite-ohrstecker\/\" \/>\n<meta property=\"og:locale\" content=\"de_DE\" \/>\n<meta property=\"og:type\" content=\"article\" \/>\n<meta property=\"og:title\" content=\"Platinum Aphrodite Ear Studs With diamonds by PureJewels\" \/>\n<meta property=\"og:description\" content=\"Choose to shine with our white gold Ear studs encrusted with dreamy little diamonds and a glowing contemporary style.\" \/>\n<meta property=\"og:url\" content=\"https:\/\/www.purejewels.com\/de\/produkt-2\/aphrodite-ohrstecker\/\" \/>\n<meta property=\"og:site_name\" content=\"PureJewels UK\" \/>\n<meta property=\"article:modified_time\" content=\"2025-09-26T05:29:33+00:00\" \/>\n<meta property=\"og:image\" content=\"https:\/\/www.purejewels.com\/wp-content\/uploads\/2017\/07\/aphrodite-ear-studs-15944.jpg\" \/>\n\t<meta property=\"og:image:width\" content=\"960\" \/>\n\t<meta property=\"og:image:height\" content=\"960\" \/>\n\t<meta property=\"og:image:type\" content=\"image\/jpeg\" \/>\n<meta name=\"twitter:card\" content=\"summary_large_image\" \/>\n<meta name=\"twitter:label1\" content=\"Gesch\u00e4tzte Lesezeit\" \/>\n\t<meta name=\"twitter:data1\" content=\"1\u00a0Minute\" \/>\n<script type=\"application\/ld+json\" class=\"yoast-schema-graph\">{\"@context\":\"https:\\\/\\\/schema.org\",\"@graph\":[{\"@type\":[\"WebPage\",\"ItemPage\"],\"@id\":\"https:\\\/\\\/www.purejewels.com\\\/product\\\/aphrodite-ear-studs\\\/\",\"url\":\"https:\\\/\\\/www.purejewels.com\\\/product\\\/aphrodite-ear-studs\\\/\",\"name\":\"Platinum Aphrodite Ear Studs With diamonds by PureJewels\",\"isPartOf\":{\"@id\":\"https:\\\/\\\/www.purejewels.com\\\/#website\"},\"primaryImageOfPage\":{\"@id\":\"https:\\\/\\\/www.purejewels.com\\\/product\\\/aphrodite-ear-studs\\\/#primaryimage\"},\"image\":{\"@id\":\"https:\\\/\\\/www.purejewels.com\\\/product\\\/aphrodite-ear-studs\\\/#primaryimage\"},\"thumbnailUrl\":\"https:\\\/\\\/static.purejewels.com\\\/wp-content\\\/uploads\\\/2017\\\/07\\\/aphrodite-ear-studs-15944.jpg\",\"datePublished\":\"2017-07-19T12:17:19+00:00\",\"dateModified\":\"2025-09-26T05:29:33+00:00\",\"description\":\"Choose to shine with our white gold Ear studs encrusted with dreamy little diamonds and a glowing contemporary style.\",\"breadcrumb\":{\"@id\":\"https:\\\/\\\/www.purejewels.com\\\/product\\\/aphrodite-ear-studs\\\/#breadcrumb\"},\"inLanguage\":\"de\",\"potentialAction\":[{\"@type\":\"ReadAction\",\"target\":[\"https:\\\/\\\/www.purejewels.com\\\/product\\\/aphrodite-ear-studs\\\/\"]}]},{\"@type\":\"ImageObject\",\"inLanguage\":\"de\",\"@id\":\"https:\\\/\\\/www.purejewels.com\\\/product\\\/aphrodite-ear-studs\\\/#primaryimage\",\"url\":\"https:\\\/\\\/static.purejewels.com\\\/wp-content\\\/uploads\\\/2017\\\/07\\\/aphrodite-ear-studs-15944.jpg\",\"contentUrl\":\"https:\\\/\\\/static.purejewels.com\\\/wp-content\\\/uploads\\\/2017\\\/07\\\/aphrodite-ear-studs-15944.jpg\",\"width\":960,\"height\":960,\"caption\":\"aphrodite-ear-studs-15944.jpg\"},{\"@type\":\"BreadcrumbList\",\"@id\":\"https:\\\/\\\/www.purejewels.com\\\/product\\\/aphrodite-ear-studs\\\/#breadcrumb\",\"itemListElement\":[{\"@type\":\"ListItem\",\"position\":1,\"name\":\"Home\",\"item\":\"https:\\\/\\\/www.purejewels.com\\\/\"},{\"@type\":\"ListItem\",\"position\":2,\"name\":\"Shop\",\"item\":\"https:\\\/\\\/www.purejewels.com\\\/shop\\\/\"},{\"@type\":\"ListItem\",\"position\":3,\"name\":\"Aphrodite Ear Studs\"}]},{\"@type\":\"WebSite\",\"@id\":\"https:\\\/\\\/www.purejewels.com\\\/#website\",\"url\":\"https:\\\/\\\/www.purejewels.com\\\/\",\"name\":\"PureJewels UK\",\"description\":\"Share the Love\",\"publisher\":{\"@id\":\"https:\\\/\\\/www.purejewels.com\\\/#organization\"},\"potentialAction\":[{\"@type\":\"SearchAction\",\"target\":{\"@type\":\"EntryPoint\",\"urlTemplate\":\"https:\\\/\\\/www.purejewels.com\\\/?s={search_term_string}\"},\"query-input\":{\"@type\":\"PropertyValueSpecification\",\"valueRequired\":true,\"valueName\":\"search_term_string\"}}],\"inLanguage\":\"de\"},{\"@type\":\"Organization\",\"@id\":\"https:\\\/\\\/www.purejewels.com\\\/#organization\",\"name\":\"PureJewels UK\",\"url\":\"https:\\\/\\\/www.purejewels.com\\\/\",\"logo\":{\"@type\":\"ImageObject\",\"inLanguage\":\"de\",\"@id\":\"https:\\\/\\\/www.purejewels.com\\\/#\\\/schema\\\/logo\\\/image\\\/\",\"url\":\"https:\\\/\\\/static.purejewels.com\\\/wp-content\\\/uploads\\\/2020\\\/11\\\/Logo-PJ-New-1.png\",\"contentUrl\":\"https:\\\/\\\/static.purejewels.com\\\/wp-content\\\/uploads\\\/2020\\\/11\\\/Logo-PJ-New-1.png\",\"width\":150,\"height\":80,\"caption\":\"PureJewels UK\"},\"image\":{\"@id\":\"https:\\\/\\\/www.purejewels.com\\\/#\\\/schema\\\/logo\\\/image\\\/\"}}]}<\/script>\n<!-- \/ Yoast SEO plugin. -->","yoast_head_json":{"title":"Platin Aphrodite Ohrstecker mit Diamanten von PureJewels","description":"Entscheiden Sie sich f\u00fcr unsere Ohrstecker aus Wei\u00dfgold, die mit vertr\u00e4umten kleinen Diamanten besetzt sind und einen strahlend modernen Stil haben.","robots":{"index":"index","follow":"follow","max-snippet":"max-snippet:-1","max-image-preview":"max-image-preview:large","max-video-preview":"max-video-preview:-1"},"canonical":"https:\/\/www.purejewels.com\/de\/produkt-2\/aphrodite-ohrstecker\/","og_locale":"de_DE","og_type":"article","og_title":"Platinum Aphrodite Ear Studs With diamonds by PureJewels","og_description":"Choose to shine with our white gold Ear studs encrusted with dreamy little diamonds and a glowing contemporary style.","og_url":"https:\/\/www.purejewels.com\/de\/produkt-2\/aphrodite-ohrstecker\/","og_site_name":"PureJewels UK","article_modified_time":"2025-09-26T05:29:33+00:00","og_image":[{"width":960,"height":960,"url":"https:\/\/www.purejewels.com\/wp-content\/uploads\/2017\/07\/aphrodite-ear-studs-15944.jpg","type":"image\/jpeg"}],"twitter_card":"summary_large_image","twitter_misc":{"Gesch\u00e4tzte Lesezeit":"1\u00a0Minute"},"schema":{"@context":"https:\/\/schema.org","@graph":[{"@type":["WebPage","ItemPage"],"@id":"https:\/\/www.purejewels.com\/product\/aphrodite-ear-studs\/","url":"https:\/\/www.purejewels.com\/product\/aphrodite-ear-studs\/","name":"Platin Aphrodite Ohrstecker mit Diamanten von PureJewels","isPartOf":{"@id":"https:\/\/www.purejewels.com\/#website"},"primaryImageOfPage":{"@id":"https:\/\/www.purejewels.com\/product\/aphrodite-ear-studs\/#primaryimage"},"image":{"@id":"https:\/\/www.purejewels.com\/product\/aphrodite-ear-studs\/#primaryimage"},"thumbnailUrl":"https:\/\/static.purejewels.com\/wp-content\/uploads\/2017\/07\/aphrodite-ear-studs-15944.jpg","datePublished":"2017-07-19T12:17:19+00:00","dateModified":"2025-09-26T05:29:33+00:00","description":"Entscheiden Sie sich f\u00fcr unsere Ohrstecker aus Wei\u00dfgold, die mit vertr\u00e4umten kleinen Diamanten besetzt sind und einen strahlend modernen Stil haben.","breadcrumb":{"@id":"https:\/\/www.purejewels.com\/product\/aphrodite-ear-studs\/#breadcrumb"},"inLanguage":"de","potentialAction":[{"@type":"ReadAction","target":["https:\/\/www.purejewels.com\/product\/aphrodite-ear-studs\/"]}]},{"@type":"ImageObject","inLanguage":"de","@id":"https:\/\/www.purejewels.com\/product\/aphrodite-ear-studs\/#primaryimage","url":"https:\/\/static.purejewels.com\/wp-content\/uploads\/2017\/07\/aphrodite-ear-studs-15944.jpg","contentUrl":"https:\/\/static.purejewels.com\/wp-content\/uploads\/2017\/07\/aphrodite-ear-studs-15944.jpg","width":960,"height":960,"caption":"aphrodite-ear-studs-15944.jpg"},{"@type":"BreadcrumbList","@id":"https:\/\/www.purejewels.com\/product\/aphrodite-ear-studs\/#breadcrumb","itemListElement":[{"@type":"ListItem","position":1,"name":"Home","item":"https:\/\/www.purejewels.com\/"},{"@type":"ListItem","position":2,"name":"Shop","item":"https:\/\/www.purejewels.com\/shop\/"},{"@type":"ListItem","position":3,"name":"Aphrodite Ear Studs"}]},{"@type":"WebSite","@id":"https:\/\/www.purejewels.com\/#website","url":"https:\/\/www.purejewels.com\/","name":"PureJewels UK","description":"Teile die Liebe","publisher":{"@id":"https:\/\/www.purejewels.com\/#organization"},"potentialAction":[{"@type":"SearchAction","target":{"@type":"EntryPoint","urlTemplate":"https:\/\/www.purejewels.com\/?s={search_term_string}"},"query-input":{"@type":"PropertyValueSpecification","valueRequired":true,"valueName":"search_term_string"}}],"inLanguage":"de"},{"@type":"Organization","@id":"https:\/\/www.purejewels.com\/#organization","name":"PureJewels UK","url":"https:\/\/www.purejewels.com\/","logo":{"@type":"ImageObject","inLanguage":"de","@id":"https:\/\/www.purejewels.com\/#\/schema\/logo\/image\/","url":"https:\/\/static.purejewels.com\/wp-content\/uploads\/2020\/11\/Logo-PJ-New-1.png","contentUrl":"https:\/\/static.purejewels.com\/wp-content\/uploads\/2020\/11\/Logo-PJ-New-1.png","width":150,"height":80,"caption":"PureJewels UK"},"image":{"@id":"https:\/\/www.purejewels.com\/#\/schema\/logo\/image\/"}}]}},"_links":{"self":[{"href":"https:\/\/www.purejewels.com\/de\/wp-json\/wp\/v2\/product\/3672","targetHints":{"allow":["GET"]}}],"collection":[{"href":"https:\/\/www.purejewels.com\/de\/wp-json\/wp\/v2\/product"}],"about":[{"href":"https:\/\/www.purejewels.com\/de\/wp-json\/wp\/v2\/types\/product"}],"replies":[{"embeddable":true,"href":"https:\/\/www.purejewels.com\/de\/wp-json\/wp\/v2\/comments?post=3672"}],"version-history":[{"count":3,"href":"https:\/\/www.purejewels.com\/de\/wp-json\/wp\/v2\/product\/3672\/revisions"}],"predecessor-version":[{"id":416958,"href":"https:\/\/www.purejewels.com\/de\/wp-json\/wp\/v2\/product\/3672\/revisions\/416958"}],"wp:featuredmedia":[{"embeddable":true,"href":"https:\/\/www.purejewels.com\/de\/wp-json\/wp\/v2\/media\/3673"}],"wp:attachment":[{"href":"https:\/\/www.purejewels.com\/de\/wp-json\/wp\/v2\/media?parent=3672"}],"wp:term":[{"taxonomy":"product_brand","embeddable":true,"href":"https:\/\/www.purejewels.com\/de\/wp-json\/wp\/v2\/product_brand?post=3672"},{"taxonomy":"product_cat","embeddable":true,"href":"https:\/\/www.purejewels.com\/de\/wp-json\/wp\/v2\/product_cat?post=3672"},{"taxonomy":"product_tag","embeddable":true,"href":"https:\/\/www.purejewels.com\/de\/wp-json\/wp\/v2\/product_tag?post=3672"}],"curies":[{"name":"wp","href":"https:\/\/api.w.org\/{rel}","templated":true}]}}