{"id":3676,"date":"2017-07-19T13:17:22","date_gmt":"2017-07-19T12:17:22","guid":{"rendered":"http:\/\/new.purejewels.com\/product\/jaipur\/"},"modified":"2021-06-28T18:36:05","modified_gmt":"2021-06-28T17:36:05","slug":"jaipur","status":"publish","type":"product","link":"https:\/\/www.purejewels.com\/de\/product\/jaipur\/","title":{"rendered":"Jaipur"},"content":{"rendered":"<p><strong><u>Beschreibung<\/u><\/strong><strong><br \/>\nJaipur Platin Verlobungsring mit Diamanten<\/strong><br \/>\nDieser charakteristische Verlobungsring ist von der prachtvollen Pracht des alten Jaipur inspiriert und wurde von uns entworfen und von Ihnen geliebt.  Er ist dekadent, romantisch und wird ihr garantiert den Atem rauben...<\/p>\n<ul>\n<li>Diamant im Kissenschliff<\/li>\n<li>Runde Brillanten in der Schulterfassung<\/li>\n<li>Erh\u00e4ltlich in einer Vielzahl von Karatgewichten<\/li>\n<\/ul>\n<p><strong>\u00dcber unsere Diamanten<\/strong><br \/>\nDie Wahl des Diamanten f\u00fcr Ihren Jaipur-Verlobungsring ist eine ernste Angelegenheit.  Es k\u00f6nnte der gr\u00f6\u00dfte Diamant sein, in den Sie jemals investieren werden.  Deshalb wird unser Experte einen bemerkenswerten, feurigen Diamanten ausw\u00e4hlen, der Ihren Anforderungen entspricht.  Es gibt vier Stufen der Auswahl:<\/p>\n<p>1 - Die Arbeit beginnt in einem der weltweit f\u00fchrenden Schleifzentren in Indien, das uns mit losen, ethisch einwandfreien Diamanten beliefert.<\/p>\n<p>2 - Jeder Diamant wird dann einzeln gepr\u00fcft und f\u00fcr seinen Zweck ausgew\u00e4hlt.  Es ist nicht so einfach, die Steine nach Gewicht, Reinheit und Farbe zu kategorisieren.  Jeder Diamant ist anders.  Unsere fachkundigen Eink\u00e4ufer suchen nach \"Feuer\" - der leuchtenden Qualit\u00e4t eines wirklich besonderen Diamanten.  Manchmal wird ein gr\u00f6\u00dferer Diamant zugunsten eines etwas kleineren Diamanten abgelehnt, weil der kleinere Stein mehr Pers\u00f6nlichkeit hat!<\/p>\n<p>3 - W\u00e4hlen Sie aus unserer kuratierten Auswahl an Verlobungsdiamanten die Gr\u00f6\u00dfe, Farbe und Reinheit aus, die Sie w\u00fcnschen (der Preis steigt mit zunehmender Skala), um einen Ring nach Ihren W\u00fcnschen und Ihrem Budget zu gestalten.<\/p>\n<p>4 - Alle unsere Diamanten mit einem Gewicht von 0,30 Karat und mehr werden von der GIA (der strengsten Pr\u00fcfstelle in den USA) gepr\u00fcft und zertifiziert.  Sie erhalten das Originalzertifikat zusammen mit dem Ring.<\/p>\n<p><strong>Der Jaipur Diamant-Verlobungsring<\/strong><strong><br \/>\n<\/strong>Das alte Indien ist die perfekte Inspirationsquelle f\u00fcr unsere charakteristischen Verlobungsringe.  Wir haben Jaipur - mit seinen romantischen, rosafarbenen Geb\u00e4uden - ausgew\u00e4hlt, weil es voller palastartiger Architektur und wundersch\u00f6ner Aussichten ist.  Ein idealer Ort, um Romantik zu feiern!   (Und was f\u00fcr eine sensationelle Wahl f\u00fcr die Flitterwochen....)<\/p>\n<p>Das Design mag nostalgisch sein, aber das k\u00fchle, gl\u00e4nzende Platin verleiht dem Jaipur-Verlobungsring ein modernes Flair.   (Er l\u00e4sst sich wunderbar mit einem Platin-Ehering oder einem <a href=\"https:\/\/www.purejewels.com\/de\/eternity-rings\/\">Ewigkeitsring<\/a>.)  Um diesen k\u00fchlen Glanz zu bewahren, wird jeder Verlobungsring aus unserer Kollektion lebenslang kostenlos gewartet.<\/p>\n<p>Doch die wahre Sch\u00f6nheit des Jaipur-Rings liegt in der reichlichen Verwendung von Diamanten: vom zentralen Stein im Kissenschliff bis zu den Brillantreihen, die sich entlang der Schultern fortsetzen, gibt es hier keinen Minimalismus. Und genau so sollte eine Verlobung sein!<\/p>\n<p>Um ihr das Gef\u00fchl zu geben, verw\u00f6hnt und mit Liebe \u00fcberh\u00e4uft zu werden, ist der Jaipur-Verlobungsring genau das Richtige.<\/p>\n<p><strong>Verlobungsringe aus Platin aus Indien<\/strong><br \/>\nWie unsere Diamanten kommen auch unsere Herzen aus Indien.  PureJewels ist ein Familienunternehmen mit indischem Erbe, das in den 1970er Jahren von unserem indischen Gro\u00dfvater gegr\u00fcndet und von den nachfolgenden Generationen modernisiert wurde.  Heute kreieren wir 22ct <a href=\"https:\/\/www.purejewels.com\/de\/product\/jali-collection-22ct-gold-bridal-kada\/\">Goldarmb\u00e4nder<\/a> und Ohrringe, klassische Mangalsutra und Platinringe in indischer Tradition. Alle unsere Platin-Verlobungsringe sind im indischen Stil gehalten: \u00fcppig, verschwenderisch und romantisch.<\/p>\n<p><strong>Platin Trauringe Indien<\/strong><br \/>\nWenn Sie einen Ehering aus Platin passend zu Ihrem Verlobungsring aus Platin w\u00fcnschen, fragen Sie uns einfach - Sie k\u00f6nnen den Live-Chat nutzen oder einen Termin im Gesch\u00e4ft vereinbaren.  Lassen Sie sich einen Platin-Ehering nach Ma\u00df (im indischen Stil) anfertigen oder w\u00e4hlen Sie aus unserem prestigetr\u00e4chtigen Sortiment von Christian Bauer.  Wenn Sie zu uns kommen, k\u00f6nnen Sie den Jaipur-Verlobungsring zusammen mit einem Platin-Ehering probieren und ein passendes Modell ausw\u00e4hlen.<\/p>\n<p><strong>Unsere Diamantringe und indischer Schmuck<\/strong><br \/>\nUnser kleines Designteam hat sich auf die Kreation von Schmuckst\u00fccken mit indischem Flair spezialisiert.  Inspiriert von der palastartigen Architektur Jaipurs, einem Mogul-Elefanten bei einer Prozession oder einem legend\u00e4ren indischen Pfau, weben sie Geschichten in jede Kollektion.  Kommen Sie in unseren Londoner Ausstellungsraum und entdecken Sie unsere Kollektionen an Diamantringen und indischem Schmuck.   Wir w\u00fcrden uns freuen, Sie bei uns begr\u00fc\u00dfen zu d\u00fcrfen und Ihnen dabei zu helfen, unsere Welt zu entdecken.<\/p>","protected":false},"excerpt":{"rendered":"<p>SKU: 70001<\/p>\n<p>Jaipur Verlobungsring<\/p>\n<p>In Platin<br \/>\nBesetzt mit einem Diamanten im Kissenschliff<br \/>\nRunde Brillanten in Schulterfassung<br \/>\nErh\u00e4ltlich in einer Vielzahl von Karatgewichten<\/p>\n<h3>Inspiration<\/h3>\n<p>Diamanten sind ewig, genau wie die ewige Liebe, w\u00e4hrend Platin f\u00fcr Reinheit, St\u00e4rke und wahre Liebe steht. Platin ist selten und verk\u00f6rpert die ewige Best\u00e4ndigkeit der Liebe, denn es beh\u00e4lt seinen Glanz und seine St\u00e4rke auch in den rauesten Zeiten und unter den h\u00e4rtesten Bedingungen, \u00e4hnlich wie Ihr wahres Liebesband.<\/p>\n<p>Der Platin-Trauring von Purejewels ist wie ein gesuchter, seltener und luxuri\u00f6ser Schatz. Er hat eine unverwechselbare Silhouette.<\/p>\n<h3>Stil<\/h3>\n<p>Der Platin-Trauring von Purejewels ist wie ein gesuchter, seltener und luxuri\u00f6ser Schatz. Unser au\u00dfergew\u00f6hnlicher Platinring ist ein Unikat und verk\u00f6rpert das reine Band der ewigen Liebe, damit sich Ihr besonderer Mensch besonders f\u00fchlt.<\/p>\n<h3>Gestaltung<\/h3>\n<p>Der strahlende Platinring ist zart mit brillanten, runden, schultergefassten Diamanten besetzt, die aus ethischen Quellen stammen. Die Silhouette des Eherings ist von den vielf\u00e4ltigen und reichen Palastb\u00f6gen der wundersch\u00f6nen Pink City of Jaipur inspiriert. Die Mitte des Traurings wird durch einen \u00fcppigen Diamanten im Kissenschliff veredelt, der von feinen runden Diamanten umgeben ist, w\u00e4hrend das strahlende Platinband von den vielf\u00e4ltigen und reichen Palastb\u00f6gen der wundersch\u00f6nen Pink City von Jaipur inspiriert ist.<\/p>\n<p>&nbsp;<\/p>","protected":false},"featured_media":4811,"comment_status":"closed","ping_status":"closed","template":"","meta":{"_eb_attr":"","_crsspst_to_jayantr4sg-hostcom":false},"product_brand":[],"product_cat":[236,231],"product_tag":[],"class_list":{"0":"post-3676","1":"product","2":"type-product","3":"status-publish","4":"has-post-thumbnail","6":"product_cat-collections","7":"product_cat-engagement-rings","9":"first","10":"outofstock","11":"product-type-simple","12":"add-to-wishlist-before_image"},"yoast_head":"<!-- This site is optimized with the Yoast SEO plugin v27.5 - https:\/\/yoast.com\/product\/yoast-seo-wordpress\/ -->\n<title>Jaipur platinum ring with diamonds - indian jewellery<\/title>\n<meta name=\"description\" content=\"Taking inspiration from the magnificent grandeur of old Jaipur, this signature engagement ring is designed by us, and beloved by you\" \/>\n<meta name=\"robots\" content=\"index, follow, max-snippet:-1, max-image-preview:large, max-video-preview:-1\" \/>\n<link rel=\"canonical\" href=\"https:\/\/www.purejewels.com\/de\/produkt-2\/jaipur\/\" \/>\n<meta property=\"og:locale\" content=\"de_DE\" \/>\n<meta property=\"og:type\" content=\"article\" \/>\n<meta property=\"og:title\" content=\"Jaipur platinum ring with diamonds - indian jewellery\" \/>\n<meta property=\"og:description\" content=\"Taking inspiration from the magnificent grandeur of old Jaipur, this signature engagement ring is designed by us, and beloved by you\" \/>\n<meta property=\"og:url\" content=\"https:\/\/www.purejewels.com\/de\/produkt-2\/jaipur\/\" \/>\n<meta property=\"og:site_name\" content=\"PureJewels UK\" \/>\n<meta property=\"article:modified_time\" content=\"2021-06-28T17:36:05+00:00\" \/>\n<meta property=\"og:image\" content=\"https:\/\/www.purejewels.com\/wp-content\/uploads\/2017\/07\/MughalJaipur.jpg\" \/>\n\t<meta property=\"og:image:width\" content=\"2362\" \/>\n\t<meta property=\"og:image:height\" content=\"2362\" \/>\n\t<meta property=\"og:image:type\" content=\"image\/jpeg\" \/>\n<meta name=\"twitter:card\" content=\"summary_large_image\" \/>\n<meta name=\"twitter:label1\" content=\"Gesch\u00e4tzte Lesezeit\" \/>\n\t<meta name=\"twitter:data1\" content=\"3\u00a0Minuten\" \/>\n<script type=\"application\/ld+json\" class=\"yoast-schema-graph\">{\"@context\":\"https:\\\/\\\/schema.org\",\"@graph\":[{\"@type\":[\"WebPage\",\"ItemPage\"],\"@id\":\"https:\\\/\\\/www.purejewels.com\\\/product\\\/jaipur\\\/\",\"url\":\"https:\\\/\\\/www.purejewels.com\\\/product\\\/jaipur\\\/\",\"name\":\"Jaipur platinum ring with diamonds - indian jewellery\",\"isPartOf\":{\"@id\":\"https:\\\/\\\/www.purejewels.com\\\/#website\"},\"primaryImageOfPage\":{\"@id\":\"https:\\\/\\\/www.purejewels.com\\\/product\\\/jaipur\\\/#primaryimage\"},\"image\":{\"@id\":\"https:\\\/\\\/www.purejewels.com\\\/product\\\/jaipur\\\/#primaryimage\"},\"thumbnailUrl\":\"https:\\\/\\\/static.purejewels.com\\\/wp-content\\\/uploads\\\/2017\\\/07\\\/MughalJaipur.jpg\",\"datePublished\":\"2017-07-19T12:17:22+00:00\",\"dateModified\":\"2021-06-28T17:36:05+00:00\",\"description\":\"Taking inspiration from the magnificent grandeur of old Jaipur, this signature engagement ring is designed by us, and beloved by you\",\"breadcrumb\":{\"@id\":\"https:\\\/\\\/www.purejewels.com\\\/product\\\/jaipur\\\/#breadcrumb\"},\"inLanguage\":\"de\",\"potentialAction\":[{\"@type\":\"ReadAction\",\"target\":[\"https:\\\/\\\/www.purejewels.com\\\/product\\\/jaipur\\\/\"]}]},{\"@type\":\"ImageObject\",\"inLanguage\":\"de\",\"@id\":\"https:\\\/\\\/www.purejewels.com\\\/product\\\/jaipur\\\/#primaryimage\",\"url\":\"https:\\\/\\\/static.purejewels.com\\\/wp-content\\\/uploads\\\/2017\\\/07\\\/MughalJaipur.jpg\",\"contentUrl\":\"https:\\\/\\\/static.purejewels.com\\\/wp-content\\\/uploads\\\/2017\\\/07\\\/MughalJaipur.jpg\",\"width\":2362,\"height\":2362,\"caption\":\"MughalJaipur\"},{\"@type\":\"BreadcrumbList\",\"@id\":\"https:\\\/\\\/www.purejewels.com\\\/product\\\/jaipur\\\/#breadcrumb\",\"itemListElement\":[{\"@type\":\"ListItem\",\"position\":1,\"name\":\"Home\",\"item\":\"https:\\\/\\\/www.purejewels.com\\\/\"},{\"@type\":\"ListItem\",\"position\":2,\"name\":\"Shop\",\"item\":\"https:\\\/\\\/www.purejewels.com\\\/shop\\\/\"},{\"@type\":\"ListItem\",\"position\":3,\"name\":\"Jaipur\"}]},{\"@type\":\"WebSite\",\"@id\":\"https:\\\/\\\/www.purejewels.com\\\/#website\",\"url\":\"https:\\\/\\\/www.purejewels.com\\\/\",\"name\":\"PureJewels UK\",\"description\":\"Share the Love\",\"publisher\":{\"@id\":\"https:\\\/\\\/www.purejewels.com\\\/#organization\"},\"potentialAction\":[{\"@type\":\"SearchAction\",\"target\":{\"@type\":\"EntryPoint\",\"urlTemplate\":\"https:\\\/\\\/www.purejewels.com\\\/?s={search_term_string}\"},\"query-input\":{\"@type\":\"PropertyValueSpecification\",\"valueRequired\":true,\"valueName\":\"search_term_string\"}}],\"inLanguage\":\"de\"},{\"@type\":\"Organization\",\"@id\":\"https:\\\/\\\/www.purejewels.com\\\/#organization\",\"name\":\"PureJewels UK\",\"url\":\"https:\\\/\\\/www.purejewels.com\\\/\",\"logo\":{\"@type\":\"ImageObject\",\"inLanguage\":\"de\",\"@id\":\"https:\\\/\\\/www.purejewels.com\\\/#\\\/schema\\\/logo\\\/image\\\/\",\"url\":\"https:\\\/\\\/static.purejewels.com\\\/wp-content\\\/uploads\\\/2020\\\/11\\\/Logo-PJ-New-1.png\",\"contentUrl\":\"https:\\\/\\\/static.purejewels.com\\\/wp-content\\\/uploads\\\/2020\\\/11\\\/Logo-PJ-New-1.png\",\"width\":150,\"height\":80,\"caption\":\"PureJewels UK\"},\"image\":{\"@id\":\"https:\\\/\\\/www.purejewels.com\\\/#\\\/schema\\\/logo\\\/image\\\/\"}}]}<\/script>\n<!-- \/ Yoast SEO plugin. -->","yoast_head_json":{"title":"Jaipur Platinring mit Diamanten - Indischer Schmuck","description":"Dieser charakteristische Verlobungsring ist von der prachtvollen Pracht des alten Jaipur inspiriert und wurde von uns entworfen und von Ihnen geliebt.","robots":{"index":"index","follow":"follow","max-snippet":"max-snippet:-1","max-image-preview":"max-image-preview:large","max-video-preview":"max-video-preview:-1"},"canonical":"https:\/\/www.purejewels.com\/de\/produkt-2\/jaipur\/","og_locale":"de_DE","og_type":"article","og_title":"Jaipur platinum ring with diamonds - indian jewellery","og_description":"Taking inspiration from the magnificent grandeur of old Jaipur, this signature engagement ring is designed by us, and beloved by you","og_url":"https:\/\/www.purejewels.com\/de\/produkt-2\/jaipur\/","og_site_name":"PureJewels UK","article_modified_time":"2021-06-28T17:36:05+00:00","og_image":[{"width":2362,"height":2362,"url":"https:\/\/www.purejewels.com\/wp-content\/uploads\/2017\/07\/MughalJaipur.jpg","type":"image\/jpeg"}],"twitter_card":"summary_large_image","twitter_misc":{"Gesch\u00e4tzte Lesezeit":"3\u00a0Minuten"},"schema":{"@context":"https:\/\/schema.org","@graph":[{"@type":["WebPage","ItemPage"],"@id":"https:\/\/www.purejewels.com\/product\/jaipur\/","url":"https:\/\/www.purejewels.com\/product\/jaipur\/","name":"Jaipur Platinring mit Diamanten - Indischer Schmuck","isPartOf":{"@id":"https:\/\/www.purejewels.com\/#website"},"primaryImageOfPage":{"@id":"https:\/\/www.purejewels.com\/product\/jaipur\/#primaryimage"},"image":{"@id":"https:\/\/www.purejewels.com\/product\/jaipur\/#primaryimage"},"thumbnailUrl":"https:\/\/static.purejewels.com\/wp-content\/uploads\/2017\/07\/MughalJaipur.jpg","datePublished":"2017-07-19T12:17:22+00:00","dateModified":"2021-06-28T17:36:05+00:00","description":"Dieser charakteristische Verlobungsring ist von der prachtvollen Pracht des alten Jaipur inspiriert und wurde von uns entworfen und von Ihnen geliebt.","breadcrumb":{"@id":"https:\/\/www.purejewels.com\/product\/jaipur\/#breadcrumb"},"inLanguage":"de","potentialAction":[{"@type":"ReadAction","target":["https:\/\/www.purejewels.com\/product\/jaipur\/"]}]},{"@type":"ImageObject","inLanguage":"de","@id":"https:\/\/www.purejewels.com\/product\/jaipur\/#primaryimage","url":"https:\/\/static.purejewels.com\/wp-content\/uploads\/2017\/07\/MughalJaipur.jpg","contentUrl":"https:\/\/static.purejewels.com\/wp-content\/uploads\/2017\/07\/MughalJaipur.jpg","width":2362,"height":2362,"caption":"MughalJaipur"},{"@type":"BreadcrumbList","@id":"https:\/\/www.purejewels.com\/product\/jaipur\/#breadcrumb","itemListElement":[{"@type":"ListItem","position":1,"name":"Home","item":"https:\/\/www.purejewels.com\/"},{"@type":"ListItem","position":2,"name":"Shop","item":"https:\/\/www.purejewels.com\/shop\/"},{"@type":"ListItem","position":3,"name":"Jaipur"}]},{"@type":"WebSite","@id":"https:\/\/www.purejewels.com\/#website","url":"https:\/\/www.purejewels.com\/","name":"PureJewels UK","description":"Teile die Liebe","publisher":{"@id":"https:\/\/www.purejewels.com\/#organization"},"potentialAction":[{"@type":"SearchAction","target":{"@type":"EntryPoint","urlTemplate":"https:\/\/www.purejewels.com\/?s={search_term_string}"},"query-input":{"@type":"PropertyValueSpecification","valueRequired":true,"valueName":"search_term_string"}}],"inLanguage":"de"},{"@type":"Organization","@id":"https:\/\/www.purejewels.com\/#organization","name":"PureJewels UK","url":"https:\/\/www.purejewels.com\/","logo":{"@type":"ImageObject","inLanguage":"de","@id":"https:\/\/www.purejewels.com\/#\/schema\/logo\/image\/","url":"https:\/\/static.purejewels.com\/wp-content\/uploads\/2020\/11\/Logo-PJ-New-1.png","contentUrl":"https:\/\/static.purejewels.com\/wp-content\/uploads\/2020\/11\/Logo-PJ-New-1.png","width":150,"height":80,"caption":"PureJewels UK"},"image":{"@id":"https:\/\/www.purejewels.com\/#\/schema\/logo\/image\/"}}]}},"_links":{"self":[{"href":"https:\/\/www.purejewels.com\/de\/wp-json\/wp\/v2\/product\/3676","targetHints":{"allow":["GET"]}}],"collection":[{"href":"https:\/\/www.purejewels.com\/de\/wp-json\/wp\/v2\/product"}],"about":[{"href":"https:\/\/www.purejewels.com\/de\/wp-json\/wp\/v2\/types\/product"}],"replies":[{"embeddable":true,"href":"https:\/\/www.purejewels.com\/de\/wp-json\/wp\/v2\/comments?post=3676"}],"version-history":[{"count":0,"href":"https:\/\/www.purejewels.com\/de\/wp-json\/wp\/v2\/product\/3676\/revisions"}],"wp:featuredmedia":[{"embeddable":true,"href":"https:\/\/www.purejewels.com\/de\/wp-json\/wp\/v2\/media\/4811"}],"wp:attachment":[{"href":"https:\/\/www.purejewels.com\/de\/wp-json\/wp\/v2\/media?parent=3676"}],"wp:term":[{"taxonomy":"product_brand","embeddable":true,"href":"https:\/\/www.purejewels.com\/de\/wp-json\/wp\/v2\/product_brand?post=3676"},{"taxonomy":"product_cat","embeddable":true,"href":"https:\/\/www.purejewels.com\/de\/wp-json\/wp\/v2\/product_cat?post=3676"},{"taxonomy":"product_tag","embeddable":true,"href":"https:\/\/www.purejewels.com\/de\/wp-json\/wp\/v2\/product_tag?post=3676"}],"curies":[{"name":"wp","href":"https:\/\/api.w.org\/{rel}","templated":true}]}}