{"id":367926,"date":"2024-06-24T10:21:55","date_gmt":"2024-06-24T09:21:55","guid":{"rendered":"https:\/\/www.purejewels.com\/?post_type=product&#038;p=367926"},"modified":"2025-06-10T09:31:21","modified_gmt":"2025-06-10T08:31:21","slug":"gedrehter-ring-aus-22-karat-gold-49071","status":"publish","type":"product","link":"https:\/\/www.purejewels.com\/de\/product\/twisted-ring-in-22ct-gold-49071\/","title":{"rendered":"Gedrehter Ring aus 22 Karat Gold | Gr\u00f6\u00dfe Q"},"content":{"rendered":"<p data-sourcepos=\"5:1-5:244\">Dieser mit viel Liebe zum Detail gefertigte Ring besticht durch sein verschlungenes Design, das Raffinesse und Stil ausstrahlt. Der reine <a href=\"https:\/\/www.purejewels.com\/de\/product\/22ct-gold-jali-filigree-ring-jali-collection-31926\/\">22ct<\/a> Gold verleiht ihm einen luxuri\u00f6sen Glanz und macht ihn zu einem Highlight, das jedes Outfit m\u00fchelos erg\u00e4nzt.<\/p>\n<p data-sourcepos=\"7:1-7:226\">Die Gr\u00f6\u00dfe Q ist so konzipiert, dass sie an den meisten Fingern bequem sitzt und eine perfekte Passform gew\u00e4hrleistet. <span class=\"citation-0 citation-end-0\">Ob Sie sich f\u00fcr einen besonderen Anlass herausputzen oder Ihrem Alltagslook einen Hauch von Glamour verleihen wollen, dieser Ring ist die perfekte Wahl.<\/span><\/p>\n<p data-sourcepos=\"9:1-9:104\">Erleben Sie den Luxus von reinem Gold und werten Sie Ihre Schmucksammlung mit diesem exquisiten gedrehten Ring auf.<\/p>","protected":false},"excerpt":{"rendered":"<table style=\"border-collapse: collapse; width: 100%; height: 196px;\">\n<tbody>\n<tr style=\"height: 28px;\">\n<td style=\"width: 22.5%; height: 28px;\">Typ des Rings<\/td>\n<td style=\"width: 77.5%; height: 28px;\">22ct Sonnenaufgang Gold Ring<\/td>\n<\/tr>\n<tr style=\"height: 28px;\">\n<td style=\"width: 22.5%; height: 28px;\">SKU<\/td>\n<td style=\"width: 77.5%; height: 28px;\">49071<\/td>\n<\/tr>\n<tr style=\"height: 28px;\">\n<td style=\"width: 22.5%; height: 28px;\">Gewicht<\/td>\n<td style=\"width: 77.5%; height: 28px;\">1.7gms<\/td>\n<\/tr>\n<tr style=\"height: 28px;\">\n<td style=\"width: 22.5%; height: 28px;\">Breite<\/td>\n<td style=\"width: 77.5%; height: 28px;\">1,5 mm<\/td>\n<\/tr>\n<tr style=\"height: 28px;\">\n<td style=\"width: 22.5%; height: 28px;\">Ringgr\u00f6\u00dfe<\/td>\n<td style=\"width: 77.5%; height: 28px;\">Q<\/td>\n<\/tr>\n<tr style=\"height: 28px;\">\n<td style=\"width: 22.5%; height: 28px;\">Metall<\/td>\n<td style=\"width: 77.5%; height: 28px;\">22ct Sonnenaufgang Gold<\/td>\n<\/tr>\n<tr style=\"height: 28px;\">\n<td style=\"width: 22.5%; height: 28px;\">Entgelte<\/td>\n<td style=\"width: 77.5%; height: 28px;\">Lieferung und Mehrwertsteuer inbegriffen<\/td>\n<\/tr>\n<tr style=\"height: 28px;\">\n<td style=\"width: 22.5%; height: 28px;\">Verpackung<\/td>\n<td style=\"width: 77.5%; height: 28px;\">Mit Pr\u00e4sentationsbox<\/td>\n<\/tr>\n<tr>\n<td style=\"width: 22.5%;\">Mehr Informationen<\/td>\n<td style=\"width: 77.5%;\">Live-Chat mit uns f\u00fcr Verf\u00fcgbarkeit und mehr Bilder<\/td>\n<\/tr>\n<\/tbody>\n<\/table>","protected":false},"featured_media":367915,"comment_status":"closed","ping_status":"closed","template":"","meta":{"_eb_attr":"","_crsspst_to_jayantr4sg-hostcom":false},"product_brand":[],"product_cat":[1791,1559,1785,1229,1235,1783,1570,1574],"product_tag":[64],"class_list":{"0":"post-367926","1":"product","2":"type-product","3":"status-publish","4":"has-post-thumbnail","6":"product_cat-anniversary-gifts","7":"product_cat-birthday-gifts","8":"product_cat-daily-wear-rings","9":"product_cat-22ct-gold-jewellery","10":"product_cat-gold-rings","11":"product_cat-ladies-rings","12":"product_cat-mothers-day-gifts","13":"product_cat-womens-jewellery","14":"product_tag-rings","16":"first","17":"onbackorder","18":"taxable","19":"shipping-taxable","20":"product-type-simple","21":"add-to-wishlist-before_image"},"yoast_head":"<!-- This site is optimized with the Yoast SEO plugin v27.4 - https:\/\/yoast.com\/product\/yoast-seo-wordpress\/ -->\n<title>Women&#039;s 22ct Gold Twisted Ring | Size Q | PureJewels UK<\/title>\n<meta name=\"description\" content=\"Discover the allure of our 22ct Gold Twisted Ring in size Q. This elegant piece features a captivating twisted design that adds a touch of modern sophistication to your look.\" \/>\n<meta name=\"robots\" content=\"index, follow, max-snippet:-1, max-image-preview:large, max-video-preview:-1\" \/>\n<link rel=\"canonical\" href=\"https:\/\/www.purejewels.com\/de\/produkt-2\/gedrehter-ring-aus-22-karat-gold-49071\/\" \/>\n<meta property=\"og:locale\" content=\"de_DE\" \/>\n<meta property=\"og:type\" content=\"article\" \/>\n<meta property=\"og:title\" content=\"Women&#039;s 22ct Gold Twisted Ring | Size Q | PureJewels UK\" \/>\n<meta property=\"og:description\" content=\"Discover the allure of our 22ct Gold Twisted Ring in size Q. This elegant piece features a captivating twisted design that adds a touch of modern sophistication to your look.\" \/>\n<meta property=\"og:url\" content=\"https:\/\/www.purejewels.com\/de\/produkt-2\/gedrehter-ring-aus-22-karat-gold-49071\/\" \/>\n<meta property=\"og:site_name\" content=\"PureJewels UK\" \/>\n<meta property=\"article:modified_time\" content=\"2025-06-10T08:31:21+00:00\" \/>\n<meta property=\"og:image\" content=\"https:\/\/www.purejewels.com\/wp-content\/uploads\/2024\/07\/47527-1.png\" \/>\n\t<meta property=\"og:image:width\" content=\"1000\" \/>\n\t<meta property=\"og:image:height\" content=\"1000\" \/>\n\t<meta property=\"og:image:type\" content=\"image\/png\" \/>\n<meta name=\"twitter:card\" content=\"summary_large_image\" \/>\n<meta name=\"twitter:label1\" content=\"Gesch\u00e4tzte Lesezeit\" \/>\n\t<meta name=\"twitter:data1\" content=\"1\u00a0Minute\" \/>\n<script type=\"application\/ld+json\" class=\"yoast-schema-graph\">{\"@context\":\"https:\\\/\\\/schema.org\",\"@graph\":[{\"@type\":[\"WebPage\",\"ItemPage\"],\"@id\":\"https:\\\/\\\/www.purejewels.com\\\/product\\\/twisted-ring-in-22ct-gold-49071\\\/\",\"url\":\"https:\\\/\\\/www.purejewels.com\\\/product\\\/twisted-ring-in-22ct-gold-49071\\\/\",\"name\":\"Women's 22ct Gold Twisted Ring | Size Q | PureJewels UK\",\"isPartOf\":{\"@id\":\"https:\\\/\\\/www.purejewels.com\\\/#website\"},\"primaryImageOfPage\":{\"@id\":\"https:\\\/\\\/www.purejewels.com\\\/product\\\/twisted-ring-in-22ct-gold-49071\\\/#primaryimage\"},\"image\":{\"@id\":\"https:\\\/\\\/www.purejewels.com\\\/product\\\/twisted-ring-in-22ct-gold-49071\\\/#primaryimage\"},\"thumbnailUrl\":\"https:\\\/\\\/static.purejewels.com\\\/wp-content\\\/uploads\\\/2024\\\/07\\\/47527-1.png\",\"datePublished\":\"2024-06-24T09:21:55+00:00\",\"dateModified\":\"2025-06-10T08:31:21+00:00\",\"description\":\"Discover the allure of our 22ct Gold Twisted Ring in size Q. This elegant piece features a captivating twisted design that adds a touch of modern sophistication to your look.\",\"breadcrumb\":{\"@id\":\"https:\\\/\\\/www.purejewels.com\\\/product\\\/twisted-ring-in-22ct-gold-49071\\\/#breadcrumb\"},\"inLanguage\":\"de\",\"potentialAction\":[{\"@type\":\"ReadAction\",\"target\":[\"https:\\\/\\\/www.purejewels.com\\\/product\\\/twisted-ring-in-22ct-gold-49071\\\/\"]}]},{\"@type\":\"ImageObject\",\"inLanguage\":\"de\",\"@id\":\"https:\\\/\\\/www.purejewels.com\\\/product\\\/twisted-ring-in-22ct-gold-49071\\\/#primaryimage\",\"url\":\"https:\\\/\\\/static.purejewels.com\\\/wp-content\\\/uploads\\\/2024\\\/07\\\/47527-1.png\",\"contentUrl\":\"https:\\\/\\\/static.purejewels.com\\\/wp-content\\\/uploads\\\/2024\\\/07\\\/47527-1.png\",\"width\":1000,\"height\":1000,\"caption\":\"22ct Gold Twisted Ring\"},{\"@type\":\"BreadcrumbList\",\"@id\":\"https:\\\/\\\/www.purejewels.com\\\/product\\\/twisted-ring-in-22ct-gold-49071\\\/#breadcrumb\",\"itemListElement\":[{\"@type\":\"ListItem\",\"position\":1,\"name\":\"Home\",\"item\":\"https:\\\/\\\/www.purejewels.com\\\/\"},{\"@type\":\"ListItem\",\"position\":2,\"name\":\"Shop\",\"item\":\"https:\\\/\\\/www.purejewels.com\\\/shop\\\/\"},{\"@type\":\"ListItem\",\"position\":3,\"name\":\"Twisted Ring in 22ct Gold | Size Q\"}]},{\"@type\":\"WebSite\",\"@id\":\"https:\\\/\\\/www.purejewels.com\\\/#website\",\"url\":\"https:\\\/\\\/www.purejewels.com\\\/\",\"name\":\"PureJewels UK\",\"description\":\"Share the Love\",\"publisher\":{\"@id\":\"https:\\\/\\\/www.purejewels.com\\\/#organization\"},\"potentialAction\":[{\"@type\":\"SearchAction\",\"target\":{\"@type\":\"EntryPoint\",\"urlTemplate\":\"https:\\\/\\\/www.purejewels.com\\\/?s={search_term_string}\"},\"query-input\":{\"@type\":\"PropertyValueSpecification\",\"valueRequired\":true,\"valueName\":\"search_term_string\"}}],\"inLanguage\":\"de\"},{\"@type\":\"Organization\",\"@id\":\"https:\\\/\\\/www.purejewels.com\\\/#organization\",\"name\":\"PureJewels UK\",\"url\":\"https:\\\/\\\/www.purejewels.com\\\/\",\"logo\":{\"@type\":\"ImageObject\",\"inLanguage\":\"de\",\"@id\":\"https:\\\/\\\/www.purejewels.com\\\/#\\\/schema\\\/logo\\\/image\\\/\",\"url\":\"https:\\\/\\\/static.purejewels.com\\\/wp-content\\\/uploads\\\/2020\\\/11\\\/Logo-PJ-New-1.png\",\"contentUrl\":\"https:\\\/\\\/static.purejewels.com\\\/wp-content\\\/uploads\\\/2020\\\/11\\\/Logo-PJ-New-1.png\",\"width\":150,\"height\":80,\"caption\":\"PureJewels UK\"},\"image\":{\"@id\":\"https:\\\/\\\/www.purejewels.com\\\/#\\\/schema\\\/logo\\\/image\\\/\"}}]}<\/script>\n<!-- \/ Yoast SEO plugin. -->","yoast_head_json":{"title":"Damen 22ct Gold Twisted Ring | Gr\u00f6\u00dfe Q | PureJewels UK","description":"Entdecken Sie die Anziehungskraft unseres 22-kar\u00e4tigen Goldrings in Gr\u00f6\u00dfe Q. Dieses elegante St\u00fcck besticht durch sein gedrehtes Design, das Ihrem Look einen Hauch von moderner Raffinesse verleiht.","robots":{"index":"index","follow":"follow","max-snippet":"max-snippet:-1","max-image-preview":"max-image-preview:large","max-video-preview":"max-video-preview:-1"},"canonical":"https:\/\/www.purejewels.com\/de\/produkt-2\/gedrehter-ring-aus-22-karat-gold-49071\/","og_locale":"de_DE","og_type":"article","og_title":"Women's 22ct Gold Twisted Ring | Size Q | PureJewels UK","og_description":"Discover the allure of our 22ct Gold Twisted Ring in size Q. This elegant piece features a captivating twisted design that adds a touch of modern sophistication to your look.","og_url":"https:\/\/www.purejewels.com\/de\/produkt-2\/gedrehter-ring-aus-22-karat-gold-49071\/","og_site_name":"PureJewels UK","article_modified_time":"2025-06-10T08:31:21+00:00","og_image":[{"width":1000,"height":1000,"url":"https:\/\/www.purejewels.com\/wp-content\/uploads\/2024\/07\/47527-1.png","type":"image\/png"}],"twitter_card":"summary_large_image","twitter_misc":{"Gesch\u00e4tzte Lesezeit":"1\u00a0Minute"},"schema":{"@context":"https:\/\/schema.org","@graph":[{"@type":["WebPage","ItemPage"],"@id":"https:\/\/www.purejewels.com\/product\/twisted-ring-in-22ct-gold-49071\/","url":"https:\/\/www.purejewels.com\/product\/twisted-ring-in-22ct-gold-49071\/","name":"Damen 22ct Gold Twisted Ring | Gr\u00f6\u00dfe Q | PureJewels UK","isPartOf":{"@id":"https:\/\/www.purejewels.com\/#website"},"primaryImageOfPage":{"@id":"https:\/\/www.purejewels.com\/product\/twisted-ring-in-22ct-gold-49071\/#primaryimage"},"image":{"@id":"https:\/\/www.purejewels.com\/product\/twisted-ring-in-22ct-gold-49071\/#primaryimage"},"thumbnailUrl":"https:\/\/static.purejewels.com\/wp-content\/uploads\/2024\/07\/47527-1.png","datePublished":"2024-06-24T09:21:55+00:00","dateModified":"2025-06-10T08:31:21+00:00","description":"Entdecken Sie die Anziehungskraft unseres 22-kar\u00e4tigen Goldrings in Gr\u00f6\u00dfe Q. Dieses elegante St\u00fcck besticht durch sein gedrehtes Design, das Ihrem Look einen Hauch von moderner Raffinesse verleiht.","breadcrumb":{"@id":"https:\/\/www.purejewels.com\/product\/twisted-ring-in-22ct-gold-49071\/#breadcrumb"},"inLanguage":"de","potentialAction":[{"@type":"ReadAction","target":["https:\/\/www.purejewels.com\/product\/twisted-ring-in-22ct-gold-49071\/"]}]},{"@type":"ImageObject","inLanguage":"de","@id":"https:\/\/www.purejewels.com\/product\/twisted-ring-in-22ct-gold-49071\/#primaryimage","url":"https:\/\/static.purejewels.com\/wp-content\/uploads\/2024\/07\/47527-1.png","contentUrl":"https:\/\/static.purejewels.com\/wp-content\/uploads\/2024\/07\/47527-1.png","width":1000,"height":1000,"caption":"22ct Gold Twisted Ring"},{"@type":"BreadcrumbList","@id":"https:\/\/www.purejewels.com\/product\/twisted-ring-in-22ct-gold-49071\/#breadcrumb","itemListElement":[{"@type":"ListItem","position":1,"name":"Home","item":"https:\/\/www.purejewels.com\/"},{"@type":"ListItem","position":2,"name":"Shop","item":"https:\/\/www.purejewels.com\/shop\/"},{"@type":"ListItem","position":3,"name":"Twisted Ring in 22ct Gold | Size Q"}]},{"@type":"WebSite","@id":"https:\/\/www.purejewels.com\/#website","url":"https:\/\/www.purejewels.com\/","name":"PureJewels UK","description":"Teile die Liebe","publisher":{"@id":"https:\/\/www.purejewels.com\/#organization"},"potentialAction":[{"@type":"SearchAction","target":{"@type":"EntryPoint","urlTemplate":"https:\/\/www.purejewels.com\/?s={search_term_string}"},"query-input":{"@type":"PropertyValueSpecification","valueRequired":true,"valueName":"search_term_string"}}],"inLanguage":"de"},{"@type":"Organization","@id":"https:\/\/www.purejewels.com\/#organization","name":"PureJewels UK","url":"https:\/\/www.purejewels.com\/","logo":{"@type":"ImageObject","inLanguage":"de","@id":"https:\/\/www.purejewels.com\/#\/schema\/logo\/image\/","url":"https:\/\/static.purejewels.com\/wp-content\/uploads\/2020\/11\/Logo-PJ-New-1.png","contentUrl":"https:\/\/static.purejewels.com\/wp-content\/uploads\/2020\/11\/Logo-PJ-New-1.png","width":150,"height":80,"caption":"PureJewels UK"},"image":{"@id":"https:\/\/www.purejewels.com\/#\/schema\/logo\/image\/"}}]}},"_links":{"self":[{"href":"https:\/\/www.purejewels.com\/de\/wp-json\/wp\/v2\/product\/367926","targetHints":{"allow":["GET"]}}],"collection":[{"href":"https:\/\/www.purejewels.com\/de\/wp-json\/wp\/v2\/product"}],"about":[{"href":"https:\/\/www.purejewels.com\/de\/wp-json\/wp\/v2\/types\/product"}],"replies":[{"embeddable":true,"href":"https:\/\/www.purejewels.com\/de\/wp-json\/wp\/v2\/comments?post=367926"}],"version-history":[{"count":2,"href":"https:\/\/www.purejewels.com\/de\/wp-json\/wp\/v2\/product\/367926\/revisions"}],"predecessor-version":[{"id":367928,"href":"https:\/\/www.purejewels.com\/de\/wp-json\/wp\/v2\/product\/367926\/revisions\/367928"}],"wp:featuredmedia":[{"embeddable":true,"href":"https:\/\/www.purejewels.com\/de\/wp-json\/wp\/v2\/media\/367915"}],"wp:attachment":[{"href":"https:\/\/www.purejewels.com\/de\/wp-json\/wp\/v2\/media?parent=367926"}],"wp:term":[{"taxonomy":"product_brand","embeddable":true,"href":"https:\/\/www.purejewels.com\/de\/wp-json\/wp\/v2\/product_brand?post=367926"},{"taxonomy":"product_cat","embeddable":true,"href":"https:\/\/www.purejewels.com\/de\/wp-json\/wp\/v2\/product_cat?post=367926"},{"taxonomy":"product_tag","embeddable":true,"href":"https:\/\/www.purejewels.com\/de\/wp-json\/wp\/v2\/product_tag?post=367926"}],"curies":[{"name":"wp","href":"https:\/\/api.w.org\/{rel}","templated":true}]}}