{"id":3682,"date":"2017-07-19T13:17:27","date_gmt":"2017-07-19T12:17:27","guid":{"rendered":"http:\/\/new.purejewels.com\/product\/lotus-six-prongs\/"},"modified":"2026-02-18T12:47:40","modified_gmt":"2026-02-18T12:47:40","slug":"lotos-sechs-zacken","status":"publish","type":"product","link":"https:\/\/www.purejewels.com\/de\/product\/lotus-six-prongs\/","title":{"rendered":"Diamant Blume Ring"},"content":{"rendered":"<p>Lotus Verlobungsring<\/p>\n<p>In Platin<br \/>\nMit einem runden Diamanten in der Mitte besetzt<br \/>\nErh\u00e4ltlich in einer Vielzahl von Karatgewichten in Platin<\/p>","protected":false},"excerpt":{"rendered":"<p>Lotus Verlobungsring<\/p>\n<p>In Platin<br \/>\nMit einem runden Diamanten in der Mitte besetzt<br \/>\nErh\u00e4ltlich in einer Vielzahl von Karatgewichten in Platin<\/p>\n<p>Die Erscheinung des sch\u00f6nen Lotus in einem tr\u00fcben See ist atemberaubend. Es ist ein bisschen wie im richtigen Leben, wenn aus gew\u00f6hnlichen, graublauen Umst\u00e4nden Liebesgeschichten entstehen. Wenn Ihre Liebe unerwartet war - und in Sch\u00f6nheit erbl\u00fcht ist - dann ist unser Lotus-Verlobungsring aus Platin einfach perfekt. Diese elegante Version tr\u00e4gt einen einzelnen Brillanten auf Platinschultern. Er zieht mit seiner Schlichtheit die Aufmerksamkeit auf sich und zeigt sein Erbe in den kleinsten Details.<\/p>\n<h2>LOTUS-VERLOBUNGSRING AUS PLATIN.<\/h2>\n<p>DIE DETAILS:<\/p>\n<ul>\n<li>Kommen Sie in unser Gesch\u00e4ft und entscheiden Sie, welches Karat und welche Reinheit des Diamanten Sie w\u00fcnschen. Oder senden Sie uns online eine Nachricht und unser Juweliermeister w\u00e4hlt den hellsten und sch\u00f6nsten Diamanten aus dem Lagerbestand aus.<\/li>\n<li>Wir k\u00f6nnen jeden Diamanten bis zu seinem Ursprung zur\u00fcckverfolgen - er stammt aus einem der besten Schleifzentren der Welt in Surat, Indien. *Der Lotus ist einer unserer hauseigenen, charakteristischen Platin-Verlobungsringe. Er wurde von unserem Team entworfen und in Gro\u00dfbritannien hergestellt.<\/li>\n<li>Dieser Solit\u00e4r aus Platin mit sechs Zacken ist ideal, um einen auff\u00e4lligen Diamanten zu pr\u00e4sentieren. Die Serie umfasst auch einen Solit\u00e4r mit Pave-Diamanten und einen Verlobungsring mit Halo-Diamanten aus Platin.<\/li>\n<\/ul>","protected":false},"featured_media":4805,"comment_status":"closed","ping_status":"closed","template":"","meta":{"_eb_attr":"","_crsspst_to_jayantr4sg-hostcom":false},"product_brand":[],"product_cat":[1796,231],"product_tag":[],"class_list":{"0":"post-3682","1":"product","2":"type-product","3":"status-publish","4":"has-post-thumbnail","6":"product_cat-diamond-rings","7":"product_cat-engagement-rings","9":"first","10":"outofstock","11":"product-type-simple","12":"add-to-wishlist-before_image"},"yoast_head":"<!-- This site is optimized with the Yoast SEO plugin v27.3 - https:\/\/yoast.com\/product\/yoast-seo-wordpress\/ -->\n<title>Diamond Blume Ring - PureJewels UK<\/title>\n<meta name=\"robots\" content=\"index, follow, max-snippet:-1, max-image-preview:large, max-video-preview:-1\" \/>\n<link rel=\"canonical\" href=\"https:\/\/www.purejewels.com\/de\/produkt-2\/lotos-sechs-zacken\/\" \/>\n<meta property=\"og:locale\" content=\"de_DE\" \/>\n<meta property=\"og:type\" content=\"article\" \/>\n<meta property=\"og:title\" content=\"Diamond Blume Ring - PureJewels UK\" \/>\n<meta property=\"og:description\" content=\"Lotus Engagement Ring  In platinum Set with a centre round diamond Available in a variety of carat weights in platinum  The appearance of the beautiful lotus in a murky lake is breathtaking. It&#039;s a bit like real life, when love stories emerge from ordinary, grey-blue circumstances. If your love was unexpected - and has bloomed in beauty - then our signature Lotus platinum engagement ring is simply perfect. This elegant version carries a single, brilliant diamond on platinum shoulders. It draws attention with its simplicity, and displays its heritage in the smallest details. LOTUS PLATINUM ENGAGEMENT RING. THE DETAILS:   Come into store and decide what carat and clarity of diamond you&#039;d like. Or message us online and our master jeweller will select the brightest, most captivating diamond from stock.  We can trace every diamond back to its source - they come from one of the world&#039;s very best cutting centres in Surat, India. *The Lotus is one of our in-house, signature platinum engagement rings. It is designed by our team and created in the UK.  This six-prong platinum solitaire is ideal for displaying a showy diamond. In the range, there&#039;s also a pave diamond solitaire and a halo diamond platinum engagement ring.\" \/>\n<meta property=\"og:url\" content=\"https:\/\/www.purejewels.com\/de\/produkt-2\/lotos-sechs-zacken\/\" \/>\n<meta property=\"og:site_name\" content=\"PureJewels UK\" \/>\n<meta property=\"article:modified_time\" content=\"2026-02-18T12:47:40+00:00\" \/>\n<meta property=\"og:image\" content=\"https:\/\/static.purejewels.com\/wp-content\/uploads\/2017\/07\/Platinum-engagement-ring-lotus-6-scaled.jpg\" \/>\n\t<meta property=\"og:image:width\" content=\"2560\" \/>\n\t<meta property=\"og:image:height\" content=\"2560\" \/>\n\t<meta property=\"og:image:type\" content=\"image\/jpeg\" \/>\n<meta name=\"twitter:card\" content=\"summary_large_image\" \/>\n<meta name=\"twitter:label1\" content=\"Gesch\u00e4tzte Lesezeit\" \/>\n\t<meta name=\"twitter:data1\" content=\"1\u00a0Minute\" \/>\n<script type=\"application\/ld+json\" class=\"yoast-schema-graph\">{\"@context\":\"https:\\\/\\\/schema.org\",\"@graph\":[{\"@type\":[\"WebPage\",\"ItemPage\"],\"@id\":\"https:\\\/\\\/www.purejewels.com\\\/product\\\/lotus-six-prongs\\\/\",\"url\":\"https:\\\/\\\/www.purejewels.com\\\/product\\\/lotus-six-prongs\\\/\",\"name\":\"Diamond Blume Ring - PureJewels UK\",\"isPartOf\":{\"@id\":\"https:\\\/\\\/www.purejewels.com\\\/#website\"},\"primaryImageOfPage\":{\"@id\":\"https:\\\/\\\/www.purejewels.com\\\/product\\\/lotus-six-prongs\\\/#primaryimage\"},\"image\":{\"@id\":\"https:\\\/\\\/www.purejewels.com\\\/product\\\/lotus-six-prongs\\\/#primaryimage\"},\"thumbnailUrl\":\"https:\\\/\\\/static.purejewels.com\\\/wp-content\\\/uploads\\\/2017\\\/07\\\/Platinum-engagement-ring-lotus-6-scaled.jpg\",\"datePublished\":\"2017-07-19T12:17:27+00:00\",\"dateModified\":\"2026-02-18T12:47:40+00:00\",\"breadcrumb\":{\"@id\":\"https:\\\/\\\/www.purejewels.com\\\/product\\\/lotus-six-prongs\\\/#breadcrumb\"},\"inLanguage\":\"de\",\"potentialAction\":[{\"@type\":\"ReadAction\",\"target\":[\"https:\\\/\\\/www.purejewels.com\\\/product\\\/lotus-six-prongs\\\/\"]}]},{\"@type\":\"ImageObject\",\"inLanguage\":\"de\",\"@id\":\"https:\\\/\\\/www.purejewels.com\\\/product\\\/lotus-six-prongs\\\/#primaryimage\",\"url\":\"https:\\\/\\\/static.purejewels.com\\\/wp-content\\\/uploads\\\/2017\\\/07\\\/Platinum-engagement-ring-lotus-6-scaled.jpg\",\"contentUrl\":\"https:\\\/\\\/static.purejewels.com\\\/wp-content\\\/uploads\\\/2017\\\/07\\\/Platinum-engagement-ring-lotus-6-scaled.jpg\",\"width\":2560,\"height\":2560,\"caption\":\"Platinum-engagement-ring-lotus-6\"},{\"@type\":\"BreadcrumbList\",\"@id\":\"https:\\\/\\\/www.purejewels.com\\\/product\\\/lotus-six-prongs\\\/#breadcrumb\",\"itemListElement\":[{\"@type\":\"ListItem\",\"position\":1,\"name\":\"Home\",\"item\":\"https:\\\/\\\/www.purejewels.com\\\/\"},{\"@type\":\"ListItem\",\"position\":2,\"name\":\"Shop\",\"item\":\"https:\\\/\\\/www.purejewels.com\\\/shop\\\/\"},{\"@type\":\"ListItem\",\"position\":3,\"name\":\"Diamond Blume Ring\"}]},{\"@type\":\"WebSite\",\"@id\":\"https:\\\/\\\/www.purejewels.com\\\/#website\",\"url\":\"https:\\\/\\\/www.purejewels.com\\\/\",\"name\":\"PureJewels UK\",\"description\":\"Share the Love\",\"publisher\":{\"@id\":\"https:\\\/\\\/www.purejewels.com\\\/#organization\"},\"potentialAction\":[{\"@type\":\"SearchAction\",\"target\":{\"@type\":\"EntryPoint\",\"urlTemplate\":\"https:\\\/\\\/www.purejewels.com\\\/?s={search_term_string}\"},\"query-input\":{\"@type\":\"PropertyValueSpecification\",\"valueRequired\":true,\"valueName\":\"search_term_string\"}}],\"inLanguage\":\"de\"},{\"@type\":\"Organization\",\"@id\":\"https:\\\/\\\/www.purejewels.com\\\/#organization\",\"name\":\"PureJewels UK\",\"url\":\"https:\\\/\\\/www.purejewels.com\\\/\",\"logo\":{\"@type\":\"ImageObject\",\"inLanguage\":\"de\",\"@id\":\"https:\\\/\\\/www.purejewels.com\\\/#\\\/schema\\\/logo\\\/image\\\/\",\"url\":\"https:\\\/\\\/static.purejewels.com\\\/wp-content\\\/uploads\\\/2020\\\/11\\\/Logo-PJ-New-1.png\",\"contentUrl\":\"https:\\\/\\\/static.purejewels.com\\\/wp-content\\\/uploads\\\/2020\\\/11\\\/Logo-PJ-New-1.png\",\"width\":150,\"height\":80,\"caption\":\"PureJewels UK\"},\"image\":{\"@id\":\"https:\\\/\\\/www.purejewels.com\\\/#\\\/schema\\\/logo\\\/image\\\/\"}}]}<\/script>\n<!-- \/ Yoast SEO plugin. -->","yoast_head_json":{"title":"Diamant-Blume Ring - PureJewels UK","robots":{"index":"index","follow":"follow","max-snippet":"max-snippet:-1","max-image-preview":"max-image-preview:large","max-video-preview":"max-video-preview:-1"},"canonical":"https:\/\/www.purejewels.com\/de\/produkt-2\/lotos-sechs-zacken\/","og_locale":"de_DE","og_type":"article","og_title":"Diamond Blume Ring - PureJewels UK","og_description":"Lotus Engagement Ring  In platinum Set with a centre round diamond Available in a variety of carat weights in platinum  The appearance of the beautiful lotus in a murky lake is breathtaking. It's a bit like real life, when love stories emerge from ordinary, grey-blue circumstances. If your love was unexpected - and has bloomed in beauty - then our signature Lotus platinum engagement ring is simply perfect. This elegant version carries a single, brilliant diamond on platinum shoulders. It draws attention with its simplicity, and displays its heritage in the smallest details. LOTUS PLATINUM ENGAGEMENT RING. THE DETAILS:   Come into store and decide what carat and clarity of diamond you'd like. Or message us online and our master jeweller will select the brightest, most captivating diamond from stock.  We can trace every diamond back to its source - they come from one of the world's very best cutting centres in Surat, India. *The Lotus is one of our in-house, signature platinum engagement rings. It is designed by our team and created in the UK.  This six-prong platinum solitaire is ideal for displaying a showy diamond. In the range, there's also a pave diamond solitaire and a halo diamond platinum engagement ring.","og_url":"https:\/\/www.purejewels.com\/de\/produkt-2\/lotos-sechs-zacken\/","og_site_name":"PureJewels UK","article_modified_time":"2026-02-18T12:47:40+00:00","og_image":[{"width":2560,"height":2560,"url":"https:\/\/static.purejewels.com\/wp-content\/uploads\/2017\/07\/Platinum-engagement-ring-lotus-6-scaled.jpg","type":"image\/jpeg"}],"twitter_card":"summary_large_image","twitter_misc":{"Gesch\u00e4tzte Lesezeit":"1\u00a0Minute"},"schema":{"@context":"https:\/\/schema.org","@graph":[{"@type":["WebPage","ItemPage"],"@id":"https:\/\/www.purejewels.com\/product\/lotus-six-prongs\/","url":"https:\/\/www.purejewels.com\/product\/lotus-six-prongs\/","name":"Diamant-Blume Ring - PureJewels UK","isPartOf":{"@id":"https:\/\/www.purejewels.com\/#website"},"primaryImageOfPage":{"@id":"https:\/\/www.purejewels.com\/product\/lotus-six-prongs\/#primaryimage"},"image":{"@id":"https:\/\/www.purejewels.com\/product\/lotus-six-prongs\/#primaryimage"},"thumbnailUrl":"https:\/\/static.purejewels.com\/wp-content\/uploads\/2017\/07\/Platinum-engagement-ring-lotus-6-scaled.jpg","datePublished":"2017-07-19T12:17:27+00:00","dateModified":"2026-02-18T12:47:40+00:00","breadcrumb":{"@id":"https:\/\/www.purejewels.com\/product\/lotus-six-prongs\/#breadcrumb"},"inLanguage":"de","potentialAction":[{"@type":"ReadAction","target":["https:\/\/www.purejewels.com\/product\/lotus-six-prongs\/"]}]},{"@type":"ImageObject","inLanguage":"de","@id":"https:\/\/www.purejewels.com\/product\/lotus-six-prongs\/#primaryimage","url":"https:\/\/static.purejewels.com\/wp-content\/uploads\/2017\/07\/Platinum-engagement-ring-lotus-6-scaled.jpg","contentUrl":"https:\/\/static.purejewels.com\/wp-content\/uploads\/2017\/07\/Platinum-engagement-ring-lotus-6-scaled.jpg","width":2560,"height":2560,"caption":"Platinum-engagement-ring-lotus-6"},{"@type":"BreadcrumbList","@id":"https:\/\/www.purejewels.com\/product\/lotus-six-prongs\/#breadcrumb","itemListElement":[{"@type":"ListItem","position":1,"name":"Home","item":"https:\/\/www.purejewels.com\/"},{"@type":"ListItem","position":2,"name":"Shop","item":"https:\/\/www.purejewels.com\/shop\/"},{"@type":"ListItem","position":3,"name":"Diamond Blume Ring"}]},{"@type":"WebSite","@id":"https:\/\/www.purejewels.com\/#website","url":"https:\/\/www.purejewels.com\/","name":"PureJewels UK","description":"Teile die Liebe","publisher":{"@id":"https:\/\/www.purejewels.com\/#organization"},"potentialAction":[{"@type":"SearchAction","target":{"@type":"EntryPoint","urlTemplate":"https:\/\/www.purejewels.com\/?s={search_term_string}"},"query-input":{"@type":"PropertyValueSpecification","valueRequired":true,"valueName":"search_term_string"}}],"inLanguage":"de"},{"@type":"Organization","@id":"https:\/\/www.purejewels.com\/#organization","name":"PureJewels UK","url":"https:\/\/www.purejewels.com\/","logo":{"@type":"ImageObject","inLanguage":"de","@id":"https:\/\/www.purejewels.com\/#\/schema\/logo\/image\/","url":"https:\/\/static.purejewels.com\/wp-content\/uploads\/2020\/11\/Logo-PJ-New-1.png","contentUrl":"https:\/\/static.purejewels.com\/wp-content\/uploads\/2020\/11\/Logo-PJ-New-1.png","width":150,"height":80,"caption":"PureJewels UK"},"image":{"@id":"https:\/\/www.purejewels.com\/#\/schema\/logo\/image\/"}}]}},"_links":{"self":[{"href":"https:\/\/www.purejewels.com\/de\/wp-json\/wp\/v2\/product\/3682","targetHints":{"allow":["GET"]}}],"collection":[{"href":"https:\/\/www.purejewels.com\/de\/wp-json\/wp\/v2\/product"}],"about":[{"href":"https:\/\/www.purejewels.com\/de\/wp-json\/wp\/v2\/types\/product"}],"replies":[{"embeddable":true,"href":"https:\/\/www.purejewels.com\/de\/wp-json\/wp\/v2\/comments?post=3682"}],"version-history":[{"count":2,"href":"https:\/\/www.purejewels.com\/de\/wp-json\/wp\/v2\/product\/3682\/revisions"}],"predecessor-version":[{"id":397894,"href":"https:\/\/www.purejewels.com\/de\/wp-json\/wp\/v2\/product\/3682\/revisions\/397894"}],"wp:featuredmedia":[{"embeddable":true,"href":"https:\/\/www.purejewels.com\/de\/wp-json\/wp\/v2\/media\/4805"}],"wp:attachment":[{"href":"https:\/\/www.purejewels.com\/de\/wp-json\/wp\/v2\/media?parent=3682"}],"wp:term":[{"taxonomy":"product_brand","embeddable":true,"href":"https:\/\/www.purejewels.com\/de\/wp-json\/wp\/v2\/product_brand?post=3682"},{"taxonomy":"product_cat","embeddable":true,"href":"https:\/\/www.purejewels.com\/de\/wp-json\/wp\/v2\/product_cat?post=3682"},{"taxonomy":"product_tag","embeddable":true,"href":"https:\/\/www.purejewels.com\/de\/wp-json\/wp\/v2\/product_tag?post=3682"}],"curies":[{"name":"wp","href":"https:\/\/api.w.org\/{rel}","templated":true}]}}