{"id":3683,"date":"2017-07-19T13:17:28","date_gmt":"2017-07-19T12:17:28","guid":{"rendered":"http:\/\/new.purejewels.com\/product\/bombay-deco-halo-ring\/"},"modified":"2020-12-21T17:55:19","modified_gmt":"2020-12-21T17:55:19","slug":"bombay-deco-halo-ring","status":"publish","type":"product","link":"https:\/\/www.purejewels.com\/de\/product\/bombay-deco-halo-ring\/","title":{"rendered":"Bombay Deco Halo Ring"},"content":{"rendered":"<p>Bombay Deco Verlobungsring<\/p>\n<p>In Platin.<\/p>\n<p>Besetzt mit einem runden Diamanten in der Mitte, Reinheit VS<\/p>\n<p>Runde Brillanten in Schulterfassung, Reinheit VS<\/p>\n<p>Erh\u00e4ltlich in einer Vielzahl von Karatgewichten.<\/p>\n<p><strong>Bombay Deco Diamantring aus Platin<br \/>\n<\/strong>Einer unserer Favoriten f\u00fcr die stilvollsten Br\u00e4ute - der Bombay Deco Halo ist ein schicker und dekadenter Ring mit einem Hauch von Vintage.<\/p>\n<p>Das Design ist inspiriert von der Art-d\u00e9co-Zeit, als die indische Architektur dramatisch und luxuri\u00f6s war.  Dieser Solit\u00e4r ist ein echter Hingucker, der mit Diamanten in einem funkelnden Halo um den au\u00dfergew\u00f6hnlich gro\u00dfen Mittelstein besetzt ist.  Wenn Sie Couture mit einem Hauch von Vintage lieben, dann werden Sie diesen herrlichen Solit\u00e4r mit einem Hauch des alten Indiens lieben.<\/p>\n<p><strong>Jeder Ring ist eine Einzelanfertigung<br \/>\n<\/strong>W\u00e4hlen Sie die Gr\u00f6\u00dfe, Farbe und Reinheit des Diamanten f\u00fcr Ihren Solit\u00e4r.  Wir beziehen alle unsere Diamanten von einem weltber\u00fchmten Schleifzentrum in Surat, und unsere Juweliere w\u00e4hlen Diamanten, die eines Solit\u00e4rs w\u00fcrdig sind, von Hand aus.  Sie k\u00f6nnen die Gr\u00f6\u00dfe und das Kaliber des von Ihnen gew\u00fcnschten Diamanten angeben.  Sie k\u00f6nnen den Diamanten sogar gegen einen anderen Stein austauschen - wie <a href=\"https:\/\/www.purejewels.com\/de\/euphoric-hues-topaz\/\">Topas<\/a> oder Smaragd - wenn Sie etwas ganz Einzigartiges wollen.\u00a0 <em>\u00a0<\/em><\/p>\n<p>Ihr Ring wird dann sorgf\u00e4ltig von Hand gefertigt, gefasst, poliert und gepr\u00fcft, bevor er f\u00fcr Ihren gro\u00dfen Tag fertig ist.<\/p>\n<p><em>Da Ihr Ring individuell in Auftrag gegeben wird, sprechen Sie am besten mit uns \u00fcber die Lieferfristen.\u00a0 <\/em>Sie k\u00f6nnen den Live-Chat \u00f6ffnen, um sich ein Bild von den Lieferzeiten unserer Solit\u00e4rs zu machen.  Oder vereinbaren Sie einen Termin, wenn Sie einige Muster anprobieren m\u00f6chten.  Wir w\u00fcrden uns freuen, Sie in unserem Gesch\u00e4ft begr\u00fc\u00dfen zu d\u00fcrfen.<\/p>","protected":false},"excerpt":{"rendered":"<p>Bombay Deco Verlobungsring<\/p>\n<p>In Platin<br \/>\nMit einem runden Diamanten in der Mitte besetzt<br \/>\nRunde Brillanten in Schulterfassung<br \/>\nErh\u00e4ltlich in einer Vielzahl von Karatgewichten<\/p>","protected":false},"featured_media":4804,"comment_status":"closed","ping_status":"closed","template":"","meta":{"_eb_attr":"","_crsspst_to_jayantr4sg-hostcom":false},"product_brand":[],"product_cat":[231],"product_tag":[],"class_list":{"0":"post-3683","1":"product","2":"type-product","3":"status-publish","4":"has-post-thumbnail","6":"product_cat-engagement-rings","8":"first","9":"outofstock","10":"product-type-simple","11":"add-to-wishlist-before_image"},"yoast_head":"<!-- This site is optimized with the Yoast SEO plugin v27.3 - https:\/\/yoast.com\/product\/yoast-seo-wordpress\/ -->\n<title>Bombay Deco Halo Ring - PureJewels UK<\/title>\n<meta name=\"robots\" content=\"index, follow, max-snippet:-1, max-image-preview:large, max-video-preview:-1\" \/>\n<link rel=\"canonical\" href=\"https:\/\/www.purejewels.com\/de\/produkt-2\/bombay-deco-halo-ring\/\" \/>\n<meta property=\"og:locale\" content=\"de_DE\" \/>\n<meta property=\"og:type\" content=\"article\" \/>\n<meta property=\"og:title\" content=\"Bombay Deco Halo Ring - PureJewels UK\" \/>\n<meta property=\"og:description\" content=\"Bombay Deco Engagement Ring  In platinum Set with a centre round diamond Round brilliants shoulder setting Available in a variety of carat weights\" \/>\n<meta property=\"og:url\" content=\"https:\/\/www.purejewels.com\/de\/produkt-2\/bombay-deco-halo-ring\/\" \/>\n<meta property=\"og:site_name\" content=\"PureJewels UK\" \/>\n<meta property=\"article:modified_time\" content=\"2020-12-21T17:55:19+00:00\" \/>\n<meta property=\"og:image\" content=\"https:\/\/www.purejewels.com\/wp-content\/uploads\/2017\/07\/BombayDeco-scaled.jpg\" \/>\n\t<meta property=\"og:image:width\" content=\"2560\" \/>\n\t<meta property=\"og:image:height\" content=\"2560\" \/>\n\t<meta property=\"og:image:type\" content=\"image\/jpeg\" \/>\n<meta name=\"twitter:card\" content=\"summary_large_image\" \/>\n<meta name=\"twitter:label1\" content=\"Gesch\u00e4tzte Lesezeit\" \/>\n\t<meta name=\"twitter:data1\" content=\"1\u00a0Minute\" \/>\n<script type=\"application\/ld+json\" class=\"yoast-schema-graph\">{\"@context\":\"https:\\\/\\\/schema.org\",\"@graph\":[{\"@type\":[\"WebPage\",\"ItemPage\"],\"@id\":\"https:\\\/\\\/www.purejewels.com\\\/product\\\/bombay-deco-halo-ring\\\/\",\"url\":\"https:\\\/\\\/www.purejewels.com\\\/product\\\/bombay-deco-halo-ring\\\/\",\"name\":\"Bombay Deco Halo Ring - PureJewels UK\",\"isPartOf\":{\"@id\":\"https:\\\/\\\/www.purejewels.com\\\/#website\"},\"primaryImageOfPage\":{\"@id\":\"https:\\\/\\\/www.purejewels.com\\\/product\\\/bombay-deco-halo-ring\\\/#primaryimage\"},\"image\":{\"@id\":\"https:\\\/\\\/www.purejewels.com\\\/product\\\/bombay-deco-halo-ring\\\/#primaryimage\"},\"thumbnailUrl\":\"https:\\\/\\\/static.purejewels.com\\\/wp-content\\\/uploads\\\/2017\\\/07\\\/BombayDeco-scaled.jpg\",\"datePublished\":\"2017-07-19T12:17:28+00:00\",\"dateModified\":\"2020-12-21T17:55:19+00:00\",\"breadcrumb\":{\"@id\":\"https:\\\/\\\/www.purejewels.com\\\/product\\\/bombay-deco-halo-ring\\\/#breadcrumb\"},\"inLanguage\":\"de\",\"potentialAction\":[{\"@type\":\"ReadAction\",\"target\":[\"https:\\\/\\\/www.purejewels.com\\\/product\\\/bombay-deco-halo-ring\\\/\"]}]},{\"@type\":\"ImageObject\",\"inLanguage\":\"de\",\"@id\":\"https:\\\/\\\/www.purejewels.com\\\/product\\\/bombay-deco-halo-ring\\\/#primaryimage\",\"url\":\"https:\\\/\\\/static.purejewels.com\\\/wp-content\\\/uploads\\\/2017\\\/07\\\/BombayDeco-scaled.jpg\",\"contentUrl\":\"https:\\\/\\\/static.purejewels.com\\\/wp-content\\\/uploads\\\/2017\\\/07\\\/BombayDeco-scaled.jpg\",\"width\":2560,\"height\":2560,\"caption\":\"Bombay Deco Diamond Halo Ring\"},{\"@type\":\"BreadcrumbList\",\"@id\":\"https:\\\/\\\/www.purejewels.com\\\/product\\\/bombay-deco-halo-ring\\\/#breadcrumb\",\"itemListElement\":[{\"@type\":\"ListItem\",\"position\":1,\"name\":\"Home\",\"item\":\"https:\\\/\\\/www.purejewels.com\\\/\"},{\"@type\":\"ListItem\",\"position\":2,\"name\":\"Shop\",\"item\":\"https:\\\/\\\/www.purejewels.com\\\/shop\\\/\"},{\"@type\":\"ListItem\",\"position\":3,\"name\":\"Bombay Deco Halo Ring\"}]},{\"@type\":\"WebSite\",\"@id\":\"https:\\\/\\\/www.purejewels.com\\\/#website\",\"url\":\"https:\\\/\\\/www.purejewels.com\\\/\",\"name\":\"PureJewels UK\",\"description\":\"Share the Love\",\"publisher\":{\"@id\":\"https:\\\/\\\/www.purejewels.com\\\/#organization\"},\"potentialAction\":[{\"@type\":\"SearchAction\",\"target\":{\"@type\":\"EntryPoint\",\"urlTemplate\":\"https:\\\/\\\/www.purejewels.com\\\/?s={search_term_string}\"},\"query-input\":{\"@type\":\"PropertyValueSpecification\",\"valueRequired\":true,\"valueName\":\"search_term_string\"}}],\"inLanguage\":\"de\"},{\"@type\":\"Organization\",\"@id\":\"https:\\\/\\\/www.purejewels.com\\\/#organization\",\"name\":\"PureJewels UK\",\"url\":\"https:\\\/\\\/www.purejewels.com\\\/\",\"logo\":{\"@type\":\"ImageObject\",\"inLanguage\":\"de\",\"@id\":\"https:\\\/\\\/www.purejewels.com\\\/#\\\/schema\\\/logo\\\/image\\\/\",\"url\":\"https:\\\/\\\/static.purejewels.com\\\/wp-content\\\/uploads\\\/2020\\\/11\\\/Logo-PJ-New-1.png\",\"contentUrl\":\"https:\\\/\\\/static.purejewels.com\\\/wp-content\\\/uploads\\\/2020\\\/11\\\/Logo-PJ-New-1.png\",\"width\":150,\"height\":80,\"caption\":\"PureJewels UK\"},\"image\":{\"@id\":\"https:\\\/\\\/www.purejewels.com\\\/#\\\/schema\\\/logo\\\/image\\\/\"}}]}<\/script>\n<!-- \/ Yoast SEO plugin. -->","yoast_head_json":{"title":"Bombay Deco Halo Ring - PureJewels UK","robots":{"index":"index","follow":"follow","max-snippet":"max-snippet:-1","max-image-preview":"max-image-preview:large","max-video-preview":"max-video-preview:-1"},"canonical":"https:\/\/www.purejewels.com\/de\/produkt-2\/bombay-deco-halo-ring\/","og_locale":"de_DE","og_type":"article","og_title":"Bombay Deco Halo Ring - PureJewels UK","og_description":"Bombay Deco Engagement Ring  In platinum Set with a centre round diamond Round brilliants shoulder setting Available in a variety of carat weights","og_url":"https:\/\/www.purejewels.com\/de\/produkt-2\/bombay-deco-halo-ring\/","og_site_name":"PureJewels UK","article_modified_time":"2020-12-21T17:55:19+00:00","og_image":[{"width":2560,"height":2560,"url":"https:\/\/www.purejewels.com\/wp-content\/uploads\/2017\/07\/BombayDeco-scaled.jpg","type":"image\/jpeg"}],"twitter_card":"summary_large_image","twitter_misc":{"Gesch\u00e4tzte Lesezeit":"1\u00a0Minute"},"schema":{"@context":"https:\/\/schema.org","@graph":[{"@type":["WebPage","ItemPage"],"@id":"https:\/\/www.purejewels.com\/product\/bombay-deco-halo-ring\/","url":"https:\/\/www.purejewels.com\/product\/bombay-deco-halo-ring\/","name":"Bombay Deco Halo Ring - PureJewels UK","isPartOf":{"@id":"https:\/\/www.purejewels.com\/#website"},"primaryImageOfPage":{"@id":"https:\/\/www.purejewels.com\/product\/bombay-deco-halo-ring\/#primaryimage"},"image":{"@id":"https:\/\/www.purejewels.com\/product\/bombay-deco-halo-ring\/#primaryimage"},"thumbnailUrl":"https:\/\/static.purejewels.com\/wp-content\/uploads\/2017\/07\/BombayDeco-scaled.jpg","datePublished":"2017-07-19T12:17:28+00:00","dateModified":"2020-12-21T17:55:19+00:00","breadcrumb":{"@id":"https:\/\/www.purejewels.com\/product\/bombay-deco-halo-ring\/#breadcrumb"},"inLanguage":"de","potentialAction":[{"@type":"ReadAction","target":["https:\/\/www.purejewels.com\/product\/bombay-deco-halo-ring\/"]}]},{"@type":"ImageObject","inLanguage":"de","@id":"https:\/\/www.purejewels.com\/product\/bombay-deco-halo-ring\/#primaryimage","url":"https:\/\/static.purejewels.com\/wp-content\/uploads\/2017\/07\/BombayDeco-scaled.jpg","contentUrl":"https:\/\/static.purejewels.com\/wp-content\/uploads\/2017\/07\/BombayDeco-scaled.jpg","width":2560,"height":2560,"caption":"Bombay Deco Diamond Halo Ring"},{"@type":"BreadcrumbList","@id":"https:\/\/www.purejewels.com\/product\/bombay-deco-halo-ring\/#breadcrumb","itemListElement":[{"@type":"ListItem","position":1,"name":"Home","item":"https:\/\/www.purejewels.com\/"},{"@type":"ListItem","position":2,"name":"Shop","item":"https:\/\/www.purejewels.com\/shop\/"},{"@type":"ListItem","position":3,"name":"Bombay Deco Halo Ring"}]},{"@type":"WebSite","@id":"https:\/\/www.purejewels.com\/#website","url":"https:\/\/www.purejewels.com\/","name":"PureJewels UK","description":"Teile die Liebe","publisher":{"@id":"https:\/\/www.purejewels.com\/#organization"},"potentialAction":[{"@type":"SearchAction","target":{"@type":"EntryPoint","urlTemplate":"https:\/\/www.purejewels.com\/?s={search_term_string}"},"query-input":{"@type":"PropertyValueSpecification","valueRequired":true,"valueName":"search_term_string"}}],"inLanguage":"de"},{"@type":"Organization","@id":"https:\/\/www.purejewels.com\/#organization","name":"PureJewels UK","url":"https:\/\/www.purejewels.com\/","logo":{"@type":"ImageObject","inLanguage":"de","@id":"https:\/\/www.purejewels.com\/#\/schema\/logo\/image\/","url":"https:\/\/static.purejewels.com\/wp-content\/uploads\/2020\/11\/Logo-PJ-New-1.png","contentUrl":"https:\/\/static.purejewels.com\/wp-content\/uploads\/2020\/11\/Logo-PJ-New-1.png","width":150,"height":80,"caption":"PureJewels UK"},"image":{"@id":"https:\/\/www.purejewels.com\/#\/schema\/logo\/image\/"}}]}},"_links":{"self":[{"href":"https:\/\/www.purejewels.com\/de\/wp-json\/wp\/v2\/product\/3683","targetHints":{"allow":["GET"]}}],"collection":[{"href":"https:\/\/www.purejewels.com\/de\/wp-json\/wp\/v2\/product"}],"about":[{"href":"https:\/\/www.purejewels.com\/de\/wp-json\/wp\/v2\/types\/product"}],"replies":[{"embeddable":true,"href":"https:\/\/www.purejewels.com\/de\/wp-json\/wp\/v2\/comments?post=3683"}],"version-history":[{"count":0,"href":"https:\/\/www.purejewels.com\/de\/wp-json\/wp\/v2\/product\/3683\/revisions"}],"wp:featuredmedia":[{"embeddable":true,"href":"https:\/\/www.purejewels.com\/de\/wp-json\/wp\/v2\/media\/4804"}],"wp:attachment":[{"href":"https:\/\/www.purejewels.com\/de\/wp-json\/wp\/v2\/media?parent=3683"}],"wp:term":[{"taxonomy":"product_brand","embeddable":true,"href":"https:\/\/www.purejewels.com\/de\/wp-json\/wp\/v2\/product_brand?post=3683"},{"taxonomy":"product_cat","embeddable":true,"href":"https:\/\/www.purejewels.com\/de\/wp-json\/wp\/v2\/product_cat?post=3683"},{"taxonomy":"product_tag","embeddable":true,"href":"https:\/\/www.purejewels.com\/de\/wp-json\/wp\/v2\/product_tag?post=3683"}],"curies":[{"name":"wp","href":"https:\/\/api.w.org\/{rel}","templated":true}]}}