{"id":3684,"date":"2017-07-19T13:17:29","date_gmt":"2017-07-19T12:17:29","guid":{"rendered":"http:\/\/new.purejewels.com\/product\/gaja\/"},"modified":"2020-12-21T17:55:19","modified_gmt":"2020-12-21T17:55:19","slug":"gaja","status":"publish","type":"product","link":"https:\/\/www.purejewels.com\/de\/product\/gaja\/","title":{"rendered":"Gaja"},"content":{"rendered":"<p>Gaja-Ring<\/p>\n<p>In Platin<\/p>\n<p>Besetzt mit einem Diamanten im Kissenschliff, Reinheit VS<\/p>\n<p>Zwei birnengelbe Brillanten in Schulterfassung, Reinheit VS<\/p>\n<p>Zwei quadratische Diamanten, Reinheit VS<\/p>\n<p>Erh\u00e4ltlich in einer Vielzahl von Karatgewichten<\/p>\n<ul>\n<li>Kontaktieren Sie uns per Whatsapp oder besuchen Sie unser Gesch\u00e4ft, um unsere exquisite Schmuckkollektion von Gaja zu entdecken.<\/li>\n<\/ul>\n<p>&nbsp;<\/p>\n<p><strong>Gaja Platinring mit Diamanten<\/strong><br \/>\nWenn die Moguln einen besonderen Anlass feiern wollten, stiegen sie auf einen k\u00f6niglichen Elefanten.  Heutzutage lassen sich Diamanten leichter aufbewahren. Deshalb haben wir Gaja kreiert, inspiriert von dem pr\u00e4chtigen indischen Elefanten. Wenn Sie sich wie ein K\u00f6nig f\u00fchlen wollen, ist der Diamantring Gaja genau das Richtige f\u00fcr Sie.<\/p>\n<p><strong>Althergebrachter Glamour<br \/>\n<\/strong>Der von uns entworfene und in Gro\u00dfbritannien gefertigte Verlobungsring Gaja ist preisgekr\u00f6nt.  Unser Designer hat die indische Geschichte mit zeitgen\u00f6ssischem Stil verschmolzen und diese abstrakte Version eines k\u00f6niglichen Elefanten geschaffen, der eine Maharani tr\u00e4gt und mit Diamanten besetzt ist, die wie das indische Sonnenlicht funkeln.<\/p>\n<p>Der Ring ist von kultureller Bedeutung und steht f\u00fcr F\u00fclle, Fruchtbarkeit und Weisheit.  Der Look ist luxuri\u00f6s, mit einem Hauch von Vintage - der Gaja-Verlobungsring ist eine schicke Wahl, die eine historische Bedeutung hat und perfekt f\u00fcr jede Frau ist, die sich gelegentlich wie eine Kaiserin auff\u00fchrt.<\/p>\n<p><strong>Ein Verlobungsring sollte ein echter Hingucker sein...<\/strong><br \/>\nAus diesem Grund haben wir den Gaja-Ring mit Diamanten besetzt.  Der Schaft ist mit 84 Diamanten in Pav\u00e9-Fassung besetzt, die in einem der besten Schliffzentren der Welt im Brillantschliff geschliffen wurden.  Das Herzst\u00fcck wird von zwei glitzernden birnenf\u00f6rmigen Diamanten akzentuiert.  Und sprechen wir \u00fcber den Hauptstein...<\/p>\n<p><strong>Die Wahl des Diamanten f\u00fcr Ihren Verlobungsring<\/strong><br \/>\nIhr Verlobungsring ist f\u00fcr das ganze Leben bestimmt, also achten Sie darauf, dass der Diamant perfekt ist.<\/p>\n<p>PureJewels-Diamanten werden einzeln als lose Steine aus einem der besten Schleifzentren der Welt in Indien ausgew\u00e4hlt.  Unser Eink\u00e4ufer pr\u00fcft jeden Stein nicht nur auf Farbe, Reinheit und Schliff, sondern auch auf das leuchtende \"Feuer\", das die wirklich besonderen Diamanten auszeichnet.<\/p>\n<p>Eine Reihe von Gr\u00f6\u00dfen wird dann nach Gro\u00dfbritannien zur\u00fcckgebracht, wo sie in unsere Diamanten gefasst werden k\u00f6nnen. <a href=\"https:\/\/www.purejewels.com\/de\/product-category\/wedding-rings-bands\/engagement-rings\/\">Verlobungsringe<\/a>.  Auf der Website k\u00f6nnen Sie das Karat, die Farbe und die Reinheit ausw\u00e4hlen, die Sie w\u00fcnschen (siehe unseren Leitfaden unter Wie kaufe ich einen Diamant-Verlobungsring).  Wenn Sie Ihre Bestellung aufgeben, wird der Stein f\u00fcr Ihren Ring sorgf\u00e4ltig nach Ihren Angaben ausgew\u00e4hlt.<\/p>\n<p>Wenn Sie die Diamanten selbst begutachten m\u00f6chten, vereinbaren Sie bitte einen Termin - wir w\u00fcrden uns freuen, Ihnen die zu Ihrem Ring passenden Steine zu zeigen.  Nutzen Sie den Link neben einem Produkt, um einen Termin zu vereinbaren.<\/p>\n<p><strong>Kaufen Sie Ihren diamantenen Verlobungsring im Vertrauen.<\/strong><br \/>\nJeder Diamant wird vom Gemstone Institute of America zertifiziert, das f\u00fcr seine sorgf\u00e4ltige Pr\u00fcfung bekannt ist.  Ihr Ring wird in einer charakteristischen PureJewels-Box und einer diskreten Umverpackung geliefert.  Wir freuen uns, Ihnen f\u00fcr Ihren Verlobungsring eine kostenlose lebenslange Wartung anbieten zu k\u00f6nnen.  Sollte er nicht absolut perfekt sein, k\u00f6nnen Sie ihn kostenlos an uns zur\u00fcckschicken.<\/p>","protected":false},"excerpt":{"rendered":"<p>Gaja-Ring<\/p>\n<p>Diese preisgekr\u00f6nte Kollektion ist inspiriert von historischen k\u00f6niglichen Elefanten mit kunstvollen \u00e2palkis\u00e2, die Maharanis tragen. Dieser Ring aus Diamanten und Platin symbolisiert \u00dcberfluss, Fruchtbarkeit und Weisheit.<\/p>\n<p>In Platin<br \/>\nBesetzt mit einem Diamanten im Kissenschliff<br \/>\nZwei birnengelbe Brillanten in Schulterfassung<br \/>\nZwei quadratische Diamanten<br \/>\nErh\u00e4ltlich in einer Vielzahl von Karatgewichten<\/p>","protected":false},"featured_media":3685,"comment_status":"closed","ping_status":"closed","template":"","meta":{"_eb_attr":"","_crsspst_to_jayantr4sg-hostcom":false},"product_brand":[],"product_cat":[231],"product_tag":[],"class_list":{"0":"post-3684","1":"product","2":"type-product","3":"status-publish","4":"has-post-thumbnail","6":"product_cat-engagement-rings","8":"first","9":"outofstock","10":"product-type-simple","11":"add-to-wishlist-before_image"},"yoast_head":"<!-- This site is optimized with the Yoast SEO plugin v27.3 - https:\/\/yoast.com\/product\/yoast-seo-wordpress\/ -->\n<title>Gaja platinum ring with diamonds - indian rings from PureJewels<\/title>\n<meta name=\"description\" content=\"Buy your diamond engagement ring in confidence. Every diamond is certified by the Gemstone Institute of America, which is known for its scrupulous testing.\u00a0\" \/>\n<meta name=\"robots\" content=\"index, follow, max-snippet:-1, max-image-preview:large, max-video-preview:-1\" \/>\n<link rel=\"canonical\" href=\"https:\/\/www.purejewels.com\/de\/produkt-2\/gaja\/\" \/>\n<meta property=\"og:locale\" content=\"de_DE\" \/>\n<meta property=\"og:type\" content=\"article\" \/>\n<meta property=\"og:title\" content=\"Gaja platinum ring with diamonds - indian rings from PureJewels\" \/>\n<meta property=\"og:description\" content=\"Buy your diamond engagement ring in confidence. Every diamond is certified by the Gemstone Institute of America, which is known for its scrupulous testing.\u00a0\" \/>\n<meta property=\"og:url\" content=\"https:\/\/www.purejewels.com\/de\/produkt-2\/gaja\/\" \/>\n<meta property=\"og:site_name\" content=\"PureJewels UK\" \/>\n<meta property=\"article:modified_time\" content=\"2020-12-21T17:55:19+00:00\" \/>\n<meta property=\"og:image\" content=\"https:\/\/www.purejewels.com\/wp-content\/uploads\/2017\/07\/gajaring-2.jpg\" \/>\n\t<meta property=\"og:image:width\" content=\"2362\" \/>\n\t<meta property=\"og:image:height\" content=\"2362\" \/>\n\t<meta property=\"og:image:type\" content=\"image\/jpeg\" \/>\n<meta name=\"twitter:card\" content=\"summary_large_image\" \/>\n<meta name=\"twitter:label1\" content=\"Gesch\u00e4tzte Lesezeit\" \/>\n\t<meta name=\"twitter:data1\" content=\"2\u00a0Minuten\" \/>\n<script type=\"application\/ld+json\" class=\"yoast-schema-graph\">{\"@context\":\"https:\\\/\\\/schema.org\",\"@graph\":[{\"@type\":[\"WebPage\",\"ItemPage\"],\"@id\":\"https:\\\/\\\/www.purejewels.com\\\/product\\\/gaja\\\/\",\"url\":\"https:\\\/\\\/www.purejewels.com\\\/product\\\/gaja\\\/\",\"name\":\"Gaja platinum ring with diamonds - indian rings from PureJewels\",\"isPartOf\":{\"@id\":\"https:\\\/\\\/www.purejewels.com\\\/#website\"},\"primaryImageOfPage\":{\"@id\":\"https:\\\/\\\/www.purejewels.com\\\/product\\\/gaja\\\/#primaryimage\"},\"image\":{\"@id\":\"https:\\\/\\\/www.purejewels.com\\\/product\\\/gaja\\\/#primaryimage\"},\"thumbnailUrl\":\"https:\\\/\\\/static.purejewels.com\\\/wp-content\\\/uploads\\\/2017\\\/07\\\/gajaring-2.jpg\",\"datePublished\":\"2017-07-19T12:17:29+00:00\",\"dateModified\":\"2020-12-21T17:55:19+00:00\",\"description\":\"Buy your diamond engagement ring in confidence. Every diamond is certified by the Gemstone Institute of America, which is known for its scrupulous testing.\u00a0\",\"breadcrumb\":{\"@id\":\"https:\\\/\\\/www.purejewels.com\\\/product\\\/gaja\\\/#breadcrumb\"},\"inLanguage\":\"de\",\"potentialAction\":[{\"@type\":\"ReadAction\",\"target\":[\"https:\\\/\\\/www.purejewels.com\\\/product\\\/gaja\\\/\"]}]},{\"@type\":\"ImageObject\",\"inLanguage\":\"de\",\"@id\":\"https:\\\/\\\/www.purejewels.com\\\/product\\\/gaja\\\/#primaryimage\",\"url\":\"https:\\\/\\\/static.purejewels.com\\\/wp-content\\\/uploads\\\/2017\\\/07\\\/gajaring-2.jpg\",\"contentUrl\":\"https:\\\/\\\/static.purejewels.com\\\/wp-content\\\/uploads\\\/2017\\\/07\\\/gajaring-2.jpg\",\"width\":2362,\"height\":2362,\"caption\":\"gajaring.jpg\"},{\"@type\":\"BreadcrumbList\",\"@id\":\"https:\\\/\\\/www.purejewels.com\\\/product\\\/gaja\\\/#breadcrumb\",\"itemListElement\":[{\"@type\":\"ListItem\",\"position\":1,\"name\":\"Home\",\"item\":\"https:\\\/\\\/www.purejewels.com\\\/\"},{\"@type\":\"ListItem\",\"position\":2,\"name\":\"Shop\",\"item\":\"https:\\\/\\\/www.purejewels.com\\\/shop\\\/\"},{\"@type\":\"ListItem\",\"position\":3,\"name\":\"Gaja\"}]},{\"@type\":\"WebSite\",\"@id\":\"https:\\\/\\\/www.purejewels.com\\\/#website\",\"url\":\"https:\\\/\\\/www.purejewels.com\\\/\",\"name\":\"PureJewels UK\",\"description\":\"Share the Love\",\"publisher\":{\"@id\":\"https:\\\/\\\/www.purejewels.com\\\/#organization\"},\"potentialAction\":[{\"@type\":\"SearchAction\",\"target\":{\"@type\":\"EntryPoint\",\"urlTemplate\":\"https:\\\/\\\/www.purejewels.com\\\/?s={search_term_string}\"},\"query-input\":{\"@type\":\"PropertyValueSpecification\",\"valueRequired\":true,\"valueName\":\"search_term_string\"}}],\"inLanguage\":\"de\"},{\"@type\":\"Organization\",\"@id\":\"https:\\\/\\\/www.purejewels.com\\\/#organization\",\"name\":\"PureJewels UK\",\"url\":\"https:\\\/\\\/www.purejewels.com\\\/\",\"logo\":{\"@type\":\"ImageObject\",\"inLanguage\":\"de\",\"@id\":\"https:\\\/\\\/www.purejewels.com\\\/#\\\/schema\\\/logo\\\/image\\\/\",\"url\":\"https:\\\/\\\/static.purejewels.com\\\/wp-content\\\/uploads\\\/2020\\\/11\\\/Logo-PJ-New-1.png\",\"contentUrl\":\"https:\\\/\\\/static.purejewels.com\\\/wp-content\\\/uploads\\\/2020\\\/11\\\/Logo-PJ-New-1.png\",\"width\":150,\"height\":80,\"caption\":\"PureJewels UK\"},\"image\":{\"@id\":\"https:\\\/\\\/www.purejewels.com\\\/#\\\/schema\\\/logo\\\/image\\\/\"}}]}<\/script>\n<!-- \/ Yoast SEO plugin. -->","yoast_head_json":{"title":"Gaja Platinring mit Diamanten - indische Ringe von PureJewels","description":"Kaufen Sie Ihren diamantenen Verlobungsring mit Vertrauen. Jeder Diamant wird vom Gemstone Institute of America zertifiziert, das f\u00fcr seine sorgf\u00e4ltige Pr\u00fcfung bekannt ist.\u00a0","robots":{"index":"index","follow":"follow","max-snippet":"max-snippet:-1","max-image-preview":"max-image-preview:large","max-video-preview":"max-video-preview:-1"},"canonical":"https:\/\/www.purejewels.com\/de\/produkt-2\/gaja\/","og_locale":"de_DE","og_type":"article","og_title":"Gaja platinum ring with diamonds - indian rings from PureJewels","og_description":"Buy your diamond engagement ring in confidence. Every diamond is certified by the Gemstone Institute of America, which is known for its scrupulous testing.\u00a0","og_url":"https:\/\/www.purejewels.com\/de\/produkt-2\/gaja\/","og_site_name":"PureJewels UK","article_modified_time":"2020-12-21T17:55:19+00:00","og_image":[{"width":2362,"height":2362,"url":"https:\/\/www.purejewels.com\/wp-content\/uploads\/2017\/07\/gajaring-2.jpg","type":"image\/jpeg"}],"twitter_card":"summary_large_image","twitter_misc":{"Gesch\u00e4tzte Lesezeit":"2\u00a0Minuten"},"schema":{"@context":"https:\/\/schema.org","@graph":[{"@type":["WebPage","ItemPage"],"@id":"https:\/\/www.purejewels.com\/product\/gaja\/","url":"https:\/\/www.purejewels.com\/product\/gaja\/","name":"Gaja Platinring mit Diamanten - indische Ringe von PureJewels","isPartOf":{"@id":"https:\/\/www.purejewels.com\/#website"},"primaryImageOfPage":{"@id":"https:\/\/www.purejewels.com\/product\/gaja\/#primaryimage"},"image":{"@id":"https:\/\/www.purejewels.com\/product\/gaja\/#primaryimage"},"thumbnailUrl":"https:\/\/static.purejewels.com\/wp-content\/uploads\/2017\/07\/gajaring-2.jpg","datePublished":"2017-07-19T12:17:29+00:00","dateModified":"2020-12-21T17:55:19+00:00","description":"Kaufen Sie Ihren diamantenen Verlobungsring mit Vertrauen. Jeder Diamant wird vom Gemstone Institute of America zertifiziert, das f\u00fcr seine sorgf\u00e4ltige Pr\u00fcfung bekannt ist.\u00a0","breadcrumb":{"@id":"https:\/\/www.purejewels.com\/product\/gaja\/#breadcrumb"},"inLanguage":"de","potentialAction":[{"@type":"ReadAction","target":["https:\/\/www.purejewels.com\/product\/gaja\/"]}]},{"@type":"ImageObject","inLanguage":"de","@id":"https:\/\/www.purejewels.com\/product\/gaja\/#primaryimage","url":"https:\/\/static.purejewels.com\/wp-content\/uploads\/2017\/07\/gajaring-2.jpg","contentUrl":"https:\/\/static.purejewels.com\/wp-content\/uploads\/2017\/07\/gajaring-2.jpg","width":2362,"height":2362,"caption":"gajaring.jpg"},{"@type":"BreadcrumbList","@id":"https:\/\/www.purejewels.com\/product\/gaja\/#breadcrumb","itemListElement":[{"@type":"ListItem","position":1,"name":"Home","item":"https:\/\/www.purejewels.com\/"},{"@type":"ListItem","position":2,"name":"Shop","item":"https:\/\/www.purejewels.com\/shop\/"},{"@type":"ListItem","position":3,"name":"Gaja"}]},{"@type":"WebSite","@id":"https:\/\/www.purejewels.com\/#website","url":"https:\/\/www.purejewels.com\/","name":"PureJewels UK","description":"Teile die Liebe","publisher":{"@id":"https:\/\/www.purejewels.com\/#organization"},"potentialAction":[{"@type":"SearchAction","target":{"@type":"EntryPoint","urlTemplate":"https:\/\/www.purejewels.com\/?s={search_term_string}"},"query-input":{"@type":"PropertyValueSpecification","valueRequired":true,"valueName":"search_term_string"}}],"inLanguage":"de"},{"@type":"Organization","@id":"https:\/\/www.purejewels.com\/#organization","name":"PureJewels UK","url":"https:\/\/www.purejewels.com\/","logo":{"@type":"ImageObject","inLanguage":"de","@id":"https:\/\/www.purejewels.com\/#\/schema\/logo\/image\/","url":"https:\/\/static.purejewels.com\/wp-content\/uploads\/2020\/11\/Logo-PJ-New-1.png","contentUrl":"https:\/\/static.purejewels.com\/wp-content\/uploads\/2020\/11\/Logo-PJ-New-1.png","width":150,"height":80,"caption":"PureJewels UK"},"image":{"@id":"https:\/\/www.purejewels.com\/#\/schema\/logo\/image\/"}}]}},"_links":{"self":[{"href":"https:\/\/www.purejewels.com\/de\/wp-json\/wp\/v2\/product\/3684","targetHints":{"allow":["GET"]}}],"collection":[{"href":"https:\/\/www.purejewels.com\/de\/wp-json\/wp\/v2\/product"}],"about":[{"href":"https:\/\/www.purejewels.com\/de\/wp-json\/wp\/v2\/types\/product"}],"replies":[{"embeddable":true,"href":"https:\/\/www.purejewels.com\/de\/wp-json\/wp\/v2\/comments?post=3684"}],"version-history":[{"count":0,"href":"https:\/\/www.purejewels.com\/de\/wp-json\/wp\/v2\/product\/3684\/revisions"}],"wp:featuredmedia":[{"embeddable":true,"href":"https:\/\/www.purejewels.com\/de\/wp-json\/wp\/v2\/media\/3685"}],"wp:attachment":[{"href":"https:\/\/www.purejewels.com\/de\/wp-json\/wp\/v2\/media?parent=3684"}],"wp:term":[{"taxonomy":"product_brand","embeddable":true,"href":"https:\/\/www.purejewels.com\/de\/wp-json\/wp\/v2\/product_brand?post=3684"},{"taxonomy":"product_cat","embeddable":true,"href":"https:\/\/www.purejewels.com\/de\/wp-json\/wp\/v2\/product_cat?post=3684"},{"taxonomy":"product_tag","embeddable":true,"href":"https:\/\/www.purejewels.com\/de\/wp-json\/wp\/v2\/product_tag?post=3684"}],"curies":[{"name":"wp","href":"https:\/\/api.w.org\/{rel}","templated":true}]}}