{"id":368409,"date":"2024-08-28T04:41:17","date_gmt":"2024-08-28T03:41:17","guid":{"rendered":"https:\/\/www.purejewels.com\/?post_type=product&#038;p=368409"},"modified":"2026-01-06T06:20:07","modified_gmt":"2026-01-06T06:20:07","slug":"22-kt-gold-armari-kollektion-ohrstecker-49203","status":"publish","type":"product","link":"https:\/\/www.purejewels.com\/de\/product\/22ct-gold-armari-collection-stud-earring-49203\/","title":{"rendered":"22ct Gold Armari Sammlung Ohrstecker | 18mm"},"content":{"rendered":"<p data-sourcepos=\"5:1-5:275\">Erleben Sie Opulenz mit unserem Armari Collection Ohrstecker aus 22 Karat Gold. Dieses exquisite St\u00fcck ist ein Zeugnis f\u00fcr zeitlose Eleganz und modernes Design. <span class=\"citation-0 recitation citation-end-0\">Der mit viel Liebe zum Detail gefertigte 18-mm-Stecker ist die perfekte Mischung aus schlichtem Luxus und k\u00fchnem Stil.<\/span><\/p>\n<p data-sourcepos=\"5:1-5:275\"><span class=\"citation-1 recitation citation-end-1\">Der strahlende Farbton des Ohrrings aus 22 Karat Gold strahlt W\u00e4rme und Raffinesse aus.<\/span> Seine glatte, polierte Oberfl\u00e4che passt zu jedem Outfit, von leger bis formell. <span class=\"citation-2 recitation citation-end-2\">Das klassische Nieten-Design sorgt f\u00fcr Vielseitigkeit und macht sie zu einer perfekten Wahl f\u00fcr den Alltag oder besondere Anl\u00e4sse.<\/span><span class=\"button-container ng-star-inserted\">\u00a0 \u00a0<\/span><\/p>\n<div class=\"container\">\n<div class=\"carousel-container ng-star-inserted\">\n<div class=\"carousel-content\">\n<div class=\"sources-carousel-source hide ng-star-inserted\" data-test-id=\"sources-carousel-source\">\n<div class=\"source-card-container\">\n<div class=\"source-card-content\">\n<div class=\"source-card-body\">\n<div class=\"source-card-header\">Verw\u00f6hnen Sie sich selbst oder \u00fcberraschen Sie einen geliebten Menschen mit diesem atemberaubenden St\u00fcck aus unserer Armari Collection.<\/div>\n<\/div>\n<\/div>\n<\/div>\n<\/div>\n<\/div>\n<\/div>\n<\/div>","protected":false},"excerpt":{"rendered":"<table class=\"sh_desc\">\n<tbody>\n<tr>\n<td>Art des Ohrrings<\/td>\n<td>Ohrstecker<\/td>\n<\/tr>\n<tr>\n<td>SKU<\/td>\n<td>49203,49213<\/td>\n<\/tr>\n<tr>\n<td>Gewicht<\/td>\n<td>6,7 Gramm<\/td>\n<\/tr>\n<tr>\n<td>Breite<\/td>\n<td>18mm<\/td>\n<\/tr>\n<tr>\n<td>Oberfl\u00e4che<\/td>\n<td>Antike_Matte<\/td>\n<\/tr>\n<tr>\n<td>Geschlecht<\/td>\n<td>Damen<\/td>\n<\/tr>\n<tr>\n<td>Sammlung<\/td>\n<td><strong>Sammlung Armari<\/strong><\/td>\n<\/tr>\n<tr>\n<td>Metall<\/td>\n<td>22ct Gold<\/td>\n<\/tr>\n<tr>\n<td>Entgelte<\/td>\n<td>Lieferung und Mehrwertsteuer inbegriffen<\/td>\n<\/tr>\n<tr>\n<td>Verpackung<\/td>\n<td>Mit Pr\u00e4sentationsbox<\/td>\n<\/tr>\n<tr>\n<td>Mehr Informationen<\/td>\n<td>Live-Chat mit uns f\u00fcr Verf\u00fcgbarkeit und mehr Bilder<\/td>\n<\/tr>\n<\/tbody>\n<\/table>","protected":false},"featured_media":370555,"comment_status":"closed","ping_status":"closed","template":"","meta":{"_eb_attr":"","_crsspst_to_jayantr4sg-hostcom":false},"product_brand":[],"product_cat":[1791,245,5639,1559,5315,236,1793,1254,1229,1570,1577,1573,1574],"product_tag":[],"class_list":{"0":"post-368409","1":"product","2":"type-product","3":"status-publish","4":"has-post-thumbnail","6":"product_cat-anniversary-gifts","7":"product_cat-armari-collections","8":"product_cat-armari-earring","9":"product_cat-birthday-gifts","10":"product_cat-bridal-and-wedding-earrings","11":"product_cat-collections","12":"product_cat-diwali-gifts","13":"product_cat-gold-earrings","14":"product_cat-22ct-gold-jewellery","15":"product_cat-mothers-day-gifts","16":"product_cat-stud-earrings","17":"product_cat-wedding-gifts","18":"product_cat-womens-jewellery","20":"first","21":"outofstock","22":"taxable","23":"shipping-taxable","24":"product-type-simple","25":"add-to-wishlist-before_image"},"yoast_head":"<!-- This site is optimized with the Yoast SEO plugin v27.3 - https:\/\/yoast.com\/product\/yoast-seo-wordpress\/ -->\n<title>Women&#039;s 22ct Gold Armari Stud Earrings | 18mm | PureJewels<\/title>\n<meta name=\"description\" content=\"Whether you&#039;re dressing up for a special occasion or adding a touch of glamour to your everyday look, these stud earrings are the perfect choice.\" \/>\n<meta name=\"robots\" content=\"index, follow, max-snippet:-1, max-image-preview:large, max-video-preview:-1\" \/>\n<link rel=\"canonical\" href=\"https:\/\/www.purejewels.com\/de\/produkt-2\/22-kt-gold-armari-kollektion-ohrstecker-49203\/\" \/>\n<meta property=\"og:locale\" content=\"de_DE\" \/>\n<meta property=\"og:type\" content=\"article\" \/>\n<meta property=\"og:title\" content=\"Women&#039;s 22ct Gold Armari Stud Earrings | 18mm | PureJewels\" \/>\n<meta property=\"og:description\" content=\"Whether you&#039;re dressing up for a special occasion or adding a touch of glamour to your everyday look, these stud earrings are the perfect choice.\" \/>\n<meta property=\"og:url\" content=\"https:\/\/www.purejewels.com\/de\/produkt-2\/22-kt-gold-armari-kollektion-ohrstecker-49203\/\" \/>\n<meta property=\"og:site_name\" content=\"PureJewels UK\" \/>\n<meta property=\"article:modified_time\" content=\"2026-01-06T06:20:07+00:00\" \/>\n<meta property=\"og:image\" content=\"https:\/\/www.purejewels.com\/wp-content\/uploads\/2024\/07\/49203.jpg\" \/>\n\t<meta property=\"og:image:width\" content=\"1000\" \/>\n\t<meta property=\"og:image:height\" content=\"1000\" \/>\n\t<meta property=\"og:image:type\" content=\"image\/jpeg\" \/>\n<meta name=\"twitter:card\" content=\"summary_large_image\" \/>\n<script type=\"application\/ld+json\" class=\"yoast-schema-graph\">{\"@context\":\"https:\\\/\\\/schema.org\",\"@graph\":[{\"@type\":[\"WebPage\",\"ItemPage\"],\"@id\":\"https:\\\/\\\/www.purejewels.com\\\/product\\\/22ct-gold-armari-collection-stud-earring-49203\\\/\",\"url\":\"https:\\\/\\\/www.purejewels.com\\\/product\\\/22ct-gold-armari-collection-stud-earring-49203\\\/\",\"name\":\"Women's 22ct Gold Armari Stud Earrings | 18mm | PureJewels\",\"isPartOf\":{\"@id\":\"https:\\\/\\\/www.purejewels.com\\\/#website\"},\"primaryImageOfPage\":{\"@id\":\"https:\\\/\\\/www.purejewels.com\\\/product\\\/22ct-gold-armari-collection-stud-earring-49203\\\/#primaryimage\"},\"image\":{\"@id\":\"https:\\\/\\\/www.purejewels.com\\\/product\\\/22ct-gold-armari-collection-stud-earring-49203\\\/#primaryimage\"},\"thumbnailUrl\":\"https:\\\/\\\/static.purejewels.com\\\/wp-content\\\/uploads\\\/2024\\\/07\\\/49203.jpg\",\"datePublished\":\"2024-08-28T03:41:17+00:00\",\"dateModified\":\"2026-01-06T06:20:07+00:00\",\"description\":\"Whether you're dressing up for a special occasion or adding a touch of glamour to your everyday look, these stud earrings are the perfect choice.\",\"breadcrumb\":{\"@id\":\"https:\\\/\\\/www.purejewels.com\\\/product\\\/22ct-gold-armari-collection-stud-earring-49203\\\/#breadcrumb\"},\"inLanguage\":\"de\",\"potentialAction\":[{\"@type\":\"ReadAction\",\"target\":[\"https:\\\/\\\/www.purejewels.com\\\/product\\\/22ct-gold-armari-collection-stud-earring-49203\\\/\"]}]},{\"@type\":\"ImageObject\",\"inLanguage\":\"de\",\"@id\":\"https:\\\/\\\/www.purejewels.com\\\/product\\\/22ct-gold-armari-collection-stud-earring-49203\\\/#primaryimage\",\"url\":\"https:\\\/\\\/static.purejewels.com\\\/wp-content\\\/uploads\\\/2024\\\/07\\\/49203.jpg\",\"contentUrl\":\"https:\\\/\\\/static.purejewels.com\\\/wp-content\\\/uploads\\\/2024\\\/07\\\/49203.jpg\",\"width\":1000,\"height\":1000,\"caption\":\"22ct Gold Stud\"},{\"@type\":\"BreadcrumbList\",\"@id\":\"https:\\\/\\\/www.purejewels.com\\\/product\\\/22ct-gold-armari-collection-stud-earring-49203\\\/#breadcrumb\",\"itemListElement\":[{\"@type\":\"ListItem\",\"position\":1,\"name\":\"Home\",\"item\":\"https:\\\/\\\/www.purejewels.com\\\/\"},{\"@type\":\"ListItem\",\"position\":2,\"name\":\"Shop\",\"item\":\"https:\\\/\\\/www.purejewels.com\\\/shop\\\/\"},{\"@type\":\"ListItem\",\"position\":3,\"name\":\"22ct Gold Armari Collection Stud Earring | 18mm\"}]},{\"@type\":\"WebSite\",\"@id\":\"https:\\\/\\\/www.purejewels.com\\\/#website\",\"url\":\"https:\\\/\\\/www.purejewels.com\\\/\",\"name\":\"PureJewels UK\",\"description\":\"Share the Love\",\"publisher\":{\"@id\":\"https:\\\/\\\/www.purejewels.com\\\/#organization\"},\"potentialAction\":[{\"@type\":\"SearchAction\",\"target\":{\"@type\":\"EntryPoint\",\"urlTemplate\":\"https:\\\/\\\/www.purejewels.com\\\/?s={search_term_string}\"},\"query-input\":{\"@type\":\"PropertyValueSpecification\",\"valueRequired\":true,\"valueName\":\"search_term_string\"}}],\"inLanguage\":\"de\"},{\"@type\":\"Organization\",\"@id\":\"https:\\\/\\\/www.purejewels.com\\\/#organization\",\"name\":\"PureJewels UK\",\"url\":\"https:\\\/\\\/www.purejewels.com\\\/\",\"logo\":{\"@type\":\"ImageObject\",\"inLanguage\":\"de\",\"@id\":\"https:\\\/\\\/www.purejewels.com\\\/#\\\/schema\\\/logo\\\/image\\\/\",\"url\":\"https:\\\/\\\/static.purejewels.com\\\/wp-content\\\/uploads\\\/2020\\\/11\\\/Logo-PJ-New-1.png\",\"contentUrl\":\"https:\\\/\\\/static.purejewels.com\\\/wp-content\\\/uploads\\\/2020\\\/11\\\/Logo-PJ-New-1.png\",\"width\":150,\"height\":80,\"caption\":\"PureJewels UK\"},\"image\":{\"@id\":\"https:\\\/\\\/www.purejewels.com\\\/#\\\/schema\\\/logo\\\/image\\\/\"}}]}<\/script>\n<!-- \/ Yoast SEO plugin. -->","yoast_head_json":{"title":"Damen 22ct Gold Armari Ohrstecker | 18mm | PureJewels","description":"Ob Sie sich f\u00fcr einen besonderen Anlass herausputzen oder Ihrem Alltagslook einen Hauch von Glamour verleihen wollen, diese Ohrstecker sind die perfekte Wahl.","robots":{"index":"index","follow":"follow","max-snippet":"max-snippet:-1","max-image-preview":"max-image-preview:large","max-video-preview":"max-video-preview:-1"},"canonical":"https:\/\/www.purejewels.com\/de\/produkt-2\/22-kt-gold-armari-kollektion-ohrstecker-49203\/","og_locale":"de_DE","og_type":"article","og_title":"Women's 22ct Gold Armari Stud Earrings | 18mm | PureJewels","og_description":"Whether you're dressing up for a special occasion or adding a touch of glamour to your everyday look, these stud earrings are the perfect choice.","og_url":"https:\/\/www.purejewels.com\/de\/produkt-2\/22-kt-gold-armari-kollektion-ohrstecker-49203\/","og_site_name":"PureJewels UK","article_modified_time":"2026-01-06T06:20:07+00:00","og_image":[{"width":1000,"height":1000,"url":"https:\/\/www.purejewels.com\/wp-content\/uploads\/2024\/07\/49203.jpg","type":"image\/jpeg"}],"twitter_card":"summary_large_image","schema":{"@context":"https:\/\/schema.org","@graph":[{"@type":["WebPage","ItemPage"],"@id":"https:\/\/www.purejewels.com\/product\/22ct-gold-armari-collection-stud-earring-49203\/","url":"https:\/\/www.purejewels.com\/product\/22ct-gold-armari-collection-stud-earring-49203\/","name":"Damen 22ct Gold Armari Ohrstecker | 18mm | PureJewels","isPartOf":{"@id":"https:\/\/www.purejewels.com\/#website"},"primaryImageOfPage":{"@id":"https:\/\/www.purejewels.com\/product\/22ct-gold-armari-collection-stud-earring-49203\/#primaryimage"},"image":{"@id":"https:\/\/www.purejewels.com\/product\/22ct-gold-armari-collection-stud-earring-49203\/#primaryimage"},"thumbnailUrl":"https:\/\/static.purejewels.com\/wp-content\/uploads\/2024\/07\/49203.jpg","datePublished":"2024-08-28T03:41:17+00:00","dateModified":"2026-01-06T06:20:07+00:00","description":"Ob Sie sich f\u00fcr einen besonderen Anlass herausputzen oder Ihrem Alltagslook einen Hauch von Glamour verleihen wollen, diese Ohrstecker sind die perfekte Wahl.","breadcrumb":{"@id":"https:\/\/www.purejewels.com\/product\/22ct-gold-armari-collection-stud-earring-49203\/#breadcrumb"},"inLanguage":"de","potentialAction":[{"@type":"ReadAction","target":["https:\/\/www.purejewels.com\/product\/22ct-gold-armari-collection-stud-earring-49203\/"]}]},{"@type":"ImageObject","inLanguage":"de","@id":"https:\/\/www.purejewels.com\/product\/22ct-gold-armari-collection-stud-earring-49203\/#primaryimage","url":"https:\/\/static.purejewels.com\/wp-content\/uploads\/2024\/07\/49203.jpg","contentUrl":"https:\/\/static.purejewels.com\/wp-content\/uploads\/2024\/07\/49203.jpg","width":1000,"height":1000,"caption":"22ct Gold Stud"},{"@type":"BreadcrumbList","@id":"https:\/\/www.purejewels.com\/product\/22ct-gold-armari-collection-stud-earring-49203\/#breadcrumb","itemListElement":[{"@type":"ListItem","position":1,"name":"Home","item":"https:\/\/www.purejewels.com\/"},{"@type":"ListItem","position":2,"name":"Shop","item":"https:\/\/www.purejewels.com\/shop\/"},{"@type":"ListItem","position":3,"name":"22ct Gold Armari Collection Stud Earring | 18mm"}]},{"@type":"WebSite","@id":"https:\/\/www.purejewels.com\/#website","url":"https:\/\/www.purejewels.com\/","name":"PureJewels UK","description":"Teile die Liebe","publisher":{"@id":"https:\/\/www.purejewels.com\/#organization"},"potentialAction":[{"@type":"SearchAction","target":{"@type":"EntryPoint","urlTemplate":"https:\/\/www.purejewels.com\/?s={search_term_string}"},"query-input":{"@type":"PropertyValueSpecification","valueRequired":true,"valueName":"search_term_string"}}],"inLanguage":"de"},{"@type":"Organization","@id":"https:\/\/www.purejewels.com\/#organization","name":"PureJewels UK","url":"https:\/\/www.purejewels.com\/","logo":{"@type":"ImageObject","inLanguage":"de","@id":"https:\/\/www.purejewels.com\/#\/schema\/logo\/image\/","url":"https:\/\/static.purejewels.com\/wp-content\/uploads\/2020\/11\/Logo-PJ-New-1.png","contentUrl":"https:\/\/static.purejewels.com\/wp-content\/uploads\/2020\/11\/Logo-PJ-New-1.png","width":150,"height":80,"caption":"PureJewels UK"},"image":{"@id":"https:\/\/www.purejewels.com\/#\/schema\/logo\/image\/"}}]}},"_links":{"self":[{"href":"https:\/\/www.purejewels.com\/de\/wp-json\/wp\/v2\/product\/368409","targetHints":{"allow":["GET"]}}],"collection":[{"href":"https:\/\/www.purejewels.com\/de\/wp-json\/wp\/v2\/product"}],"about":[{"href":"https:\/\/www.purejewels.com\/de\/wp-json\/wp\/v2\/types\/product"}],"replies":[{"embeddable":true,"href":"https:\/\/www.purejewels.com\/de\/wp-json\/wp\/v2\/comments?post=368409"}],"version-history":[{"count":4,"href":"https:\/\/www.purejewels.com\/de\/wp-json\/wp\/v2\/product\/368409\/revisions"}],"predecessor-version":[{"id":389864,"href":"https:\/\/www.purejewels.com\/de\/wp-json\/wp\/v2\/product\/368409\/revisions\/389864"}],"wp:featuredmedia":[{"embeddable":true,"href":"https:\/\/www.purejewels.com\/de\/wp-json\/wp\/v2\/media\/370555"}],"wp:attachment":[{"href":"https:\/\/www.purejewels.com\/de\/wp-json\/wp\/v2\/media?parent=368409"}],"wp:term":[{"taxonomy":"product_brand","embeddable":true,"href":"https:\/\/www.purejewels.com\/de\/wp-json\/wp\/v2\/product_brand?post=368409"},{"taxonomy":"product_cat","embeddable":true,"href":"https:\/\/www.purejewels.com\/de\/wp-json\/wp\/v2\/product_cat?post=368409"},{"taxonomy":"product_tag","embeddable":true,"href":"https:\/\/www.purejewels.com\/de\/wp-json\/wp\/v2\/product_tag?post=368409"}],"curies":[{"name":"wp","href":"https:\/\/api.w.org\/{rel}","templated":true}]}}