{"id":369171,"date":"2024-08-07T12:51:08","date_gmt":"2024-08-07T11:51:08","guid":{"rendered":"https:\/\/www.purejewels.com\/?post_type=product&#038;p=369171"},"modified":"2026-01-06T08:09:32","modified_gmt":"2026-01-06T08:09:32","slug":"22ct-gold-tropfenformiger-anhanger-46863","status":"publish","type":"product","link":"https:\/\/www.purejewels.com\/de\/product\/22ct-gold-pear-drop-shaped-pendant-46863\/","title":{"rendered":"22ct Gold Birne Tropfenf\u00f6rmiger Anh\u00e4nger | Armari Collection"},"content":{"rendered":"<p data-sourcepos=\"5:1-5:265\">Entdecken Sie den Inbegriff von Raffinesse mit unserem <a href=\"https:\/\/www.purejewels.com\/de\/product\/22ct-gold-jali-filigree-ring-jali-collection-31926\/\">22ct<\/a> Gold Pear Drop Shaped Anh\u00e4nger aus der <a href=\"https:\/\/www.purejewels.com\/de\/product\/22ct-gold-armari-collection-stud-antique-finish-49172\/\">Sammlung Armari<\/a>. <span class=\"citation-0 recitation citation-end-0\">Dieses exquisite St\u00fcck ist ein Meisterwerk an Design und <a href=\"https:\/\/www.purejewels.com\/de\/a-guide-to-die-stamping\/\">Handwerkskunst<\/a>mit einem atemberaubenden birnenf\u00f6rmigen Tropfen, der das Licht wundersch\u00f6n einf\u00e4ngt.<\/span><\/p>\n<p data-sourcepos=\"7:1-7:303\"><span class=\"citation-1 recitation citation-end-1\">Dieser aus reinem 22-kar\u00e4tigem Gold gefertigte Anh\u00e4nger strahlt Luxus und Raffinesse aus.<\/span> Seine anmutige Birnenform ist ein Symbol <span class=\"citation-2 citation-end-2\">von Eleganz und Weiblichkeit. Ganz gleich, ob Sie sich f\u00fcr einen besonderen Anlass herausputzen oder Ihrem Alltagslook einen Hauch von Glamour verleihen wollen, dieses<\/span> Anh\u00e4nger ist die perfekte Wahl.<span class=\"button-container ng-star-inserted\">\u00a0 \u00a0<\/span><\/p>\n<p data-sourcepos=\"9:1-9:185\">Erh\u00f6hen Sie Ihren Stil und hinterlassen Sie einen bleibenden Eindruck mit diesem atemberaubenden St\u00fcck. Unser <a href=\"https:\/\/www.purejewels.com\/de\/product\/holy-cross-gold-pendant-44713\/\">22ct Gold<\/a> Der Pear Drop Shaped Anh\u00e4nger ist mehr als nur ein Schmuckst\u00fcck; er ist ein Statement f\u00fcr Ihren raffinierten Geschmack.<\/p>","protected":false},"excerpt":{"rendered":"<div class=\"woocommerce-product-details__short-description\">\n<table class=\"sh_desc\" style=\"width: 100%; height: 281px;\">\n<tbody>\n<tr style=\"height: 28px;\">\n<td style=\"height: 28px;\">Typ des Anh\u00e4ngers<\/td>\n<td style=\"height: 28px;\">Anh\u00e4nger im antiken Stil<\/td>\n<\/tr>\n<tr style=\"height: 28px;\">\n<td style=\"height: 28px;\">SKU<\/td>\n<td style=\"height: 28px;\">46863<\/td>\n<\/tr>\n<tr style=\"height: 28px;\">\n<td style=\"height: 29px;\">Gewicht<\/td>\n<td style=\"height: 29px;\">1,8 Gramm<\/td>\n<\/tr>\n<tr style=\"height: 28px;\">\n<td style=\"height: 29px;\">Sammlung<\/td>\n<td style=\"height: 29px;\"><strong>Sammlung Armari<\/strong><\/td>\n<\/tr>\n<tr style=\"height: 28px;\">\n<td style=\"height: 28px;\">Metall<\/td>\n<td style=\"height: 28px;\">22ct Gold<\/td>\n<\/tr>\n<tr style=\"height: 28px;\">\n<td style=\"height: 28px;\">Entgelte<\/td>\n<td style=\"height: 28px;\">Lieferung und Mehrwertsteuer inbegriffen<\/td>\n<\/tr>\n<tr style=\"height: 28px;\">\n<td style=\"height: 28px;\">Verpackung<\/td>\n<td style=\"height: 28px;\">Mit Pr\u00e4sentationsbox<\/td>\n<\/tr>\n<tr style=\"height: 112px;\">\n<td style=\"height: 112px;\">Mehr Informationen<\/td>\n<td style=\"height: 112px;\">\n<ul>\n<li>Kette ist nicht enthalten<\/li>\n<li>Sehen Sie sich unsere Sammlung von\u00a0<strong>Ketten<\/strong><\/li>\n<li>Live-Chat mit uns f\u00fcr Verf\u00fcgbarkeit und mehr Bilder<\/li>\n<\/ul>\n<\/td>\n<\/tr>\n<\/tbody>\n<\/table>\n<\/div>","protected":false},"featured_media":369172,"comment_status":"closed","ping_status":"closed","template":"","meta":{"_eb_attr":"","_crsspst_to_jayantr4sg-hostcom":false},"product_brand":[],"product_cat":[1791,245,5670,236,1793,5701,1770,1792,1790,1229,1255,1767,1570,1573,1574,5349],"product_tag":[],"class_list":{"0":"post-369171","1":"product","2":"type-product","3":"status-publish","4":"has-post-thumbnail","6":"product_cat-anniversary-gifts","7":"product_cat-armari-collections","8":"product_cat-armari-pendant","9":"product_cat-collections","10":"product_cat-diwali-gifts","11":"product_cat-eid-jewellery","12":"product_cat-fancy-pendants","13":"product_cat-festival-gifts","14":"product_cat-for-whom-when","15":"product_cat-22ct-gold-jewellery","16":"product_cat-gold-pendants","17":"product_cat-ladies-pendants","18":"product_cat-mothers-day-gifts","19":"product_cat-wedding-gifts","20":"product_cat-womens-jewellery","21":"product_cat-yellow-gold-jewellery","23":"first","24":"outofstock","25":"taxable","26":"shipping-taxable","27":"product-type-simple","28":"add-to-wishlist-before_image"},"yoast_head":"<!-- This site is optimized with the Yoast SEO plugin v27.6 - https:\/\/yoast.com\/product\/yoast-seo-wordpress\/ -->\n<title>Shop 22ct Real Gold Pear Drop Shaped Pendant | PureJewels UK<\/title>\n<meta name=\"description\" content=\"Shop now for the captivating 22ct gold pear drop pendant from the Armari Collection and elevate your style with a touch of sophistication.\" \/>\n<meta name=\"robots\" content=\"index, follow, max-snippet:-1, max-image-preview:large, max-video-preview:-1\" \/>\n<link rel=\"canonical\" href=\"https:\/\/www.purejewels.com\/de\/produkt-2\/22ct-gold-tropfenformiger-anhanger-46863\/\" \/>\n<meta property=\"og:locale\" content=\"de_DE\" \/>\n<meta property=\"og:type\" content=\"article\" \/>\n<meta property=\"og:title\" content=\"Shop 22ct Real Gold Pear Drop Shaped Pendant | PureJewels UK\" \/>\n<meta property=\"og:description\" content=\"Shop now for the captivating 22ct gold pear drop pendant from the Armari Collection and elevate your style with a touch of sophistication.\" \/>\n<meta property=\"og:url\" content=\"https:\/\/www.purejewels.com\/de\/produkt-2\/22ct-gold-tropfenformiger-anhanger-46863\/\" \/>\n<meta property=\"og:site_name\" content=\"PureJewels UK\" \/>\n<meta property=\"article:modified_time\" content=\"2026-01-06T08:09:32+00:00\" \/>\n<meta property=\"og:image\" content=\"https:\/\/www.purejewels.com\/wp-content\/uploads\/2024\/08\/46863.png\" \/>\n\t<meta property=\"og:image:width\" content=\"1000\" \/>\n\t<meta property=\"og:image:height\" content=\"1000\" \/>\n\t<meta property=\"og:image:type\" content=\"image\/png\" \/>\n<meta name=\"twitter:card\" content=\"summary_large_image\" \/>\n<meta name=\"twitter:label1\" content=\"Gesch\u00e4tzte Lesezeit\" \/>\n\t<meta name=\"twitter:data1\" content=\"1\u00a0Minute\" \/>\n<script type=\"application\/ld+json\" class=\"yoast-schema-graph\">{\"@context\":\"https:\\\/\\\/schema.org\",\"@graph\":[{\"@type\":[\"WebPage\",\"ItemPage\"],\"@id\":\"https:\\\/\\\/www.purejewels.com\\\/product\\\/22ct-gold-pear-drop-shaped-pendant-46863\\\/\",\"url\":\"https:\\\/\\\/www.purejewels.com\\\/product\\\/22ct-gold-pear-drop-shaped-pendant-46863\\\/\",\"name\":\"Shop 22ct Real Gold Pear Drop Shaped Pendant | PureJewels UK\",\"isPartOf\":{\"@id\":\"https:\\\/\\\/www.purejewels.com\\\/#website\"},\"primaryImageOfPage\":{\"@id\":\"https:\\\/\\\/www.purejewels.com\\\/product\\\/22ct-gold-pear-drop-shaped-pendant-46863\\\/#primaryimage\"},\"image\":{\"@id\":\"https:\\\/\\\/www.purejewels.com\\\/product\\\/22ct-gold-pear-drop-shaped-pendant-46863\\\/#primaryimage\"},\"thumbnailUrl\":\"https:\\\/\\\/static.purejewels.com\\\/wp-content\\\/uploads\\\/2024\\\/08\\\/46863.png\",\"datePublished\":\"2024-08-07T11:51:08+00:00\",\"dateModified\":\"2026-01-06T08:09:32+00:00\",\"description\":\"Shop now for the captivating 22ct gold pear drop pendant from the Armari Collection and elevate your style with a touch of sophistication.\",\"breadcrumb\":{\"@id\":\"https:\\\/\\\/www.purejewels.com\\\/product\\\/22ct-gold-pear-drop-shaped-pendant-46863\\\/#breadcrumb\"},\"inLanguage\":\"de\",\"potentialAction\":[{\"@type\":\"ReadAction\",\"target\":[\"https:\\\/\\\/www.purejewels.com\\\/product\\\/22ct-gold-pear-drop-shaped-pendant-46863\\\/\"]}]},{\"@type\":\"ImageObject\",\"inLanguage\":\"de\",\"@id\":\"https:\\\/\\\/www.purejewels.com\\\/product\\\/22ct-gold-pear-drop-shaped-pendant-46863\\\/#primaryimage\",\"url\":\"https:\\\/\\\/static.purejewels.com\\\/wp-content\\\/uploads\\\/2024\\\/08\\\/46863.png\",\"contentUrl\":\"https:\\\/\\\/static.purejewels.com\\\/wp-content\\\/uploads\\\/2024\\\/08\\\/46863.png\",\"width\":1000,\"height\":1000,\"caption\":\"22ct Gold Pendant\"},{\"@type\":\"BreadcrumbList\",\"@id\":\"https:\\\/\\\/www.purejewels.com\\\/product\\\/22ct-gold-pear-drop-shaped-pendant-46863\\\/#breadcrumb\",\"itemListElement\":[{\"@type\":\"ListItem\",\"position\":1,\"name\":\"Home\",\"item\":\"https:\\\/\\\/www.purejewels.com\\\/\"},{\"@type\":\"ListItem\",\"position\":2,\"name\":\"Shop\",\"item\":\"https:\\\/\\\/www.purejewels.com\\\/shop\\\/\"},{\"@type\":\"ListItem\",\"position\":3,\"name\":\"22ct Gold Pear Drop Shaped Pendant | Armari Collection\"}]},{\"@type\":\"WebSite\",\"@id\":\"https:\\\/\\\/www.purejewels.com\\\/#website\",\"url\":\"https:\\\/\\\/www.purejewels.com\\\/\",\"name\":\"PureJewels UK\",\"description\":\"Share the Love\",\"publisher\":{\"@id\":\"https:\\\/\\\/www.purejewels.com\\\/#organization\"},\"potentialAction\":[{\"@type\":\"SearchAction\",\"target\":{\"@type\":\"EntryPoint\",\"urlTemplate\":\"https:\\\/\\\/www.purejewels.com\\\/?s={search_term_string}\"},\"query-input\":{\"@type\":\"PropertyValueSpecification\",\"valueRequired\":true,\"valueName\":\"search_term_string\"}}],\"inLanguage\":\"de\"},{\"@type\":\"Organization\",\"@id\":\"https:\\\/\\\/www.purejewels.com\\\/#organization\",\"name\":\"PureJewels UK\",\"url\":\"https:\\\/\\\/www.purejewels.com\\\/\",\"logo\":{\"@type\":\"ImageObject\",\"inLanguage\":\"de\",\"@id\":\"https:\\\/\\\/www.purejewels.com\\\/#\\\/schema\\\/logo\\\/image\\\/\",\"url\":\"https:\\\/\\\/static.purejewels.com\\\/wp-content\\\/uploads\\\/2020\\\/11\\\/Logo-PJ-New-1.png\",\"contentUrl\":\"https:\\\/\\\/static.purejewels.com\\\/wp-content\\\/uploads\\\/2020\\\/11\\\/Logo-PJ-New-1.png\",\"width\":150,\"height\":80,\"caption\":\"PureJewels UK\"},\"image\":{\"@id\":\"https:\\\/\\\/www.purejewels.com\\\/#\\\/schema\\\/logo\\\/image\\\/\"}}]}<\/script>\n<!-- \/ Yoast SEO plugin. -->","yoast_head_json":{"title":"Shop 22ct Real Gold Pear Drop Shaped Anh\u00e4nger | PureJewels UK","description":"Kaufen Sie jetzt den bezaubernden Tropfenanh\u00e4nger aus 22 Karat Gold aus der Armari Collection und verleihen Sie Ihrem Stil einen Hauch von Raffinesse.","robots":{"index":"index","follow":"follow","max-snippet":"max-snippet:-1","max-image-preview":"max-image-preview:large","max-video-preview":"max-video-preview:-1"},"canonical":"https:\/\/www.purejewels.com\/de\/produkt-2\/22ct-gold-tropfenformiger-anhanger-46863\/","og_locale":"de_DE","og_type":"article","og_title":"Shop 22ct Real Gold Pear Drop Shaped Pendant | PureJewels UK","og_description":"Shop now for the captivating 22ct gold pear drop pendant from the Armari Collection and elevate your style with a touch of sophistication.","og_url":"https:\/\/www.purejewels.com\/de\/produkt-2\/22ct-gold-tropfenformiger-anhanger-46863\/","og_site_name":"PureJewels UK","article_modified_time":"2026-01-06T08:09:32+00:00","og_image":[{"width":1000,"height":1000,"url":"https:\/\/www.purejewels.com\/wp-content\/uploads\/2024\/08\/46863.png","type":"image\/png"}],"twitter_card":"summary_large_image","twitter_misc":{"Gesch\u00e4tzte Lesezeit":"1\u00a0Minute"},"schema":{"@context":"https:\/\/schema.org","@graph":[{"@type":["WebPage","ItemPage"],"@id":"https:\/\/www.purejewels.com\/product\/22ct-gold-pear-drop-shaped-pendant-46863\/","url":"https:\/\/www.purejewels.com\/product\/22ct-gold-pear-drop-shaped-pendant-46863\/","name":"Shop 22ct Real Gold Pear Drop Shaped Anh\u00e4nger | PureJewels UK","isPartOf":{"@id":"https:\/\/www.purejewels.com\/#website"},"primaryImageOfPage":{"@id":"https:\/\/www.purejewels.com\/product\/22ct-gold-pear-drop-shaped-pendant-46863\/#primaryimage"},"image":{"@id":"https:\/\/www.purejewels.com\/product\/22ct-gold-pear-drop-shaped-pendant-46863\/#primaryimage"},"thumbnailUrl":"https:\/\/static.purejewels.com\/wp-content\/uploads\/2024\/08\/46863.png","datePublished":"2024-08-07T11:51:08+00:00","dateModified":"2026-01-06T08:09:32+00:00","description":"Kaufen Sie jetzt den bezaubernden Tropfenanh\u00e4nger aus 22 Karat Gold aus der Armari Collection und verleihen Sie Ihrem Stil einen Hauch von Raffinesse.","breadcrumb":{"@id":"https:\/\/www.purejewels.com\/product\/22ct-gold-pear-drop-shaped-pendant-46863\/#breadcrumb"},"inLanguage":"de","potentialAction":[{"@type":"ReadAction","target":["https:\/\/www.purejewels.com\/product\/22ct-gold-pear-drop-shaped-pendant-46863\/"]}]},{"@type":"ImageObject","inLanguage":"de","@id":"https:\/\/www.purejewels.com\/product\/22ct-gold-pear-drop-shaped-pendant-46863\/#primaryimage","url":"https:\/\/static.purejewels.com\/wp-content\/uploads\/2024\/08\/46863.png","contentUrl":"https:\/\/static.purejewels.com\/wp-content\/uploads\/2024\/08\/46863.png","width":1000,"height":1000,"caption":"22ct Gold Pendant"},{"@type":"BreadcrumbList","@id":"https:\/\/www.purejewels.com\/product\/22ct-gold-pear-drop-shaped-pendant-46863\/#breadcrumb","itemListElement":[{"@type":"ListItem","position":1,"name":"Home","item":"https:\/\/www.purejewels.com\/"},{"@type":"ListItem","position":2,"name":"Shop","item":"https:\/\/www.purejewels.com\/shop\/"},{"@type":"ListItem","position":3,"name":"22ct Gold Pear Drop Shaped Pendant | Armari Collection"}]},{"@type":"WebSite","@id":"https:\/\/www.purejewels.com\/#website","url":"https:\/\/www.purejewels.com\/","name":"PureJewels UK","description":"Teile die Liebe","publisher":{"@id":"https:\/\/www.purejewels.com\/#organization"},"potentialAction":[{"@type":"SearchAction","target":{"@type":"EntryPoint","urlTemplate":"https:\/\/www.purejewels.com\/?s={search_term_string}"},"query-input":{"@type":"PropertyValueSpecification","valueRequired":true,"valueName":"search_term_string"}}],"inLanguage":"de"},{"@type":"Organization","@id":"https:\/\/www.purejewels.com\/#organization","name":"PureJewels UK","url":"https:\/\/www.purejewels.com\/","logo":{"@type":"ImageObject","inLanguage":"de","@id":"https:\/\/www.purejewels.com\/#\/schema\/logo\/image\/","url":"https:\/\/static.purejewels.com\/wp-content\/uploads\/2020\/11\/Logo-PJ-New-1.png","contentUrl":"https:\/\/static.purejewels.com\/wp-content\/uploads\/2020\/11\/Logo-PJ-New-1.png","width":150,"height":80,"caption":"PureJewels UK"},"image":{"@id":"https:\/\/www.purejewels.com\/#\/schema\/logo\/image\/"}}]}},"_links":{"self":[{"href":"https:\/\/www.purejewels.com\/de\/wp-json\/wp\/v2\/product\/369171","targetHints":{"allow":["GET"]}}],"collection":[{"href":"https:\/\/www.purejewels.com\/de\/wp-json\/wp\/v2\/product"}],"about":[{"href":"https:\/\/www.purejewels.com\/de\/wp-json\/wp\/v2\/types\/product"}],"replies":[{"embeddable":true,"href":"https:\/\/www.purejewels.com\/de\/wp-json\/wp\/v2\/comments?post=369171"}],"version-history":[{"count":2,"href":"https:\/\/www.purejewels.com\/de\/wp-json\/wp\/v2\/product\/369171\/revisions"}],"predecessor-version":[{"id":396040,"href":"https:\/\/www.purejewels.com\/de\/wp-json\/wp\/v2\/product\/369171\/revisions\/396040"}],"wp:featuredmedia":[{"embeddable":true,"href":"https:\/\/www.purejewels.com\/de\/wp-json\/wp\/v2\/media\/369172"}],"wp:attachment":[{"href":"https:\/\/www.purejewels.com\/de\/wp-json\/wp\/v2\/media?parent=369171"}],"wp:term":[{"taxonomy":"product_brand","embeddable":true,"href":"https:\/\/www.purejewels.com\/de\/wp-json\/wp\/v2\/product_brand?post=369171"},{"taxonomy":"product_cat","embeddable":true,"href":"https:\/\/www.purejewels.com\/de\/wp-json\/wp\/v2\/product_cat?post=369171"},{"taxonomy":"product_tag","embeddable":true,"href":"https:\/\/www.purejewels.com\/de\/wp-json\/wp\/v2\/product_tag?post=369171"}],"curies":[{"name":"wp","href":"https:\/\/api.w.org\/{rel}","templated":true}]}}