{"id":369265,"date":"2024-08-08T08:44:23","date_gmt":"2024-08-08T07:44:23","guid":{"rendered":"https:\/\/www.purejewels.com\/?post_type=product&#038;p=369265"},"modified":"2025-11-27T15:24:11","modified_gmt":"2025-11-27T15:24:11","slug":"tropfenohrring-aus-22-karat-gold-47980","status":"publish","type":"product","link":"https:\/\/www.purejewels.com\/de\/product\/22-carat-gold-drop-earring-47980\/","title":{"rendered":"22 Karat Gold-Tropfen-Ohrring"},"content":{"rendered":"<p data-start=\"0\" data-end=\"358\"><strong data-start=\"0\" data-end=\"10\">Gestaltung<\/strong><br data-start=\"10\" data-end=\"13\" \/>Diese 22-kar\u00e4tigen Goldblumen sind wie zarte Bl\u00fcten in voller Bl\u00fcte geformt. <a href=\"https:\/\/www.purejewels.com\/de\/product\/22ct-gold-oval-drop-earrings-rhodium-finish\/\">Ohrringtropfen<\/a> zaubern eine weiche, feminine Silhouette an die Kieferpartie. Jedes Bl\u00fctenblatt ist so geformt, dass es das Licht mit einer sanften Bewegung einf\u00e4ngt und sowohl Tages- als auch Abendlooks eine ruhige Note verleiht. Die antike, matte Oberfl\u00e4che verleiht einen nostalgischen, ererbten Charakter, der sich besonders anf\u00fchlt und dennoch leicht zu tragen ist.<\/p>\n<p data-start=\"360\" data-end=\"748\"><strong data-start=\"360\" data-end=\"377\">Handwerkliches K\u00f6nnen<\/strong><br data-start=\"377\" data-end=\"380\" \/>Die mit Sorgfalt und Pr\u00e4zision aus massivem 22-kar\u00e4tigem Gold gefertigten Ohrringe vereinen filigrane Blumendetails mit einem leichten, angenehmen Tragegef\u00fchl. Das Antik-Finish wurde von Hand bearbeitet, um die Oberfl\u00e4che weicher zu machen und jede Kurve und Kontur des Designs hervorzuheben. Jedes Paar ist sicher zusammengef\u00fcgt, damit es sich fl\u00fcssig bewegen l\u00e4sst, und ist in Gro\u00dfbritannien gepunzt, um die Reinheit des Materials zu gew\u00e4hrleisten.<\/p>\n<p data-start=\"750\" data-end=\"1141\" data-is-last-node=\"\" data-is-only-node=\"\"><strong data-start=\"750\" data-end=\"771\">Styling &amp; Geschenkartikel<\/strong><br data-start=\"771\" data-end=\"774\" \/>Diese Tropfen sind elegant genug f\u00fcr Feierlichkeiten, aber unaufdringlich f\u00fcr den Alltag. Sie lassen sich wunderbar mit einer einfachen Goldkette oder einem Armreif kombinieren, um den Look zu vervollst\u00e4ndigen. Kombinieren Sie sie mit Seidensaris, bestickten Kurtas oder schlichten Kleidern f\u00fcr Hochzeiten, Feste und Familienfeiern. Sie sind auch ein sch\u00f6nes Geschenk f\u00fcr Geburtstage, Jahrestage oder als Aufmerksamkeit f\u00fcr einen besonderen Moment.<\/p>","protected":false},"excerpt":{"rendered":"<table class=\"sh_desc\">\n<tbody>\n<tr>\n<td>Art des Ohrrings<\/td>\n<td>Ohrring Tropfen<\/td>\n<\/tr>\n<tr>\n<td>SKU<\/td>\n<td>47980<\/td>\n<\/tr>\n<tr>\n<td>Gewicht<\/td>\n<td>4.4 Gms<\/td>\n<\/tr>\n<tr>\n<td>Oberfl\u00e4che<\/td>\n<td>Antike_Matte<\/td>\n<\/tr>\n<tr>\n<td>Geschlecht<\/td>\n<td>Damen<\/td>\n<\/tr>\n<tr>\n<td>Sammlung<\/td>\n<td><strong>Sammlung Armari<\/strong><\/td>\n<\/tr>\n<tr>\n<td>Metall<\/td>\n<td>22ct Gold<\/td>\n<\/tr>\n<tr>\n<td>Entgelte<\/td>\n<td>Lieferung und Mehrwertsteuer inbegriffen<\/td>\n<\/tr>\n<tr>\n<td>Verpackung<\/td>\n<td>Mit Pr\u00e4sentationsbox<\/td>\n<\/tr>\n<tr>\n<td>Mehr Informationen<\/td>\n<td>\n<ul>\n<li>Live-Chat mit uns f\u00fcr Verf\u00fcgbarkeit und mehr Bilder<\/li>\n<li>Entdecken Sie unsere Kollektion\u00a0<strong>Ohrringe f\u00fcr Braut und Hochzeit<\/strong><\/li>\n<\/ul>\n<\/td>\n<\/tr>\n<\/tbody>\n<\/table>","protected":false},"featured_media":369266,"comment_status":"closed","ping_status":"closed","template":"","meta":{"_eb_attr":"","_crsspst_to_jayantr4sg-hostcom":false},"product_brand":[],"product_cat":[245,6144,5639,5315,236,1685,1254,1229,1573,1574],"product_tag":[5922],"class_list":{"0":"post-369265","1":"product","2":"type-product","3":"status-publish","4":"has-post-thumbnail","6":"product_cat-armari-collections","7":"product_cat-armari-drop-earrings","8":"product_cat-armari-earring","9":"product_cat-bridal-and-wedding-earrings","10":"product_cat-collections","11":"product_cat-drop-earrings","12":"product_cat-gold-earrings","13":"product_cat-22ct-gold-jewellery","14":"product_cat-wedding-gifts","15":"product_cat-womens-jewellery","16":"product_tag-22ct-gold-earrings","18":"first","19":"outofstock","20":"taxable","21":"shipping-taxable","22":"product-type-simple","23":"add-to-wishlist-before_image"},"yoast_head":"<!-- This site is optimized with the Yoast SEO plugin v27.3 - https:\/\/yoast.com\/product\/yoast-seo-wordpress\/ -->\n<title>22K Gold Floral Drop Earrings | PureJewels UK<\/title>\n<meta name=\"description\" content=\"&quot;Discover the elegance of the 22ct Gold Armari Collection Earrings, weighing 4.4 grams. Perfectly crafted for timeless beauty, these earrings add a touch of sophistication to any look.&quot;\" \/>\n<meta name=\"robots\" content=\"index, follow, max-snippet:-1, max-image-preview:large, max-video-preview:-1\" \/>\n<link rel=\"canonical\" href=\"https:\/\/www.purejewels.com\/de\/produkt-2\/tropfenohrring-aus-22-karat-gold-47980\/\" \/>\n<meta property=\"og:locale\" content=\"de_DE\" \/>\n<meta property=\"og:type\" content=\"article\" \/>\n<meta property=\"og:title\" content=\"22K Gold Floral Drop Earrings | PureJewels UK\" \/>\n<meta property=\"og:description\" content=\"&quot;Discover the elegance of the 22ct Gold Armari Collection Earrings, weighing 4.4 grams. Perfectly crafted for timeless beauty, these earrings add a touch of sophistication to any look.&quot;\" \/>\n<meta property=\"og:url\" content=\"https:\/\/www.purejewels.com\/de\/produkt-2\/tropfenohrring-aus-22-karat-gold-47980\/\" \/>\n<meta property=\"og:site_name\" content=\"PureJewels UK\" \/>\n<meta property=\"article:modified_time\" content=\"2025-11-27T15:24:11+00:00\" \/>\n<meta property=\"og:image\" content=\"https:\/\/www.purejewels.com\/wp-content\/uploads\/2024\/08\/47980.png\" \/>\n\t<meta property=\"og:image:width\" content=\"1000\" \/>\n\t<meta property=\"og:image:height\" content=\"1000\" \/>\n\t<meta property=\"og:image:type\" content=\"image\/png\" \/>\n<meta name=\"twitter:card\" content=\"summary_large_image\" \/>\n<meta name=\"twitter:label1\" content=\"Gesch\u00e4tzte Lesezeit\" \/>\n\t<meta name=\"twitter:data1\" content=\"1\u00a0Minute\" \/>\n<script type=\"application\/ld+json\" class=\"yoast-schema-graph\">{\"@context\":\"https:\\\/\\\/schema.org\",\"@graph\":[{\"@type\":[\"WebPage\",\"ItemPage\"],\"@id\":\"https:\\\/\\\/www.purejewels.com\\\/product\\\/22-carat-gold-drop-earring-47980\\\/\",\"url\":\"https:\\\/\\\/www.purejewels.com\\\/product\\\/22-carat-gold-drop-earring-47980\\\/\",\"name\":\"22K Gold Floral Drop Earrings | PureJewels UK\",\"isPartOf\":{\"@id\":\"https:\\\/\\\/www.purejewels.com\\\/#website\"},\"primaryImageOfPage\":{\"@id\":\"https:\\\/\\\/www.purejewels.com\\\/product\\\/22-carat-gold-drop-earring-47980\\\/#primaryimage\"},\"image\":{\"@id\":\"https:\\\/\\\/www.purejewels.com\\\/product\\\/22-carat-gold-drop-earring-47980\\\/#primaryimage\"},\"thumbnailUrl\":\"https:\\\/\\\/static.purejewels.com\\\/wp-content\\\/uploads\\\/2024\\\/08\\\/47980.png\",\"datePublished\":\"2024-08-08T07:44:23+00:00\",\"dateModified\":\"2025-11-27T15:24:11+00:00\",\"description\":\"\\\"Discover the elegance of the 22ct Gold Armari Collection Earrings, weighing 4.4 grams. Perfectly crafted for timeless beauty, these earrings add a touch of sophistication to any look.\\\"\",\"breadcrumb\":{\"@id\":\"https:\\\/\\\/www.purejewels.com\\\/product\\\/22-carat-gold-drop-earring-47980\\\/#breadcrumb\"},\"inLanguage\":\"de\",\"potentialAction\":[{\"@type\":\"ReadAction\",\"target\":[\"https:\\\/\\\/www.purejewels.com\\\/product\\\/22-carat-gold-drop-earring-47980\\\/\"]}]},{\"@type\":\"ImageObject\",\"inLanguage\":\"de\",\"@id\":\"https:\\\/\\\/www.purejewels.com\\\/product\\\/22-carat-gold-drop-earring-47980\\\/#primaryimage\",\"url\":\"https:\\\/\\\/static.purejewels.com\\\/wp-content\\\/uploads\\\/2024\\\/08\\\/47980.png\",\"contentUrl\":\"https:\\\/\\\/static.purejewels.com\\\/wp-content\\\/uploads\\\/2024\\\/08\\\/47980.png\",\"width\":1000,\"height\":1000,\"caption\":\"22ct Gold Earring\"},{\"@type\":\"BreadcrumbList\",\"@id\":\"https:\\\/\\\/www.purejewels.com\\\/product\\\/22-carat-gold-drop-earring-47980\\\/#breadcrumb\",\"itemListElement\":[{\"@type\":\"ListItem\",\"position\":1,\"name\":\"Home\",\"item\":\"https:\\\/\\\/www.purejewels.com\\\/\"},{\"@type\":\"ListItem\",\"position\":2,\"name\":\"Shop\",\"item\":\"https:\\\/\\\/www.purejewels.com\\\/shop\\\/\"},{\"@type\":\"ListItem\",\"position\":3,\"name\":\"22 Carat Gold Drop Earring\"}]},{\"@type\":\"WebSite\",\"@id\":\"https:\\\/\\\/www.purejewels.com\\\/#website\",\"url\":\"https:\\\/\\\/www.purejewels.com\\\/\",\"name\":\"PureJewels UK\",\"description\":\"Share the Love\",\"publisher\":{\"@id\":\"https:\\\/\\\/www.purejewels.com\\\/#organization\"},\"potentialAction\":[{\"@type\":\"SearchAction\",\"target\":{\"@type\":\"EntryPoint\",\"urlTemplate\":\"https:\\\/\\\/www.purejewels.com\\\/?s={search_term_string}\"},\"query-input\":{\"@type\":\"PropertyValueSpecification\",\"valueRequired\":true,\"valueName\":\"search_term_string\"}}],\"inLanguage\":\"de\"},{\"@type\":\"Organization\",\"@id\":\"https:\\\/\\\/www.purejewels.com\\\/#organization\",\"name\":\"PureJewels UK\",\"url\":\"https:\\\/\\\/www.purejewels.com\\\/\",\"logo\":{\"@type\":\"ImageObject\",\"inLanguage\":\"de\",\"@id\":\"https:\\\/\\\/www.purejewels.com\\\/#\\\/schema\\\/logo\\\/image\\\/\",\"url\":\"https:\\\/\\\/static.purejewels.com\\\/wp-content\\\/uploads\\\/2020\\\/11\\\/Logo-PJ-New-1.png\",\"contentUrl\":\"https:\\\/\\\/static.purejewels.com\\\/wp-content\\\/uploads\\\/2020\\\/11\\\/Logo-PJ-New-1.png\",\"width\":150,\"height\":80,\"caption\":\"PureJewels UK\"},\"image\":{\"@id\":\"https:\\\/\\\/www.purejewels.com\\\/#\\\/schema\\\/logo\\\/image\\\/\"}}]}<\/script>\n<!-- \/ Yoast SEO plugin. -->","yoast_head_json":{"title":"22K Gold Floral Tropfen Ohrringe | PureJewels UK","description":"\"Entdecken Sie die Eleganz der Armari Collection Ohrringe aus 22 Karat Gold mit einem Gewicht von 4,4 Gramm. Diese perfekt gearbeiteten Ohrringe sind zeitlos sch\\u00f6n und verleihen jedem Look einen Hauch von Raffinesse.\"","robots":{"index":"index","follow":"follow","max-snippet":"max-snippet:-1","max-image-preview":"max-image-preview:large","max-video-preview":"max-video-preview:-1"},"canonical":"https:\/\/www.purejewels.com\/de\/produkt-2\/tropfenohrring-aus-22-karat-gold-47980\/","og_locale":"de_DE","og_type":"article","og_title":"22K Gold Floral Drop Earrings | PureJewels UK","og_description":"\"Discover the elegance of the 22ct Gold Armari Collection Earrings, weighing 4.4 grams. Perfectly crafted for timeless beauty, these earrings add a touch of sophistication to any look.\"","og_url":"https:\/\/www.purejewels.com\/de\/produkt-2\/tropfenohrring-aus-22-karat-gold-47980\/","og_site_name":"PureJewels UK","article_modified_time":"2025-11-27T15:24:11+00:00","og_image":[{"width":1000,"height":1000,"url":"https:\/\/www.purejewels.com\/wp-content\/uploads\/2024\/08\/47980.png","type":"image\/png"}],"twitter_card":"summary_large_image","twitter_misc":{"Gesch\u00e4tzte Lesezeit":"1\u00a0Minute"},"schema":{"@context":"https:\/\/schema.org","@graph":[{"@type":["WebPage","ItemPage"],"@id":"https:\/\/www.purejewels.com\/product\/22-carat-gold-drop-earring-47980\/","url":"https:\/\/www.purejewels.com\/product\/22-carat-gold-drop-earring-47980\/","name":"22K Gold Floral Tropfen Ohrringe | PureJewels UK","isPartOf":{"@id":"https:\/\/www.purejewels.com\/#website"},"primaryImageOfPage":{"@id":"https:\/\/www.purejewels.com\/product\/22-carat-gold-drop-earring-47980\/#primaryimage"},"image":{"@id":"https:\/\/www.purejewels.com\/product\/22-carat-gold-drop-earring-47980\/#primaryimage"},"thumbnailUrl":"https:\/\/static.purejewels.com\/wp-content\/uploads\/2024\/08\/47980.png","datePublished":"2024-08-08T07:44:23+00:00","dateModified":"2025-11-27T15:24:11+00:00","description":"\"Entdecken Sie die Eleganz der Armari Collection Ohrringe aus 22 Karat Gold mit einem Gewicht von 4,4 Gramm. Diese perfekt gearbeiteten Ohrringe sind zeitlos sch\\u00f6n und verleihen jedem Look einen Hauch von Raffinesse.\"","breadcrumb":{"@id":"https:\/\/www.purejewels.com\/product\/22-carat-gold-drop-earring-47980\/#breadcrumb"},"inLanguage":"de","potentialAction":[{"@type":"ReadAction","target":["https:\/\/www.purejewels.com\/product\/22-carat-gold-drop-earring-47980\/"]}]},{"@type":"ImageObject","inLanguage":"de","@id":"https:\/\/www.purejewels.com\/product\/22-carat-gold-drop-earring-47980\/#primaryimage","url":"https:\/\/static.purejewels.com\/wp-content\/uploads\/2024\/08\/47980.png","contentUrl":"https:\/\/static.purejewels.com\/wp-content\/uploads\/2024\/08\/47980.png","width":1000,"height":1000,"caption":"22ct Gold Earring"},{"@type":"BreadcrumbList","@id":"https:\/\/www.purejewels.com\/product\/22-carat-gold-drop-earring-47980\/#breadcrumb","itemListElement":[{"@type":"ListItem","position":1,"name":"Home","item":"https:\/\/www.purejewels.com\/"},{"@type":"ListItem","position":2,"name":"Shop","item":"https:\/\/www.purejewels.com\/shop\/"},{"@type":"ListItem","position":3,"name":"22 Carat Gold Drop Earring"}]},{"@type":"WebSite","@id":"https:\/\/www.purejewels.com\/#website","url":"https:\/\/www.purejewels.com\/","name":"PureJewels UK","description":"Teile die Liebe","publisher":{"@id":"https:\/\/www.purejewels.com\/#organization"},"potentialAction":[{"@type":"SearchAction","target":{"@type":"EntryPoint","urlTemplate":"https:\/\/www.purejewels.com\/?s={search_term_string}"},"query-input":{"@type":"PropertyValueSpecification","valueRequired":true,"valueName":"search_term_string"}}],"inLanguage":"de"},{"@type":"Organization","@id":"https:\/\/www.purejewels.com\/#organization","name":"PureJewels UK","url":"https:\/\/www.purejewels.com\/","logo":{"@type":"ImageObject","inLanguage":"de","@id":"https:\/\/www.purejewels.com\/#\/schema\/logo\/image\/","url":"https:\/\/static.purejewels.com\/wp-content\/uploads\/2020\/11\/Logo-PJ-New-1.png","contentUrl":"https:\/\/static.purejewels.com\/wp-content\/uploads\/2020\/11\/Logo-PJ-New-1.png","width":150,"height":80,"caption":"PureJewels UK"},"image":{"@id":"https:\/\/www.purejewels.com\/#\/schema\/logo\/image\/"}}]}},"_links":{"self":[{"href":"https:\/\/www.purejewels.com\/de\/wp-json\/wp\/v2\/product\/369265","targetHints":{"allow":["GET"]}}],"collection":[{"href":"https:\/\/www.purejewels.com\/de\/wp-json\/wp\/v2\/product"}],"about":[{"href":"https:\/\/www.purejewels.com\/de\/wp-json\/wp\/v2\/types\/product"}],"replies":[{"embeddable":true,"href":"https:\/\/www.purejewels.com\/de\/wp-json\/wp\/v2\/comments?post=369265"}],"version-history":[{"count":4,"href":"https:\/\/www.purejewels.com\/de\/wp-json\/wp\/v2\/product\/369265\/revisions"}],"predecessor-version":[{"id":422032,"href":"https:\/\/www.purejewels.com\/de\/wp-json\/wp\/v2\/product\/369265\/revisions\/422032"}],"wp:featuredmedia":[{"embeddable":true,"href":"https:\/\/www.purejewels.com\/de\/wp-json\/wp\/v2\/media\/369266"}],"wp:attachment":[{"href":"https:\/\/www.purejewels.com\/de\/wp-json\/wp\/v2\/media?parent=369265"}],"wp:term":[{"taxonomy":"product_brand","embeddable":true,"href":"https:\/\/www.purejewels.com\/de\/wp-json\/wp\/v2\/product_brand?post=369265"},{"taxonomy":"product_cat","embeddable":true,"href":"https:\/\/www.purejewels.com\/de\/wp-json\/wp\/v2\/product_cat?post=369265"},{"taxonomy":"product_tag","embeddable":true,"href":"https:\/\/www.purejewels.com\/de\/wp-json\/wp\/v2\/product_tag?post=369265"}],"curies":[{"name":"wp","href":"https:\/\/api.w.org\/{rel}","templated":true}]}}