{"id":369322,"date":"2024-08-09T08:33:08","date_gmt":"2024-08-09T07:33:08","guid":{"rendered":"https:\/\/www.purejewels.com\/?post_type=product&#038;p=369322"},"modified":"2025-10-03T14:28:52","modified_gmt":"2025-10-03T13:28:52","slug":"22ct-gold-perle-mala-armari-sammlung-22-zoll-49115","status":"publish","type":"product","link":"https:\/\/www.purejewels.com\/de\/product\/22ct-gold-bead-mala-armari-collection-22-inches-49115\/","title":{"rendered":"22ct Gold Bead Mala | Armari Sammlung | 22 Zoll"},"content":{"rendered":"<h3>Armari Sammlung 22ct Gold Perle Mala Kette<\/h3>\n<p>Erleben Sie zeitlose Eleganz mit dem <a href=\"https:\/\/www.purejewels.com\/de\/product\/22ct-gold-armari-collection-stud-antique-finish-49172\/\">Sammlung Armari<\/a> <strong><a href=\"https:\/\/www.purejewels.com\/de\/product\/22ct-gold-jali-filigree-ring-jali-collection-31926\/\">22ct<\/a> <a href=\"https:\/\/www.purejewels.com\/de\/product\/22ct-gold-fancy-ladies-bracelets-7-5-inches-glow-collection-47632\/\">Gold Perle<\/a> <a href=\"https:\/\/www.purejewels.com\/de\/product\/22ct-yellow-gold-long-mala-chain\/\">Mala-Kette<\/a><\/strong>. Dieses exquisite Schmuckst\u00fcck besteht aus einem zarten Strang mit 5 mm breiten Goldperlen, die sorgf\u00e4ltig mit einer antiken, matten Oberfl\u00e4che gefertigt wurden. Tauchen Sie ein in den warmen, satten Glanz von<strong> 22 Karat Gold<\/strong>Die matte Textur macht die Mala sch\u00f6n weich. Eine perfekte Mischung aus klassisch und zeitgen\u00f6ssisch, ist diese Mala eine Aussage von raffiniertem Geschmack, ideal sowohl f\u00fcr spirituelle Praktiken und allt\u00e4gliche adornmen<\/p>","protected":false},"excerpt":{"rendered":"<div class=\"woocommerce-product-details__short-description\">\n<table class=\"sh_desc\">\n<tbody>\n<tr>\n<td>Typ der Kette<\/td>\n<td>Perle Mala Kette<\/td>\n<\/tr>\n<tr>\n<td>SKU<\/td>\n<td>49115<\/td>\n<\/tr>\n<tr>\n<td>Gewicht<\/td>\n<td>39,8 Gms<\/td>\n<\/tr>\n<tr>\n<td>Breite der Goldperlen<\/td>\n<td>\u00a05 mm<\/td>\n<\/tr>\n<tr>\n<td>L\u00e4nge<\/td>\n<td>22 Inches mit Kadi bei 20 Inches<\/td>\n<\/tr>\n<tr>\n<td>Oberfl\u00e4che<\/td>\n<td>Antike_Matte<\/td>\n<\/tr>\n<tr>\n<td>Sammlung<\/td>\n<td><strong>Sammlung Armari<\/strong><\/td>\n<\/tr>\n<tr>\n<td>Geschlecht<\/td>\n<td>Damen<\/td>\n<\/tr>\n<tr>\n<td>Metall<\/td>\n<td>22ct Gold<\/td>\n<\/tr>\n<tr>\n<td>Entgelte<\/td>\n<td>Lieferung und Mehrwertsteuer inbegriffen<\/td>\n<\/tr>\n<tr>\n<td>Verpackung<\/td>\n<td>Mit Pr\u00e4sentationsbox<\/td>\n<\/tr>\n<tr>\n<td>Mehr Informationen<\/td>\n<td>Live-Chat mit uns f\u00fcr Verf\u00fcgbarkeit und mehr Bilder<\/td>\n<\/tr>\n<\/tbody>\n<\/table>\n<\/div>","protected":false},"featured_media":349161,"comment_status":"closed","ping_status":"closed","template":"","meta":{"_eb_attr":"","_crsspst_to_jayantr4sg-hostcom":false},"product_brand":[],"product_cat":[5034,5264,245,5643,1617,1559,236,1570,1573,1574],"product_tag":[5764],"class_list":{"0":"post-369322","1":"product","2":"type-product","3":"status-publish","4":"has-post-thumbnail","6":"product_cat-22-inch-mala-chain","7":"product_cat-22ct-gold-chain","8":"product_cat-armari-collections","9":"product_cat-armari-necklace","10":"product_cat-fancy-mala-chains","11":"product_cat-birthday-gifts","12":"product_cat-collections","13":"product_cat-mothers-day-gifts","14":"product_cat-wedding-gifts","15":"product_cat-womens-jewellery","16":"product_tag-22ct-gold-bead-mala","18":"first","19":"onbackorder","20":"taxable","21":"shipping-taxable","22":"product-type-simple","23":"add-to-wishlist-before_image"},"yoast_head":"<!-- This site is optimized with the Yoast SEO plugin v27.3 - https:\/\/yoast.com\/product\/yoast-seo-wordpress\/ -->\n<title>22ct Gold Bead Mala | Luxury Gold Jewellery | PureJewels UK<\/title>\n<meta name=\"description\" content=\"Discover timeless elegance with our 22ct Gold Bead Mala chain. Crafted with precision, 5mm wide masterpiece from the Armari Collection is a perfect blend of luxury.\" \/>\n<meta name=\"robots\" content=\"index, follow, max-snippet:-1, max-image-preview:large, max-video-preview:-1\" \/>\n<link rel=\"canonical\" href=\"https:\/\/www.purejewels.com\/de\/produkt-2\/22ct-gold-perle-mala-armari-sammlung-22-zoll-49115\/\" \/>\n<meta property=\"og:locale\" content=\"de_DE\" \/>\n<meta property=\"og:type\" content=\"article\" \/>\n<meta property=\"og:title\" content=\"22ct Gold Bead Mala | Luxury Gold Jewellery | PureJewels UK\" \/>\n<meta property=\"og:description\" content=\"Discover timeless elegance with our 22ct Gold Bead Mala chain. Crafted with precision, 5mm wide masterpiece from the Armari Collection is a perfect blend of luxury.\" \/>\n<meta property=\"og:url\" content=\"https:\/\/www.purejewels.com\/de\/produkt-2\/22ct-gold-perle-mala-armari-sammlung-22-zoll-49115\/\" \/>\n<meta property=\"og:site_name\" content=\"PureJewels UK\" \/>\n<meta property=\"article:modified_time\" content=\"2025-10-03T13:28:52+00:00\" \/>\n<meta property=\"og:image\" content=\"https:\/\/www.purejewels.com\/wp-content\/uploads\/2018\/06\/SKU-45284.jpg\" \/>\n\t<meta property=\"og:image:width\" content=\"1000\" \/>\n\t<meta property=\"og:image:height\" content=\"1000\" \/>\n\t<meta property=\"og:image:type\" content=\"image\/jpeg\" \/>\n<meta name=\"twitter:card\" content=\"summary_large_image\" \/>\n<script type=\"application\/ld+json\" class=\"yoast-schema-graph\">{\"@context\":\"https:\\\/\\\/schema.org\",\"@graph\":[{\"@type\":[\"WebPage\",\"ItemPage\"],\"@id\":\"https:\\\/\\\/www.purejewels.com\\\/product\\\/22ct-gold-bead-mala-armari-collection-22-inches-49115\\\/\",\"url\":\"https:\\\/\\\/www.purejewels.com\\\/product\\\/22ct-gold-bead-mala-armari-collection-22-inches-49115\\\/\",\"name\":\"22ct Gold Bead Mala | Luxury Gold Jewellery | PureJewels UK\",\"isPartOf\":{\"@id\":\"https:\\\/\\\/www.purejewels.com\\\/#website\"},\"primaryImageOfPage\":{\"@id\":\"https:\\\/\\\/www.purejewels.com\\\/product\\\/22ct-gold-bead-mala-armari-collection-22-inches-49115\\\/#primaryimage\"},\"image\":{\"@id\":\"https:\\\/\\\/www.purejewels.com\\\/product\\\/22ct-gold-bead-mala-armari-collection-22-inches-49115\\\/#primaryimage\"},\"thumbnailUrl\":\"https:\\\/\\\/static.purejewels.com\\\/wp-content\\\/uploads\\\/2018\\\/06\\\/SKU-45284.jpg\",\"datePublished\":\"2024-08-09T07:33:08+00:00\",\"dateModified\":\"2025-10-03T13:28:52+00:00\",\"description\":\"Discover timeless elegance with our 22ct Gold Bead Mala chain. Crafted with precision, 5mm wide masterpiece from the Armari Collection is a perfect blend of luxury.\",\"breadcrumb\":{\"@id\":\"https:\\\/\\\/www.purejewels.com\\\/product\\\/22ct-gold-bead-mala-armari-collection-22-inches-49115\\\/#breadcrumb\"},\"inLanguage\":\"de\",\"potentialAction\":[{\"@type\":\"ReadAction\",\"target\":[\"https:\\\/\\\/www.purejewels.com\\\/product\\\/22ct-gold-bead-mala-armari-collection-22-inches-49115\\\/\"]}]},{\"@type\":\"ImageObject\",\"inLanguage\":\"de\",\"@id\":\"https:\\\/\\\/www.purejewels.com\\\/product\\\/22ct-gold-bead-mala-armari-collection-22-inches-49115\\\/#primaryimage\",\"url\":\"https:\\\/\\\/static.purejewels.com\\\/wp-content\\\/uploads\\\/2018\\\/06\\\/SKU-45284.jpg\",\"contentUrl\":\"https:\\\/\\\/static.purejewels.com\\\/wp-content\\\/uploads\\\/2018\\\/06\\\/SKU-45284.jpg\",\"width\":1000,\"height\":1000,\"caption\":\"22ct Gold Armari Mala Necklace\"},{\"@type\":\"BreadcrumbList\",\"@id\":\"https:\\\/\\\/www.purejewels.com\\\/product\\\/22ct-gold-bead-mala-armari-collection-22-inches-49115\\\/#breadcrumb\",\"itemListElement\":[{\"@type\":\"ListItem\",\"position\":1,\"name\":\"Home\",\"item\":\"https:\\\/\\\/www.purejewels.com\\\/\"},{\"@type\":\"ListItem\",\"position\":2,\"name\":\"Shop\",\"item\":\"https:\\\/\\\/www.purejewels.com\\\/shop\\\/\"},{\"@type\":\"ListItem\",\"position\":3,\"name\":\"22ct Gold Bead Mala | Armari Collection | 22 Inches\"}]},{\"@type\":\"WebSite\",\"@id\":\"https:\\\/\\\/www.purejewels.com\\\/#website\",\"url\":\"https:\\\/\\\/www.purejewels.com\\\/\",\"name\":\"PureJewels UK\",\"description\":\"Share the Love\",\"publisher\":{\"@id\":\"https:\\\/\\\/www.purejewels.com\\\/#organization\"},\"potentialAction\":[{\"@type\":\"SearchAction\",\"target\":{\"@type\":\"EntryPoint\",\"urlTemplate\":\"https:\\\/\\\/www.purejewels.com\\\/?s={search_term_string}\"},\"query-input\":{\"@type\":\"PropertyValueSpecification\",\"valueRequired\":true,\"valueName\":\"search_term_string\"}}],\"inLanguage\":\"de\"},{\"@type\":\"Organization\",\"@id\":\"https:\\\/\\\/www.purejewels.com\\\/#organization\",\"name\":\"PureJewels UK\",\"url\":\"https:\\\/\\\/www.purejewels.com\\\/\",\"logo\":{\"@type\":\"ImageObject\",\"inLanguage\":\"de\",\"@id\":\"https:\\\/\\\/www.purejewels.com\\\/#\\\/schema\\\/logo\\\/image\\\/\",\"url\":\"https:\\\/\\\/static.purejewels.com\\\/wp-content\\\/uploads\\\/2020\\\/11\\\/Logo-PJ-New-1.png\",\"contentUrl\":\"https:\\\/\\\/static.purejewels.com\\\/wp-content\\\/uploads\\\/2020\\\/11\\\/Logo-PJ-New-1.png\",\"width\":150,\"height\":80,\"caption\":\"PureJewels UK\"},\"image\":{\"@id\":\"https:\\\/\\\/www.purejewels.com\\\/#\\\/schema\\\/logo\\\/image\\\/\"}}]}<\/script>\n<!-- \/ Yoast SEO plugin. -->","yoast_head_json":{"title":"22ct Gold Bead Mala | Luxus Goldschmuck | PureJewels UK","description":"Entdecken Sie zeitlose Eleganz mit unserer 22ct Gold Bead Mala Kette. Das mit Pr\u00e4zision gefertigte, 5 mm breite Meisterwerk aus der Armari Collection ist eine perfekte Mischung aus Luxus.","robots":{"index":"index","follow":"follow","max-snippet":"max-snippet:-1","max-image-preview":"max-image-preview:large","max-video-preview":"max-video-preview:-1"},"canonical":"https:\/\/www.purejewels.com\/de\/produkt-2\/22ct-gold-perle-mala-armari-sammlung-22-zoll-49115\/","og_locale":"de_DE","og_type":"article","og_title":"22ct Gold Bead Mala | Luxury Gold Jewellery | PureJewels UK","og_description":"Discover timeless elegance with our 22ct Gold Bead Mala chain. Crafted with precision, 5mm wide masterpiece from the Armari Collection is a perfect blend of luxury.","og_url":"https:\/\/www.purejewels.com\/de\/produkt-2\/22ct-gold-perle-mala-armari-sammlung-22-zoll-49115\/","og_site_name":"PureJewels UK","article_modified_time":"2025-10-03T13:28:52+00:00","og_image":[{"width":1000,"height":1000,"url":"https:\/\/www.purejewels.com\/wp-content\/uploads\/2018\/06\/SKU-45284.jpg","type":"image\/jpeg"}],"twitter_card":"summary_large_image","schema":{"@context":"https:\/\/schema.org","@graph":[{"@type":["WebPage","ItemPage"],"@id":"https:\/\/www.purejewels.com\/product\/22ct-gold-bead-mala-armari-collection-22-inches-49115\/","url":"https:\/\/www.purejewels.com\/product\/22ct-gold-bead-mala-armari-collection-22-inches-49115\/","name":"22ct Gold Bead Mala | Luxus Goldschmuck | PureJewels UK","isPartOf":{"@id":"https:\/\/www.purejewels.com\/#website"},"primaryImageOfPage":{"@id":"https:\/\/www.purejewels.com\/product\/22ct-gold-bead-mala-armari-collection-22-inches-49115\/#primaryimage"},"image":{"@id":"https:\/\/www.purejewels.com\/product\/22ct-gold-bead-mala-armari-collection-22-inches-49115\/#primaryimage"},"thumbnailUrl":"https:\/\/static.purejewels.com\/wp-content\/uploads\/2018\/06\/SKU-45284.jpg","datePublished":"2024-08-09T07:33:08+00:00","dateModified":"2025-10-03T13:28:52+00:00","description":"Entdecken Sie zeitlose Eleganz mit unserer 22ct Gold Bead Mala Kette. Das mit Pr\u00e4zision gefertigte, 5 mm breite Meisterwerk aus der Armari Collection ist eine perfekte Mischung aus Luxus.","breadcrumb":{"@id":"https:\/\/www.purejewels.com\/product\/22ct-gold-bead-mala-armari-collection-22-inches-49115\/#breadcrumb"},"inLanguage":"de","potentialAction":[{"@type":"ReadAction","target":["https:\/\/www.purejewels.com\/product\/22ct-gold-bead-mala-armari-collection-22-inches-49115\/"]}]},{"@type":"ImageObject","inLanguage":"de","@id":"https:\/\/www.purejewels.com\/product\/22ct-gold-bead-mala-armari-collection-22-inches-49115\/#primaryimage","url":"https:\/\/static.purejewels.com\/wp-content\/uploads\/2018\/06\/SKU-45284.jpg","contentUrl":"https:\/\/static.purejewels.com\/wp-content\/uploads\/2018\/06\/SKU-45284.jpg","width":1000,"height":1000,"caption":"22ct Gold Armari Mala Necklace"},{"@type":"BreadcrumbList","@id":"https:\/\/www.purejewels.com\/product\/22ct-gold-bead-mala-armari-collection-22-inches-49115\/#breadcrumb","itemListElement":[{"@type":"ListItem","position":1,"name":"Home","item":"https:\/\/www.purejewels.com\/"},{"@type":"ListItem","position":2,"name":"Shop","item":"https:\/\/www.purejewels.com\/shop\/"},{"@type":"ListItem","position":3,"name":"22ct Gold Bead Mala | Armari Collection | 22 Inches"}]},{"@type":"WebSite","@id":"https:\/\/www.purejewels.com\/#website","url":"https:\/\/www.purejewels.com\/","name":"PureJewels UK","description":"Teile die Liebe","publisher":{"@id":"https:\/\/www.purejewels.com\/#organization"},"potentialAction":[{"@type":"SearchAction","target":{"@type":"EntryPoint","urlTemplate":"https:\/\/www.purejewels.com\/?s={search_term_string}"},"query-input":{"@type":"PropertyValueSpecification","valueRequired":true,"valueName":"search_term_string"}}],"inLanguage":"de"},{"@type":"Organization","@id":"https:\/\/www.purejewels.com\/#organization","name":"PureJewels UK","url":"https:\/\/www.purejewels.com\/","logo":{"@type":"ImageObject","inLanguage":"de","@id":"https:\/\/www.purejewels.com\/#\/schema\/logo\/image\/","url":"https:\/\/static.purejewels.com\/wp-content\/uploads\/2020\/11\/Logo-PJ-New-1.png","contentUrl":"https:\/\/static.purejewels.com\/wp-content\/uploads\/2020\/11\/Logo-PJ-New-1.png","width":150,"height":80,"caption":"PureJewels UK"},"image":{"@id":"https:\/\/www.purejewels.com\/#\/schema\/logo\/image\/"}}]}},"_links":{"self":[{"href":"https:\/\/www.purejewels.com\/de\/wp-json\/wp\/v2\/product\/369322","targetHints":{"allow":["GET"]}}],"collection":[{"href":"https:\/\/www.purejewels.com\/de\/wp-json\/wp\/v2\/product"}],"about":[{"href":"https:\/\/www.purejewels.com\/de\/wp-json\/wp\/v2\/types\/product"}],"replies":[{"embeddable":true,"href":"https:\/\/www.purejewels.com\/de\/wp-json\/wp\/v2\/comments?post=369322"}],"version-history":[{"count":3,"href":"https:\/\/www.purejewels.com\/de\/wp-json\/wp\/v2\/product\/369322\/revisions"}],"predecessor-version":[{"id":396046,"href":"https:\/\/www.purejewels.com\/de\/wp-json\/wp\/v2\/product\/369322\/revisions\/396046"}],"wp:featuredmedia":[{"embeddable":true,"href":"https:\/\/www.purejewels.com\/de\/wp-json\/wp\/v2\/media\/349161"}],"wp:attachment":[{"href":"https:\/\/www.purejewels.com\/de\/wp-json\/wp\/v2\/media?parent=369322"}],"wp:term":[{"taxonomy":"product_brand","embeddable":true,"href":"https:\/\/www.purejewels.com\/de\/wp-json\/wp\/v2\/product_brand?post=369322"},{"taxonomy":"product_cat","embeddable":true,"href":"https:\/\/www.purejewels.com\/de\/wp-json\/wp\/v2\/product_cat?post=369322"},{"taxonomy":"product_tag","embeddable":true,"href":"https:\/\/www.purejewels.com\/de\/wp-json\/wp\/v2\/product_tag?post=369322"}],"curies":[{"name":"wp","href":"https:\/\/api.w.org\/{rel}","templated":true}]}}